{"id":4817,"date":"2015-05-11T10:36:54","date_gmt":"2015-05-11T10:36:54","guid":{"rendered":"https:\/\/fairfaxcryobank.com\/about-our-donor-categories\/"},"modified":"2021-07-29T14:36:02","modified_gmt":"2021-07-29T18:36:02","slug":"uber-unsere-spenderkategorien","status":"publish","type":"page","link":"https:\/\/fairfaxcryobank.com\/de\/uber-unsere-spenderkategorien","title":{"rendered":"\u00dcber unsere Spenderkategorien"},"content":{"rendered":"\n<h2 class=\"wp-block-heading\"><strong>Erfahren Sie mehr \u00fcber die Spender und Spenderkategorien von Fairfax Cryobank<\/strong><\/h2>\n\n\n\n<p>M\u00f6chten Sie mehr \u00fcber die Spenderkategorien und Samenspendertypen bei der Fairfax Cryobank erfahren? Fragen Sie sich, wo die Samenspender der Fairfax Cryobank herkommen und auf was die Fairfax Cryobank Wert legt, bevor sie Samenspender akzeptiert?<\/p>\n\n\n\t<ul class=\"faqs\" >\n\t\t\t<li class=\"faq\" id=\"faq-block_5e600fed4850c\">\n\t\t\t<div class=\"-question\">Wo finden Sie Ihre Samenspender?<\/div>\n\t\t\t<div class=\"-answer\"><p>Die Spermaspender der Fairfax Cryobank wohnen in den \u00f6rtlichen Gemeinden rund um unsere Sammelstellen in Fairfax, Virginia; Austin, Texas; Houston, Texas; Philadelphia, Pennsylvania; und Twin Cities, Minnesota. Wir st\u00fctzen uns in hohem Ma\u00dfe auf die Colleges und Graduiertenprogramme in diesen Bereichen. M\u00e4nner, die daran interessiert sind, Samenspender bei der Fairfax Cryobank zu werden, m\u00fcssen zwischen 18 und 39 Jahre alt und gesund sein, sowie \u00fcber keine signifikanten Risikofaktoren verf\u00fcgen. Von denen, die sich urspr\u00fcnglich bewerben, werden weniger als 1% der Bewerber als Samenspender f\u00fcr die Fairfax Cryobank zugelassen, was auf unsere \u00e4u\u00dferst strengen \u00dcberpr\u00fcfungsverfahren hinweist.<\/p>\n<\/div>\n\t\t<\/li>\n\t\t\t<li class=\"faq\" id=\"faq-block_5e600fed4850c\">\n\t\t\t<div class=\"-question\">Was genau ist eine Spenderkategorie?<\/div>\n\t\t\t<div class=\"-answer\"><p>Die Spenderkategorie gibt die Herkunft oder die Kontaktebene an, die der Samenspender erbeten hat.<br \/>\nFairfax Cryobank bietet zwei Kategorien von Spendern an, zwischen denen Kunden ausw\u00e4hlen k\u00f6nnen: Die Non-ID und die ID.<\/p>\n<p>Unabh\u00e4ngig von der Spenderkategorie werden alle Samenspender nach denselben hohen Standards getestet und verf\u00fcgen \u00fcber umfangreiche medizinische und pers\u00f6nliche Informationen.<\/p>\n<p>Dar\u00fcber hinaus verfolgt ein gro\u00dfer Prozentsatz der Samenspender, sowohl Non-ID als auch ID, \u00fcber eine akademische Ausbildung, wie z. B. einen Master oder Doktor, sowie Studenten ein, die derzeit einen Abschluss in Medizin, Zahnmedizin, Chiropraktik, Jura, Veterin\u00e4rmedizin, Optometrie und Pharmazie anstreben. Viele Spender haben bereits promoviert, dazu z\u00e4hlen Abschl\u00fcsse wie MD, JD, DVM, VMD, DO und PhD.<\/p>\n<\/div>\n\t\t<\/li>\n\t\t\t<li class=\"faq\" id=\"faq-block_5e600fed4850c\">\n\t\t\t<div class=\"-question\">Was bedeutet die Non-ID-Kategorie?<\/div>\n\t\t\t<div class=\"-answer\"><p>Non-ID Spender m\u00f6chten als Samenspender teilnehmen, haben jedoch die Fairfax Cryobank gebeten, keine identifizierenden Informationen an Empf\u00e4nger oder Nachkommen weiterzugeben. In \u00e4hnlicher Weise entscheiden sich auch viele Empf\u00e4nger von Spendersperma in der Non-ID-Kategorie, mit der Erwartung, dass die Fairfax Cryobank die Identit\u00e4t des Spenders nicht preisgibt. Non-ID Spender, die ehemals auch als anonyme Spender bezeichnet wurden, stellen detaillierte, nicht identifizierbare Informationen zur Aufnahme in ihre medizinischen und pers\u00f6nlichen Profile bereit. Diese zus\u00e4tzlichen Informationen k\u00f6nnen bei der Auswahl eines Spenders hilfreich sein. Weitere Informationen zu unseren Richtlinien finden Sie in unserer Fairfax Cryobank-Datenschutzrichtlinie.<\/p>\n<\/div>\n\t\t<\/li>\n\t\t\t<li class=\"faq\" id=\"faq-block_5e600fed4850c\">\n\t\t\t<div class=\"-question\">Was genau ist die ID-Kategorie?<\/div>\n\t\t\t<div class=\"-answer\"><p>Samenspender der ID-Kategorie bieten die gleichen nicht identifizierbaren, detaillierten Informationen, Tests und Screenings. Spender dieser Kategorie erkl\u00e4ren sich jedoch damit einverstanden, dass die Fairfax Cryobank Ihrem Kind auf Anfrage identifizierende Informationen mitteilt, sobald es 18 Jahre oder \u00e4lter ist. Nicht alle Samenbanken definieren ID-Spender auf dieselbe Weise. Die Samenspender einiger Samenbanken haben zugestimmt, ihre Kontaktinformationen den Nachkommen im Alter von 18 Jahren oder \u00e4lter mitzuteilen, w\u00e4hrend andere Banken den Kontakt vermitteln k\u00f6nnen, w\u00e4hrend der Spender anonym bleiben kann oder der Spender die M\u00f6glichkeit hat, dies komplett abzulehnen. Denken Sie also daran: Nicht alle ID-Programme sind gleich!<\/p>\n<\/div>\n\t\t<\/li>\n\t\t\t<li class=\"faq\" id=\"faq-block_5e600fed4850c\">\n\t\t\t<div class=\"-question\">Was bedeuten \u201cPRS\u201d und \u201cCLI\u201d in der Fairfax Spendersuche?<\/div>\n\t\t\t<div class=\"-answer\"><p>Fairfax Cryobank kann Kunden mittlerweile eine gr\u00f6\u00dfere Auswahl an hochqualifizierten Samenspendern als je zuvor anbieten. Samenspender von Cryogenic Laboratories, Inc. (CLI), der ersten US-amerikanischen Spermabank, und Pacific Reproductive Services (PRS), eine Spermabank, die von und f\u00fcr die lesbische Community gegr\u00fcndet wurde, k\u00f6nnen jetzt auf der Fairfax Cryobank Donor Search gefunden werden. Diese Fusionen bieten ein zentrales Register f\u00fcr die Meldung von Schwangerschaften sowie ein einheitliches Kundenservice-Team, das bei Anfragen immer zur Verf\u00fcgung steht.<\/p>\n<\/div>\n\t\t<\/li>\n\t\t\t<li class=\"faq\" id=\"faq-block_5e600fed4850c\">\n\t\t\t<div class=\"-question\">CLI- und PRS-Spender<\/div>\n\t\t\t<div class=\"-answer\"><p>Die Samenspender aus der Kategorie CLI und PRS stammen aus einem Samenspender-Pool unserer Partnersamenbanken, Cryogenic Laboratories Inc. (CLI) sowie Pacific Reproductive Services (PRS) und haben den zus\u00e4tzlichen Vorteil einer sehr wettbewerbsf\u00e4higen Preisgestaltung. Samenspender stehen als Non-ID und ID zu Verf\u00fcgung. Obwohl sie wettbewerbsf\u00e4higer sind, haben sie die gleichen intensiven Screening-Verfahren wie unsere Fairfax Cryobank-Spender durchlaufen. Dies umfasst eine Familiengeschichte \u00fcber mehrere Generationen, eine k\u00f6rperliche Untersuchung sowie umfangreiche Tests auf genetische und Infektionskrankheiten.<\/p>\n<\/div>\n\t\t<\/li>\n\t\t<\/ul>\n<script>\nvar faqs = document.querySelectorAll('li.faq');\nfor (var i=0; i<faqs.length; i++) {\n\tfaqs[i].addEventListener('click', function(event) {\n\t\tthis.classList.toggle('-expanded');\n\t});\n}\n<\/script>\n<style>\nul.faqs {\n\tmargin: 0 0 25px; padding: 0;\n}\nul.faqs > li.faq {\n\tmargin: 0 0 10px; padding: 0;\n\tlist-style: none;\n\tbackground: none;\n}\nul.faqs > li.faq.-expanded {\n\tborder: 1px solid #e8e8e8;\n\tbox-shadow: 0 2px 10px rgba(0,0,0,0.1)\n}\nul.faqs > li.faq .-question {\n\tposition: relative;\n\tpadding: 19px 19px 19px 78px;\n\tcolor: #565456;\n\tfont-size: 20px; line-height: 1.2;\n\tbackground: #f1f1f1;\n\tcursor: pointer;\n\ttransition: .3s\n}\nul.faqs > li.faq .-question:hover { color: #1f1f1f; background: #f6f6f6; }\nul.faqs > li.faq .-question:before {\n\tcontent: \"\";\n\tposition: absolute;\n\ttop: 0; bottom: 0; left: 0;\n\twidth:62px;\n\tbackground: linear-gradient(#898989,#898989), linear-gradient(#898989,#898989), #eaeaea;\n\tbackground-position:center;\n\tbackground-size: 20px 2px,2px 20px;\n\tbackground-repeat:no-repeat;\n}\nul.faqs > li.faq .-question:hover:before {\n\tbackground: linear-gradient(#ea6950,#ea6950), linear-gradient(#ea6950,#ea6950), #eaeaea;\n\tbackground-position:center;\n\tbackground-size: 20px 2px,2px 20px;\n\tbackground-repeat:no-repeat;\n}\nul.faqs > li.faq.-expanded .-question,\nul.faqs > li.faq.-expanded .-question:hover { color: #ea6950; background: #f9f9f9; }\nul.faqs > li.faq.-expanded .-question:before,\nul.faqs > li.faq.-expanded .-question:hover:before {\n\tcontent: \"\";\n\tposition: absolute;\n\ttop: 0; bottom: 0; left: 0;\n\twidth:62px;\n\tbackground: linear-gradient(#ffffff,#ffffff), #ea6950;\n\tbackground-position:center;\n\tbackground-size: 20px 2px;\n\tbackground-repeat:no-repeat;\n}\n\nul.faqs > li.faq .-answer {\n\toverflow: hidden;\n\tpadding: 0 0 0 78px;\n\tmax-height: 0;\n\ttransition: 0.2s;\n}\nul.faqs > li.faq .-answer > * { overflow: hidden; max-height: 0; }\nul.faqs > li.faq.-expanded .-answer {\n\tbox-sizing: border-box;\n\tpadding: 19px 19px 19px 78px;\n\tmax-height: 9999px;\n\tcolor: #585858;\n\tfont-size: 16px; line-height: 23px;\n\tbackground: #fff;\n\ttransition: 0.4s;\n}\nul.faqs > li.faq.-expanded .-answer > * { max-height: 9999px;}\n<\/style>\n\n\n<div class=\"wp-block-button aligncenter\"><a class=\"wp-block-button__link has-text-color has-background\" href=\"https:\/\/fairfaxcryobank.com\/search\/de\/\" style=\"background-color:#ea6950;color:#ffffff\">FINDEN SIE JETZT IHREN SPERMASPENDER<\/a><\/div>\n","protected":false},"excerpt":{"rendered":"<p>Erfahren Sie mehr \u00fcber die Spender und Spenderkategorien von Fairfax Cryobank M\u00f6chten Sie mehr \u00fcber die Spenderkategorien und Samenspendertypen bei der Fairfax Cryobank erfahren? Fragen Sie sich, wo die Samenspender der Fairfax Cryobank herkommen und auf was die Fairfax Cryobank Wert legt, bevor sie Samenspender akzeptiert?<\/p>\n","protected":false},"author":1,"featured_media":0,"parent":0,"menu_order":0,"comment_status":"closed","ping_status":"closed","template":"","meta":{"footnotes":""},"class_list":["post-4817","page","type-page","status-publish","hentry"],"yoast_head":"<!-- This site is optimized with the Yoast SEO plugin v27.1.1 - https:\/\/yoast.com\/product\/yoast-seo-wordpress\/ -->\n<title>Spenderkategorien und Samenspendertypen | Fairfax Cryobank<\/title>\n<meta name=\"description\" content=\"Erfahren Sie mehr \u00fcber die Spender bei der Fairfax Cryobank! Alles \u00fcber unsere Samenspender, Spenderkategorien und Samenspendertypen bei der Fairfax Cryobank.\" \/>\n<meta name=\"robots\" content=\"index, follow, max-snippet:-1, max-image-preview:large, max-video-preview:-1\" \/>\n<link rel=\"canonical\" href=\"https:\/\/fairfaxcryobank.com\/de\/uber-unsere-spenderkategorien\" \/>\n<meta property=\"og:locale\" content=\"de_DE\" \/>\n<meta property=\"og:type\" content=\"article\" \/>\n<meta property=\"og:title\" content=\"Spenderkategorien und Samenspendertypen | Fairfax Cryobank\" \/>\n<meta property=\"og:description\" content=\"Erfahren Sie mehr \u00fcber die Spender bei der Fairfax Cryobank! Alles \u00fcber unsere Samenspender, Spenderkategorien und Samenspendertypen bei der Fairfax Cryobank.\" \/>\n<meta property=\"og:url\" content=\"https:\/\/fairfaxcryobank.com\/de\/uber-unsere-spenderkategorien\" \/>\n<meta property=\"og:site_name\" content=\"Fairfax Cryobank - Find a Sperm Donor\" \/>\n<meta property=\"article:publisher\" content=\"https:\/\/www.facebook.com\/fairfax.cryobank\" \/>\n<meta property=\"article:modified_time\" content=\"2021-07-29T18:36:02+00:00\" \/>\n<meta name=\"twitter:card\" content=\"summary_large_image\" \/>\n<meta name=\"twitter:site\" content=\"@FairfaxCryobank\" \/>\n<script type=\"application\/ld+json\" class=\"yoast-schema-graph\">{\"@context\":\"https:\/\/schema.org\",\"@graph\":[{\"@type\":\"WebPage\",\"@id\":\"https:\/\/fairfaxcryobank.com\/de\/uber-unsere-spenderkategorien\",\"url\":\"https:\/\/fairfaxcryobank.com\/de\/uber-unsere-spenderkategorien\",\"name\":\"Spenderkategorien und Samenspendertypen | Fairfax Cryobank\",\"isPartOf\":{\"@id\":\"https:\/\/fairfaxcryobank.com\/de#website\"},\"datePublished\":\"2015-05-11T10:36:54+00:00\",\"dateModified\":\"2021-07-29T18:36:02+00:00\",\"description\":\"Erfahren Sie mehr \u00fcber die Spender bei der Fairfax Cryobank! Alles \u00fcber unsere Samenspender, Spenderkategorien und Samenspendertypen bei der Fairfax Cryobank.\",\"breadcrumb\":{\"@id\":\"https:\/\/fairfaxcryobank.com\/de\/uber-unsere-spenderkategorien#breadcrumb\"},\"inLanguage\":\"de\",\"potentialAction\":[{\"@type\":\"ReadAction\",\"target\":[\"https:\/\/fairfaxcryobank.com\/de\/uber-unsere-spenderkategorien\"]}]},{\"@type\":\"BreadcrumbList\",\"@id\":\"https:\/\/fairfaxcryobank.com\/de\/uber-unsere-spenderkategorien#breadcrumb\",\"itemListElement\":[{\"@type\":\"ListItem\",\"position\":1,\"name\":\"Home\",\"item\":\"https:\/\/fairfaxcryobank.com\/de\"},{\"@type\":\"ListItem\",\"position\":2,\"name\":\"\u00dcber unsere Spenderkategorien\"}]},{\"@type\":\"WebSite\",\"@id\":\"https:\/\/fairfaxcryobank.com\/de#website\",\"url\":\"https:\/\/fairfaxcryobank.com\/de\",\"name\":\"Fairfax Cryobank - Find a Sperm Donor\",\"description\":\"Top-Tier Sperm Bank\",\"publisher\":{\"@id\":\"https:\/\/fairfaxcryobank.com\/de#organization\"},\"potentialAction\":[{\"@type\":\"SearchAction\",\"target\":{\"@type\":\"EntryPoint\",\"urlTemplate\":\"https:\/\/fairfaxcryobank.com\/de?s={search_term_string}\"},\"query-input\":{\"@type\":\"PropertyValueSpecification\",\"valueRequired\":true,\"valueName\":\"search_term_string\"}}],\"inLanguage\":\"de\"},{\"@type\":\"Organization\",\"@id\":\"https:\/\/fairfaxcryobank.com\/de#organization\",\"name\":\"Fairfax Cryobank\",\"url\":\"https:\/\/fairfaxcryobank.com\/de\",\"logo\":{\"@type\":\"ImageObject\",\"inLanguage\":\"de\",\"@id\":\"https:\/\/fairfaxcryobank.com\/de#\/schema\/logo\/image\/\",\"url\":\"https:\/\/fairfaxcryobank.com\/wp-content\/uploads\/logo.webp\",\"contentUrl\":\"https:\/\/fairfaxcryobank.com\/wp-content\/uploads\/logo.webp\",\"width\":1,\"height\":1,\"caption\":\"Fairfax Cryobank\"},\"image\":{\"@id\":\"https:\/\/fairfaxcryobank.com\/de#\/schema\/logo\/image\/\"},\"sameAs\":[\"https:\/\/www.facebook.com\/fairfax.cryobank\",\"https:\/\/x.com\/FairfaxCryobank\",\"https:\/\/www.instagram.com\/fairfaxcryobank\/\",\"https:\/\/www.pinterest.com\/fairfaxcryo\/\"]}]}<\/script>\n<!-- \/ Yoast SEO plugin. -->","yoast_head_json":{"title":"Spenderkategorien und Samenspendertypen | Fairfax Cryobank","description":"Erfahren Sie mehr \u00fcber die Spender bei der Fairfax Cryobank! Alles \u00fcber unsere Samenspender, Spenderkategorien und Samenspendertypen bei der Fairfax Cryobank.","robots":{"index":"index","follow":"follow","max-snippet":"max-snippet:-1","max-image-preview":"max-image-preview:large","max-video-preview":"max-video-preview:-1"},"canonical":"https:\/\/fairfaxcryobank.com\/de\/uber-unsere-spenderkategorien","og_locale":"de_DE","og_type":"article","og_title":"Spenderkategorien und Samenspendertypen | Fairfax Cryobank","og_description":"Erfahren Sie mehr \u00fcber die Spender bei der Fairfax Cryobank! Alles \u00fcber unsere Samenspender, Spenderkategorien und Samenspendertypen bei der Fairfax Cryobank.","og_url":"https:\/\/fairfaxcryobank.com\/de\/uber-unsere-spenderkategorien","og_site_name":"Fairfax Cryobank - Find a Sperm Donor","article_publisher":"https:\/\/www.facebook.com\/fairfax.cryobank","article_modified_time":"2021-07-29T18:36:02+00:00","twitter_card":"summary_large_image","twitter_site":"@FairfaxCryobank","schema":{"@context":"https:\/\/schema.org","@graph":[{"@type":"WebPage","@id":"https:\/\/fairfaxcryobank.com\/de\/uber-unsere-spenderkategorien","url":"https:\/\/fairfaxcryobank.com\/de\/uber-unsere-spenderkategorien","name":"Spenderkategorien und Samenspendertypen | Fairfax Cryobank","isPartOf":{"@id":"https:\/\/fairfaxcryobank.com\/de#website"},"datePublished":"2015-05-11T10:36:54+00:00","dateModified":"2021-07-29T18:36:02+00:00","description":"Erfahren Sie mehr \u00fcber die Spender bei der Fairfax Cryobank! Alles \u00fcber unsere Samenspender, Spenderkategorien und Samenspendertypen bei der Fairfax Cryobank.","breadcrumb":{"@id":"https:\/\/fairfaxcryobank.com\/de\/uber-unsere-spenderkategorien#breadcrumb"},"inLanguage":"de","potentialAction":[{"@type":"ReadAction","target":["https:\/\/fairfaxcryobank.com\/de\/uber-unsere-spenderkategorien"]}]},{"@type":"BreadcrumbList","@id":"https:\/\/fairfaxcryobank.com\/de\/uber-unsere-spenderkategorien#breadcrumb","itemListElement":[{"@type":"ListItem","position":1,"name":"Home","item":"https:\/\/fairfaxcryobank.com\/de"},{"@type":"ListItem","position":2,"name":"\u00dcber unsere Spenderkategorien"}]},{"@type":"WebSite","@id":"https:\/\/fairfaxcryobank.com\/de#website","url":"https:\/\/fairfaxcryobank.com\/de","name":"Fairfax Cryobank - Find a Sperm Donor","description":"Top-Tier Sperm Bank","publisher":{"@id":"https:\/\/fairfaxcryobank.com\/de#organization"},"potentialAction":[{"@type":"SearchAction","target":{"@type":"EntryPoint","urlTemplate":"https:\/\/fairfaxcryobank.com\/de?s={search_term_string}"},"query-input":{"@type":"PropertyValueSpecification","valueRequired":true,"valueName":"search_term_string"}}],"inLanguage":"de"},{"@type":"Organization","@id":"https:\/\/fairfaxcryobank.com\/de#organization","name":"Fairfax Cryobank","url":"https:\/\/fairfaxcryobank.com\/de","logo":{"@type":"ImageObject","inLanguage":"de","@id":"https:\/\/fairfaxcryobank.com\/de#\/schema\/logo\/image\/","url":"https:\/\/fairfaxcryobank.com\/wp-content\/uploads\/logo.webp","contentUrl":"https:\/\/fairfaxcryobank.com\/wp-content\/uploads\/logo.webp","width":1,"height":1,"caption":"Fairfax Cryobank"},"image":{"@id":"https:\/\/fairfaxcryobank.com\/de#\/schema\/logo\/image\/"},"sameAs":["https:\/\/www.facebook.com\/fairfax.cryobank","https:\/\/x.com\/FairfaxCryobank","https:\/\/www.instagram.com\/fairfaxcryobank\/","https:\/\/www.pinterest.com\/fairfaxcryo\/"]}]}},"post_mailing_queue_ids":[],"_links":{"self":[{"href":"https:\/\/fairfaxcryobank.com\/de\/wp-json\/wp\/v2\/pages\/4817","targetHints":{"allow":["GET"]}}],"collection":[{"href":"https:\/\/fairfaxcryobank.com\/de\/wp-json\/wp\/v2\/pages"}],"about":[{"href":"https:\/\/fairfaxcryobank.com\/de\/wp-json\/wp\/v2\/types\/page"}],"author":[{"embeddable":true,"href":"https:\/\/fairfaxcryobank.com\/de\/wp-json\/wp\/v2\/users\/1"}],"replies":[{"embeddable":true,"href":"https:\/\/fairfaxcryobank.com\/de\/wp-json\/wp\/v2\/comments?post=4817"}],"version-history":[{"count":2,"href":"https:\/\/fairfaxcryobank.com\/de\/wp-json\/wp\/v2\/pages\/4817\/revisions"}],"predecessor-version":[{"id":17928,"href":"https:\/\/fairfaxcryobank.com\/de\/wp-json\/wp\/v2\/pages\/4817\/revisions\/17928"}],"wp:attachment":[{"href":"https:\/\/fairfaxcryobank.com\/de\/wp-json\/wp\/v2\/media?parent=4817"}],"curies":[{"name":"wp","href":"https:\/\/api.w.org\/{rel}","templated":true}]}}