{"id":4818,"date":"2015-05-08T14:27:16","date_gmt":"2015-05-08T14:27:16","guid":{"rendered":"https:\/\/fairfaxcryobank.com\/getting-started\/"},"modified":"2023-06-21T10:03:52","modified_gmt":"2023-06-21T14:03:52","slug":"jetzt-loslegen","status":"publish","type":"page","link":"https:\/\/fairfaxcryobank.com\/de\/jetzt-loslegen","title":{"rendered":"Jetzt loslegen"},"content":{"rendered":"\n<h2 class=\"wp-block-heading\"><strong>So finden Sie Ihren perfekten Samenspender bei Fairfax Cryobank<\/strong><\/h2>\n\n\n\n<p>Sie m\u00f6chten den perfekten Samenspender finden, keine Frage! Wenn Sie sich Ihren Kinderwunsch erf\u00fcllen m\u00f6chten, dann ist die Wahl des Samenspenders eine wichtige Entscheidung.<\/p>\n\n\n\n<p>Schon seit 1986 haben wir viele Familien mit der Suche nach dem richtigen Spermaspender unterst\u00fctzt und Menschen aus allen Lebensbereichen mit einem geeigneten Samenspender zusammengef\u00fchrt. In dieser \u00fcbersichtlichen, schrittweisen Anleitung erfahren Sie, wie Sie Ihren perfekten Samenspender bei der Fairfax Cryobank finden. Worauf warten Sie also noch? Jetzt loslegen!<\/p>\n\n\n\n<h3 class=\"wp-block-heading\">Finden Sie Ihren perfekten Samenspender \u2013 in nur 3 einfachen Schritten!<\/h3>\n\n\n\n<h4 class=\"wp-block-heading\"><strong>1) Finden Sie Ihren perfekten Spermaspender<\/strong><\/h4>\n\n\n\n<p>Der erste Schritt ist die Auswahl eines oder mehrerer geeigneter Samenspender.<\/p>\n\n\n\n<p><br>Besuchen Sie dazu unsere interaktive Samenspender-Suchplattform. Von dort aus k\u00f6nnen Sie die Spenderergebnisse herausfiltern, indem Sie die Kriterien ausw\u00e4hlen, die f\u00fcr Sie am wichtigsten sind. Wir aktualisieren den Spenderpool aller unserer Samenspender t\u00e4glich. Wenn Sie also nicht sofort eine \u00dcbereinstimmung finden, versuchen Sie es einfach morgen nochmals! Legen Sie gleich los, und finden Sie Ihren perfekten Samenspender!<\/p>\n\n\n\n<h4 class=\"wp-block-heading\"><strong>Profile der Samenspender anzeigen<\/strong><\/h4>\n\n\n\n<p>Die \u00dcbereinstimmung mit einem qualitativ hochwertigen Samenspender hat f\u00fcr uns h\u00f6chste Priorit\u00e4t. Sie k\u00f6nnen verschiedene wichtige Details und unterst\u00fctzende Materialien zu jedem Spenderprofil kostenlos anzeigen lassen, wie z. B.:<\/p>\n\n\n\n<ul class=\"wp-block-list\"><li>Audioclips<\/li><li>Medizinische Profile<\/li><li>Profilzusammenfassung<\/li><li>Meinungen der Mitarbeiter<\/li><li>Aufs\u00e4tze<\/li><\/ul>\n\n\n\n<p>Wenn Sie zus\u00e4tzliche Informationen erwerben m\u00f6chten, erstellen Sie ganz einfach ein Konto bei uns, indem Sie Ihre E-Mail-Adresse eingeben und ein Passwort ausw\u00e4hlen. Von dort aus k\u00f6nnen Sie Folgendes anzeigen:<\/p>\n\n\n\n<ul class=\"wp-block-list\"><li>Fotos aus der Kindheit<\/li><li>Fotos aus dem Alltag, inkl. Erwachsenenfotos<\/li><li>Silhouetten<\/li><li>Pers\u00f6nlichkeitstests<\/li><li>Audio-Interviews<\/li><li>Pers\u00f6nliche Profile<\/li><\/ul>\n\n\n\n<p>Diese Materialien k\u00f6nnen online angezeigt oder direkt an Sie gesendet werden.<\/p>\n\n\n\n<p>Alternativ k\u00f6nnen Sie ein <a href=\"\/de\/pakete-fuer-die-spendersuche\">Donor Unlimited Access Package<\/a> erwerben. Mit diesem <a href=\"\/de\/pakete-fuer-die-spendersuche\">All-Access-Pass<\/a>&nbsp;k\u00f6nnen Sie gegen eine einmalige Geb\u00fchr so \u200b\u200bviele Spenderprofile anzeigen, wie Sie m\u00f6chten. Unlimited Access Packages sind drei Monate g\u00fcltig.<\/p>\n\n\n\n<p><em><strong>Entdecken Sie unseren FaceMatch&#x2122; Service<\/strong><\/em><\/p>\n\n\n\n<p>Unser Team ist stets darum bem\u00fcht, unseren gesch\u00e4tzten Kunden ein herausragendes Erlebnis zu bieten und arbeitet stets daran, die neuesten Innovationen in unseren branchenf\u00fchrenden Service mit einzubeziehen. Bei <a href=\"https:\/\/fairfaxcryobank.com\/de\/fairfax-facematch\" target=\"_blank\" rel=\"noreferrer noopener\" label=\" (opens in a new tab)\">FairfaxFaceMatch&#x2122;<\/a> handelt es sich um eine solche Funktion, mit der Sie einen Spender finden k\u00f6nnen, der Ihren k\u00f6rperlichen Vorlieben entspricht.<\/p>\n\n\n\n<p>Unsere Mitarbeiter sind Ihnen auch gerne beim Matching\nbehilflich.<\/p>\n\n\n\n<p><strong><em>Zus\u00e4tzliche Hinweise, wie man einen Samenspender findet<\/em><\/strong><\/p>\n\n\n\n<p>Bitte beachten Sie folgendes:<\/p>\n\n\n\n<p>Wenn Sie einen Spender f\u00fcr die ID ausw\u00e4hlen, m\u00fcssen Sie zun\u00e4chst eine unterzeichnete Patientenvereinbarung f\u00fcr die ID ausf\u00fcllen und zur\u00fccksenden. Diese Formulare sind spenderspezifisch. Bitte senden Sie das unterschriebene Formular mindestens einen Werktag vor Ihrer Bestellung per E-Mail, Post oder Fax.<\/p>\n\n\n\n<p>Weiterhin sollten Sie aufgrund der gro\u00dfen Nachfrage nach bestimmten Spendern mehrere Spender ausw\u00e4hlen, bevor Sie Ihre Bestellung aufgeben. Wir empfehlen die Auswahl von drei oder mehr. Sie k\u00f6nnen sich auch weit im Voraus f\u00fcr einen Spender entscheiden, sofort Exemplare kaufen und bis zu Ihrem Eingriffsdatum aufbewahren. Lesen Sie mehr \u00fcber unsere Programme <a href=\"https:\/\/fairfaxcryobank.com\/de\/ampullen-rueckkauf\">Vial Buy &amp; Store und Vial Buy Back.<\/a><\/p>\n\n\n\n<h4 class=\"wp-block-heading\"><strong>2) Erstellen Sie Ihr Konto<\/strong><\/h4>\n\n\n\n<p>Sie haben Ihre Top-Samenspender ausgew\u00e4hlt! Herzlichen Gl\u00fcckwunsch \u2013 der schwierigste Teil ist erledigt. Jetzt ist es Zeit, Ihr Konto bei der Fairfax Cryobank einzurichten.<\/p>\n\n\n\n<p>Erstellen Sie Ihr pers\u00f6nliches Konto<\/p>\n\n\n\n<p>Wenn Sie Neukunde bei der Fairfax Cryobank sind, dann lesen Sie bitte unsere Nutzungsbedingungen durch. Unterschreiben Sie das Dokument elektronisch oder drucken Sie es aus, f\u00fcllen Sie die letzte Seite aus und senden Sie es uns mindestens einen Werktag vor Versand der Ampullen oder Fl\u00e4schchen zur\u00fcck.<\/p>\n\n\n\n<p>Bei Fragen zu diesem Dokument wenden Sie sich bitte per E-Mail an unseren <a href=\"https:\/\/fairfaxcryobank.com\/de\/kontakt\">Kundendienst<\/a> oder rufen Sie uns unter 0800 333 4211 an. Unser Team bei der Fairfax Cryobank<strong> <\/strong>steht Ihnen jederzeit mit Rat und Tat zur Seite!<\/p>\n\n\n\n<p>Das Konto Ihres Arztes<\/p>\n\n\n\n<p>Wir legen hohen Wert auf Integrit\u00e4t. Aus diesem Grund m\u00fcssen alle Personen, die bei uns bei der Fairfax Cryobank bestellen, mit einem zugelassenen Arzt oder einer medizinischen Fachkraft zusammenarbeiten.<\/p>\n\n\n\n<p>Wenden Sie sich an unser Kundendienst-Team, um zu \u00fcberpr\u00fcfen, ob Ihr Arzt ein Konto bei uns hat. Andernfalls k\u00f6nnen wir ein Formular f\u00fcr das Setup direkt an Ihren Arzt faxen.<\/p>\n\n\n\n<p>Wenn Sie derzeit keinen zugelassenen Arzt haben, teilen Sie uns dies bitte mit. Wir k\u00f6nnen Ihnen eine Liste von \u00c4rzten in Ihrer N\u00e4he zur Verf\u00fcgung stellen, die sich auf reproduktive Gesundheit spezialisiert haben.<\/p>\n\n\n\n<h4 class=\"wp-block-heading\"><strong>3) Geben Sie Ihre Bestellung auf<\/strong><\/h4>\n\n\n\n<p>Nun ist es an der Zeit, Ihre Bestellung f\u00fcr eine Samenspende aufzugeben. Dies kann von Ihnen oder Ihrem Arzt erledigt werden.<br>Wenn dies Ihre erste Bestellung bei Fairfax Cryobank ist, empfehlen wir Ihnen, den Vorgang telefonisch abzuwickeln. Unser freundliches Kundendienst-Team unterst\u00fctzt Sie Schritt f\u00fcr Schritt und gibt Ihnen alle Informationen, die Sie ben\u00f6tigen, um Ihre Probe erfolgreich zu erhalten.<\/p>\n\n\n\n<p>Wir nehmen telefonische Bestellungen von Montag bis Freitag zwischen 7:00 und 20:00 Uhr EST und samstags zwischen 11:30 und 15:30 Uhr EST entgegen.<\/p>\n\n\n\n<p>Bitte halten Sie bei Ihrer Bestellung folgende Informationen bereit:<\/p>\n\n\n\n<ul class=\"wp-block-list\"><li>Angaben zum Patienten, einschlie\u00dflich Name, Adresse und Telefonnummer<ul><li>Angaben zum Arzt, einschlie\u00dflich Name und Lieferanschrift<\/li><li>Spendernummer<\/li><li>Anzahl der Einheiten<\/li><li>Zubereitungsart, IUI Premium, ICI Premium, IUI ART, ICI ART, ICSI Washed, ICSI<\/li><li>Gew\u00fcnschtes Versanddatum<\/li><li>Zahlungsinformationen, wir akzeptieren alle g\u00e4ngigen Kreditkarten, Zahlungsanweisungen und Bankschecks<\/li><\/ul><\/li><\/ul>\n\n\n\n<p>Nachdem Sie Ihre Bestellung aufgegeben haben, empfehlen wir Ihnen, Ihren Arzt anzurufen und die Lieferinformationen mitzuteilen.<br>Annahmeschluss f\u00fcr Bestellungen am selben Tag<\/p>\n\n\n\n<p>Bitte beachten Sie: Der Annahmeschluss f\u00fcr FedEx-Bestellungen am selben Tag ist montags bis freitags 16.00 Uhr ET. F\u00fcr Kuriere vor Ort am selben Tag gilt ein Annahmeschluss von Montag bis Freitag, 11.00 Uhr ET.<\/p>\n\n\n\n<hr class=\"wp-block-separator\"\/>\n\n\n\n<h3 class=\"has-text-align-center wp-block-heading\"><strong>Legen sie noch heute los und finden Sie Ihren perfekten Samenspender!<\/strong><\/h3>\n\n\n\n<div class=\"wp-block-button aligncenter\"><a class=\"wp-block-button__link has-text-color has-background\" href=\"https:\/\/fairfaxcryobank.com\/search\/de\/\" style=\"background-color:#ea6950;color:#ffffff\">SUCHEN SIE IHREN SPERMASPENDER<\/a><\/div>\n","protected":false},"excerpt":{"rendered":"<p>So finden Sie Ihren perfekten Samenspender bei Fairfax Cryobank Sie m\u00f6chten den perfekten Samenspender finden, keine Frage! Wenn Sie sich Ihren Kinderwunsch erf\u00fcllen m\u00f6chten, dann ist die Wahl des Samenspenders eine wichtige Entscheidung. Schon seit 1986 haben wir viele Familien mit der Suche nach dem richtigen Spermaspender unterst\u00fctzt und Menschen &#8230;<\/p>\n","protected":false},"author":1,"featured_media":13032,"parent":0,"menu_order":0,"comment_status":"closed","ping_status":"closed","template":"","meta":{"footnotes":""},"class_list":["post-4818","page","type-page","status-publish","has-post-thumbnail","hentry"],"yoast_head":"<!-- This site is optimized with the Yoast SEO plugin v27.1.1 - https:\/\/yoast.com\/product\/yoast-seo-wordpress\/ -->\n<title>Jetzt loslegen und den perfekten Samenspender finden!<\/title>\n<meta name=\"description\" content=\"Suchen Sie den perfekten Samenspender? Legen Sie noch heute los! Genaustes Spermaspender Screening und hochmoderne FaceMatch Technologie bei der Fairfax Cryobank.\" \/>\n<meta name=\"robots\" content=\"index, follow, max-snippet:-1, max-image-preview:large, max-video-preview:-1\" \/>\n<link rel=\"canonical\" href=\"https:\/\/fairfaxcryobank.com\/de\/jetzt-loslegen\" \/>\n<meta property=\"og:locale\" content=\"de_DE\" \/>\n<meta property=\"og:type\" content=\"article\" \/>\n<meta property=\"og:title\" content=\"Jetzt loslegen und den perfekten Samenspender finden!\" \/>\n<meta property=\"og:description\" content=\"Suchen Sie den perfekten Samenspender? Legen Sie noch heute los! Genaustes Spermaspender Screening und hochmoderne FaceMatch Technologie bei der Fairfax Cryobank.\" \/>\n<meta property=\"og:url\" content=\"https:\/\/fairfaxcryobank.com\/de\/jetzt-loslegen\" \/>\n<meta property=\"og:site_name\" content=\"Fairfax Cryobank - Find a Sperm Donor\" \/>\n<meta property=\"article:publisher\" content=\"https:\/\/www.facebook.com\/fairfax.cryobank\" \/>\n<meta property=\"article:modified_time\" content=\"2023-06-21T14:03:52+00:00\" \/>\n<meta property=\"og:image\" content=\"https:\/\/fairfaxcryobank.com\/wp-content\/uploads\/6152baby-1.jpg\" \/>\n\t<meta property=\"og:image:width\" content=\"700\" \/>\n\t<meta property=\"og:image:height\" content=\"795\" \/>\n\t<meta property=\"og:image:type\" content=\"image\/jpeg\" \/>\n<meta name=\"twitter:card\" content=\"summary_large_image\" \/>\n<meta name=\"twitter:site\" content=\"@FairfaxCryobank\" \/>\n<meta name=\"twitter:label1\" content=\"Gesch\u00e4tzte Lesezeit\" \/>\n\t<meta name=\"twitter:data1\" content=\"5\u00a0Minuten\" \/>\n<script type=\"application\/ld+json\" class=\"yoast-schema-graph\">{\"@context\":\"https:\/\/schema.org\",\"@graph\":[{\"@type\":\"WebPage\",\"@id\":\"https:\/\/fairfaxcryobank.com\/de\/jetzt-loslegen\",\"url\":\"https:\/\/fairfaxcryobank.com\/de\/jetzt-loslegen\",\"name\":\"Jetzt loslegen und den perfekten Samenspender finden!\",\"isPartOf\":{\"@id\":\"https:\/\/fairfaxcryobank.com\/de#website\"},\"primaryImageOfPage\":{\"@id\":\"https:\/\/fairfaxcryobank.com\/de\/jetzt-loslegen#primaryimage\"},\"image\":{\"@id\":\"https:\/\/fairfaxcryobank.com\/de\/jetzt-loslegen#primaryimage\"},\"thumbnailUrl\":\"https:\/\/fairfaxcryobank.com\/wp-content\/uploads\/6152baby-1.jpg\",\"datePublished\":\"2015-05-08T14:27:16+00:00\",\"dateModified\":\"2023-06-21T14:03:52+00:00\",\"description\":\"Suchen Sie den perfekten Samenspender? Legen Sie noch heute los! Genaustes Spermaspender Screening und hochmoderne FaceMatch Technologie bei der Fairfax Cryobank.\",\"breadcrumb\":{\"@id\":\"https:\/\/fairfaxcryobank.com\/de\/jetzt-loslegen#breadcrumb\"},\"inLanguage\":\"de\",\"potentialAction\":[{\"@type\":\"ReadAction\",\"target\":[\"https:\/\/fairfaxcryobank.com\/de\/jetzt-loslegen\"]}]},{\"@type\":\"ImageObject\",\"inLanguage\":\"de\",\"@id\":\"https:\/\/fairfaxcryobank.com\/de\/jetzt-loslegen#primaryimage\",\"url\":\"https:\/\/fairfaxcryobank.com\/wp-content\/uploads\/6152baby-1.jpg\",\"contentUrl\":\"https:\/\/fairfaxcryobank.com\/wp-content\/uploads\/6152baby-1.jpg\",\"width\":700,\"height\":795,\"caption\":\"Perfekter Samenspender\"},{\"@type\":\"BreadcrumbList\",\"@id\":\"https:\/\/fairfaxcryobank.com\/de\/jetzt-loslegen#breadcrumb\",\"itemListElement\":[{\"@type\":\"ListItem\",\"position\":1,\"name\":\"Home\",\"item\":\"https:\/\/fairfaxcryobank.com\/de\"},{\"@type\":\"ListItem\",\"position\":2,\"name\":\"Jetzt loslegen\"}]},{\"@type\":\"WebSite\",\"@id\":\"https:\/\/fairfaxcryobank.com\/de#website\",\"url\":\"https:\/\/fairfaxcryobank.com\/de\",\"name\":\"Fairfax Cryobank - Find a Sperm Donor\",\"description\":\"Top-Tier Sperm Bank\",\"publisher\":{\"@id\":\"https:\/\/fairfaxcryobank.com\/de#organization\"},\"potentialAction\":[{\"@type\":\"SearchAction\",\"target\":{\"@type\":\"EntryPoint\",\"urlTemplate\":\"https:\/\/fairfaxcryobank.com\/de?s={search_term_string}\"},\"query-input\":{\"@type\":\"PropertyValueSpecification\",\"valueRequired\":true,\"valueName\":\"search_term_string\"}}],\"inLanguage\":\"de\"},{\"@type\":\"Organization\",\"@id\":\"https:\/\/fairfaxcryobank.com\/de#organization\",\"name\":\"Fairfax Cryobank\",\"url\":\"https:\/\/fairfaxcryobank.com\/de\",\"logo\":{\"@type\":\"ImageObject\",\"inLanguage\":\"de\",\"@id\":\"https:\/\/fairfaxcryobank.com\/de#\/schema\/logo\/image\/\",\"url\":\"https:\/\/fairfaxcryobank.com\/wp-content\/uploads\/logo.webp\",\"contentUrl\":\"https:\/\/fairfaxcryobank.com\/wp-content\/uploads\/logo.webp\",\"width\":1,\"height\":1,\"caption\":\"Fairfax Cryobank\"},\"image\":{\"@id\":\"https:\/\/fairfaxcryobank.com\/de#\/schema\/logo\/image\/\"},\"sameAs\":[\"https:\/\/www.facebook.com\/fairfax.cryobank\",\"https:\/\/x.com\/FairfaxCryobank\",\"https:\/\/www.instagram.com\/fairfaxcryobank\/\",\"https:\/\/www.pinterest.com\/fairfaxcryo\/\"]}]}<\/script>\n<!-- \/ Yoast SEO plugin. -->","yoast_head_json":{"title":"Jetzt loslegen und den perfekten Samenspender finden!","description":"Suchen Sie den perfekten Samenspender? Legen Sie noch heute los! Genaustes Spermaspender Screening und hochmoderne FaceMatch Technologie bei der Fairfax Cryobank.","robots":{"index":"index","follow":"follow","max-snippet":"max-snippet:-1","max-image-preview":"max-image-preview:large","max-video-preview":"max-video-preview:-1"},"canonical":"https:\/\/fairfaxcryobank.com\/de\/jetzt-loslegen","og_locale":"de_DE","og_type":"article","og_title":"Jetzt loslegen und den perfekten Samenspender finden!","og_description":"Suchen Sie den perfekten Samenspender? Legen Sie noch heute los! Genaustes Spermaspender Screening und hochmoderne FaceMatch Technologie bei der Fairfax Cryobank.","og_url":"https:\/\/fairfaxcryobank.com\/de\/jetzt-loslegen","og_site_name":"Fairfax Cryobank - Find a Sperm Donor","article_publisher":"https:\/\/www.facebook.com\/fairfax.cryobank","article_modified_time":"2023-06-21T14:03:52+00:00","og_image":[{"width":700,"height":795,"url":"https:\/\/fairfaxcryobank.com\/wp-content\/uploads\/6152baby-1.jpg","type":"image\/jpeg"}],"twitter_card":"summary_large_image","twitter_site":"@FairfaxCryobank","twitter_misc":{"Gesch\u00e4tzte Lesezeit":"5\u00a0Minuten"},"schema":{"@context":"https:\/\/schema.org","@graph":[{"@type":"WebPage","@id":"https:\/\/fairfaxcryobank.com\/de\/jetzt-loslegen","url":"https:\/\/fairfaxcryobank.com\/de\/jetzt-loslegen","name":"Jetzt loslegen und den perfekten Samenspender finden!","isPartOf":{"@id":"https:\/\/fairfaxcryobank.com\/de#website"},"primaryImageOfPage":{"@id":"https:\/\/fairfaxcryobank.com\/de\/jetzt-loslegen#primaryimage"},"image":{"@id":"https:\/\/fairfaxcryobank.com\/de\/jetzt-loslegen#primaryimage"},"thumbnailUrl":"https:\/\/fairfaxcryobank.com\/wp-content\/uploads\/6152baby-1.jpg","datePublished":"2015-05-08T14:27:16+00:00","dateModified":"2023-06-21T14:03:52+00:00","description":"Suchen Sie den perfekten Samenspender? Legen Sie noch heute los! Genaustes Spermaspender Screening und hochmoderne FaceMatch Technologie bei der Fairfax Cryobank.","breadcrumb":{"@id":"https:\/\/fairfaxcryobank.com\/de\/jetzt-loslegen#breadcrumb"},"inLanguage":"de","potentialAction":[{"@type":"ReadAction","target":["https:\/\/fairfaxcryobank.com\/de\/jetzt-loslegen"]}]},{"@type":"ImageObject","inLanguage":"de","@id":"https:\/\/fairfaxcryobank.com\/de\/jetzt-loslegen#primaryimage","url":"https:\/\/fairfaxcryobank.com\/wp-content\/uploads\/6152baby-1.jpg","contentUrl":"https:\/\/fairfaxcryobank.com\/wp-content\/uploads\/6152baby-1.jpg","width":700,"height":795,"caption":"Perfekter Samenspender"},{"@type":"BreadcrumbList","@id":"https:\/\/fairfaxcryobank.com\/de\/jetzt-loslegen#breadcrumb","itemListElement":[{"@type":"ListItem","position":1,"name":"Home","item":"https:\/\/fairfaxcryobank.com\/de"},{"@type":"ListItem","position":2,"name":"Jetzt loslegen"}]},{"@type":"WebSite","@id":"https:\/\/fairfaxcryobank.com\/de#website","url":"https:\/\/fairfaxcryobank.com\/de","name":"Fairfax Cryobank - Find a Sperm Donor","description":"Top-Tier Sperm Bank","publisher":{"@id":"https:\/\/fairfaxcryobank.com\/de#organization"},"potentialAction":[{"@type":"SearchAction","target":{"@type":"EntryPoint","urlTemplate":"https:\/\/fairfaxcryobank.com\/de?s={search_term_string}"},"query-input":{"@type":"PropertyValueSpecification","valueRequired":true,"valueName":"search_term_string"}}],"inLanguage":"de"},{"@type":"Organization","@id":"https:\/\/fairfaxcryobank.com\/de#organization","name":"Fairfax Cryobank","url":"https:\/\/fairfaxcryobank.com\/de","logo":{"@type":"ImageObject","inLanguage":"de","@id":"https:\/\/fairfaxcryobank.com\/de#\/schema\/logo\/image\/","url":"https:\/\/fairfaxcryobank.com\/wp-content\/uploads\/logo.webp","contentUrl":"https:\/\/fairfaxcryobank.com\/wp-content\/uploads\/logo.webp","width":1,"height":1,"caption":"Fairfax Cryobank"},"image":{"@id":"https:\/\/fairfaxcryobank.com\/de#\/schema\/logo\/image\/"},"sameAs":["https:\/\/www.facebook.com\/fairfax.cryobank","https:\/\/x.com\/FairfaxCryobank","https:\/\/www.instagram.com\/fairfaxcryobank\/","https:\/\/www.pinterest.com\/fairfaxcryo\/"]}]}},"post_mailing_queue_ids":[],"_links":{"self":[{"href":"https:\/\/fairfaxcryobank.com\/de\/wp-json\/wp\/v2\/pages\/4818","targetHints":{"allow":["GET"]}}],"collection":[{"href":"https:\/\/fairfaxcryobank.com\/de\/wp-json\/wp\/v2\/pages"}],"about":[{"href":"https:\/\/fairfaxcryobank.com\/de\/wp-json\/wp\/v2\/types\/page"}],"author":[{"embeddable":true,"href":"https:\/\/fairfaxcryobank.com\/de\/wp-json\/wp\/v2\/users\/1"}],"replies":[{"embeddable":true,"href":"https:\/\/fairfaxcryobank.com\/de\/wp-json\/wp\/v2\/comments?post=4818"}],"version-history":[{"count":1,"href":"https:\/\/fairfaxcryobank.com\/de\/wp-json\/wp\/v2\/pages\/4818\/revisions"}],"predecessor-version":[{"id":25354,"href":"https:\/\/fairfaxcryobank.com\/de\/wp-json\/wp\/v2\/pages\/4818\/revisions\/25354"}],"wp:featuredmedia":[{"embeddable":true,"href":"https:\/\/fairfaxcryobank.com\/de\/wp-json\/wp\/v2\/media\/13032"}],"wp:attachment":[{"href":"https:\/\/fairfaxcryobank.com\/de\/wp-json\/wp\/v2\/media?parent=4818"}],"curies":[{"name":"wp","href":"https:\/\/api.w.org\/{rel}","templated":true}]}}