{"id":4821,"date":"2019-12-18T14:59:13","date_gmt":"2019-12-18T14:59:13","guid":{"rendered":"https:\/\/fairfaxcryobank.com\/?page_id=4821"},"modified":"2024-05-30T10:36:35","modified_gmt":"2024-05-30T14:36:35","slug":"pakete-fuer-die-spendersuche","status":"publish","type":"page","link":"https:\/\/fairfaxcryobank.com\/de\/pakete-fuer-die-spendersuche","title":{"rendered":"Pakete f\u00fcr die Spendersuche"},"content":{"rendered":"\n<h2 class=\"wp-block-heading\">Unbegrenzten Zugriff auf alle Spenderprofil-Infos!<\/h2>\n\n\n\n<p>Wenn Sie mit der Online-\u00dcberpr\u00fcfung von Spenderprofilen beginnen, sollten Sie unbedingt alle wichtigen Dokumente, Audio-Interviews und Fotos* \u00fcberpr\u00fcfen. Melden Sie sich also jetzt f\u00fcr \u201cBasic\u201d oder \u201cFull Access\u201d an, um auf alle Spenderprodukte in einem beliebigen Spenderprofil zuzugreifen, das 90 Tage lang unbegrenzten Zugriff erlaubt. Dadurch werden alle verf\u00fcgbaren Spenderprofilprodukte freigeschaltet, sodass Sie alle potenziellen Samenspender \u00fcberpr\u00fcfen und die beste Entscheidung f\u00fcr Ihre zuk\u00fcnftige Familie treffen k\u00f6nnen.<\/p>\n\n\n\n<p>Bei Fragen k\u00f6nnen Sie unseren Fairfax Cryobank Kundendienst montags bis freitags von 7.00 bis 20.00 Uhr EST und samstags von 11.30 bis 15.30 Uhr EST unter +1 (0) 800 333 4211 erreichen.<\/p>\n\n\n\n<p><strong>Das Unlimited Access Paket (Stufe 1), das alle Kinderfotos gegen eine einmalige Geb\u00fchr anbietet, ist kostenlos (Ersparnis in H\u00f6he von 59,95 USD).<\/strong><\/p>\n\n\n\n<table class=\"table-01\">\n    <tbody>\n    <tr>\n        <td colspan=\"5\"><img decoding=\"async\" class=\"table-01-img\" src=\"https:\/\/fairfaxcryobank.com\/wp-content\/uploads\/access1de-1.png\" alt=\"access\"><\/td>\n    <\/tr>\n    <tr>\n        <td class=\"input-clear\" style=\"width: 28%;\">&nbsp;<\/td>\n        <td class=\"input1\" style=\"width: 17.8%;\"><input class=\"get-price p\" style=\"visibility: hidden;\" type=\"submit\" value=\"Buy\"><\/td>\n        <td class=\"input\"><button type=\"button\" class=\"get-price p\" onclick=\"window.ula.purchase(event, 36)\">Kaufen<\/button><\/td>\n        <td class=\"input\"><button type=\"button\" class=\"get-price plus1\" onclick=\"window.ula.purchase(event, 22)\">Kaufen<\/button><\/td>\n        <td class=\"input\"><button type=\"button\" class=\"get-price plus2\" onclick=\"window.ula.purchase(event, 26)\">Kaufen<\/button><\/td>\n    <\/tr>\n    <\/tbody>\n<\/table>\n<p>&nbsp;<\/p>\n<script src=\"\/\/www.google.com\/recaptcha\/api.js\"><\/script>\n<script>                                                                                                                                                                                                                                          document.addEventListener('DOMContentLoaded', function () {                                                                                                                                                                                       window.initUnlimitedAccess(\"6LetRUYUAAAAAC5xmo9ggW172bol8J69esyjm-7y\");                                                                                                                                                                   });                                                                                                                                                                                                                                       <\/script>\n\n\n<p><em><sup>*<\/sup>Internationale Kunden erhalten den entsprechenden US-Rabatt<\/em><\/p>\n<p>*Nicht alle Spender liefern Erwachsenenfotos oder Alltagsfotos<\/p>\n\n\n<p><\/p>\n","protected":false},"excerpt":{"rendered":"<p>Unbegrenzten Zugriff auf alle Spenderprofil-Infos! Wenn Sie mit der Online-\u00dcberpr\u00fcfung von Spenderprofilen beginnen, sollten Sie unbedingt alle wichtigen Dokumente, Audio-Interviews und Fotos* \u00fcberpr\u00fcfen. Melden Sie sich also jetzt f\u00fcr \u201cBasic\u201d oder \u201cFull Access\u201d an, um auf alle Spenderprodukte in einem beliebigen Spenderprofil zuzugreifen, das 90 Tage lang unbegrenzten Zugriff erlaubt. &#8230;<\/p>\n","protected":false},"author":1,"featured_media":0,"parent":0,"menu_order":0,"comment_status":"closed","ping_status":"closed","template":"","meta":{"footnotes":""},"class_list":["post-4821","page","type-page","status-publish","hentry"],"yoast_head":"<!-- This site is optimized with the Yoast SEO plugin v27.1.1 - https:\/\/yoast.com\/product\/yoast-seo-wordpress\/ -->\n<title>Samenspender Pakete und Angebote | Fairfax Cryobank<\/title>\n<meta name=\"description\" content=\"Finden Sie das perfekte Samenspender Paket f\u00fcr Ihre Spendersuche mit Fairfax Cryobank. Samenspender Angebote und Spenderprofilprodukte f\u00fcr Spenderprofile.\" \/>\n<meta name=\"robots\" content=\"index, follow, max-snippet:-1, max-image-preview:large, max-video-preview:-1\" \/>\n<link rel=\"canonical\" href=\"https:\/\/fairfaxcryobank.com\/de\/pakete-fuer-die-spendersuche\" \/>\n<meta property=\"og:locale\" content=\"de_DE\" \/>\n<meta property=\"og:type\" content=\"article\" \/>\n<meta property=\"og:title\" content=\"Samenspender Pakete und Angebote | Fairfax Cryobank\" \/>\n<meta property=\"og:description\" content=\"Finden Sie das perfekte Samenspender Paket f\u00fcr Ihre Spendersuche mit Fairfax Cryobank. Samenspender Angebote und Spenderprofilprodukte f\u00fcr Spenderprofile.\" \/>\n<meta property=\"og:url\" content=\"https:\/\/fairfaxcryobank.com\/de\/pakete-fuer-die-spendersuche\" \/>\n<meta property=\"og:site_name\" content=\"Fairfax Cryobank - Find a Sperm Donor\" \/>\n<meta property=\"article:publisher\" content=\"https:\/\/www.facebook.com\/fairfax.cryobank\" \/>\n<meta property=\"article:modified_time\" content=\"2024-05-30T14:36:35+00:00\" \/>\n<meta property=\"og:image\" content=\"https:\/\/fairfaxcryobank.com\/wp-content\/uploads\/access1de-1.png\" \/>\n<meta name=\"twitter:card\" content=\"summary_large_image\" \/>\n<meta name=\"twitter:site\" content=\"@FairfaxCryobank\" \/>\n<meta name=\"twitter:label1\" content=\"Gesch\u00e4tzte Lesezeit\" \/>\n\t<meta name=\"twitter:data1\" content=\"1\u00a0Minute\" \/>\n<script type=\"application\/ld+json\" class=\"yoast-schema-graph\">{\"@context\":\"https:\/\/schema.org\",\"@graph\":[{\"@type\":\"WebPage\",\"@id\":\"https:\/\/fairfaxcryobank.com\/de\/pakete-fuer-die-spendersuche\",\"url\":\"https:\/\/fairfaxcryobank.com\/de\/pakete-fuer-die-spendersuche\",\"name\":\"Samenspender Pakete und Angebote | Fairfax Cryobank\",\"isPartOf\":{\"@id\":\"https:\/\/fairfaxcryobank.com\/de#website\"},\"primaryImageOfPage\":{\"@id\":\"https:\/\/fairfaxcryobank.com\/de\/pakete-fuer-die-spendersuche#primaryimage\"},\"image\":{\"@id\":\"https:\/\/fairfaxcryobank.com\/de\/pakete-fuer-die-spendersuche#primaryimage\"},\"thumbnailUrl\":\"https:\/\/fairfaxcryobank.com\/wp-content\/uploads\/access1de-1.png\",\"datePublished\":\"2019-12-18T14:59:13+00:00\",\"dateModified\":\"2024-05-30T14:36:35+00:00\",\"description\":\"Finden Sie das perfekte Samenspender Paket f\u00fcr Ihre Spendersuche mit Fairfax Cryobank. Samenspender Angebote und Spenderprofilprodukte f\u00fcr Spenderprofile.\",\"breadcrumb\":{\"@id\":\"https:\/\/fairfaxcryobank.com\/de\/pakete-fuer-die-spendersuche#breadcrumb\"},\"inLanguage\":\"de\",\"potentialAction\":[{\"@type\":\"ReadAction\",\"target\":[\"https:\/\/fairfaxcryobank.com\/de\/pakete-fuer-die-spendersuche\"]}]},{\"@type\":\"ImageObject\",\"inLanguage\":\"de\",\"@id\":\"https:\/\/fairfaxcryobank.com\/de\/pakete-fuer-die-spendersuche#primaryimage\",\"url\":\"https:\/\/fairfaxcryobank.com\/wp-content\/uploads\/access1de-1.png\",\"contentUrl\":\"https:\/\/fairfaxcryobank.com\/wp-content\/uploads\/access1de-1.png\"},{\"@type\":\"BreadcrumbList\",\"@id\":\"https:\/\/fairfaxcryobank.com\/de\/pakete-fuer-die-spendersuche#breadcrumb\",\"itemListElement\":[{\"@type\":\"ListItem\",\"position\":1,\"name\":\"Home\",\"item\":\"https:\/\/fairfaxcryobank.com\/de\"},{\"@type\":\"ListItem\",\"position\":2,\"name\":\"Pakete f\u00fcr die Spendersuche\"}]},{\"@type\":\"WebSite\",\"@id\":\"https:\/\/fairfaxcryobank.com\/de#website\",\"url\":\"https:\/\/fairfaxcryobank.com\/de\",\"name\":\"Fairfax Cryobank - Find a Sperm Donor\",\"description\":\"Top-Tier Sperm Bank\",\"publisher\":{\"@id\":\"https:\/\/fairfaxcryobank.com\/de#organization\"},\"potentialAction\":[{\"@type\":\"SearchAction\",\"target\":{\"@type\":\"EntryPoint\",\"urlTemplate\":\"https:\/\/fairfaxcryobank.com\/de?s={search_term_string}\"},\"query-input\":{\"@type\":\"PropertyValueSpecification\",\"valueRequired\":true,\"valueName\":\"search_term_string\"}}],\"inLanguage\":\"de\"},{\"@type\":\"Organization\",\"@id\":\"https:\/\/fairfaxcryobank.com\/de#organization\",\"name\":\"Fairfax Cryobank\",\"url\":\"https:\/\/fairfaxcryobank.com\/de\",\"logo\":{\"@type\":\"ImageObject\",\"inLanguage\":\"de\",\"@id\":\"https:\/\/fairfaxcryobank.com\/de#\/schema\/logo\/image\/\",\"url\":\"https:\/\/fairfaxcryobank.com\/wp-content\/uploads\/logo.webp\",\"contentUrl\":\"https:\/\/fairfaxcryobank.com\/wp-content\/uploads\/logo.webp\",\"width\":1,\"height\":1,\"caption\":\"Fairfax Cryobank\"},\"image\":{\"@id\":\"https:\/\/fairfaxcryobank.com\/de#\/schema\/logo\/image\/\"},\"sameAs\":[\"https:\/\/www.facebook.com\/fairfax.cryobank\",\"https:\/\/x.com\/FairfaxCryobank\",\"https:\/\/www.instagram.com\/fairfaxcryobank\/\",\"https:\/\/www.pinterest.com\/fairfaxcryo\/\"]}]}<\/script>\n<!-- \/ Yoast SEO plugin. -->","yoast_head_json":{"title":"Samenspender Pakete und Angebote | Fairfax Cryobank","description":"Finden Sie das perfekte Samenspender Paket f\u00fcr Ihre Spendersuche mit Fairfax Cryobank. Samenspender Angebote und Spenderprofilprodukte f\u00fcr Spenderprofile.","robots":{"index":"index","follow":"follow","max-snippet":"max-snippet:-1","max-image-preview":"max-image-preview:large","max-video-preview":"max-video-preview:-1"},"canonical":"https:\/\/fairfaxcryobank.com\/de\/pakete-fuer-die-spendersuche","og_locale":"de_DE","og_type":"article","og_title":"Samenspender Pakete und Angebote | Fairfax Cryobank","og_description":"Finden Sie das perfekte Samenspender Paket f\u00fcr Ihre Spendersuche mit Fairfax Cryobank. Samenspender Angebote und Spenderprofilprodukte f\u00fcr Spenderprofile.","og_url":"https:\/\/fairfaxcryobank.com\/de\/pakete-fuer-die-spendersuche","og_site_name":"Fairfax Cryobank - Find a Sperm Donor","article_publisher":"https:\/\/www.facebook.com\/fairfax.cryobank","article_modified_time":"2024-05-30T14:36:35+00:00","og_image":[{"url":"https:\/\/fairfaxcryobank.com\/wp-content\/uploads\/access1de-1.png","type":"","width":"","height":""}],"twitter_card":"summary_large_image","twitter_site":"@FairfaxCryobank","twitter_misc":{"Gesch\u00e4tzte Lesezeit":"1\u00a0Minute"},"schema":{"@context":"https:\/\/schema.org","@graph":[{"@type":"WebPage","@id":"https:\/\/fairfaxcryobank.com\/de\/pakete-fuer-die-spendersuche","url":"https:\/\/fairfaxcryobank.com\/de\/pakete-fuer-die-spendersuche","name":"Samenspender Pakete und Angebote | Fairfax Cryobank","isPartOf":{"@id":"https:\/\/fairfaxcryobank.com\/de#website"},"primaryImageOfPage":{"@id":"https:\/\/fairfaxcryobank.com\/de\/pakete-fuer-die-spendersuche#primaryimage"},"image":{"@id":"https:\/\/fairfaxcryobank.com\/de\/pakete-fuer-die-spendersuche#primaryimage"},"thumbnailUrl":"https:\/\/fairfaxcryobank.com\/wp-content\/uploads\/access1de-1.png","datePublished":"2019-12-18T14:59:13+00:00","dateModified":"2024-05-30T14:36:35+00:00","description":"Finden Sie das perfekte Samenspender Paket f\u00fcr Ihre Spendersuche mit Fairfax Cryobank. Samenspender Angebote und Spenderprofilprodukte f\u00fcr Spenderprofile.","breadcrumb":{"@id":"https:\/\/fairfaxcryobank.com\/de\/pakete-fuer-die-spendersuche#breadcrumb"},"inLanguage":"de","potentialAction":[{"@type":"ReadAction","target":["https:\/\/fairfaxcryobank.com\/de\/pakete-fuer-die-spendersuche"]}]},{"@type":"ImageObject","inLanguage":"de","@id":"https:\/\/fairfaxcryobank.com\/de\/pakete-fuer-die-spendersuche#primaryimage","url":"https:\/\/fairfaxcryobank.com\/wp-content\/uploads\/access1de-1.png","contentUrl":"https:\/\/fairfaxcryobank.com\/wp-content\/uploads\/access1de-1.png"},{"@type":"BreadcrumbList","@id":"https:\/\/fairfaxcryobank.com\/de\/pakete-fuer-die-spendersuche#breadcrumb","itemListElement":[{"@type":"ListItem","position":1,"name":"Home","item":"https:\/\/fairfaxcryobank.com\/de"},{"@type":"ListItem","position":2,"name":"Pakete f\u00fcr die Spendersuche"}]},{"@type":"WebSite","@id":"https:\/\/fairfaxcryobank.com\/de#website","url":"https:\/\/fairfaxcryobank.com\/de","name":"Fairfax Cryobank - Find a Sperm Donor","description":"Top-Tier Sperm Bank","publisher":{"@id":"https:\/\/fairfaxcryobank.com\/de#organization"},"potentialAction":[{"@type":"SearchAction","target":{"@type":"EntryPoint","urlTemplate":"https:\/\/fairfaxcryobank.com\/de?s={search_term_string}"},"query-input":{"@type":"PropertyValueSpecification","valueRequired":true,"valueName":"search_term_string"}}],"inLanguage":"de"},{"@type":"Organization","@id":"https:\/\/fairfaxcryobank.com\/de#organization","name":"Fairfax Cryobank","url":"https:\/\/fairfaxcryobank.com\/de","logo":{"@type":"ImageObject","inLanguage":"de","@id":"https:\/\/fairfaxcryobank.com\/de#\/schema\/logo\/image\/","url":"https:\/\/fairfaxcryobank.com\/wp-content\/uploads\/logo.webp","contentUrl":"https:\/\/fairfaxcryobank.com\/wp-content\/uploads\/logo.webp","width":1,"height":1,"caption":"Fairfax Cryobank"},"image":{"@id":"https:\/\/fairfaxcryobank.com\/de#\/schema\/logo\/image\/"},"sameAs":["https:\/\/www.facebook.com\/fairfax.cryobank","https:\/\/x.com\/FairfaxCryobank","https:\/\/www.instagram.com\/fairfaxcryobank\/","https:\/\/www.pinterest.com\/fairfaxcryo\/"]}]}},"post_mailing_queue_ids":[],"_links":{"self":[{"href":"https:\/\/fairfaxcryobank.com\/de\/wp-json\/wp\/v2\/pages\/4821","targetHints":{"allow":["GET"]}}],"collection":[{"href":"https:\/\/fairfaxcryobank.com\/de\/wp-json\/wp\/v2\/pages"}],"about":[{"href":"https:\/\/fairfaxcryobank.com\/de\/wp-json\/wp\/v2\/types\/page"}],"author":[{"embeddable":true,"href":"https:\/\/fairfaxcryobank.com\/de\/wp-json\/wp\/v2\/users\/1"}],"replies":[{"embeddable":true,"href":"https:\/\/fairfaxcryobank.com\/de\/wp-json\/wp\/v2\/comments?post=4821"}],"version-history":[{"count":12,"href":"https:\/\/fairfaxcryobank.com\/de\/wp-json\/wp\/v2\/pages\/4821\/revisions"}],"predecessor-version":[{"id":29441,"href":"https:\/\/fairfaxcryobank.com\/de\/wp-json\/wp\/v2\/pages\/4821\/revisions\/29441"}],"wp:attachment":[{"href":"https:\/\/fairfaxcryobank.com\/de\/wp-json\/wp\/v2\/media?parent=4821"}],"curies":[{"name":"wp","href":"https:\/\/api.w.org\/{rel}","templated":true}]}}