{"id":4827,"date":"2019-12-18T15:01:29","date_gmt":"2019-12-18T15:01:29","guid":{"rendered":"https:\/\/fairfaxcryobank.com\/?page_id=4827"},"modified":"2021-07-30T10:43:14","modified_gmt":"2021-07-30T14:43:14","slug":"spenderprodukte","status":"publish","type":"page","link":"https:\/\/fairfaxcryobank.com\/de\/spenderprodukte","title":{"rendered":"Spenderprodukte und Informationsmaterial"},"content":{"rendered":"\n<h2 class=\"wp-block-heading\">Finden Sie Bilder, Audio-Clips und Infos Ihres perfekten Samenspenders<\/h2>\n\n\n\n<figure class=\"wp-block-table\"><table class=\"has-subtle-pale-blue-background-color has-background\"><tbody><tr><td><strong><em>Familie ist wichtig und bedeutet f\u00fcr viele einfach alles. Wenn Sie vorhaben, eine Familie mit der Hilfe von Fairfax Cryobank zu gr\u00fcnden, dann ist nur das Beste gut genug!<\/em><\/strong><\/td><\/tr><\/tbody><\/table><\/figure>\n\n\n\n<p>Aus diesem Grund bieten wir umfassende Informationen zu unseren streng gepr\u00fcften Samenspendern. Unsere Spenderprodukte helfen Ihnen dabei, die wichtigsten Aspekte des Samenspenders w\u00e4hrend des Auswahlprozesses aufzuzeigen, von Erwachsenenfotos \u00fcber Audiointerviews bis hin zu Pers\u00f6nlichkeitstypen.<\/p>\n\n\n\n<p>Greifen Sie auf unbegrenzte Spenderinformationen zu und stellen Sie sicher, dass Sie und Ihre Familie die bestm\u00f6gliche Entscheidung treffen. Eine informierte Entscheidung zu treffen war noch nie so wichtig!<\/p>\n\n\n\n<p><strong>Spenderfotos aus der Kindheit<\/strong><\/p>\n\n\n\n<p>Kinderfotos sind zu 99% unserer Samenspender verf\u00fcgbar. Fotos aus der Kindheit des Samenspenders sind zwischen 6 Monaten und 6 Jahren alt. Bitte beachten Sie, dass die Qualit\u00e4t der Babyfotos von dem Originalfoto abh\u00e4ngt, das der Samenspender uns zur Verf\u00fcgung stellt. Einige Fotos sind in Farbe, andere in Schwarzwei\u00df.<\/p>\n\n\n\n<p><strong>Spenderfotos aus dem allt\u00e4glichen Leben<\/strong><\/p>\n\n\n\n<div class=\"wp-block-image\"><figure class=\"aligncenter size-large\"><img loading=\"lazy\" decoding=\"async\" width=\"600\" height=\"250\" src=\"https:\/\/fairfaxcryobank.com\/wp-content\/uploads\/Artboard-1-100.jpg\" alt=\"sperm donor photos\" class=\"wp-image-6915\" srcset=\"https:\/\/fairfaxcryobank.com\/wp-content\/uploads\/Artboard-1-100.jpg 600w, https:\/\/fairfaxcryobank.com\/wp-content\/uploads\/Artboard-1-100-300x125.jpg 300w\" sizes=\"auto, (max-width: 600px) 100vw, 600px\" \/><\/figure><\/div>\n\n\n\n<p>Fotos aus dem Leben und Alltag unserer Samenspender umfassen Fotos von der Kindheit bis zum Erwachsenenalter \u2013 eine ganze Reihe unserer Samenspender mit Bildern bieten diese Art von Fotos an. Es gibt zwei verschiedene Fotopakete:<\/p>\n\n\n\n<ul class=\"wp-block-list\"><li><strong>Foto-Set Erwachsener und Kind: <\/strong>Dies umfasst ein Kinderfoto und ein Erwachsenenfoto <\/li><li><strong>Foto-Set aus dem Leben<\/strong>: Dies umfasst eine Reihe von Bildern des Spenders aus dem S\u00e4uglings- und Erwachsenenalter<\/li><\/ul>\n\n\n\n<p>Samenspender, die Fotos aus dem Leben und Alltag anbieten, sind in den Suchergebnissen mit einem Kamerasymbol gekennzeichnet.<\/p>\n\n\n\n<p><strong>Silhouetten der Samenspender:<\/strong><\/p>\n\n\n\n<p>Silhouetten der Spender sind eine weitere effektive Methode, um die physischen Eigenschaften eines Samenspenders einzusch\u00e4tzen und gleichzeitig seine Anonymit\u00e4t zu wahren. Erfahren Sie hier mehr dar\u00fcber und sehen Sie sich Beispiele f\u00fcr Silhouetten der Samenspender an.<\/p>\n\n\n\n<p><strong>Audio-Interviews mit den Samenspendern:<\/strong><\/p>\n\n\n\n<p>Audiointerviews sind f\u00fcr die meisten unserer Samenspender verf\u00fcgbar. Samenspender geben in eigenen Worten Aufschluss \u00fcber die Kindheit des Samenspenders sowie Ziele, Erfolge, Werte, Familienleben und pers\u00f6nliche Interessen. Die Audio-Interviews dauern zwischen 7 und 25 Minuten, mit einer durchschnittlichen L\u00e4nge von 12 Minuten. Die k\u00fcrzeren 10 bis 20 Sekunden langen Audioclips k\u00f6nnen kostenlos heruntergeladen werden. H\u00f6ren Sie sich einen kostenlosen Audio-Clip des Samenspenders an, indem Sie zur Spendersuche gehen und einen bestimmten Spender ausw\u00e4hlen. Audio-Downloads finden Sie auf der rechten Seite.<\/p>\n\n\n\n<p>Sie k\u00f6nnen kurze 10-20 Sekunden lange Audioclips kostenlos \u00fcber das Profil des Samenspenders anh\u00f6ren.<\/p>\n\n\n\n<p><strong>Zusammenfassung des Spenderprofils:<\/strong><\/p>\n\n\n\n<p>Diese Zusammenfassungen der Spenderprofile sind zweiseitige Zusammenfassungen der wichtigsten medizinischen und genetischen Vorgeschichten des Samenspenders sowie seiner Familie. Nat\u00fcrlich wird jeder potenzielle Samenspender, der eine medizinische oder famili\u00e4re Vorgeschichte hatte, die seine Nachkommen f\u00fcr bedeutende Probleme gef\u00e4hrden w\u00fcrde, w\u00e4hrend des Screening-Prozesses abgelehnt. Alle medizinischen oder pers\u00f6nlichen Aktualisierungen, die wir von Samenspendern erhalten, werden in diese Zusammenfassung mit aufgenommen. Diese Zusammenfassungen der Spenderprofile k\u00f6nnen kostenlos eingesehen werden. Klicken Sie <a href=\"https:\/\/fairfaxcryobank.com\/images\/pdf-files\/4576PersonalProfile.pdf\">hier<\/a>, um ein Beispiel f\u00fcr ein Zusammenfassung des Profils anzuzeigen.<\/p>\n\n\n\n<p>Spenderprofile bestehen aus einem zweiseitigen \u00dcberblick \u00fcber die medizinische und genetische Vorgeschichte des Spenders und seiner Familienangeh\u00f6rigen.<\/p>\n\n\n\n<p>Zusammenfassungsprofile sind kostenlos erh\u00e4ltlich. Sehen Sie sich <a href=\"https:\/\/fairfaxcryobank.com\/images\/pdf-files\/4576PersonalProfile.pdf\">hier<\/a> ein Beispiel an.<\/p>\n\n\n\n<p><strong>Medizinischer Hintergrund des Spenders:<\/strong><\/p>\n\n\n\n<p>Medizinische Profile bieten detaillierte Informationen zum medizinischen Hintergrund sowie zur Familiengeschichte des Spenders, seiner Geschwister, Eltern, Tanten, Onkel und Gro\u00dfeltern. Dazu geh\u00f6ren auch genetische Krankheitstests, die der Spender w\u00e4hrend des Screenings durchgef\u00fchrt hat. Medizinische Profile sind ungef\u00e4hr 9-12 Seiten lang und enthalten ausf\u00fchrliche Informationen zur Krankengeschichte, einschlie\u00dflich einer Liste der Erkrankungen bei Angeh\u00f6rigen. Sehen Sie hier <a href=\"\/images\/pdf-files\/4576MedicalProfile.pdf\">ein Beispiel eines medizinischen Profils<\/a>.<\/p>\n\n\n\n<p><strong>Pers\u00f6nliche Spenderprofile:<\/strong><\/p>\n\n\n\n<p>Pers\u00f6nliche Profile enthalten 15 oder mehr Seiten mit detaillierten Informationen \u00fcber den Spender und seine Familie. Diese Art von Samenspenderprofilen beinhaltet Interessen und Ziele, akademischen Leistungen, milit\u00e4rische Aufzeichnungen, Gesichtsz\u00fcge usw. Sehen Sie sich <a href=\"https:\/\/fairfaxcryobank.com\/images\/pdf-files\/4576PersonalProfile.pdf\">hier<\/a> ein Beispiel an.<\/p>\n\n\n\n<p><strong>Pers\u00f6nlichkeitstests:<\/strong><\/p>\n\n\n\n<p>Die Mehrheit unserer Samenspender der Fairfax Cryobank hat einen Pers\u00f6nlichkeitstest durchgef\u00fchrt. Um mehr \u00fcber den Test und die Bedeutung der Ergebnisse zu erfahren, besuchen Sie bitte unsere Seite \u00fcber <a href=\"https:\/\/fairfaxcryobank.com\/the-16-personality-types\">die 16 Pers\u00f6nlichkeitstypen.<\/a><\/p>\n\n\n\n<p><strong>Aufs\u00e4tze der Samenspender:<\/strong><\/p>\n\n\n\n<p>Die meisten unserer Spender haben mehrere Frage-und-Antwort-Aufs\u00e4tze verfasst. Jeder Aufsatz zielt darauf ab, den Charakter und die Pers\u00f6nlichkeit des Spenders zu erfassen. <\/p>\n\n\n\n<p>Bitte beachten Sie, dass diese Aufs\u00e4tze von Spender zu Spender variieren &#8211; einige sind M\u00e4nner, die sich gerne kurz und direkt pr\u00e4sentieren, andere sind redseliger. Sehen Sie sich hier ein Beispiel an. <\/p>\n\n\n\n<p><strong>Eindr\u00fccke unserer Mitarbeiter \u00fcber den Samenspender:<\/strong><\/p>\n\n\n\n<p>Die Eindr\u00fccke und Meinungen unserer Mitarbeiter wurden nach unz\u00e4hligen Anfragen unserer Patienten erstellt \u2013 viele fragten unser freundliches Team: \u201eWas hielten Sie von diesem Samenspender?\u201c<\/p>\n\n\n\n<p>Die meisten Eindr\u00fccke werden geschrieben, aber einige sind Audioclips. Sehen Sie sich hier ein Beispiel f\u00fcr Mitarbeitereindr\u00fccke an.<\/p>\n\n\n\n<hr class=\"wp-block-separator\"\/>\n\n\n\n<h4 class=\"wp-block-heading\"><strong>Zugriff auf Spenderinformationsmaterial<\/strong><\/h4>\n\n\n\n<p>Informationsmaterial kann auf drei Arten abgerufen werden.<\/p>\n\n\n\n<p><strong>Kostenloses Material<\/strong><\/p>\n\n\n\n<p>Sie k\u00f6nnen kostenlos auf eine begrenzte Menge an Informationsmaterial zugreifen. Dies umfasst u. a. eine Zusammenfassung \u00fcber den Samenspender.<\/p>\n\n\n\n<p><strong>Spenderprofil als Sets:<\/strong><\/p>\n\n\n\n<p>Sie k\u00f6nnen ein vollst\u00e4ndiges Set oder auch nur einen Teil von Infos zu einem bestimmten Samenspender erwerben.<\/p>\n\n\n\n<ul class=\"wp-block-list\"><li>Das komplette Set enth\u00e4lt medizinische und pers\u00f6nliche Profile, ein Audiointerview, Silhouette und ein Foto aus der Kindheit<\/li><li>Der Teilsatz enth\u00e4lt medizinische und pers\u00f6nliche Profile sowie Audiointerviews<\/li><\/ul>\n\n\n\n<p><strong>Unlimited Access: Unbegrenzten Zugang<\/strong><\/p>\n\n\n\n<p>Die Mehrheit unserer Kunden ist \u00fcberzeugt, dass unser Unlimited Access Plan die umfassendste und kosteng\u00fcnstigste M\u00f6glichkeit mit dem besten Preis-Leistungsverh\u00e4ltnis ist, alle wichtigen Informationen zu Samenspendern zu finden, die sie ben\u00f6tigen, um eine fundierte und informierte Entscheidung f\u00fcr ihre Familie zu treffen.<\/p>\n\n\n\n<p>Mit dem Unlimited Access Plan haben Sie uneingeschr\u00e4nkten Zugriff auf so viel Informationsmaterial, wie Sie ben\u00f6tigen. Vergleichen Sie eine unbegrenzte Anzahl von Spendern \u00fcber einen Zeitraum von drei Monaten und Sie k\u00f6nnen sich sicher sein, dass Sie eine gute Wahl treffen. Erfahren Sie noch heute mehr \u00fcber unseren <a href=\"https:\/\/fairfaxcryobank.com\/de\/pakete-fuer-die-spendersuche\">Unlimited Access Plan.<\/a><\/p>\n\n\n\n<div class=\"wp-block-button aligncenter\"><a class=\"wp-block-button__link has-text-color has-background\" href=\"https:\/\/fairfaxcryobank.com\/de\/pakete-fuer-die-spendersuche\" style=\"background-color:#ea6950;color:#ffffff\">\u00dcBERBLICK UNLIMITED ACCESS PLANS <\/a><\/div>\n\n\n\n<hr class=\"wp-block-separator\"\/>\n\n\n\n<h4 class=\"wp-block-heading\"><strong>Haben\nSie Fragen zu Spenderinformationen?<\/strong><\/h4>\n\n\n\n<p>Rufen Sie uns einfach unter der Nummer 0800 333 4211 an oder besuchen Sie unsere <a href=\"https:\/\/fairfaxcryobank.com\/de\/kontakt\">Kontaktseite<\/a>. Wir werden uns dann so schnell wie m\u00f6glich bei Ihnen melden.<\/p>\n\n\n\n<hr class=\"wp-block-separator\"\/>\n\n\n\n<h2 class=\"has-text-align-center wp-block-heading\"><strong>Jetzt loslegen<\/strong><\/h2>\n\n\n\n<div class=\"wp-block-button aligncenter\"><a class=\"wp-block-button__link has-text-color has-background\" href=\"https:\/\/fairfaxcryobank.com\/search\/de\/\" style=\"background-color:#ea6950;color:#ffffff\">STARTEN SIE IHRE SPENDERSUCHE<\/a><\/div>\n","protected":false},"excerpt":{"rendered":"<p>Finden Sie Bilder, Audio-Clips und Infos Ihres perfekten Samenspenders Familie ist wichtig und bedeutet f\u00fcr viele einfach alles. Wenn Sie vorhaben, eine Familie mit der Hilfe von Fairfax Cryobank zu gr\u00fcnden, dann ist nur das Beste gut genug! Aus diesem Grund bieten wir umfassende Informationen zu unseren streng gepr\u00fcften Samenspendern. &#8230;<\/p>\n","protected":false},"author":1,"featured_media":0,"parent":0,"menu_order":0,"comment_status":"closed","ping_status":"closed","template":"","meta":{"footnotes":""},"class_list":["post-4827","page","type-page","status-publish","hentry"],"yoast_head":"<!-- This site is optimized with the Yoast SEO plugin v27.1.1 - https:\/\/yoast.com\/product\/yoast-seo-wordpress\/ -->\n<title>Spenderprodukte und Informationsmaterial | Fairfax Cryobank<\/title>\n<meta name=\"description\" content=\"Greifen Sie auf Spenderinformationen, Spenderprofile, Audiointerviews und Bilder der Samenspender zu. Finden Sie Ihren perfekten Samenspender f\u00fcr Ihre Familie.\" \/>\n<meta name=\"robots\" content=\"index, follow, max-snippet:-1, max-image-preview:large, max-video-preview:-1\" \/>\n<link rel=\"canonical\" href=\"https:\/\/fairfaxcryobank.com\/de\/spenderprodukte\" \/>\n<meta property=\"og:locale\" content=\"de_DE\" \/>\n<meta property=\"og:type\" content=\"article\" \/>\n<meta property=\"og:title\" content=\"Spenderprodukte und Informationsmaterial | Fairfax Cryobank\" \/>\n<meta property=\"og:description\" content=\"Greifen Sie auf Spenderinformationen, Spenderprofile, Audiointerviews und Bilder der Samenspender zu. Finden Sie Ihren perfekten Samenspender f\u00fcr Ihre Familie.\" \/>\n<meta property=\"og:url\" content=\"https:\/\/fairfaxcryobank.com\/de\/spenderprodukte\" \/>\n<meta property=\"og:site_name\" content=\"Fairfax Cryobank - Find a Sperm Donor\" \/>\n<meta property=\"article:publisher\" content=\"https:\/\/www.facebook.com\/fairfax.cryobank\" \/>\n<meta property=\"article:modified_time\" content=\"2021-07-30T14:43:14+00:00\" \/>\n<meta property=\"og:image\" content=\"https:\/\/fairfaxcryobank.com\/wp-content\/uploads\/Artboard-1-100.jpg\" \/>\n<meta name=\"twitter:card\" content=\"summary_large_image\" \/>\n<meta name=\"twitter:site\" content=\"@FairfaxCryobank\" \/>\n<meta name=\"twitter:label1\" content=\"Gesch\u00e4tzte Lesezeit\" \/>\n\t<meta name=\"twitter:data1\" content=\"5\u00a0Minuten\" \/>\n<script type=\"application\/ld+json\" class=\"yoast-schema-graph\">{\"@context\":\"https:\/\/schema.org\",\"@graph\":[{\"@type\":\"WebPage\",\"@id\":\"https:\/\/fairfaxcryobank.com\/de\/spenderprodukte\",\"url\":\"https:\/\/fairfaxcryobank.com\/de\/spenderprodukte\",\"name\":\"Spenderprodukte und Informationsmaterial | Fairfax Cryobank\",\"isPartOf\":{\"@id\":\"https:\/\/fairfaxcryobank.com\/de#website\"},\"primaryImageOfPage\":{\"@id\":\"https:\/\/fairfaxcryobank.com\/de\/spenderprodukte#primaryimage\"},\"image\":{\"@id\":\"https:\/\/fairfaxcryobank.com\/de\/spenderprodukte#primaryimage\"},\"thumbnailUrl\":\"https:\/\/fairfaxcryobank.com\/wp-content\/uploads\/Artboard-1-100.jpg\",\"datePublished\":\"2019-12-18T15:01:29+00:00\",\"dateModified\":\"2021-07-30T14:43:14+00:00\",\"description\":\"Greifen Sie auf Spenderinformationen, Spenderprofile, Audiointerviews und Bilder der Samenspender zu. Finden Sie Ihren perfekten Samenspender f\u00fcr Ihre Familie.\",\"breadcrumb\":{\"@id\":\"https:\/\/fairfaxcryobank.com\/de\/spenderprodukte#breadcrumb\"},\"inLanguage\":\"de\",\"potentialAction\":[{\"@type\":\"ReadAction\",\"target\":[\"https:\/\/fairfaxcryobank.com\/de\/spenderprodukte\"]}]},{\"@type\":\"ImageObject\",\"inLanguage\":\"de\",\"@id\":\"https:\/\/fairfaxcryobank.com\/de\/spenderprodukte#primaryimage\",\"url\":\"https:\/\/fairfaxcryobank.com\/wp-content\/uploads\/Artboard-1-100.jpg\",\"contentUrl\":\"https:\/\/fairfaxcryobank.com\/wp-content\/uploads\/Artboard-1-100.jpg\"},{\"@type\":\"BreadcrumbList\",\"@id\":\"https:\/\/fairfaxcryobank.com\/de\/spenderprodukte#breadcrumb\",\"itemListElement\":[{\"@type\":\"ListItem\",\"position\":1,\"name\":\"Home\",\"item\":\"https:\/\/fairfaxcryobank.com\/de\"},{\"@type\":\"ListItem\",\"position\":2,\"name\":\"Spenderprodukte und Informationsmaterial\"}]},{\"@type\":\"WebSite\",\"@id\":\"https:\/\/fairfaxcryobank.com\/de#website\",\"url\":\"https:\/\/fairfaxcryobank.com\/de\",\"name\":\"Fairfax Cryobank - Find a Sperm Donor\",\"description\":\"Top-Tier Sperm Bank\",\"publisher\":{\"@id\":\"https:\/\/fairfaxcryobank.com\/de#organization\"},\"potentialAction\":[{\"@type\":\"SearchAction\",\"target\":{\"@type\":\"EntryPoint\",\"urlTemplate\":\"https:\/\/fairfaxcryobank.com\/de?s={search_term_string}\"},\"query-input\":{\"@type\":\"PropertyValueSpecification\",\"valueRequired\":true,\"valueName\":\"search_term_string\"}}],\"inLanguage\":\"de\"},{\"@type\":\"Organization\",\"@id\":\"https:\/\/fairfaxcryobank.com\/de#organization\",\"name\":\"Fairfax Cryobank\",\"url\":\"https:\/\/fairfaxcryobank.com\/de\",\"logo\":{\"@type\":\"ImageObject\",\"inLanguage\":\"de\",\"@id\":\"https:\/\/fairfaxcryobank.com\/de#\/schema\/logo\/image\/\",\"url\":\"https:\/\/fairfaxcryobank.com\/wp-content\/uploads\/logo.webp\",\"contentUrl\":\"https:\/\/fairfaxcryobank.com\/wp-content\/uploads\/logo.webp\",\"width\":1,\"height\":1,\"caption\":\"Fairfax Cryobank\"},\"image\":{\"@id\":\"https:\/\/fairfaxcryobank.com\/de#\/schema\/logo\/image\/\"},\"sameAs\":[\"https:\/\/www.facebook.com\/fairfax.cryobank\",\"https:\/\/x.com\/FairfaxCryobank\",\"https:\/\/www.instagram.com\/fairfaxcryobank\/\",\"https:\/\/www.pinterest.com\/fairfaxcryo\/\"]}]}<\/script>\n<!-- \/ Yoast SEO plugin. -->","yoast_head_json":{"title":"Spenderprodukte und Informationsmaterial | Fairfax Cryobank","description":"Greifen Sie auf Spenderinformationen, Spenderprofile, Audiointerviews und Bilder der Samenspender zu. Finden Sie Ihren perfekten Samenspender f\u00fcr Ihre Familie.","robots":{"index":"index","follow":"follow","max-snippet":"max-snippet:-1","max-image-preview":"max-image-preview:large","max-video-preview":"max-video-preview:-1"},"canonical":"https:\/\/fairfaxcryobank.com\/de\/spenderprodukte","og_locale":"de_DE","og_type":"article","og_title":"Spenderprodukte und Informationsmaterial | Fairfax Cryobank","og_description":"Greifen Sie auf Spenderinformationen, Spenderprofile, Audiointerviews und Bilder der Samenspender zu. Finden Sie Ihren perfekten Samenspender f\u00fcr Ihre Familie.","og_url":"https:\/\/fairfaxcryobank.com\/de\/spenderprodukte","og_site_name":"Fairfax Cryobank - Find a Sperm Donor","article_publisher":"https:\/\/www.facebook.com\/fairfax.cryobank","article_modified_time":"2021-07-30T14:43:14+00:00","og_image":[{"url":"https:\/\/fairfaxcryobank.com\/wp-content\/uploads\/Artboard-1-100.jpg","type":"","width":"","height":""}],"twitter_card":"summary_large_image","twitter_site":"@FairfaxCryobank","twitter_misc":{"Gesch\u00e4tzte Lesezeit":"5\u00a0Minuten"},"schema":{"@context":"https:\/\/schema.org","@graph":[{"@type":"WebPage","@id":"https:\/\/fairfaxcryobank.com\/de\/spenderprodukte","url":"https:\/\/fairfaxcryobank.com\/de\/spenderprodukte","name":"Spenderprodukte und Informationsmaterial | Fairfax Cryobank","isPartOf":{"@id":"https:\/\/fairfaxcryobank.com\/de#website"},"primaryImageOfPage":{"@id":"https:\/\/fairfaxcryobank.com\/de\/spenderprodukte#primaryimage"},"image":{"@id":"https:\/\/fairfaxcryobank.com\/de\/spenderprodukte#primaryimage"},"thumbnailUrl":"https:\/\/fairfaxcryobank.com\/wp-content\/uploads\/Artboard-1-100.jpg","datePublished":"2019-12-18T15:01:29+00:00","dateModified":"2021-07-30T14:43:14+00:00","description":"Greifen Sie auf Spenderinformationen, Spenderprofile, Audiointerviews und Bilder der Samenspender zu. Finden Sie Ihren perfekten Samenspender f\u00fcr Ihre Familie.","breadcrumb":{"@id":"https:\/\/fairfaxcryobank.com\/de\/spenderprodukte#breadcrumb"},"inLanguage":"de","potentialAction":[{"@type":"ReadAction","target":["https:\/\/fairfaxcryobank.com\/de\/spenderprodukte"]}]},{"@type":"ImageObject","inLanguage":"de","@id":"https:\/\/fairfaxcryobank.com\/de\/spenderprodukte#primaryimage","url":"https:\/\/fairfaxcryobank.com\/wp-content\/uploads\/Artboard-1-100.jpg","contentUrl":"https:\/\/fairfaxcryobank.com\/wp-content\/uploads\/Artboard-1-100.jpg"},{"@type":"BreadcrumbList","@id":"https:\/\/fairfaxcryobank.com\/de\/spenderprodukte#breadcrumb","itemListElement":[{"@type":"ListItem","position":1,"name":"Home","item":"https:\/\/fairfaxcryobank.com\/de"},{"@type":"ListItem","position":2,"name":"Spenderprodukte und Informationsmaterial"}]},{"@type":"WebSite","@id":"https:\/\/fairfaxcryobank.com\/de#website","url":"https:\/\/fairfaxcryobank.com\/de","name":"Fairfax Cryobank - Find a Sperm Donor","description":"Top-Tier Sperm Bank","publisher":{"@id":"https:\/\/fairfaxcryobank.com\/de#organization"},"potentialAction":[{"@type":"SearchAction","target":{"@type":"EntryPoint","urlTemplate":"https:\/\/fairfaxcryobank.com\/de?s={search_term_string}"},"query-input":{"@type":"PropertyValueSpecification","valueRequired":true,"valueName":"search_term_string"}}],"inLanguage":"de"},{"@type":"Organization","@id":"https:\/\/fairfaxcryobank.com\/de#organization","name":"Fairfax Cryobank","url":"https:\/\/fairfaxcryobank.com\/de","logo":{"@type":"ImageObject","inLanguage":"de","@id":"https:\/\/fairfaxcryobank.com\/de#\/schema\/logo\/image\/","url":"https:\/\/fairfaxcryobank.com\/wp-content\/uploads\/logo.webp","contentUrl":"https:\/\/fairfaxcryobank.com\/wp-content\/uploads\/logo.webp","width":1,"height":1,"caption":"Fairfax Cryobank"},"image":{"@id":"https:\/\/fairfaxcryobank.com\/de#\/schema\/logo\/image\/"},"sameAs":["https:\/\/www.facebook.com\/fairfax.cryobank","https:\/\/x.com\/FairfaxCryobank","https:\/\/www.instagram.com\/fairfaxcryobank\/","https:\/\/www.pinterest.com\/fairfaxcryo\/"]}]}},"post_mailing_queue_ids":[],"_links":{"self":[{"href":"https:\/\/fairfaxcryobank.com\/de\/wp-json\/wp\/v2\/pages\/4827","targetHints":{"allow":["GET"]}}],"collection":[{"href":"https:\/\/fairfaxcryobank.com\/de\/wp-json\/wp\/v2\/pages"}],"about":[{"href":"https:\/\/fairfaxcryobank.com\/de\/wp-json\/wp\/v2\/types\/page"}],"author":[{"embeddable":true,"href":"https:\/\/fairfaxcryobank.com\/de\/wp-json\/wp\/v2\/users\/1"}],"replies":[{"embeddable":true,"href":"https:\/\/fairfaxcryobank.com\/de\/wp-json\/wp\/v2\/comments?post=4827"}],"version-history":[{"count":1,"href":"https:\/\/fairfaxcryobank.com\/de\/wp-json\/wp\/v2\/pages\/4827\/revisions"}],"predecessor-version":[{"id":17948,"href":"https:\/\/fairfaxcryobank.com\/de\/wp-json\/wp\/v2\/pages\/4827\/revisions\/17948"}],"wp:attachment":[{"href":"https:\/\/fairfaxcryobank.com\/de\/wp-json\/wp\/v2\/media?parent=4827"}],"curies":[{"name":"wp","href":"https:\/\/api.w.org\/{rel}","templated":true}]}}