{"id":4829,"date":"2019-12-18T15:02:15","date_gmt":"2019-12-18T15:02:15","guid":{"rendered":"https:\/\/fairfaxcryobank.com\/?page_id=4829"},"modified":"2024-08-15T15:23:21","modified_gmt":"2024-08-15T19:23:21","slug":"so-waehlen-sie-ihren-spender","status":"publish","type":"page","link":"https:\/\/fairfaxcryobank.com\/de\/so-waehlen-sie-ihren-spender","title":{"rendered":"So w\u00e4hlen Sie Ihren perfekten Samenspender"},"content":{"rendered":"\n<h2 class=\"wp-block-heading\">Der beste Weg, einen Samenspender zu finden<\/h2>\n\n\n\n<p><strong>von Joseph D. Schulman, M.D. <br>Gr\u00fcnder, Genetics &amp; IVF Institute <\/strong><\/p>\n\n\n\n<p>Die Wahl eines Samenspenders ist eine sehr wichtige Entscheidung, und jeder bringt seine eigenen Perspektiven in diese Herausforderung ein. Mit langj\u00e4hriger Erfahrung in der Betreuung von Patienten mit Problemen in der Fortpflanzung und der medizinischen Genetik hoffe ich, Ihnen dabei helfen zu k\u00f6nnen, die endg\u00fcltige Entscheidung f\u00fcr den perfekten Samenspender zu treffen, die f\u00fcr Sie richtig ist. Ich werde auch erl\u00e4utern, warum nur eine kleine Minderheit von M\u00e4nnern in der Lage ist, die schwierigen Voraussetzungen zu erf\u00fcllen, um Samenspender bei Fairfax Cryobank zu werden.<\/p>\n\n\n\n<p>Es ist wichtig, die Sicherheit vor dem Risiko einer versehentlichen \u00dcbertragung einer Infektionskrankheit zu maximieren. Es sollte nur gefrorenes Sperma verwendet werden, und auch nur dann, wenn die Spermaproben unter Quarant\u00e4ne gestellt wurden und der Spender mehrere Monate nach der Entnahme des Spermas erneut einen vollst\u00e4ndigen Test durchgef\u00fchrt hat, um Infektionskrankheiten auszuschlie\u00dfen. Die Verwendung von frischem Sperma birgt immer das Risiko, dass der Spender in letzter Zeit HIV oder anderen Krankheiten ausgesetzt war, so dass bei gleichzeitigen Labortests keine Anomalien auftreten. Fairfax Cryobank hat seit dem Start seines Spender-Spermaprogramms in den 1980er Jahren durchgehend nur gefrorenes Spender-Sperma in Quarant\u00e4ne geliefert, das zum Verkauf freigegeben wird, nachdem der Spender umfangreiche Tests auf Infektionskrankheiten durchgef\u00fchrt und anschlie\u00dfend nach einer langen Quarant\u00e4nezeit erneut getestet hat. Sie k\u00f6nnen sich darauf verlassen, dass jede von Fairfax Cryobank und seinen verbundenen Unternehmen vertriebene Dosis an gefrorenem Spendersperma diesen strengen Sicherheitsstandard erf\u00fcllt.<\/p>\n\n\n\n<p>Wenn es um Thema Sicherheit geht, dann ist auch die Minimierung des Risikos der \u00dcbertragung einer genetisch bedingten Krankheit auf das Kind von h\u00f6chster Bedeutung. Wir sind seit vielen Jahren Vorreiter in der Vorbeugung und Pr\u00e4vention genetischer Krankheiten. Fairfax Cryobank ist die einzige Cryobank, in der hauptberufliche medizinische Genetiker und genetische Berater besch\u00e4ftigt sind, die potenzielle Spender sorgf\u00e4ltig auf Familienanamnese oder klinische Manifestationen genetisch bedingter Krankheiten untersuchen. Dar\u00fcber hinaus werden alle Spenderkandidaten den umfangreichsten Gentests aller Spermienbanken unterzogen, und alle Ergebnisse werden von unseren eigenen Experten im Bereich Genetik \u00fcberpr\u00fcft. Obwohl das Risiko einer genetischen \u00dcbertragung von Krankheiten niemals vollst\u00e4ndig ausgeschlossen werden kann, k\u00f6nnen Sie sicher sein, dass die Fairfax Cryobank eine ausgezeichnete Wahl f\u00fcr Spendersperma ist und Risikofaktoren auf das niedrigste verf\u00fcgbare Niveau reduziert werden.<\/p>\n\n\n\n<p>Es gibt vielerlei Missverst\u00e4ndnisse \u00fcber die Bedeutung der Vererbung bei der Bestimmung der Art des Kindes, die sich aus dem biologischen Beitrag seines leiblichen Vaters ergibt. Jedes Ei und Sperma enth\u00e4lt die H\u00e4lfte der Gene des jeweiligen Elternteils, und somit teilt das Kind die H\u00e4lfte seiner Gene mit jedem Elternteil \u2013 aber nur die H\u00e4lfte. Es gibt keine M\u00f6glichkeit bis nach der Empf\u00e4ngnis zu bestimmen, welche genetischen Eigenschaften einem bestimmten Individuum vererbt werden, au\u00dfer in besonderen F\u00e4llen Gentests am Embryo, F\u00f6tus oder Kind, die n\u00fctzliche Informationen liefern k\u00f6nnen. So \u00e4hneln Kinder in gewissem Ma\u00dfe ihren Eltern, aber die \u00c4hnlichkeit ist bei weitem nicht vollst\u00e4ndig. Die genetische Verbindung zu Geschwistern besteht auch darin, die H\u00e4lfte der Gene zu teilen. Geschwister sind in den meisten Merkmalen bei weitem nicht identisch \u2013 sie \u00e4hneln sich jedoch mehr als zwei zuf\u00e4llig ausgew\u00e4hlte, nicht miteinander verwandte Personen.<\/p>\n\n\n\n<p>Inwieweit spielt genetische Vererbung eine Rolle bei der Bestimmung, zu welcher Art von Person man wird? Die Optimierung des Umfelds, umfassend definiert unter Ber\u00fccksichtigung von guter Ern\u00e4hrung, Liebe der Eltern, hervorragenden Bildungschancen und vielem mehr, hilft nat\u00fcrlich jedem Kind, sein volles Potenzial auszusch\u00f6pfen. Es gibt jedoch umfangreiche Belege daf\u00fcr, dass dieses Potenzial stark von der Vererbung beeinflusst wird. Der beste Beweis daf\u00fcr sind Langzeitstudien an identischen Zwillingen &#8211; die genetisch identisch sind -, die jedoch zum Zeitpunkt der Geburt getrennt und danach unterschiedlich aufgezogen wurden. Eine endg\u00fcltige Zusammenfassung der Forschung \u00fcber eineiige Zwillinge, die unterschiedlich aufgezogen wurden, wurde k\u00fcrzlich von Nancy L. Segal, Ph.D., in ihrem Buch <a rel=\"noreferrer noopener\" href=\"https:\/\/drnancysegaltwins.org\/index.php\/about-born-together-reared-apart\" target=\"_blank\">\u201cBorn Together \u2013 Reared Apart: The Landmark Minnesota Twin Study\u201d<\/a>. zusammengestellt. Die fundamentale Schlussfolgerung aus jahrzehntelanger Forschung ist, dass die Lebensmuster, Leistungen, Intelligenz und das Erscheinungsbild identischer Zwillingspaare, die sich in vielen F\u00e4llen bis ins hohe Alter nie wieder trafen, erstaunlich \u00e4hnlich sind. Die Genetik spielt also eine gro\u00dfe Rolle bei der Bestimmung, wer wir sind und was wir im Kindes- und Erwachsenenleben werden. Die meisten Wissenschaftler erkennen jetzt, dass die Intelligenz zu mindestens 50% durch Vererbung bestimmt wird, und viele w\u00fcrden diese Zahl n\u00e4her an 70% platzieren. Eigenschaften wie musikalische F\u00e4higkeiten, k\u00fcnstlerisches Talent, sportliche Begabung und vieles mehr sind zum Teil auch genetisch bedingt.<\/p>\n\n\n\n<p>Aus diesem Grund empfehlen wir, auch unter Ber\u00fccksichtigung der unterschiedlichen Vererbung bestimmter Gene von leiblichen Eltern einen Samenspender zu w\u00e4hlen, der die Eigenschaften aufweist, die man von einem Kind erwartet. Es gibt keine Garantie daf\u00fcr, dass eine bestimmte Qualit\u00e4t tats\u00e4chlich beim Kind zum Ausdruck kommt, aber es ist wahrscheinlicher, dass sie auftritt, als wenn dies bei der Entscheidung \u00fcber den zu verwendenden Spender nicht ber\u00fccksichtigt wird. Aus diesem Grund wurde unser Cryobank-Spenderpool sehr sorgf\u00e4ltig ausgew\u00e4hlt, um nicht nur nachweisbare Neigungen zu nachteiligen Merkmalen auszuschlie\u00dfen, sondern vor allem um positive Eigenschaften zu ber\u00fccksichtigen, die von vielen Eltern gew\u00fcnscht werden. Wir schlie\u00dfen Spender mit einer Familiengeschichte oder Anzeichen von Alkohol- oder Drogenmissbrauch, negativen Verhaltensmerkmalen, manisch-depressiven Erkrankungen oder Schizophrenie und potenziell vererbbaren k\u00f6rperlichen Einschr\u00e4nkungen vorzeitig aus. Wir setzen Samenspender ein, die Studenten an Colleges sind oder \u00fcber fortgeschrittene Abschl\u00fcsse (einschlie\u00dflich Doktortitel) verf\u00fcgen und Nachweise f\u00fcr fundierte Informationen liefern. Detaillierte Informationen \u00fcber die Talente, Hobbys, Interessen, Eigenschaften und das Erscheinungsbild unserer Spender stehen zur Verf\u00fcgung. Auf Anfrage erhalten Sie zus\u00e4tzliche Informationen \u00fcber unsere Samenspender. Unser Ziel ist es sicherzustellen, dass Sie aus einer au\u00dfergew\u00f6hnlich gro\u00dfen Anzahl von Samenspendern ausw\u00e4hlen k\u00f6nnen, die \u00fcber ausgezeichnete Qualit\u00e4ten verf\u00fcgen.<\/p>\n\n\n\n<p>Abschlie\u00dfend ist anzumerken, dass eine gro\u00dfe Mehrheit der Spenderkandidaten, die alle oben genannten Standards f\u00fcr die infekti\u00f6se und genetische Sicherheit erf\u00fcllen und bewundernswerte Eigenschaften aufweisen, dennoch als Spender bei der Fairfax Cryobank abgelehnt werden. Es ist eine unerkl\u00e4rliche biologische Tatsache, dass das Sperma vieler M\u00e4nner nicht gut gefriert. W\u00e4hrend frisches Sperma von den meisten M\u00e4nnern leicht Schwangerschaften ausl\u00f6st, produziert nur eine kleine Minderheit Sperma, das vor der Verwendung eingefroren, gelagert und aufgetaut werden kann und dennoch die au\u00dfergew\u00f6hnliche Lebensf\u00e4higkeit und Vitalit\u00e4t beibeh\u00e4lt, die f\u00fcr eine hohe Schwangerschaftsrate erforderlich ist. Wenn Sie sich letztendlich f\u00fcr Sperma von einem unserer Spender entscheiden, w\u00e4hlen Sie unter potenziellen biologischen V\u00e4tern aus, die sehr, sehr sorgf\u00e4ltig befragt, gescreent und getestet wurden, um alle notwendigen Voraussetzungen zu erf\u00fcllen, um ein hervorragender Samenspender zu sein. Weniger als 1% aller Antr\u00e4ge von M\u00e4nner f\u00fcr Samenspender werden erfolgreich als Spender bei Fairfax Cryobank akzeptiert. Wir haben diese Samenspender durch erhebliche Anstrengungen gefunden, die auf dem Verst\u00e4ndnis der gro\u00dfen Bedeutung der verschiedenen in diesem Artikel behandelten Themen beruhen.<\/p>\n\n\n\n<p>Wir w\u00fcnschen Ihnen viel Erfolg und Gl\u00fcck bei der Auswahl Ihres perfekten Samenspenders! Wir sind hier, um Ihnen zu helfen, und wenn Ihnen zus\u00e4tzliche Informationen zu unseren Samenspendern wichtig sind, werden wir unser M\u00f6glichstes tun, um Ihnen diese Informationen zur Verf\u00fcgung zu stellen. Rufen Sie einfach unter 0800-333-4211 an. Wir sind zuversichtlich, dass Sie bei Fairfax Cryobank f\u00fcndig werden, und Ihren idealen Samenspender finden!<\/p>\n\n\n\n<p><\/p>\n","protected":false},"excerpt":{"rendered":"<p>Der beste Weg, einen Samenspender zu finden von Joseph D. Schulman, M.D. Gr\u00fcnder, Genetics &amp; IVF Institute Die Wahl eines Samenspenders ist eine sehr wichtige Entscheidung, und jeder bringt seine eigenen Perspektiven in diese Herausforderung ein. Mit langj\u00e4hriger Erfahrung in der Betreuung von Patienten mit Problemen in der Fortpflanzung und &#8230;<\/p>\n","protected":false},"author":1,"featured_media":14728,"parent":0,"menu_order":0,"comment_status":"closed","ping_status":"closed","template":"","meta":{"footnotes":""},"class_list":["post-4829","page","type-page","status-publish","has-post-thumbnail","hentry"],"yoast_head":"<!-- This site is optimized with the Yoast SEO plugin v27.1.1 - https:\/\/yoast.com\/product\/yoast-seo-wordpress\/ -->\n<title>W\u00e4hlen Sie Ihren perfekten Samenspender | Fairfax Cryobank<\/title>\n<meta name=\"description\" content=\"Mit Fairfax Cryobank Ihren perfekten Samenspender finden und den richtigen Spenderkandidaten ausw\u00e4hlen. Hohe Sicherheitsstandards und strengste Screenings.\" \/>\n<meta name=\"robots\" content=\"index, follow, max-snippet:-1, max-image-preview:large, max-video-preview:-1\" \/>\n<link rel=\"canonical\" href=\"https:\/\/fairfaxcryobank.com\/de\/so-waehlen-sie-ihren-spender\" \/>\n<meta property=\"og:locale\" content=\"de_DE\" \/>\n<meta property=\"og:type\" content=\"article\" \/>\n<meta property=\"og:title\" content=\"W\u00e4hlen Sie Ihren perfekten Samenspender | Fairfax Cryobank\" \/>\n<meta property=\"og:description\" content=\"Mit Fairfax Cryobank Ihren perfekten Samenspender finden und den richtigen Spenderkandidaten ausw\u00e4hlen. Hohe Sicherheitsstandards und strengste Screenings.\" \/>\n<meta property=\"og:url\" content=\"https:\/\/fairfaxcryobank.com\/de\/so-waehlen-sie-ihren-spender\" \/>\n<meta property=\"og:site_name\" content=\"Fairfax Cryobank - Find a Sperm Donor\" \/>\n<meta property=\"article:publisher\" content=\"https:\/\/www.facebook.com\/fairfax.cryobank\" \/>\n<meta property=\"article:modified_time\" content=\"2024-08-15T19:23:21+00:00\" \/>\n<meta property=\"og:image\" content=\"https:\/\/fairfaxcryobank.com\/wp-content\/uploads\/iStock-1138263345-smaller.jpg\" \/>\n\t<meta property=\"og:image:width\" content=\"2449\" \/>\n\t<meta property=\"og:image:height\" content=\"1633\" \/>\n\t<meta property=\"og:image:type\" content=\"image\/jpeg\" \/>\n<meta name=\"twitter:card\" content=\"summary_large_image\" \/>\n<meta name=\"twitter:site\" content=\"@FairfaxCryobank\" \/>\n<meta name=\"twitter:label1\" content=\"Gesch\u00e4tzte Lesezeit\" \/>\n\t<meta name=\"twitter:data1\" content=\"6\u00a0Minuten\" \/>\n<script type=\"application\/ld+json\" class=\"yoast-schema-graph\">{\"@context\":\"https:\/\/schema.org\",\"@graph\":[{\"@type\":\"WebPage\",\"@id\":\"https:\/\/fairfaxcryobank.com\/de\/so-waehlen-sie-ihren-spender\",\"url\":\"https:\/\/fairfaxcryobank.com\/de\/so-waehlen-sie-ihren-spender\",\"name\":\"W\u00e4hlen Sie Ihren perfekten Samenspender | Fairfax Cryobank\",\"isPartOf\":{\"@id\":\"https:\/\/fairfaxcryobank.com\/de#website\"},\"primaryImageOfPage\":{\"@id\":\"https:\/\/fairfaxcryobank.com\/de\/so-waehlen-sie-ihren-spender#primaryimage\"},\"image\":{\"@id\":\"https:\/\/fairfaxcryobank.com\/de\/so-waehlen-sie-ihren-spender#primaryimage\"},\"thumbnailUrl\":\"https:\/\/fairfaxcryobank.com\/wp-content\/uploads\/iStock-1138263345-smaller.jpg\",\"datePublished\":\"2019-12-18T15:02:15+00:00\",\"dateModified\":\"2024-08-15T19:23:21+00:00\",\"description\":\"Mit Fairfax Cryobank Ihren perfekten Samenspender finden und den richtigen Spenderkandidaten ausw\u00e4hlen. Hohe Sicherheitsstandards und strengste Screenings.\",\"breadcrumb\":{\"@id\":\"https:\/\/fairfaxcryobank.com\/de\/so-waehlen-sie-ihren-spender#breadcrumb\"},\"inLanguage\":\"de\",\"potentialAction\":[{\"@type\":\"ReadAction\",\"target\":[\"https:\/\/fairfaxcryobank.com\/de\/so-waehlen-sie-ihren-spender\"]}]},{\"@type\":\"ImageObject\",\"inLanguage\":\"de\",\"@id\":\"https:\/\/fairfaxcryobank.com\/de\/so-waehlen-sie-ihren-spender#primaryimage\",\"url\":\"https:\/\/fairfaxcryobank.com\/wp-content\/uploads\/iStock-1138263345-smaller.jpg\",\"contentUrl\":\"https:\/\/fairfaxcryobank.com\/wp-content\/uploads\/iStock-1138263345-smaller.jpg\",\"width\":2449,\"height\":1633,\"caption\":\"how to find a sperm donor\"},{\"@type\":\"BreadcrumbList\",\"@id\":\"https:\/\/fairfaxcryobank.com\/de\/so-waehlen-sie-ihren-spender#breadcrumb\",\"itemListElement\":[{\"@type\":\"ListItem\",\"position\":1,\"name\":\"Home\",\"item\":\"https:\/\/fairfaxcryobank.com\/de\"},{\"@type\":\"ListItem\",\"position\":2,\"name\":\"So w\u00e4hlen Sie Ihren perfekten Samenspender\"}]},{\"@type\":\"WebSite\",\"@id\":\"https:\/\/fairfaxcryobank.com\/de#website\",\"url\":\"https:\/\/fairfaxcryobank.com\/de\",\"name\":\"Fairfax Cryobank - Find a Sperm Donor\",\"description\":\"Top-Tier Sperm Bank\",\"publisher\":{\"@id\":\"https:\/\/fairfaxcryobank.com\/de#organization\"},\"potentialAction\":[{\"@type\":\"SearchAction\",\"target\":{\"@type\":\"EntryPoint\",\"urlTemplate\":\"https:\/\/fairfaxcryobank.com\/de?s={search_term_string}\"},\"query-input\":{\"@type\":\"PropertyValueSpecification\",\"valueRequired\":true,\"valueName\":\"search_term_string\"}}],\"inLanguage\":\"de\"},{\"@type\":\"Organization\",\"@id\":\"https:\/\/fairfaxcryobank.com\/de#organization\",\"name\":\"Fairfax Cryobank\",\"url\":\"https:\/\/fairfaxcryobank.com\/de\",\"logo\":{\"@type\":\"ImageObject\",\"inLanguage\":\"de\",\"@id\":\"https:\/\/fairfaxcryobank.com\/de#\/schema\/logo\/image\/\",\"url\":\"https:\/\/fairfaxcryobank.com\/wp-content\/uploads\/logo.webp\",\"contentUrl\":\"https:\/\/fairfaxcryobank.com\/wp-content\/uploads\/logo.webp\",\"width\":1,\"height\":1,\"caption\":\"Fairfax Cryobank\"},\"image\":{\"@id\":\"https:\/\/fairfaxcryobank.com\/de#\/schema\/logo\/image\/\"},\"sameAs\":[\"https:\/\/www.facebook.com\/fairfax.cryobank\",\"https:\/\/x.com\/FairfaxCryobank\",\"https:\/\/www.instagram.com\/fairfaxcryobank\/\",\"https:\/\/www.pinterest.com\/fairfaxcryo\/\"]}]}<\/script>\n<!-- \/ Yoast SEO plugin. -->","yoast_head_json":{"title":"W\u00e4hlen Sie Ihren perfekten Samenspender | Fairfax Cryobank","description":"Mit Fairfax Cryobank Ihren perfekten Samenspender finden und den richtigen Spenderkandidaten ausw\u00e4hlen. Hohe Sicherheitsstandards und strengste Screenings.","robots":{"index":"index","follow":"follow","max-snippet":"max-snippet:-1","max-image-preview":"max-image-preview:large","max-video-preview":"max-video-preview:-1"},"canonical":"https:\/\/fairfaxcryobank.com\/de\/so-waehlen-sie-ihren-spender","og_locale":"de_DE","og_type":"article","og_title":"W\u00e4hlen Sie Ihren perfekten Samenspender | Fairfax Cryobank","og_description":"Mit Fairfax Cryobank Ihren perfekten Samenspender finden und den richtigen Spenderkandidaten ausw\u00e4hlen. Hohe Sicherheitsstandards und strengste Screenings.","og_url":"https:\/\/fairfaxcryobank.com\/de\/so-waehlen-sie-ihren-spender","og_site_name":"Fairfax Cryobank - Find a Sperm Donor","article_publisher":"https:\/\/www.facebook.com\/fairfax.cryobank","article_modified_time":"2024-08-15T19:23:21+00:00","og_image":[{"width":2449,"height":1633,"url":"https:\/\/fairfaxcryobank.com\/wp-content\/uploads\/iStock-1138263345-smaller.jpg","type":"image\/jpeg"}],"twitter_card":"summary_large_image","twitter_site":"@FairfaxCryobank","twitter_misc":{"Gesch\u00e4tzte Lesezeit":"6\u00a0Minuten"},"schema":{"@context":"https:\/\/schema.org","@graph":[{"@type":"WebPage","@id":"https:\/\/fairfaxcryobank.com\/de\/so-waehlen-sie-ihren-spender","url":"https:\/\/fairfaxcryobank.com\/de\/so-waehlen-sie-ihren-spender","name":"W\u00e4hlen Sie Ihren perfekten Samenspender | Fairfax Cryobank","isPartOf":{"@id":"https:\/\/fairfaxcryobank.com\/de#website"},"primaryImageOfPage":{"@id":"https:\/\/fairfaxcryobank.com\/de\/so-waehlen-sie-ihren-spender#primaryimage"},"image":{"@id":"https:\/\/fairfaxcryobank.com\/de\/so-waehlen-sie-ihren-spender#primaryimage"},"thumbnailUrl":"https:\/\/fairfaxcryobank.com\/wp-content\/uploads\/iStock-1138263345-smaller.jpg","datePublished":"2019-12-18T15:02:15+00:00","dateModified":"2024-08-15T19:23:21+00:00","description":"Mit Fairfax Cryobank Ihren perfekten Samenspender finden und den richtigen Spenderkandidaten ausw\u00e4hlen. Hohe Sicherheitsstandards und strengste Screenings.","breadcrumb":{"@id":"https:\/\/fairfaxcryobank.com\/de\/so-waehlen-sie-ihren-spender#breadcrumb"},"inLanguage":"de","potentialAction":[{"@type":"ReadAction","target":["https:\/\/fairfaxcryobank.com\/de\/so-waehlen-sie-ihren-spender"]}]},{"@type":"ImageObject","inLanguage":"de","@id":"https:\/\/fairfaxcryobank.com\/de\/so-waehlen-sie-ihren-spender#primaryimage","url":"https:\/\/fairfaxcryobank.com\/wp-content\/uploads\/iStock-1138263345-smaller.jpg","contentUrl":"https:\/\/fairfaxcryobank.com\/wp-content\/uploads\/iStock-1138263345-smaller.jpg","width":2449,"height":1633,"caption":"how to find a sperm donor"},{"@type":"BreadcrumbList","@id":"https:\/\/fairfaxcryobank.com\/de\/so-waehlen-sie-ihren-spender#breadcrumb","itemListElement":[{"@type":"ListItem","position":1,"name":"Home","item":"https:\/\/fairfaxcryobank.com\/de"},{"@type":"ListItem","position":2,"name":"So w\u00e4hlen Sie Ihren perfekten Samenspender"}]},{"@type":"WebSite","@id":"https:\/\/fairfaxcryobank.com\/de#website","url":"https:\/\/fairfaxcryobank.com\/de","name":"Fairfax Cryobank - Find a Sperm Donor","description":"Top-Tier Sperm Bank","publisher":{"@id":"https:\/\/fairfaxcryobank.com\/de#organization"},"potentialAction":[{"@type":"SearchAction","target":{"@type":"EntryPoint","urlTemplate":"https:\/\/fairfaxcryobank.com\/de?s={search_term_string}"},"query-input":{"@type":"PropertyValueSpecification","valueRequired":true,"valueName":"search_term_string"}}],"inLanguage":"de"},{"@type":"Organization","@id":"https:\/\/fairfaxcryobank.com\/de#organization","name":"Fairfax Cryobank","url":"https:\/\/fairfaxcryobank.com\/de","logo":{"@type":"ImageObject","inLanguage":"de","@id":"https:\/\/fairfaxcryobank.com\/de#\/schema\/logo\/image\/","url":"https:\/\/fairfaxcryobank.com\/wp-content\/uploads\/logo.webp","contentUrl":"https:\/\/fairfaxcryobank.com\/wp-content\/uploads\/logo.webp","width":1,"height":1,"caption":"Fairfax Cryobank"},"image":{"@id":"https:\/\/fairfaxcryobank.com\/de#\/schema\/logo\/image\/"},"sameAs":["https:\/\/www.facebook.com\/fairfax.cryobank","https:\/\/x.com\/FairfaxCryobank","https:\/\/www.instagram.com\/fairfaxcryobank\/","https:\/\/www.pinterest.com\/fairfaxcryo\/"]}]}},"post_mailing_queue_ids":[],"_links":{"self":[{"href":"https:\/\/fairfaxcryobank.com\/de\/wp-json\/wp\/v2\/pages\/4829","targetHints":{"allow":["GET"]}}],"collection":[{"href":"https:\/\/fairfaxcryobank.com\/de\/wp-json\/wp\/v2\/pages"}],"about":[{"href":"https:\/\/fairfaxcryobank.com\/de\/wp-json\/wp\/v2\/types\/page"}],"author":[{"embeddable":true,"href":"https:\/\/fairfaxcryobank.com\/de\/wp-json\/wp\/v2\/users\/1"}],"replies":[{"embeddable":true,"href":"https:\/\/fairfaxcryobank.com\/de\/wp-json\/wp\/v2\/comments?post=4829"}],"version-history":[{"count":2,"href":"https:\/\/fairfaxcryobank.com\/de\/wp-json\/wp\/v2\/pages\/4829\/revisions"}],"predecessor-version":[{"id":30373,"href":"https:\/\/fairfaxcryobank.com\/de\/wp-json\/wp\/v2\/pages\/4829\/revisions\/30373"}],"wp:featuredmedia":[{"embeddable":true,"href":"https:\/\/fairfaxcryobank.com\/de\/wp-json\/wp\/v2\/media\/14728"}],"wp:attachment":[{"href":"https:\/\/fairfaxcryobank.com\/de\/wp-json\/wp\/v2\/media?parent=4829"}],"curies":[{"name":"wp","href":"https:\/\/api.w.org\/{rel}","templated":true}]}}