{"id":4831,"date":"2019-12-18T15:02:58","date_gmt":"2019-12-18T15:02:58","guid":{"rendered":"https:\/\/fairfaxcryobank.com\/?page_id=4831"},"modified":"2022-04-27T14:32:58","modified_gmt":"2022-04-27T18:32:58","slug":"spenderauswahl-service","status":"publish","type":"page","link":"https:\/\/fairfaxcryobank.com\/de\/spenderauswahl-service","title":{"rendered":"Spermaspenderauswahl-Service"},"content":{"rendered":"\n<h2 class=\"wp-block-heading\"><strong>Brauchen Sie Hilfe bei Ihrer Spermaspendersuche?<\/strong><\/h2>\n\n\n\n<h3 class=\"wp-block-heading\"><strong>Nutzen Sie den Fairfax Cryobank Samenspenderauswahl-Service, um den perfekten Samenspender zu finden.<\/strong><\/h3>\n\n\n\n<p><strong>Samenspender Foto-Matching<\/strong><\/p>\n\n\n\n<p>Sie k\u00f6nnen Samenspender basierend darauf ausgew\u00e4hlt werden, wie stark der Spermaspender einer anderen Person \u00e4hneln. Ein Mitarbeiter pr\u00fcft nicht \u00f6ffentlich zug\u00e4ngliche Erwachsenenfotos unserer Samenspender und f\u00fchrt die von Ihnen angeforderten Vergleiche durch. Wenn Sie an der Nutzung dieses Samenspenderauwahl-Services der Fairfax Cryobank interessiert sind, f\u00fcllen Sie bitte das Formular zur Anforderung f\u00fcr ein Foto-Matching aus und senden Sie uns eine E-Mail oder einen Brief mit Farbfotos der Person, an der Sie interessiert sind. Sie k\u00f6nnen entweder das PDF-Formular herunterladen oder einfach die elektronische Kopie ausf\u00fcllen und unterschreiben. Bitte senden Sie dann umgehend Fotos per E-Mail oder per Post an die Fairfax Cryobank. Ausf\u00fchrliche Informationen finden Sie im Formular.<\/p>\n\n\n\n<figure class=\"wp-block-embed-youtube wp-block-embed is-type-video is-provider-youtube wp-embed-aspect-16-9 wp-has-aspect-ratio\"><div class=\"wp-block-embed__wrapper\">\n<iframe loading=\"lazy\" title=\"Fairfax Sperm Donor Photo Matching Service\" width=\"500\" height=\"281\" src=\"https:\/\/www.youtube.com\/embed\/3h3F_IX1i28?feature=oembed\" frameborder=\"0\" allow=\"accelerometer; autoplay; clipboard-write; encrypted-media; gyroscope; picture-in-picture; web-share\" referrerpolicy=\"strict-origin-when-cross-origin\" allowfullscreen><\/iframe>\n<\/div><figcaption><em>Foto-Matching Service von Fairfax Cryobank<\/em><\/figcaption><\/figure>\n\n\n\n<p><strong>Genetische Beratung:<\/strong><\/p>\n\n\n\n<p>Einige unserer Kunden und Patienten haben m\u00f6glicherweise besondere Umst\u00e4nde, die es erforderlich machen, Spermaspender auszuw\u00e4hlen, die auf eine bestimmte genetische Krankheit getestet wurden, die in ihrer Familie vorkommt, oder einfach mehr Informationen \u00fcber eine genetische oder erbliche Situation zu sammeln. Hilfe erhalten Sie von unserer genetischen Beratung. Beratungsgespr\u00e4che sind nach Vereinbarung m\u00f6glich.<\/p>\n\n\n\n<p><a href=\"https:\/\/fairfaxcryobank.com\/de\/ampullen-rueckkauf\"><strong>Garantierte Verf\u00fcgbarkeit: Vial Buy &amp; Store<\/strong>:<\/a><\/p>\n\n\n\n<p>Wir bieten zwei M\u00f6glichkeiten, um Ihnen den Prozess bei der Fairfax Cryobank zu erleichtern. Warum? Ganz einfach: Garantierte Verf\u00fcgbarkeit!<br>Mit Vial Buy &amp; Store k\u00f6nnen Sie jetzt den perfekten Samenspender finden und f\u00fcr Ihre zuk\u00fcnftige Verwendung aufbewahren, denn die Verf\u00fcgbarkeit kann sich jederzeit \u00e4ndern. Daher ist es wichtig, dass Sie schon jetzt f\u00fcr die zuk\u00fcnftige Verwendung oder f\u00fcr zuk\u00fcnftige Kinder Sperma von dem gleichen Samenspender kaufen. Wenn Sie zu einem sp\u00e4teren Zeitpunkt feststellen, dass die von Ihnen gelagerten Ampullen und Fl\u00e4schchen von Samenspendern, die nicht mehr ben\u00f6tigt werden, kaufen wir zum halben Preis zur\u00fcck, solange diese unser Fairfax Cryobank-Werk noch nicht verlassen hat (siehe auch <a href=\"https:\/\/fairfaxcryobank.com\/de\/ampullen-rueckkauf\">Vial Buy Back-Programm<\/a>).<\/p>\n\n\n\n<p><strong>Spender-Reaktivierungsservice:<\/strong><\/p>\n\n\n\n<p>Die Fairfax Cryobank wird versuchen, Samenspender zu finden und zu reaktivieren, die das Programm verlassen haben, solange keine weiteren Exemplare \u00fcbrig sind. Bitte beachten Sie, dass das Spender-Reaktivierungsprogramm nur f\u00fcr Patienten verf\u00fcgbar ist, die zus\u00e4tzliche Kinder vom selben Samenspender suchen. Wenn ein Spender seine Maximalgrenzen f\u00fcr sog. Familieneinheiten oder Gesamtverk\u00e4ufe erreicht hat, kann die Reaktivierung dieses Samenspenders f\u00fcr Geschwisterschwangerschaften verf\u00fcgbar sein. Hier weitere Infos zu Einschr\u00e4nkungen bei Spendergeburten.<\/p>\n\n\n\n<p>Vor Beginn der Suche nach Ihrem perfekten Samenspender sind eine Spendersuchgeb\u00fchr, eine Spenderbearbeitungsgeb\u00fchr, eine Geb\u00fchr f\u00fcr Tests auf Infektionskrankheiten und eine Geb\u00fchr f\u00fcr die Aufbewahrung von Proben (mindestens 6 Monate) zu entrichten. Alle Geb\u00fchren mit Ausnahme der Spendersuchgeb\u00fchr werden erstattet, wenn der fr\u00fchere Samenspender nicht gefunden werden kann oder sich weigert, erneut an dem Spenderprogramm teilzunehmen. Eine erfolgreiche Spenderreaktivierung kostet mehrere tausende Dollar.<\/p>\n\n\n\n<p><strong>Designierter Spender (bekannter Spender):<\/strong> <\/p>\n\n\n\n<p>Ein benannter, bekannter oder gerichteter Spender (\u201cDirected Donor\u201c, auch DD genannt) ist ein Samenspender, der zur Besamung eines nicht-sexuell intimen Partners verwendet wird. F\u00fcr detaillierte Informationen \u00fcber diesen verf\u00fcgbaren Service, einschlie\u00dflich der Geb\u00fchren, klicken Sie bitte hier. Dies w\u00fcrde Situationen einschlie\u00dfen, in denen eine Frau eine Schwangerschaft von einem ihr bekannten Mann empfangen m\u00f6chte, statt Geschlechtsverkehr zu haben, sich daf\u00fcr entscheidet, k\u00fcnstliche Besamung mit seinem Samen zu verwenden, mit seinem vollst\u00e4ndigen Wissen und seiner Zustimmung. Dar\u00fcber hinaus wird bei Paaren, die eine Schwangerschaftstr\u00e4gerin (\u201eGestational Carrier\u201c, auch GK) verwenden, auch davon ausgegangen, dass sie einen bekannten Samenspender verwenden. Eine Schwangerschaftstr\u00e4gerin ist eine Frau, die der Implantation eines oder mehrerer Embryonen in ihre Geb\u00e4rmutter zugestimmt hat. Die Schwangerschaftstr\u00e4gerin hat keine biologische Verbindung zu den \u00fcbertragenen Embryonen, und es ist beabsichtigt, dass sie eine Schwangerschaft f\u00fcr das Paar fortf\u00fchrt, das die Embryonen geliefert hat.<\/p>\n\n\n\n<p><strong>Laden Sie jetzt Ihr eigenes Foto auf Fairfax FaceMatch hoch<\/strong> :<\/p>\n\n\n\n<p>W\u00e4hrend der Suche nach Samenspendern k\u00f6nnen Sie das Aussehen der Spender im Vergleich zu Ihren Lieben, Freunden oder Prominenten ber\u00fccksichtigen. Laden Sie Ihr Foto jetzt auf Fairfax FaceMatch hoch und lassen Sie den wissenschaftlichen Gesichtsalgorithmus Spender mit \u00e4hnlichem Gesichtsausdruck empfehlen. <\/p>\n\n\n\n<div class=\"wp-block-button aligncenter\"><a class=\"wp-block-button__link has-text-color has-background\" href=\"https:\/\/fairfaxcryobank.com\/de\/fairfax-facematch\" style=\"background-color:#ea6950;color:#ffffff\">JETZT KOSTENLOS FAIRFAX FACEMATCH TESTEN!<\/a><\/div>\n","protected":false},"excerpt":{"rendered":"<p>Brauchen Sie Hilfe bei Ihrer Spermaspendersuche? Nutzen Sie den Fairfax Cryobank Samenspenderauswahl-Service, um den perfekten Samenspender zu finden. Samenspender Foto-Matching Sie k\u00f6nnen Samenspender basierend darauf ausgew\u00e4hlt werden, wie stark der Spermaspender einer anderen Person \u00e4hneln. Ein Mitarbeiter pr\u00fcft nicht \u00f6ffentlich zug\u00e4ngliche Erwachsenenfotos unserer Samenspender und f\u00fchrt die von Ihnen angeforderten &#8230;<\/p>\n","protected":false},"author":1,"featured_media":12996,"parent":0,"menu_order":0,"comment_status":"closed","ping_status":"closed","template":"","meta":{"footnotes":""},"class_list":["post-4831","page","type-page","status-publish","has-post-thumbnail","hentry"],"yoast_head":"<!-- This site is optimized with the Yoast SEO plugin v27.1.1 - https:\/\/yoast.com\/product\/yoast-seo-wordpress\/ -->\n<title>Samenspender finden Spenderauswahl-Service Fairfax Cryobank<\/title>\n<meta name=\"description\" content=\"Brauchen Sie Hilfe bei Ihrer Spermaspendersuche? Finden Sie noch heute Ihren perfekten Samenspender mit unserem Spenderauswahl-Service von Fairfax Cryobank.\" \/>\n<meta name=\"robots\" content=\"index, follow, max-snippet:-1, max-image-preview:large, max-video-preview:-1\" \/>\n<link rel=\"canonical\" href=\"https:\/\/fairfaxcryobank.com\/de\/spenderauswahl-service\" \/>\n<meta property=\"og:locale\" content=\"de_DE\" \/>\n<meta property=\"og:type\" content=\"article\" \/>\n<meta property=\"og:title\" content=\"Samenspender finden Spenderauswahl-Service Fairfax Cryobank\" \/>\n<meta property=\"og:description\" content=\"Brauchen Sie Hilfe bei Ihrer Spermaspendersuche? Finden Sie noch heute Ihren perfekten Samenspender mit unserem Spenderauswahl-Service von Fairfax Cryobank.\" \/>\n<meta property=\"og:url\" content=\"https:\/\/fairfaxcryobank.com\/de\/spenderauswahl-service\" \/>\n<meta property=\"og:site_name\" content=\"Fairfax Cryobank - Find a Sperm Donor\" \/>\n<meta property=\"article:publisher\" content=\"https:\/\/www.facebook.com\/fairfax.cryobank\" \/>\n<meta property=\"article:modified_time\" content=\"2022-04-27T18:32:58+00:00\" \/>\n<meta property=\"og:image\" content=\"https:\/\/fairfaxcryobank.com\/wp-content\/uploads\/5573baby-1.jpg\" \/>\n\t<meta property=\"og:image:width\" content=\"700\" \/>\n\t<meta property=\"og:image:height\" content=\"795\" \/>\n\t<meta property=\"og:image:type\" content=\"image\/jpeg\" \/>\n<meta name=\"twitter:card\" content=\"summary_large_image\" \/>\n<meta name=\"twitter:site\" content=\"@FairfaxCryobank\" \/>\n<meta name=\"twitter:label1\" content=\"Gesch\u00e4tzte Lesezeit\" \/>\n\t<meta name=\"twitter:data1\" content=\"4\u00a0Minuten\" \/>\n<script type=\"application\/ld+json\" class=\"yoast-schema-graph\">{\"@context\":\"https:\/\/schema.org\",\"@graph\":[{\"@type\":\"WebPage\",\"@id\":\"https:\/\/fairfaxcryobank.com\/de\/spenderauswahl-service\",\"url\":\"https:\/\/fairfaxcryobank.com\/de\/spenderauswahl-service\",\"name\":\"Samenspender finden Spenderauswahl-Service Fairfax Cryobank\",\"isPartOf\":{\"@id\":\"https:\/\/fairfaxcryobank.com\/de#website\"},\"primaryImageOfPage\":{\"@id\":\"https:\/\/fairfaxcryobank.com\/de\/spenderauswahl-service#primaryimage\"},\"image\":{\"@id\":\"https:\/\/fairfaxcryobank.com\/de\/spenderauswahl-service#primaryimage\"},\"thumbnailUrl\":\"https:\/\/fairfaxcryobank.com\/wp-content\/uploads\/5573baby-1.jpg\",\"datePublished\":\"2019-12-18T15:02:58+00:00\",\"dateModified\":\"2022-04-27T18:32:58+00:00\",\"description\":\"Brauchen Sie Hilfe bei Ihrer Spermaspendersuche? Finden Sie noch heute Ihren perfekten Samenspender mit unserem Spenderauswahl-Service von Fairfax Cryobank.\",\"breadcrumb\":{\"@id\":\"https:\/\/fairfaxcryobank.com\/de\/spenderauswahl-service#breadcrumb\"},\"inLanguage\":\"de\",\"potentialAction\":[{\"@type\":\"ReadAction\",\"target\":[\"https:\/\/fairfaxcryobank.com\/de\/spenderauswahl-service\"]}]},{\"@type\":\"ImageObject\",\"inLanguage\":\"de\",\"@id\":\"https:\/\/fairfaxcryobank.com\/de\/spenderauswahl-service#primaryimage\",\"url\":\"https:\/\/fairfaxcryobank.com\/wp-content\/uploads\/5573baby-1.jpg\",\"contentUrl\":\"https:\/\/fairfaxcryobank.com\/wp-content\/uploads\/5573baby-1.jpg\",\"width\":700,\"height\":795,\"caption\":\"Spermaspendersuche\"},{\"@type\":\"BreadcrumbList\",\"@id\":\"https:\/\/fairfaxcryobank.com\/de\/spenderauswahl-service#breadcrumb\",\"itemListElement\":[{\"@type\":\"ListItem\",\"position\":1,\"name\":\"Home\",\"item\":\"https:\/\/fairfaxcryobank.com\/de\"},{\"@type\":\"ListItem\",\"position\":2,\"name\":\"Spermaspenderauswahl-Service\"}]},{\"@type\":\"WebSite\",\"@id\":\"https:\/\/fairfaxcryobank.com\/de#website\",\"url\":\"https:\/\/fairfaxcryobank.com\/de\",\"name\":\"Fairfax Cryobank - Find a Sperm Donor\",\"description\":\"Top-Tier Sperm Bank\",\"publisher\":{\"@id\":\"https:\/\/fairfaxcryobank.com\/de#organization\"},\"potentialAction\":[{\"@type\":\"SearchAction\",\"target\":{\"@type\":\"EntryPoint\",\"urlTemplate\":\"https:\/\/fairfaxcryobank.com\/de?s={search_term_string}\"},\"query-input\":{\"@type\":\"PropertyValueSpecification\",\"valueRequired\":true,\"valueName\":\"search_term_string\"}}],\"inLanguage\":\"de\"},{\"@type\":\"Organization\",\"@id\":\"https:\/\/fairfaxcryobank.com\/de#organization\",\"name\":\"Fairfax Cryobank\",\"url\":\"https:\/\/fairfaxcryobank.com\/de\",\"logo\":{\"@type\":\"ImageObject\",\"inLanguage\":\"de\",\"@id\":\"https:\/\/fairfaxcryobank.com\/de#\/schema\/logo\/image\/\",\"url\":\"https:\/\/fairfaxcryobank.com\/wp-content\/uploads\/logo.webp\",\"contentUrl\":\"https:\/\/fairfaxcryobank.com\/wp-content\/uploads\/logo.webp\",\"width\":1,\"height\":1,\"caption\":\"Fairfax Cryobank\"},\"image\":{\"@id\":\"https:\/\/fairfaxcryobank.com\/de#\/schema\/logo\/image\/\"},\"sameAs\":[\"https:\/\/www.facebook.com\/fairfax.cryobank\",\"https:\/\/x.com\/FairfaxCryobank\",\"https:\/\/www.instagram.com\/fairfaxcryobank\/\",\"https:\/\/www.pinterest.com\/fairfaxcryo\/\"]}]}<\/script>\n<!-- \/ Yoast SEO plugin. -->","yoast_head_json":{"title":"Samenspender finden Spenderauswahl-Service Fairfax Cryobank","description":"Brauchen Sie Hilfe bei Ihrer Spermaspendersuche? Finden Sie noch heute Ihren perfekten Samenspender mit unserem Spenderauswahl-Service von Fairfax Cryobank.","robots":{"index":"index","follow":"follow","max-snippet":"max-snippet:-1","max-image-preview":"max-image-preview:large","max-video-preview":"max-video-preview:-1"},"canonical":"https:\/\/fairfaxcryobank.com\/de\/spenderauswahl-service","og_locale":"de_DE","og_type":"article","og_title":"Samenspender finden Spenderauswahl-Service Fairfax Cryobank","og_description":"Brauchen Sie Hilfe bei Ihrer Spermaspendersuche? Finden Sie noch heute Ihren perfekten Samenspender mit unserem Spenderauswahl-Service von Fairfax Cryobank.","og_url":"https:\/\/fairfaxcryobank.com\/de\/spenderauswahl-service","og_site_name":"Fairfax Cryobank - Find a Sperm Donor","article_publisher":"https:\/\/www.facebook.com\/fairfax.cryobank","article_modified_time":"2022-04-27T18:32:58+00:00","og_image":[{"width":700,"height":795,"url":"https:\/\/fairfaxcryobank.com\/wp-content\/uploads\/5573baby-1.jpg","type":"image\/jpeg"}],"twitter_card":"summary_large_image","twitter_site":"@FairfaxCryobank","twitter_misc":{"Gesch\u00e4tzte Lesezeit":"4\u00a0Minuten"},"schema":{"@context":"https:\/\/schema.org","@graph":[{"@type":"WebPage","@id":"https:\/\/fairfaxcryobank.com\/de\/spenderauswahl-service","url":"https:\/\/fairfaxcryobank.com\/de\/spenderauswahl-service","name":"Samenspender finden Spenderauswahl-Service Fairfax Cryobank","isPartOf":{"@id":"https:\/\/fairfaxcryobank.com\/de#website"},"primaryImageOfPage":{"@id":"https:\/\/fairfaxcryobank.com\/de\/spenderauswahl-service#primaryimage"},"image":{"@id":"https:\/\/fairfaxcryobank.com\/de\/spenderauswahl-service#primaryimage"},"thumbnailUrl":"https:\/\/fairfaxcryobank.com\/wp-content\/uploads\/5573baby-1.jpg","datePublished":"2019-12-18T15:02:58+00:00","dateModified":"2022-04-27T18:32:58+00:00","description":"Brauchen Sie Hilfe bei Ihrer Spermaspendersuche? Finden Sie noch heute Ihren perfekten Samenspender mit unserem Spenderauswahl-Service von Fairfax Cryobank.","breadcrumb":{"@id":"https:\/\/fairfaxcryobank.com\/de\/spenderauswahl-service#breadcrumb"},"inLanguage":"de","potentialAction":[{"@type":"ReadAction","target":["https:\/\/fairfaxcryobank.com\/de\/spenderauswahl-service"]}]},{"@type":"ImageObject","inLanguage":"de","@id":"https:\/\/fairfaxcryobank.com\/de\/spenderauswahl-service#primaryimage","url":"https:\/\/fairfaxcryobank.com\/wp-content\/uploads\/5573baby-1.jpg","contentUrl":"https:\/\/fairfaxcryobank.com\/wp-content\/uploads\/5573baby-1.jpg","width":700,"height":795,"caption":"Spermaspendersuche"},{"@type":"BreadcrumbList","@id":"https:\/\/fairfaxcryobank.com\/de\/spenderauswahl-service#breadcrumb","itemListElement":[{"@type":"ListItem","position":1,"name":"Home","item":"https:\/\/fairfaxcryobank.com\/de"},{"@type":"ListItem","position":2,"name":"Spermaspenderauswahl-Service"}]},{"@type":"WebSite","@id":"https:\/\/fairfaxcryobank.com\/de#website","url":"https:\/\/fairfaxcryobank.com\/de","name":"Fairfax Cryobank - Find a Sperm Donor","description":"Top-Tier Sperm Bank","publisher":{"@id":"https:\/\/fairfaxcryobank.com\/de#organization"},"potentialAction":[{"@type":"SearchAction","target":{"@type":"EntryPoint","urlTemplate":"https:\/\/fairfaxcryobank.com\/de?s={search_term_string}"},"query-input":{"@type":"PropertyValueSpecification","valueRequired":true,"valueName":"search_term_string"}}],"inLanguage":"de"},{"@type":"Organization","@id":"https:\/\/fairfaxcryobank.com\/de#organization","name":"Fairfax Cryobank","url":"https:\/\/fairfaxcryobank.com\/de","logo":{"@type":"ImageObject","inLanguage":"de","@id":"https:\/\/fairfaxcryobank.com\/de#\/schema\/logo\/image\/","url":"https:\/\/fairfaxcryobank.com\/wp-content\/uploads\/logo.webp","contentUrl":"https:\/\/fairfaxcryobank.com\/wp-content\/uploads\/logo.webp","width":1,"height":1,"caption":"Fairfax Cryobank"},"image":{"@id":"https:\/\/fairfaxcryobank.com\/de#\/schema\/logo\/image\/"},"sameAs":["https:\/\/www.facebook.com\/fairfax.cryobank","https:\/\/x.com\/FairfaxCryobank","https:\/\/www.instagram.com\/fairfaxcryobank\/","https:\/\/www.pinterest.com\/fairfaxcryo\/"]}]}},"post_mailing_queue_ids":[],"_links":{"self":[{"href":"https:\/\/fairfaxcryobank.com\/de\/wp-json\/wp\/v2\/pages\/4831","targetHints":{"allow":["GET"]}}],"collection":[{"href":"https:\/\/fairfaxcryobank.com\/de\/wp-json\/wp\/v2\/pages"}],"about":[{"href":"https:\/\/fairfaxcryobank.com\/de\/wp-json\/wp\/v2\/types\/page"}],"author":[{"embeddable":true,"href":"https:\/\/fairfaxcryobank.com\/de\/wp-json\/wp\/v2\/users\/1"}],"replies":[{"embeddable":true,"href":"https:\/\/fairfaxcryobank.com\/de\/wp-json\/wp\/v2\/comments?post=4831"}],"version-history":[{"count":1,"href":"https:\/\/fairfaxcryobank.com\/de\/wp-json\/wp\/v2\/pages\/4831\/revisions"}],"predecessor-version":[{"id":21189,"href":"https:\/\/fairfaxcryobank.com\/de\/wp-json\/wp\/v2\/pages\/4831\/revisions\/21189"}],"wp:featuredmedia":[{"embeddable":true,"href":"https:\/\/fairfaxcryobank.com\/de\/wp-json\/wp\/v2\/media\/12996"}],"wp:attachment":[{"href":"https:\/\/fairfaxcryobank.com\/de\/wp-json\/wp\/v2\/media?parent=4831"}],"curies":[{"name":"wp","href":"https:\/\/api.w.org\/{rel}","templated":true}]}}