{"id":4833,"date":"2019-12-18T15:03:44","date_gmt":"2019-12-18T15:03:44","guid":{"rendered":"https:\/\/fairfaxcryobank.com\/?page_id=4833"},"modified":"2021-01-05T03:24:27","modified_gmt":"2021-01-05T08:24:27","slug":"fairfax-facematch","status":"publish","type":"page","link":"https:\/\/fairfaxcryobank.com\/de\/fairfax-facematch","title":{"rendered":"Fairfax FaceMatch<sup>\u00ae<\/sup>"},"content":{"rendered":"\n<h2 class=\"wp-block-heading\">Auf der Suche nach einem Samenspender, der wie ein Star aussieht?<\/h2>\n\n\n\n<p>Mit der exklusiven Fairfax FaceMatch \u00ae -Technologie von Fairfax Cryobank k\u00f6nnen Sie den idealen Samenspender finden, der genau wie Ihr Partner, Familienmitglied, Freund oder Promi aussieht. Laden Sie Ihr Foto in das FaceMatch-Tool hoch, und der Algorithmus empfiehlt Spender mit einer \u00e4hnlichen Gesichtsstruktur und einem \u00e4hnlichen Erscheinungsbild. Lesen Sie die folgenden Tipps, um die besten FaceMatch-Ergebnisse zu erzielen.<\/p>\n\n\n\n<p><strong>Testen Sie Fairfax FaceMatch \u00ae<br><\/strong>Probieren Sie Fairfax FaceMatch jetzt kostenlos aus! Gehen Sie zur Spendersuche und klicken Sie auf den FaceMatch-Tab in der grauen Leiste rechts neben der Spendersuche. <\/p>\n\n\n\n<div class=\"wp-block-button aligncenter\"><a class=\"wp-block-button__link has-text-color has-background\" href=\"https:\/\/fairfaxcryobank.com\/search\/de\/\" style=\"background-color:#ea6950;color:#ffffff\">FAIRFAX FACEMATCH \u00ae TESTEN<\/a><\/div>\n\n\n\n<figure class=\"wp-block-embed-youtube wp-block-embed is-type-video is-provider-youtube wp-embed-aspect-16-9 wp-has-aspect-ratio\"><div class=\"wp-block-embed__wrapper\">\nhttps:\/\/youtu.be\/QhtiQWjVkbE\n<\/div><figcaption><em>Fairfax FaceMatch \u00ae<\/em><\/figcaption><\/figure>\n\n\n\n<p><strong>Was ist Fairfax FaceMatch\u00ae?<\/strong><\/p>\n\n\n\n<p>Der Fairfax FaceMatch\u00ae-Algorithmus verwendet die Form der Gesichtsz\u00fcge, um eine \u00c4hnlichkeit zwischen dem von Ihnen hochgeladenen Foto und den Erwachsenenfotos unserer Spender zu finden. Die ausgefeilten mathematischen Formeln vergleichen zwei Gesichtsbilder. Sobald Sie ein Foto von Ihrer Festplatte ausgew\u00e4hlt und in das System hochgeladen haben, vergleicht Fairfax FaceMatch\u00ae es mit jedem erwachsenen Spenderfoto und liefert Ergebnisse, beginnend mit dem Spender, der dem Foto am \u00e4hnlichsten ist. \u00dcbereinstimmungen werden basierend auf einer hohen, mittleren und niedrigen Skala bewertet, wobei hohe \u00dcbereinstimmungen selten auftreten. Spenderfotos bleiben anonym.<\/p>\n\n\n\n<p><strong>Wie benutze ich Fairfax FaceMatch\u00ae ?<\/strong><\/p>\n\n\n\n<p>1. Um auf Fairfax FaceMatch\u00ae zuzugreifen, rufen Sie die Spendersuche auf und klicken Sie auf dem rechten grauen Tab auf\n\u201eFaceMatch\u201c.<\/p>\n\n\n\n<p>2. Wenn Sie m\u00f6chten, k\u00f6nnen Sie die bevorzugte Abstammung Ihres Spenders,\ndie Augenfarbe und die Haarfarbe ausw\u00e4hlen. Denken Sie daran, je mehr Sie Ihre\nSuche eingrenzen, desto weniger Treffer werden erzielt.<\/p>\n\n\n\n<p>3. W\u00e4hlen Sie ein Foto von Ihrer Festplatte aus, indem Sie auf \u201eDurchsuchen\u201c klicken. Sie k\u00f6nnen pers\u00f6nliche Fotos verwenden, die Sie gespeichert haben oder die Sie im Internet finden und auf Ihrer Festplatte speichern. Wenn Sie das gew\u00fcnschte Foto gefunden haben, klicken Sie auf \u201eHochladen\u201c und \u201eSuchen\u201c. 4. Fairfax FaceMatch\u00ae vergleicht das von Ihnen hochgeladene Foto mit jedem erwachsenen Spenderfoto und liefert passende Ergebnisse, beginnend mit dem Spender, der mit der gr\u00f6\u00dften \u00c4hnlichkeit ausgew\u00e4hlt wurde. Die Ergebnisse werden auf einer hohen, mittleren und niedrigen Skala bewertet. Denken Sie daran, dass \u00dcbereinstimmungen auf der Form der Gesichtsz\u00fcge basieren und nicht auf der Farbe  <\/p>\n\n\n\n<p>4. Fairfax FaceMatch\u00ae vergleicht das von Ihnen hochgeladene Foto mit jedem erwachsenen Spenderfoto und liefert passende Ergebnisse, beginnend mit dem Spender, der mit der gr\u00f6\u00dften \u00c4hnlichkeit ausgew\u00e4hlt wurde. Die Ergebnisse werden auf einer hohen, mittleren und niedrigen Skala bewertet. Denken Sie daran, dass \u00dcbereinstimmungen auf der Form der Gesichtsz\u00fcge basieren und nicht auf der Farbe oder Herkunft des Spenders. Match-Ergebnisse k\u00f6nnen bis zu 60 Sekunden dauern. <\/p>\n\n\n\n<div class=\"wp-block-image\"><figure class=\"aligncenter is-resized\"><a href=\"https:\/\/fairfaxcryobank.com\/search\/de\/\" target=\"_blank\" rel=\"noreferrer noopener\"><img loading=\"lazy\" decoding=\"async\" src=\"https:\/\/fairfaxcryobank.com\/wp-content\/uploads\/Fairfax-FaceMatch-1.png\" alt=\"Fairfax FaceMatch \u00ae Beispiele\" class=\"wp-image-5065\" width=\"548\" height=\"476\" srcset=\"https:\/\/fairfaxcryobank.com\/wp-content\/uploads\/Fairfax-FaceMatch-1.png 1018w, https:\/\/fairfaxcryobank.com\/wp-content\/uploads\/Fairfax-FaceMatch-1-300x261.png 300w, https:\/\/fairfaxcryobank.com\/wp-content\/uploads\/Fairfax-FaceMatch-1-768x668.png 768w\" sizes=\"auto, (max-width: 548px) 100vw, 548px\" \/><\/a><figcaption><em>Fairfax FaceMatch \u00ae Beispiele<\/em><\/figcaption><\/figure><\/div>\n\n\n\n<p><strong>Wie w\u00e4hle ich das beste Foto aus?<\/strong><\/p>\n\n\n\n<p>W\u00e4hlen Sie eine Nahaufnahme mit guter Beleuchtung und hoher Bildqualit\u00e4t. Das Motiv sollte nach vorne zeigen und Augenkontakt herstellen. Die Person sollte keinen dichten Bart, dick umrandete Brille \/ Sonnenbrille oder einen Hut tragen. Vermeiden Sie au\u00dferdem ein starkes L\u00e4cheln, um eine Verschiebung der Gesichtsstruktur zu vermeiden. <\/p>\n\n\n\n<p><strong>Als ich mein Foto hochgeladen habe, habe ich meistens nur geringe \u00dcbereinstimmungsergebnisse erzielt. Was mache ich falsch?<\/strong> <\/p>\n\n\n\n<p>Stellen Sie sicher, dass Ihr Foto den oben aufgef\u00fchrten Empfehlungen f\u00fcr das beste Foto entspricht. Wenn Sie Ihre Suchergebnisse nach Abstammung, Augen- oder Haarfarbe eingeschr\u00e4nkt haben, sollten Sie Ihre Suchkriterien erweitern, damit das System die gr\u00f6\u00dfte Anzahl von potenziellen Spendern anzeigt. M\u00f6glicherweise erhalten Sie auch eine geringe Anzahl hoher oder mittlerer \u00dcbereinstimmungen f\u00fcr eine Suche nach einer Minderheitsgruppe, da wir eine geringere Anzahl von Minderheitsspendern zur Verf\u00fcgung haben. <\/p>\n\n\n\n<p><strong>Welche Art von Bild kann ich verwenden?<\/strong><\/p>\n\n\n\n<p>Das System akzeptiert alle Standard-Bilddateien wie JPG, BMP oder GIF.<\/p>\n\n\n\n<p><strong>Ich m\u00f6chte mehr dar\u00fcber erfahren, wie mein bevorzugter Spender aussieht. Gibt es jemanden, der das mit mir besprechen kann?<\/strong><\/p>\n\n\n\n<p>Wir haben zwei Dienste, die Ihnen zur Verf\u00fcgung stehen. Unsere Mitarbeiter der Spenderauswahlberatung k\u00f6nnen Details Ihrer Fairfax FaceMatch\u00ae-Ergebnisse einsehen oder einen ausf\u00fchrlichen Beratungsservice f\u00fcr diejenigen anbieten, die Unterst\u00fctzung bei der Auswahl eines Spenders ben\u00f6tigen. Sie m\u00fcssen hierf\u00fcr einen Termin vereinbaren, indem Sie uns unter der Nummer +1(800) 338-8407 anrufen.<br>Wir bieten auch unsere Foto-Beratungen an, mit denen Sie eine Gruppe bevorzugter Spender aus unserer Spenderliste ausw\u00e4hlen und uns dann ein Foto von jemandem zur Verf\u00fcgung stellen k\u00f6nnen, mit dem wir die ausgew\u00e4hlte Spendergruppe vergleichen sollen. Foto-Beratungen werden speziell auf Ihre Bed\u00fcrfnisse zugeschnitten. Es wird eine minimale Geb\u00fchr erhoben. Weitere Informationen zu Foto-Beratungen erhalten Sie unter der Telefonnummer 0800 333 4211 oder auf dieser Webseite.<\/p>\n\n\n\n<div class=\"wp-block-button aligncenter\"><a class=\"wp-block-button__link has-text-color has-background\" href=\"https:\/\/fairfaxcryobank.com\/de\/spenderauswahl-service\" style=\"background-color:#ea6950;color:#ffffff\">ERFAHREN SIE MEHR \u00dcBER ALLE SPENDERAUSWAHL-SERVICES<\/a><\/div>\n","protected":false},"excerpt":{"rendered":"<p>Auf der Suche nach einem Samenspender, der wie ein Star aussieht? Mit der exklusiven Fairfax FaceMatch \u00ae -Technologie von Fairfax Cryobank k\u00f6nnen Sie den idealen Samenspender finden, der genau wie Ihr Partner, Familienmitglied, Freund oder Promi aussieht. Laden Sie Ihr Foto in das FaceMatch-Tool hoch, und der Algorithmus empfiehlt Spender &#8230;<\/p>\n","protected":false},"author":1,"featured_media":0,"parent":0,"menu_order":0,"comment_status":"closed","ping_status":"closed","template":"","meta":{"footnotes":""},"class_list":["post-4833","page","type-page","status-publish","hentry"],"yoast_head":"<!-- This site is optimized with the Yoast SEO plugin v27.1.1 - https:\/\/yoast.com\/product\/yoast-seo-wordpress\/ -->\n<title>Fairfax FaceMatch\u00ae | Fairfax Cryobank<\/title>\n<meta name=\"description\" content=\"Testen Sie Fairfax FaceMatch \u00ae\" \/>\n<meta name=\"robots\" content=\"index, follow, max-snippet:-1, max-image-preview:large, max-video-preview:-1\" \/>\n<link rel=\"canonical\" href=\"https:\/\/fairfaxcryobank.com\/de\/fairfax-facematch\" \/>\n<meta property=\"og:locale\" content=\"de_DE\" \/>\n<meta property=\"og:type\" content=\"article\" \/>\n<meta property=\"og:title\" content=\"Fairfax FaceMatch\u00ae | Fairfax Cryobank\" \/>\n<meta property=\"og:description\" content=\"Testen Sie Fairfax FaceMatch \u00ae\" \/>\n<meta property=\"og:url\" content=\"https:\/\/fairfaxcryobank.com\/de\/fairfax-facematch\" \/>\n<meta property=\"og:site_name\" content=\"Fairfax Cryobank - Find a Sperm Donor\" \/>\n<meta property=\"article:publisher\" content=\"https:\/\/www.facebook.com\/fairfax.cryobank\" \/>\n<meta property=\"article:modified_time\" content=\"2021-01-05T08:24:27+00:00\" \/>\n<meta property=\"og:image\" content=\"https:\/\/fairfaxcryobank.com\/wp-content\/uploads\/Fairfax-FaceMatch-1.png\" \/>\n<meta name=\"twitter:card\" content=\"summary_large_image\" \/>\n<meta name=\"twitter:site\" content=\"@FairfaxCryobank\" \/>\n<meta name=\"twitter:label1\" content=\"Gesch\u00e4tzte Lesezeit\" \/>\n\t<meta name=\"twitter:data1\" content=\"4\u00a0Minuten\" \/>\n<script type=\"application\/ld+json\" class=\"yoast-schema-graph\">{\"@context\":\"https:\/\/schema.org\",\"@graph\":[{\"@type\":\"WebPage\",\"@id\":\"https:\/\/fairfaxcryobank.com\/de\/fairfax-facematch\",\"url\":\"https:\/\/fairfaxcryobank.com\/de\/fairfax-facematch\",\"name\":\"Fairfax FaceMatch\u00ae | Fairfax Cryobank\",\"isPartOf\":{\"@id\":\"https:\/\/fairfaxcryobank.com\/de#website\"},\"primaryImageOfPage\":{\"@id\":\"https:\/\/fairfaxcryobank.com\/de\/fairfax-facematch#primaryimage\"},\"image\":{\"@id\":\"https:\/\/fairfaxcryobank.com\/de\/fairfax-facematch#primaryimage\"},\"thumbnailUrl\":\"https:\/\/fairfaxcryobank.com\/wp-content\/uploads\/Fairfax-FaceMatch-1.png\",\"datePublished\":\"2019-12-18T15:03:44+00:00\",\"dateModified\":\"2021-01-05T08:24:27+00:00\",\"description\":\"Testen Sie Fairfax FaceMatch \u00ae\",\"breadcrumb\":{\"@id\":\"https:\/\/fairfaxcryobank.com\/de\/fairfax-facematch#breadcrumb\"},\"inLanguage\":\"de\",\"potentialAction\":[{\"@type\":\"ReadAction\",\"target\":[\"https:\/\/fairfaxcryobank.com\/de\/fairfax-facematch\"]}]},{\"@type\":\"ImageObject\",\"inLanguage\":\"de\",\"@id\":\"https:\/\/fairfaxcryobank.com\/de\/fairfax-facematch#primaryimage\",\"url\":\"https:\/\/fairfaxcryobank.com\/wp-content\/uploads\/Fairfax-FaceMatch-1.png\",\"contentUrl\":\"https:\/\/fairfaxcryobank.com\/wp-content\/uploads\/Fairfax-FaceMatch-1.png\"},{\"@type\":\"BreadcrumbList\",\"@id\":\"https:\/\/fairfaxcryobank.com\/de\/fairfax-facematch#breadcrumb\",\"itemListElement\":[{\"@type\":\"ListItem\",\"position\":1,\"name\":\"Home\",\"item\":\"https:\/\/fairfaxcryobank.com\/de\"},{\"@type\":\"ListItem\",\"position\":2,\"name\":\"Fairfax FaceMatch\u00ae\"}]},{\"@type\":\"WebSite\",\"@id\":\"https:\/\/fairfaxcryobank.com\/de#website\",\"url\":\"https:\/\/fairfaxcryobank.com\/de\",\"name\":\"Fairfax Cryobank - Find a Sperm Donor\",\"description\":\"Top-Tier Sperm Bank\",\"publisher\":{\"@id\":\"https:\/\/fairfaxcryobank.com\/de#organization\"},\"potentialAction\":[{\"@type\":\"SearchAction\",\"target\":{\"@type\":\"EntryPoint\",\"urlTemplate\":\"https:\/\/fairfaxcryobank.com\/de?s={search_term_string}\"},\"query-input\":{\"@type\":\"PropertyValueSpecification\",\"valueRequired\":true,\"valueName\":\"search_term_string\"}}],\"inLanguage\":\"de\"},{\"@type\":\"Organization\",\"@id\":\"https:\/\/fairfaxcryobank.com\/de#organization\",\"name\":\"Fairfax Cryobank\",\"url\":\"https:\/\/fairfaxcryobank.com\/de\",\"logo\":{\"@type\":\"ImageObject\",\"inLanguage\":\"de\",\"@id\":\"https:\/\/fairfaxcryobank.com\/de#\/schema\/logo\/image\/\",\"url\":\"https:\/\/fairfaxcryobank.com\/wp-content\/uploads\/logo.webp\",\"contentUrl\":\"https:\/\/fairfaxcryobank.com\/wp-content\/uploads\/logo.webp\",\"width\":1,\"height\":1,\"caption\":\"Fairfax Cryobank\"},\"image\":{\"@id\":\"https:\/\/fairfaxcryobank.com\/de#\/schema\/logo\/image\/\"},\"sameAs\":[\"https:\/\/www.facebook.com\/fairfax.cryobank\",\"https:\/\/x.com\/FairfaxCryobank\",\"https:\/\/www.instagram.com\/fairfaxcryobank\/\",\"https:\/\/www.pinterest.com\/fairfaxcryo\/\"]}]}<\/script>\n<!-- \/ Yoast SEO plugin. -->","yoast_head_json":{"title":"Fairfax FaceMatch\u00ae | Fairfax Cryobank","description":"Testen Sie Fairfax FaceMatch \u00ae","robots":{"index":"index","follow":"follow","max-snippet":"max-snippet:-1","max-image-preview":"max-image-preview:large","max-video-preview":"max-video-preview:-1"},"canonical":"https:\/\/fairfaxcryobank.com\/de\/fairfax-facematch","og_locale":"de_DE","og_type":"article","og_title":"Fairfax FaceMatch\u00ae | Fairfax Cryobank","og_description":"Testen Sie Fairfax FaceMatch \u00ae","og_url":"https:\/\/fairfaxcryobank.com\/de\/fairfax-facematch","og_site_name":"Fairfax Cryobank - Find a Sperm Donor","article_publisher":"https:\/\/www.facebook.com\/fairfax.cryobank","article_modified_time":"2021-01-05T08:24:27+00:00","og_image":[{"url":"https:\/\/fairfaxcryobank.com\/wp-content\/uploads\/Fairfax-FaceMatch-1.png","type":"","width":"","height":""}],"twitter_card":"summary_large_image","twitter_site":"@FairfaxCryobank","twitter_misc":{"Gesch\u00e4tzte Lesezeit":"4\u00a0Minuten"},"schema":{"@context":"https:\/\/schema.org","@graph":[{"@type":"WebPage","@id":"https:\/\/fairfaxcryobank.com\/de\/fairfax-facematch","url":"https:\/\/fairfaxcryobank.com\/de\/fairfax-facematch","name":"Fairfax FaceMatch\u00ae | Fairfax Cryobank","isPartOf":{"@id":"https:\/\/fairfaxcryobank.com\/de#website"},"primaryImageOfPage":{"@id":"https:\/\/fairfaxcryobank.com\/de\/fairfax-facematch#primaryimage"},"image":{"@id":"https:\/\/fairfaxcryobank.com\/de\/fairfax-facematch#primaryimage"},"thumbnailUrl":"https:\/\/fairfaxcryobank.com\/wp-content\/uploads\/Fairfax-FaceMatch-1.png","datePublished":"2019-12-18T15:03:44+00:00","dateModified":"2021-01-05T08:24:27+00:00","description":"Testen Sie Fairfax FaceMatch \u00ae","breadcrumb":{"@id":"https:\/\/fairfaxcryobank.com\/de\/fairfax-facematch#breadcrumb"},"inLanguage":"de","potentialAction":[{"@type":"ReadAction","target":["https:\/\/fairfaxcryobank.com\/de\/fairfax-facematch"]}]},{"@type":"ImageObject","inLanguage":"de","@id":"https:\/\/fairfaxcryobank.com\/de\/fairfax-facematch#primaryimage","url":"https:\/\/fairfaxcryobank.com\/wp-content\/uploads\/Fairfax-FaceMatch-1.png","contentUrl":"https:\/\/fairfaxcryobank.com\/wp-content\/uploads\/Fairfax-FaceMatch-1.png"},{"@type":"BreadcrumbList","@id":"https:\/\/fairfaxcryobank.com\/de\/fairfax-facematch#breadcrumb","itemListElement":[{"@type":"ListItem","position":1,"name":"Home","item":"https:\/\/fairfaxcryobank.com\/de"},{"@type":"ListItem","position":2,"name":"Fairfax FaceMatch\u00ae"}]},{"@type":"WebSite","@id":"https:\/\/fairfaxcryobank.com\/de#website","url":"https:\/\/fairfaxcryobank.com\/de","name":"Fairfax Cryobank - Find a Sperm Donor","description":"Top-Tier Sperm Bank","publisher":{"@id":"https:\/\/fairfaxcryobank.com\/de#organization"},"potentialAction":[{"@type":"SearchAction","target":{"@type":"EntryPoint","urlTemplate":"https:\/\/fairfaxcryobank.com\/de?s={search_term_string}"},"query-input":{"@type":"PropertyValueSpecification","valueRequired":true,"valueName":"search_term_string"}}],"inLanguage":"de"},{"@type":"Organization","@id":"https:\/\/fairfaxcryobank.com\/de#organization","name":"Fairfax Cryobank","url":"https:\/\/fairfaxcryobank.com\/de","logo":{"@type":"ImageObject","inLanguage":"de","@id":"https:\/\/fairfaxcryobank.com\/de#\/schema\/logo\/image\/","url":"https:\/\/fairfaxcryobank.com\/wp-content\/uploads\/logo.webp","contentUrl":"https:\/\/fairfaxcryobank.com\/wp-content\/uploads\/logo.webp","width":1,"height":1,"caption":"Fairfax Cryobank"},"image":{"@id":"https:\/\/fairfaxcryobank.com\/de#\/schema\/logo\/image\/"},"sameAs":["https:\/\/www.facebook.com\/fairfax.cryobank","https:\/\/x.com\/FairfaxCryobank","https:\/\/www.instagram.com\/fairfaxcryobank\/","https:\/\/www.pinterest.com\/fairfaxcryo\/"]}]}},"post_mailing_queue_ids":[],"_links":{"self":[{"href":"https:\/\/fairfaxcryobank.com\/de\/wp-json\/wp\/v2\/pages\/4833","targetHints":{"allow":["GET"]}}],"collection":[{"href":"https:\/\/fairfaxcryobank.com\/de\/wp-json\/wp\/v2\/pages"}],"about":[{"href":"https:\/\/fairfaxcryobank.com\/de\/wp-json\/wp\/v2\/types\/page"}],"author":[{"embeddable":true,"href":"https:\/\/fairfaxcryobank.com\/de\/wp-json\/wp\/v2\/users\/1"}],"replies":[{"embeddable":true,"href":"https:\/\/fairfaxcryobank.com\/de\/wp-json\/wp\/v2\/comments?post=4833"}],"version-history":[{"count":0,"href":"https:\/\/fairfaxcryobank.com\/de\/wp-json\/wp\/v2\/pages\/4833\/revisions"}],"wp:attachment":[{"href":"https:\/\/fairfaxcryobank.com\/de\/wp-json\/wp\/v2\/media?parent=4833"}],"curies":[{"name":"wp","href":"https:\/\/api.w.org\/{rel}","templated":true}]}}