{"id":4844,"date":"2019-12-18T15:15:47","date_gmt":"2019-12-18T15:15:47","guid":{"rendered":"https:\/\/fairfaxcryobank.com\/?page_id=4844"},"modified":"2020-09-08T13:00:35","modified_gmt":"2020-09-08T17:00:35","slug":"uber-fairfax-cryobank","status":"publish","type":"page","link":"https:\/\/fairfaxcryobank.com\/de\/uber-fairfax-cryobank","title":{"rendered":"\u00dcber Fairfax Cryobank"},"content":{"rendered":"\n<h2 class=\"wp-block-heading\"><strong><em><strong><em>Zusammen sind wir eine Familie<\/em><\/strong><\/em><\/strong><\/h2>\n\n\n\n<h3 class=\"wp-block-heading\"><strong>Erf\u00fcllen Sie sich Ihren <strong>Kinderwunsch <\/strong>mit <strong>Fairfax Cryobank<\/strong>!<\/strong><\/h3>\n\n\n\n<p>Unser engagiertes Fairfax Cryobank Team hilft Ihnen dabei, Ihre individuellen Familienziele zu erreichen. Unabh\u00e4ngig von Ihrer Geschlechtsidentit\u00e4t, sexuellen Orientierung oder Ihrem Familienstand bieten wir eine branchenf\u00fchrende Auswahl qualitativ hochwertiger, streng getesteter Samenspender. Wir bei Fairfax Cryobank unterst\u00fctzen k\u00fcnstliche Befruchtung f\u00fcr Singles aber auch k\u00fcnstliche Befruchtung f\u00fcr Alleinstehende. Mit Fairfax Cryobank haben Sie immer einen vertrauensvollen Partner an Ihrer Seite!<\/p>\n\n\n\n<p><strong>War es schon immer Ihr Traum, eine Familie zu gr\u00fcnden? Gemeinsam werden wir Ihren Traum in die Realit\u00e4t umzusetzen und Ihren <strong>Kinderwunsch <\/strong>erf\u00fcllen. Erfahren Sie mehr \u00fcber <strong>Fairfax Cryobank<\/strong>, und finden Sie Ihren perfekten<strong> Samenspender<\/strong>!<\/strong><\/p>\n\n\n\n<div class=\"wp-block-image\"><figure class=\"aligncenter size-large\"><img loading=\"lazy\" decoding=\"async\" width=\"1024\" height=\"882\" src=\"https:\/\/fairfaxcryobank.com\/wp-content\/uploads\/tert.jpg\" alt=\"\" class=\"wp-image-11711\" srcset=\"https:\/\/fairfaxcryobank.com\/wp-content\/uploads\/tert.jpg 1024w, https:\/\/fairfaxcryobank.com\/wp-content\/uploads\/tert-300x258.jpg 300w, https:\/\/fairfaxcryobank.com\/wp-content\/uploads\/tert-768x662.jpg 768w\" sizes=\"auto, (max-width: 1024px) 100vw, 1024px\" \/><figcaption><em>        Fairfax Cryobank hat Tausenden von Familien aus der ganzen Welt geholfen \u2013 und das schon seit 1986!      <\/em><\/figcaption><\/figure><\/div>\n\n\n\n<h3 class=\"wp-block-heading\"><strong><strong><strong><em>Vertrauen Sie auf das Fairfax Cryobank-Team<\/em><\/strong><\/strong><\/strong><\/h3>\n\n\n\n<p>Seit 1986 haben wir Tausende von Familien aus der ganzen Welt mit schon \u00fcber 450 Samenspendern in Verbindung gebracht, damit sich Menschen ihren Kinderwunsch erf\u00fcllen konnten. Diese Familien vertrauen voll und ganz auf die Fairfax Cryobank Spermabank. Warum? Ganz einfach: Keine andere Samenbank testet ihre Samenspender so gr\u00fcndlich wie wir<\/p>\n\n\n\n<p>Fairfax Cryobank akzeptiert nur 1 von 200 Bewerber f\u00fcr Samenspende. Die Zulassungskriterien f\u00fcr unser Programm gehen weit \u00fcber die regul\u00e4ren Anforderungen der FDA (U.S. Food and Drug Administration) hinaus. Wir wissen, dass Sie kein Risiko eingehen m\u00f6chten, wenn es um etwas geht, das so wertvoll ist wie Familie \u2013 deshalb geht unser Betreuungsteam hier bei Fairfax Cryobank noch einen Schritt weiter als andere Spermabanken.<\/p>\n\n\n\n<h3 class=\"wp-block-heading\"><strong><strong><strong><em>Qualit\u00e4t ist uns wichtig \u2013 schon von Anfang an<\/em><\/strong><\/strong><\/strong><\/h3>\n\n\n\n<p>Die Fairfax Cryobank wurde 1986 er\u00f6ffnet, aber unsere Geschichte begann schon einige Jahre zuvor.<\/p>\n\n\n\n<p>1984 wurde das Genetics &amp; IVF Institute von Dr. Joseph D. Schulman gegr\u00fcndet. Es war das erste seiner Art und bot voll integrierte ambulante Leistungen in den Bereichen Humangenetik und Unfruchtbarkeit. Die Fairfax Cryobank wurde gegr\u00fcndet, um Patienten dieses revolution\u00e4ren Instituts mit Spendersamen von h\u00f6chster Qualit\u00e4t zu versorgen.\u00a0<\/p>\n\n\n\n<p>Dieses Engagement f\u00fcr Innovation und f\u00fchrende Stellung in der Industrie h\u00e4lt bis heute an. Wir sind vollst\u00e4ndig von der FDA lizenziert. staatlich gepr\u00fcft und lizenziert in New York, Maryland und Kalifornien; sowie vom Better Business Bureau (BBB) akkreditiert. Diese Akkreditierungen bieten Ihnen die Gewissheit, die Sie brauchen, um den n\u00e4chsten Schritt zu machen, um Ihren Kinderwunsch zu erf\u00fcllen. Wir haben es uns zur Aufgabe gemacht, unsere Patienten stets zu unterst\u00fctzen &#8211; angefangen bei der Suche nach dem besten Samenspender bis hin zur k\u00fcnstlichen Befruchtung f\u00fcr Singles, Alleinstehende oder unsere LGBT-Community. Bei der Fairfax Cryobank Samenbank sind Sie in guten H\u00e4nden!<\/p>\n\n\n\n<div class=\"wp-block-button aligncenter\"><a class=\"wp-block-button__link has-text-color has-background\" href=\"https:\/\/fairfaxcryobank.com\/de\/unternehmensgeschichte\" style=\"background-color:#ea6950;color:#ffffff\">LESEN SIE MEHR \u00dcBER DIE GESCHICHTE DER FAIRFAX CRYOBANK<\/a><\/div>\n\n\n\n<h3 class=\"wp-block-heading\"><strong>Fairfax Cryobank: Modernste Wissenschaft trifft auf Menschlichkeit<\/strong><\/h3>\n\n\n\n<p>Sich seinen Kinderwunsch mit k\u00fcnstlicher Befruchtung zu erf\u00fcllen ist oftmals eine emotionale und anstrengende Reise. W\u00e4hrend der Zugang zu modernster Technologie, gr\u00fcndlicher Tests von Proben,\u00a0 sowie wissenschaftlichen Denkans\u00e4tzen von hoher Bedeutung ist, ist auch Menschlichkeit und Mitgef\u00fchl von unsch\u00e4tzbarem Wert.<\/p>\n\n\n\n<p>Hier in unserer Fairfax Cryobank-Samenbank verlieren wir Ihr Endziel \u2013 n\u00e4mlich Ihre zuk\u00fcnftige Familie \u2013 niemals aus den Augen. Ohne Vorurteile oder Diskriminierung geben wir Ihnen genau die Werkzeuge und die Unterst\u00fctzung, die Sie ben\u00f6tigen, um dieses Ziel zu verwirklichen. Wir unterst\u00fctzen den Kinderwunsch von Familien ebenso wie unsere LGBT-Community, Singles und Alleinstehende.\u00a0<\/p>\n\n\n\n<p>Unser kompetentes und einf\u00fchlsames Fairfax Cryobank Kundenservice-Team ist immer f\u00fcr Sie da. Wenn Sie irgendwelche Fragen oder Bedenken im Bereich wie z. B. k\u00fcnstlicher Befruchtung und Samenspende haben, z\u00f6gern Sie bitte nicht, uns unter 0800 333 4211 zu kontaktieren. Wir helfen Ihnen gerne weiter!<\/p>\n\n\n\n<hr class=\"wp-block-separator\"\/>\n\n\n\n<p class=\"has-text-align-center\"><strong><em>Wenn Sie mehr \u00fcber uns   und unser Team erfahren m\u00f6chten, besuchen Sie die folgenden Links:    <\/em><\/strong><\/p>\n\n\n\n<ul class=\"wp-block-list\"><li><a href=\"https:\/\/fairfaxcryobank.com\/de\/unternehmensgeschichte\">Unternehmensgeschichte<\/a><\/li><li><a href=\"https:\/\/fairfaxcryobank.com\/de\/leitbild-werte\">Leitbild &amp; Werte<\/a><\/li><li><a href=\"https:\/\/fairfaxcryobank.com\/de\/unser-team\">Unser Team<\/a><\/li><li><a href=\"https:\/\/fairfaxcryobank.com\/de\/partner-eizellbank-spenderstellen-distributoren\">Partner (Eizellbank, Spenderstellen, Distributoren)<\/a><\/li><\/ul>\n\n\n\n\n","protected":false},"excerpt":{"rendered":"<p>Zusammen sind wir eine Familie Erf\u00fcllen Sie sich Ihren Kinderwunsch mit Fairfax Cryobank! Unser engagiertes Fairfax Cryobank Team hilft Ihnen dabei, Ihre individuellen Familienziele zu erreichen. Unabh\u00e4ngig von Ihrer Geschlechtsidentit\u00e4t, sexuellen Orientierung oder Ihrem Familienstand bieten wir eine branchenf\u00fchrende Auswahl qualitativ hochwertiger, streng getesteter Samenspender. Wir bei Fairfax Cryobank unterst\u00fctzen &#8230;<\/p>\n","protected":false},"author":1,"featured_media":4846,"parent":0,"menu_order":0,"comment_status":"closed","ping_status":"closed","template":"","meta":{"footnotes":""},"class_list":["post-4844","page","type-page","status-publish","has-post-thumbnail","hentry"],"yoast_head":"<!-- This site is optimized with the Yoast SEO plugin v27.1.1 - https:\/\/yoast.com\/product\/yoast-seo-wordpress\/ -->\n<title>Fairfax Cryobank Samenbank | \u00dcber Fairfax Cyrobank<\/title>\n<meta name=\"description\" content=\"Mehr \u00fcber Fairfax Cryobank erfahren! Unser Team hilft Ihnen, damit, Sie sich Ihren Kinderwunsch erf\u00fcllen k\u00f6nnen. Lernen Sie mehr \u00fcber k\u00fcnstliche Befruchtung.\" \/>\n<meta name=\"robots\" content=\"index, follow, max-snippet:-1, max-image-preview:large, max-video-preview:-1\" \/>\n<link rel=\"canonical\" href=\"https:\/\/fairfaxcryobank.com\/de\/uber-fairfax-cryobank\" \/>\n<meta property=\"og:locale\" content=\"de_DE\" \/>\n<meta property=\"og:type\" content=\"article\" \/>\n<meta property=\"og:title\" content=\"Fairfax Cryobank Samenbank | \u00dcber Fairfax Cyrobank\" \/>\n<meta property=\"og:description\" content=\"Mehr \u00fcber Fairfax Cryobank erfahren! Unser Team hilft Ihnen, damit, Sie sich Ihren Kinderwunsch erf\u00fcllen k\u00f6nnen. Lernen Sie mehr \u00fcber k\u00fcnstliche Befruchtung.\" \/>\n<meta property=\"og:url\" content=\"https:\/\/fairfaxcryobank.com\/de\/uber-fairfax-cryobank\" \/>\n<meta property=\"og:site_name\" content=\"Fairfax Cryobank - Find a Sperm Donor\" \/>\n<meta property=\"article:publisher\" content=\"https:\/\/www.facebook.com\/fairfax.cryobank\" \/>\n<meta property=\"article:modified_time\" content=\"2020-09-08T17:00:35+00:00\" \/>\n<meta property=\"og:image\" content=\"https:\/\/fairfaxcryobank.com\/wp-content\/uploads\/newborn-baby-hand-on-hands_SYbx2bhTrs-1-1024x681.jpg\" \/>\n\t<meta property=\"og:image:width\" content=\"1024\" \/>\n\t<meta property=\"og:image:height\" content=\"681\" \/>\n\t<meta property=\"og:image:type\" content=\"image\/jpeg\" \/>\n<meta name=\"twitter:card\" content=\"summary_large_image\" \/>\n<meta name=\"twitter:site\" content=\"@FairfaxCryobank\" \/>\n<meta name=\"twitter:label1\" content=\"Gesch\u00e4tzte Lesezeit\" \/>\n\t<meta name=\"twitter:data1\" content=\"3\u00a0Minuten\" \/>\n<script type=\"application\/ld+json\" class=\"yoast-schema-graph\">{\"@context\":\"https:\/\/schema.org\",\"@graph\":[{\"@type\":\"WebPage\",\"@id\":\"https:\/\/fairfaxcryobank.com\/de\/uber-fairfax-cryobank\",\"url\":\"https:\/\/fairfaxcryobank.com\/de\/uber-fairfax-cryobank\",\"name\":\"Fairfax Cryobank Samenbank | \u00dcber Fairfax Cyrobank\",\"isPartOf\":{\"@id\":\"https:\/\/fairfaxcryobank.com\/de#website\"},\"primaryImageOfPage\":{\"@id\":\"https:\/\/fairfaxcryobank.com\/de\/uber-fairfax-cryobank#primaryimage\"},\"image\":{\"@id\":\"https:\/\/fairfaxcryobank.com\/de\/uber-fairfax-cryobank#primaryimage\"},\"thumbnailUrl\":\"https:\/\/fairfaxcryobank.com\/wp-content\/uploads\/newborn-baby-hand-on-hands_SYbx2bhTrs-1.jpg\",\"datePublished\":\"2019-12-18T15:15:47+00:00\",\"dateModified\":\"2020-09-08T17:00:35+00:00\",\"description\":\"Mehr \u00fcber Fairfax Cryobank erfahren! Unser Team hilft Ihnen, damit, Sie sich Ihren Kinderwunsch erf\u00fcllen k\u00f6nnen. Lernen Sie mehr \u00fcber k\u00fcnstliche Befruchtung.\",\"breadcrumb\":{\"@id\":\"https:\/\/fairfaxcryobank.com\/de\/uber-fairfax-cryobank#breadcrumb\"},\"inLanguage\":\"de\",\"potentialAction\":[{\"@type\":\"ReadAction\",\"target\":[\"https:\/\/fairfaxcryobank.com\/de\/uber-fairfax-cryobank\"]}]},{\"@type\":\"ImageObject\",\"inLanguage\":\"de\",\"@id\":\"https:\/\/fairfaxcryobank.com\/de\/uber-fairfax-cryobank#primaryimage\",\"url\":\"https:\/\/fairfaxcryobank.com\/wp-content\/uploads\/newborn-baby-hand-on-hands_SYbx2bhTrs-1.jpg\",\"contentUrl\":\"https:\/\/fairfaxcryobank.com\/wp-content\/uploads\/newborn-baby-hand-on-hands_SYbx2bhTrs-1.jpg\",\"width\":4256,\"height\":2832,\"caption\":\"samenbank\"},{\"@type\":\"BreadcrumbList\",\"@id\":\"https:\/\/fairfaxcryobank.com\/de\/uber-fairfax-cryobank#breadcrumb\",\"itemListElement\":[{\"@type\":\"ListItem\",\"position\":1,\"name\":\"Home\",\"item\":\"https:\/\/fairfaxcryobank.com\/de\"},{\"@type\":\"ListItem\",\"position\":2,\"name\":\"\u00dcber Fairfax Cryobank\"}]},{\"@type\":\"WebSite\",\"@id\":\"https:\/\/fairfaxcryobank.com\/de#website\",\"url\":\"https:\/\/fairfaxcryobank.com\/de\",\"name\":\"Fairfax Cryobank - Find a Sperm Donor\",\"description\":\"Top-Tier Sperm Bank\",\"publisher\":{\"@id\":\"https:\/\/fairfaxcryobank.com\/de#organization\"},\"potentialAction\":[{\"@type\":\"SearchAction\",\"target\":{\"@type\":\"EntryPoint\",\"urlTemplate\":\"https:\/\/fairfaxcryobank.com\/de?s={search_term_string}\"},\"query-input\":{\"@type\":\"PropertyValueSpecification\",\"valueRequired\":true,\"valueName\":\"search_term_string\"}}],\"inLanguage\":\"de\"},{\"@type\":\"Organization\",\"@id\":\"https:\/\/fairfaxcryobank.com\/de#organization\",\"name\":\"Fairfax Cryobank\",\"url\":\"https:\/\/fairfaxcryobank.com\/de\",\"logo\":{\"@type\":\"ImageObject\",\"inLanguage\":\"de\",\"@id\":\"https:\/\/fairfaxcryobank.com\/de#\/schema\/logo\/image\/\",\"url\":\"https:\/\/fairfaxcryobank.com\/wp-content\/uploads\/logo.webp\",\"contentUrl\":\"https:\/\/fairfaxcryobank.com\/wp-content\/uploads\/logo.webp\",\"width\":1,\"height\":1,\"caption\":\"Fairfax Cryobank\"},\"image\":{\"@id\":\"https:\/\/fairfaxcryobank.com\/de#\/schema\/logo\/image\/\"},\"sameAs\":[\"https:\/\/www.facebook.com\/fairfax.cryobank\",\"https:\/\/x.com\/FairfaxCryobank\",\"https:\/\/www.instagram.com\/fairfaxcryobank\/\",\"https:\/\/www.pinterest.com\/fairfaxcryo\/\"]}]}<\/script>\n<!-- \/ Yoast SEO plugin. -->","yoast_head_json":{"title":"Fairfax Cryobank Samenbank | \u00dcber Fairfax Cyrobank","description":"Mehr \u00fcber Fairfax Cryobank erfahren! Unser Team hilft Ihnen, damit, Sie sich Ihren Kinderwunsch erf\u00fcllen k\u00f6nnen. Lernen Sie mehr \u00fcber k\u00fcnstliche Befruchtung.","robots":{"index":"index","follow":"follow","max-snippet":"max-snippet:-1","max-image-preview":"max-image-preview:large","max-video-preview":"max-video-preview:-1"},"canonical":"https:\/\/fairfaxcryobank.com\/de\/uber-fairfax-cryobank","og_locale":"de_DE","og_type":"article","og_title":"Fairfax Cryobank Samenbank | \u00dcber Fairfax Cyrobank","og_description":"Mehr \u00fcber Fairfax Cryobank erfahren! Unser Team hilft Ihnen, damit, Sie sich Ihren Kinderwunsch erf\u00fcllen k\u00f6nnen. Lernen Sie mehr \u00fcber k\u00fcnstliche Befruchtung.","og_url":"https:\/\/fairfaxcryobank.com\/de\/uber-fairfax-cryobank","og_site_name":"Fairfax Cryobank - Find a Sperm Donor","article_publisher":"https:\/\/www.facebook.com\/fairfax.cryobank","article_modified_time":"2020-09-08T17:00:35+00:00","og_image":[{"width":1024,"height":681,"url":"https:\/\/fairfaxcryobank.com\/wp-content\/uploads\/newborn-baby-hand-on-hands_SYbx2bhTrs-1-1024x681.jpg","type":"image\/jpeg"}],"twitter_card":"summary_large_image","twitter_site":"@FairfaxCryobank","twitter_misc":{"Gesch\u00e4tzte Lesezeit":"3\u00a0Minuten"},"schema":{"@context":"https:\/\/schema.org","@graph":[{"@type":"WebPage","@id":"https:\/\/fairfaxcryobank.com\/de\/uber-fairfax-cryobank","url":"https:\/\/fairfaxcryobank.com\/de\/uber-fairfax-cryobank","name":"Fairfax Cryobank Samenbank | \u00dcber Fairfax Cyrobank","isPartOf":{"@id":"https:\/\/fairfaxcryobank.com\/de#website"},"primaryImageOfPage":{"@id":"https:\/\/fairfaxcryobank.com\/de\/uber-fairfax-cryobank#primaryimage"},"image":{"@id":"https:\/\/fairfaxcryobank.com\/de\/uber-fairfax-cryobank#primaryimage"},"thumbnailUrl":"https:\/\/fairfaxcryobank.com\/wp-content\/uploads\/newborn-baby-hand-on-hands_SYbx2bhTrs-1.jpg","datePublished":"2019-12-18T15:15:47+00:00","dateModified":"2020-09-08T17:00:35+00:00","description":"Mehr \u00fcber Fairfax Cryobank erfahren! Unser Team hilft Ihnen, damit, Sie sich Ihren Kinderwunsch erf\u00fcllen k\u00f6nnen. Lernen Sie mehr \u00fcber k\u00fcnstliche Befruchtung.","breadcrumb":{"@id":"https:\/\/fairfaxcryobank.com\/de\/uber-fairfax-cryobank#breadcrumb"},"inLanguage":"de","potentialAction":[{"@type":"ReadAction","target":["https:\/\/fairfaxcryobank.com\/de\/uber-fairfax-cryobank"]}]},{"@type":"ImageObject","inLanguage":"de","@id":"https:\/\/fairfaxcryobank.com\/de\/uber-fairfax-cryobank#primaryimage","url":"https:\/\/fairfaxcryobank.com\/wp-content\/uploads\/newborn-baby-hand-on-hands_SYbx2bhTrs-1.jpg","contentUrl":"https:\/\/fairfaxcryobank.com\/wp-content\/uploads\/newborn-baby-hand-on-hands_SYbx2bhTrs-1.jpg","width":4256,"height":2832,"caption":"samenbank"},{"@type":"BreadcrumbList","@id":"https:\/\/fairfaxcryobank.com\/de\/uber-fairfax-cryobank#breadcrumb","itemListElement":[{"@type":"ListItem","position":1,"name":"Home","item":"https:\/\/fairfaxcryobank.com\/de"},{"@type":"ListItem","position":2,"name":"\u00dcber Fairfax Cryobank"}]},{"@type":"WebSite","@id":"https:\/\/fairfaxcryobank.com\/de#website","url":"https:\/\/fairfaxcryobank.com\/de","name":"Fairfax Cryobank - Find a Sperm Donor","description":"Top-Tier Sperm Bank","publisher":{"@id":"https:\/\/fairfaxcryobank.com\/de#organization"},"potentialAction":[{"@type":"SearchAction","target":{"@type":"EntryPoint","urlTemplate":"https:\/\/fairfaxcryobank.com\/de?s={search_term_string}"},"query-input":{"@type":"PropertyValueSpecification","valueRequired":true,"valueName":"search_term_string"}}],"inLanguage":"de"},{"@type":"Organization","@id":"https:\/\/fairfaxcryobank.com\/de#organization","name":"Fairfax Cryobank","url":"https:\/\/fairfaxcryobank.com\/de","logo":{"@type":"ImageObject","inLanguage":"de","@id":"https:\/\/fairfaxcryobank.com\/de#\/schema\/logo\/image\/","url":"https:\/\/fairfaxcryobank.com\/wp-content\/uploads\/logo.webp","contentUrl":"https:\/\/fairfaxcryobank.com\/wp-content\/uploads\/logo.webp","width":1,"height":1,"caption":"Fairfax Cryobank"},"image":{"@id":"https:\/\/fairfaxcryobank.com\/de#\/schema\/logo\/image\/"},"sameAs":["https:\/\/www.facebook.com\/fairfax.cryobank","https:\/\/x.com\/FairfaxCryobank","https:\/\/www.instagram.com\/fairfaxcryobank\/","https:\/\/www.pinterest.com\/fairfaxcryo\/"]}]}},"post_mailing_queue_ids":[],"_links":{"self":[{"href":"https:\/\/fairfaxcryobank.com\/de\/wp-json\/wp\/v2\/pages\/4844","targetHints":{"allow":["GET"]}}],"collection":[{"href":"https:\/\/fairfaxcryobank.com\/de\/wp-json\/wp\/v2\/pages"}],"about":[{"href":"https:\/\/fairfaxcryobank.com\/de\/wp-json\/wp\/v2\/types\/page"}],"author":[{"embeddable":true,"href":"https:\/\/fairfaxcryobank.com\/de\/wp-json\/wp\/v2\/users\/1"}],"replies":[{"embeddable":true,"href":"https:\/\/fairfaxcryobank.com\/de\/wp-json\/wp\/v2\/comments?post=4844"}],"version-history":[{"count":1,"href":"https:\/\/fairfaxcryobank.com\/de\/wp-json\/wp\/v2\/pages\/4844\/revisions"}],"predecessor-version":[{"id":17763,"href":"https:\/\/fairfaxcryobank.com\/de\/wp-json\/wp\/v2\/pages\/4844\/revisions\/17763"}],"wp:featuredmedia":[{"embeddable":true,"href":"https:\/\/fairfaxcryobank.com\/de\/wp-json\/wp\/v2\/media\/4846"}],"wp:attachment":[{"href":"https:\/\/fairfaxcryobank.com\/de\/wp-json\/wp\/v2\/media?parent=4844"}],"curies":[{"name":"wp","href":"https:\/\/api.w.org\/{rel}","templated":true}]}}