{"id":4853,"date":"2019-12-18T15:16:10","date_gmt":"2019-12-18T15:16:10","guid":{"rendered":"https:\/\/fairfaxcryobank.com\/?page_id=4853"},"modified":"2021-12-28T10:50:41","modified_gmt":"2021-12-28T15:50:41","slug":"unternehmensgeschichte","status":"publish","type":"page","link":"https:\/\/fairfaxcryobank.com\/de\/unternehmensgeschichte","title":{"rendered":"Unternehmensgeschichte"},"content":{"rendered":"\n<h2 class=\"wp-block-heading\"><strong>Fairfax Cryobank Unternehmensgeschichte<\/strong><\/h2>\n\n\n\n<div class=\"wp-block-image\"><figure class=\"aligncenter size-large is-resized\"><img loading=\"lazy\" decoding=\"async\" src=\"https:\/\/fairfaxcryobank.com\/wp-content\/uploads\/\/iStock-921844490-1024x683.jpg\" alt=\"Fairfax Cryobank Unternehmensgeschichte\" class=\"wp-image-13916\" width=\"619\" height=\"411\"\/><\/figure><\/div>\n\n\n\n<p><strong>1984<\/strong> &#8211; <strong><strong>Am Anfang war das<\/strong> <a href=\"https:\/\/www.givf.com\/index.shtml\"><strong>Genetics &amp; IVF Institute<\/strong><\/a><\/strong><\/p>\n\n\n\n<p>Das Genetics &amp; IVF Institute wurde 1984 von Dr. Joseph D. Schulman in Fairfax, Virginia, gegr\u00fcndet und ist die erste Klinik- und Laboreinrichtung, die von Anfang an voll integrierte, umfassende ambulante Dienste in den Bereichen Humangenetik und Unfruchtbarkeit anbietet. Neben einem der gr\u00f6\u00dften Programme in den USA f\u00fcr Infertilit\u00e4t, einschlie\u00dflich In-vitro-Fertilisation (IVF) und intrazytoplasmatische Spermieninjektion (ICSI) sowie f\u00fcr medizinische Genetik und pr\u00e4natale Diagnose, hat das Institut eines der weltweit f\u00fchrenden Kryokonservierungsprogramme entwickelt. 1986 gr\u00fcndete das 5Genetics &amp; IVF Institute eine Abteilung f\u00fcr Kryokonservierung mit einem der weltweit herausragenden Kryobiologieteams unter der Leitung von Dr. Edward F. Fugger. Das Institut hat sich zu einem wegweisenden Zentrum f\u00fcr die Anwendung der Kryobiologie entwickelt und hat weiterhin die ersten gefrorenen menschlichen Embryo-Zwillinge in den USA hergestellt. Es verf\u00fcgt \u00fcber eines der gr\u00f6\u00dften Laboratorien f\u00fcr die Kryokonservierung und Lagerung menschlicher Embryonen im Land, gr\u00fcndete eine der gr\u00f6\u00dften menschlichen Spermienbanken der Welt und initiierte das erste Kryokonservierungsprogramm f\u00fcr menschliches Eierstockgewebe in den USA. <\/p>\n\n\n\n<p><strong>1986<\/strong> &#8211; <strong>Die Fairfax Cryobank wurde geboren<\/strong><\/p>\n\n\n\n<p>1986 gr\u00fcndete das Genetics &amp; IVF Institute die Fairfax Cryobank mit dem Ziel, anonymen, gefrorenen Spendersamen mit einem h\u00f6heren Standard als dem zu diesem Zeitpunkt angebotenen zu versorgen. Von Anfang an bot die Fairfax Cryobank ein gr\u00fcndliches genetisches und infekti\u00f6ses Samenspender-Screening sowie qualitativ hochwertige Spermien von Samenspendern mit ausgezeichnetem schulischen Hintergrund.<\/p>\n\n\n\n<p>\u00c4rzte, die das Institut besuchten und die Ergebnisse der gefrorenen Spenderproben beobachteten, begannen, die Verwendung von Fairfax-Cryobank-Spenderproben in ihren eigenen Unfruchtbarkeitspraktiken anzufordern. Obwohl es urspr\u00fcnglich nicht beabsichtigt war, Proben au\u00dferhalb des Instituts zu liefern, liefert Fairfax Cryobank aufgrund anhaltender Anfragen von \u00c4rzten und Patienten Spendersamen an \u00c4rzte und Universit\u00e4tskliniken in allen 50 Bundesstaaten der USA, sowie vielen anderen L\u00e4ndern. Auf Anfrage von Patienten, \u00c4rzten und zahlreichen medizinischen Einrichtungen hat die Fairfax Cryobank zudem begonnen, Sperma einzufrieren und f\u00fcr Patienten aufzubewahren, deren Proben f\u00fcr die zuk\u00fcnftige Verwendung kryokonserviert werden sollen. Das Embryo-Aufbewahrungsprogramm der Fairfax Cryobank bewahrt schon seit 1986 reproduktive Langzeitproben auf. Wir verf\u00fcgen \u00fcber ein umfassendes Know-How beim Transport von Proben zu bzw. von Arztpraxen in allen 50 Bundesstaaten und vielen L\u00e4ndern der Welt. Unsere Einrichtungen sind mit der neuesten Technologie ausgestattet. Embryonen werden in hochmodernen Fl\u00fcssigstickstofftanks gelagert, die nicht auf Strom angewiesen sind, um die Embryonen gefroren zu halten. Diese Lagertanks werden 24 Stunden am Tag, 7 Tage die Woche \u00fcberwacht.<\/p>\n\n\n\n<p><strong>2002<\/strong> &#8211; <strong>Cryogenic Laboratories, Inc. tritt der Fairfax-Familie bei<\/strong><\/p>\n\n\n\n<p>Cryogenic Laboratories, Inc., die erste kommerzielle Spermabank, die in den USA entwickelt wurde, trat 2002 der Genetics &amp; IVF Institute-Familie von Cryobanks bei. Diese Partnerschaft bietet Patienten eine noch gr\u00f6\u00dfere Auswahl, wenn es um hochwertige Spendersamen geht. CLI-Spender sind auch \u00fcber die Fairfax Cryobank-Suche verf\u00fcgbar, und zuk\u00fcnftige Familien haben somit eine noch gr\u00f6\u00dfere Auswahl an Samenspendern mit ausgezeichnetem schulischen Hintergrund.<\/p>\n\n\n\n<p><strong>2006<\/strong> &#8211; <strong>Launch der Fairfax EggBank<\/strong><\/p>\n\n\n\n<p>Im Jahr 2006 wurde das Schwesterunternehmen von Fairfax Cryobank, <a rel=\"noreferrer noopener\" href=\"https:\/\/www.fairfaxeggbank.com\/\" target=\"_blank\">Fairfax EggBank<\/a>, im Rahmen des beliebten Programms f\u00fcr frische Spendereier am Genetics &amp; IVF Institute gegr\u00fcndet. Als eine der gr\u00f6\u00dften und erfahrensten Eizellbanken der Welt versendet die Fairfax EggBank jetzt gefrorene Spender-Eier an fast 350 IVF-Kliniken in den USA und in Kanada. <\/p>\n\n\n\n<p><strong>2016<\/strong> &#8211; <strong>Pacific Reproductive Services tritt der Fairfax-Familie bei<\/strong><\/p>\n\n\n\n<p>Fairfax Cryobank hat Pacific Reproductive Services (PRS) im Jahr 2015 in die Fairfax Cryobank-Familie aufgenommen. PRS ist eine angesehene Spermabank und Fruchtbarkeitsklinik, und das schon seit 1984. PRS wurde von lesbischen Frauen gegr\u00fcndet, um alleinerziehende M\u00fctter bis hin zur LGBTQ+ Community mit ihrem Kinderwunsch zu unterst\u00fctzen.<\/p>\n\n\n\n<p><strong>Heute<br><\/strong>Gegenw\u00e4rtig verwenden Patienten, \u00c4rzte und medizinische Zentren auf der ganzen Welt Spendersamen von Fairfax Cryobank aufgrund ihrer Erfahrung und ihres Vertrauens in Spenderauswahl, Spender-Screening, Tests auf Infektions- und Erbkrankheiten, Spermienqualit\u00e4tsstandards und hochwertigem Service f\u00fcr Patienten von Fairfax Cryobank.<strong>&nbsp;<\/strong><\/p>\n\n\n\n<p>Worauf warten Sie also noch? Erf\u00fcllen Sie sich Ihren Kinderwunsch mit Spendersamen von Fairfax Cryobank!<\/p>\n\n\n\n<p><\/p>\n","protected":false},"excerpt":{"rendered":"<p>Fairfax Cryobank Unternehmensgeschichte 1984 &#8211; Am Anfang war das Genetics &amp; IVF Institute Das Genetics &amp; IVF Institute wurde 1984 von Dr. Joseph D. Schulman in Fairfax, Virginia, gegr\u00fcndet und ist die erste Klinik- und Laboreinrichtung, die von Anfang an voll integrierte, umfassende ambulante Dienste in den Bereichen Humangenetik und &#8230;<\/p>\n","protected":false},"author":1,"featured_media":13916,"parent":0,"menu_order":0,"comment_status":"closed","ping_status":"closed","template":"","meta":{"footnotes":""},"class_list":["post-4853","page","type-page","status-publish","has-post-thumbnail","hentry"],"yoast_head":"<!-- This site is optimized with the Yoast SEO plugin v27.1.1 - https:\/\/yoast.com\/product\/yoast-seo-wordpress\/ -->\n<title>Fairfax Cryobank Unternehmensgeschichte | \u00dcber Fairfax Cyrobank<\/title>\n<meta name=\"description\" content=\"Mehr \u00fcber die Fairfax Cryobank Unternehmensgeschichte erfahren! Erf\u00fcllen Sie sich Ihren Kinderwunsch mit hochwertigen Spendersamen mit bester Spenderauswahl!\" \/>\n<meta name=\"robots\" content=\"index, follow, max-snippet:-1, max-image-preview:large, max-video-preview:-1\" \/>\n<link rel=\"canonical\" href=\"https:\/\/fairfaxcryobank.com\/de\/unternehmensgeschichte\" \/>\n<meta property=\"og:locale\" content=\"de_DE\" \/>\n<meta property=\"og:type\" content=\"article\" \/>\n<meta property=\"og:title\" content=\"Fairfax Cryobank Unternehmensgeschichte | \u00dcber Fairfax Cyrobank\" \/>\n<meta property=\"og:description\" content=\"Mehr \u00fcber die Fairfax Cryobank Unternehmensgeschichte erfahren! Erf\u00fcllen Sie sich Ihren Kinderwunsch mit hochwertigen Spendersamen mit bester Spenderauswahl!\" \/>\n<meta property=\"og:url\" content=\"https:\/\/fairfaxcryobank.com\/de\/unternehmensgeschichte\" \/>\n<meta property=\"og:site_name\" content=\"Fairfax Cryobank - Find a Sperm Donor\" \/>\n<meta property=\"article:publisher\" content=\"https:\/\/www.facebook.com\/fairfax.cryobank\" \/>\n<meta property=\"article:modified_time\" content=\"2021-12-28T15:50:41+00:00\" \/>\n<meta property=\"og:image\" content=\"https:\/\/fairfaxcryobank.com\/wp-content\/uploads\/iStock-921844490-scaled.jpg\" \/>\n\t<meta property=\"og:image:width\" content=\"2560\" \/>\n\t<meta property=\"og:image:height\" content=\"1709\" \/>\n\t<meta property=\"og:image:type\" content=\"image\/jpeg\" \/>\n<meta name=\"twitter:card\" content=\"summary_large_image\" \/>\n<meta name=\"twitter:site\" content=\"@FairfaxCryobank\" \/>\n<meta name=\"twitter:label1\" content=\"Gesch\u00e4tzte Lesezeit\" \/>\n\t<meta name=\"twitter:data1\" content=\"3\u00a0Minuten\" \/>\n<script type=\"application\/ld+json\" class=\"yoast-schema-graph\">{\"@context\":\"https:\/\/schema.org\",\"@graph\":[{\"@type\":\"WebPage\",\"@id\":\"https:\/\/fairfaxcryobank.com\/de\/unternehmensgeschichte\",\"url\":\"https:\/\/fairfaxcryobank.com\/de\/unternehmensgeschichte\",\"name\":\"Fairfax Cryobank Unternehmensgeschichte | \u00dcber Fairfax Cyrobank\",\"isPartOf\":{\"@id\":\"https:\/\/fairfaxcryobank.com\/de#website\"},\"primaryImageOfPage\":{\"@id\":\"https:\/\/fairfaxcryobank.com\/de\/unternehmensgeschichte#primaryimage\"},\"image\":{\"@id\":\"https:\/\/fairfaxcryobank.com\/de\/unternehmensgeschichte#primaryimage\"},\"thumbnailUrl\":\"https:\/\/fairfaxcryobank.com\/wp-content\/uploads\/iStock-921844490-scaled.jpg\",\"datePublished\":\"2019-12-18T15:16:10+00:00\",\"dateModified\":\"2021-12-28T15:50:41+00:00\",\"description\":\"Mehr \u00fcber die Fairfax Cryobank Unternehmensgeschichte erfahren! Erf\u00fcllen Sie sich Ihren Kinderwunsch mit hochwertigen Spendersamen mit bester Spenderauswahl!\",\"breadcrumb\":{\"@id\":\"https:\/\/fairfaxcryobank.com\/de\/unternehmensgeschichte#breadcrumb\"},\"inLanguage\":\"de\",\"potentialAction\":[{\"@type\":\"ReadAction\",\"target\":[\"https:\/\/fairfaxcryobank.com\/de\/unternehmensgeschichte\"]}]},{\"@type\":\"ImageObject\",\"inLanguage\":\"de\",\"@id\":\"https:\/\/fairfaxcryobank.com\/de\/unternehmensgeschichte#primaryimage\",\"url\":\"https:\/\/fairfaxcryobank.com\/wp-content\/uploads\/iStock-921844490-scaled.jpg\",\"contentUrl\":\"https:\/\/fairfaxcryobank.com\/wp-content\/uploads\/iStock-921844490-scaled.jpg\",\"width\":2560,\"height\":1709,\"caption\":\"Shot of a happy mother bonding with her baby boy at home\"},{\"@type\":\"BreadcrumbList\",\"@id\":\"https:\/\/fairfaxcryobank.com\/de\/unternehmensgeschichte#breadcrumb\",\"itemListElement\":[{\"@type\":\"ListItem\",\"position\":1,\"name\":\"Home\",\"item\":\"https:\/\/fairfaxcryobank.com\/de\"},{\"@type\":\"ListItem\",\"position\":2,\"name\":\"Unternehmensgeschichte\"}]},{\"@type\":\"WebSite\",\"@id\":\"https:\/\/fairfaxcryobank.com\/de#website\",\"url\":\"https:\/\/fairfaxcryobank.com\/de\",\"name\":\"Fairfax Cryobank - Find a Sperm Donor\",\"description\":\"Top-Tier Sperm Bank\",\"publisher\":{\"@id\":\"https:\/\/fairfaxcryobank.com\/de#organization\"},\"potentialAction\":[{\"@type\":\"SearchAction\",\"target\":{\"@type\":\"EntryPoint\",\"urlTemplate\":\"https:\/\/fairfaxcryobank.com\/de?s={search_term_string}\"},\"query-input\":{\"@type\":\"PropertyValueSpecification\",\"valueRequired\":true,\"valueName\":\"search_term_string\"}}],\"inLanguage\":\"de\"},{\"@type\":\"Organization\",\"@id\":\"https:\/\/fairfaxcryobank.com\/de#organization\",\"name\":\"Fairfax Cryobank\",\"url\":\"https:\/\/fairfaxcryobank.com\/de\",\"logo\":{\"@type\":\"ImageObject\",\"inLanguage\":\"de\",\"@id\":\"https:\/\/fairfaxcryobank.com\/de#\/schema\/logo\/image\/\",\"url\":\"https:\/\/fairfaxcryobank.com\/wp-content\/uploads\/logo.webp\",\"contentUrl\":\"https:\/\/fairfaxcryobank.com\/wp-content\/uploads\/logo.webp\",\"width\":1,\"height\":1,\"caption\":\"Fairfax Cryobank\"},\"image\":{\"@id\":\"https:\/\/fairfaxcryobank.com\/de#\/schema\/logo\/image\/\"},\"sameAs\":[\"https:\/\/www.facebook.com\/fairfax.cryobank\",\"https:\/\/x.com\/FairfaxCryobank\",\"https:\/\/www.instagram.com\/fairfaxcryobank\/\",\"https:\/\/www.pinterest.com\/fairfaxcryo\/\"]}]}<\/script>\n<!-- \/ Yoast SEO plugin. -->","yoast_head_json":{"title":"Fairfax Cryobank Unternehmensgeschichte | \u00dcber Fairfax Cyrobank","description":"Mehr \u00fcber die Fairfax Cryobank Unternehmensgeschichte erfahren! Erf\u00fcllen Sie sich Ihren Kinderwunsch mit hochwertigen Spendersamen mit bester Spenderauswahl!","robots":{"index":"index","follow":"follow","max-snippet":"max-snippet:-1","max-image-preview":"max-image-preview:large","max-video-preview":"max-video-preview:-1"},"canonical":"https:\/\/fairfaxcryobank.com\/de\/unternehmensgeschichte","og_locale":"de_DE","og_type":"article","og_title":"Fairfax Cryobank Unternehmensgeschichte | \u00dcber Fairfax Cyrobank","og_description":"Mehr \u00fcber die Fairfax Cryobank Unternehmensgeschichte erfahren! Erf\u00fcllen Sie sich Ihren Kinderwunsch mit hochwertigen Spendersamen mit bester Spenderauswahl!","og_url":"https:\/\/fairfaxcryobank.com\/de\/unternehmensgeschichte","og_site_name":"Fairfax Cryobank - Find a Sperm Donor","article_publisher":"https:\/\/www.facebook.com\/fairfax.cryobank","article_modified_time":"2021-12-28T15:50:41+00:00","og_image":[{"width":2560,"height":1709,"url":"https:\/\/fairfaxcryobank.com\/wp-content\/uploads\/iStock-921844490-scaled.jpg","type":"image\/jpeg"}],"twitter_card":"summary_large_image","twitter_site":"@FairfaxCryobank","twitter_misc":{"Gesch\u00e4tzte Lesezeit":"3\u00a0Minuten"},"schema":{"@context":"https:\/\/schema.org","@graph":[{"@type":"WebPage","@id":"https:\/\/fairfaxcryobank.com\/de\/unternehmensgeschichte","url":"https:\/\/fairfaxcryobank.com\/de\/unternehmensgeschichte","name":"Fairfax Cryobank Unternehmensgeschichte | \u00dcber Fairfax Cyrobank","isPartOf":{"@id":"https:\/\/fairfaxcryobank.com\/de#website"},"primaryImageOfPage":{"@id":"https:\/\/fairfaxcryobank.com\/de\/unternehmensgeschichte#primaryimage"},"image":{"@id":"https:\/\/fairfaxcryobank.com\/de\/unternehmensgeschichte#primaryimage"},"thumbnailUrl":"https:\/\/fairfaxcryobank.com\/wp-content\/uploads\/iStock-921844490-scaled.jpg","datePublished":"2019-12-18T15:16:10+00:00","dateModified":"2021-12-28T15:50:41+00:00","description":"Mehr \u00fcber die Fairfax Cryobank Unternehmensgeschichte erfahren! Erf\u00fcllen Sie sich Ihren Kinderwunsch mit hochwertigen Spendersamen mit bester Spenderauswahl!","breadcrumb":{"@id":"https:\/\/fairfaxcryobank.com\/de\/unternehmensgeschichte#breadcrumb"},"inLanguage":"de","potentialAction":[{"@type":"ReadAction","target":["https:\/\/fairfaxcryobank.com\/de\/unternehmensgeschichte"]}]},{"@type":"ImageObject","inLanguage":"de","@id":"https:\/\/fairfaxcryobank.com\/de\/unternehmensgeschichte#primaryimage","url":"https:\/\/fairfaxcryobank.com\/wp-content\/uploads\/iStock-921844490-scaled.jpg","contentUrl":"https:\/\/fairfaxcryobank.com\/wp-content\/uploads\/iStock-921844490-scaled.jpg","width":2560,"height":1709,"caption":"Shot of a happy mother bonding with her baby boy at home"},{"@type":"BreadcrumbList","@id":"https:\/\/fairfaxcryobank.com\/de\/unternehmensgeschichte#breadcrumb","itemListElement":[{"@type":"ListItem","position":1,"name":"Home","item":"https:\/\/fairfaxcryobank.com\/de"},{"@type":"ListItem","position":2,"name":"Unternehmensgeschichte"}]},{"@type":"WebSite","@id":"https:\/\/fairfaxcryobank.com\/de#website","url":"https:\/\/fairfaxcryobank.com\/de","name":"Fairfax Cryobank - Find a Sperm Donor","description":"Top-Tier Sperm Bank","publisher":{"@id":"https:\/\/fairfaxcryobank.com\/de#organization"},"potentialAction":[{"@type":"SearchAction","target":{"@type":"EntryPoint","urlTemplate":"https:\/\/fairfaxcryobank.com\/de?s={search_term_string}"},"query-input":{"@type":"PropertyValueSpecification","valueRequired":true,"valueName":"search_term_string"}}],"inLanguage":"de"},{"@type":"Organization","@id":"https:\/\/fairfaxcryobank.com\/de#organization","name":"Fairfax Cryobank","url":"https:\/\/fairfaxcryobank.com\/de","logo":{"@type":"ImageObject","inLanguage":"de","@id":"https:\/\/fairfaxcryobank.com\/de#\/schema\/logo\/image\/","url":"https:\/\/fairfaxcryobank.com\/wp-content\/uploads\/logo.webp","contentUrl":"https:\/\/fairfaxcryobank.com\/wp-content\/uploads\/logo.webp","width":1,"height":1,"caption":"Fairfax Cryobank"},"image":{"@id":"https:\/\/fairfaxcryobank.com\/de#\/schema\/logo\/image\/"},"sameAs":["https:\/\/www.facebook.com\/fairfax.cryobank","https:\/\/x.com\/FairfaxCryobank","https:\/\/www.instagram.com\/fairfaxcryobank\/","https:\/\/www.pinterest.com\/fairfaxcryo\/"]}]}},"post_mailing_queue_ids":[],"_links":{"self":[{"href":"https:\/\/fairfaxcryobank.com\/de\/wp-json\/wp\/v2\/pages\/4853","targetHints":{"allow":["GET"]}}],"collection":[{"href":"https:\/\/fairfaxcryobank.com\/de\/wp-json\/wp\/v2\/pages"}],"about":[{"href":"https:\/\/fairfaxcryobank.com\/de\/wp-json\/wp\/v2\/types\/page"}],"author":[{"embeddable":true,"href":"https:\/\/fairfaxcryobank.com\/de\/wp-json\/wp\/v2\/users\/1"}],"replies":[{"embeddable":true,"href":"https:\/\/fairfaxcryobank.com\/de\/wp-json\/wp\/v2\/comments?post=4853"}],"version-history":[{"count":4,"href":"https:\/\/fairfaxcryobank.com\/de\/wp-json\/wp\/v2\/pages\/4853\/revisions"}],"predecessor-version":[{"id":19398,"href":"https:\/\/fairfaxcryobank.com\/de\/wp-json\/wp\/v2\/pages\/4853\/revisions\/19398"}],"wp:featuredmedia":[{"embeddable":true,"href":"https:\/\/fairfaxcryobank.com\/de\/wp-json\/wp\/v2\/media\/13916"}],"wp:attachment":[{"href":"https:\/\/fairfaxcryobank.com\/de\/wp-json\/wp\/v2\/media?parent=4853"}],"curies":[{"name":"wp","href":"https:\/\/api.w.org\/{rel}","templated":true}]}}