{"id":4855,"date":"2019-12-18T15:16:34","date_gmt":"2019-12-18T15:16:34","guid":{"rendered":"https:\/\/fairfaxcryobank.com\/?page_id=4855"},"modified":"2022-01-21T09:47:33","modified_gmt":"2022-01-21T14:47:33","slug":"leitbild-werte","status":"publish","type":"page","link":"https:\/\/fairfaxcryobank.com\/de\/leitbild-werte","title":{"rendered":"Leitbild und Werte"},"content":{"rendered":"\n<h2 class=\"wp-block-heading\"><strong>Fairfax Cryobank Leitbild und Werte<\/strong><\/h2>\n\n\n\n<h3 class=\"wp-block-heading\"><strong>Fairfax Cryobank ist stolz darauf, ein vertrauensw\u00fcrdiger Marktf\u00fchrer zu sein \u2013 und das schon seit 1986<\/strong><\/h3>\n\n\n\n<p>Das Leitbild und die Werte der Fairfax Cryobank sind recht einfach: Unser Ziel ist es, Branchenf\u00fchrer im Bereich Spendersperma und Kryobanking zu bleiben. Dazu geh\u00f6rt nat\u00fcrlich auch genaustes Screening und \u00dcberpr\u00fcfung von Samenspendern und Spendersperma. Dies sind einige der wichtigen Gr\u00fcnde, warum Fairfax Cryobank Marktf\u00fchrer ist!<\/p>\n\n\n\n<p>Wir glauben fest daran, dass die Gesundheit und Sicherheit der Fairfax Cryobank Kunden und Patienten, sowie ihrer Nachkommen von gr\u00f6\u00dfter Bedeutung sind und nicht beeintr\u00e4chtigt werden d\u00fcrfen.<\/p>\n\n\n\n<p>Wir werden nicht nur den Geist und die verbreiteten Standards aller Aufsichtsbeh\u00f6rden, die unsere Aktivit\u00e4ten regeln, einhalten, sondern auch die internen Richtlinien und Verfahren der Fairfax Cryobank, um sicherzustellen, dass die Qualit\u00e4t der Samenspender erhalten bleibt, und wir unsere Werte und Ziele verwirklichen k\u00f6nnen.<\/p>\n\n\n\n<p>Wir stellen sicher, dass unsere Spendersperma- und Kryobanking-Dienstleistungen nur von h\u00f6chster Qualit\u00e4t sind. Wir werden uns stets darum bem\u00fchen, unsere Prozesse und unser Qualit\u00e4tssystem bei der Fairfax Cryobank st\u00e4ndig zu verbessern.<\/p>\n\n\n\n<p>Wir verpflichten uns, die Privatsph\u00e4re und Vertraulichkeit aller der am Samenspendeprozess beteiligten Parteien, einschlie\u00dflich Nachkommen, Kunden, Patienten und Spender, zu wahren.<\/p>\n\n\n\n<p>Wir sind und werden auch weiterhin offen sein, und alle Familien und Patienten willkommen hei\u00dfen. Wir unterst\u00fctzen den Kinderwunsch eines jeden, und freuen uns, Teil Ihres Traum f\u00fcr Familie zu sein!<\/p>\n\n\n\n<p>Jeder, der Kontakt zu unseren Kunden hat, wird h\u00f6flich, professionell und mitf\u00fchlend sein, mit dem Ziel, ein hohes Ma\u00df an Service und Zufriedenheit zu bieten.<\/p>\n\n\n\n<p>Wenn unser Kundendienst bei der Fairfax Cryobank Ihr Problem aus irgendeinem Grund nicht l\u00f6sen kann, wenden Sie sich bitte direkt an unsere <a href=\"https:\/\/fairfaxcryobank.com\/message-to-our-general-manager\" target=\"_blank\" rel=\"noreferrer noopener\">Direktorin<\/a>.<\/p>\n\n\n\n<p><\/p>\n","protected":false},"excerpt":{"rendered":"<p>Fairfax Cryobank Leitbild und Werte Fairfax Cryobank ist stolz darauf, ein vertrauensw\u00fcrdiger Marktf\u00fchrer zu sein \u2013 und das schon seit 1986 Das Leitbild und die Werte der Fairfax Cryobank sind recht einfach: Unser Ziel ist es, Branchenf\u00fchrer im Bereich Spendersperma und Kryobanking zu bleiben. Dazu geh\u00f6rt nat\u00fcrlich auch genaustes Screening &#8230;<\/p>\n","protected":false},"author":1,"featured_media":0,"parent":0,"menu_order":0,"comment_status":"closed","ping_status":"closed","template":"","meta":{"footnotes":""},"class_list":["post-4855","page","type-page","status-publish","hentry"],"yoast_head":"<!-- This site is optimized with the Yoast SEO plugin v27.1.1 - https:\/\/yoast.com\/product\/yoast-seo-wordpress\/ -->\n<title>Leitbild und Werte | Fairfax Cryobank<\/title>\n<meta name=\"description\" content=\"Erfahren Sie mehr \u00fcber das Leitbild und die Werte der Fairfax Cryobank! Vertrauensw\u00fcrdiger Marktf\u00fchrer im Bereich Spendersperma. Erf\u00fcllen Sie sich Ihren Kinderwunsch!\" \/>\n<meta name=\"robots\" content=\"index, follow, max-snippet:-1, max-image-preview:large, max-video-preview:-1\" \/>\n<link rel=\"canonical\" href=\"https:\/\/fairfaxcryobank.com\/de\/leitbild-werte\" \/>\n<meta property=\"og:locale\" content=\"de_DE\" \/>\n<meta property=\"og:type\" content=\"article\" \/>\n<meta property=\"og:title\" content=\"Leitbild und Werte | Fairfax Cryobank\" \/>\n<meta property=\"og:description\" content=\"Erfahren Sie mehr \u00fcber das Leitbild und die Werte der Fairfax Cryobank! Vertrauensw\u00fcrdiger Marktf\u00fchrer im Bereich Spendersperma. Erf\u00fcllen Sie sich Ihren Kinderwunsch!\" \/>\n<meta property=\"og:url\" content=\"https:\/\/fairfaxcryobank.com\/de\/leitbild-werte\" \/>\n<meta property=\"og:site_name\" content=\"Fairfax Cryobank - Find a Sperm Donor\" \/>\n<meta property=\"article:publisher\" content=\"https:\/\/www.facebook.com\/fairfax.cryobank\" \/>\n<meta property=\"article:modified_time\" content=\"2022-01-21T14:47:33+00:00\" \/>\n<meta name=\"twitter:card\" content=\"summary_large_image\" \/>\n<meta name=\"twitter:site\" content=\"@FairfaxCryobank\" \/>\n<meta name=\"twitter:label1\" content=\"Gesch\u00e4tzte Lesezeit\" \/>\n\t<meta name=\"twitter:data1\" content=\"1\u00a0Minute\" \/>\n<script type=\"application\/ld+json\" class=\"yoast-schema-graph\">{\"@context\":\"https:\/\/schema.org\",\"@graph\":[{\"@type\":\"WebPage\",\"@id\":\"https:\/\/fairfaxcryobank.com\/de\/leitbild-werte\",\"url\":\"https:\/\/fairfaxcryobank.com\/de\/leitbild-werte\",\"name\":\"Leitbild und Werte | Fairfax Cryobank\",\"isPartOf\":{\"@id\":\"https:\/\/fairfaxcryobank.com\/de#website\"},\"datePublished\":\"2019-12-18T15:16:34+00:00\",\"dateModified\":\"2022-01-21T14:47:33+00:00\",\"description\":\"Erfahren Sie mehr \u00fcber das Leitbild und die Werte der Fairfax Cryobank! Vertrauensw\u00fcrdiger Marktf\u00fchrer im Bereich Spendersperma. Erf\u00fcllen Sie sich Ihren Kinderwunsch!\",\"breadcrumb\":{\"@id\":\"https:\/\/fairfaxcryobank.com\/de\/leitbild-werte#breadcrumb\"},\"inLanguage\":\"de\",\"potentialAction\":[{\"@type\":\"ReadAction\",\"target\":[\"https:\/\/fairfaxcryobank.com\/de\/leitbild-werte\"]}]},{\"@type\":\"BreadcrumbList\",\"@id\":\"https:\/\/fairfaxcryobank.com\/de\/leitbild-werte#breadcrumb\",\"itemListElement\":[{\"@type\":\"ListItem\",\"position\":1,\"name\":\"Home\",\"item\":\"https:\/\/fairfaxcryobank.com\/de\"},{\"@type\":\"ListItem\",\"position\":2,\"name\":\"Leitbild und Werte\"}]},{\"@type\":\"WebSite\",\"@id\":\"https:\/\/fairfaxcryobank.com\/de#website\",\"url\":\"https:\/\/fairfaxcryobank.com\/de\",\"name\":\"Fairfax Cryobank - Find a Sperm Donor\",\"description\":\"Top-Tier Sperm Bank\",\"publisher\":{\"@id\":\"https:\/\/fairfaxcryobank.com\/de#organization\"},\"potentialAction\":[{\"@type\":\"SearchAction\",\"target\":{\"@type\":\"EntryPoint\",\"urlTemplate\":\"https:\/\/fairfaxcryobank.com\/de?s={search_term_string}\"},\"query-input\":{\"@type\":\"PropertyValueSpecification\",\"valueRequired\":true,\"valueName\":\"search_term_string\"}}],\"inLanguage\":\"de\"},{\"@type\":\"Organization\",\"@id\":\"https:\/\/fairfaxcryobank.com\/de#organization\",\"name\":\"Fairfax Cryobank\",\"url\":\"https:\/\/fairfaxcryobank.com\/de\",\"logo\":{\"@type\":\"ImageObject\",\"inLanguage\":\"de\",\"@id\":\"https:\/\/fairfaxcryobank.com\/de#\/schema\/logo\/image\/\",\"url\":\"https:\/\/fairfaxcryobank.com\/wp-content\/uploads\/logo.webp\",\"contentUrl\":\"https:\/\/fairfaxcryobank.com\/wp-content\/uploads\/logo.webp\",\"width\":1,\"height\":1,\"caption\":\"Fairfax Cryobank\"},\"image\":{\"@id\":\"https:\/\/fairfaxcryobank.com\/de#\/schema\/logo\/image\/\"},\"sameAs\":[\"https:\/\/www.facebook.com\/fairfax.cryobank\",\"https:\/\/x.com\/FairfaxCryobank\",\"https:\/\/www.instagram.com\/fairfaxcryobank\/\",\"https:\/\/www.pinterest.com\/fairfaxcryo\/\"]}]}<\/script>\n<!-- \/ Yoast SEO plugin. -->","yoast_head_json":{"title":"Leitbild und Werte | Fairfax Cryobank","description":"Erfahren Sie mehr \u00fcber das Leitbild und die Werte der Fairfax Cryobank! Vertrauensw\u00fcrdiger Marktf\u00fchrer im Bereich Spendersperma. Erf\u00fcllen Sie sich Ihren Kinderwunsch!","robots":{"index":"index","follow":"follow","max-snippet":"max-snippet:-1","max-image-preview":"max-image-preview:large","max-video-preview":"max-video-preview:-1"},"canonical":"https:\/\/fairfaxcryobank.com\/de\/leitbild-werte","og_locale":"de_DE","og_type":"article","og_title":"Leitbild und Werte | Fairfax Cryobank","og_description":"Erfahren Sie mehr \u00fcber das Leitbild und die Werte der Fairfax Cryobank! Vertrauensw\u00fcrdiger Marktf\u00fchrer im Bereich Spendersperma. Erf\u00fcllen Sie sich Ihren Kinderwunsch!","og_url":"https:\/\/fairfaxcryobank.com\/de\/leitbild-werte","og_site_name":"Fairfax Cryobank - Find a Sperm Donor","article_publisher":"https:\/\/www.facebook.com\/fairfax.cryobank","article_modified_time":"2022-01-21T14:47:33+00:00","twitter_card":"summary_large_image","twitter_site":"@FairfaxCryobank","twitter_misc":{"Gesch\u00e4tzte Lesezeit":"1\u00a0Minute"},"schema":{"@context":"https:\/\/schema.org","@graph":[{"@type":"WebPage","@id":"https:\/\/fairfaxcryobank.com\/de\/leitbild-werte","url":"https:\/\/fairfaxcryobank.com\/de\/leitbild-werte","name":"Leitbild und Werte | Fairfax Cryobank","isPartOf":{"@id":"https:\/\/fairfaxcryobank.com\/de#website"},"datePublished":"2019-12-18T15:16:34+00:00","dateModified":"2022-01-21T14:47:33+00:00","description":"Erfahren Sie mehr \u00fcber das Leitbild und die Werte der Fairfax Cryobank! Vertrauensw\u00fcrdiger Marktf\u00fchrer im Bereich Spendersperma. Erf\u00fcllen Sie sich Ihren Kinderwunsch!","breadcrumb":{"@id":"https:\/\/fairfaxcryobank.com\/de\/leitbild-werte#breadcrumb"},"inLanguage":"de","potentialAction":[{"@type":"ReadAction","target":["https:\/\/fairfaxcryobank.com\/de\/leitbild-werte"]}]},{"@type":"BreadcrumbList","@id":"https:\/\/fairfaxcryobank.com\/de\/leitbild-werte#breadcrumb","itemListElement":[{"@type":"ListItem","position":1,"name":"Home","item":"https:\/\/fairfaxcryobank.com\/de"},{"@type":"ListItem","position":2,"name":"Leitbild und Werte"}]},{"@type":"WebSite","@id":"https:\/\/fairfaxcryobank.com\/de#website","url":"https:\/\/fairfaxcryobank.com\/de","name":"Fairfax Cryobank - Find a Sperm Donor","description":"Top-Tier Sperm Bank","publisher":{"@id":"https:\/\/fairfaxcryobank.com\/de#organization"},"potentialAction":[{"@type":"SearchAction","target":{"@type":"EntryPoint","urlTemplate":"https:\/\/fairfaxcryobank.com\/de?s={search_term_string}"},"query-input":{"@type":"PropertyValueSpecification","valueRequired":true,"valueName":"search_term_string"}}],"inLanguage":"de"},{"@type":"Organization","@id":"https:\/\/fairfaxcryobank.com\/de#organization","name":"Fairfax Cryobank","url":"https:\/\/fairfaxcryobank.com\/de","logo":{"@type":"ImageObject","inLanguage":"de","@id":"https:\/\/fairfaxcryobank.com\/de#\/schema\/logo\/image\/","url":"https:\/\/fairfaxcryobank.com\/wp-content\/uploads\/logo.webp","contentUrl":"https:\/\/fairfaxcryobank.com\/wp-content\/uploads\/logo.webp","width":1,"height":1,"caption":"Fairfax Cryobank"},"image":{"@id":"https:\/\/fairfaxcryobank.com\/de#\/schema\/logo\/image\/"},"sameAs":["https:\/\/www.facebook.com\/fairfax.cryobank","https:\/\/x.com\/FairfaxCryobank","https:\/\/www.instagram.com\/fairfaxcryobank\/","https:\/\/www.pinterest.com\/fairfaxcryo\/"]}]}},"post_mailing_queue_ids":[],"_links":{"self":[{"href":"https:\/\/fairfaxcryobank.com\/de\/wp-json\/wp\/v2\/pages\/4855","targetHints":{"allow":["GET"]}}],"collection":[{"href":"https:\/\/fairfaxcryobank.com\/de\/wp-json\/wp\/v2\/pages"}],"about":[{"href":"https:\/\/fairfaxcryobank.com\/de\/wp-json\/wp\/v2\/types\/page"}],"author":[{"embeddable":true,"href":"https:\/\/fairfaxcryobank.com\/de\/wp-json\/wp\/v2\/users\/1"}],"replies":[{"embeddable":true,"href":"https:\/\/fairfaxcryobank.com\/de\/wp-json\/wp\/v2\/comments?post=4855"}],"version-history":[{"count":2,"href":"https:\/\/fairfaxcryobank.com\/de\/wp-json\/wp\/v2\/pages\/4855\/revisions"}],"predecessor-version":[{"id":19962,"href":"https:\/\/fairfaxcryobank.com\/de\/wp-json\/wp\/v2\/pages\/4855\/revisions\/19962"}],"wp:attachment":[{"href":"https:\/\/fairfaxcryobank.com\/de\/wp-json\/wp\/v2\/media?parent=4855"}],"curies":[{"name":"wp","href":"https:\/\/api.w.org\/{rel}","templated":true}]}}