{"id":4859,"date":"2019-12-18T15:19:26","date_gmt":"2019-12-18T15:19:26","guid":{"rendered":"https:\/\/fairfaxcryobank.com\/?page_id=4859"},"modified":"2024-09-25T15:49:55","modified_gmt":"2024-09-25T19:49:55","slug":"partner-eizellbank-spenderstellen-distributoren","status":"publish","type":"page","link":"https:\/\/fairfaxcryobank.com\/de\/partner-eizellbank-spenderstellen-distributoren","title":{"rendered":"Partner (Eizellbank, Spenderstellen, Distributoren)"},"content":{"rendered":"\n<h2 class=\"wp-block-heading\"><strong>Partner der Fairfax Cryobank<\/strong><\/h2>\n\n\n\n<p>M\u00f6chten Sie Samen oder Eizellen spenden? <\/p>\n\n\n\n<p>Seit unserer Gr\u00fcndung im Jahr 1986 arbeitet Fairfax Cryobank mit den besten Kliniken und Unternehmen der Branche zusammen. Unsere hochmodernen Partner genie\u00dfen den besten Ruf f\u00fcr erstklassiges Fachwissen und Kundenservice.<\/p>\n\n\n\n<h4 class=\"wp-block-heading\"><strong><a href=\"https:\/\/www.fairfaxeggbank.com\">Fairfax EggBank<\/a><\/strong><\/h4>\n\n\n\n<p>Fairfax EggBank ist die f\u00fchrende Bank f\u00fcr eingefrorene Spendereizellen. Fairfax EggBank arbeitet mit \u00fcber 350 IVF-Kliniken auf der ganzen Welt zusammen. Wir sind die f\u00fchrenden Experten f\u00fcr Spenderscreening und Service Excellence. Fairfax EggBank ist bestrebt, Eizellen h\u00f6chster Qualit\u00e4t von einer elit\u00e4ren und vielf\u00e4ltigen Auswahl von Spendern bereitzustellen.<\/p>\n\n\n\n<h4 class=\"wp-block-heading\"><strong>Andere Kliniken<\/strong><\/h4>\n\n\n\n<p>Fairfax Cryobank unterh\u00e4lt enge Gesch\u00e4ftsbeziehungen zu Kliniken auf der ganzen Welt, wie z. B. die Shady Grove Fertility Klinik. <\/p>\n\n\n\n<h4 class=\"wp-block-heading\"><strong><a href=\"https:\/\/www.beaspermdonor.com\/\">Samenspender-Programm<\/a><\/strong><br><\/h4>\n\n\n\n<p>Das Spenderprogramm von Fairfax Cryobank, BeASpermDonor.com, sucht nach gesunden M\u00e4nnern im Alter von 18 bis 39 Jahren, die derzeit eine Uni oder College besuchen, oder \u00fcber einen College- oder Uni-Abschluss verf\u00fcgen, um Familientr\u00e4ume zu verwirklichen. Um sich zu bewerben, besuchen Sie bitte BeASpermDonor.com.<\/p>\n\n\n\n<h4 class=\"wp-block-heading\"><strong><a href=\"https:\/\/www.fairfaxeggbank.com\/donors\/\">Eizellenspender-Programm<\/a><\/strong><\/h4>\n\n\n\n<p>Frauen, die anderen Frauen helfen m\u00f6chten, indem sie Eizellspenderin werden, k\u00f6nnen sich auf der Fairfax EggBank-Spenderseite bewerben. <\/p>\n","protected":false},"excerpt":{"rendered":"<p>Partner der Fairfax Cryobank M\u00f6chten Sie Samen oder Eizellen spenden? Seit unserer Gr\u00fcndung im Jahr 1986 arbeitet Fairfax Cryobank mit den besten Kliniken und Unternehmen der Branche zusammen. Unsere hochmodernen Partner genie\u00dfen den besten Ruf f\u00fcr erstklassiges Fachwissen und Kundenservice. Fairfax EggBank Fairfax EggBank ist die f\u00fchrende Bank f\u00fcr eingefrorene &#8230;<\/p>\n","protected":false},"author":1,"featured_media":0,"parent":0,"menu_order":0,"comment_status":"closed","ping_status":"closed","template":"","meta":{"footnotes":""},"class_list":["post-4859","page","type-page","status-publish","hentry"],"yoast_head":"<!-- This site is optimized with the Yoast SEO plugin v27.1.1 - https:\/\/yoast.com\/product\/yoast-seo-wordpress\/ -->\n<title>Partner (Eizellbank, Spenderstellen, Distributoren) | Fairfax Cryobank<\/title>\n<meta name=\"description\" content=\"Seit unserer Gr\u00fcndung im Jahr 1986 arbeitet Fairfax Cryobank mit den besten Kliniken und Unternehmen der Branche zusammen.\" \/>\n<meta name=\"robots\" content=\"index, follow, max-snippet:-1, max-image-preview:large, max-video-preview:-1\" \/>\n<link rel=\"canonical\" href=\"https:\/\/fairfaxcryobank.com\/de\/partner-eizellbank-spenderstellen-distributoren\" \/>\n<meta property=\"og:locale\" content=\"de_DE\" \/>\n<meta property=\"og:type\" content=\"article\" \/>\n<meta property=\"og:title\" content=\"Partner (Eizellbank, Spenderstellen, Distributoren) | Fairfax Cryobank\" \/>\n<meta property=\"og:description\" content=\"Seit unserer Gr\u00fcndung im Jahr 1986 arbeitet Fairfax Cryobank mit den besten Kliniken und Unternehmen der Branche zusammen.\" \/>\n<meta property=\"og:url\" content=\"https:\/\/fairfaxcryobank.com\/de\/partner-eizellbank-spenderstellen-distributoren\" \/>\n<meta property=\"og:site_name\" content=\"Fairfax Cryobank - Find a Sperm Donor\" \/>\n<meta property=\"article:publisher\" content=\"https:\/\/www.facebook.com\/fairfax.cryobank\" \/>\n<meta property=\"article:modified_time\" content=\"2024-09-25T19:49:55+00:00\" \/>\n<meta name=\"twitter:card\" content=\"summary_large_image\" \/>\n<meta name=\"twitter:site\" content=\"@FairfaxCryobank\" \/>\n<meta name=\"twitter:label1\" content=\"Gesch\u00e4tzte Lesezeit\" \/>\n\t<meta name=\"twitter:data1\" content=\"1\u00a0Minute\" \/>\n<script type=\"application\/ld+json\" class=\"yoast-schema-graph\">{\"@context\":\"https:\/\/schema.org\",\"@graph\":[{\"@type\":\"WebPage\",\"@id\":\"https:\/\/fairfaxcryobank.com\/de\/partner-eizellbank-spenderstellen-distributoren\",\"url\":\"https:\/\/fairfaxcryobank.com\/de\/partner-eizellbank-spenderstellen-distributoren\",\"name\":\"Partner (Eizellbank, Spenderstellen, Distributoren) | Fairfax Cryobank\",\"isPartOf\":{\"@id\":\"https:\/\/fairfaxcryobank.com\/de#website\"},\"datePublished\":\"2019-12-18T15:19:26+00:00\",\"dateModified\":\"2024-09-25T19:49:55+00:00\",\"description\":\"Seit unserer Gr\u00fcndung im Jahr 1986 arbeitet Fairfax Cryobank mit den besten Kliniken und Unternehmen der Branche zusammen.\",\"breadcrumb\":{\"@id\":\"https:\/\/fairfaxcryobank.com\/de\/partner-eizellbank-spenderstellen-distributoren#breadcrumb\"},\"inLanguage\":\"de\",\"potentialAction\":[{\"@type\":\"ReadAction\",\"target\":[\"https:\/\/fairfaxcryobank.com\/de\/partner-eizellbank-spenderstellen-distributoren\"]}]},{\"@type\":\"BreadcrumbList\",\"@id\":\"https:\/\/fairfaxcryobank.com\/de\/partner-eizellbank-spenderstellen-distributoren#breadcrumb\",\"itemListElement\":[{\"@type\":\"ListItem\",\"position\":1,\"name\":\"Home\",\"item\":\"https:\/\/fairfaxcryobank.com\/de\"},{\"@type\":\"ListItem\",\"position\":2,\"name\":\"Partner (Eizellbank, Spenderstellen, Distributoren)\"}]},{\"@type\":\"WebSite\",\"@id\":\"https:\/\/fairfaxcryobank.com\/de#website\",\"url\":\"https:\/\/fairfaxcryobank.com\/de\",\"name\":\"Fairfax Cryobank - Find a Sperm Donor\",\"description\":\"Top-Tier Sperm Bank\",\"publisher\":{\"@id\":\"https:\/\/fairfaxcryobank.com\/de#organization\"},\"potentialAction\":[{\"@type\":\"SearchAction\",\"target\":{\"@type\":\"EntryPoint\",\"urlTemplate\":\"https:\/\/fairfaxcryobank.com\/de?s={search_term_string}\"},\"query-input\":{\"@type\":\"PropertyValueSpecification\",\"valueRequired\":true,\"valueName\":\"search_term_string\"}}],\"inLanguage\":\"de\"},{\"@type\":\"Organization\",\"@id\":\"https:\/\/fairfaxcryobank.com\/de#organization\",\"name\":\"Fairfax Cryobank\",\"url\":\"https:\/\/fairfaxcryobank.com\/de\",\"logo\":{\"@type\":\"ImageObject\",\"inLanguage\":\"de\",\"@id\":\"https:\/\/fairfaxcryobank.com\/de#\/schema\/logo\/image\/\",\"url\":\"https:\/\/fairfaxcryobank.com\/wp-content\/uploads\/logo.webp\",\"contentUrl\":\"https:\/\/fairfaxcryobank.com\/wp-content\/uploads\/logo.webp\",\"width\":1,\"height\":1,\"caption\":\"Fairfax Cryobank\"},\"image\":{\"@id\":\"https:\/\/fairfaxcryobank.com\/de#\/schema\/logo\/image\/\"},\"sameAs\":[\"https:\/\/www.facebook.com\/fairfax.cryobank\",\"https:\/\/x.com\/FairfaxCryobank\",\"https:\/\/www.instagram.com\/fairfaxcryobank\/\",\"https:\/\/www.pinterest.com\/fairfaxcryo\/\"]}]}<\/script>\n<!-- \/ Yoast SEO plugin. -->","yoast_head_json":{"title":"Partner (Eizellbank, Spenderstellen, Distributoren) | Fairfax Cryobank","description":"Seit unserer Gr\u00fcndung im Jahr 1986 arbeitet Fairfax Cryobank mit den besten Kliniken und Unternehmen der Branche zusammen.","robots":{"index":"index","follow":"follow","max-snippet":"max-snippet:-1","max-image-preview":"max-image-preview:large","max-video-preview":"max-video-preview:-1"},"canonical":"https:\/\/fairfaxcryobank.com\/de\/partner-eizellbank-spenderstellen-distributoren","og_locale":"de_DE","og_type":"article","og_title":"Partner (Eizellbank, Spenderstellen, Distributoren) | Fairfax Cryobank","og_description":"Seit unserer Gr\u00fcndung im Jahr 1986 arbeitet Fairfax Cryobank mit den besten Kliniken und Unternehmen der Branche zusammen.","og_url":"https:\/\/fairfaxcryobank.com\/de\/partner-eizellbank-spenderstellen-distributoren","og_site_name":"Fairfax Cryobank - Find a Sperm Donor","article_publisher":"https:\/\/www.facebook.com\/fairfax.cryobank","article_modified_time":"2024-09-25T19:49:55+00:00","twitter_card":"summary_large_image","twitter_site":"@FairfaxCryobank","twitter_misc":{"Gesch\u00e4tzte Lesezeit":"1\u00a0Minute"},"schema":{"@context":"https:\/\/schema.org","@graph":[{"@type":"WebPage","@id":"https:\/\/fairfaxcryobank.com\/de\/partner-eizellbank-spenderstellen-distributoren","url":"https:\/\/fairfaxcryobank.com\/de\/partner-eizellbank-spenderstellen-distributoren","name":"Partner (Eizellbank, Spenderstellen, Distributoren) | Fairfax Cryobank","isPartOf":{"@id":"https:\/\/fairfaxcryobank.com\/de#website"},"datePublished":"2019-12-18T15:19:26+00:00","dateModified":"2024-09-25T19:49:55+00:00","description":"Seit unserer Gr\u00fcndung im Jahr 1986 arbeitet Fairfax Cryobank mit den besten Kliniken und Unternehmen der Branche zusammen.","breadcrumb":{"@id":"https:\/\/fairfaxcryobank.com\/de\/partner-eizellbank-spenderstellen-distributoren#breadcrumb"},"inLanguage":"de","potentialAction":[{"@type":"ReadAction","target":["https:\/\/fairfaxcryobank.com\/de\/partner-eizellbank-spenderstellen-distributoren"]}]},{"@type":"BreadcrumbList","@id":"https:\/\/fairfaxcryobank.com\/de\/partner-eizellbank-spenderstellen-distributoren#breadcrumb","itemListElement":[{"@type":"ListItem","position":1,"name":"Home","item":"https:\/\/fairfaxcryobank.com\/de"},{"@type":"ListItem","position":2,"name":"Partner (Eizellbank, Spenderstellen, Distributoren)"}]},{"@type":"WebSite","@id":"https:\/\/fairfaxcryobank.com\/de#website","url":"https:\/\/fairfaxcryobank.com\/de","name":"Fairfax Cryobank - Find a Sperm Donor","description":"Top-Tier Sperm Bank","publisher":{"@id":"https:\/\/fairfaxcryobank.com\/de#organization"},"potentialAction":[{"@type":"SearchAction","target":{"@type":"EntryPoint","urlTemplate":"https:\/\/fairfaxcryobank.com\/de?s={search_term_string}"},"query-input":{"@type":"PropertyValueSpecification","valueRequired":true,"valueName":"search_term_string"}}],"inLanguage":"de"},{"@type":"Organization","@id":"https:\/\/fairfaxcryobank.com\/de#organization","name":"Fairfax Cryobank","url":"https:\/\/fairfaxcryobank.com\/de","logo":{"@type":"ImageObject","inLanguage":"de","@id":"https:\/\/fairfaxcryobank.com\/de#\/schema\/logo\/image\/","url":"https:\/\/fairfaxcryobank.com\/wp-content\/uploads\/logo.webp","contentUrl":"https:\/\/fairfaxcryobank.com\/wp-content\/uploads\/logo.webp","width":1,"height":1,"caption":"Fairfax Cryobank"},"image":{"@id":"https:\/\/fairfaxcryobank.com\/de#\/schema\/logo\/image\/"},"sameAs":["https:\/\/www.facebook.com\/fairfax.cryobank","https:\/\/x.com\/FairfaxCryobank","https:\/\/www.instagram.com\/fairfaxcryobank\/","https:\/\/www.pinterest.com\/fairfaxcryo\/"]}]}},"post_mailing_queue_ids":[],"_links":{"self":[{"href":"https:\/\/fairfaxcryobank.com\/de\/wp-json\/wp\/v2\/pages\/4859","targetHints":{"allow":["GET"]}}],"collection":[{"href":"https:\/\/fairfaxcryobank.com\/de\/wp-json\/wp\/v2\/pages"}],"about":[{"href":"https:\/\/fairfaxcryobank.com\/de\/wp-json\/wp\/v2\/types\/page"}],"author":[{"embeddable":true,"href":"https:\/\/fairfaxcryobank.com\/de\/wp-json\/wp\/v2\/users\/1"}],"replies":[{"embeddable":true,"href":"https:\/\/fairfaxcryobank.com\/de\/wp-json\/wp\/v2\/comments?post=4859"}],"version-history":[{"count":2,"href":"https:\/\/fairfaxcryobank.com\/de\/wp-json\/wp\/v2\/pages\/4859\/revisions"}],"predecessor-version":[{"id":30840,"href":"https:\/\/fairfaxcryobank.com\/de\/wp-json\/wp\/v2\/pages\/4859\/revisions\/30840"}],"wp:attachment":[{"href":"https:\/\/fairfaxcryobank.com\/de\/wp-json\/wp\/v2\/media?parent=4859"}],"curies":[{"name":"wp","href":"https:\/\/api.w.org\/{rel}","templated":true}]}}