{"id":4866,"date":"2019-12-18T15:20:17","date_gmt":"2019-12-18T15:20:17","guid":{"rendered":"https:\/\/fairfaxcryobank.com\/?page_id=4866"},"modified":"2021-07-27T14:50:44","modified_gmt":"2021-07-27T18:50:44","slug":"warum-fairfax-cryobank","status":"publish","type":"page","link":"https:\/\/fairfaxcryobank.com\/de\/warum-fairfax-cryobank","title":{"rendered":"Warum Fairfax Cryobank"},"content":{"rendered":"\n<h2 class=\"wp-block-heading\"><strong>Samenspender gesucht? Entscheiden Sie sich f\u00fcr Fairfax Cryobank!<\/strong><\/h2>\n\n\n\n<h3 class=\"wp-block-heading\"><strong>Erf\u00fcllen Sie sich Ihren Kinderwunsch<\/strong><\/h3>\n\n\n\n<p>Unser engagiertes Team bei der Fairfax Cryobank half schon seit 1986 vielen Familien, sich ihren Kinderwunsch zu erf\u00fcllen. Heute sind wir stolz darauf, dass Tausende von Fairfax Cryobank Kunden unsere erstklassigen, streng getesteten Samenspender ausgew\u00e4hlt haben, um ihre Tr\u00e4ume vom Kinderwunsch in die Realit\u00e4t umzusetzen. Mittlerweile geh\u00f6ren wir zu eine der besten Samenbanken der USA.<\/p>\n\n\n\n<p>Unabh\u00e4ngig von Ihrer sexuellen Orientierung (Hetero- oder Homosexuell, LGBTQ, usw.), Ihrem derzeitigen Familienstand oder Ihrer Geschlechtsidentit\u00e4t: Unser freundliches, erfahrenes Team ist f\u00fcr Sie da, um Sie bei der Erf\u00fcllung Ihres Kinderwunsches zu unterst\u00fctzen.<\/p>\n\n\n\n<p>Lesen Sie weiter, um mehr zu erfahren, warum Sie sich f\u00fcr Fairfax Cryobank entscheiden sollten.<\/p>\n\n\n\n<h4 class=\"wp-block-heading\"><strong>Hoher Qualit\u00e4tsanspruch an Spendersamen<\/strong><\/h4>\n\n\n\n<p>Nur das Beste ist gut genug, vor allem, wenn es um Kinderwunsch und Familie geht. Aus diesem Grund haben wir uns verpflichtet, unsere Samenspender gr\u00fcndlicheren Tests zu unterziehen als jede andere Samenbank in den USA. Unsere Zulassungskriterien \u00fcbertreffen die von der FDA festgelegten Kriterien und wir akzeptieren nur 1 von 200 Bewerbern. Genau darum z\u00e4hlt Fairfax Cryobank zu eine der besten Samenbanken in den USA!<\/p>\n\n\n\n<p>Gehen Sie kein Risiko ein. Unser erfahrenes und f\u00fcrsorgliches Team ist f\u00fcr Sie und Ihre Familie da. Bei Fairfax Cryobank sind Sie bestens versorgt!<\/p>\n\n\n\n<h4 class=\"wp-block-heading\"><strong>Innovation ist Teil unserer Geschichte<\/strong><\/h4>\n\n\n\n<p>In den letzten drei Jahrzehnten haben wir uns einen weitreichenden Ruf als eine der besten Spermabanken in den USA erarbeitet. Unser Engagement f\u00fcr Innovation, Vordenkerposition und Spitzenleistungen setzt sich bis heute fort. Wenn Sie also nach dem f\u00fcr Sie am besten geeignetsten Samenspender suchen um Ihren Kinderwunsch zu erf\u00fcllen, dann sind Sie bei Fairfax Cryobank genau richtig!<\/p>\n\n\n\n<p>Wir verf\u00fcgen \u00fcber folgende Lizenzen und Akkreditierungen:<br>Voll lizenziert mit der FDA<br>Staatlich gepr\u00fcft und lizenziert in New York, Maryland und Kalifornien<\/p>\n\n\n\n<p>Vom Better Business Bureau (BBB) akkreditiert<\/p>\n\n\n\n<h4 class=\"wp-block-heading\"><strong>Ein Spermabank-Team mit dem pers\u00f6nlichen Touch<\/strong><\/h4>\n\n\n\n<p>Bei der Fairfax Cryobank finden Sie modernste Wissenschaft mit menschlicher Note. Wir sind immer f\u00fcr Sie da, um Sie auf Ihrer pers\u00f6nlichen Reise zu unterst\u00fctzen, und das ganz ohne Vorurteile oder Diskriminierung.<\/p>\n\n\n\n<p>Unser Team ist stets dazu bem\u00fcht, Ihnen zu helfen, Ihr Ziel zu erreichen. Sie k\u00f6nnen sich auf jeden Schritt des Weges auf uns verlassen.<\/p>\n\n\n\n<p>Wenn Sie irgendwelche Fragen oder Bedenken haben, z\u00f6gern Sie bitte nicht, sich mit uns in Verbindung zu setzen. Sie erreichen uns unter +1 800 333 4211. Unser freundliches Team bei der Fairfax Cryobank hilft Ihnen gerne weiter!<\/p>\n\n\n\n<p><strong>Um mehr dar\u00fcber zu erfahren, warum Fairfax Cryobank zu einer der besten Spermabanken z\u00e4hlt, besuchen Sie bitte die folgenden Seiten:<\/strong><\/p>\n\n\n\n<ul class=\"wp-block-list\"><li><a href=\"\/de\/qualitaetskontrolle\"><\/a><a href=\"https:\/\/fairfaxcryobank.com\/de\/qualitaetskontrolle\">Qualit\u00e4tskontrolle und Spender-Screening<\/a><\/li><li><a href=\"https:\/\/fairfaxcryobank.com\/de\/lgbtq-freundlich\">LGBTQ-freundliche Samenbank<\/a><\/li><li><a href=\"https:\/\/fairfaxcryobank.com\/de\/sicherheit-geht-vor\">Sicherheit geht vor &#8211; Kryokonservierte Lagerung von Spermien und Embryonen<\/a><\/li><li><a href=\"https:\/\/fairfaxcryobank.com\/de\/geburtengrenzen-des-spenders\">Geburtengrenzen f\u00fcr Fairfax Cryobank-Samenspender<\/a><\/li><\/ul>\n","protected":false},"excerpt":{"rendered":"<p>Samenspender gesucht? Entscheiden Sie sich f\u00fcr Fairfax Cryobank! Erf\u00fcllen Sie sich Ihren Kinderwunsch Unser engagiertes Team bei der Fairfax Cryobank half schon seit 1986 vielen Familien, sich ihren Kinderwunsch zu erf\u00fcllen. Heute sind wir stolz darauf, dass Tausende von Fairfax Cryobank Kunden unsere erstklassigen, streng getesteten Samenspender ausgew\u00e4hlt haben, um &#8230;<\/p>\n","protected":false},"author":1,"featured_media":5028,"parent":0,"menu_order":0,"comment_status":"closed","ping_status":"closed","template":"","meta":{"footnotes":""},"class_list":["post-4866","page","type-page","status-publish","has-post-thumbnail","hentry"],"yoast_head":"<!-- This site is optimized with the Yoast SEO plugin v27.1.1 - https:\/\/yoast.com\/product\/yoast-seo-wordpress\/ -->\n<title>Entscheiden Sie sich f\u00fcr Fairfax Cryobank | Fairfax Cryobank<\/title>\n<meta name=\"description\" content=\"Entscheiden Sie sich f\u00fcr Samenspenden bei der Fairfax Cryobank! Familie, Qualit\u00e4t, Innovation, Sicherheit: Fairfax Cryobank geh\u00f6rt zu den besten Spermabanken.\" \/>\n<meta name=\"robots\" content=\"index, follow, max-snippet:-1, max-image-preview:large, max-video-preview:-1\" \/>\n<link rel=\"canonical\" href=\"https:\/\/fairfaxcryobank.com\/de\/warum-fairfax-cryobank\" \/>\n<meta property=\"og:locale\" content=\"de_DE\" \/>\n<meta property=\"og:type\" content=\"article\" \/>\n<meta property=\"og:title\" content=\"Entscheiden Sie sich f\u00fcr Fairfax Cryobank | Fairfax Cryobank\" \/>\n<meta property=\"og:description\" content=\"Entscheiden Sie sich f\u00fcr Samenspenden bei der Fairfax Cryobank! Familie, Qualit\u00e4t, Innovation, Sicherheit: Fairfax Cryobank geh\u00f6rt zu den besten Spermabanken.\" \/>\n<meta property=\"og:url\" content=\"https:\/\/fairfaxcryobank.com\/de\/warum-fairfax-cryobank\" \/>\n<meta property=\"og:site_name\" content=\"Fairfax Cryobank - Find a Sperm Donor\" \/>\n<meta property=\"article:publisher\" content=\"https:\/\/www.facebook.com\/fairfax.cryobank\" \/>\n<meta property=\"article:modified_time\" content=\"2021-07-27T18:50:44+00:00\" \/>\n<meta property=\"og:image\" content=\"https:\/\/fairfaxcryobank.com\/wp-content\/uploads\/iStock-1051600056-smaller-1.jpg\" \/>\n\t<meta property=\"og:image:width\" content=\"1732\" \/>\n\t<meta property=\"og:image:height\" content=\"1154\" \/>\n\t<meta property=\"og:image:type\" content=\"image\/jpeg\" \/>\n<meta name=\"twitter:card\" content=\"summary_large_image\" \/>\n<meta name=\"twitter:site\" content=\"@FairfaxCryobank\" \/>\n<meta name=\"twitter:label1\" content=\"Gesch\u00e4tzte Lesezeit\" \/>\n\t<meta name=\"twitter:data1\" content=\"2\u00a0Minuten\" \/>\n<script type=\"application\/ld+json\" class=\"yoast-schema-graph\">{\"@context\":\"https:\/\/schema.org\",\"@graph\":[{\"@type\":\"WebPage\",\"@id\":\"https:\/\/fairfaxcryobank.com\/de\/warum-fairfax-cryobank\",\"url\":\"https:\/\/fairfaxcryobank.com\/de\/warum-fairfax-cryobank\",\"name\":\"Entscheiden Sie sich f\u00fcr Fairfax Cryobank | Fairfax Cryobank\",\"isPartOf\":{\"@id\":\"https:\/\/fairfaxcryobank.com\/de#website\"},\"primaryImageOfPage\":{\"@id\":\"https:\/\/fairfaxcryobank.com\/de\/warum-fairfax-cryobank#primaryimage\"},\"image\":{\"@id\":\"https:\/\/fairfaxcryobank.com\/de\/warum-fairfax-cryobank#primaryimage\"},\"thumbnailUrl\":\"https:\/\/fairfaxcryobank.com\/wp-content\/uploads\/iStock-1051600056-smaller-1.jpg\",\"datePublished\":\"2019-12-18T15:20:17+00:00\",\"dateModified\":\"2021-07-27T18:50:44+00:00\",\"description\":\"Entscheiden Sie sich f\u00fcr Samenspenden bei der Fairfax Cryobank! Familie, Qualit\u00e4t, Innovation, Sicherheit: Fairfax Cryobank geh\u00f6rt zu den besten Spermabanken.\",\"breadcrumb\":{\"@id\":\"https:\/\/fairfaxcryobank.com\/de\/warum-fairfax-cryobank#breadcrumb\"},\"inLanguage\":\"de\",\"potentialAction\":[{\"@type\":\"ReadAction\",\"target\":[\"https:\/\/fairfaxcryobank.com\/de\/warum-fairfax-cryobank\"]}]},{\"@type\":\"ImageObject\",\"inLanguage\":\"de\",\"@id\":\"https:\/\/fairfaxcryobank.com\/de\/warum-fairfax-cryobank#primaryimage\",\"url\":\"https:\/\/fairfaxcryobank.com\/wp-content\/uploads\/iStock-1051600056-smaller-1.jpg\",\"contentUrl\":\"https:\/\/fairfaxcryobank.com\/wp-content\/uploads\/iStock-1051600056-smaller-1.jpg\",\"width\":1732,\"height\":1154,\"caption\":\"besten Spermabank\"},{\"@type\":\"BreadcrumbList\",\"@id\":\"https:\/\/fairfaxcryobank.com\/de\/warum-fairfax-cryobank#breadcrumb\",\"itemListElement\":[{\"@type\":\"ListItem\",\"position\":1,\"name\":\"Home\",\"item\":\"https:\/\/fairfaxcryobank.com\/de\"},{\"@type\":\"ListItem\",\"position\":2,\"name\":\"Warum Fairfax Cryobank\"}]},{\"@type\":\"WebSite\",\"@id\":\"https:\/\/fairfaxcryobank.com\/de#website\",\"url\":\"https:\/\/fairfaxcryobank.com\/de\",\"name\":\"Fairfax Cryobank - Find a Sperm Donor\",\"description\":\"Top-Tier Sperm Bank\",\"publisher\":{\"@id\":\"https:\/\/fairfaxcryobank.com\/de#organization\"},\"potentialAction\":[{\"@type\":\"SearchAction\",\"target\":{\"@type\":\"EntryPoint\",\"urlTemplate\":\"https:\/\/fairfaxcryobank.com\/de?s={search_term_string}\"},\"query-input\":{\"@type\":\"PropertyValueSpecification\",\"valueRequired\":true,\"valueName\":\"search_term_string\"}}],\"inLanguage\":\"de\"},{\"@type\":\"Organization\",\"@id\":\"https:\/\/fairfaxcryobank.com\/de#organization\",\"name\":\"Fairfax Cryobank\",\"url\":\"https:\/\/fairfaxcryobank.com\/de\",\"logo\":{\"@type\":\"ImageObject\",\"inLanguage\":\"de\",\"@id\":\"https:\/\/fairfaxcryobank.com\/de#\/schema\/logo\/image\/\",\"url\":\"https:\/\/fairfaxcryobank.com\/wp-content\/uploads\/logo.webp\",\"contentUrl\":\"https:\/\/fairfaxcryobank.com\/wp-content\/uploads\/logo.webp\",\"width\":1,\"height\":1,\"caption\":\"Fairfax Cryobank\"},\"image\":{\"@id\":\"https:\/\/fairfaxcryobank.com\/de#\/schema\/logo\/image\/\"},\"sameAs\":[\"https:\/\/www.facebook.com\/fairfax.cryobank\",\"https:\/\/x.com\/FairfaxCryobank\",\"https:\/\/www.instagram.com\/fairfaxcryobank\/\",\"https:\/\/www.pinterest.com\/fairfaxcryo\/\"]}]}<\/script>\n<!-- \/ Yoast SEO plugin. -->","yoast_head_json":{"title":"Entscheiden Sie sich f\u00fcr Fairfax Cryobank | Fairfax Cryobank","description":"Entscheiden Sie sich f\u00fcr Samenspenden bei der Fairfax Cryobank! Familie, Qualit\u00e4t, Innovation, Sicherheit: Fairfax Cryobank geh\u00f6rt zu den besten Spermabanken.","robots":{"index":"index","follow":"follow","max-snippet":"max-snippet:-1","max-image-preview":"max-image-preview:large","max-video-preview":"max-video-preview:-1"},"canonical":"https:\/\/fairfaxcryobank.com\/de\/warum-fairfax-cryobank","og_locale":"de_DE","og_type":"article","og_title":"Entscheiden Sie sich f\u00fcr Fairfax Cryobank | Fairfax Cryobank","og_description":"Entscheiden Sie sich f\u00fcr Samenspenden bei der Fairfax Cryobank! Familie, Qualit\u00e4t, Innovation, Sicherheit: Fairfax Cryobank geh\u00f6rt zu den besten Spermabanken.","og_url":"https:\/\/fairfaxcryobank.com\/de\/warum-fairfax-cryobank","og_site_name":"Fairfax Cryobank - Find a Sperm Donor","article_publisher":"https:\/\/www.facebook.com\/fairfax.cryobank","article_modified_time":"2021-07-27T18:50:44+00:00","og_image":[{"width":1732,"height":1154,"url":"https:\/\/fairfaxcryobank.com\/wp-content\/uploads\/iStock-1051600056-smaller-1.jpg","type":"image\/jpeg"}],"twitter_card":"summary_large_image","twitter_site":"@FairfaxCryobank","twitter_misc":{"Gesch\u00e4tzte Lesezeit":"2\u00a0Minuten"},"schema":{"@context":"https:\/\/schema.org","@graph":[{"@type":"WebPage","@id":"https:\/\/fairfaxcryobank.com\/de\/warum-fairfax-cryobank","url":"https:\/\/fairfaxcryobank.com\/de\/warum-fairfax-cryobank","name":"Entscheiden Sie sich f\u00fcr Fairfax Cryobank | Fairfax Cryobank","isPartOf":{"@id":"https:\/\/fairfaxcryobank.com\/de#website"},"primaryImageOfPage":{"@id":"https:\/\/fairfaxcryobank.com\/de\/warum-fairfax-cryobank#primaryimage"},"image":{"@id":"https:\/\/fairfaxcryobank.com\/de\/warum-fairfax-cryobank#primaryimage"},"thumbnailUrl":"https:\/\/fairfaxcryobank.com\/wp-content\/uploads\/iStock-1051600056-smaller-1.jpg","datePublished":"2019-12-18T15:20:17+00:00","dateModified":"2021-07-27T18:50:44+00:00","description":"Entscheiden Sie sich f\u00fcr Samenspenden bei der Fairfax Cryobank! Familie, Qualit\u00e4t, Innovation, Sicherheit: Fairfax Cryobank geh\u00f6rt zu den besten Spermabanken.","breadcrumb":{"@id":"https:\/\/fairfaxcryobank.com\/de\/warum-fairfax-cryobank#breadcrumb"},"inLanguage":"de","potentialAction":[{"@type":"ReadAction","target":["https:\/\/fairfaxcryobank.com\/de\/warum-fairfax-cryobank"]}]},{"@type":"ImageObject","inLanguage":"de","@id":"https:\/\/fairfaxcryobank.com\/de\/warum-fairfax-cryobank#primaryimage","url":"https:\/\/fairfaxcryobank.com\/wp-content\/uploads\/iStock-1051600056-smaller-1.jpg","contentUrl":"https:\/\/fairfaxcryobank.com\/wp-content\/uploads\/iStock-1051600056-smaller-1.jpg","width":1732,"height":1154,"caption":"besten Spermabank"},{"@type":"BreadcrumbList","@id":"https:\/\/fairfaxcryobank.com\/de\/warum-fairfax-cryobank#breadcrumb","itemListElement":[{"@type":"ListItem","position":1,"name":"Home","item":"https:\/\/fairfaxcryobank.com\/de"},{"@type":"ListItem","position":2,"name":"Warum Fairfax Cryobank"}]},{"@type":"WebSite","@id":"https:\/\/fairfaxcryobank.com\/de#website","url":"https:\/\/fairfaxcryobank.com\/de","name":"Fairfax Cryobank - Find a Sperm Donor","description":"Top-Tier Sperm Bank","publisher":{"@id":"https:\/\/fairfaxcryobank.com\/de#organization"},"potentialAction":[{"@type":"SearchAction","target":{"@type":"EntryPoint","urlTemplate":"https:\/\/fairfaxcryobank.com\/de?s={search_term_string}"},"query-input":{"@type":"PropertyValueSpecification","valueRequired":true,"valueName":"search_term_string"}}],"inLanguage":"de"},{"@type":"Organization","@id":"https:\/\/fairfaxcryobank.com\/de#organization","name":"Fairfax Cryobank","url":"https:\/\/fairfaxcryobank.com\/de","logo":{"@type":"ImageObject","inLanguage":"de","@id":"https:\/\/fairfaxcryobank.com\/de#\/schema\/logo\/image\/","url":"https:\/\/fairfaxcryobank.com\/wp-content\/uploads\/logo.webp","contentUrl":"https:\/\/fairfaxcryobank.com\/wp-content\/uploads\/logo.webp","width":1,"height":1,"caption":"Fairfax Cryobank"},"image":{"@id":"https:\/\/fairfaxcryobank.com\/de#\/schema\/logo\/image\/"},"sameAs":["https:\/\/www.facebook.com\/fairfax.cryobank","https:\/\/x.com\/FairfaxCryobank","https:\/\/www.instagram.com\/fairfaxcryobank\/","https:\/\/www.pinterest.com\/fairfaxcryo\/"]}]}},"post_mailing_queue_ids":[],"_links":{"self":[{"href":"https:\/\/fairfaxcryobank.com\/de\/wp-json\/wp\/v2\/pages\/4866","targetHints":{"allow":["GET"]}}],"collection":[{"href":"https:\/\/fairfaxcryobank.com\/de\/wp-json\/wp\/v2\/pages"}],"about":[{"href":"https:\/\/fairfaxcryobank.com\/de\/wp-json\/wp\/v2\/types\/page"}],"author":[{"embeddable":true,"href":"https:\/\/fairfaxcryobank.com\/de\/wp-json\/wp\/v2\/users\/1"}],"replies":[{"embeddable":true,"href":"https:\/\/fairfaxcryobank.com\/de\/wp-json\/wp\/v2\/comments?post=4866"}],"version-history":[{"count":1,"href":"https:\/\/fairfaxcryobank.com\/de\/wp-json\/wp\/v2\/pages\/4866\/revisions"}],"predecessor-version":[{"id":17785,"href":"https:\/\/fairfaxcryobank.com\/de\/wp-json\/wp\/v2\/pages\/4866\/revisions\/17785"}],"wp:featuredmedia":[{"embeddable":true,"href":"https:\/\/fairfaxcryobank.com\/de\/wp-json\/wp\/v2\/media\/5028"}],"wp:attachment":[{"href":"https:\/\/fairfaxcryobank.com\/de\/wp-json\/wp\/v2\/media?parent=4866"}],"curies":[{"name":"wp","href":"https:\/\/api.w.org\/{rel}","templated":true}]}}