{"id":4868,"date":"2019-12-18T15:20:49","date_gmt":"2019-12-18T15:20:49","guid":{"rendered":"https:\/\/fairfaxcryobank.com\/?page_id=4868"},"modified":"2021-07-27T15:47:44","modified_gmt":"2021-07-27T19:47:44","slug":"qualitaetskontrolle","status":"publish","type":"page","link":"https:\/\/fairfaxcryobank.com\/de\/qualitaetskontrolle","title":{"rendered":"Qualit\u00e4tskontrolle"},"content":{"rendered":"\n<h2 class=\"wp-block-heading\"><strong>Wir \u00fcbertreffen Spenderkriterien und Screening-Standards unserer Samenspender!<\/strong><\/h2>\n\n\n\n<p>Fairfax Cryobank verf\u00fcgt lediglich \u00fcber Samenspender, die den umfassenden Screening-Prozess f\u00fcr Samenspender bestehen. Kriterien beinhalten grundlegende Tests, die von den Akkreditierungs- und Lizenzierungsorganisationen verlangt werden. Neben den Standard-Tests bietet die Fairfax Cryobank dar\u00fcber hinaus modernste genetische und infekti\u00f6se Untersuchungen f\u00fcr Samenspender. Lesen Sie weiter und erfahren Sie mehr \u00fcber unsere Richtlinien in Bezug auf Proben und Ampullen von Spendersperma, sowie unsere Zulassungen als Spermabank. <\/p>\n\n\n\n<h3 class=\"wp-block-heading\"><strong>Fairfax Cryobank ist Spitzenreiter, wenn es um Samenspender Screening geht<\/strong><\/h3>\n\n\n\n<p>Wir bieten Karyotypen (Chromosomenanalyse) f\u00fcr alle verf\u00fcgbaren Samenspender an, im Gegensatz zu anderen Spermabanken und Kryobanken, bei denen nicht alle Samenspender getestet wurden oder Untersuchungen aus diversen Gr\u00fcnden nicht durchgef\u00fchrt wurden.<\/p>\n\n\n\n<p>Fairfax Cryobank verbessert und treibt Gentests weiter voran. Fairfax Cryobank war die erste Samenbank in den USA, die nach genetischen Tr\u00e4gern von Mukoviszidose bei allen Spendern suchte. Alle verf\u00fcgbaren Samenspender wurden auf mindestens 86 Mutationen getestet, wobei die meisten Samenspender auf \u00fcber 100 Mutationen untersucht wurden. Wir sind die einzige Samenbank, in der alle verf\u00fcgbaren Spender nach diesem Standard getestet wurden. Unser Team war auch die erste Samenspender-Bank in den USA, die nach Gaucher- und Canavan-Tr\u00e4gern bei j\u00fcdischen Samenspendern suchte.<\/p>\n\n\n\n<p>Unsere Samenbank nutzt die molekular-genetische PCR (Polymerase Chain Reaction, bzw. Polymerasekettenreaktion) am intensivsten, um alle folgenden Organismen nachzuweisen: Humanes Immundefizienz-Virus (HIV) Typ 1 &amp; 2, Humanes T-Zell-Leuk\u00e4mievirus (HTLV) I &amp; II, Herpes-Simplex-Virus 1 &amp; 2, Humanes Papillomavirus (HPV-St\u00e4mme 16 und 18), Cytomegalovirus (CMV), Gonorrh\u00f6 und Chlamydien.<\/p>\n\n\n\n<p>Ausf\u00fchrliche Beschreibungen dieser und anderer Tests, Screenings und Untersuchungen, die von Fairfax Cryobank an Samenspendern durchgef\u00fchrt werden, finden Sie unter Informationen zu Tests auf Infektionskrankheiten und Tests auf genetische Krankheiten auf dieser Website. Dar\u00fcber hinaus bieten wir Updates des medizinischen Status von Samenspendern an, um zu \u00fcberpr\u00fcfen, ob bei diesem Samenspender oder seinen Nachkommen medizinische Probleme aufgetreten sind, die andere gef\u00e4hrden oder beeintr\u00e4chtigen k\u00f6nnten. Kunden werden zudem dazu aufgefordert, vor der Verwendung von au\u00dferhalb des Standorts gelagerten Exemplaren oder Embryonen eine \u00dcberpr\u00fcfung durchzuf\u00fchren.<\/p>\n\n\n\n<h3 class=\"wp-block-heading\"><strong>Richtlinien f\u00fcr Samenspenderproben<\/strong><\/h3>\n\n\n\n<p> M\u00f6chten Sie mehr \u00fcber die verschiedenen Arten von Ampullen f\u00fcr Proben und unsere versprochene Probenqualit\u00e4t erfahren? Besuchen Sie die Seite mit den Probeninformationen weiter unten, um mehr zu erfahren. <\/p>\n\n\n\n<div class=\"wp-block-button aligncenter\"><a class=\"wp-block-button__link has-text-color has-background\" href=\"https:\/\/fairfaxcryobank.com\/de\/informationen-zu-proben\" style=\"background-color:#ea6950;color:#ffffff\">INFORMATION ZU DEN PROBEN<\/a><\/div>\n\n\n\n<h3 class=\"wp-block-heading\"><strong>Sendungs\u00fcberpr\u00fcfungsprozess<\/strong><\/h3>\n\n\n\n<p><strong>Fairfax Cryobank-Richtlinien zur \u00dcberpr\u00fcfung der Genauigkeit unserer Sendungen<\/strong> <\/p>\n\n\n\n<p>Wir sind uns dar\u00fcber bewusst, dass Vertrauen und Glaubw\u00fcrdigkeit die Basis f\u00fcr unseren Erfolg sind. Wir sind davon \u00fcberzeugt, dass es unsere Aufgabe ist, Sie \u00fcber die Richtlinien und Verfahren zu informieren, die wir zur \u00dcberpr\u00fcfung der Richtigkeit unserer Sendungen rund um Spendersperma anwenden.<\/p>\n\n\n\n<p><strong>Versand von Proben von der Fairfax Cryobank<\/strong> <\/p>\n\n\n\n<p>Wenn unser Kundenservice einen Anruf erh\u00e4lt, um eine Bestellung aufzugeben, wird die Spendernummer mindestens zweimal mit dem Anrufer verifiziert. Die Bestellung wird dann von einem Manager genehmigt, der die Informationen dann an das Laborpersonal weiterleitet. Im Labor m\u00fcssen mindestens zwei Personen alle Details der Bestellung \u00fcberpr\u00fcfen. Das Laborpersonal \u00fcberpr\u00fcft die Informationen auf der Oberseite und der Seite jeder Ampulle der Spermaprobe, sowie die in jeder Sendung enthaltenen Unterlagen, die gem\u00e4\u00df der FDA-Verordnung erforderlich sind. Alle Angaben m\u00fcssen mit den Originalangaben \u00fcbereinstimmen, die bei der Bestellung beim Anrufer verifiziert wurden. Sobald die Bestellung des Spenderspermas in Ihrer Klinik eintrifft, sollte Ihre Arztpraxis die Angaben zur Sendung mit dem Packzettel \u00fcberpr\u00fcfen, um sicherzustellen, dass sie mit den Fl\u00e4schchen im Beh\u00e4lter \u00fcbereinstimmen.<\/p>\n\n\n\n<p><strong>\u00dcbertragen von Proben zur Langzeitlagerung in die Fairfax Cryobank<\/strong> <\/p>\n\n\n\n<p>Fairfax Cryobank bietet einen Fl\u00fcssigstickstofftank f\u00fcr den Transport Ihrer kryokonservierten Proben zu unserer Lagereinrichtung. Sobald die Proben bei der Fairfax Cryobank eingegangen sind, \u00fcberpr\u00fcfen zwei geschulte Mitarbeiter die Proben, bevor sie in einen Langzeitlagertank gegeben werden, der rund um die Uhr auf Haltbarkeit \u00fcberwacht wird. Der Name der Klinik und des Patienten wird nach Erhalt des Tanks \u00fcberpr\u00fcft. Der Tank wird weiterhin \u00fcberpr\u00fcft, um sicherzustellen, dass er versiegelt und die Proben des Samenspenders bei Ankunft eingefroren wurden. Die Proben werden anhand des Patientennamens oder der Spendernummer, der Gefriertermine, der Anzahl der Ampullen und der Identifizierung auf den Ampullen inventarisiert. Die Informationen werden mit den Begleitpapieren verglichen, um eine genaue Bestandsaufnahme zu gew\u00e4hrleisten. Alle zus\u00e4tzlichen Unterlagen, die in der Sendung enthalten sind (Einfrierverfahren, Anweisungen zum Auftauen, Ergebnisse der Blutuntersuchung), werden gepr\u00fcft und in die Akte des Kontoinhabers (Patienten) eingetragen. Anschlie\u00dfend erhalten Sie ein Best\u00e4tigungsschreiben zur Bestandsaufnahme, in dem Ihre Kontonummer bei Fairfax Cryobank aufgef\u00fchrt ist und die Anzahl der eingelagerten Proben und Arten von Proben (Spermien, Embryonen, Eizellen) angegeben ist.<\/p>\n\n\n\n<hr class=\"wp-block-separator\"\/>\n\n\n\n<h4 class=\"wp-block-heading\"><a href=\"https:\/\/fairfaxcryobank.com\/de\/licensure\"><strong>Fairfax Cryobank Zulassungen und Lizenzen<\/strong><\/a><\/h4>\n\n\n\n<p><strong>Fairfax Cryobank ist bei der Food and\nDrug Administration (FDA) registriert:<\/strong><\/p>\n\n\n\n<ul class=\"wp-block-list\"><li> #3004731690 (Fairfax),&nbsp; #3005033855 (Austin), #3005287828 (Philadelphia), #3011417016 (Houston), #3000243835 (Roseville), #3005108367 (Pasadena) and # 1000477683 (VRL Laboratories) <\/li><\/ul>\n\n\n\n<p><strong>Fairfax Cryobank-Lizenzen:<\/strong><\/p>\n\n\n\n<ul class=\"wp-block-list\"><li>Bundesstaat New York # GA010<\/li><li>Bundesstaat Maryland # TB699 <\/li><li>Bundesstaat Kalifornien # CNC80394 <\/li><\/ul>\n\n\n\n<p><strong>Genetics and IVF\n(GIVF)-Lizenz:<\/strong><\/p>\n\n\n\n<ul class=\"wp-block-list\"><li>Bundesstaat Virginia \/ CLIA<\/li><li>Labor f\u00fcr molekulare Infektionskrankheiten CLIA # 49D0952503 (Zertifiziert in Bakteriologie, Parasitologie, Virologie)<\/li><li>Samenanalyse # 49D0886517<\/li><li>Bundesstaat New York # 847912A1<\/li><li>Bundesstaat Maryland # 465 <\/li><li>Bundesstaat Florida # L80000186 <\/li><\/ul>\n","protected":false},"excerpt":{"rendered":"<p>Wir \u00fcbertreffen Spenderkriterien und Screening-Standards unserer Samenspender! Fairfax Cryobank verf\u00fcgt lediglich \u00fcber Samenspender, die den umfassenden Screening-Prozess f\u00fcr Samenspender bestehen. Kriterien beinhalten grundlegende Tests, die von den Akkreditierungs- und Lizenzierungsorganisationen verlangt werden. Neben den Standard-Tests bietet die Fairfax Cryobank dar\u00fcber hinaus modernste genetische und infekti\u00f6se Untersuchungen f\u00fcr Samenspender. Lesen Sie &#8230;<\/p>\n","protected":false},"author":1,"featured_media":0,"parent":0,"menu_order":0,"comment_status":"closed","ping_status":"closed","template":"","meta":{"footnotes":""},"class_list":["post-4868","page","type-page","status-publish","hentry"],"yoast_head":"<!-- This site is optimized with the Yoast SEO plugin v27.1.1 - https:\/\/yoast.com\/product\/yoast-seo-wordpress\/ -->\n<title>Qualit\u00e4tskontrolle und Spenderkriterien | Fairfax Cryobank<\/title>\n<meta name=\"description\" content=\"Lesen Sie \u00fcber Qualit\u00e4tskontrollen und Screening Standards bei der Fairfax Cryobank. Wir \u00fcbertreffen Spenderkriterien und sind Spitzenreiter, wenn es um Screening geht!\" \/>\n<meta name=\"robots\" content=\"index, follow, max-snippet:-1, max-image-preview:large, max-video-preview:-1\" \/>\n<link rel=\"canonical\" href=\"https:\/\/fairfaxcryobank.com\/de\/qualitaetskontrolle\" \/>\n<meta property=\"og:locale\" content=\"de_DE\" \/>\n<meta property=\"og:type\" content=\"article\" \/>\n<meta property=\"og:title\" content=\"Qualit\u00e4tskontrolle und Spenderkriterien | Fairfax Cryobank\" \/>\n<meta property=\"og:description\" content=\"Lesen Sie \u00fcber Qualit\u00e4tskontrollen und Screening Standards bei der Fairfax Cryobank. Wir \u00fcbertreffen Spenderkriterien und sind Spitzenreiter, wenn es um Screening geht!\" \/>\n<meta property=\"og:url\" content=\"https:\/\/fairfaxcryobank.com\/de\/qualitaetskontrolle\" \/>\n<meta property=\"og:site_name\" content=\"Fairfax Cryobank - Find a Sperm Donor\" \/>\n<meta property=\"article:publisher\" content=\"https:\/\/www.facebook.com\/fairfax.cryobank\" \/>\n<meta property=\"article:modified_time\" content=\"2021-07-27T19:47:44+00:00\" \/>\n<meta name=\"twitter:card\" content=\"summary_large_image\" \/>\n<meta name=\"twitter:site\" content=\"@FairfaxCryobank\" \/>\n<meta name=\"twitter:label1\" content=\"Gesch\u00e4tzte Lesezeit\" \/>\n\t<meta name=\"twitter:data1\" content=\"4\u00a0Minuten\" \/>\n<script type=\"application\/ld+json\" class=\"yoast-schema-graph\">{\"@context\":\"https:\/\/schema.org\",\"@graph\":[{\"@type\":\"WebPage\",\"@id\":\"https:\/\/fairfaxcryobank.com\/de\/qualitaetskontrolle\",\"url\":\"https:\/\/fairfaxcryobank.com\/de\/qualitaetskontrolle\",\"name\":\"Qualit\u00e4tskontrolle und Spenderkriterien | Fairfax Cryobank\",\"isPartOf\":{\"@id\":\"https:\/\/fairfaxcryobank.com\/de#website\"},\"datePublished\":\"2019-12-18T15:20:49+00:00\",\"dateModified\":\"2021-07-27T19:47:44+00:00\",\"description\":\"Lesen Sie \u00fcber Qualit\u00e4tskontrollen und Screening Standards bei der Fairfax Cryobank. Wir \u00fcbertreffen Spenderkriterien und sind Spitzenreiter, wenn es um Screening geht!\",\"breadcrumb\":{\"@id\":\"https:\/\/fairfaxcryobank.com\/de\/qualitaetskontrolle#breadcrumb\"},\"inLanguage\":\"de\",\"potentialAction\":[{\"@type\":\"ReadAction\",\"target\":[\"https:\/\/fairfaxcryobank.com\/de\/qualitaetskontrolle\"]}]},{\"@type\":\"BreadcrumbList\",\"@id\":\"https:\/\/fairfaxcryobank.com\/de\/qualitaetskontrolle#breadcrumb\",\"itemListElement\":[{\"@type\":\"ListItem\",\"position\":1,\"name\":\"Home\",\"item\":\"https:\/\/fairfaxcryobank.com\/de\"},{\"@type\":\"ListItem\",\"position\":2,\"name\":\"Qualit\u00e4tskontrolle\"}]},{\"@type\":\"WebSite\",\"@id\":\"https:\/\/fairfaxcryobank.com\/de#website\",\"url\":\"https:\/\/fairfaxcryobank.com\/de\",\"name\":\"Fairfax Cryobank - Find a Sperm Donor\",\"description\":\"Top-Tier Sperm Bank\",\"publisher\":{\"@id\":\"https:\/\/fairfaxcryobank.com\/de#organization\"},\"potentialAction\":[{\"@type\":\"SearchAction\",\"target\":{\"@type\":\"EntryPoint\",\"urlTemplate\":\"https:\/\/fairfaxcryobank.com\/de?s={search_term_string}\"},\"query-input\":{\"@type\":\"PropertyValueSpecification\",\"valueRequired\":true,\"valueName\":\"search_term_string\"}}],\"inLanguage\":\"de\"},{\"@type\":\"Organization\",\"@id\":\"https:\/\/fairfaxcryobank.com\/de#organization\",\"name\":\"Fairfax Cryobank\",\"url\":\"https:\/\/fairfaxcryobank.com\/de\",\"logo\":{\"@type\":\"ImageObject\",\"inLanguage\":\"de\",\"@id\":\"https:\/\/fairfaxcryobank.com\/de#\/schema\/logo\/image\/\",\"url\":\"https:\/\/fairfaxcryobank.com\/wp-content\/uploads\/logo.webp\",\"contentUrl\":\"https:\/\/fairfaxcryobank.com\/wp-content\/uploads\/logo.webp\",\"width\":1,\"height\":1,\"caption\":\"Fairfax Cryobank\"},\"image\":{\"@id\":\"https:\/\/fairfaxcryobank.com\/de#\/schema\/logo\/image\/\"},\"sameAs\":[\"https:\/\/www.facebook.com\/fairfax.cryobank\",\"https:\/\/x.com\/FairfaxCryobank\",\"https:\/\/www.instagram.com\/fairfaxcryobank\/\",\"https:\/\/www.pinterest.com\/fairfaxcryo\/\"]}]}<\/script>\n<!-- \/ Yoast SEO plugin. -->","yoast_head_json":{"title":"Qualit\u00e4tskontrolle und Spenderkriterien | Fairfax Cryobank","description":"Lesen Sie \u00fcber Qualit\u00e4tskontrollen und Screening Standards bei der Fairfax Cryobank. Wir \u00fcbertreffen Spenderkriterien und sind Spitzenreiter, wenn es um Screening geht!","robots":{"index":"index","follow":"follow","max-snippet":"max-snippet:-1","max-image-preview":"max-image-preview:large","max-video-preview":"max-video-preview:-1"},"canonical":"https:\/\/fairfaxcryobank.com\/de\/qualitaetskontrolle","og_locale":"de_DE","og_type":"article","og_title":"Qualit\u00e4tskontrolle und Spenderkriterien | Fairfax Cryobank","og_description":"Lesen Sie \u00fcber Qualit\u00e4tskontrollen und Screening Standards bei der Fairfax Cryobank. Wir \u00fcbertreffen Spenderkriterien und sind Spitzenreiter, wenn es um Screening geht!","og_url":"https:\/\/fairfaxcryobank.com\/de\/qualitaetskontrolle","og_site_name":"Fairfax Cryobank - Find a Sperm Donor","article_publisher":"https:\/\/www.facebook.com\/fairfax.cryobank","article_modified_time":"2021-07-27T19:47:44+00:00","twitter_card":"summary_large_image","twitter_site":"@FairfaxCryobank","twitter_misc":{"Gesch\u00e4tzte Lesezeit":"4\u00a0Minuten"},"schema":{"@context":"https:\/\/schema.org","@graph":[{"@type":"WebPage","@id":"https:\/\/fairfaxcryobank.com\/de\/qualitaetskontrolle","url":"https:\/\/fairfaxcryobank.com\/de\/qualitaetskontrolle","name":"Qualit\u00e4tskontrolle und Spenderkriterien | Fairfax Cryobank","isPartOf":{"@id":"https:\/\/fairfaxcryobank.com\/de#website"},"datePublished":"2019-12-18T15:20:49+00:00","dateModified":"2021-07-27T19:47:44+00:00","description":"Lesen Sie \u00fcber Qualit\u00e4tskontrollen und Screening Standards bei der Fairfax Cryobank. Wir \u00fcbertreffen Spenderkriterien und sind Spitzenreiter, wenn es um Screening geht!","breadcrumb":{"@id":"https:\/\/fairfaxcryobank.com\/de\/qualitaetskontrolle#breadcrumb"},"inLanguage":"de","potentialAction":[{"@type":"ReadAction","target":["https:\/\/fairfaxcryobank.com\/de\/qualitaetskontrolle"]}]},{"@type":"BreadcrumbList","@id":"https:\/\/fairfaxcryobank.com\/de\/qualitaetskontrolle#breadcrumb","itemListElement":[{"@type":"ListItem","position":1,"name":"Home","item":"https:\/\/fairfaxcryobank.com\/de"},{"@type":"ListItem","position":2,"name":"Qualit\u00e4tskontrolle"}]},{"@type":"WebSite","@id":"https:\/\/fairfaxcryobank.com\/de#website","url":"https:\/\/fairfaxcryobank.com\/de","name":"Fairfax Cryobank - Find a Sperm Donor","description":"Top-Tier Sperm Bank","publisher":{"@id":"https:\/\/fairfaxcryobank.com\/de#organization"},"potentialAction":[{"@type":"SearchAction","target":{"@type":"EntryPoint","urlTemplate":"https:\/\/fairfaxcryobank.com\/de?s={search_term_string}"},"query-input":{"@type":"PropertyValueSpecification","valueRequired":true,"valueName":"search_term_string"}}],"inLanguage":"de"},{"@type":"Organization","@id":"https:\/\/fairfaxcryobank.com\/de#organization","name":"Fairfax Cryobank","url":"https:\/\/fairfaxcryobank.com\/de","logo":{"@type":"ImageObject","inLanguage":"de","@id":"https:\/\/fairfaxcryobank.com\/de#\/schema\/logo\/image\/","url":"https:\/\/fairfaxcryobank.com\/wp-content\/uploads\/logo.webp","contentUrl":"https:\/\/fairfaxcryobank.com\/wp-content\/uploads\/logo.webp","width":1,"height":1,"caption":"Fairfax Cryobank"},"image":{"@id":"https:\/\/fairfaxcryobank.com\/de#\/schema\/logo\/image\/"},"sameAs":["https:\/\/www.facebook.com\/fairfax.cryobank","https:\/\/x.com\/FairfaxCryobank","https:\/\/www.instagram.com\/fairfaxcryobank\/","https:\/\/www.pinterest.com\/fairfaxcryo\/"]}]}},"post_mailing_queue_ids":[],"_links":{"self":[{"href":"https:\/\/fairfaxcryobank.com\/de\/wp-json\/wp\/v2\/pages\/4868","targetHints":{"allow":["GET"]}}],"collection":[{"href":"https:\/\/fairfaxcryobank.com\/de\/wp-json\/wp\/v2\/pages"}],"about":[{"href":"https:\/\/fairfaxcryobank.com\/de\/wp-json\/wp\/v2\/types\/page"}],"author":[{"embeddable":true,"href":"https:\/\/fairfaxcryobank.com\/de\/wp-json\/wp\/v2\/users\/1"}],"replies":[{"embeddable":true,"href":"https:\/\/fairfaxcryobank.com\/de\/wp-json\/wp\/v2\/comments?post=4868"}],"version-history":[{"count":1,"href":"https:\/\/fairfaxcryobank.com\/de\/wp-json\/wp\/v2\/pages\/4868\/revisions"}],"predecessor-version":[{"id":17787,"href":"https:\/\/fairfaxcryobank.com\/de\/wp-json\/wp\/v2\/pages\/4868\/revisions\/17787"}],"wp:attachment":[{"href":"https:\/\/fairfaxcryobank.com\/de\/wp-json\/wp\/v2\/media?parent=4868"}],"curies":[{"name":"wp","href":"https:\/\/api.w.org\/{rel}","templated":true}]}}