{"id":4870,"date":"2019-12-18T15:21:11","date_gmt":"2019-12-18T15:21:11","guid":{"rendered":"https:\/\/fairfaxcryobank.com\/?page_id=4870"},"modified":"2021-07-27T15:56:29","modified_gmt":"2021-07-27T19:56:29","slug":"lgbtq-freundlich","status":"publish","type":"page","link":"https:\/\/fairfaxcryobank.com\/de\/lgbtq-freundlich","title":{"rendered":"LGBTQ-freundliche Samenbank"},"content":{"rendered":"\n<div class=\"wp-block-cover has-cyan-bluish-gray-background-color has-background-dim\" style=\"background-image:url(https:\/\/fairfaxcryobank.com\/wp-content\/uploads\/20190903_215702.jpg)\"><div class=\"wp-block-cover__inner-container is-layout-flow wp-block-cover-is-layout-flow\">\n<p class=\"has-text-align-center has-large-font-size\"><em><strong>Die Fairfax Cryobank unterst\u00fctzt alle wachsende Familien und deren Kinderwunsch f\u00fcr unsere vielf\u00e4ltige Community!<\/strong><\/em><\/p>\n<\/div><\/div>\n\n\n\n<h2 class=\"wp-block-heading\"> Erfahren Sie mehr \u00fcber unsere inklusive Samenbank <\/h2>\n\n\n\n<p>Eines der Ziele von Fairfax Cryobank ist es, allen Kunden einen vielf\u00e4ltigen Pool und gro\u00dfe Auswahl hochwertiger Samenspender zur Verf\u00fcgung zu stellen. Dies beinhaltet alle Personen, die Spendersamen ben\u00f6tigen, um ihre Familie aufzubauen, dazu geh\u00f6ren nat\u00fcrlich auch Lesben, Schwulen, Bisexuellen, Transgender-Personen und queeren Bev\u00f6lkerungsgruppen.<\/p>\n\n\n\n<p>Fairfax Cryobank begr\u00fc\u00dft unsere Rolle beim Aufbau von LGBTQ-Familien durch unsere LGBTQ-freundliche Spermabank und Spermaspender, durch die Spermabankdienstleistungen unserer Kunden sowie durch langfristige Reproduktionslagerungsdienste.<\/p>\n\n\n\n<p>Ausgiebiges Screening und genaueste Untersuchungen unserer Samenspender sind bei der Fairfax Cryobank h\u00f6chste Priorit\u00e4t. Diese Tests stellen sicher, dass Samenspender und Spendersperma von h\u00f6chster Qualit\u00e4t sind. Das Beste ist nur gut genug f\u00fcr Sie und Ihre Familie!<\/p>\n\n\n\n<p>Viele unserer Spender haben Freunde oder Familienmitglieder, die assistierte Reproduktionsdienste und Fortpflanzungsdienste (\u201cAssisted Reproductive Services\u201c, ART) zum Aufbau ihrer Familien genutzt haben, darunter Spermien- und Eizellenspender, Spermabankdienste, IVF usw.<\/p>\n\n\n\n<p><\/p>\n\n\n\n<figure class=\"wp-block-image is-resized\"><a href=\"https:\/\/www.familyequality.org\/lgbtq-training-for-professionals\/?utm_source=opendoorprovider&amp;utm_medium=badge\" target=\"_blank\" rel=\"noreferrer noopener\"><img loading=\"lazy\" decoding=\"async\" src=\"https:\/\/www.familyequality.org\/wp-content\/uploads\/2019\/03\/Open-Door-Badges_Rainbow-Flags.png\" alt=\"Rainbow Flags\" width=\"350\" height=\"358\"\/><\/a><figcaption> <br><\/figcaption><\/figure>\n\n\n\n<figure class=\"wp-block-image is-resized\"><a href=\"https:\/\/www.familyequality.org\/lgbtq-training-for-professionals\/?utm_source=opendoorprovider&amp;utm_medium=badge\" target=\"_blank\" rel=\"noreferrer noopener\"><img loading=\"lazy\" decoding=\"async\" src=\"https:\/\/www.familyequality.org\/wp-content\/uploads\/2019\/02\/Open-Door-Badge_Trans-Fertility-Considerations.png\" alt=\"Trans Fertility Considerations\" width=\"358\" height=\"560\"\/><\/a><\/figure>\n\n\n\n<figure class=\"wp-block-image is-resized\"><a href=\"https:\/\/www.familyequality.org\/lgbtq-training-for-professionals\/?utm_source=opendoorprovider&amp;utm_medium=badge\" target=\"_blank\" rel=\"noreferrer noopener\"><img loading=\"lazy\" decoding=\"async\" src=\"https:\/\/www.familyequality.org\/wp-content\/uploads\/2019\/02\/Open-Door-Badge_Beyond-Inclusion-LGBTQ-101.png\" alt=\"Beyond Inclusion LGBTQ 101\" width=\"359\" height=\"359\"\/><\/a><\/figure>\n","protected":false},"excerpt":{"rendered":"<p>Erfahren Sie mehr \u00fcber unsere inklusive Samenbank Eines der Ziele von Fairfax Cryobank ist es, allen Kunden einen vielf\u00e4ltigen Pool und gro\u00dfe Auswahl hochwertiger Samenspender zur Verf\u00fcgung zu stellen. Dies beinhaltet alle Personen, die Spendersamen ben\u00f6tigen, um ihre Familie aufzubauen, dazu geh\u00f6ren nat\u00fcrlich auch Lesben, Schwulen, Bisexuellen, Transgender-Personen und queeren &#8230;<\/p>\n","protected":false},"author":1,"featured_media":4873,"parent":0,"menu_order":0,"comment_status":"closed","ping_status":"closed","template":"","meta":{"footnotes":""},"class_list":["post-4870","page","type-page","status-publish","has-post-thumbnail","hentry"],"yoast_head":"<!-- This site is optimized with the Yoast SEO plugin v27.1.1 - https:\/\/yoast.com\/product\/yoast-seo-wordpress\/ -->\n<title>Samenbank f\u00fcr LGBTQ, Lesben &amp; Schwulen | Fairfax Cryobank | Fairfax Cryobank<\/title>\n<meta name=\"description\" content=\"Jetzt mehr erfahren! LGBTQ-freundliche Samenbank f\u00fcr Lesben, Schwule, Hetero, Homosexuelle, Bisexuelle, Transgender und Queer. Mehr Infos gibt\u2019s hier!\" \/>\n<meta name=\"robots\" content=\"index, follow, max-snippet:-1, max-image-preview:large, max-video-preview:-1\" \/>\n<link rel=\"canonical\" href=\"https:\/\/fairfaxcryobank.com\/de\/lgbtq-freundlich\" \/>\n<meta property=\"og:locale\" content=\"de_DE\" \/>\n<meta property=\"og:type\" content=\"article\" \/>\n<meta property=\"og:title\" content=\"Samenbank f\u00fcr LGBTQ, Lesben &amp; Schwulen | Fairfax Cryobank | Fairfax Cryobank\" \/>\n<meta property=\"og:description\" content=\"Jetzt mehr erfahren! LGBTQ-freundliche Samenbank f\u00fcr Lesben, Schwule, Hetero, Homosexuelle, Bisexuelle, Transgender und Queer. Mehr Infos gibt\u2019s hier!\" \/>\n<meta property=\"og:url\" content=\"https:\/\/fairfaxcryobank.com\/de\/lgbtq-freundlich\" \/>\n<meta property=\"og:site_name\" content=\"Fairfax Cryobank - Find a Sperm Donor\" \/>\n<meta property=\"article:publisher\" content=\"https:\/\/www.facebook.com\/fairfax.cryobank\" \/>\n<meta property=\"article:modified_time\" content=\"2021-07-27T19:56:29+00:00\" \/>\n<meta property=\"og:image\" content=\"https:\/\/fairfaxcryobank.com\/wp-content\/uploads\/20190903_215702.jpg\" \/>\n\t<meta property=\"og:image:width\" content=\"1080\" \/>\n\t<meta property=\"og:image:height\" content=\"711\" \/>\n\t<meta property=\"og:image:type\" content=\"image\/jpeg\" \/>\n<meta name=\"twitter:card\" content=\"summary_large_image\" \/>\n<meta name=\"twitter:site\" content=\"@FairfaxCryobank\" \/>\n<meta name=\"twitter:label1\" content=\"Gesch\u00e4tzte Lesezeit\" \/>\n\t<meta name=\"twitter:data1\" content=\"1\u00a0Minute\" \/>\n<script type=\"application\/ld+json\" class=\"yoast-schema-graph\">{\"@context\":\"https:\/\/schema.org\",\"@graph\":[{\"@type\":\"WebPage\",\"@id\":\"https:\/\/fairfaxcryobank.com\/de\/lgbtq-freundlich\",\"url\":\"https:\/\/fairfaxcryobank.com\/de\/lgbtq-freundlich\",\"name\":\"Samenbank f\u00fcr LGBTQ, Lesben & Schwulen | Fairfax Cryobank | Fairfax Cryobank\",\"isPartOf\":{\"@id\":\"https:\/\/fairfaxcryobank.com\/de#website\"},\"primaryImageOfPage\":{\"@id\":\"https:\/\/fairfaxcryobank.com\/de\/lgbtq-freundlich#primaryimage\"},\"image\":{\"@id\":\"https:\/\/fairfaxcryobank.com\/de\/lgbtq-freundlich#primaryimage\"},\"thumbnailUrl\":\"https:\/\/fairfaxcryobank.com\/wp-content\/uploads\/20190903_215702.jpg\",\"datePublished\":\"2019-12-18T15:21:11+00:00\",\"dateModified\":\"2021-07-27T19:56:29+00:00\",\"description\":\"Jetzt mehr erfahren! LGBTQ-freundliche Samenbank f\u00fcr Lesben, Schwule, Hetero, Homosexuelle, Bisexuelle, Transgender und Queer. Mehr Infos gibt\u2019s hier!\",\"breadcrumb\":{\"@id\":\"https:\/\/fairfaxcryobank.com\/de\/lgbtq-freundlich#breadcrumb\"},\"inLanguage\":\"de\",\"potentialAction\":[{\"@type\":\"ReadAction\",\"target\":[\"https:\/\/fairfaxcryobank.com\/de\/lgbtq-freundlich\"]}]},{\"@type\":\"ImageObject\",\"inLanguage\":\"de\",\"@id\":\"https:\/\/fairfaxcryobank.com\/de\/lgbtq-freundlich#primaryimage\",\"url\":\"https:\/\/fairfaxcryobank.com\/wp-content\/uploads\/20190903_215702.jpg\",\"contentUrl\":\"https:\/\/fairfaxcryobank.com\/wp-content\/uploads\/20190903_215702.jpg\",\"width\":1080,\"height\":711,\"caption\":\"Ressourcen f\u00fcr Ihre LGBTQX-Familie\"},{\"@type\":\"BreadcrumbList\",\"@id\":\"https:\/\/fairfaxcryobank.com\/de\/lgbtq-freundlich#breadcrumb\",\"itemListElement\":[{\"@type\":\"ListItem\",\"position\":1,\"name\":\"Home\",\"item\":\"https:\/\/fairfaxcryobank.com\/de\"},{\"@type\":\"ListItem\",\"position\":2,\"name\":\"LGBTQ-freundliche Samenbank\"}]},{\"@type\":\"WebSite\",\"@id\":\"https:\/\/fairfaxcryobank.com\/de#website\",\"url\":\"https:\/\/fairfaxcryobank.com\/de\",\"name\":\"Fairfax Cryobank - Find a Sperm Donor\",\"description\":\"Top-Tier Sperm Bank\",\"publisher\":{\"@id\":\"https:\/\/fairfaxcryobank.com\/de#organization\"},\"potentialAction\":[{\"@type\":\"SearchAction\",\"target\":{\"@type\":\"EntryPoint\",\"urlTemplate\":\"https:\/\/fairfaxcryobank.com\/de?s={search_term_string}\"},\"query-input\":{\"@type\":\"PropertyValueSpecification\",\"valueRequired\":true,\"valueName\":\"search_term_string\"}}],\"inLanguage\":\"de\"},{\"@type\":\"Organization\",\"@id\":\"https:\/\/fairfaxcryobank.com\/de#organization\",\"name\":\"Fairfax Cryobank\",\"url\":\"https:\/\/fairfaxcryobank.com\/de\",\"logo\":{\"@type\":\"ImageObject\",\"inLanguage\":\"de\",\"@id\":\"https:\/\/fairfaxcryobank.com\/de#\/schema\/logo\/image\/\",\"url\":\"https:\/\/fairfaxcryobank.com\/wp-content\/uploads\/logo.webp\",\"contentUrl\":\"https:\/\/fairfaxcryobank.com\/wp-content\/uploads\/logo.webp\",\"width\":1,\"height\":1,\"caption\":\"Fairfax Cryobank\"},\"image\":{\"@id\":\"https:\/\/fairfaxcryobank.com\/de#\/schema\/logo\/image\/\"},\"sameAs\":[\"https:\/\/www.facebook.com\/fairfax.cryobank\",\"https:\/\/x.com\/FairfaxCryobank\",\"https:\/\/www.instagram.com\/fairfaxcryobank\/\",\"https:\/\/www.pinterest.com\/fairfaxcryo\/\"]}]}<\/script>\n<!-- \/ Yoast SEO plugin. -->","yoast_head_json":{"title":"Samenbank f\u00fcr LGBTQ, Lesben & Schwulen | Fairfax Cryobank | Fairfax Cryobank","description":"Jetzt mehr erfahren! LGBTQ-freundliche Samenbank f\u00fcr Lesben, Schwule, Hetero, Homosexuelle, Bisexuelle, Transgender und Queer. Mehr Infos gibt\u2019s hier!","robots":{"index":"index","follow":"follow","max-snippet":"max-snippet:-1","max-image-preview":"max-image-preview:large","max-video-preview":"max-video-preview:-1"},"canonical":"https:\/\/fairfaxcryobank.com\/de\/lgbtq-freundlich","og_locale":"de_DE","og_type":"article","og_title":"Samenbank f\u00fcr LGBTQ, Lesben & Schwulen | Fairfax Cryobank | Fairfax Cryobank","og_description":"Jetzt mehr erfahren! LGBTQ-freundliche Samenbank f\u00fcr Lesben, Schwule, Hetero, Homosexuelle, Bisexuelle, Transgender und Queer. Mehr Infos gibt\u2019s hier!","og_url":"https:\/\/fairfaxcryobank.com\/de\/lgbtq-freundlich","og_site_name":"Fairfax Cryobank - Find a Sperm Donor","article_publisher":"https:\/\/www.facebook.com\/fairfax.cryobank","article_modified_time":"2021-07-27T19:56:29+00:00","og_image":[{"width":1080,"height":711,"url":"https:\/\/fairfaxcryobank.com\/wp-content\/uploads\/20190903_215702.jpg","type":"image\/jpeg"}],"twitter_card":"summary_large_image","twitter_site":"@FairfaxCryobank","twitter_misc":{"Gesch\u00e4tzte Lesezeit":"1\u00a0Minute"},"schema":{"@context":"https:\/\/schema.org","@graph":[{"@type":"WebPage","@id":"https:\/\/fairfaxcryobank.com\/de\/lgbtq-freundlich","url":"https:\/\/fairfaxcryobank.com\/de\/lgbtq-freundlich","name":"Samenbank f\u00fcr LGBTQ, Lesben & Schwulen | Fairfax Cryobank | Fairfax Cryobank","isPartOf":{"@id":"https:\/\/fairfaxcryobank.com\/de#website"},"primaryImageOfPage":{"@id":"https:\/\/fairfaxcryobank.com\/de\/lgbtq-freundlich#primaryimage"},"image":{"@id":"https:\/\/fairfaxcryobank.com\/de\/lgbtq-freundlich#primaryimage"},"thumbnailUrl":"https:\/\/fairfaxcryobank.com\/wp-content\/uploads\/20190903_215702.jpg","datePublished":"2019-12-18T15:21:11+00:00","dateModified":"2021-07-27T19:56:29+00:00","description":"Jetzt mehr erfahren! LGBTQ-freundliche Samenbank f\u00fcr Lesben, Schwule, Hetero, Homosexuelle, Bisexuelle, Transgender und Queer. Mehr Infos gibt\u2019s hier!","breadcrumb":{"@id":"https:\/\/fairfaxcryobank.com\/de\/lgbtq-freundlich#breadcrumb"},"inLanguage":"de","potentialAction":[{"@type":"ReadAction","target":["https:\/\/fairfaxcryobank.com\/de\/lgbtq-freundlich"]}]},{"@type":"ImageObject","inLanguage":"de","@id":"https:\/\/fairfaxcryobank.com\/de\/lgbtq-freundlich#primaryimage","url":"https:\/\/fairfaxcryobank.com\/wp-content\/uploads\/20190903_215702.jpg","contentUrl":"https:\/\/fairfaxcryobank.com\/wp-content\/uploads\/20190903_215702.jpg","width":1080,"height":711,"caption":"Ressourcen f\u00fcr Ihre LGBTQX-Familie"},{"@type":"BreadcrumbList","@id":"https:\/\/fairfaxcryobank.com\/de\/lgbtq-freundlich#breadcrumb","itemListElement":[{"@type":"ListItem","position":1,"name":"Home","item":"https:\/\/fairfaxcryobank.com\/de"},{"@type":"ListItem","position":2,"name":"LGBTQ-freundliche Samenbank"}]},{"@type":"WebSite","@id":"https:\/\/fairfaxcryobank.com\/de#website","url":"https:\/\/fairfaxcryobank.com\/de","name":"Fairfax Cryobank - Find a Sperm Donor","description":"Top-Tier Sperm Bank","publisher":{"@id":"https:\/\/fairfaxcryobank.com\/de#organization"},"potentialAction":[{"@type":"SearchAction","target":{"@type":"EntryPoint","urlTemplate":"https:\/\/fairfaxcryobank.com\/de?s={search_term_string}"},"query-input":{"@type":"PropertyValueSpecification","valueRequired":true,"valueName":"search_term_string"}}],"inLanguage":"de"},{"@type":"Organization","@id":"https:\/\/fairfaxcryobank.com\/de#organization","name":"Fairfax Cryobank","url":"https:\/\/fairfaxcryobank.com\/de","logo":{"@type":"ImageObject","inLanguage":"de","@id":"https:\/\/fairfaxcryobank.com\/de#\/schema\/logo\/image\/","url":"https:\/\/fairfaxcryobank.com\/wp-content\/uploads\/logo.webp","contentUrl":"https:\/\/fairfaxcryobank.com\/wp-content\/uploads\/logo.webp","width":1,"height":1,"caption":"Fairfax Cryobank"},"image":{"@id":"https:\/\/fairfaxcryobank.com\/de#\/schema\/logo\/image\/"},"sameAs":["https:\/\/www.facebook.com\/fairfax.cryobank","https:\/\/x.com\/FairfaxCryobank","https:\/\/www.instagram.com\/fairfaxcryobank\/","https:\/\/www.pinterest.com\/fairfaxcryo\/"]}]}},"post_mailing_queue_ids":[],"_links":{"self":[{"href":"https:\/\/fairfaxcryobank.com\/de\/wp-json\/wp\/v2\/pages\/4870","targetHints":{"allow":["GET"]}}],"collection":[{"href":"https:\/\/fairfaxcryobank.com\/de\/wp-json\/wp\/v2\/pages"}],"about":[{"href":"https:\/\/fairfaxcryobank.com\/de\/wp-json\/wp\/v2\/types\/page"}],"author":[{"embeddable":true,"href":"https:\/\/fairfaxcryobank.com\/de\/wp-json\/wp\/v2\/users\/1"}],"replies":[{"embeddable":true,"href":"https:\/\/fairfaxcryobank.com\/de\/wp-json\/wp\/v2\/comments?post=4870"}],"version-history":[{"count":1,"href":"https:\/\/fairfaxcryobank.com\/de\/wp-json\/wp\/v2\/pages\/4870\/revisions"}],"predecessor-version":[{"id":17789,"href":"https:\/\/fairfaxcryobank.com\/de\/wp-json\/wp\/v2\/pages\/4870\/revisions\/17789"}],"wp:featuredmedia":[{"embeddable":true,"href":"https:\/\/fairfaxcryobank.com\/de\/wp-json\/wp\/v2\/media\/4873"}],"wp:attachment":[{"href":"https:\/\/fairfaxcryobank.com\/de\/wp-json\/wp\/v2\/media?parent=4870"}],"curies":[{"name":"wp","href":"https:\/\/api.w.org\/{rel}","templated":true}]}}