{"id":4874,"date":"2019-12-18T15:21:32","date_gmt":"2019-12-18T15:21:32","guid":{"rendered":"https:\/\/fairfaxcryobank.com\/?page_id=4874"},"modified":"2021-07-27T16:18:32","modified_gmt":"2021-07-27T20:18:32","slug":"sicherheit-geht-vor","status":"publish","type":"page","link":"https:\/\/fairfaxcryobank.com\/de\/sicherheit-geht-vor","title":{"rendered":"Sicherheit geht vor"},"content":{"rendered":"\n<h2 class=\"wp-block-heading\">Sichere Aufbewahrung von Spermien &#8211; mit Fairfax Cryobank!<\/h2>\n\n\n\n<p>Sie fragen sich bestimmt, ob die Aufbewahrung und Lagerung von Spermien und Samenproben in Samenbanken \u00fcberhaupt ist.<br>Machen Sie sich hierbei keine Sorgen, denn Fairfax Cryobank kryokonservierte Proben werden schon seit \u00fcber 30 Jahren sicher aufbewahrt. Unsere Lagerr\u00e4ume sind mit modernster Technik ausgestattet und verf\u00fcgen \u00fcber modernste \u00dcberwachungs- und Alarmsysteme.<\/p>\n\n\n\n<h3 class=\"wp-block-heading\">Und so stellt Fairfax Cryobank sicher, dass Sperma und Samenproben bestens aufbewahrt werden<\/h3>\n\n\n\n<ul class=\"wp-block-list\"><li><strong>\u00dcberwachung<\/strong>: Um eine kontinuierliche Aufbewahrung Ihrer gelagerten Reproduktionsproben zu gew\u00e4hrleisten, sind Fl\u00fcssigstickstoff-Gefrierger\u00e4te mit unabh\u00e4ngigen \u00dcberwachungssystemen f\u00fcr Temperatur und Fl\u00fcssigstickstoffstand ausgestattet.<\/li><li><strong>Alarmsysteme<\/strong>: Lagertanks sind mit mehreren Alarmmeldesystemen verbunden, die zus\u00e4tzliche Sicherheitsma\u00dfnahmen bieten, und das Rund-um-die-Uhr.<\/li><li><strong>Einbruchalarme<\/strong>: F\u00fcr einen kontrollierten Zugang zu unseren Einrichtungen sind die Eing\u00e4nge mit Alarmsystemen ausgestattet, einschlie\u00dflich Bewegungsmeldern und Monitoren an T\u00fcren und Fenstern.<\/li><li><strong>Abdeckung Rund-um-die-Uhr:<\/strong> Die Mitarbeiter der Cryobank stehen immer zur Verf\u00fcgung, auch au\u00dferhalb gew\u00f6hnlicher \u00d6ffnungszeiten, Wochenenden und Feiertagen. <\/li><li><strong>Backup-Systeme:<\/strong> Um die Sicherheit Ihrer kryokonservierten Proben zu gew\u00e4hrleisten, sind die Auto-Fill-Lagertanks zus\u00e4tzlich mit Notstrom ausgestattet. Auch ein ausgewiesener zus\u00e4tzlicher Gefrierschrank ist vor Ort verf\u00fcgbar.<\/li><\/ul>\n\n\n\n<p>Wenn Sie daran interessiert sind, Ihre gefrorenen Proben bei der Fairfax Cryobank zu lagern k\u00f6nnen Sie uns gerne unter 800 333 4211 anrufen, um weitere Informationen zu erhalten.<\/p>\n","protected":false},"excerpt":{"rendered":"<p>Sichere Aufbewahrung von Spermien &#8211; mit Fairfax Cryobank! Sie fragen sich bestimmt, ob die Aufbewahrung und Lagerung von Spermien und Samenproben in Samenbanken \u00fcberhaupt ist.Machen Sie sich hierbei keine Sorgen, denn Fairfax Cryobank kryokonservierte Proben werden schon seit \u00fcber 30 Jahren sicher aufbewahrt. Unsere Lagerr\u00e4ume sind mit modernster Technik ausgestattet &#8230;<\/p>\n","protected":false},"author":1,"featured_media":4876,"parent":0,"menu_order":0,"comment_status":"closed","ping_status":"closed","template":"","meta":{"footnotes":""},"class_list":["post-4874","page","type-page","status-publish","has-post-thumbnail","hentry"],"yoast_head":"<!-- This site is optimized with the Yoast SEO plugin v27.1.1 - https:\/\/yoast.com\/product\/yoast-seo-wordpress\/ -->\n<title>Sperma sicher aufbewahren und einlagern | Fairfax Cryobank<\/title>\n<meta name=\"description\" content=\"Lagern Sie Sperma und Samen sicher ein. Sichere kryokonservierte Lagerung von Spermien und Embryonen. Aufbewahrung von Spermaproben mit Fairfax Cryobank.\" \/>\n<meta name=\"robots\" content=\"index, follow, max-snippet:-1, max-image-preview:large, max-video-preview:-1\" \/>\n<link rel=\"canonical\" href=\"https:\/\/fairfaxcryobank.com\/de\/sicherheit-geht-vor\" \/>\n<meta property=\"og:locale\" content=\"de_DE\" \/>\n<meta property=\"og:type\" content=\"article\" \/>\n<meta property=\"og:title\" content=\"Sperma sicher aufbewahren und einlagern | Fairfax Cryobank\" \/>\n<meta property=\"og:description\" content=\"Lagern Sie Sperma und Samen sicher ein. Sichere kryokonservierte Lagerung von Spermien und Embryonen. Aufbewahrung von Spermaproben mit Fairfax Cryobank.\" \/>\n<meta property=\"og:url\" content=\"https:\/\/fairfaxcryobank.com\/de\/sicherheit-geht-vor\" \/>\n<meta property=\"og:site_name\" content=\"Fairfax Cryobank - Find a Sperm Donor\" \/>\n<meta property=\"article:publisher\" content=\"https:\/\/www.facebook.com\/fairfax.cryobank\" \/>\n<meta property=\"article:modified_time\" content=\"2021-07-27T20:18:32+00:00\" \/>\n<meta property=\"og:image\" content=\"https:\/\/fairfaxcryobank.com\/wp-content\/uploads\/close-up-cctv-camera-in-car-park_Svrx5wguhGx-1024x683.jpg\" \/>\n\t<meta property=\"og:image:width\" content=\"1024\" \/>\n\t<meta property=\"og:image:height\" content=\"683\" \/>\n\t<meta property=\"og:image:type\" content=\"image\/jpeg\" \/>\n<meta name=\"twitter:card\" content=\"summary_large_image\" \/>\n<meta name=\"twitter:site\" content=\"@FairfaxCryobank\" \/>\n<meta name=\"twitter:label1\" content=\"Gesch\u00e4tzte Lesezeit\" \/>\n\t<meta name=\"twitter:data1\" content=\"1\u00a0Minute\" \/>\n<script type=\"application\/ld+json\" class=\"yoast-schema-graph\">{\"@context\":\"https:\/\/schema.org\",\"@graph\":[{\"@type\":\"WebPage\",\"@id\":\"https:\/\/fairfaxcryobank.com\/de\/sicherheit-geht-vor\",\"url\":\"https:\/\/fairfaxcryobank.com\/de\/sicherheit-geht-vor\",\"name\":\"Sperma sicher aufbewahren und einlagern | Fairfax Cryobank\",\"isPartOf\":{\"@id\":\"https:\/\/fairfaxcryobank.com\/de#website\"},\"primaryImageOfPage\":{\"@id\":\"https:\/\/fairfaxcryobank.com\/de\/sicherheit-geht-vor#primaryimage\"},\"image\":{\"@id\":\"https:\/\/fairfaxcryobank.com\/de\/sicherheit-geht-vor#primaryimage\"},\"thumbnailUrl\":\"https:\/\/fairfaxcryobank.com\/wp-content\/uploads\/close-up-cctv-camera-in-car-park_Svrx5wguhGx.jpg\",\"datePublished\":\"2019-12-18T15:21:32+00:00\",\"dateModified\":\"2021-07-27T20:18:32+00:00\",\"description\":\"Lagern Sie Sperma und Samen sicher ein. Sichere kryokonservierte Lagerung von Spermien und Embryonen. Aufbewahrung von Spermaproben mit Fairfax Cryobank.\",\"breadcrumb\":{\"@id\":\"https:\/\/fairfaxcryobank.com\/de\/sicherheit-geht-vor#breadcrumb\"},\"inLanguage\":\"de\",\"potentialAction\":[{\"@type\":\"ReadAction\",\"target\":[\"https:\/\/fairfaxcryobank.com\/de\/sicherheit-geht-vor\"]}]},{\"@type\":\"ImageObject\",\"inLanguage\":\"de\",\"@id\":\"https:\/\/fairfaxcryobank.com\/de\/sicherheit-geht-vor#primaryimage\",\"url\":\"https:\/\/fairfaxcryobank.com\/wp-content\/uploads\/close-up-cctv-camera-in-car-park_Svrx5wguhGx.jpg\",\"contentUrl\":\"https:\/\/fairfaxcryobank.com\/wp-content\/uploads\/close-up-cctv-camera-in-car-park_Svrx5wguhGx.jpg\",\"width\":5472,\"height\":3648,\"caption\":\"kryokonservierte\"},{\"@type\":\"BreadcrumbList\",\"@id\":\"https:\/\/fairfaxcryobank.com\/de\/sicherheit-geht-vor#breadcrumb\",\"itemListElement\":[{\"@type\":\"ListItem\",\"position\":1,\"name\":\"Home\",\"item\":\"https:\/\/fairfaxcryobank.com\/de\"},{\"@type\":\"ListItem\",\"position\":2,\"name\":\"Sicherheit geht vor\"}]},{\"@type\":\"WebSite\",\"@id\":\"https:\/\/fairfaxcryobank.com\/de#website\",\"url\":\"https:\/\/fairfaxcryobank.com\/de\",\"name\":\"Fairfax Cryobank - Find a Sperm Donor\",\"description\":\"Top-Tier Sperm Bank\",\"publisher\":{\"@id\":\"https:\/\/fairfaxcryobank.com\/de#organization\"},\"potentialAction\":[{\"@type\":\"SearchAction\",\"target\":{\"@type\":\"EntryPoint\",\"urlTemplate\":\"https:\/\/fairfaxcryobank.com\/de?s={search_term_string}\"},\"query-input\":{\"@type\":\"PropertyValueSpecification\",\"valueRequired\":true,\"valueName\":\"search_term_string\"}}],\"inLanguage\":\"de\"},{\"@type\":\"Organization\",\"@id\":\"https:\/\/fairfaxcryobank.com\/de#organization\",\"name\":\"Fairfax Cryobank\",\"url\":\"https:\/\/fairfaxcryobank.com\/de\",\"logo\":{\"@type\":\"ImageObject\",\"inLanguage\":\"de\",\"@id\":\"https:\/\/fairfaxcryobank.com\/de#\/schema\/logo\/image\/\",\"url\":\"https:\/\/fairfaxcryobank.com\/wp-content\/uploads\/logo.webp\",\"contentUrl\":\"https:\/\/fairfaxcryobank.com\/wp-content\/uploads\/logo.webp\",\"width\":1,\"height\":1,\"caption\":\"Fairfax Cryobank\"},\"image\":{\"@id\":\"https:\/\/fairfaxcryobank.com\/de#\/schema\/logo\/image\/\"},\"sameAs\":[\"https:\/\/www.facebook.com\/fairfax.cryobank\",\"https:\/\/x.com\/FairfaxCryobank\",\"https:\/\/www.instagram.com\/fairfaxcryobank\/\",\"https:\/\/www.pinterest.com\/fairfaxcryo\/\"]}]}<\/script>\n<!-- \/ Yoast SEO plugin. -->","yoast_head_json":{"title":"Sperma sicher aufbewahren und einlagern | Fairfax Cryobank","description":"Lagern Sie Sperma und Samen sicher ein. Sichere kryokonservierte Lagerung von Spermien und Embryonen. Aufbewahrung von Spermaproben mit Fairfax Cryobank.","robots":{"index":"index","follow":"follow","max-snippet":"max-snippet:-1","max-image-preview":"max-image-preview:large","max-video-preview":"max-video-preview:-1"},"canonical":"https:\/\/fairfaxcryobank.com\/de\/sicherheit-geht-vor","og_locale":"de_DE","og_type":"article","og_title":"Sperma sicher aufbewahren und einlagern | Fairfax Cryobank","og_description":"Lagern Sie Sperma und Samen sicher ein. Sichere kryokonservierte Lagerung von Spermien und Embryonen. Aufbewahrung von Spermaproben mit Fairfax Cryobank.","og_url":"https:\/\/fairfaxcryobank.com\/de\/sicherheit-geht-vor","og_site_name":"Fairfax Cryobank - Find a Sperm Donor","article_publisher":"https:\/\/www.facebook.com\/fairfax.cryobank","article_modified_time":"2021-07-27T20:18:32+00:00","og_image":[{"width":1024,"height":683,"url":"https:\/\/fairfaxcryobank.com\/wp-content\/uploads\/close-up-cctv-camera-in-car-park_Svrx5wguhGx-1024x683.jpg","type":"image\/jpeg"}],"twitter_card":"summary_large_image","twitter_site":"@FairfaxCryobank","twitter_misc":{"Gesch\u00e4tzte Lesezeit":"1\u00a0Minute"},"schema":{"@context":"https:\/\/schema.org","@graph":[{"@type":"WebPage","@id":"https:\/\/fairfaxcryobank.com\/de\/sicherheit-geht-vor","url":"https:\/\/fairfaxcryobank.com\/de\/sicherheit-geht-vor","name":"Sperma sicher aufbewahren und einlagern | Fairfax Cryobank","isPartOf":{"@id":"https:\/\/fairfaxcryobank.com\/de#website"},"primaryImageOfPage":{"@id":"https:\/\/fairfaxcryobank.com\/de\/sicherheit-geht-vor#primaryimage"},"image":{"@id":"https:\/\/fairfaxcryobank.com\/de\/sicherheit-geht-vor#primaryimage"},"thumbnailUrl":"https:\/\/fairfaxcryobank.com\/wp-content\/uploads\/close-up-cctv-camera-in-car-park_Svrx5wguhGx.jpg","datePublished":"2019-12-18T15:21:32+00:00","dateModified":"2021-07-27T20:18:32+00:00","description":"Lagern Sie Sperma und Samen sicher ein. Sichere kryokonservierte Lagerung von Spermien und Embryonen. Aufbewahrung von Spermaproben mit Fairfax Cryobank.","breadcrumb":{"@id":"https:\/\/fairfaxcryobank.com\/de\/sicherheit-geht-vor#breadcrumb"},"inLanguage":"de","potentialAction":[{"@type":"ReadAction","target":["https:\/\/fairfaxcryobank.com\/de\/sicherheit-geht-vor"]}]},{"@type":"ImageObject","inLanguage":"de","@id":"https:\/\/fairfaxcryobank.com\/de\/sicherheit-geht-vor#primaryimage","url":"https:\/\/fairfaxcryobank.com\/wp-content\/uploads\/close-up-cctv-camera-in-car-park_Svrx5wguhGx.jpg","contentUrl":"https:\/\/fairfaxcryobank.com\/wp-content\/uploads\/close-up-cctv-camera-in-car-park_Svrx5wguhGx.jpg","width":5472,"height":3648,"caption":"kryokonservierte"},{"@type":"BreadcrumbList","@id":"https:\/\/fairfaxcryobank.com\/de\/sicherheit-geht-vor#breadcrumb","itemListElement":[{"@type":"ListItem","position":1,"name":"Home","item":"https:\/\/fairfaxcryobank.com\/de"},{"@type":"ListItem","position":2,"name":"Sicherheit geht vor"}]},{"@type":"WebSite","@id":"https:\/\/fairfaxcryobank.com\/de#website","url":"https:\/\/fairfaxcryobank.com\/de","name":"Fairfax Cryobank - Find a Sperm Donor","description":"Top-Tier Sperm Bank","publisher":{"@id":"https:\/\/fairfaxcryobank.com\/de#organization"},"potentialAction":[{"@type":"SearchAction","target":{"@type":"EntryPoint","urlTemplate":"https:\/\/fairfaxcryobank.com\/de?s={search_term_string}"},"query-input":{"@type":"PropertyValueSpecification","valueRequired":true,"valueName":"search_term_string"}}],"inLanguage":"de"},{"@type":"Organization","@id":"https:\/\/fairfaxcryobank.com\/de#organization","name":"Fairfax Cryobank","url":"https:\/\/fairfaxcryobank.com\/de","logo":{"@type":"ImageObject","inLanguage":"de","@id":"https:\/\/fairfaxcryobank.com\/de#\/schema\/logo\/image\/","url":"https:\/\/fairfaxcryobank.com\/wp-content\/uploads\/logo.webp","contentUrl":"https:\/\/fairfaxcryobank.com\/wp-content\/uploads\/logo.webp","width":1,"height":1,"caption":"Fairfax Cryobank"},"image":{"@id":"https:\/\/fairfaxcryobank.com\/de#\/schema\/logo\/image\/"},"sameAs":["https:\/\/www.facebook.com\/fairfax.cryobank","https:\/\/x.com\/FairfaxCryobank","https:\/\/www.instagram.com\/fairfaxcryobank\/","https:\/\/www.pinterest.com\/fairfaxcryo\/"]}]}},"post_mailing_queue_ids":[],"_links":{"self":[{"href":"https:\/\/fairfaxcryobank.com\/de\/wp-json\/wp\/v2\/pages\/4874","targetHints":{"allow":["GET"]}}],"collection":[{"href":"https:\/\/fairfaxcryobank.com\/de\/wp-json\/wp\/v2\/pages"}],"about":[{"href":"https:\/\/fairfaxcryobank.com\/de\/wp-json\/wp\/v2\/types\/page"}],"author":[{"embeddable":true,"href":"https:\/\/fairfaxcryobank.com\/de\/wp-json\/wp\/v2\/users\/1"}],"replies":[{"embeddable":true,"href":"https:\/\/fairfaxcryobank.com\/de\/wp-json\/wp\/v2\/comments?post=4874"}],"version-history":[{"count":1,"href":"https:\/\/fairfaxcryobank.com\/de\/wp-json\/wp\/v2\/pages\/4874\/revisions"}],"predecessor-version":[{"id":17791,"href":"https:\/\/fairfaxcryobank.com\/de\/wp-json\/wp\/v2\/pages\/4874\/revisions\/17791"}],"wp:featuredmedia":[{"embeddable":true,"href":"https:\/\/fairfaxcryobank.com\/de\/wp-json\/wp\/v2\/media\/4876"}],"wp:attachment":[{"href":"https:\/\/fairfaxcryobank.com\/de\/wp-json\/wp\/v2\/media?parent=4874"}],"curies":[{"name":"wp","href":"https:\/\/api.w.org\/{rel}","templated":true}]}}