{"id":4877,"date":"2019-12-18T15:21:59","date_gmt":"2019-12-18T15:21:59","guid":{"rendered":"https:\/\/fairfaxcryobank.com\/?page_id=4877"},"modified":"2021-07-28T09:14:39","modified_gmt":"2021-07-28T13:14:39","slug":"geburtengrenzen-des-spenders","status":"publish","type":"page","link":"https:\/\/fairfaxcryobank.com\/de\/geburtengrenzen-des-spenders","title":{"rendered":"Geburtengrenzen f\u00fcr Samenspender"},"content":{"rendered":"\n<h2 class=\"wp-block-heading\">Geburtengrenzwerte f\u00fcr Fairfax Cryobank-Samenspender<\/h2>\n\n\n\n<p>Die Fairfax Cryobank legt auf der Grundlage mehrerer Kriterien Geburtengrenzen f\u00fcr Samenspender fest.<\/p>\n\n\n\n<p>Der Verkauf von Samen eines Spenders wird dann eingestellt, wenn in den USA 25 Familien (Kinder desselben Spenders, die in einem Haushalt leben) gemeldet wurden. Die internationale Verbreitung wird eingestellt, wenn 15 Familien gemeldet wurden. Nach Erreichen der Familiengrenzen werden Ampullen dann nur noch f\u00fcr Geschwisterschwangerschaften verteilt.<\/p>\n\n\n\n<p>Familien\nmit Kindern desselben Spenders erhalten, sofern verf\u00fcgbar, zus\u00e4tzliche\nSpendereinheiten f\u00fcr zuk\u00fcnftige Geschwister.<\/p>\n\n\n\n<p>Dar\u00fcber hinaus \u00fcberwachen wir auch den gemeldeten Geburtsort und begrenzen die geografische Verteilung eines Spenders gem\u00e4\u00df den Richtlinien der American Society of Reproductive Medicine (ASRM). Um die Anzahl der mit einem Samenspender verbundenen Geburten \u00fcberwachen zu k\u00f6nnen, ist es wichtig, dass man uns rechtzeitig \u00fcber Geburten informiert. Bitte besuchen Sie die Seite mit den Schwangerschaftsmeldungen auf unserer Website oder rufen Sie uns einfach an!<\/p>\n\n\n\n<div class=\"wp-block-button aligncenter\"><a class=\"wp-block-button__link has-text-color has-background\" href=\"https:\/\/fairfaxcryobank.com\/de\/schwangerschaftsbericht\" style=\"background-color:#ea6950;color:#ffffff\">SCHWANGERSCHAFT ODER GEBURT MELDEN <\/a><\/div>\n\n\n\n<p>Wenn ein Samenspender sein Familiengrenze oder sein Gesamtumsatzlimit erreicht hat, kann die Reaktivierung dieses Spenders f\u00fcr Geschwisterschwangerschaften verf\u00fcgbar sein. Eine \u201eReaktivierung\u201d bedeutet, dass ein Samenspender gebeten werden kann, zus\u00e4tzliche Proben bereitzustellen, nachdem er das Programm verlassen hat. Der Spender muss sich zun\u00e4chst damit einverstanden erkl\u00e4ren, \u201ereaktiviert\u201c zu werden, und wenn er dies tut, ist der Kunde damit einverstanden, alle Kosten zu zahlen, die typischerweise mehrere tausend Dollar \u00fcberschreiten k\u00f6nnen.<\/p>\n","protected":false},"excerpt":{"rendered":"<p>Geburtengrenzwerte f\u00fcr Fairfax Cryobank-Samenspender Die Fairfax Cryobank legt auf der Grundlage mehrerer Kriterien Geburtengrenzen f\u00fcr Samenspender fest. Der Verkauf von Samen eines Spenders wird dann eingestellt, wenn in den USA 25 Familien (Kinder desselben Spenders, die in einem Haushalt leben) gemeldet wurden. Die internationale Verbreitung wird eingestellt, wenn 15 Familien &#8230;<\/p>\n","protected":false},"author":1,"featured_media":0,"parent":0,"menu_order":0,"comment_status":"closed","ping_status":"closed","template":"","meta":{"footnotes":""},"class_list":["post-4877","page","type-page","status-publish","hentry"],"yoast_head":"<!-- This site is optimized with the Yoast SEO plugin v27.1.1 - https:\/\/yoast.com\/product\/yoast-seo-wordpress\/ -->\n<title>Geburtengrenzen f\u00fcr Samenspender | Fairfax Cryobank<\/title>\n<meta name=\"description\" content=\"Geburtengrenzwerte f\u00fcr Fairfax Cryobank Samenspender. Geschwisterschwangerschaften und Familiengrenzen f\u00fcr Spermaspender. Limitierte Samenspende-Einheiten.\" \/>\n<meta name=\"robots\" content=\"index, follow, max-snippet:-1, max-image-preview:large, max-video-preview:-1\" \/>\n<link rel=\"canonical\" href=\"https:\/\/fairfaxcryobank.com\/de\/geburtengrenzen-des-spenders\" \/>\n<meta property=\"og:locale\" content=\"de_DE\" \/>\n<meta property=\"og:type\" content=\"article\" \/>\n<meta property=\"og:title\" content=\"Geburtengrenzen f\u00fcr Samenspender | Fairfax Cryobank\" \/>\n<meta property=\"og:description\" content=\"Geburtengrenzwerte f\u00fcr Fairfax Cryobank Samenspender. Geschwisterschwangerschaften und Familiengrenzen f\u00fcr Spermaspender. Limitierte Samenspende-Einheiten.\" \/>\n<meta property=\"og:url\" content=\"https:\/\/fairfaxcryobank.com\/de\/geburtengrenzen-des-spenders\" \/>\n<meta property=\"og:site_name\" content=\"Fairfax Cryobank - Find a Sperm Donor\" \/>\n<meta property=\"article:publisher\" content=\"https:\/\/www.facebook.com\/fairfax.cryobank\" \/>\n<meta property=\"article:modified_time\" content=\"2021-07-28T13:14:39+00:00\" \/>\n<meta name=\"twitter:card\" content=\"summary_large_image\" \/>\n<meta name=\"twitter:site\" content=\"@FairfaxCryobank\" \/>\n<meta name=\"twitter:label1\" content=\"Gesch\u00e4tzte Lesezeit\" \/>\n\t<meta name=\"twitter:data1\" content=\"1\u00a0Minute\" \/>\n<script type=\"application\/ld+json\" class=\"yoast-schema-graph\">{\"@context\":\"https:\/\/schema.org\",\"@graph\":[{\"@type\":\"WebPage\",\"@id\":\"https:\/\/fairfaxcryobank.com\/de\/geburtengrenzen-des-spenders\",\"url\":\"https:\/\/fairfaxcryobank.com\/de\/geburtengrenzen-des-spenders\",\"name\":\"Geburtengrenzen f\u00fcr Samenspender | Fairfax Cryobank\",\"isPartOf\":{\"@id\":\"https:\/\/fairfaxcryobank.com\/de#website\"},\"datePublished\":\"2019-12-18T15:21:59+00:00\",\"dateModified\":\"2021-07-28T13:14:39+00:00\",\"description\":\"Geburtengrenzwerte f\u00fcr Fairfax Cryobank Samenspender. Geschwisterschwangerschaften und Familiengrenzen f\u00fcr Spermaspender. Limitierte Samenspende-Einheiten.\",\"breadcrumb\":{\"@id\":\"https:\/\/fairfaxcryobank.com\/de\/geburtengrenzen-des-spenders#breadcrumb\"},\"inLanguage\":\"de\",\"potentialAction\":[{\"@type\":\"ReadAction\",\"target\":[\"https:\/\/fairfaxcryobank.com\/de\/geburtengrenzen-des-spenders\"]}]},{\"@type\":\"BreadcrumbList\",\"@id\":\"https:\/\/fairfaxcryobank.com\/de\/geburtengrenzen-des-spenders#breadcrumb\",\"itemListElement\":[{\"@type\":\"ListItem\",\"position\":1,\"name\":\"Home\",\"item\":\"https:\/\/fairfaxcryobank.com\/de\"},{\"@type\":\"ListItem\",\"position\":2,\"name\":\"Geburtengrenzen f\u00fcr Samenspender\"}]},{\"@type\":\"WebSite\",\"@id\":\"https:\/\/fairfaxcryobank.com\/de#website\",\"url\":\"https:\/\/fairfaxcryobank.com\/de\",\"name\":\"Fairfax Cryobank - Find a Sperm Donor\",\"description\":\"Top-Tier Sperm Bank\",\"publisher\":{\"@id\":\"https:\/\/fairfaxcryobank.com\/de#organization\"},\"potentialAction\":[{\"@type\":\"SearchAction\",\"target\":{\"@type\":\"EntryPoint\",\"urlTemplate\":\"https:\/\/fairfaxcryobank.com\/de?s={search_term_string}\"},\"query-input\":{\"@type\":\"PropertyValueSpecification\",\"valueRequired\":true,\"valueName\":\"search_term_string\"}}],\"inLanguage\":\"de\"},{\"@type\":\"Organization\",\"@id\":\"https:\/\/fairfaxcryobank.com\/de#organization\",\"name\":\"Fairfax Cryobank\",\"url\":\"https:\/\/fairfaxcryobank.com\/de\",\"logo\":{\"@type\":\"ImageObject\",\"inLanguage\":\"de\",\"@id\":\"https:\/\/fairfaxcryobank.com\/de#\/schema\/logo\/image\/\",\"url\":\"https:\/\/fairfaxcryobank.com\/wp-content\/uploads\/logo.webp\",\"contentUrl\":\"https:\/\/fairfaxcryobank.com\/wp-content\/uploads\/logo.webp\",\"width\":1,\"height\":1,\"caption\":\"Fairfax Cryobank\"},\"image\":{\"@id\":\"https:\/\/fairfaxcryobank.com\/de#\/schema\/logo\/image\/\"},\"sameAs\":[\"https:\/\/www.facebook.com\/fairfax.cryobank\",\"https:\/\/x.com\/FairfaxCryobank\",\"https:\/\/www.instagram.com\/fairfaxcryobank\/\",\"https:\/\/www.pinterest.com\/fairfaxcryo\/\"]}]}<\/script>\n<!-- \/ Yoast SEO plugin. -->","yoast_head_json":{"title":"Geburtengrenzen f\u00fcr Samenspender | Fairfax Cryobank","description":"Geburtengrenzwerte f\u00fcr Fairfax Cryobank Samenspender. Geschwisterschwangerschaften und Familiengrenzen f\u00fcr Spermaspender. Limitierte Samenspende-Einheiten.","robots":{"index":"index","follow":"follow","max-snippet":"max-snippet:-1","max-image-preview":"max-image-preview:large","max-video-preview":"max-video-preview:-1"},"canonical":"https:\/\/fairfaxcryobank.com\/de\/geburtengrenzen-des-spenders","og_locale":"de_DE","og_type":"article","og_title":"Geburtengrenzen f\u00fcr Samenspender | Fairfax Cryobank","og_description":"Geburtengrenzwerte f\u00fcr Fairfax Cryobank Samenspender. Geschwisterschwangerschaften und Familiengrenzen f\u00fcr Spermaspender. Limitierte Samenspende-Einheiten.","og_url":"https:\/\/fairfaxcryobank.com\/de\/geburtengrenzen-des-spenders","og_site_name":"Fairfax Cryobank - Find a Sperm Donor","article_publisher":"https:\/\/www.facebook.com\/fairfax.cryobank","article_modified_time":"2021-07-28T13:14:39+00:00","twitter_card":"summary_large_image","twitter_site":"@FairfaxCryobank","twitter_misc":{"Gesch\u00e4tzte Lesezeit":"1\u00a0Minute"},"schema":{"@context":"https:\/\/schema.org","@graph":[{"@type":"WebPage","@id":"https:\/\/fairfaxcryobank.com\/de\/geburtengrenzen-des-spenders","url":"https:\/\/fairfaxcryobank.com\/de\/geburtengrenzen-des-spenders","name":"Geburtengrenzen f\u00fcr Samenspender | Fairfax Cryobank","isPartOf":{"@id":"https:\/\/fairfaxcryobank.com\/de#website"},"datePublished":"2019-12-18T15:21:59+00:00","dateModified":"2021-07-28T13:14:39+00:00","description":"Geburtengrenzwerte f\u00fcr Fairfax Cryobank Samenspender. Geschwisterschwangerschaften und Familiengrenzen f\u00fcr Spermaspender. Limitierte Samenspende-Einheiten.","breadcrumb":{"@id":"https:\/\/fairfaxcryobank.com\/de\/geburtengrenzen-des-spenders#breadcrumb"},"inLanguage":"de","potentialAction":[{"@type":"ReadAction","target":["https:\/\/fairfaxcryobank.com\/de\/geburtengrenzen-des-spenders"]}]},{"@type":"BreadcrumbList","@id":"https:\/\/fairfaxcryobank.com\/de\/geburtengrenzen-des-spenders#breadcrumb","itemListElement":[{"@type":"ListItem","position":1,"name":"Home","item":"https:\/\/fairfaxcryobank.com\/de"},{"@type":"ListItem","position":2,"name":"Geburtengrenzen f\u00fcr Samenspender"}]},{"@type":"WebSite","@id":"https:\/\/fairfaxcryobank.com\/de#website","url":"https:\/\/fairfaxcryobank.com\/de","name":"Fairfax Cryobank - Find a Sperm Donor","description":"Top-Tier Sperm Bank","publisher":{"@id":"https:\/\/fairfaxcryobank.com\/de#organization"},"potentialAction":[{"@type":"SearchAction","target":{"@type":"EntryPoint","urlTemplate":"https:\/\/fairfaxcryobank.com\/de?s={search_term_string}"},"query-input":{"@type":"PropertyValueSpecification","valueRequired":true,"valueName":"search_term_string"}}],"inLanguage":"de"},{"@type":"Organization","@id":"https:\/\/fairfaxcryobank.com\/de#organization","name":"Fairfax Cryobank","url":"https:\/\/fairfaxcryobank.com\/de","logo":{"@type":"ImageObject","inLanguage":"de","@id":"https:\/\/fairfaxcryobank.com\/de#\/schema\/logo\/image\/","url":"https:\/\/fairfaxcryobank.com\/wp-content\/uploads\/logo.webp","contentUrl":"https:\/\/fairfaxcryobank.com\/wp-content\/uploads\/logo.webp","width":1,"height":1,"caption":"Fairfax Cryobank"},"image":{"@id":"https:\/\/fairfaxcryobank.com\/de#\/schema\/logo\/image\/"},"sameAs":["https:\/\/www.facebook.com\/fairfax.cryobank","https:\/\/x.com\/FairfaxCryobank","https:\/\/www.instagram.com\/fairfaxcryobank\/","https:\/\/www.pinterest.com\/fairfaxcryo\/"]}]}},"post_mailing_queue_ids":[],"_links":{"self":[{"href":"https:\/\/fairfaxcryobank.com\/de\/wp-json\/wp\/v2\/pages\/4877","targetHints":{"allow":["GET"]}}],"collection":[{"href":"https:\/\/fairfaxcryobank.com\/de\/wp-json\/wp\/v2\/pages"}],"about":[{"href":"https:\/\/fairfaxcryobank.com\/de\/wp-json\/wp\/v2\/types\/page"}],"author":[{"embeddable":true,"href":"https:\/\/fairfaxcryobank.com\/de\/wp-json\/wp\/v2\/users\/1"}],"replies":[{"embeddable":true,"href":"https:\/\/fairfaxcryobank.com\/de\/wp-json\/wp\/v2\/comments?post=4877"}],"version-history":[{"count":1,"href":"https:\/\/fairfaxcryobank.com\/de\/wp-json\/wp\/v2\/pages\/4877\/revisions"}],"predecessor-version":[{"id":17793,"href":"https:\/\/fairfaxcryobank.com\/de\/wp-json\/wp\/v2\/pages\/4877\/revisions\/17793"}],"wp:attachment":[{"href":"https:\/\/fairfaxcryobank.com\/de\/wp-json\/wp\/v2\/media?parent=4877"}],"curies":[{"name":"wp","href":"https:\/\/api.w.org\/{rel}","templated":true}]}}