{"id":4879,"date":"2019-12-18T15:22:30","date_gmt":"2019-12-18T15:22:30","guid":{"rendered":"https:\/\/fairfaxcryobank.com\/?page_id=4879"},"modified":"2021-07-29T10:14:00","modified_gmt":"2021-07-29T14:14:00","slug":"schwangerschaftsversprechen","status":"publish","type":"page","link":"https:\/\/fairfaxcryobank.com\/de\/schwangerschaftsversprechen","title":{"rendered":"Schwangerschaftsversprechen"},"content":{"rendered":"\n<h2 class=\"wp-block-heading\">Angebot: Kostenlose Ampulle Ihres Spermaspenders<\/h2>\n\n\n\n<div class=\"wp-block-cover has-cyan-bluish-gray-background-color has-background-dim\" style=\"background-image:url(https:\/\/fairfaxcryobank.com\/wp-content\/uploads\/storyblocks-close-up-of-pregnant-woman-holds-ultrasound-photos-at-her-stomach_SHlgM8ktN.jpg)\"><div class=\"wp-block-cover__inner-container is-layout-flow wp-block-cover-is-layout-flow\">\n<p class=\"has-text-align-center has-large-font-size\"><em><strong>Wir sind so zuversichtlich, dass Sie schwanger werden, und versprechen Ihnen daher eine kostenlose Ampulle, wenn Sie innerhalb von 4 Versuchen keinen Erfolg haben.<\/strong><\/em><\/p>\n<\/div><\/div>\n\n\n\n<p>Wir sind uns bewusst, dass Ihre Entscheidung, die Services von Fairfax Cryobank in Anspruch zu nehmen, eine Investition in Zeit, Emotionen und Geld ist. Wir f\u00fchlen uns Ihnen, unseren Kunden und dem Wachstum gesunder, gl\u00fccklicher Familien daher verpflichtet.<\/p>\n\n\n\n<p>Wir bei Fairfax Cryobank sind zuversichtlich, dass wir Ihnen helfen k\u00f6nnen, Ihr Ziel zu erreichen, ein Kind zu bekommen, dass wir unser Schwangerschaftsversprechen ins Leben gerufen haben. Was hei\u00dft das genau? Ganz einfach: Wenn Sie nicht innerhalb von 4 Versuchen schwanger werden, bietet Ihnen unser Team eine kostenlose Ampulle an!<\/p>\n\n\n\n<p><strong>Qualifikation f\u00fcr das Schwangerschaftsversprechen<\/strong><\/p>\n\n\n\n<ul class=\"wp-block-list\"><li>38 Jahre oder j\u00fcnger<\/li><li>Bestellen Sie mindestens 4 Ampullen<\/li><li>Sie m\u00fcssen sich in Ihrer Arztpraxis innerhalb von 12 Monaten 4 Zyklen an Besamungsverfahren unterziehen lassen *<\/li><li>Sie wurden nicht schwanger<\/li><\/ul>\n\n\n\n<p>Wenn Sie diese Qualifikationen erf\u00fcllen, dann bietet Ihnen Fairfax Cryobank eine kostenlose Ampulle. Jetzt verl\u00e4ngert, ohne Stichtag, und einfacheren Formalit\u00e4ten.<\/p>\n\n\n\n<h3 class=\"wp-block-heading\"><strong>Schwangerschaftsversprechen \u2013 Vollst\u00e4ndige Richtlinien<\/strong>   <\/h3>\n\n\n\n<ul class=\"wp-block-list\"><li>Der Patient muss mindestens 4 Ampullen von Spendersamen bei Fairfax Cryobank bestellen. Die Bestellungen k\u00f6nnen alle zu unterschiedlichen Daten sein. Das fr\u00fcheste Kaufdatum einer Ampulle f\u00fcr die Zwecke dieses Angebots ist der 5. April 2010.<\/li><li>Der Patient muss au\u00dferdem \u00fcber mindestens 4 Zyklen von Verfahren der assistierten Reproduktionstechnologie (\u201eAssisted Reproductive Technology\u201c, ART) teilnehmen, einschlie\u00dflich k\u00fcnstlicher Befruchtung (\u201eArtificial Insemination\u201c, IUI) oder In-vitro-Fertilisation (IVF), die von einem zugelassenen Arzt durchgef\u00fchrt werden.<\/li><li>Heimbesamungen werden nicht als eines der 4 ART-Verfahren gewertet<\/li><li>Alle ART-Verfahren m\u00fcssen innerhalb von 12 Monaten nach dem Datum des ersten Verfahrens und nicht vor dem 05.04.2010 stattfinden<\/li><li>Treten innerhalb eines Zyklus 2 Besamungen auf, z\u00e4hlt dies als 1 Zyklus<\/li><li>Ein ausgef\u00fclltes Fairfax Schwangerschaftsversprechen-\u00dcberpr\u00fcfungsformular muss von einem Arzt oder einer anderen einschl\u00e4gigen medizinischen Fachkraft \u00fcberpr\u00fcft und unterschrieben werden, damit die Patientin Anspruch auf eine kostenlose Ampulle hat. Dieses Formular erhalten Sie beim Kundendienst unter der Rufnummer +1(800) 338-8407, der es direkt an die Arztpraxis faxt und das Formular ausf\u00fcllt.<\/li><li>Die Patientin, die das ART-Verfahren erh\u00e4lt, darf zum Zeitpunkt des ersten ART-Verfahrens ihren 39. Geburtstag noch nicht erreicht haben.<\/li><li>Der Altersnachweis wird vom Arzt anhand des Fairfax Schwangerschaftsversprechen-\u00dcberpr\u00fcfungsformulars \u00fcberpr\u00fcft.<\/li><li>Wenn eine Schwangerschaft nach 4 Zyklen der oben definierten ART-Prozeduren nicht erreicht wird, kann die Patientin kostenlos eine Ampulle mit Spendersamen von gleichem oder geringerem Wert erhalten. Fl\u00e4schchen gelten als gleich, wenn sie derselben Spenderkategorie angeh\u00f6ren (z. B. Anonym, ID usw.).<\/li><li>Wenn ein Kunde eine \u201ekostenlose\u201c Ampulle aus einer anderen Spenderkategorie w\u00fcnscht und die Kosten f\u00fcr die Ampulle h\u00f6her sind, liegt die Kostendifferenz in der Verantwortung des Kunden.<\/li><li>Die Versandkosten f\u00fcr die kostenlose Ampulle gehen zu Lasten des Patienten.<\/li><li>Wenn ein Kunde Ampullen in gr\u00f6\u00dferen Mengen kauft, 4 ART-Zyklen ohne erfolgreiche Schwangerschaft durchf\u00fchrt und noch mindestens eine unbenutzte Ampulle \u00fcbrig hat, werden dem Kunden die Kosten f\u00fcr 1 Phiole erstattet.<\/li><li>Wenn die Patientin w\u00e4hrend eines der 4 aufeinander folgenden Zyklen von ART-Verfahren schwanger wird, empfehlen wir, die Schwangerschaft \u00fcber unser Online-Schwangerschaftsmeldesystem an Fairfax Cryobank zu melden.<\/li><li>Wenn eine Schwangerschaft erreicht wurde und durch Ultraschall best\u00e4tigt wird, dass ein fetaler Herzschlag vorliegt, gilt das Angebot f\u00fcr kostenlose Ampullen nicht mehr f\u00fcr die ART-Verfahren vor dieser Schwangerschaft.<\/li><li>Die Patientin kann nur eine kostenlose Ampulle beantragen. <\/li><li>Der Kunde kann das Angebot f\u00fcr Schwangerschaftsversprechen nicht mit Clubmitgliedschaftsvorteilen kombinieren. <\/li><\/ul>\n","protected":false},"excerpt":{"rendered":"<p>Angebot: Kostenlose Ampulle Ihres Spermaspenders Wir sind uns bewusst, dass Ihre Entscheidung, die Services von Fairfax Cryobank in Anspruch zu nehmen, eine Investition in Zeit, Emotionen und Geld ist. Wir f\u00fchlen uns Ihnen, unseren Kunden und dem Wachstum gesunder, gl\u00fccklicher Familien daher verpflichtet. Wir bei Fairfax Cryobank sind zuversichtlich, dass &#8230;<\/p>\n","protected":false},"author":1,"featured_media":5637,"parent":0,"menu_order":0,"comment_status":"closed","ping_status":"closed","template":"","meta":{"footnotes":""},"class_list":["post-4879","page","type-page","status-publish","has-post-thumbnail","hentry"],"yoast_head":"<!-- This site is optimized with the Yoast SEO plugin v27.1.1 - https:\/\/yoast.com\/product\/yoast-seo-wordpress\/ -->\n<title>Unser Schwangerschaftsversprechen | Fairfax Cryobank<\/title>\n<meta name=\"description\" content=\"Mit unserem Schwangerschaftsversprechen der Fairfax Cryobank. Kostenlose Ampulle Spendersperma wenn Sie nach 4 Versuchen nicht schwanger sind. Fairfax Cryobank.\" \/>\n<meta name=\"robots\" content=\"index, follow, max-snippet:-1, max-image-preview:large, max-video-preview:-1\" \/>\n<link rel=\"canonical\" href=\"https:\/\/fairfaxcryobank.com\/de\/schwangerschaftsversprechen\" \/>\n<meta property=\"og:locale\" content=\"de_DE\" \/>\n<meta property=\"og:type\" content=\"article\" \/>\n<meta property=\"og:title\" content=\"Unser Schwangerschaftsversprechen | Fairfax Cryobank\" \/>\n<meta property=\"og:description\" content=\"Mit unserem Schwangerschaftsversprechen der Fairfax Cryobank. Kostenlose Ampulle Spendersperma wenn Sie nach 4 Versuchen nicht schwanger sind. Fairfax Cryobank.\" \/>\n<meta property=\"og:url\" content=\"https:\/\/fairfaxcryobank.com\/de\/schwangerschaftsversprechen\" \/>\n<meta property=\"og:site_name\" content=\"Fairfax Cryobank - Find a Sperm Donor\" \/>\n<meta property=\"article:publisher\" content=\"https:\/\/www.facebook.com\/fairfax.cryobank\" \/>\n<meta property=\"article:modified_time\" content=\"2021-07-29T14:14:00+00:00\" \/>\n<meta property=\"og:image\" content=\"https:\/\/fairfaxcryobank.com\/wp-content\/uploads\/storyblocks-close-up-of-pregnant-woman-holds-ultrasound-photos-at-her-stomach_SHlgM8ktN-1024x683.jpg\" \/>\n\t<meta property=\"og:image:width\" content=\"1024\" \/>\n\t<meta property=\"og:image:height\" content=\"683\" \/>\n\t<meta property=\"og:image:type\" content=\"image\/jpeg\" \/>\n<meta name=\"twitter:card\" content=\"summary_large_image\" \/>\n<meta name=\"twitter:site\" content=\"@FairfaxCryobank\" \/>\n<meta name=\"twitter:label1\" content=\"Gesch\u00e4tzte Lesezeit\" \/>\n\t<meta name=\"twitter:data1\" content=\"3\u00a0Minuten\" \/>\n<script type=\"application\/ld+json\" class=\"yoast-schema-graph\">{\"@context\":\"https:\/\/schema.org\",\"@graph\":[{\"@type\":\"WebPage\",\"@id\":\"https:\/\/fairfaxcryobank.com\/de\/schwangerschaftsversprechen\",\"url\":\"https:\/\/fairfaxcryobank.com\/de\/schwangerschaftsversprechen\",\"name\":\"Unser Schwangerschaftsversprechen | Fairfax Cryobank\",\"isPartOf\":{\"@id\":\"https:\/\/fairfaxcryobank.com\/de#website\"},\"primaryImageOfPage\":{\"@id\":\"https:\/\/fairfaxcryobank.com\/de\/schwangerschaftsversprechen#primaryimage\"},\"image\":{\"@id\":\"https:\/\/fairfaxcryobank.com\/de\/schwangerschaftsversprechen#primaryimage\"},\"thumbnailUrl\":\"https:\/\/fairfaxcryobank.com\/wp-content\/uploads\/storyblocks-close-up-of-pregnant-woman-holds-ultrasound-photos-at-her-stomach_SHlgM8ktN.jpg\",\"datePublished\":\"2019-12-18T15:22:30+00:00\",\"dateModified\":\"2021-07-29T14:14:00+00:00\",\"description\":\"Mit unserem Schwangerschaftsversprechen der Fairfax Cryobank. Kostenlose Ampulle Spendersperma wenn Sie nach 4 Versuchen nicht schwanger sind. Fairfax Cryobank.\",\"breadcrumb\":{\"@id\":\"https:\/\/fairfaxcryobank.com\/de\/schwangerschaftsversprechen#breadcrumb\"},\"inLanguage\":\"de\",\"potentialAction\":[{\"@type\":\"ReadAction\",\"target\":[\"https:\/\/fairfaxcryobank.com\/de\/schwangerschaftsversprechen\"]}]},{\"@type\":\"ImageObject\",\"inLanguage\":\"de\",\"@id\":\"https:\/\/fairfaxcryobank.com\/de\/schwangerschaftsversprechen#primaryimage\",\"url\":\"https:\/\/fairfaxcryobank.com\/wp-content\/uploads\/storyblocks-close-up-of-pregnant-woman-holds-ultrasound-photos-at-her-stomach_SHlgM8ktN.jpg\",\"contentUrl\":\"https:\/\/fairfaxcryobank.com\/wp-content\/uploads\/storyblocks-close-up-of-pregnant-woman-holds-ultrasound-photos-at-her-stomach_SHlgM8ktN.jpg\",\"width\":3500,\"height\":2333,\"caption\":\"Schwangerschaftsversprechen\"},{\"@type\":\"BreadcrumbList\",\"@id\":\"https:\/\/fairfaxcryobank.com\/de\/schwangerschaftsversprechen#breadcrumb\",\"itemListElement\":[{\"@type\":\"ListItem\",\"position\":1,\"name\":\"Home\",\"item\":\"https:\/\/fairfaxcryobank.com\/de\"},{\"@type\":\"ListItem\",\"position\":2,\"name\":\"Schwangerschaftsversprechen\"}]},{\"@type\":\"WebSite\",\"@id\":\"https:\/\/fairfaxcryobank.com\/de#website\",\"url\":\"https:\/\/fairfaxcryobank.com\/de\",\"name\":\"Fairfax Cryobank - Find a Sperm Donor\",\"description\":\"Top-Tier Sperm Bank\",\"publisher\":{\"@id\":\"https:\/\/fairfaxcryobank.com\/de#organization\"},\"potentialAction\":[{\"@type\":\"SearchAction\",\"target\":{\"@type\":\"EntryPoint\",\"urlTemplate\":\"https:\/\/fairfaxcryobank.com\/de?s={search_term_string}\"},\"query-input\":{\"@type\":\"PropertyValueSpecification\",\"valueRequired\":true,\"valueName\":\"search_term_string\"}}],\"inLanguage\":\"de\"},{\"@type\":\"Organization\",\"@id\":\"https:\/\/fairfaxcryobank.com\/de#organization\",\"name\":\"Fairfax Cryobank\",\"url\":\"https:\/\/fairfaxcryobank.com\/de\",\"logo\":{\"@type\":\"ImageObject\",\"inLanguage\":\"de\",\"@id\":\"https:\/\/fairfaxcryobank.com\/de#\/schema\/logo\/image\/\",\"url\":\"https:\/\/fairfaxcryobank.com\/wp-content\/uploads\/logo.webp\",\"contentUrl\":\"https:\/\/fairfaxcryobank.com\/wp-content\/uploads\/logo.webp\",\"width\":1,\"height\":1,\"caption\":\"Fairfax Cryobank\"},\"image\":{\"@id\":\"https:\/\/fairfaxcryobank.com\/de#\/schema\/logo\/image\/\"},\"sameAs\":[\"https:\/\/www.facebook.com\/fairfax.cryobank\",\"https:\/\/x.com\/FairfaxCryobank\",\"https:\/\/www.instagram.com\/fairfaxcryobank\/\",\"https:\/\/www.pinterest.com\/fairfaxcryo\/\"]}]}<\/script>\n<!-- \/ Yoast SEO plugin. -->","yoast_head_json":{"title":"Unser Schwangerschaftsversprechen | Fairfax Cryobank","description":"Mit unserem Schwangerschaftsversprechen der Fairfax Cryobank. Kostenlose Ampulle Spendersperma wenn Sie nach 4 Versuchen nicht schwanger sind. Fairfax Cryobank.","robots":{"index":"index","follow":"follow","max-snippet":"max-snippet:-1","max-image-preview":"max-image-preview:large","max-video-preview":"max-video-preview:-1"},"canonical":"https:\/\/fairfaxcryobank.com\/de\/schwangerschaftsversprechen","og_locale":"de_DE","og_type":"article","og_title":"Unser Schwangerschaftsversprechen | Fairfax Cryobank","og_description":"Mit unserem Schwangerschaftsversprechen der Fairfax Cryobank. Kostenlose Ampulle Spendersperma wenn Sie nach 4 Versuchen nicht schwanger sind. Fairfax Cryobank.","og_url":"https:\/\/fairfaxcryobank.com\/de\/schwangerschaftsversprechen","og_site_name":"Fairfax Cryobank - Find a Sperm Donor","article_publisher":"https:\/\/www.facebook.com\/fairfax.cryobank","article_modified_time":"2021-07-29T14:14:00+00:00","og_image":[{"width":1024,"height":683,"url":"https:\/\/fairfaxcryobank.com\/wp-content\/uploads\/storyblocks-close-up-of-pregnant-woman-holds-ultrasound-photos-at-her-stomach_SHlgM8ktN-1024x683.jpg","type":"image\/jpeg"}],"twitter_card":"summary_large_image","twitter_site":"@FairfaxCryobank","twitter_misc":{"Gesch\u00e4tzte Lesezeit":"3\u00a0Minuten"},"schema":{"@context":"https:\/\/schema.org","@graph":[{"@type":"WebPage","@id":"https:\/\/fairfaxcryobank.com\/de\/schwangerschaftsversprechen","url":"https:\/\/fairfaxcryobank.com\/de\/schwangerschaftsversprechen","name":"Unser Schwangerschaftsversprechen | Fairfax Cryobank","isPartOf":{"@id":"https:\/\/fairfaxcryobank.com\/de#website"},"primaryImageOfPage":{"@id":"https:\/\/fairfaxcryobank.com\/de\/schwangerschaftsversprechen#primaryimage"},"image":{"@id":"https:\/\/fairfaxcryobank.com\/de\/schwangerschaftsversprechen#primaryimage"},"thumbnailUrl":"https:\/\/fairfaxcryobank.com\/wp-content\/uploads\/storyblocks-close-up-of-pregnant-woman-holds-ultrasound-photos-at-her-stomach_SHlgM8ktN.jpg","datePublished":"2019-12-18T15:22:30+00:00","dateModified":"2021-07-29T14:14:00+00:00","description":"Mit unserem Schwangerschaftsversprechen der Fairfax Cryobank. Kostenlose Ampulle Spendersperma wenn Sie nach 4 Versuchen nicht schwanger sind. Fairfax Cryobank.","breadcrumb":{"@id":"https:\/\/fairfaxcryobank.com\/de\/schwangerschaftsversprechen#breadcrumb"},"inLanguage":"de","potentialAction":[{"@type":"ReadAction","target":["https:\/\/fairfaxcryobank.com\/de\/schwangerschaftsversprechen"]}]},{"@type":"ImageObject","inLanguage":"de","@id":"https:\/\/fairfaxcryobank.com\/de\/schwangerschaftsversprechen#primaryimage","url":"https:\/\/fairfaxcryobank.com\/wp-content\/uploads\/storyblocks-close-up-of-pregnant-woman-holds-ultrasound-photos-at-her-stomach_SHlgM8ktN.jpg","contentUrl":"https:\/\/fairfaxcryobank.com\/wp-content\/uploads\/storyblocks-close-up-of-pregnant-woman-holds-ultrasound-photos-at-her-stomach_SHlgM8ktN.jpg","width":3500,"height":2333,"caption":"Schwangerschaftsversprechen"},{"@type":"BreadcrumbList","@id":"https:\/\/fairfaxcryobank.com\/de\/schwangerschaftsversprechen#breadcrumb","itemListElement":[{"@type":"ListItem","position":1,"name":"Home","item":"https:\/\/fairfaxcryobank.com\/de"},{"@type":"ListItem","position":2,"name":"Schwangerschaftsversprechen"}]},{"@type":"WebSite","@id":"https:\/\/fairfaxcryobank.com\/de#website","url":"https:\/\/fairfaxcryobank.com\/de","name":"Fairfax Cryobank - Find a Sperm Donor","description":"Top-Tier Sperm Bank","publisher":{"@id":"https:\/\/fairfaxcryobank.com\/de#organization"},"potentialAction":[{"@type":"SearchAction","target":{"@type":"EntryPoint","urlTemplate":"https:\/\/fairfaxcryobank.com\/de?s={search_term_string}"},"query-input":{"@type":"PropertyValueSpecification","valueRequired":true,"valueName":"search_term_string"}}],"inLanguage":"de"},{"@type":"Organization","@id":"https:\/\/fairfaxcryobank.com\/de#organization","name":"Fairfax Cryobank","url":"https:\/\/fairfaxcryobank.com\/de","logo":{"@type":"ImageObject","inLanguage":"de","@id":"https:\/\/fairfaxcryobank.com\/de#\/schema\/logo\/image\/","url":"https:\/\/fairfaxcryobank.com\/wp-content\/uploads\/logo.webp","contentUrl":"https:\/\/fairfaxcryobank.com\/wp-content\/uploads\/logo.webp","width":1,"height":1,"caption":"Fairfax Cryobank"},"image":{"@id":"https:\/\/fairfaxcryobank.com\/de#\/schema\/logo\/image\/"},"sameAs":["https:\/\/www.facebook.com\/fairfax.cryobank","https:\/\/x.com\/FairfaxCryobank","https:\/\/www.instagram.com\/fairfaxcryobank\/","https:\/\/www.pinterest.com\/fairfaxcryo\/"]}]}},"post_mailing_queue_ids":[],"_links":{"self":[{"href":"https:\/\/fairfaxcryobank.com\/de\/wp-json\/wp\/v2\/pages\/4879","targetHints":{"allow":["GET"]}}],"collection":[{"href":"https:\/\/fairfaxcryobank.com\/de\/wp-json\/wp\/v2\/pages"}],"about":[{"href":"https:\/\/fairfaxcryobank.com\/de\/wp-json\/wp\/v2\/types\/page"}],"author":[{"embeddable":true,"href":"https:\/\/fairfaxcryobank.com\/de\/wp-json\/wp\/v2\/users\/1"}],"replies":[{"embeddable":true,"href":"https:\/\/fairfaxcryobank.com\/de\/wp-json\/wp\/v2\/comments?post=4879"}],"version-history":[{"count":1,"href":"https:\/\/fairfaxcryobank.com\/de\/wp-json\/wp\/v2\/pages\/4879\/revisions"}],"predecessor-version":[{"id":17879,"href":"https:\/\/fairfaxcryobank.com\/de\/wp-json\/wp\/v2\/pages\/4879\/revisions\/17879"}],"wp:featuredmedia":[{"embeddable":true,"href":"https:\/\/fairfaxcryobank.com\/de\/wp-json\/wp\/v2\/media\/5637"}],"wp:attachment":[{"href":"https:\/\/fairfaxcryobank.com\/de\/wp-json\/wp\/v2\/media?parent=4879"}],"curies":[{"name":"wp","href":"https:\/\/api.w.org\/{rel}","templated":true}]}}