{"id":4881,"date":"2019-12-18T15:22:54","date_gmt":"2019-12-18T15:22:54","guid":{"rendered":"https:\/\/fairfaxcryobank.com\/?page_id=4881"},"modified":"2021-12-20T12:17:47","modified_gmt":"2021-12-20T17:17:47","slug":"aktuell","status":"publish","type":"page","link":"https:\/\/fairfaxcryobank.com\/de\/aktuell","title":{"rendered":"Aktuell"},"content":{"rendered":"\n<h2 class=\"wp-block-heading\"><strong>Was gibt\u2019s Neues bei der Fairfax Cryobank?<\/strong><\/h2>\n\n\n\n<h3 class=\"wp-block-heading\"><strong>Folgen Sie Fairfax Cryobank auf Social Media<\/strong><\/h3>\n\n\n\n<p>Nachfolgend finden Sie Aktuelles der Fairfax Cryobank: Hier k\u00fcndigen wir neue Samenspender an, empfehlen Ihnen Spermaspender, Sonderangebote sowie Rabatte der Fairfax Cryobank, Events und Veranstaltungen, und mehr! Besuchen Sie auch unsere Social Media Seiten und bleiben Sie immer auf dem Laufenden.<\/p>\n\n\n\n<div class=\"wp-block-columns is-layout-flex wp-container-core-columns-is-layout-9d6595d7 wp-block-columns-is-layout-flex\">\n<div class=\"wp-block-column is-vertically-aligned-top is-layout-flow wp-block-column-is-layout-flow\">\n<div class=\"wp-block-image\"><figure class=\"aligncenter\"><a href=\"https:\/\/www.facebook.com\/fairfax.cryobank\" target=\"_blank\" rel=\"noreferrer noopener\"><img decoding=\"async\" src=\"https:\/\/fairfaxcryobank.com\/wp-content\/themes\/fairfaxcryobank\/images\/ico_fb.gif\" alt=\"Facebook\"\/><\/a><\/figure><\/div>\n<\/div>\n\n\n\n<div class=\"wp-block-column is-layout-flow wp-block-column-is-layout-flow\">\n<div class=\"wp-block-image\"><figure class=\"aligncenter\"><a href=\"https:\/\/twitter.com\/FairfaxCryobank\" target=\"_blank\" rel=\"noreferrer noopener\"><img decoding=\"async\" src=\"https:\/\/fairfaxcryobank.com\/wp-content\/themes\/fairfaxcryobank\/images\/ico_twitter.gif\" alt=\"Twitter\"\/><\/a><\/figure><\/div>\n<\/div>\n\n\n\n<div class=\"wp-block-column is-layout-flow wp-block-column-is-layout-flow\">\n<div class=\"wp-block-image\"><figure class=\"aligncenter\"><a href=\"https:\/\/www.instagram.com\/fairfaxcryobank\" target=\"_blank\" rel=\"noreferrer noopener\"><img decoding=\"async\" src=\"https:\/\/fairfaxcryobank.com\/wp-content\/themes\/fairfaxcryobank\/images\/ico_insta.png\" alt=\"Instagram\"\/><\/a><\/figure><\/div>\n<\/div>\n<\/div>\n\n\n\n<h3 class=\"wp-block-heading\">Abonnieren Sie unseren monatlichen Newsletter<\/h3>\n\n\n\n<!--[if lte IE 8]>\n<script charset=\"utf-8\" type=\"text\/javascript\" src=\"\/\/js.hsforms.net\/forms\/v2-legacy.js\"><\/script>\n<![endif]-->\n<script charset=\"utf-8\" type=\"text\/javascript\" src=\"\/\/js.hsforms.net\/forms\/v2.js\"><\/script>\n<script>\n  hbspt.forms.create({\n\tportalId: \"245497\",\n\tformId: \"0dbc2a48-ab67-4aff-a3a3-db9da6a96e4c\"\n});\n<\/script>\n\n\n\n<hr class=\"wp-block-separator\"\/>\n\n\n\n<h2 class=\"wp-block-heading\"><strong>Die beste Wahl f\u00fcr Spendersperma: Fairfax Cryobank &#8211; Preise und Angebote<\/strong><\/h2>\n\n\n\n<h3 class=\"wp-block-heading\"><strong>Sie sind noch auf der Suche nach dem perfekten Samenspender? Entscheiden Sie sich f\u00fcr unseren Unlimited Access Plan!<\/strong><\/h3>\n\n\n\n<p>Unser Unlimited Access Plan bietet ein ausgezeichnetes Preis-Leistungs-Verh\u00e4ltnis. Mit unserem Unlimited Access Plan haben unsere Kunden und Patienten die M\u00f6glichkeit, alle Informationsprodukte unserer Samenspender sowie Fotos, Pers\u00f6nlichkeitstypen, Audio-Interviews und mehr anzuzeigen. Unser Unlimited Access Paket bietet uneingeschr\u00e4nkten Zugriff auf die Ansicht und Download aller Spender-Produkte, und das f\u00fcr 90 Tage.<\/p>\n\n\n\n<p>Auf diese Weise haben Sie Zugriff auf die wichtigsten Informationen f\u00fcr Ihre bevorzugten Samenspender und k\u00f6nnen somit die beste Entscheidung f\u00fcr Ihre Familie treffen.<\/p>\n\n\n\n<p><strong>Unlimited Access Paket<\/strong><\/p>\n\n\n\n<p>Einmal zahlen, 3 Monate lang Zugriff:<br>Mit dem Unlimited Access Paket der Fairfax Cryobank werden Sie in der Lage sein, Informationen aller Samenspender anzuzeigen. Finden Sie Ihren perfekten Samenspender &#8211; einmal zahlen und 3 Monate lang uneingeschr\u00e4nkten Zugriff &#8211; Ihr perfekter Samenspender wartet auf Sie!<\/p>\n\n\n\n<p><strong>Donor Unlimited Access &#8211; Basic &amp; Full<\/strong><\/p>\n\n\n\n<ul class=\"wp-block-list\"><li>Basic Access: Alle pers\u00f6nlichen Profile, Silhouetten und Audiointerviews f\u00fcr nur 129,95 USD<\/li><li>Full Access: Alle Vorteile vom Basic Access-Packet, sowie Fotos aus dem Leben (Erwachsenen-Bilder), wenn verf\u00fcgbar, und Pers\u00f6nlichkeitstyp f\u00fcr 199,95 USD<\/li><li>Club Fairfax: Kombiniert Full Access plus 1 Woche lang exklusiven Zugang f\u00fcr neue Spender, 2 Mal kostenlose Versandkosten * und beim Kauf von 5 Ampullen bekommen Sie die 6. kostenlos \u2013 F\u00fcr 399,95 USD. Bestes Preis-Leistungs-Verh\u00e4ltnis!<\/li><\/ul>\n\n\n\n<p>Machen Sie von diesem Angebot noch heute Gebrauch und finden Sie Ihren idealen Samenspender!<\/p>\n\n\n\n<div class=\"wp-block-button aligncenter\"><a class=\"wp-block-button__link has-text-color has-background\" href=\"https:\/\/fairfaxcryobank.com\/de\/pakete-fuer-die-spendersuche\" style=\"background-color:#ea6950;color:#ffffff\">Jetzt anmelden<\/a><\/div>\n\n\n\n<p class=\"has-text-align-center\">oder rufen Sie unseren Kundendienst an: 0800 333 4211<\/p>\n\n\n\n<p><em>*Mengenrabatt bei der Bestellung von Spendersperma. Kunden au\u00dferhalb erhalten den Gegenwert eines US-Rabattes<\/em><\/p>\n\n\n\n<hr class=\"wp-block-separator\"\/>\n\n\n\n<h3 class=\"wp-block-heading\"><strong>Bulk Sperm Order Discount<\/strong><\/h3>\n\n\n\n<p><strong>G\u00fcnstigere Aufbewahrung beim Kauf mehrerer Ampullen<\/strong><\/p>\n\n\n\n<ul class=\"wp-block-list\"><li>6 Ampullen kaufen und diese 1 Jahr lang kostenlos aufbewahren (395 USD Ersparnis)<\/li><li>8 Ampullen oder mehr kaufen, und diese 2 Jahre lang kostenlos aufbewahren (Wert von 670 USD)<\/li><\/ul>\n\n\n\n<p>Rufen Sie unser freundliches Kundenservice-Team der Fairfax Cryobank an, um noch heute Ihre Bestellung aufzugeben.<\/p>\n\n\n\n<p><br>*Dieses Angebot gilt nur f\u00fcr Neuk\u00e4ufe von Ampullen. Die Bestellung muss telefonisch erfolgen, um den Rabatt zu erhalten.<\/p>\n\n\n\n<hr class=\"wp-block-separator\"\/>\n\n\n\n<h4 class=\"wp-block-heading\"><strong>European Fertility Society<\/strong><\/h4>\n\n\n\n<p>Wir freuen uns, unsere Partnerschaft mit der European Fertility Society bekannt zu geben. Sie leistet gro\u00dfartige Arbeit bei der Aufkl\u00e4rung und Unterst\u00fctzung im Bereich Fertilit\u00e4t, und wir wussten einfach, dass wir dabei sein mussten.<\/p>\n\n\n\n<p>Fairfax Cryobank ist st\u00e4ndig auf der Suche nach neuen Wegen, um den Weg der Fruchtbarkeit positiv zu beeinflussen und die Verwirklichung von Familientr\u00e4umen zu unterst\u00fctzen.<\/p>\n\n\n\n<p>Halten Sie Ausschau nach k\u00fcnftigen Veranstaltungen.\u00a0<\/p>\n\n\n\n<figure class=\"wp-block-image size-large\"><img loading=\"lazy\" decoding=\"async\" width=\"1024\" height=\"577\" src=\"https:\/\/fairfaxcryobank.com\/wp-content\/uploads\/\/FCB-EFS-announcement-Facebook-Cover-1-1024x577.png\" alt=\"\" class=\"wp-image-19304\" srcset=\"https:\/\/fairfaxcryobank.com\/wp-content\/uploads\/FCB-EFS-announcement-Facebook-Cover-1-1024x577.png 1024w, https:\/\/fairfaxcryobank.com\/wp-content\/uploads\/FCB-EFS-announcement-Facebook-Cover-1-300x169.png 300w, https:\/\/fairfaxcryobank.com\/wp-content\/uploads\/FCB-EFS-announcement-Facebook-Cover-1-768x433.png 768w, https:\/\/fairfaxcryobank.com\/wp-content\/uploads\/FCB-EFS-announcement-Facebook-Cover-1-1536x865.png 1536w, https:\/\/fairfaxcryobank.com\/wp-content\/uploads\/FCB-EFS-announcement-Facebook-Cover-1.png 1640w\" sizes=\"auto, (max-width: 1024px) 100vw, 1024px\" \/><\/figure>\n\n\n\n<p>#TogetherWeMakeAFamily #GemeinsamMachenWirEineFamilie #GemeinsamFamilieMachen<\/p>\n","protected":false},"excerpt":{"rendered":"<p>Was gibt\u2019s Neues bei der Fairfax Cryobank? Folgen Sie Fairfax Cryobank auf Social Media Nachfolgend finden Sie Aktuelles der Fairfax Cryobank: Hier k\u00fcndigen wir neue Samenspender an, empfehlen Ihnen Spermaspender, Sonderangebote sowie Rabatte der Fairfax Cryobank, Events und Veranstaltungen, und mehr! Besuchen Sie auch unsere Social Media Seiten und bleiben &#8230;<\/p>\n","protected":false},"author":1,"featured_media":13014,"parent":0,"menu_order":0,"comment_status":"closed","ping_status":"closed","template":"","meta":{"footnotes":""},"class_list":["post-4881","page","type-page","status-publish","has-post-thumbnail","hentry"],"yoast_head":"<!-- This site is optimized with the Yoast SEO plugin v27.1.1 - https:\/\/yoast.com\/product\/yoast-seo-wordpress\/ -->\n<title>Aktuelles, Newsletter, Preise, Angebote | Fairfax Cryobank<\/title>\n<meta name=\"description\" content=\"Erfahren Sie Neues und Aktuelles bei der Fairfax Cryobank! Neue Samenspender, Aktuelle Nachrichten, Preise und Angebote, Veranstaltungen und Social Media.\" \/>\n<meta name=\"robots\" content=\"index, follow, max-snippet:-1, max-image-preview:large, max-video-preview:-1\" \/>\n<link rel=\"canonical\" href=\"https:\/\/fairfaxcryobank.com\/de\/aktuell\" \/>\n<meta property=\"og:locale\" content=\"de_DE\" \/>\n<meta property=\"og:type\" content=\"article\" \/>\n<meta property=\"og:title\" content=\"Aktuelles, Newsletter, Preise, Angebote | Fairfax Cryobank\" \/>\n<meta property=\"og:description\" content=\"Erfahren Sie Neues und Aktuelles bei der Fairfax Cryobank! Neue Samenspender, Aktuelle Nachrichten, Preise und Angebote, Veranstaltungen und Social Media.\" \/>\n<meta property=\"og:url\" content=\"https:\/\/fairfaxcryobank.com\/de\/aktuell\" \/>\n<meta property=\"og:site_name\" content=\"Fairfax Cryobank - Find a Sperm Donor\" \/>\n<meta property=\"article:publisher\" content=\"https:\/\/www.facebook.com\/fairfax.cryobank\" \/>\n<meta property=\"article:modified_time\" content=\"2021-12-20T17:17:47+00:00\" \/>\n<meta property=\"og:image\" content=\"https:\/\/fairfaxcryobank.com\/wp-content\/uploads\/6067baby-1.jpg\" \/>\n\t<meta property=\"og:image:width\" content=\"700\" \/>\n\t<meta property=\"og:image:height\" content=\"795\" \/>\n\t<meta property=\"og:image:type\" content=\"image\/jpeg\" \/>\n<meta name=\"twitter:card\" content=\"summary_large_image\" \/>\n<meta name=\"twitter:site\" content=\"@FairfaxCryobank\" \/>\n<meta name=\"twitter:label1\" content=\"Gesch\u00e4tzte Lesezeit\" \/>\n\t<meta name=\"twitter:data1\" content=\"2\u00a0Minuten\" \/>\n<script type=\"application\/ld+json\" class=\"yoast-schema-graph\">{\"@context\":\"https:\/\/schema.org\",\"@graph\":[{\"@type\":\"WebPage\",\"@id\":\"https:\/\/fairfaxcryobank.com\/de\/aktuell\",\"url\":\"https:\/\/fairfaxcryobank.com\/de\/aktuell\",\"name\":\"Aktuelles, Newsletter, Preise, Angebote | Fairfax Cryobank\",\"isPartOf\":{\"@id\":\"https:\/\/fairfaxcryobank.com\/de#website\"},\"primaryImageOfPage\":{\"@id\":\"https:\/\/fairfaxcryobank.com\/de\/aktuell#primaryimage\"},\"image\":{\"@id\":\"https:\/\/fairfaxcryobank.com\/de\/aktuell#primaryimage\"},\"thumbnailUrl\":\"https:\/\/fairfaxcryobank.com\/wp-content\/uploads\/6067baby-1.jpg\",\"datePublished\":\"2019-12-18T15:22:54+00:00\",\"dateModified\":\"2021-12-20T17:17:47+00:00\",\"description\":\"Erfahren Sie Neues und Aktuelles bei der Fairfax Cryobank! Neue Samenspender, Aktuelle Nachrichten, Preise und Angebote, Veranstaltungen und Social Media.\",\"breadcrumb\":{\"@id\":\"https:\/\/fairfaxcryobank.com\/de\/aktuell#breadcrumb\"},\"inLanguage\":\"de\",\"potentialAction\":[{\"@type\":\"ReadAction\",\"target\":[\"https:\/\/fairfaxcryobank.com\/de\/aktuell\"]}]},{\"@type\":\"ImageObject\",\"inLanguage\":\"de\",\"@id\":\"https:\/\/fairfaxcryobank.com\/de\/aktuell#primaryimage\",\"url\":\"https:\/\/fairfaxcryobank.com\/wp-content\/uploads\/6067baby-1.jpg\",\"contentUrl\":\"https:\/\/fairfaxcryobank.com\/wp-content\/uploads\/6067baby-1.jpg\",\"width\":700,\"height\":795,\"caption\":\"Fairfax Cryobank Samenbank\"},{\"@type\":\"BreadcrumbList\",\"@id\":\"https:\/\/fairfaxcryobank.com\/de\/aktuell#breadcrumb\",\"itemListElement\":[{\"@type\":\"ListItem\",\"position\":1,\"name\":\"Home\",\"item\":\"https:\/\/fairfaxcryobank.com\/de\"},{\"@type\":\"ListItem\",\"position\":2,\"name\":\"Aktuell\"}]},{\"@type\":\"WebSite\",\"@id\":\"https:\/\/fairfaxcryobank.com\/de#website\",\"url\":\"https:\/\/fairfaxcryobank.com\/de\",\"name\":\"Fairfax Cryobank - Find a Sperm Donor\",\"description\":\"Top-Tier Sperm Bank\",\"publisher\":{\"@id\":\"https:\/\/fairfaxcryobank.com\/de#organization\"},\"potentialAction\":[{\"@type\":\"SearchAction\",\"target\":{\"@type\":\"EntryPoint\",\"urlTemplate\":\"https:\/\/fairfaxcryobank.com\/de?s={search_term_string}\"},\"query-input\":{\"@type\":\"PropertyValueSpecification\",\"valueRequired\":true,\"valueName\":\"search_term_string\"}}],\"inLanguage\":\"de\"},{\"@type\":\"Organization\",\"@id\":\"https:\/\/fairfaxcryobank.com\/de#organization\",\"name\":\"Fairfax Cryobank\",\"url\":\"https:\/\/fairfaxcryobank.com\/de\",\"logo\":{\"@type\":\"ImageObject\",\"inLanguage\":\"de\",\"@id\":\"https:\/\/fairfaxcryobank.com\/de#\/schema\/logo\/image\/\",\"url\":\"https:\/\/fairfaxcryobank.com\/wp-content\/uploads\/logo.webp\",\"contentUrl\":\"https:\/\/fairfaxcryobank.com\/wp-content\/uploads\/logo.webp\",\"width\":1,\"height\":1,\"caption\":\"Fairfax Cryobank\"},\"image\":{\"@id\":\"https:\/\/fairfaxcryobank.com\/de#\/schema\/logo\/image\/\"},\"sameAs\":[\"https:\/\/www.facebook.com\/fairfax.cryobank\",\"https:\/\/x.com\/FairfaxCryobank\",\"https:\/\/www.instagram.com\/fairfaxcryobank\/\",\"https:\/\/www.pinterest.com\/fairfaxcryo\/\"]}]}<\/script>\n<!-- \/ Yoast SEO plugin. -->","yoast_head_json":{"title":"Aktuelles, Newsletter, Preise, Angebote | Fairfax Cryobank","description":"Erfahren Sie Neues und Aktuelles bei der Fairfax Cryobank! Neue Samenspender, Aktuelle Nachrichten, Preise und Angebote, Veranstaltungen und Social Media.","robots":{"index":"index","follow":"follow","max-snippet":"max-snippet:-1","max-image-preview":"max-image-preview:large","max-video-preview":"max-video-preview:-1"},"canonical":"https:\/\/fairfaxcryobank.com\/de\/aktuell","og_locale":"de_DE","og_type":"article","og_title":"Aktuelles, Newsletter, Preise, Angebote | Fairfax Cryobank","og_description":"Erfahren Sie Neues und Aktuelles bei der Fairfax Cryobank! Neue Samenspender, Aktuelle Nachrichten, Preise und Angebote, Veranstaltungen und Social Media.","og_url":"https:\/\/fairfaxcryobank.com\/de\/aktuell","og_site_name":"Fairfax Cryobank - Find a Sperm Donor","article_publisher":"https:\/\/www.facebook.com\/fairfax.cryobank","article_modified_time":"2021-12-20T17:17:47+00:00","og_image":[{"width":700,"height":795,"url":"https:\/\/fairfaxcryobank.com\/wp-content\/uploads\/6067baby-1.jpg","type":"image\/jpeg"}],"twitter_card":"summary_large_image","twitter_site":"@FairfaxCryobank","twitter_misc":{"Gesch\u00e4tzte Lesezeit":"2\u00a0Minuten"},"schema":{"@context":"https:\/\/schema.org","@graph":[{"@type":"WebPage","@id":"https:\/\/fairfaxcryobank.com\/de\/aktuell","url":"https:\/\/fairfaxcryobank.com\/de\/aktuell","name":"Aktuelles, Newsletter, Preise, Angebote | Fairfax Cryobank","isPartOf":{"@id":"https:\/\/fairfaxcryobank.com\/de#website"},"primaryImageOfPage":{"@id":"https:\/\/fairfaxcryobank.com\/de\/aktuell#primaryimage"},"image":{"@id":"https:\/\/fairfaxcryobank.com\/de\/aktuell#primaryimage"},"thumbnailUrl":"https:\/\/fairfaxcryobank.com\/wp-content\/uploads\/6067baby-1.jpg","datePublished":"2019-12-18T15:22:54+00:00","dateModified":"2021-12-20T17:17:47+00:00","description":"Erfahren Sie Neues und Aktuelles bei der Fairfax Cryobank! Neue Samenspender, Aktuelle Nachrichten, Preise und Angebote, Veranstaltungen und Social Media.","breadcrumb":{"@id":"https:\/\/fairfaxcryobank.com\/de\/aktuell#breadcrumb"},"inLanguage":"de","potentialAction":[{"@type":"ReadAction","target":["https:\/\/fairfaxcryobank.com\/de\/aktuell"]}]},{"@type":"ImageObject","inLanguage":"de","@id":"https:\/\/fairfaxcryobank.com\/de\/aktuell#primaryimage","url":"https:\/\/fairfaxcryobank.com\/wp-content\/uploads\/6067baby-1.jpg","contentUrl":"https:\/\/fairfaxcryobank.com\/wp-content\/uploads\/6067baby-1.jpg","width":700,"height":795,"caption":"Fairfax Cryobank Samenbank"},{"@type":"BreadcrumbList","@id":"https:\/\/fairfaxcryobank.com\/de\/aktuell#breadcrumb","itemListElement":[{"@type":"ListItem","position":1,"name":"Home","item":"https:\/\/fairfaxcryobank.com\/de"},{"@type":"ListItem","position":2,"name":"Aktuell"}]},{"@type":"WebSite","@id":"https:\/\/fairfaxcryobank.com\/de#website","url":"https:\/\/fairfaxcryobank.com\/de","name":"Fairfax Cryobank - Find a Sperm Donor","description":"Top-Tier Sperm Bank","publisher":{"@id":"https:\/\/fairfaxcryobank.com\/de#organization"},"potentialAction":[{"@type":"SearchAction","target":{"@type":"EntryPoint","urlTemplate":"https:\/\/fairfaxcryobank.com\/de?s={search_term_string}"},"query-input":{"@type":"PropertyValueSpecification","valueRequired":true,"valueName":"search_term_string"}}],"inLanguage":"de"},{"@type":"Organization","@id":"https:\/\/fairfaxcryobank.com\/de#organization","name":"Fairfax Cryobank","url":"https:\/\/fairfaxcryobank.com\/de","logo":{"@type":"ImageObject","inLanguage":"de","@id":"https:\/\/fairfaxcryobank.com\/de#\/schema\/logo\/image\/","url":"https:\/\/fairfaxcryobank.com\/wp-content\/uploads\/logo.webp","contentUrl":"https:\/\/fairfaxcryobank.com\/wp-content\/uploads\/logo.webp","width":1,"height":1,"caption":"Fairfax Cryobank"},"image":{"@id":"https:\/\/fairfaxcryobank.com\/de#\/schema\/logo\/image\/"},"sameAs":["https:\/\/www.facebook.com\/fairfax.cryobank","https:\/\/x.com\/FairfaxCryobank","https:\/\/www.instagram.com\/fairfaxcryobank\/","https:\/\/www.pinterest.com\/fairfaxcryo\/"]}]}},"post_mailing_queue_ids":[],"_links":{"self":[{"href":"https:\/\/fairfaxcryobank.com\/de\/wp-json\/wp\/v2\/pages\/4881","targetHints":{"allow":["GET"]}}],"collection":[{"href":"https:\/\/fairfaxcryobank.com\/de\/wp-json\/wp\/v2\/pages"}],"about":[{"href":"https:\/\/fairfaxcryobank.com\/de\/wp-json\/wp\/v2\/types\/page"}],"author":[{"embeddable":true,"href":"https:\/\/fairfaxcryobank.com\/de\/wp-json\/wp\/v2\/users\/1"}],"replies":[{"embeddable":true,"href":"https:\/\/fairfaxcryobank.com\/de\/wp-json\/wp\/v2\/comments?post=4881"}],"version-history":[{"count":3,"href":"https:\/\/fairfaxcryobank.com\/de\/wp-json\/wp\/v2\/pages\/4881\/revisions"}],"predecessor-version":[{"id":19310,"href":"https:\/\/fairfaxcryobank.com\/de\/wp-json\/wp\/v2\/pages\/4881\/revisions\/19310"}],"wp:featuredmedia":[{"embeddable":true,"href":"https:\/\/fairfaxcryobank.com\/de\/wp-json\/wp\/v2\/media\/13014"}],"wp:attachment":[{"href":"https:\/\/fairfaxcryobank.com\/de\/wp-json\/wp\/v2\/media?parent=4881"}],"curies":[{"name":"wp","href":"https:\/\/api.w.org\/{rel}","templated":true}]}}