{"id":4909,"date":"2015-05-08T14:44:46","date_gmt":"2015-05-08T14:44:46","guid":{"rendered":"https:\/\/fairfaxcryobank.com\/?page_id=4909"},"modified":"2021-07-28T14:49:25","modified_gmt":"2021-07-28T18:49:25","slug":"faqs","status":"publish","type":"page","link":"https:\/\/fairfaxcryobank.com\/de\/faqs","title":{"rendered":"FAQs"},"content":{"rendered":"\n<h2 class=\"wp-block-heading\">H\u00e4ufig gestellte Fragen <\/h2>\n\n\n\n<p>Seit unserem Beginn im Jahr 1986 hat die Fairfax Cryobank jede Frage zu Spendersperma, Gentests, Bestellungen und Lagerung beantwortet \u2013 alles von \u201eWie w\u00e4hlt man eine Samenbank aus?\u201c bis hin zu \u201eWie viel Sperma braucht man, um schwanger zu werden?\u201c<br>Unser Team hat unten eine Liste der h\u00e4ufigsten Fragen zusammengestellt, damit Sie den Prozess bei Fairfax Cryobank besser verstehen.<\/p>\n\n\n\n<p>Haben Sie Fragen zu Spendersperma, z. B. welche Informationen sind \u00fcber Samenspender verf\u00fcgbar oder Sie fragen sich, welche Dienstleistungen bietet die Fairfax Cryobank an, um bei der Auswahl eines Spenders zu helfen?<\/p>\n\n\n\n<p>Sind Sie sich nicht sicher, wann Ihr Eingriff geplant ist, m\u00f6chten aber trotzdem schon Spendersamen bestellen? Wir beantworten Ihnen gerne alle Fragen rund um Versand und Bestellung, und wie Sie Spendersamen ganz leicht \u00fcber unsere Webseite online bestellen k\u00f6nnen.<\/p>\n\n\n\n<p>Wenn Sie Fragen im Hinblick auf Genetische Tests und Genkrankheiten haben, werden Sie hier f\u00fcndig. Wir haben nachfolgend h\u00e4ufig gestellte Fragen im Abschnitt Gentests und Genetische Probleme zusammengestellt.<\/p>\n\n\n\n<p>Sie finden keine Antwort auf Ihre Frage? Dann z\u00f6gern Sie bitte nicht, kontaktieren Sie unseren Kundenservice bei Fairfax Cryobank, telefonisch unter +1 800 333 4211 oder per E-Mail. Wir helfen Ihnen gerne weiter!<\/p>\n\n\n\n\t<div class=\"block-links\" >\n\t\t\t<a class=\"block-link\" id=\"bl-block_5d13c8df28e4e\" href=\"https:\/\/fairfaxcryobank.com\/de\/spendersperma\">\n\t\t\t<span class=\"-icon\" style=\"background-image:url(https:\/\/fairfaxcryobank.com\/wp-content\/uploads\/icon-sperm-donor.png);\"><\/span>\n\t\t\t<span class=\"-title\">Spendersperma<\/span>\n\t\t<\/a>\n\t\t\t<a class=\"block-link\" id=\"bl-block_5d13c8df28e4e\" href=\"https:\/\/fairfaxcryobank.com\/de\/warteliste\">\n\t\t\t<span class=\"-icon\" style=\"background-image:url(https:\/\/fairfaxcryobank.com\/wp-content\/uploads\/icon-waitlist.png);\"><\/span>\n\t\t\t<span class=\"-title\">Warteliste<\/span>\n\t\t<\/a>\n\t\t\t<a class=\"block-link\" id=\"bl-block_5d13c8df28e4e\" href=\"https:\/\/fairfaxcryobank.com\/de\/bestellung-und-versand\">\n\t\t\t<span class=\"-icon\" style=\"background-image:url(https:\/\/fairfaxcryobank.com\/wp-content\/uploads\/icon-ordering-and-shipping.png);\"><\/span>\n\t\t\t<span class=\"-title\">Bestellung und Versand<\/span>\n\t\t<\/a>\n\t\t\t<a class=\"block-link\" id=\"bl-block_5d13c8df28e4e\" href=\"https:\/\/fairfaxcryobank.com\/de\/online-bestellungen\">\n\t\t\t<span class=\"-icon\" style=\"background-image:url(https:\/\/fairfaxcryobank.com\/wp-content\/uploads\/icon-online-ordering.png);\"><\/span>\n\t\t\t<span class=\"-title\">Online-Bestellungen<\/span>\n\t\t<\/a>\n\t\t\t<a class=\"block-link\" id=\"bl-block_5d13c8df28e4e\" href=\"https:\/\/fairfaxcryobank.com\/de\/eigentumsubertragung-von-ampullen\">\n\t\t\t<span class=\"-icon\" style=\"background-image:url(https:\/\/fairfaxcryobank.com\/wp-content\/uploads\/icon-transfer-vial-ownership.png);\"><\/span>\n\t\t\t<span class=\"-title\">Eigentums\u00fcbertragung von Ampullen<\/span>\n\t\t<\/a>\n\t\t\t<a class=\"block-link\" id=\"bl-block_5d13c8df28e4e\" href=\"https:\/\/fairfaxcryobank.com\/de\/genetische-tests\">\n\t\t\t<span class=\"-icon\" style=\"background-image:url(https:\/\/fairfaxcryobank.com\/wp-content\/uploads\/icon-genetic-testing.png);\"><\/span>\n\t\t\t<span class=\"-title\">Genetische Tests<\/span>\n\t\t<\/a>\n\t\t\t<a class=\"block-link\" id=\"bl-block_5d13c8df28e4e\" href=\"https:\/\/fairfaxcryobank.com\/de\/genetische-probleme\">\n\t\t\t<span class=\"-icon\" style=\"background-image:url(https:\/\/fairfaxcryobank.com\/wp-content\/uploads\/icon-genetic-issues.png);\"><\/span>\n\t\t\t<span class=\"-title\">Genetische Probleme<\/span>\n\t\t<\/a>\n\t\t\t<a class=\"block-link\" id=\"bl-block_5d13c8df28e4e\" href=\"https:\/\/fairfaxcryobank.com\/de\/hpv-tests\">\n\t\t\t<span class=\"-icon\" style=\"background-image:url(https:\/\/fairfaxcryobank.com\/wp-content\/uploads\/icon-hpv-testing.png);\"><\/span>\n\t\t\t<span class=\"-title\">HPV Tests<\/span>\n\t\t<\/a>\n\t\t\t<a class=\"block-link\" id=\"bl-block_5d13c8df28e4e\" href=\"https:\/\/fairfaxcryobank.com\/de\/cmv-status\">\n\t\t\t<span class=\"-icon\" style=\"background-image:url(https:\/\/fairfaxcryobank.com\/wp-content\/uploads\/icon-cmv-status.png);\"><\/span>\n\t\t\t<span class=\"-title\">CMV Status<\/span>\n\t\t<\/a>\n\t\t\t<a class=\"block-link\" id=\"bl-block_5d13c8df28e4e\" href=\"https:\/\/fairfaxcryobank.com\/de\/medizinische-fachkraefte\">\n\t\t\t<span class=\"-icon\" style=\"background-image:url(https:\/\/fairfaxcryobank.com\/wp-content\/uploads\/icon-medica-professionals.png);\"><\/span>\n\t\t\t<span class=\"-title\">Medizinisches Fachpersonal<\/span>\n\t\t<\/a>\n\t\t<\/div>\n<script>\n<\/script>\n<style>\n.block-link {\n\tdisplay: block;\n\tposition: relative;\n\tmargin: 0 0 10px; padding: 39px 39px 39px 129px;\n\tcolor: #217392;\n\tfont-weight: 400; font-size: 22px; line-height: 1;\n\ttext-decoration: none;\n\tbackground: #f6f6f6;\n\tborder: 1px solid transparent;\n\ttransition: .3s\n}\n.block-link .-icon {\n\tposition: absolute;\n\ttop: 0; bottom: 0; left: 0;\n\twidth: 100px;\n\tbackground-position: center; background-repeat: no-repeat; background-color: #e6e6e6;\n}\n.block-link:after {\n\tdisplay: none;\n\tcontent: \"\";\n\tposition: absolute;\n\ttop: 50%; right: 18px;\n\twidth: 14px; height: 21px;\n\ttransform: translateY(-50%);\n\tbackground:url(https:\/\/fairfaxcryobank.com\/wp-content\/themes\/fairfaxcryobank\/images\/icon-bold-orange-arrow-right.png) no-repeat;\n}\n.block-link:hover {\n\tcolor: #676767;\n\ttext-decoration: none;\n\tbackground: #fff;\n\tborder: 1px solid #e1e1e1;\n\tbox-shadow:\n\t\tinset 0 1px #fff,\n\t\tinset 0 -1px #fff,\n\t\tinset 1px 0 #fff,\n\t\tinset -1px 0 #fff,\n\t\t0 0 20px rgba(0,0,0,0.1);\n\ttransform: scale(1.03,1.03);\n}\n.block-link:hover .-icon { top: 1px; bottom: 1px; left: 1px; background-color: #f5f6f6 }\n.block-link:hover:after { display: block }\n<\/style>\n\n\n<p>Noch Fragen? Rufen Sie unseren Kundenservice an: 0800 333 4211<\/p>\n","protected":false},"excerpt":{"rendered":"<p>H\u00e4ufig gestellte Fragen Seit unserem Beginn im Jahr 1986 hat die Fairfax Cryobank jede Frage zu Spendersperma, Gentests, Bestellungen und Lagerung beantwortet \u2013 alles von \u201eWie w\u00e4hlt man eine Samenbank aus?\u201c bis hin zu \u201eWie viel Sperma braucht man, um schwanger zu werden?\u201cUnser Team hat unten eine Liste der h\u00e4ufigsten &#8230;<\/p>\n","protected":false},"author":1,"featured_media":0,"parent":0,"menu_order":0,"comment_status":"closed","ping_status":"closed","template":"","meta":{"footnotes":""},"class_list":["post-4909","page","type-page","status-publish","hentry"],"yoast_head":"<!-- This site is optimized with the Yoast SEO plugin v27.1.1 - https:\/\/yoast.com\/product\/yoast-seo-wordpress\/ -->\n<title>Spendersperma h\u00e4ufig gestellte Fragen | Fairfax Cryobank<\/title>\n<meta name=\"description\" content=\"H\u00e4ufig gestellte Fragen rund um Spendersperma, Gentests, Bestellung und Lagerung. Wie w\u00e4hlt man die beste Samenbank? Bei Fairfax Cryobank die Antwort finden!\" \/>\n<meta name=\"robots\" content=\"index, follow, max-snippet:-1, max-image-preview:large, max-video-preview:-1\" \/>\n<link rel=\"canonical\" href=\"https:\/\/fairfaxcryobank.com\/de\/faqs\" \/>\n<meta property=\"og:locale\" content=\"de_DE\" \/>\n<meta property=\"og:type\" content=\"article\" \/>\n<meta property=\"og:title\" content=\"Spendersperma h\u00e4ufig gestellte Fragen | Fairfax Cryobank\" \/>\n<meta property=\"og:description\" content=\"H\u00e4ufig gestellte Fragen rund um Spendersperma, Gentests, Bestellung und Lagerung. Wie w\u00e4hlt man die beste Samenbank? Bei Fairfax Cryobank die Antwort finden!\" \/>\n<meta property=\"og:url\" content=\"https:\/\/fairfaxcryobank.com\/de\/faqs\" \/>\n<meta property=\"og:site_name\" content=\"Fairfax Cryobank - Find a Sperm Donor\" \/>\n<meta property=\"article:publisher\" content=\"https:\/\/www.facebook.com\/fairfax.cryobank\" \/>\n<meta property=\"article:modified_time\" content=\"2021-07-28T18:49:25+00:00\" \/>\n<meta name=\"twitter:card\" content=\"summary_large_image\" \/>\n<meta name=\"twitter:site\" content=\"@FairfaxCryobank\" \/>\n<meta name=\"twitter:label1\" content=\"Gesch\u00e4tzte Lesezeit\" \/>\n\t<meta name=\"twitter:data1\" content=\"1\u00a0Minute\" \/>\n<script type=\"application\/ld+json\" class=\"yoast-schema-graph\">{\"@context\":\"https:\/\/schema.org\",\"@graph\":[{\"@type\":\"WebPage\",\"@id\":\"https:\/\/fairfaxcryobank.com\/de\/faqs\",\"url\":\"https:\/\/fairfaxcryobank.com\/de\/faqs\",\"name\":\"Spendersperma h\u00e4ufig gestellte Fragen | Fairfax Cryobank\",\"isPartOf\":{\"@id\":\"https:\/\/fairfaxcryobank.com\/de#website\"},\"datePublished\":\"2015-05-08T14:44:46+00:00\",\"dateModified\":\"2021-07-28T18:49:25+00:00\",\"description\":\"H\u00e4ufig gestellte Fragen rund um Spendersperma, Gentests, Bestellung und Lagerung. Wie w\u00e4hlt man die beste Samenbank? Bei Fairfax Cryobank die Antwort finden!\",\"breadcrumb\":{\"@id\":\"https:\/\/fairfaxcryobank.com\/de\/faqs#breadcrumb\"},\"inLanguage\":\"de\",\"potentialAction\":[{\"@type\":\"ReadAction\",\"target\":[\"https:\/\/fairfaxcryobank.com\/de\/faqs\"]}]},{\"@type\":\"BreadcrumbList\",\"@id\":\"https:\/\/fairfaxcryobank.com\/de\/faqs#breadcrumb\",\"itemListElement\":[{\"@type\":\"ListItem\",\"position\":1,\"name\":\"Home\",\"item\":\"https:\/\/fairfaxcryobank.com\/de\"},{\"@type\":\"ListItem\",\"position\":2,\"name\":\"FAQs\"}]},{\"@type\":\"WebSite\",\"@id\":\"https:\/\/fairfaxcryobank.com\/de#website\",\"url\":\"https:\/\/fairfaxcryobank.com\/de\",\"name\":\"Fairfax Cryobank - Find a Sperm Donor\",\"description\":\"Top-Tier Sperm Bank\",\"publisher\":{\"@id\":\"https:\/\/fairfaxcryobank.com\/de#organization\"},\"potentialAction\":[{\"@type\":\"SearchAction\",\"target\":{\"@type\":\"EntryPoint\",\"urlTemplate\":\"https:\/\/fairfaxcryobank.com\/de?s={search_term_string}\"},\"query-input\":{\"@type\":\"PropertyValueSpecification\",\"valueRequired\":true,\"valueName\":\"search_term_string\"}}],\"inLanguage\":\"de\"},{\"@type\":\"Organization\",\"@id\":\"https:\/\/fairfaxcryobank.com\/de#organization\",\"name\":\"Fairfax Cryobank\",\"url\":\"https:\/\/fairfaxcryobank.com\/de\",\"logo\":{\"@type\":\"ImageObject\",\"inLanguage\":\"de\",\"@id\":\"https:\/\/fairfaxcryobank.com\/de#\/schema\/logo\/image\/\",\"url\":\"https:\/\/fairfaxcryobank.com\/wp-content\/uploads\/logo.webp\",\"contentUrl\":\"https:\/\/fairfaxcryobank.com\/wp-content\/uploads\/logo.webp\",\"width\":1,\"height\":1,\"caption\":\"Fairfax Cryobank\"},\"image\":{\"@id\":\"https:\/\/fairfaxcryobank.com\/de#\/schema\/logo\/image\/\"},\"sameAs\":[\"https:\/\/www.facebook.com\/fairfax.cryobank\",\"https:\/\/x.com\/FairfaxCryobank\",\"https:\/\/www.instagram.com\/fairfaxcryobank\/\",\"https:\/\/www.pinterest.com\/fairfaxcryo\/\"]}]}<\/script>\n<!-- \/ Yoast SEO plugin. -->","yoast_head_json":{"title":"Spendersperma h\u00e4ufig gestellte Fragen | Fairfax Cryobank","description":"H\u00e4ufig gestellte Fragen rund um Spendersperma, Gentests, Bestellung und Lagerung. Wie w\u00e4hlt man die beste Samenbank? Bei Fairfax Cryobank die Antwort finden!","robots":{"index":"index","follow":"follow","max-snippet":"max-snippet:-1","max-image-preview":"max-image-preview:large","max-video-preview":"max-video-preview:-1"},"canonical":"https:\/\/fairfaxcryobank.com\/de\/faqs","og_locale":"de_DE","og_type":"article","og_title":"Spendersperma h\u00e4ufig gestellte Fragen | Fairfax Cryobank","og_description":"H\u00e4ufig gestellte Fragen rund um Spendersperma, Gentests, Bestellung und Lagerung. Wie w\u00e4hlt man die beste Samenbank? Bei Fairfax Cryobank die Antwort finden!","og_url":"https:\/\/fairfaxcryobank.com\/de\/faqs","og_site_name":"Fairfax Cryobank - Find a Sperm Donor","article_publisher":"https:\/\/www.facebook.com\/fairfax.cryobank","article_modified_time":"2021-07-28T18:49:25+00:00","twitter_card":"summary_large_image","twitter_site":"@FairfaxCryobank","twitter_misc":{"Gesch\u00e4tzte Lesezeit":"1\u00a0Minute"},"schema":{"@context":"https:\/\/schema.org","@graph":[{"@type":"WebPage","@id":"https:\/\/fairfaxcryobank.com\/de\/faqs","url":"https:\/\/fairfaxcryobank.com\/de\/faqs","name":"Spendersperma h\u00e4ufig gestellte Fragen | Fairfax Cryobank","isPartOf":{"@id":"https:\/\/fairfaxcryobank.com\/de#website"},"datePublished":"2015-05-08T14:44:46+00:00","dateModified":"2021-07-28T18:49:25+00:00","description":"H\u00e4ufig gestellte Fragen rund um Spendersperma, Gentests, Bestellung und Lagerung. Wie w\u00e4hlt man die beste Samenbank? Bei Fairfax Cryobank die Antwort finden!","breadcrumb":{"@id":"https:\/\/fairfaxcryobank.com\/de\/faqs#breadcrumb"},"inLanguage":"de","potentialAction":[{"@type":"ReadAction","target":["https:\/\/fairfaxcryobank.com\/de\/faqs"]}]},{"@type":"BreadcrumbList","@id":"https:\/\/fairfaxcryobank.com\/de\/faqs#breadcrumb","itemListElement":[{"@type":"ListItem","position":1,"name":"Home","item":"https:\/\/fairfaxcryobank.com\/de"},{"@type":"ListItem","position":2,"name":"FAQs"}]},{"@type":"WebSite","@id":"https:\/\/fairfaxcryobank.com\/de#website","url":"https:\/\/fairfaxcryobank.com\/de","name":"Fairfax Cryobank - Find a Sperm Donor","description":"Top-Tier Sperm Bank","publisher":{"@id":"https:\/\/fairfaxcryobank.com\/de#organization"},"potentialAction":[{"@type":"SearchAction","target":{"@type":"EntryPoint","urlTemplate":"https:\/\/fairfaxcryobank.com\/de?s={search_term_string}"},"query-input":{"@type":"PropertyValueSpecification","valueRequired":true,"valueName":"search_term_string"}}],"inLanguage":"de"},{"@type":"Organization","@id":"https:\/\/fairfaxcryobank.com\/de#organization","name":"Fairfax Cryobank","url":"https:\/\/fairfaxcryobank.com\/de","logo":{"@type":"ImageObject","inLanguage":"de","@id":"https:\/\/fairfaxcryobank.com\/de#\/schema\/logo\/image\/","url":"https:\/\/fairfaxcryobank.com\/wp-content\/uploads\/logo.webp","contentUrl":"https:\/\/fairfaxcryobank.com\/wp-content\/uploads\/logo.webp","width":1,"height":1,"caption":"Fairfax Cryobank"},"image":{"@id":"https:\/\/fairfaxcryobank.com\/de#\/schema\/logo\/image\/"},"sameAs":["https:\/\/www.facebook.com\/fairfax.cryobank","https:\/\/x.com\/FairfaxCryobank","https:\/\/www.instagram.com\/fairfaxcryobank\/","https:\/\/www.pinterest.com\/fairfaxcryo\/"]}]}},"post_mailing_queue_ids":[],"_links":{"self":[{"href":"https:\/\/fairfaxcryobank.com\/de\/wp-json\/wp\/v2\/pages\/4909","targetHints":{"allow":["GET"]}}],"collection":[{"href":"https:\/\/fairfaxcryobank.com\/de\/wp-json\/wp\/v2\/pages"}],"about":[{"href":"https:\/\/fairfaxcryobank.com\/de\/wp-json\/wp\/v2\/types\/page"}],"author":[{"embeddable":true,"href":"https:\/\/fairfaxcryobank.com\/de\/wp-json\/wp\/v2\/users\/1"}],"replies":[{"embeddable":true,"href":"https:\/\/fairfaxcryobank.com\/de\/wp-json\/wp\/v2\/comments?post=4909"}],"version-history":[{"count":1,"href":"https:\/\/fairfaxcryobank.com\/de\/wp-json\/wp\/v2\/pages\/4909\/revisions"}],"predecessor-version":[{"id":17814,"href":"https:\/\/fairfaxcryobank.com\/de\/wp-json\/wp\/v2\/pages\/4909\/revisions\/17814"}],"wp:attachment":[{"href":"https:\/\/fairfaxcryobank.com\/de\/wp-json\/wp\/v2\/media?parent=4909"}],"curies":[{"name":"wp","href":"https:\/\/api.w.org\/{rel}","templated":true}]}}