{"id":4911,"date":"2019-12-18T15:49:58","date_gmt":"2019-12-18T15:49:58","guid":{"rendered":"https:\/\/fairfaxcryobank.com\/?page_id=4911"},"modified":"2022-09-07T15:25:55","modified_gmt":"2022-09-07T19:25:55","slug":"ressourcen","status":"publish","type":"page","link":"https:\/\/fairfaxcryobank.com\/de\/ressourcen","title":{"rendered":"Ressourcen"},"content":{"rendered":"\n<h2 class=\"wp-block-heading\">Alles, was Sie wissen m\u00fcssen, um eine Fairfax-Familie zu werden!<\/h2>\n\n\n\n<p>Auf unserer Fairfax Cryobank Ressourcen Seite werden Sie weitere Infos und hilfreiche Tipps im Bereich Spermabank und Samenbanken sowie Eizellenspende erhalten. Nachfolgend finden Sie viele Tipps und Tricks, h\u00e4ufig gestellte Fragen (FAQs) , Formulare &amp; Anleitungen, sowie Infos f\u00fcr zuk\u00fcnftige Eltern.<\/p>\n\n\n\n<p class=\"has-background has-text-align-center has-very-light-gray-background-color\"> <strong>Kontakt<\/strong><br> 0800 333 42111<br> <a href=\"https:\/\/fairfaxcryobank.com\/de\/kontakt\">global@fairfaxcryobank.com <\/a> <\/p>\n\n\n\n<hr class=\"wp-block-separator\"\/>\n\n\n\n<h3 class=\"wp-block-heading\"><a href=\"https:\/\/fairfaxcryobank.com\/de\/faqs\">H\u00e4ufig gestellte Fragen<\/a><\/h3>\n\n\n\n<p>Hier finden Sie die \u201cH\u00e4ufig gestellte Fragen\u201d im Bereich Spendersperma, Gentests, Bestellungen und Lagerung. Alles von \u201eWie w\u00e4hlt man eine Samenbank aus?\u201c bis hin zu \u201eWie viel Sperma braucht man, um schwanger zu werden?\u201c Hier werden Sie f\u00fcndig, wenn Sie Spermabank Infos, Samenbank Ressourcen und h\u00e4ufig gestellte Fragen zur Fairfax Cryobank suchen.<\/p>\n\n\n\n<h3 class=\"wp-block-heading\"><a href=\"https:\/\/fairfaxcryobank.com\/de\/formulare-broschueren\">Formulare &amp; Anleitungen<\/a><\/h3>\n\n\n\n<p>Unter Formulare &amp; Anleitungen finden Sie Infos und Formulare f\u00fcr Spender, Tipps und Tricks f\u00fcr zuk\u00fcnftige Eltern sowie Formulare f\u00fcr Medizinische Fachkr\u00e4fte. Alle Formulare und Anleitung der Fairfax Cryobank erhalten Sie hier.<\/p>\n\n\n\n<h3 class=\"wp-block-heading\"><a href=\"\/de\/zukuenftige-eltern\">F\u00fcr zuk\u00fcnftige Eltern<\/a><\/h3>\n\n\n\n<p>Die Fairfax Cryobank unterst\u00fctzt Ihre Familientr\u00e4ume, unabh\u00e4ngig von Familienstand, Geschlechtsidentit\u00e4t oder sexueller Orientierung. Lesen Sie hier weiter, wenn Sie Spermabank Infos, Samenbank Ressourcen und h\u00e4ufig gestellte Fragen zur Fairfax Cryobank suchen.<\/p>\n\n\n\n<ul class=\"wp-block-list\"><li><a href=\"https:\/\/fairfaxcryobank.com\/de\/paare-mit-fertilitaetsstoerungen\">Paare mit Fertilit\u00e4tsproblemen<\/a><\/li><li><a href=\"https:\/\/fairfaxcryobank.com\/de\/alleinerziehende-muetter-aus-eigener-entscheidung\">Alleinerziehende M\u00fctter aus eigener Entscheidung<\/a><\/li><li><a href=\"https:\/\/fairfaxcryobank.com\/de\/lgbtqx-familien\">LGBTQ-Familien<\/a><\/li><li><a href=\"https:\/\/fairfaxcryobank.com\/de\/geburtengrenzen-des-spenders\">Einschr\u00e4nkungen bei Spendergeburten<\/a><\/li><li><a href=\"https:\/\/fairfaxcryobank.com\/de\/kinder-durch-spenderbesamung\">Kinder durch Spenderbesamung<\/a><\/li><\/ul>\n\n\n\n<h3 class=\"wp-block-heading\">Qualit\u00e4tsstandards der Spermienproben<\/h3>\n\n\n\n<p>Hochqualitative Spendersamen, umfassendes Spender-Screening. Wir \u00fcbertreffen Spenderkriterien und Screening-Standards. Mehr Infos zu Spermabank, Samenbank Ressourcen und h\u00e4ufig gestellte Fragen zur Fairfax Cryobank erhalten Sie hier.<\/p>\n\n\n\n<ul class=\"wp-block-list\"><li><a href=\"https:\/\/fairfaxcryobank.com\/de\/qualitaetskontrolle\">Qualit\u00e4tsstandard<\/a> (Mindeststandards f\u00fcr die Anzahl der Spermien pro Ampulle)<\/li><li><a href=\"https:\/\/fairfaxcryobank.com\/de\/informationen-zu-proben\">Informationen zu Proben<\/a><\/li><\/ul>\n\n\n\n<h3 class=\"wp-block-heading\">Kontakt mit der Fairfax Cryobank aufnehmen<\/h3>\n\n\n\n<p>Nehmen Sie mit der <strong>Fairfax Cryobank Kontakt<\/strong> auf und finden Sie mehr \u00fcber uns heraus, oder teilen Sie Ihre Erfahrungen mit der Fairfax Cryobank mit anderen zuk\u00fcnftigen Eltern mit!<\/p>\n\n\n\n<ul class=\"wp-block-list\"><li><a href=\"https:\/\/fairfaxcryobank.com\/de\/schwangerschaftsbericht\">Schwangerschaftsbericht<\/a><\/li><li><a href=\"https:\/\/fairfaxcryobank.com\/de\/teilen-sie-ihre-erfolgsgeschichte\">Teilen Sie Ihre Erfolgsgeschichte<\/a><\/li><li><a href=\"https:\/\/fairfaxcryobank.com\/de\/standorte\">Standorte<\/a><\/li><li><a href=\"https:\/\/fairfaxcryobank.com\/de\/medien\">Medien<\/a><\/li><\/ul>\n\n\n\n<div class=\"wp-block-button aligncenter\"><a class=\"wp-block-button__link has-text-color has-background\" href=\"mailto:global@fairfaxcryobank.com\" style=\"background-color:#ea6950;color:#ffffff\">E-MAIL AN FAIRFAX CRYOBANK SENDEN<\/a><\/div>\n\n\n\n<h3 class=\"wp-block-heading\">Immer auf dem Laufenden bleiben &#8211; mit Fairfax Cryobank News<\/h3>\n\n\n\n<p>Immer auf dem neusten Stand bleiben. Abonnieren Sie unseren monatlichen Newsletter, besuchen Sie unseren Blog, besuchen Sie die Fairfax Cryobank Familien-Foren, und vieles mehr!<\/p>\n\n\n\n<ul class=\"wp-block-list\"><li><a href=\"https:\/\/www.facebook.com\/fairfax.cryobank\">Facebook<\/a><\/li><li><a href=\"https:\/\/twitter.com\/FairfaxCryobank\">Twitter<\/a><\/li><li><a href=\"https:\/\/www.instagram.com\/fairfaxcryobank\">Instagram<\/a><\/li><li><a href=\"https:\/\/www.pinterest.com\/fairfaxcryo\/\">Pinterest<\/a><\/li><li><a href=\"https:\/\/share.hsforms.com\/1DbwqSKtnSv-jo9udpqluTA59fd\">Montatlicher Newsletter<\/a><\/li><li><a rel=\"noreferrer noopener\" href=\"https:\/\/blogandforum.fairfaxcryobank.com\/?_gl=1*pu84z0*_gcl_au*ODY2NDA4MTcyLjE3MjM0NzQyNjQ\" target=\"_blank\">Fairfax Cryobank Familien-Foren<\/a><\/li><li><a href=\"https:\/\/fairfaxcryobank.com\/blog\" target=\"_blank\" rel=\"noreferrer noopener\" aria-label=\" (opens in a new tab)\">Blog<\/a>&#8211; Folgen Sie unseren w\u00f6chentlichen Posts! <\/li><\/ul>\n\n\n\n<h3 class=\"wp-block-heading\"><strong>F\u00fcr \u00c4rzte und Kliniken<\/strong><\/h3>\n\n\n\n<p>Hier finden \u00c4rzte und Kliniken viele Infos, Anweisungen, Formulare usw. im Bereich Spermabank Infos, Samenbank Ressourcen und h\u00e4ufig gestellte Fragen zur Fairfax Cryobank.<\/p>\n\n\n\n<ul class=\"wp-block-list\"><li><a href=\"https:\/\/fairfaxcryobank.com\/de\/medizinische-fachkraefte\">Medizinische Fachkr\u00e4fte<\/a> (einschlie\u00dflich Lizenzen, Anweisungen zum Auftauen, Bestellen von Patientenbrosch\u00fcren usw.)<\/li><li><a href=\"https:\/\/fairfaxcryobank.com\/de\/updates-zum-gesundheitsstatus-des-spenders\">\u00dcberpr\u00fcfen Sie hier den medizinischen Status des Spenders<\/a><\/li><li><a href=\"https:\/\/fairfaxcryobank.com\/de\/schwangerschaftsversprechen\">Schwangerschaftsmeldung \u2013 Formular<\/a><\/li><\/ul>\n\n\n\n<h3 class=\"wp-block-heading\"><a href=\"https:\/\/fairfaxcryobank.com\/de\/partner-eizellbank-spenderstellen-distributoren\">Unsere Partner<\/a><\/h3>\n\n\n\n<p>Unsere Partner rund um Samenspende, Spermaspende und Eizellspende.<\/p>\n\n\n\n<ul class=\"wp-block-list\"><li><a rel=\"noreferrer noopener\" href=\"https:\/\/www.beaspermdonor.com\/\" target=\"_blank\">Become a Sperm Donor<\/a><\/li><li><a rel=\"noreferrer noopener\" href=\"https:\/\/www.fairfaxeggbank.com\/donors\/\" target=\"_blank\">Become an Egg Donor <\/a><\/li><li><a rel=\"noreferrer noopener\" href=\"https:\/\/www.fairfaxeggbank.com\/\" target=\"_blank\">Fairfax EggBank<\/a><\/li><\/ul>\n","protected":false},"excerpt":{"rendered":"<p>Alles, was Sie wissen m\u00fcssen, um eine Fairfax-Familie zu werden! Auf unserer Fairfax Cryobank Ressourcen Seite werden Sie weitere Infos und hilfreiche Tipps im Bereich Spermabank und Samenbanken sowie Eizellenspende erhalten. Nachfolgend finden Sie viele Tipps und Tricks, h\u00e4ufig gestellte Fragen (FAQs) , Formulare &amp; Anleitungen, sowie Infos f\u00fcr zuk\u00fcnftige &#8230;<\/p>\n","protected":false},"author":1,"featured_media":10803,"parent":0,"menu_order":0,"comment_status":"closed","ping_status":"closed","template":"","meta":{"footnotes":""},"class_list":["post-4911","page","type-page","status-publish","has-post-thumbnail","hentry"],"yoast_head":"<!-- This site is optimized with the Yoast SEO plugin v27.1.1 - https:\/\/yoast.com\/product\/yoast-seo-wordpress\/ -->\n<title>Infos, Ressourcen, FAQs | Fairfax Cyrobank Ressourcen<\/title>\n<meta name=\"description\" content=\"Finden Sie hier zahlreiche Spermabank Infos und Samenbank Ressourcen, sowie h\u00e4ufig gestellte Fragen zur Fairfax Cryobank im Bereich Samenbank, Spermaspende sowie Eizellenspende.\" \/>\n<meta name=\"robots\" content=\"index, follow, max-snippet:-1, max-image-preview:large, max-video-preview:-1\" \/>\n<link rel=\"canonical\" href=\"https:\/\/fairfaxcryobank.com\/de\/ressourcen\" \/>\n<meta property=\"og:locale\" content=\"de_DE\" \/>\n<meta property=\"og:type\" content=\"article\" \/>\n<meta property=\"og:title\" content=\"Infos, Ressourcen, FAQs | Fairfax Cyrobank Ressourcen\" \/>\n<meta property=\"og:description\" content=\"Finden Sie hier zahlreiche Spermabank Infos und Samenbank Ressourcen, sowie h\u00e4ufig gestellte Fragen zur Fairfax Cryobank im Bereich Samenbank, Spermaspende sowie Eizellenspende.\" \/>\n<meta property=\"og:url\" content=\"https:\/\/fairfaxcryobank.com\/de\/ressourcen\" \/>\n<meta property=\"og:site_name\" content=\"Fairfax Cryobank - Find a Sperm Donor\" \/>\n<meta property=\"article:publisher\" content=\"https:\/\/www.facebook.com\/fairfax.cryobank\" \/>\n<meta property=\"article:modified_time\" content=\"2022-09-07T19:25:55+00:00\" \/>\n<meta property=\"og:image\" content=\"https:\/\/fairfaxcryobank.com\/wp-content\/uploads\/6311-baby-1.jpg\" \/>\n\t<meta property=\"og:image:width\" content=\"700\" \/>\n\t<meta property=\"og:image:height\" content=\"795\" \/>\n\t<meta property=\"og:image:type\" content=\"image\/jpeg\" \/>\n<meta name=\"twitter:card\" content=\"summary_large_image\" \/>\n<meta name=\"twitter:site\" content=\"@FairfaxCryobank\" \/>\n<meta name=\"twitter:label1\" content=\"Gesch\u00e4tzte Lesezeit\" \/>\n\t<meta name=\"twitter:data1\" content=\"2\u00a0Minuten\" \/>\n<script type=\"application\/ld+json\" class=\"yoast-schema-graph\">{\"@context\":\"https:\/\/schema.org\",\"@graph\":[{\"@type\":\"WebPage\",\"@id\":\"https:\/\/fairfaxcryobank.com\/de\/ressourcen\",\"url\":\"https:\/\/fairfaxcryobank.com\/de\/ressourcen\",\"name\":\"Infos, Ressourcen, FAQs | Fairfax Cyrobank Ressourcen\",\"isPartOf\":{\"@id\":\"https:\/\/fairfaxcryobank.com\/de#website\"},\"primaryImageOfPage\":{\"@id\":\"https:\/\/fairfaxcryobank.com\/de\/ressourcen#primaryimage\"},\"image\":{\"@id\":\"https:\/\/fairfaxcryobank.com\/de\/ressourcen#primaryimage\"},\"thumbnailUrl\":\"https:\/\/fairfaxcryobank.com\/wp-content\/uploads\/6311-baby-1.jpg\",\"datePublished\":\"2019-12-18T15:49:58+00:00\",\"dateModified\":\"2022-09-07T19:25:55+00:00\",\"description\":\"Finden Sie hier zahlreiche Spermabank Infos und Samenbank Ressourcen, sowie h\u00e4ufig gestellte Fragen zur Fairfax Cryobank im Bereich Samenbank, Spermaspende sowie Eizellenspende.\",\"breadcrumb\":{\"@id\":\"https:\/\/fairfaxcryobank.com\/de\/ressourcen#breadcrumb\"},\"inLanguage\":\"de\",\"potentialAction\":[{\"@type\":\"ReadAction\",\"target\":[\"https:\/\/fairfaxcryobank.com\/de\/ressourcen\"]}]},{\"@type\":\"ImageObject\",\"inLanguage\":\"de\",\"@id\":\"https:\/\/fairfaxcryobank.com\/de\/ressourcen#primaryimage\",\"url\":\"https:\/\/fairfaxcryobank.com\/wp-content\/uploads\/6311-baby-1.jpg\",\"contentUrl\":\"https:\/\/fairfaxcryobank.com\/wp-content\/uploads\/6311-baby-1.jpg\",\"width\":700,\"height\":795,\"caption\":\"Spermabank Infos\"},{\"@type\":\"BreadcrumbList\",\"@id\":\"https:\/\/fairfaxcryobank.com\/de\/ressourcen#breadcrumb\",\"itemListElement\":[{\"@type\":\"ListItem\",\"position\":1,\"name\":\"Home\",\"item\":\"https:\/\/fairfaxcryobank.com\/de\"},{\"@type\":\"ListItem\",\"position\":2,\"name\":\"Ressourcen\"}]},{\"@type\":\"WebSite\",\"@id\":\"https:\/\/fairfaxcryobank.com\/de#website\",\"url\":\"https:\/\/fairfaxcryobank.com\/de\",\"name\":\"Fairfax Cryobank - Find a Sperm Donor\",\"description\":\"Top-Tier Sperm Bank\",\"publisher\":{\"@id\":\"https:\/\/fairfaxcryobank.com\/de#organization\"},\"potentialAction\":[{\"@type\":\"SearchAction\",\"target\":{\"@type\":\"EntryPoint\",\"urlTemplate\":\"https:\/\/fairfaxcryobank.com\/de?s={search_term_string}\"},\"query-input\":{\"@type\":\"PropertyValueSpecification\",\"valueRequired\":true,\"valueName\":\"search_term_string\"}}],\"inLanguage\":\"de\"},{\"@type\":\"Organization\",\"@id\":\"https:\/\/fairfaxcryobank.com\/de#organization\",\"name\":\"Fairfax Cryobank\",\"url\":\"https:\/\/fairfaxcryobank.com\/de\",\"logo\":{\"@type\":\"ImageObject\",\"inLanguage\":\"de\",\"@id\":\"https:\/\/fairfaxcryobank.com\/de#\/schema\/logo\/image\/\",\"url\":\"https:\/\/fairfaxcryobank.com\/wp-content\/uploads\/logo.webp\",\"contentUrl\":\"https:\/\/fairfaxcryobank.com\/wp-content\/uploads\/logo.webp\",\"width\":1,\"height\":1,\"caption\":\"Fairfax Cryobank\"},\"image\":{\"@id\":\"https:\/\/fairfaxcryobank.com\/de#\/schema\/logo\/image\/\"},\"sameAs\":[\"https:\/\/www.facebook.com\/fairfax.cryobank\",\"https:\/\/x.com\/FairfaxCryobank\",\"https:\/\/www.instagram.com\/fairfaxcryobank\/\",\"https:\/\/www.pinterest.com\/fairfaxcryo\/\"]}]}<\/script>\n<!-- \/ Yoast SEO plugin. -->","yoast_head_json":{"title":"Infos, Ressourcen, FAQs | Fairfax Cyrobank Ressourcen","description":"Finden Sie hier zahlreiche Spermabank Infos und Samenbank Ressourcen, sowie h\u00e4ufig gestellte Fragen zur Fairfax Cryobank im Bereich Samenbank, Spermaspende sowie Eizellenspende.","robots":{"index":"index","follow":"follow","max-snippet":"max-snippet:-1","max-image-preview":"max-image-preview:large","max-video-preview":"max-video-preview:-1"},"canonical":"https:\/\/fairfaxcryobank.com\/de\/ressourcen","og_locale":"de_DE","og_type":"article","og_title":"Infos, Ressourcen, FAQs | Fairfax Cyrobank Ressourcen","og_description":"Finden Sie hier zahlreiche Spermabank Infos und Samenbank Ressourcen, sowie h\u00e4ufig gestellte Fragen zur Fairfax Cryobank im Bereich Samenbank, Spermaspende sowie Eizellenspende.","og_url":"https:\/\/fairfaxcryobank.com\/de\/ressourcen","og_site_name":"Fairfax Cryobank - Find a Sperm Donor","article_publisher":"https:\/\/www.facebook.com\/fairfax.cryobank","article_modified_time":"2022-09-07T19:25:55+00:00","og_image":[{"width":700,"height":795,"url":"https:\/\/fairfaxcryobank.com\/wp-content\/uploads\/6311-baby-1.jpg","type":"image\/jpeg"}],"twitter_card":"summary_large_image","twitter_site":"@FairfaxCryobank","twitter_misc":{"Gesch\u00e4tzte Lesezeit":"2\u00a0Minuten"},"schema":{"@context":"https:\/\/schema.org","@graph":[{"@type":"WebPage","@id":"https:\/\/fairfaxcryobank.com\/de\/ressourcen","url":"https:\/\/fairfaxcryobank.com\/de\/ressourcen","name":"Infos, Ressourcen, FAQs | Fairfax Cyrobank Ressourcen","isPartOf":{"@id":"https:\/\/fairfaxcryobank.com\/de#website"},"primaryImageOfPage":{"@id":"https:\/\/fairfaxcryobank.com\/de\/ressourcen#primaryimage"},"image":{"@id":"https:\/\/fairfaxcryobank.com\/de\/ressourcen#primaryimage"},"thumbnailUrl":"https:\/\/fairfaxcryobank.com\/wp-content\/uploads\/6311-baby-1.jpg","datePublished":"2019-12-18T15:49:58+00:00","dateModified":"2022-09-07T19:25:55+00:00","description":"Finden Sie hier zahlreiche Spermabank Infos und Samenbank Ressourcen, sowie h\u00e4ufig gestellte Fragen zur Fairfax Cryobank im Bereich Samenbank, Spermaspende sowie Eizellenspende.","breadcrumb":{"@id":"https:\/\/fairfaxcryobank.com\/de\/ressourcen#breadcrumb"},"inLanguage":"de","potentialAction":[{"@type":"ReadAction","target":["https:\/\/fairfaxcryobank.com\/de\/ressourcen"]}]},{"@type":"ImageObject","inLanguage":"de","@id":"https:\/\/fairfaxcryobank.com\/de\/ressourcen#primaryimage","url":"https:\/\/fairfaxcryobank.com\/wp-content\/uploads\/6311-baby-1.jpg","contentUrl":"https:\/\/fairfaxcryobank.com\/wp-content\/uploads\/6311-baby-1.jpg","width":700,"height":795,"caption":"Spermabank Infos"},{"@type":"BreadcrumbList","@id":"https:\/\/fairfaxcryobank.com\/de\/ressourcen#breadcrumb","itemListElement":[{"@type":"ListItem","position":1,"name":"Home","item":"https:\/\/fairfaxcryobank.com\/de"},{"@type":"ListItem","position":2,"name":"Ressourcen"}]},{"@type":"WebSite","@id":"https:\/\/fairfaxcryobank.com\/de#website","url":"https:\/\/fairfaxcryobank.com\/de","name":"Fairfax Cryobank - Find a Sperm Donor","description":"Top-Tier Sperm Bank","publisher":{"@id":"https:\/\/fairfaxcryobank.com\/de#organization"},"potentialAction":[{"@type":"SearchAction","target":{"@type":"EntryPoint","urlTemplate":"https:\/\/fairfaxcryobank.com\/de?s={search_term_string}"},"query-input":{"@type":"PropertyValueSpecification","valueRequired":true,"valueName":"search_term_string"}}],"inLanguage":"de"},{"@type":"Organization","@id":"https:\/\/fairfaxcryobank.com\/de#organization","name":"Fairfax Cryobank","url":"https:\/\/fairfaxcryobank.com\/de","logo":{"@type":"ImageObject","inLanguage":"de","@id":"https:\/\/fairfaxcryobank.com\/de#\/schema\/logo\/image\/","url":"https:\/\/fairfaxcryobank.com\/wp-content\/uploads\/logo.webp","contentUrl":"https:\/\/fairfaxcryobank.com\/wp-content\/uploads\/logo.webp","width":1,"height":1,"caption":"Fairfax Cryobank"},"image":{"@id":"https:\/\/fairfaxcryobank.com\/de#\/schema\/logo\/image\/"},"sameAs":["https:\/\/www.facebook.com\/fairfax.cryobank","https:\/\/x.com\/FairfaxCryobank","https:\/\/www.instagram.com\/fairfaxcryobank\/","https:\/\/www.pinterest.com\/fairfaxcryo\/"]}]}},"post_mailing_queue_ids":[],"_links":{"self":[{"href":"https:\/\/fairfaxcryobank.com\/de\/wp-json\/wp\/v2\/pages\/4911","targetHints":{"allow":["GET"]}}],"collection":[{"href":"https:\/\/fairfaxcryobank.com\/de\/wp-json\/wp\/v2\/pages"}],"about":[{"href":"https:\/\/fairfaxcryobank.com\/de\/wp-json\/wp\/v2\/types\/page"}],"author":[{"embeddable":true,"href":"https:\/\/fairfaxcryobank.com\/de\/wp-json\/wp\/v2\/users\/1"}],"replies":[{"embeddable":true,"href":"https:\/\/fairfaxcryobank.com\/de\/wp-json\/wp\/v2\/comments?post=4911"}],"version-history":[{"count":1,"href":"https:\/\/fairfaxcryobank.com\/de\/wp-json\/wp\/v2\/pages\/4911\/revisions"}],"predecessor-version":[{"id":22845,"href":"https:\/\/fairfaxcryobank.com\/de\/wp-json\/wp\/v2\/pages\/4911\/revisions\/22845"}],"wp:featuredmedia":[{"embeddable":true,"href":"https:\/\/fairfaxcryobank.com\/de\/wp-json\/wp\/v2\/media\/10803"}],"wp:attachment":[{"href":"https:\/\/fairfaxcryobank.com\/de\/wp-json\/wp\/v2\/media?parent=4911"}],"curies":[{"name":"wp","href":"https:\/\/api.w.org\/{rel}","templated":true}]}}