{"id":4913,"date":"2019-12-18T15:50:20","date_gmt":"2019-12-18T15:50:20","guid":{"rendered":"https:\/\/fairfaxcryobank.com\/?page_id=4913"},"modified":"2023-06-20T11:51:38","modified_gmt":"2023-06-20T15:51:38","slug":"formulare-broschueren","status":"publish","type":"page","link":"https:\/\/fairfaxcryobank.com\/de\/formulare-broschueren","title":{"rendered":"Formulare &#038; Brosch\u00fcren"},"content":{"rendered":"\n<h2 class=\"wp-block-heading\"><strong>Sperma-Banking: Erforderliche Formalit\u00e4ten <\/strong><\/h2>\n\n\n\n<h3 class=\"wp-block-heading\"><strong>Spermaspender Formulare<\/strong><\/h3>\n\n\n\n<ul class=\"wp-block-list\"><li><a href=\"\/de\/medizinische-fachkraefte\">Medical Professionals<\/a>: F\u00fcr Medizinische Fachkr\u00e4fte<\/li><li>Terms of Use Letter \/  Nutzungsbedingungen: In diesem Dokument wird erl\u00e4utert, was Sie von unserem Spenderprogramm und unseren Speicherdiensten erwarten k\u00f6nnen und was wir beim Kauf unseres Samens und anderer Dienste von Ihnen erwarten k\u00f6nnen.<ul><li><a href=\"https:\/\/powerforms.docusign.net\/d92180e0-8c70-4209-b615-60621be2485c?env=na1&amp;acct=5d7c9198-d480-4ddd-a690-8a60a3d05d36\">DocuSign<\/a><\/li><li><a href=\"https:\/\/fairfaxcryobank.com\/de\/sm-003-f-002-terms-of-use_web_ds_ger_\" target=\"_blank\" rel=\"noreferrer noopener\">PDF<\/a><\/li><\/ul><\/li><li>Identity (ID) Birth <a label=\"Registration  (opens in a new tab)\" rel=\"noreferrer noopener\" href=\"https:\/\/fairfaxcryobank.com\/wp-content\/uploads\/SM-004-F.003-International-ID-Donor-Birth-Registration-Form_WEB.pdf\" target=\"_blank\">Registration <\/a>Form: Geburtsregistrierungsformular f\u00fcr die Identit\u00e4t (ID) &#8211; muss nach der Geburt eines Kindes von einem Spender der ID-Option ausgef\u00fcllt werden, damit Ihr Kind die M\u00f6glichkeit hat, am oder nach seinem 18. Geburtstag Kontaktinformationen zum Spender zu erhalten.<\/li><li><a label=\"Photo Match Request- (opens in a new tab)\" rel=\"noreferrer noopener\" href=\"https:\/\/fairfaxcryobank.com\/de\/spenderauswahl-service\" target=\"_blank\">Photo Match Request: <\/a>Foto-Matching Anfrage<ul><li><a href=\"https:\/\/fairfaxcryobank.com\/de\/sm-003-f-009-photo-match-form_web_ds-3-2\" target=\"_blank\" rel=\"noreferrer noopener\">PDF<\/a><\/li><\/ul><\/li><li><a href=\"https:\/\/fairfaxcryobank.com\/de\/st-004-c-010-semen-depositor-agreement-for-evaluation-freeze-storage_web_ds-3-2\">Semen Specimen Use and Release Authorization<\/a>: Autorisierung zur Verwendung und Freigabe der Samenproben <\/li><li><a href=\"https:\/\/fairfaxcryobank.com\/de\/schwangerschaftsbericht\">Schwangerschaftsbericht<\/a>: Meldung einer Schwangerschaft\/Geburt<\/li><\/ul>\n\n\n\n<h4 class=\"wp-block-heading\"><strong>Formulare f\u00fcr\nLagerung<\/strong><\/h4>\n\n\n\n<ul class=\"wp-block-list\"><li>Billing Agreement: Abrechnungsvereinbarung<\/li><li>Return Authorization: R\u00fccksendegenehmigung: Geben Sie Spendersamenfl\u00e4schchen f\u00fcr eine teilweise R\u00fcckerstattung zur\u00fcck, wenn diese die Kryobank noch nie verlassen haben.<\/li><li>Termination of Contract: Vertragsbeendigung (Bitte senden Sie uns dies nur, wenn Sie Sameneinheiten bei uns lagern. Wenn Sie Spender-Sameneinheiten lagern, die unsere Einrichtung noch nie verlassen haben, kontaktieren Sie uns bitte vor dem Absenden dieses Formulars, da Sie m\u00f6glicherweise eine teilweise R\u00fcckerstattung erhalten k\u00f6nnen.) <\/li><\/ul>\n\n\n\n<h3 class=\"wp-block-heading\"><strong>Wichtige Richtlinien<\/strong><\/h3>\n\n\n\n<ul class=\"wp-block-list\"><li><a href=\"\/de\/geburtengrenzen-des-spenders\">Einschr\u00e4nkungen bei Spendergeburten<\/a>: Lesen Sie unsere Richtlinien zur Begrenzung der Anzahl der Kinder pro Spender<\/li><li><a href=\"\/de\/datenschutz-bestimmungen\">Die Datenschutzrichtlinie <\/a>bietet unsere Zusicherung, dass die Identit\u00e4t von Spendern oder Kunden nicht beeintr\u00e4chtigt wird<\/li><li><a href=\"\/de\/qualitaetskontrolle\">Richtlinien zur \u00dcberpr\u00fcfung der Genauigkeit unserer Sendungen <\/a><\/li><\/ul>\n\n\n\n<h3 class=\"wp-block-heading\"><a href=\"\/de\/medizinische-fachkraefte\">Medizinische Fachkr\u00e4fte<\/a><\/h3>\n\n\n\n<ul class=\"wp-block-list\"><li><a href=\"\/de\/informationen-zu-proben\">Probenqualit\u00e4tsstandard<\/a>: Einzelheiten zur Qualit\u00e4tssicherung und zur Mindestanzahl der Spermien f\u00fcr jede Spenderprobe<\/li><li><a href=\"\/de\/mehr-infos-anfordern\">Materialanfrageformular f\u00fcr Ihre Patienten<\/a><\/li><li><a href=\"\/de\/schwangerschaftsbericht\">Formular f\u00fcr Schwangerschafts<\/a>: und Geburtsmeldungen<\/li><li>Weitere Formulare und Lizenzinformationen <\/li><\/ul>\n\n\n\n<hr class=\"wp-block-separator\"\/>\n\n\n\n<h3 class=\"wp-block-heading\"><strong>Brosch\u00fcren<\/strong><\/h3>\n\n\n\n<ul class=\"wp-block-list\"><li><a rel=\"noreferrer noopener\" href=\"\/images\/brochures\/Confidence-Delivered-Fairfax-Cryobank.pdf\" target=\"_blank\"><\/a><a href=\"https:\/\/fairfaxcryobank.com\/brochure_general_web\" rel=\"noreferrer noopener\" target=\"_blank\">Donor Sperm Services<\/a><\/li><li><a rel=\"noreferrer noopener\" href=\"\/images\/brochures\/Confidence-Delivered-Fairfax-Cryobank.pdf\" target=\"_blank\"><\/a><a href=\"https:\/\/fairfaxcryobank.com\/brochure_insemination_web\" rel=\"noreferrer noopener\" target=\"_blank\">Donor Insemination: General Information<\/a><\/li><li><a rel=\"noreferrer noopener\" href=\"\/images\/brochures\/Confidence-Delivered-Fairfax-Cryobank.pdf\" target=\"_blank\"><\/a><a href=\"https:\/\/fairfaxcryobank.com\/brochure_genetics\" rel=\"noreferrer noopener\" target=\"_blank\">Expanded Genetic Disease Testing<\/a><\/li><li><a rel=\"noreferrer noopener\" href=\"\/images\/brochures\/Confidence-Delivered-Fairfax-Cryobank.pdf\" target=\"_blank\"><\/a><a href=\"https:\/\/fairfaxcryobank.com\/brochure_facematch\" rel=\"noreferrer noopener\" target=\"_blank\">Fairfax Facematch\u00ae<\/a><\/li><li><a rel=\"noreferrer noopener\" href=\"\/images\/brochures\/Confidence-Delivered-Fairfax-Cryobank.pdf\" target=\"_blank\"><\/a><a href=\"https:\/\/fairfaxcryobank.com\/brochure_why-choose-us\" rel=\"noreferrer noopener\" target=\"_blank\">Why Choose Us<\/a><\/li><\/ul>\n\n\n\n<hr class=\"wp-block-separator\"\/>\n\n\n\n<h3 class=\"wp-block-heading\"><a href=\"\/de\/mehr-infos-anfordern\">Informationen bei der Fairfax Cryobank anfordern<\/a><\/h3>\n\n\n\n<p>Interessiert an Brosch\u00fcren oder Marketingmaterialien, die Sie gerne zugeschickt haben m\u00f6chten? Besuchen Sie die Seite <a href=\"\/de\/mehr-infos-anfordern\">Informationen anfordern<\/a>, um Ihre Anfrage zu senden. <\/p>\n","protected":false},"excerpt":{"rendered":"<p>Sperma-Banking: Erforderliche Formalit\u00e4ten Spermaspender Formulare Medical Professionals: F\u00fcr Medizinische Fachkr\u00e4fte Terms of Use Letter \/ Nutzungsbedingungen: In diesem Dokument wird erl\u00e4utert, was Sie von unserem Spenderprogramm und unseren Speicherdiensten erwarten k\u00f6nnen und was wir beim Kauf unseres Samens und anderer Dienste von Ihnen erwarten k\u00f6nnen. DocuSign PDF Identity (ID) Birth &#8230;<\/p>\n","protected":false},"author":1,"featured_media":0,"parent":0,"menu_order":0,"comment_status":"closed","ping_status":"closed","template":"","meta":{"footnotes":""},"class_list":["post-4913","page","type-page","status-publish","hentry"],"yoast_head":"<!-- This site is optimized with the Yoast SEO plugin v27.1.1 - https:\/\/yoast.com\/product\/yoast-seo-wordpress\/ -->\n<title>Formulare &amp; Brosch\u00fcren Sperma-Banking | Fairfax Cryobank<\/title>\n<meta name=\"description\" content=\"H\u00e4ufig gestellte Fragen rund um Spendersperma, Gentests, Bestellung und Lagerung. Wie w\u00e4hlt man die beste Samenbank? Bei Fairfax Cryobank die Antwort finden!\" \/>\n<meta name=\"robots\" content=\"index, follow, max-snippet:-1, max-image-preview:large, max-video-preview:-1\" \/>\n<link rel=\"canonical\" href=\"https:\/\/fairfaxcryobank.com\/de\/formulare-broschueren\" \/>\n<meta property=\"og:locale\" content=\"de_DE\" \/>\n<meta property=\"og:type\" content=\"article\" \/>\n<meta property=\"og:title\" content=\"Formulare &amp; Brosch\u00fcren Sperma-Banking | Fairfax Cryobank\" \/>\n<meta property=\"og:description\" content=\"H\u00e4ufig gestellte Fragen rund um Spendersperma, Gentests, Bestellung und Lagerung. Wie w\u00e4hlt man die beste Samenbank? Bei Fairfax Cryobank die Antwort finden!\" \/>\n<meta property=\"og:url\" content=\"https:\/\/fairfaxcryobank.com\/de\/formulare-broschueren\" \/>\n<meta property=\"og:site_name\" content=\"Fairfax Cryobank - Find a Sperm Donor\" \/>\n<meta property=\"article:publisher\" content=\"https:\/\/www.facebook.com\/fairfax.cryobank\" \/>\n<meta property=\"article:modified_time\" content=\"2023-06-20T15:51:38+00:00\" \/>\n<meta name=\"twitter:card\" content=\"summary_large_image\" \/>\n<meta name=\"twitter:site\" content=\"@FairfaxCryobank\" \/>\n<meta name=\"twitter:label1\" content=\"Gesch\u00e4tzte Lesezeit\" \/>\n\t<meta name=\"twitter:data1\" content=\"2\u00a0Minuten\" \/>\n<script type=\"application\/ld+json\" class=\"yoast-schema-graph\">{\"@context\":\"https:\/\/schema.org\",\"@graph\":[{\"@type\":\"WebPage\",\"@id\":\"https:\/\/fairfaxcryobank.com\/de\/formulare-broschueren\",\"url\":\"https:\/\/fairfaxcryobank.com\/de\/formulare-broschueren\",\"name\":\"Formulare & Brosch\u00fcren Sperma-Banking | Fairfax Cryobank\",\"isPartOf\":{\"@id\":\"https:\/\/fairfaxcryobank.com\/de#website\"},\"datePublished\":\"2019-12-18T15:50:20+00:00\",\"dateModified\":\"2023-06-20T15:51:38+00:00\",\"description\":\"H\u00e4ufig gestellte Fragen rund um Spendersperma, Gentests, Bestellung und Lagerung. Wie w\u00e4hlt man die beste Samenbank? Bei Fairfax Cryobank die Antwort finden!\",\"breadcrumb\":{\"@id\":\"https:\/\/fairfaxcryobank.com\/de\/formulare-broschueren#breadcrumb\"},\"inLanguage\":\"de\",\"potentialAction\":[{\"@type\":\"ReadAction\",\"target\":[\"https:\/\/fairfaxcryobank.com\/de\/formulare-broschueren\"]}]},{\"@type\":\"BreadcrumbList\",\"@id\":\"https:\/\/fairfaxcryobank.com\/de\/formulare-broschueren#breadcrumb\",\"itemListElement\":[{\"@type\":\"ListItem\",\"position\":1,\"name\":\"Home\",\"item\":\"https:\/\/fairfaxcryobank.com\/de\"},{\"@type\":\"ListItem\",\"position\":2,\"name\":\"Formulare &#038; Brosch\u00fcren\"}]},{\"@type\":\"WebSite\",\"@id\":\"https:\/\/fairfaxcryobank.com\/de#website\",\"url\":\"https:\/\/fairfaxcryobank.com\/de\",\"name\":\"Fairfax Cryobank - Find a Sperm Donor\",\"description\":\"Top-Tier Sperm Bank\",\"publisher\":{\"@id\":\"https:\/\/fairfaxcryobank.com\/de#organization\"},\"potentialAction\":[{\"@type\":\"SearchAction\",\"target\":{\"@type\":\"EntryPoint\",\"urlTemplate\":\"https:\/\/fairfaxcryobank.com\/de?s={search_term_string}\"},\"query-input\":{\"@type\":\"PropertyValueSpecification\",\"valueRequired\":true,\"valueName\":\"search_term_string\"}}],\"inLanguage\":\"de\"},{\"@type\":\"Organization\",\"@id\":\"https:\/\/fairfaxcryobank.com\/de#organization\",\"name\":\"Fairfax Cryobank\",\"url\":\"https:\/\/fairfaxcryobank.com\/de\",\"logo\":{\"@type\":\"ImageObject\",\"inLanguage\":\"de\",\"@id\":\"https:\/\/fairfaxcryobank.com\/de#\/schema\/logo\/image\/\",\"url\":\"https:\/\/fairfaxcryobank.com\/wp-content\/uploads\/logo.webp\",\"contentUrl\":\"https:\/\/fairfaxcryobank.com\/wp-content\/uploads\/logo.webp\",\"width\":1,\"height\":1,\"caption\":\"Fairfax Cryobank\"},\"image\":{\"@id\":\"https:\/\/fairfaxcryobank.com\/de#\/schema\/logo\/image\/\"},\"sameAs\":[\"https:\/\/www.facebook.com\/fairfax.cryobank\",\"https:\/\/x.com\/FairfaxCryobank\",\"https:\/\/www.instagram.com\/fairfaxcryobank\/\",\"https:\/\/www.pinterest.com\/fairfaxcryo\/\"]}]}<\/script>\n<!-- \/ Yoast SEO plugin. -->","yoast_head_json":{"title":"Formulare & Brosch\u00fcren Sperma-Banking | Fairfax Cryobank","description":"H\u00e4ufig gestellte Fragen rund um Spendersperma, Gentests, Bestellung und Lagerung. Wie w\u00e4hlt man die beste Samenbank? Bei Fairfax Cryobank die Antwort finden!","robots":{"index":"index","follow":"follow","max-snippet":"max-snippet:-1","max-image-preview":"max-image-preview:large","max-video-preview":"max-video-preview:-1"},"canonical":"https:\/\/fairfaxcryobank.com\/de\/formulare-broschueren","og_locale":"de_DE","og_type":"article","og_title":"Formulare & Brosch\u00fcren Sperma-Banking | Fairfax Cryobank","og_description":"H\u00e4ufig gestellte Fragen rund um Spendersperma, Gentests, Bestellung und Lagerung. Wie w\u00e4hlt man die beste Samenbank? Bei Fairfax Cryobank die Antwort finden!","og_url":"https:\/\/fairfaxcryobank.com\/de\/formulare-broschueren","og_site_name":"Fairfax Cryobank - Find a Sperm Donor","article_publisher":"https:\/\/www.facebook.com\/fairfax.cryobank","article_modified_time":"2023-06-20T15:51:38+00:00","twitter_card":"summary_large_image","twitter_site":"@FairfaxCryobank","twitter_misc":{"Gesch\u00e4tzte Lesezeit":"2\u00a0Minuten"},"schema":{"@context":"https:\/\/schema.org","@graph":[{"@type":"WebPage","@id":"https:\/\/fairfaxcryobank.com\/de\/formulare-broschueren","url":"https:\/\/fairfaxcryobank.com\/de\/formulare-broschueren","name":"Formulare & Brosch\u00fcren Sperma-Banking | Fairfax Cryobank","isPartOf":{"@id":"https:\/\/fairfaxcryobank.com\/de#website"},"datePublished":"2019-12-18T15:50:20+00:00","dateModified":"2023-06-20T15:51:38+00:00","description":"H\u00e4ufig gestellte Fragen rund um Spendersperma, Gentests, Bestellung und Lagerung. Wie w\u00e4hlt man die beste Samenbank? Bei Fairfax Cryobank die Antwort finden!","breadcrumb":{"@id":"https:\/\/fairfaxcryobank.com\/de\/formulare-broschueren#breadcrumb"},"inLanguage":"de","potentialAction":[{"@type":"ReadAction","target":["https:\/\/fairfaxcryobank.com\/de\/formulare-broschueren"]}]},{"@type":"BreadcrumbList","@id":"https:\/\/fairfaxcryobank.com\/de\/formulare-broschueren#breadcrumb","itemListElement":[{"@type":"ListItem","position":1,"name":"Home","item":"https:\/\/fairfaxcryobank.com\/de"},{"@type":"ListItem","position":2,"name":"Formulare &#038; Brosch\u00fcren"}]},{"@type":"WebSite","@id":"https:\/\/fairfaxcryobank.com\/de#website","url":"https:\/\/fairfaxcryobank.com\/de","name":"Fairfax Cryobank - Find a Sperm Donor","description":"Top-Tier Sperm Bank","publisher":{"@id":"https:\/\/fairfaxcryobank.com\/de#organization"},"potentialAction":[{"@type":"SearchAction","target":{"@type":"EntryPoint","urlTemplate":"https:\/\/fairfaxcryobank.com\/de?s={search_term_string}"},"query-input":{"@type":"PropertyValueSpecification","valueRequired":true,"valueName":"search_term_string"}}],"inLanguage":"de"},{"@type":"Organization","@id":"https:\/\/fairfaxcryobank.com\/de#organization","name":"Fairfax Cryobank","url":"https:\/\/fairfaxcryobank.com\/de","logo":{"@type":"ImageObject","inLanguage":"de","@id":"https:\/\/fairfaxcryobank.com\/de#\/schema\/logo\/image\/","url":"https:\/\/fairfaxcryobank.com\/wp-content\/uploads\/logo.webp","contentUrl":"https:\/\/fairfaxcryobank.com\/wp-content\/uploads\/logo.webp","width":1,"height":1,"caption":"Fairfax Cryobank"},"image":{"@id":"https:\/\/fairfaxcryobank.com\/de#\/schema\/logo\/image\/"},"sameAs":["https:\/\/www.facebook.com\/fairfax.cryobank","https:\/\/x.com\/FairfaxCryobank","https:\/\/www.instagram.com\/fairfaxcryobank\/","https:\/\/www.pinterest.com\/fairfaxcryo\/"]}]}},"post_mailing_queue_ids":[],"_links":{"self":[{"href":"https:\/\/fairfaxcryobank.com\/de\/wp-json\/wp\/v2\/pages\/4913","targetHints":{"allow":["GET"]}}],"collection":[{"href":"https:\/\/fairfaxcryobank.com\/de\/wp-json\/wp\/v2\/pages"}],"about":[{"href":"https:\/\/fairfaxcryobank.com\/de\/wp-json\/wp\/v2\/types\/page"}],"author":[{"embeddable":true,"href":"https:\/\/fairfaxcryobank.com\/de\/wp-json\/wp\/v2\/users\/1"}],"replies":[{"embeddable":true,"href":"https:\/\/fairfaxcryobank.com\/de\/wp-json\/wp\/v2\/comments?post=4913"}],"version-history":[{"count":6,"href":"https:\/\/fairfaxcryobank.com\/de\/wp-json\/wp\/v2\/pages\/4913\/revisions"}],"predecessor-version":[{"id":25302,"href":"https:\/\/fairfaxcryobank.com\/de\/wp-json\/wp\/v2\/pages\/4913\/revisions\/25302"}],"wp:attachment":[{"href":"https:\/\/fairfaxcryobank.com\/de\/wp-json\/wp\/v2\/media?parent=4913"}],"curies":[{"name":"wp","href":"https:\/\/api.w.org\/{rel}","templated":true}]}}