{"id":4915,"date":"2019-12-18T15:50:53","date_gmt":"2019-12-18T15:50:53","guid":{"rendered":"https:\/\/fairfaxcryobank.com\/?page_id=4915"},"modified":"2021-07-28T14:31:25","modified_gmt":"2021-07-28T18:31:25","slug":"spender-sperma","status":"publish","type":"page","link":"https:\/\/fairfaxcryobank.com\/de\/spender-sperma","title":{"rendered":"Hochqualitatives Spendersperma"},"content":{"rendered":"\n<h2 class=\"wp-block-heading\">Fairfax Cryobank verf\u00fcgt \u00fcber die gr\u00f6\u00dfte Auswahl an hochwertigen Samenspendern online.<\/h2>\n\n\n\n<p>Seit 1986 ist die Fairfax Cryobank Ihr vertrauensw\u00fcrdiger Partner f\u00fcr Spendersamen. Wir legen gr\u00f6\u00dften Wert darauf, eine Vielzahl unterschiedlicher und gesunder Samenspender f\u00fcr unsere Kunden und Patienten zur Auswahl zu haben.<\/p>\n\n\n\n<h4 class=\"wp-block-heading\">Gro\u00dfe Auswahl an hochwertigen Samenspendern<\/h4>\n\n\n\n<p>Bei Fairfax Cryobank k\u00f6nnen Sie von \u00fcber 450 verschiedenen hochwertigen Samenspendern aus den Vereinigten Staaten w\u00e4hlen. Unsere Samenspender verf\u00fcgen \u00fcber unterschiedliche ethnische Hintergr\u00fcnde, Bildungsniveau, k\u00f6rperliche Merkmale und Charaktereigenschaften. Jede Woche erweitert unser Expertenteam der Fairfax Cryobank unsere Website mit neuen Spermaspendern, nachdem diese unseren strengen \u00dcberpr\u00fcfungsprozess und Spender-Screening durchlaufen haben.<\/p>\n\n\n\n<h4 class=\"wp-block-heading\">Keine Samenbank f\u00fchrt mehr Tests durch als Fairfax Cryobank<\/h4>\n\n\n\n<p>Mit dem umfangreichsten Spender-Screening und Tests nimmt die Fairfax Cryobank nur 1 von 200 Samenspender-Bewerbern in unser Programm f\u00fcr Samenspende auf. Fairfax \u00fcbertrifft die von der FDA geforderten Standards f\u00fcr die Spenderzul\u00e4ssigkeit, genetische Tests und Untersuchungen auf Infektionskrankheiten. Unser professionelles Team der Fairfax Cryobank ist bestrebt, die strengen Spender-Screening-Standards einzuhalten, die Fairfax Cryobank zum Branchenf\u00fchrer gemacht haben.<\/p>\n\n\n\n<h4 class=\"wp-block-heading\">Finden Sie Ihren Spermaspender online<\/h4>\n\n\n\n<p><strong>In nur 3 einfachen Schritten finden Sie Ihren perfekten Samenspender<\/strong><\/p>\n\n\n\n<ol class=\"wp-block-list\"><li><strong>W\u00e4hlen Sie in der Spendersuche Ihren gew\u00fcnschten Spender aus<br><\/strong>Besuchen Sie die Online-Spendersuche und wenden Sie die Filter an, um die gro\u00dfe Auswahl an Samenspendern zu verfeinern. Klicken Sie auf das Profil eines Samenspenders, um weitere Informationen zu seinem medizinischen Hintergrund, zu pers\u00f6nlichen Interessen und Fotos (als Erwachsener und als Kind) zu erhalten. Ihre bevorzugte Samenspender k\u00f6nnen Sie dann als Favoriten speichern.<\/li><li><strong>Bestellen Sie \u00fcber unseren Fairfax Cryobank Kundendienst\u00a0<br><\/strong>Rufen Sie +1 800 333 4211 an, um direkt mit unserem Fairfax Cryobank Kundenservice-Team zu sprechen. Unser f\u00fcrsorgliches und hilfsbereites Kundenteam wird Sie durch den gesamten Prozess f\u00fchren.<\/li><li><strong>Sperma versenden oder lagern<\/strong><br>Je nachdem, was Sie in der Zukunft vorhaben, wird das Kundenservice-Team veranlassen, dass Ihre Spermienampullen zu Ihrer Klinik oder nach Hause (je nach Standort) geschickt oder f\u00fcr die k\u00fcnftige Verwendung aufbewahrt werden.<\/li><\/ol>\n\n\n\n<p>Um mehr \u00fcber unsere Samenspender zu erfahren, besuchen Sie die folgenden Seiten rund um Spendersperma. Dort finden Sie alles von unseren Updates zum medizinischen Status des Samenspenders bis hin zu unserem Schwangerschaftsversprechen.<\/p>\n\n\n\n<ul class=\"wp-block-list\"><li><a href=\"\/de\/spender-screening\">Spender-Screening<\/a><\/li><li><a href=\"https:\/\/fairfaxcryobank.com\/de\/qualitaetskontrolle\">Sperma-Qualit\u00e4tsstandards<\/a><\/li><li><a href=\"https:\/\/fairfaxcryobank.com\/de\/informationen-zu-proben\">Informatien zu Proben<\/a><\/li><li><a href=\"https:\/\/fairfaxcryobank.com\/de\/updates-zum-gesundheitsstatus-des-spenders\">Updates zum Gesundheitsstatus des Spenders<\/a><\/li><li><a href=\"https:\/\/fairfaxcryobank.com\/de\/kosten\">Kosten<\/a><\/li><li><a href=\"https:\/\/fairfaxcryobank.com\/de\/bestellung-versand\">Bestellung &amp; Versand<\/a><\/li><li><a href=\"https:\/\/fairfaxcryobank.com\/de\/ampullen-rueckkauf\">Ampullen-R\u00fcckkauf<\/a><\/li><li><a href=\"https:\/\/fairfaxcryobank.com\/de\/schwangerschaftsversprechen\">Schwangerschaftsversprechen<\/a><\/li><li><a href=\"https:\/\/fairfaxcryobank.com\/de\/datenschutz-bestimmungen\">Datenschutz-Bestimmungen<\/a><\/li><\/ul>\n","protected":false},"excerpt":{"rendered":"<p>Fairfax Cryobank verf\u00fcgt \u00fcber die gr\u00f6\u00dfte Auswahl an hochwertigen Samenspendern online. Seit 1986 ist die Fairfax Cryobank Ihr vertrauensw\u00fcrdiger Partner f\u00fcr Spendersamen. Wir legen gr\u00f6\u00dften Wert darauf, eine Vielzahl unterschiedlicher und gesunder Samenspender f\u00fcr unsere Kunden und Patienten zur Auswahl zu haben. Gro\u00dfe Auswahl an hochwertigen Samenspendern Bei Fairfax Cryobank &#8230;<\/p>\n","protected":false},"author":1,"featured_media":4918,"parent":0,"menu_order":0,"comment_status":"closed","ping_status":"closed","template":"","meta":{"footnotes":""},"class_list":["post-4915","page","type-page","status-publish","has-post-thumbnail","hentry"],"yoast_head":"<!-- This site is optimized with the Yoast SEO plugin v27.1.1 - https:\/\/yoast.com\/product\/yoast-seo-wordpress\/ -->\n<title>Hochqualitatives Spendersperma finden | Fairfax Cryobank<\/title>\n<meta name=\"description\" content=\"Finden Sie hochqualitatives Spendersperma online bei der Fairfax Cryobank! Fairfax Cryobank verf\u00fcgt \u00fcber die gr\u00f6\u00dfte Auswahl an hochwertigen Samenspendern online\" \/>\n<meta name=\"robots\" content=\"index, follow, max-snippet:-1, max-image-preview:large, max-video-preview:-1\" \/>\n<link rel=\"canonical\" href=\"https:\/\/fairfaxcryobank.com\/de\/spender-sperma\" \/>\n<meta property=\"og:locale\" content=\"de_DE\" \/>\n<meta property=\"og:type\" content=\"article\" \/>\n<meta property=\"og:title\" content=\"Hochqualitatives Spendersperma finden | Fairfax Cryobank\" \/>\n<meta property=\"og:description\" content=\"Finden Sie hochqualitatives Spendersperma online bei der Fairfax Cryobank! Fairfax Cryobank verf\u00fcgt \u00fcber die gr\u00f6\u00dfte Auswahl an hochwertigen Samenspendern online\" \/>\n<meta property=\"og:url\" content=\"https:\/\/fairfaxcryobank.com\/de\/spender-sperma\" \/>\n<meta property=\"og:site_name\" content=\"Fairfax Cryobank - Find a Sperm Donor\" \/>\n<meta property=\"article:publisher\" content=\"https:\/\/www.facebook.com\/fairfax.cryobank\" \/>\n<meta property=\"article:modified_time\" content=\"2021-07-28T18:31:25+00:00\" \/>\n<meta property=\"og:image\" content=\"https:\/\/fairfaxcryobank.com\/wp-content\/uploads\/fairfax-cryobank-donor-sperm-1.jpg\" \/>\n\t<meta property=\"og:image:width\" content=\"1000\" \/>\n\t<meta property=\"og:image:height\" content=\"500\" \/>\n\t<meta property=\"og:image:type\" content=\"image\/jpeg\" \/>\n<meta name=\"twitter:card\" content=\"summary_large_image\" \/>\n<meta name=\"twitter:site\" content=\"@FairfaxCryobank\" \/>\n<meta name=\"twitter:label1\" content=\"Gesch\u00e4tzte Lesezeit\" \/>\n\t<meta name=\"twitter:data1\" content=\"2\u00a0Minuten\" \/>\n<script type=\"application\/ld+json\" class=\"yoast-schema-graph\">{\"@context\":\"https:\/\/schema.org\",\"@graph\":[{\"@type\":\"WebPage\",\"@id\":\"https:\/\/fairfaxcryobank.com\/de\/spender-sperma\",\"url\":\"https:\/\/fairfaxcryobank.com\/de\/spender-sperma\",\"name\":\"Hochqualitatives Spendersperma finden | Fairfax Cryobank\",\"isPartOf\":{\"@id\":\"https:\/\/fairfaxcryobank.com\/de#website\"},\"primaryImageOfPage\":{\"@id\":\"https:\/\/fairfaxcryobank.com\/de\/spender-sperma#primaryimage\"},\"image\":{\"@id\":\"https:\/\/fairfaxcryobank.com\/de\/spender-sperma#primaryimage\"},\"thumbnailUrl\":\"https:\/\/fairfaxcryobank.com\/wp-content\/uploads\/fairfax-cryobank-donor-sperm-1.jpg\",\"datePublished\":\"2019-12-18T15:50:53+00:00\",\"dateModified\":\"2021-07-28T18:31:25+00:00\",\"description\":\"Finden Sie hochqualitatives Spendersperma online bei der Fairfax Cryobank! Fairfax Cryobank verf\u00fcgt \u00fcber die gr\u00f6\u00dfte Auswahl an hochwertigen Samenspendern online\",\"breadcrumb\":{\"@id\":\"https:\/\/fairfaxcryobank.com\/de\/spender-sperma#breadcrumb\"},\"inLanguage\":\"de\",\"potentialAction\":[{\"@type\":\"ReadAction\",\"target\":[\"https:\/\/fairfaxcryobank.com\/de\/spender-sperma\"]}]},{\"@type\":\"ImageObject\",\"inLanguage\":\"de\",\"@id\":\"https:\/\/fairfaxcryobank.com\/de\/spender-sperma#primaryimage\",\"url\":\"https:\/\/fairfaxcryobank.com\/wp-content\/uploads\/fairfax-cryobank-donor-sperm-1.jpg\",\"contentUrl\":\"https:\/\/fairfaxcryobank.com\/wp-content\/uploads\/fairfax-cryobank-donor-sperm-1.jpg\",\"width\":1000,\"height\":500,\"caption\":\"Spender Sperma\"},{\"@type\":\"BreadcrumbList\",\"@id\":\"https:\/\/fairfaxcryobank.com\/de\/spender-sperma#breadcrumb\",\"itemListElement\":[{\"@type\":\"ListItem\",\"position\":1,\"name\":\"Home\",\"item\":\"https:\/\/fairfaxcryobank.com\/de\"},{\"@type\":\"ListItem\",\"position\":2,\"name\":\"Hochqualitatives Spendersperma\"}]},{\"@type\":\"WebSite\",\"@id\":\"https:\/\/fairfaxcryobank.com\/de#website\",\"url\":\"https:\/\/fairfaxcryobank.com\/de\",\"name\":\"Fairfax Cryobank - Find a Sperm Donor\",\"description\":\"Top-Tier Sperm Bank\",\"publisher\":{\"@id\":\"https:\/\/fairfaxcryobank.com\/de#organization\"},\"potentialAction\":[{\"@type\":\"SearchAction\",\"target\":{\"@type\":\"EntryPoint\",\"urlTemplate\":\"https:\/\/fairfaxcryobank.com\/de?s={search_term_string}\"},\"query-input\":{\"@type\":\"PropertyValueSpecification\",\"valueRequired\":true,\"valueName\":\"search_term_string\"}}],\"inLanguage\":\"de\"},{\"@type\":\"Organization\",\"@id\":\"https:\/\/fairfaxcryobank.com\/de#organization\",\"name\":\"Fairfax Cryobank\",\"url\":\"https:\/\/fairfaxcryobank.com\/de\",\"logo\":{\"@type\":\"ImageObject\",\"inLanguage\":\"de\",\"@id\":\"https:\/\/fairfaxcryobank.com\/de#\/schema\/logo\/image\/\",\"url\":\"https:\/\/fairfaxcryobank.com\/wp-content\/uploads\/logo.webp\",\"contentUrl\":\"https:\/\/fairfaxcryobank.com\/wp-content\/uploads\/logo.webp\",\"width\":1,\"height\":1,\"caption\":\"Fairfax Cryobank\"},\"image\":{\"@id\":\"https:\/\/fairfaxcryobank.com\/de#\/schema\/logo\/image\/\"},\"sameAs\":[\"https:\/\/www.facebook.com\/fairfax.cryobank\",\"https:\/\/x.com\/FairfaxCryobank\",\"https:\/\/www.instagram.com\/fairfaxcryobank\/\",\"https:\/\/www.pinterest.com\/fairfaxcryo\/\"]}]}<\/script>\n<!-- \/ Yoast SEO plugin. -->","yoast_head_json":{"title":"Hochqualitatives Spendersperma finden | Fairfax Cryobank","description":"Finden Sie hochqualitatives Spendersperma online bei der Fairfax Cryobank! Fairfax Cryobank verf\u00fcgt \u00fcber die gr\u00f6\u00dfte Auswahl an hochwertigen Samenspendern online","robots":{"index":"index","follow":"follow","max-snippet":"max-snippet:-1","max-image-preview":"max-image-preview:large","max-video-preview":"max-video-preview:-1"},"canonical":"https:\/\/fairfaxcryobank.com\/de\/spender-sperma","og_locale":"de_DE","og_type":"article","og_title":"Hochqualitatives Spendersperma finden | Fairfax Cryobank","og_description":"Finden Sie hochqualitatives Spendersperma online bei der Fairfax Cryobank! Fairfax Cryobank verf\u00fcgt \u00fcber die gr\u00f6\u00dfte Auswahl an hochwertigen Samenspendern online","og_url":"https:\/\/fairfaxcryobank.com\/de\/spender-sperma","og_site_name":"Fairfax Cryobank - Find a Sperm Donor","article_publisher":"https:\/\/www.facebook.com\/fairfax.cryobank","article_modified_time":"2021-07-28T18:31:25+00:00","og_image":[{"width":1000,"height":500,"url":"https:\/\/fairfaxcryobank.com\/wp-content\/uploads\/fairfax-cryobank-donor-sperm-1.jpg","type":"image\/jpeg"}],"twitter_card":"summary_large_image","twitter_site":"@FairfaxCryobank","twitter_misc":{"Gesch\u00e4tzte Lesezeit":"2\u00a0Minuten"},"schema":{"@context":"https:\/\/schema.org","@graph":[{"@type":"WebPage","@id":"https:\/\/fairfaxcryobank.com\/de\/spender-sperma","url":"https:\/\/fairfaxcryobank.com\/de\/spender-sperma","name":"Hochqualitatives Spendersperma finden | Fairfax Cryobank","isPartOf":{"@id":"https:\/\/fairfaxcryobank.com\/de#website"},"primaryImageOfPage":{"@id":"https:\/\/fairfaxcryobank.com\/de\/spender-sperma#primaryimage"},"image":{"@id":"https:\/\/fairfaxcryobank.com\/de\/spender-sperma#primaryimage"},"thumbnailUrl":"https:\/\/fairfaxcryobank.com\/wp-content\/uploads\/fairfax-cryobank-donor-sperm-1.jpg","datePublished":"2019-12-18T15:50:53+00:00","dateModified":"2021-07-28T18:31:25+00:00","description":"Finden Sie hochqualitatives Spendersperma online bei der Fairfax Cryobank! Fairfax Cryobank verf\u00fcgt \u00fcber die gr\u00f6\u00dfte Auswahl an hochwertigen Samenspendern online","breadcrumb":{"@id":"https:\/\/fairfaxcryobank.com\/de\/spender-sperma#breadcrumb"},"inLanguage":"de","potentialAction":[{"@type":"ReadAction","target":["https:\/\/fairfaxcryobank.com\/de\/spender-sperma"]}]},{"@type":"ImageObject","inLanguage":"de","@id":"https:\/\/fairfaxcryobank.com\/de\/spender-sperma#primaryimage","url":"https:\/\/fairfaxcryobank.com\/wp-content\/uploads\/fairfax-cryobank-donor-sperm-1.jpg","contentUrl":"https:\/\/fairfaxcryobank.com\/wp-content\/uploads\/fairfax-cryobank-donor-sperm-1.jpg","width":1000,"height":500,"caption":"Spender Sperma"},{"@type":"BreadcrumbList","@id":"https:\/\/fairfaxcryobank.com\/de\/spender-sperma#breadcrumb","itemListElement":[{"@type":"ListItem","position":1,"name":"Home","item":"https:\/\/fairfaxcryobank.com\/de"},{"@type":"ListItem","position":2,"name":"Hochqualitatives Spendersperma"}]},{"@type":"WebSite","@id":"https:\/\/fairfaxcryobank.com\/de#website","url":"https:\/\/fairfaxcryobank.com\/de","name":"Fairfax Cryobank - Find a Sperm Donor","description":"Top-Tier Sperm Bank","publisher":{"@id":"https:\/\/fairfaxcryobank.com\/de#organization"},"potentialAction":[{"@type":"SearchAction","target":{"@type":"EntryPoint","urlTemplate":"https:\/\/fairfaxcryobank.com\/de?s={search_term_string}"},"query-input":{"@type":"PropertyValueSpecification","valueRequired":true,"valueName":"search_term_string"}}],"inLanguage":"de"},{"@type":"Organization","@id":"https:\/\/fairfaxcryobank.com\/de#organization","name":"Fairfax Cryobank","url":"https:\/\/fairfaxcryobank.com\/de","logo":{"@type":"ImageObject","inLanguage":"de","@id":"https:\/\/fairfaxcryobank.com\/de#\/schema\/logo\/image\/","url":"https:\/\/fairfaxcryobank.com\/wp-content\/uploads\/logo.webp","contentUrl":"https:\/\/fairfaxcryobank.com\/wp-content\/uploads\/logo.webp","width":1,"height":1,"caption":"Fairfax Cryobank"},"image":{"@id":"https:\/\/fairfaxcryobank.com\/de#\/schema\/logo\/image\/"},"sameAs":["https:\/\/www.facebook.com\/fairfax.cryobank","https:\/\/x.com\/FairfaxCryobank","https:\/\/www.instagram.com\/fairfaxcryobank\/","https:\/\/www.pinterest.com\/fairfaxcryo\/"]}]}},"post_mailing_queue_ids":[],"_links":{"self":[{"href":"https:\/\/fairfaxcryobank.com\/de\/wp-json\/wp\/v2\/pages\/4915","targetHints":{"allow":["GET"]}}],"collection":[{"href":"https:\/\/fairfaxcryobank.com\/de\/wp-json\/wp\/v2\/pages"}],"about":[{"href":"https:\/\/fairfaxcryobank.com\/de\/wp-json\/wp\/v2\/types\/page"}],"author":[{"embeddable":true,"href":"https:\/\/fairfaxcryobank.com\/de\/wp-json\/wp\/v2\/users\/1"}],"replies":[{"embeddable":true,"href":"https:\/\/fairfaxcryobank.com\/de\/wp-json\/wp\/v2\/comments?post=4915"}],"version-history":[{"count":1,"href":"https:\/\/fairfaxcryobank.com\/de\/wp-json\/wp\/v2\/pages\/4915\/revisions"}],"predecessor-version":[{"id":17811,"href":"https:\/\/fairfaxcryobank.com\/de\/wp-json\/wp\/v2\/pages\/4915\/revisions\/17811"}],"wp:featuredmedia":[{"embeddable":true,"href":"https:\/\/fairfaxcryobank.com\/de\/wp-json\/wp\/v2\/media\/4918"}],"wp:attachment":[{"href":"https:\/\/fairfaxcryobank.com\/de\/wp-json\/wp\/v2\/media?parent=4915"}],"curies":[{"name":"wp","href":"https:\/\/api.w.org\/{rel}","templated":true}]}}