{"id":4920,"date":"2019-12-18T15:51:17","date_gmt":"2019-12-18T15:51:17","guid":{"rendered":"https:\/\/fairfaxcryobank.com\/?page_id=4920"},"modified":"2021-07-28T14:41:33","modified_gmt":"2021-07-28T18:41:33","slug":"spender-screening","status":"publish","type":"page","link":"https:\/\/fairfaxcryobank.com\/de\/spender-screening","title":{"rendered":"Spender-Screening"},"content":{"rendered":"\n<h2 class=\"wp-block-heading\">Fairfax Cryobank stellt strenge Anforderungen an Samenspender<\/h2>\n\n\n\n<p>Der Samenspender Screening-Prozess f\u00fcr alle Fairfax Cryobank Samenspender ist bewusst umfangreich angelegt und schlie\u00dft alle Bewerber aus, die nicht unseren branchenf\u00fchrenden Standards f\u00fcr Samenspende entsprechen.<\/p>\n\n\n\n<p>Die Anforderungen an den Spermaspender sowie das Spermaspender-Screening umfassen unter anderem:<\/p>\n\n\n\n<ul class=\"wp-block-list\"><li>Umfassender Gesundheitsfragebogen<\/li><li>K\u00f6rperliche Untersuchung<\/li><li>Tests auf medizinische, genetische und Infektionskrankheiten<\/li><li>Bewertung der Spermienqualit\u00e4t<\/li><li>Pers\u00f6nliche Interviews mit Mitarbeitern<\/li><li>\u00dcberpr\u00fcfung des Bildungsabschlusses durch \u00dcberpr\u00fcfung der Zeugnisse<\/li><li>\u00dcberpr\u00fcfung des strafrechtlichen Hintergrunds (seit 2013)<\/li><li>Psychologische Bewertungen (ab 2017)<\/li><li>Laufende Tests auf physische und Infektionskrankheiten, w\u00e4hrend die Spender aktiv sind <\/li><\/ul>\n\n\n\n<h3 class=\"wp-block-heading\">Spermaspender-Screening Video   <\/h3>\n\n\n\n<figure class=\"wp-block-embed-youtube wp-block-embed is-type-video is-provider-youtube wp-embed-aspect-16-9 wp-has-aspect-ratio\"><div class=\"wp-block-embed__wrapper\">\n<iframe loading=\"lazy\" title=\"Fairfax screens our quality sperm donors\" width=\"500\" height=\"281\" src=\"https:\/\/www.youtube.com\/embed\/51jeaLShZ2M?feature=oembed\" frameborder=\"0\" allow=\"accelerometer; autoplay; clipboard-write; encrypted-media; gyroscope; picture-in-picture; web-share\" referrerpolicy=\"strict-origin-when-cross-origin\" allowfullscreen><\/iframe>\n<\/div><\/figure>\n\n\n\n<p><strong>Vorl\u00e4ufige Bewertung:<\/strong><\/p>\n\n\n\n<p>Alle Antragsteller f\u00fcr Samenspende m\u00fcssen zwischen 18 und 39 Jahre alt sein. Jeder Antragsteller f\u00fcr Samenspende muss ein Antragsformular ausf\u00fcllen, das eine medizinische und genetische Anamnese bzw. Familiengeschichte des Antragstellers und seiner Familienangeh\u00f6rigen sowie eine Einverst\u00e4ndniserkl\u00e4rung und eine Einverst\u00e4ndniserkl\u00e4rung zur Probenfreigabe enth\u00e4lt. Jeder Antrag f\u00fcr Samenspende wird in einem pers\u00f6nlichen Gespr\u00e4ch mit dem Antragsteller f\u00fcr Samenspende \u00fcberpr\u00fcft. Antragsteller f\u00fcr Samenspender, die sich nicht in einer Risikogruppe f\u00fcr AIDS befinden und in der Vergangenheit keine ansteckenden \u00fcbertragbaren Krankheiten hatten, m\u00fcssen mindestens zwei Spermaproben zur Analyse einreichen.<\/p>\n\n\n\n<p><strong>Sperma-Analyse:<\/strong><\/p>\n\n\n\n<p>Jede zur Analyse eingereichte Spermaprobe wird auf Volumen, pH-Wert, Anzahl, Beweglichkeit, Fortschritt, Lebensf\u00e4higkeit, Abnormalit\u00e4t und wei\u00dfe Blutk\u00f6rperchen untersucht. Die Spermaproben werden eingefroren und anschlie\u00dfend aufgetaut und daraufhin analysiert und untersucht.Jeder Antragsteller f\u00fcr Samenspende, dessen Spermienprobe nicht den Mindeststandard von 20 Millionen beweglichen Zellen \/ ml nach dem Auftauen erf\u00fcllt, wird vom Samenspender Screening ausgeschlossen.<\/p>\n\n\n\n<p><strong>Bewertung von Infektionskrankheiten:<\/strong><\/p>\n\n\n\n<p>Es werden zwei Techniken verwendet, um Infektionskrankheiten beim Samenspender Screening zu erkennen. Bei serologischen Tests, dem Industriestandard, wird das Vorhandensein von k\u00f6rpereigenen Reaktionen (Antik\u00f6rpern) auf eine Infektion untersucht. Die andere Methode, die bei Fairfax Cryobank in gro\u00dfem Umfang angewendet wird, ist das \u201ePolymerase Chain Reaction Testing\u201c (PCR), auch NAT f\u00fcr Nucleic Acid Testing genannt, ein weitaus sensibleres und genaueres Testverfahren, bei dem mithilfe molekulargenetischer Techniken die Anwesenheit der DNA des Infektionserregers festgestellt wird.<\/p>\n\n\n\n<p><strong>Medizinische und genetische Gutachten:<\/strong><\/p>\n\n\n\n<p>Jeder Antragsteller f\u00fcr Spermaspende muss sich eine vollst\u00e4ndige k\u00f6rperliche Untersuchung unterziehen und seine medizinische und genetische Vorgeschichte wird von einem klinischen Genetiker bewertet. Es ist wichtig, ein umfassendes Verst\u00e4ndnis genetischer Erkrankungen und Vererbungen zu haben, um das bestm\u00f6gliche Samenspender-Screening auf vererbte Erkrankungen durchf\u00fchren zu k\u00f6nnen. Fairfax Cryobank bietet das Fachwissen von klinisch-genetischen Experten das f\u00fcr die Bewertung der medizinischen und famili\u00e4ren Vorgeschichte des Samenspenders notwendig ist, sowie f\u00fcr die \u00dcberpr\u00fcfung der Testergebnisse des umfangreichen genetischen Sperma Screenings, das bei allen Spenderantragstellern durchgef\u00fchrt wird. Jeder Antragsteller mit einer Familienanamnese, die ein \u00fcberdurchschnittliches Risiko f\u00fcr die \u00dcbertragung einer genetischen Erkrankung birgt, wird abgelehnt.<\/p>\n\n\n\n<p><strong>Pr\u00fcfung nach der Abnahme:<\/strong><\/p>\n\n\n\n<p>Sobald ein Antragsteller f\u00fcr Samenspende in das Spenderprogramm aufgenommen wurde, wird jede Spermaprobe einzeln vor dem Einfrieren und nach dem Auftauen bewertet. Samenproben, die nicht den Mindeststandards entsprechen, werden entsorgt. Alle Samenproben werden sechs Monate lang unter Quarant\u00e4ne gestellt und der Samenspender wird erneut auf HIV-1, HIV-2, HTLV-I und II, Hepatitis-B-Oberfl\u00e4chenantigen, Hepatitis C, Syphilis (RPR), CMV, Neisseria gonorrhea und Chlamydia trachomatis getestet, bevor diese Proben benutzt werden d\u00fcrfen.<\/p>\n\n\n\n<p><strong><a href=\"\/de\/updates-zum-gesundheitsstatus-des-spenders\"><a href=\"https:\/\/fairfaxcryobank.com\/de\/updates-zum-gesundheitsstatus-des-spenders\"><strong>Berichte und Meldungen \u00fcber Erkrankungen bei Spendernachkommen:<\/strong><\/a><\/a><\/strong><\/p>\n\n\n\n<p>Fairfax Cryobank engagiert sich f\u00fcr die Bereitstellung von Spendersamen, die gesunde Babys hervorbringen, von denen es in den zwanzig Jahren unseres Bestehens bereits Tausende gibt. In der Allgemeinbev\u00f6lkerung besteht jedoch f\u00fcr jede Schwangerschaft ein Risiko von 3 bis 4 %, ein Kind mit einem Geburtsfehler oder einer geistigen Behinderung zu zeugen. Unser umfangreiches Samenspender Screening reduziert dieses Risiko, kann es aber nicht komplett ausschlie\u00dfen.<\/p>\n\n\n\n<p>Wir bitten \u00c4rzte und unsere Kunden, uns zu benachrichtigen, wenn sie glauben, dass ein von Spendersamen geborenes Kind an einer Krankheit leidet. In den seltenen F\u00e4llen, in denen wir eine solche Mitteilung erhalten, nehmen wir diesen Samenspender sofort aus unserer Auswahl und untersuchen diese Mitteilung. Wir sammeln sorgf\u00e4ltig so viele Informationen wie m\u00f6glich \u00fcber jeden gemeldeten Zustand, fragen nach der Diagnose eines Arztes und der Familienanamnese der Mutter. Leider erhalten wir in vielen F\u00e4llen nie eine \u00e4rztliche Diagnose, die f\u00fcr eine ordnungsgem\u00e4\u00dfe Untersuchung der Meldung unerl\u00e4sslich ist.<\/p>\n\n\n\n<p>Unser medizinischer Direktor der Fairfax Cryobank ist ein Arzt, der eine Zulassung als Facharzt f\u00fcr P\u00e4diatrie und klinische Genetik besitzt. Er wertet alle klinischen Berichte und Meldungen sorgf\u00e4ltig aus. Wenn zus\u00e4tzliche Tests, Untersuchungen und Screening des Samenspenders durchgef\u00fchrt werden k\u00f6nnen (nicht f\u00fcr alle Erkrankungen ist ein einfacher Blut- oder Probentest verf\u00fcgbar), mit denen die Rolle eines Spenders identifiziert oder gekl\u00e4rt werden kann, ordnet er dies an. Wenn unser medizinischer Direktor feststellt, dass die Verwendung des Samenspenders das Risiko f\u00fcr das Auftreten eines medizinischen Zustands und \/ oder eines Geburtfehlers \u00fcber das Risiko in der Allgemeinbev\u00f6lkerung hinaus erh\u00f6hen k\u00f6nnte, werden wir diesen Samenspender einschr\u00e4nken, was bedeutet, dass sein Sperma nicht mehr zum Verkauf an die \u00d6ffentlichkeit verf\u00fcgbar ist.<\/p>\n\n\n\n<p>Unter bestimmten Umst\u00e4nden erlauben wir jedoch, dass dieser Samenspender nur f\u00fcr Kunden verf\u00fcgbar bleibt, die bereits ein Kind von demselben Spender haben, so dass diese die M\u00f6glichkeit haben, zu versuchen, ihrem Kind ein biologisches Geschwisterchen zu schenken. Personen, die ein biologisches Geschwisterchen f\u00fcr ihr Kind w\u00fcnschen, m\u00fcssen eine Einverst\u00e4ndniserkl\u00e4rung unterzeichnen, in der der klinische Zustand und die damit verbundenen Risiken beschrieben werden, bevor sie eine der Einheiten dieses Samenspenders f\u00fcr k\u00fcnftige Besamungen kaufen oder versenden k\u00f6nnen. Genetische Beratung wird empfohlen, damit diejenigen, die einen eingeschr\u00e4nkten Samenspender verwenden m\u00f6chten, ihre Fragen beantworten k\u00f6nnen, bevor sie eine Entscheidung zur Unterzeichnung der Einverst\u00e4ndniserkl\u00e4rung treffen. Unsere Kunden und ihre \u00c4rzte k\u00f6nnen dann selbst entscheiden, ob sie diesen Samenspender verwenden m\u00f6chten, oder nicht.Fairfax Cryobank ist branchenweit f\u00fchrend bei der \u00dcberpr\u00fcfung und Pr\u00fcfung seiner Spender. Wir unternehmen alles, um potenziellen M\u00fcttern und M\u00fcttern von Kindern, die durch Spendersamen gezeugt wurden, Informationen zur Verf\u00fcgung zu stellen, damit sie und ihre \u00c4rzte die besten Entscheidungen \u00fcber die Auswahl der Spendersamen und die k\u00fcnftige Gesundheit ihrer Kinder treffen k\u00f6nnen.<\/p>\n","protected":false},"excerpt":{"rendered":"<p>Fairfax Cryobank stellt strenge Anforderungen an Samenspender Der Samenspender Screening-Prozess f\u00fcr alle Fairfax Cryobank Samenspender ist bewusst umfangreich angelegt und schlie\u00dft alle Bewerber aus, die nicht unseren branchenf\u00fchrenden Standards f\u00fcr Samenspende entsprechen. Die Anforderungen an den Spermaspender sowie das Spermaspender-Screening umfassen unter anderem: Umfassender Gesundheitsfragebogen K\u00f6rperliche Untersuchung Tests auf medizinische, &#8230;<\/p>\n","protected":false},"author":1,"featured_media":0,"parent":0,"menu_order":0,"comment_status":"closed","ping_status":"closed","template":"","meta":{"footnotes":""},"class_list":["post-4920","page","type-page","status-publish","hentry"],"yoast_head":"<!-- This site is optimized with the Yoast SEO plugin v27.1.1 - https:\/\/yoast.com\/product\/yoast-seo-wordpress\/ -->\n<title>Samenspender-Screening und Anforderungen | Fairfax Cryobank<\/title>\n<meta name=\"description\" content=\"Hier finden Sie Infos zu Samenspender-Screening und Anforderungen an Spermaspender bei der Fairfax Cryobank. Mehr \u00fcber Screening-Prozess und Spermienqualit\u00e4t.\" \/>\n<meta name=\"robots\" content=\"index, follow, max-snippet:-1, max-image-preview:large, max-video-preview:-1\" \/>\n<link rel=\"canonical\" href=\"https:\/\/fairfaxcryobank.com\/de\/spender-screening\" \/>\n<meta property=\"og:locale\" content=\"de_DE\" \/>\n<meta property=\"og:type\" content=\"article\" \/>\n<meta property=\"og:title\" content=\"Samenspender-Screening und Anforderungen | Fairfax Cryobank\" \/>\n<meta property=\"og:description\" content=\"Hier finden Sie Infos zu Samenspender-Screening und Anforderungen an Spermaspender bei der Fairfax Cryobank. Mehr \u00fcber Screening-Prozess und Spermienqualit\u00e4t.\" \/>\n<meta property=\"og:url\" content=\"https:\/\/fairfaxcryobank.com\/de\/spender-screening\" \/>\n<meta property=\"og:site_name\" content=\"Fairfax Cryobank - Find a Sperm Donor\" \/>\n<meta property=\"article:publisher\" content=\"https:\/\/www.facebook.com\/fairfax.cryobank\" \/>\n<meta property=\"article:modified_time\" content=\"2021-07-28T18:41:33+00:00\" \/>\n<meta name=\"twitter:card\" content=\"summary_large_image\" \/>\n<meta name=\"twitter:site\" content=\"@FairfaxCryobank\" \/>\n<meta name=\"twitter:label1\" content=\"Gesch\u00e4tzte Lesezeit\" \/>\n\t<meta name=\"twitter:data1\" content=\"5\u00a0Minuten\" \/>\n<script type=\"application\/ld+json\" class=\"yoast-schema-graph\">{\"@context\":\"https:\/\/schema.org\",\"@graph\":[{\"@type\":\"WebPage\",\"@id\":\"https:\/\/fairfaxcryobank.com\/de\/spender-screening\",\"url\":\"https:\/\/fairfaxcryobank.com\/de\/spender-screening\",\"name\":\"Samenspender-Screening und Anforderungen | Fairfax Cryobank\",\"isPartOf\":{\"@id\":\"https:\/\/fairfaxcryobank.com\/de#website\"},\"datePublished\":\"2019-12-18T15:51:17+00:00\",\"dateModified\":\"2021-07-28T18:41:33+00:00\",\"description\":\"Hier finden Sie Infos zu Samenspender-Screening und Anforderungen an Spermaspender bei der Fairfax Cryobank. Mehr \u00fcber Screening-Prozess und Spermienqualit\u00e4t.\",\"breadcrumb\":{\"@id\":\"https:\/\/fairfaxcryobank.com\/de\/spender-screening#breadcrumb\"},\"inLanguage\":\"de\",\"potentialAction\":[{\"@type\":\"ReadAction\",\"target\":[\"https:\/\/fairfaxcryobank.com\/de\/spender-screening\"]}]},{\"@type\":\"BreadcrumbList\",\"@id\":\"https:\/\/fairfaxcryobank.com\/de\/spender-screening#breadcrumb\",\"itemListElement\":[{\"@type\":\"ListItem\",\"position\":1,\"name\":\"Home\",\"item\":\"https:\/\/fairfaxcryobank.com\/de\"},{\"@type\":\"ListItem\",\"position\":2,\"name\":\"Spender-Screening\"}]},{\"@type\":\"WebSite\",\"@id\":\"https:\/\/fairfaxcryobank.com\/de#website\",\"url\":\"https:\/\/fairfaxcryobank.com\/de\",\"name\":\"Fairfax Cryobank - Find a Sperm Donor\",\"description\":\"Top-Tier Sperm Bank\",\"publisher\":{\"@id\":\"https:\/\/fairfaxcryobank.com\/de#organization\"},\"potentialAction\":[{\"@type\":\"SearchAction\",\"target\":{\"@type\":\"EntryPoint\",\"urlTemplate\":\"https:\/\/fairfaxcryobank.com\/de?s={search_term_string}\"},\"query-input\":{\"@type\":\"PropertyValueSpecification\",\"valueRequired\":true,\"valueName\":\"search_term_string\"}}],\"inLanguage\":\"de\"},{\"@type\":\"Organization\",\"@id\":\"https:\/\/fairfaxcryobank.com\/de#organization\",\"name\":\"Fairfax Cryobank\",\"url\":\"https:\/\/fairfaxcryobank.com\/de\",\"logo\":{\"@type\":\"ImageObject\",\"inLanguage\":\"de\",\"@id\":\"https:\/\/fairfaxcryobank.com\/de#\/schema\/logo\/image\/\",\"url\":\"https:\/\/fairfaxcryobank.com\/wp-content\/uploads\/logo.webp\",\"contentUrl\":\"https:\/\/fairfaxcryobank.com\/wp-content\/uploads\/logo.webp\",\"width\":1,\"height\":1,\"caption\":\"Fairfax Cryobank\"},\"image\":{\"@id\":\"https:\/\/fairfaxcryobank.com\/de#\/schema\/logo\/image\/\"},\"sameAs\":[\"https:\/\/www.facebook.com\/fairfax.cryobank\",\"https:\/\/x.com\/FairfaxCryobank\",\"https:\/\/www.instagram.com\/fairfaxcryobank\/\",\"https:\/\/www.pinterest.com\/fairfaxcryo\/\"]}]}<\/script>\n<!-- \/ Yoast SEO plugin. -->","yoast_head_json":{"title":"Samenspender-Screening und Anforderungen | Fairfax Cryobank","description":"Hier finden Sie Infos zu Samenspender-Screening und Anforderungen an Spermaspender bei der Fairfax Cryobank. Mehr \u00fcber Screening-Prozess und Spermienqualit\u00e4t.","robots":{"index":"index","follow":"follow","max-snippet":"max-snippet:-1","max-image-preview":"max-image-preview:large","max-video-preview":"max-video-preview:-1"},"canonical":"https:\/\/fairfaxcryobank.com\/de\/spender-screening","og_locale":"de_DE","og_type":"article","og_title":"Samenspender-Screening und Anforderungen | Fairfax Cryobank","og_description":"Hier finden Sie Infos zu Samenspender-Screening und Anforderungen an Spermaspender bei der Fairfax Cryobank. Mehr \u00fcber Screening-Prozess und Spermienqualit\u00e4t.","og_url":"https:\/\/fairfaxcryobank.com\/de\/spender-screening","og_site_name":"Fairfax Cryobank - Find a Sperm Donor","article_publisher":"https:\/\/www.facebook.com\/fairfax.cryobank","article_modified_time":"2021-07-28T18:41:33+00:00","twitter_card":"summary_large_image","twitter_site":"@FairfaxCryobank","twitter_misc":{"Gesch\u00e4tzte Lesezeit":"5\u00a0Minuten"},"schema":{"@context":"https:\/\/schema.org","@graph":[{"@type":"WebPage","@id":"https:\/\/fairfaxcryobank.com\/de\/spender-screening","url":"https:\/\/fairfaxcryobank.com\/de\/spender-screening","name":"Samenspender-Screening und Anforderungen | Fairfax Cryobank","isPartOf":{"@id":"https:\/\/fairfaxcryobank.com\/de#website"},"datePublished":"2019-12-18T15:51:17+00:00","dateModified":"2021-07-28T18:41:33+00:00","description":"Hier finden Sie Infos zu Samenspender-Screening und Anforderungen an Spermaspender bei der Fairfax Cryobank. Mehr \u00fcber Screening-Prozess und Spermienqualit\u00e4t.","breadcrumb":{"@id":"https:\/\/fairfaxcryobank.com\/de\/spender-screening#breadcrumb"},"inLanguage":"de","potentialAction":[{"@type":"ReadAction","target":["https:\/\/fairfaxcryobank.com\/de\/spender-screening"]}]},{"@type":"BreadcrumbList","@id":"https:\/\/fairfaxcryobank.com\/de\/spender-screening#breadcrumb","itemListElement":[{"@type":"ListItem","position":1,"name":"Home","item":"https:\/\/fairfaxcryobank.com\/de"},{"@type":"ListItem","position":2,"name":"Spender-Screening"}]},{"@type":"WebSite","@id":"https:\/\/fairfaxcryobank.com\/de#website","url":"https:\/\/fairfaxcryobank.com\/de","name":"Fairfax Cryobank - Find a Sperm Donor","description":"Top-Tier Sperm Bank","publisher":{"@id":"https:\/\/fairfaxcryobank.com\/de#organization"},"potentialAction":[{"@type":"SearchAction","target":{"@type":"EntryPoint","urlTemplate":"https:\/\/fairfaxcryobank.com\/de?s={search_term_string}"},"query-input":{"@type":"PropertyValueSpecification","valueRequired":true,"valueName":"search_term_string"}}],"inLanguage":"de"},{"@type":"Organization","@id":"https:\/\/fairfaxcryobank.com\/de#organization","name":"Fairfax Cryobank","url":"https:\/\/fairfaxcryobank.com\/de","logo":{"@type":"ImageObject","inLanguage":"de","@id":"https:\/\/fairfaxcryobank.com\/de#\/schema\/logo\/image\/","url":"https:\/\/fairfaxcryobank.com\/wp-content\/uploads\/logo.webp","contentUrl":"https:\/\/fairfaxcryobank.com\/wp-content\/uploads\/logo.webp","width":1,"height":1,"caption":"Fairfax Cryobank"},"image":{"@id":"https:\/\/fairfaxcryobank.com\/de#\/schema\/logo\/image\/"},"sameAs":["https:\/\/www.facebook.com\/fairfax.cryobank","https:\/\/x.com\/FairfaxCryobank","https:\/\/www.instagram.com\/fairfaxcryobank\/","https:\/\/www.pinterest.com\/fairfaxcryo\/"]}]}},"post_mailing_queue_ids":[],"_links":{"self":[{"href":"https:\/\/fairfaxcryobank.com\/de\/wp-json\/wp\/v2\/pages\/4920","targetHints":{"allow":["GET"]}}],"collection":[{"href":"https:\/\/fairfaxcryobank.com\/de\/wp-json\/wp\/v2\/pages"}],"about":[{"href":"https:\/\/fairfaxcryobank.com\/de\/wp-json\/wp\/v2\/types\/page"}],"author":[{"embeddable":true,"href":"https:\/\/fairfaxcryobank.com\/de\/wp-json\/wp\/v2\/users\/1"}],"replies":[{"embeddable":true,"href":"https:\/\/fairfaxcryobank.com\/de\/wp-json\/wp\/v2\/comments?post=4920"}],"version-history":[{"count":1,"href":"https:\/\/fairfaxcryobank.com\/de\/wp-json\/wp\/v2\/pages\/4920\/revisions"}],"predecessor-version":[{"id":17813,"href":"https:\/\/fairfaxcryobank.com\/de\/wp-json\/wp\/v2\/pages\/4920\/revisions\/17813"}],"wp:attachment":[{"href":"https:\/\/fairfaxcryobank.com\/de\/wp-json\/wp\/v2\/media?parent=4920"}],"curies":[{"name":"wp","href":"https:\/\/api.w.org\/{rel}","templated":true}]}}