{"id":4926,"date":"2019-12-18T15:52:21","date_gmt":"2019-12-18T15:52:21","guid":{"rendered":"https:\/\/fairfaxcryobank.com\/?page_id=4926"},"modified":"2026-03-11T08:27:23","modified_gmt":"2026-03-11T12:27:23","slug":"kosten","status":"publish","type":"page","link":"https:\/\/fairfaxcryobank.com\/de\/kosten","title":{"rendered":"Kosten"},"content":{"rendered":"\n<h2 class=\"wp-block-heading\"><strong>Spermabank \u2013 Preise und Kosten von Spendersamen<\/strong><\/h2>\n\n\n\n<p>Sie fragen sich bestimmt, wieviel <strong>Spendersamen kosten<\/strong>, vor allem, wenn Sie diesen Service noch nie benutzt haben. Unser Team teilt Ihnen diese wichtigen Informationen gerne mit, damit Sie entsprechend planen k\u00f6nnen. Finden Sie mehr \u00fcber <strong>Samenbank Service Kosten und Preise<\/strong> heraus, sowie<strong> Kosten und Preise f\u00fcr Spendersamen.<\/strong><\/p>\n\n\n\n<p>Fairfax Cryobank bietet eine umfangreiche Auswahl streng getesteter Samenspender. Nach Abschluss unseres branchenf\u00fchrenden Screening-Prozesses ist nur 1% der Bewerber erfolgreich. Wenn Sie bei uns bestellen, k\u00f6nnen Sie also v\u00f6llig sicher sein!<\/p>\n\n\n\n<p>Die Preise unserer Samenbank sowie die Spendersamen Kosten h\u00e4ngen von mehreren kritischen Faktoren ab, darunter:<\/p>\n\n\n\n<ul class=\"wp-block-list\">\n<li>Pr\u00e4parationsart, basierend auf Ihrem bevorzugten medizinischen Verfahren, z. B. IUI oder ICI <\/li>\n\n\n\n<li>Verf\u00fcgbarkeit<\/li>\n<\/ul>\n\n\n\n<p>Als allgemeine Richtlinie k\u00f6nnen Sie mit Samenbank Kosten und Preise zwischen $750 und $1595 US-Dollar rechnen. Die spenderspezifischen Geb\u00fchren und Verf\u00fcgbarkeiten sind im Profil jedes Samenspenders aufgef\u00fchrt.<\/p>\n\n\n\n<p>Weitere Informationen zu den Spenderkosten und Samenspender Preise erhalten Sie in der folgenden Tabelle oder von unserem freundlichen Kundendienst unter der Nummer 0800 333 4211. Gerne beraten wir Sie \u00fcber unser Preissystem und beantworten Ihre Fragen bzgl. Kosten von unserer Samenbank und Spendersamen Preise.<\/p>\n\n\n\n<p>2\nJahre kostenlose Lagerung ab Kaufdatum bei Abnahmemengen ab 8 Einheiten \/\nBestellung oder mehr.<\/p>\n\n\n\n<h3 class=\"wp-block-heading\">Samenspender Produkte &#8211; Preise und Kosten<\/h3>\n\n\n\n<p>G\u00fcltig ab Januar 2022<\/p>\n\n\n\n<figure class=\"wp-block-table\"><table><tbody><tr><td><strong>Produkt<\/strong><\/td><td><strong>Website Download<\/strong><\/td><td><strong>Kopie per Post*<\/strong><\/td><\/tr><tr><td>Zusammenfassungsprofil (1-3 Seiten)<\/td><td>Kostenlos Aufsatz<\/td><td>Nur online<\/td><\/tr><tr><td>Aufsatz<\/td><td>Kostenlos<\/td><td>Nur online<\/td><\/tr><tr><td>Audio-Clip<\/td><td>Kostenlos<\/td><td>Nur online<\/td><\/tr><tr><td>Eindruck der Mitarbeiter<\/td><td>Kostenlos<\/td><td>Nur online<\/td><\/tr><tr><td>Medizinisches Profil (12-15)<\/td><td>Kostenlos<\/td><td>$23<\/td><\/tr><tr><td>Pers\u00f6nliches Profil (9-14)<\/td><td>$26<\/td><td>$29<\/td><\/tr><tr><td>Kindheitsfoto<\/td><td>Kostenlos<\/td><td>Kostenlos<\/td><\/tr><tr><td>Silhouette<\/td><td>$27<\/td><td>$29<\/td><\/tr><tr><td>Audio-Interview<\/td><td>$37<\/td><td>$40<\/td><\/tr><tr><td>Lebenszeit-Serien-Foto-Set<\/td><td>$95<\/td><td>$115<\/td><\/tr><tr><td>Foto aus der Kindheit\/als Erwachsener (2 Fotos)<\/td><td>$65<\/td><td>$85<\/td><\/tr><tr><td>Kindheit Foto \/ Silhouette &#8211; Set<\/td><td>$30<\/td><td>$33<\/td><\/tr><tr><td>Profilset: Pers\u00f6nlich, Medizinisch, Audio, Kindheit und Silhouette<\/td><td>$83<\/td><td>$98<\/td><\/tr><tr><td>Teilprofil-Set: Pers\u00f6nlich, Medizinisch und Audio<\/td><td>$55<\/td><td>$60<\/td><\/tr><tr><td>Unlimited Access Packages: Zugriff auf alle Spenderinformationen.<\/td><td>$109-$499<\/td><td>N\/A<\/td><\/tr><tr><td>BASIC Access <\/td><td>$109<\/td><td>N\/A<\/td><\/tr><tr><td>VOLLST\u00c4NDIGER Zugriff <\/td><td>$129<\/td><td>N\/A<\/td><\/tr><tr><td><a href=\"https:\/\/fairfaxcryobank.com\/club-fairfax\">Club Fairfax<\/a><\/td><td>$499.95 \/ jahr<\/td><td>N\/A<\/td><\/tr><tr><td>Pers\u00f6nlichkeitstyp<\/td><td>$9<\/td><td>N\/A<\/td><\/tr><tr><td>Versand \/ Bearbeitung von Spenderinformationen<\/td><\/tr><tr><td>USPS<\/td><td>$10<\/td><td>N\/A<\/td><\/tr><tr><td>FedEx Overnight Brief<\/td><td>$30<\/td><td>N\/A<\/td><\/tr><tr><td>FedEx Letter Samstagszustellung<\/td><td>$45<\/td><td>N\/A<\/td><\/tr><tr><td>FedEx au\u00dferhalb der USA<\/td><td>N\/A<\/td><td>N\/A<\/td><\/tr><tr><td>Profil per Fax<\/td><td>$10 profil<\/td><td>N\/A<\/td><\/tr><\/tbody><\/table><\/figure>\n\n\n\n<p><em>*inkl. Versand per USPS<\/em><\/p>\n\n\n\n<h3 class=\"wp-block-heading\">Versand<\/h3>\n\n\n\n<figure class=\"wp-block-table is-style-stripes\"><table><tbody><tr><td><strong>Versand<\/strong><\/td><td><strong>Kosten<\/strong><\/td><\/tr><tr><td>International Priority<\/td><td>$899 EUR pro Container<\/td><\/tr><\/tbody><\/table><\/figure>\n\n\n\n<p><em>** Beinhaltet die R\u00fcckgabe des Containers f\u00fcr FedEx und den \u00f6rtlichen Kurier<\/em><\/p>\n\n\n\n<h3 class=\"wp-block-heading\">Sonstiges Zus\u00e4tzliche Geb\u00fchren<\/h3>\n\n\n\n<figure class=\"wp-block-table\"><table><tbody><tr><td><strong>Zus\u00e4tzliche Geb\u00fchren<\/strong><\/td><td><strong>Kosten<\/strong><\/td><\/tr><tr><td>Wiederauff\u00fcllungsgeb\u00fchr (Stornierung der Bestellung)<\/td><td>$100 \/ bestellung<\/td><\/tr><tr><td>Upgrade auf 14-Tage-Tank<\/td><td>$50<\/td><\/tr><tr><td>FedEx Priority Tank-R\u00fcckgabe<\/td><td>$80<\/td><\/tr><tr><td>FedEx Samstag Lieferung von Tank<\/td><td>$40 zus\u00e4tzlich \/ Container<\/td><\/tr><tr><td>Versp\u00e4teter Tank &#8211; Geb\u00fchr Inland (nach 14 Tagen)<\/td><td>$20 \/ tag<\/td><\/tr><tr><td>Versp\u00e4teter Tank &#8211; Geb\u00fchr International (nach 30 Tagen)<\/td><td>$90 \/ monat<\/td><\/tr><tr><td>Verlorener oder nicht zur\u00fcckgegebener Tank<\/td><td>$975 \/ tank<\/td><\/tr><tr><td>Internationaler Versand Tank Kaution (erstattungsf\u00e4hig)<\/td><td>$975 \/ tank<\/td><\/tr><tr><td>Lieferung Haushalt<\/td><td>$20 zus\u00e4tzlich \/ Container<\/td><\/tr><tr><td>Kontoeinrichtung am selben Tag<\/td><td>$100<\/td><\/tr><tr><td>Kontoeinrichtung am n\u00e4chsten Tag<\/td><td>Kostenlos<\/td><\/tr><tr><td>Einverst\u00e4ndniserkl\u00e4rung am selben Tag<\/td><td>$100<\/td><\/tr><tr><td>Ampullenaustausch<\/td><td>$160<\/td><\/tr><tr><td>Eigentums\u00fcbertragung an Fl\u00e4schchen<\/td><td>$300<\/td><\/tr><tr><td>Soft Transfer of Ownership (in Klinik gelagerte Fl\u00e4schchen)<\/td><td>$100<\/td><\/tr><\/tbody><\/table><\/figure>\n\n\n\n<h3 class=\"wp-block-heading\">Spenderauswahl<\/h3>\n\n\n\n<figure class=\"wp-block-table\"><table><tbody><tr><td><strong>Spenderauswahl-Services<\/strong><\/td><td><strong>Kosten<\/strong><\/td><\/tr><tr><td>Fairfax FaceMatch\u00ae<\/td><td>Kostenlos<\/td><\/tr><tr><td>Foto-Beratung<\/td><td>$80<\/td><\/tr><tr><td>Beratung zur Spenderauswahl<\/td><td>Kostenlos<\/td><\/tr><tr><td>Genetische Beratung<\/td><td>$100 \/ 30min telefonische Beratung<\/td><\/tr><\/tbody><\/table><\/figure>\n\n\n\n<h2 class=\"wp-block-heading\">Labordienste<\/h2>\n\n\n\n<figure class=\"wp-block-table\"><table><tbody><tr><td><strong>Labordienste<\/strong><\/td><td><strong>Kosten<\/strong><\/td><\/tr><tr><td>Kundeneinlage (Speichern Ihres eigenen Samens) Nur Samenanalyse<\/td><td>$150 \/ probe<\/td><\/tr><tr><td>Samenprobenanalyse, Standardverfahren und Einfrieren (ungewaschen)<\/td><td>$350 \/ probe <\/td><\/tr><tr><td>Samenprobenanalyse, vorgewaschener Prozess und Einfrieren<\/td><td>$460 \/ probe<\/td><\/tr><tr><td>Erstbesuch Konsultation<\/td><td>$150<\/td><\/tr><tr><td>Bluttest: Test auf minimale Infektionskrankheiten<\/td><td>$140<\/td><\/tr><tr><td>Samenprobenfreigabe (Bearbeitung)<\/td><td>$45<\/td><\/tr><tr><td>\u00dcbertragungskosten<\/td><td>$220<\/td><\/tr><\/tbody><\/table><\/figure>\n\n\n\n<h3 class=\"wp-block-heading\">Lagerungskosten<\/h3>\n\n\n\n<figure class=\"wp-block-table\"><table><tbody><tr><td><strong>Lager<\/strong><\/td><td><strong>Standard<\/strong><\/td><td><strong>Gefahrenstoff **<\/strong><\/td><\/tr><tr><td>Monatlich (automatische Zahlung)<\/td><td>$50<\/td><td>$75<\/td><\/tr><tr><td>Prepaid 6 Monate<\/td><td>$250<\/td><td>$375<\/td><\/tr><tr><td>Prepaid 1 Jahr<\/td><td>$480<\/td><td>$720<\/td><\/tr><tr><td>Prepaid 2 Jahr <\/td><td>$800<\/td><td>$1200<\/td><\/tr><tr><td>Prepaid 3 Jahr <\/td><td>$1250<\/td><td>$1800<\/td><\/tr><tr><td>Prepaid 5 Jahr <\/td><td>$1650<\/td><td>$2475<\/td><\/tr><tr><td>Prepaid 10 Jahr <\/td><td>$3000<\/td><td>$4200<\/td><\/tr><tr><td>Bearbeitungsgeb\u00fchr f\u00fcr die Entfernung aus dem Lager<\/td><td>$45\/container<\/td><td>$45\/container<\/td><\/tr><\/tbody><\/table><\/figure>\n\n\n\n<p>2 Jahre kostenlose Lagerung ab Kaufdatum bei Abnahmemengen ab 8 Einheiten \/ Bestellung oder mehr.<\/p>\n\n\n\n<h4 class=\"wp-block-heading\"><strong>Internationale Kosten<\/strong><\/h4>\n\n\n\n<p>Alle angegebenen Preise sind in US-Dollar<\/p>\n\n\n\n<h4 class=\"wp-block-heading\"><strong>Akzeptierte Zahlungsmethoden:<\/strong><\/h4>\n\n\n\n<p>Wir akzeptieren alle g\u00e4ngigen Kreditkarten wie Visa, Mastercard, American Express und Discover. Alle M\u00f6glichkeiten zum Einrichten der Finanzierung finden Sie hier: Finanzierungsoptionen. Wir akzeptieren auch Zahlungsanweisungen und Bankschecks. Bargeld wird nur f\u00fcr lokale Abholungen akzeptiert. Fairfax Cryobank muss die Zahlung erhalten, bevor eine Bestellung unser Werk verl\u00e4sst.<\/p>\n\n\n\n<p><em><strong>Alle Geb\u00fchren k\u00f6nnen ohne vorherige Ank\u00fcndigung ge\u00e4ndert werden <\/strong><\/em><\/p>\n","protected":false},"excerpt":{"rendered":"<p>Spermabank \u2013 Preise und Kosten von Spendersamen Sie fragen sich bestimmt, wieviel Spendersamen kosten, vor allem, wenn Sie diesen Service noch nie benutzt haben. Unser Team teilt Ihnen diese wichtigen Informationen gerne mit, damit Sie entsprechend planen k\u00f6nnen. Finden Sie mehr \u00fcber Samenbank Service Kosten und Preise heraus, sowie Kosten &#8230;<\/p>\n","protected":false},"author":1,"featured_media":0,"parent":0,"menu_order":0,"comment_status":"closed","ping_status":"closed","template":"","meta":{"footnotes":""},"class_list":["post-4926","page","type-page","status-publish","hentry"],"yoast_head":"<!-- This site is optimized with the Yoast SEO plugin v27.1.1 - https:\/\/yoast.com\/product\/yoast-seo-wordpress\/ -->\n<title>Spermabank &amp; Spendersamen: Kosten &amp; Preise | Fairfax Cryobank<\/title>\n<meta name=\"description\" content=\"Erfahren Sie mehr \u00fcber Kosten und Preise von Spendersamen und Samenbank Dienstleistungen und Services. Spenderkosten und Spermabank Preise bei Fairfax Cryobank.\" \/>\n<meta name=\"robots\" content=\"index, follow, max-snippet:-1, max-image-preview:large, max-video-preview:-1\" \/>\n<link rel=\"canonical\" href=\"https:\/\/fairfaxcryobank.com\/de\/kosten\" \/>\n<meta property=\"og:locale\" content=\"de_DE\" \/>\n<meta property=\"og:type\" content=\"article\" \/>\n<meta property=\"og:title\" content=\"Spermabank &amp; Spendersamen: Kosten &amp; Preise | Fairfax Cryobank\" \/>\n<meta property=\"og:description\" content=\"Erfahren Sie mehr \u00fcber Kosten und Preise von Spendersamen und Samenbank Dienstleistungen und Services. Spenderkosten und Spermabank Preise bei Fairfax Cryobank.\" \/>\n<meta property=\"og:url\" content=\"https:\/\/fairfaxcryobank.com\/de\/kosten\" \/>\n<meta property=\"og:site_name\" content=\"Fairfax Cryobank - Find a Sperm Donor\" \/>\n<meta property=\"article:publisher\" content=\"https:\/\/www.facebook.com\/fairfax.cryobank\" \/>\n<meta property=\"article:modified_time\" content=\"2026-03-11T12:27:23+00:00\" \/>\n<meta name=\"twitter:card\" content=\"summary_large_image\" \/>\n<meta name=\"twitter:site\" content=\"@FairfaxCryobank\" \/>\n<meta name=\"twitter:label1\" content=\"Gesch\u00e4tzte Lesezeit\" \/>\n\t<meta name=\"twitter:data1\" content=\"3\u00a0Minuten\" \/>\n<script type=\"application\/ld+json\" class=\"yoast-schema-graph\">{\"@context\":\"https:\/\/schema.org\",\"@graph\":[{\"@type\":\"WebPage\",\"@id\":\"https:\/\/fairfaxcryobank.com\/de\/kosten\",\"url\":\"https:\/\/fairfaxcryobank.com\/de\/kosten\",\"name\":\"Spermabank & Spendersamen: Kosten & Preise | Fairfax Cryobank\",\"isPartOf\":{\"@id\":\"https:\/\/fairfaxcryobank.com\/de#website\"},\"datePublished\":\"2019-12-18T15:52:21+00:00\",\"dateModified\":\"2026-03-11T12:27:23+00:00\",\"description\":\"Erfahren Sie mehr \u00fcber Kosten und Preise von Spendersamen und Samenbank Dienstleistungen und Services. Spenderkosten und Spermabank Preise bei Fairfax Cryobank.\",\"breadcrumb\":{\"@id\":\"https:\/\/fairfaxcryobank.com\/de\/kosten#breadcrumb\"},\"inLanguage\":\"de\",\"potentialAction\":[{\"@type\":\"ReadAction\",\"target\":[\"https:\/\/fairfaxcryobank.com\/de\/kosten\"]}]},{\"@type\":\"BreadcrumbList\",\"@id\":\"https:\/\/fairfaxcryobank.com\/de\/kosten#breadcrumb\",\"itemListElement\":[{\"@type\":\"ListItem\",\"position\":1,\"name\":\"Home\",\"item\":\"https:\/\/fairfaxcryobank.com\/de\"},{\"@type\":\"ListItem\",\"position\":2,\"name\":\"Kosten\"}]},{\"@type\":\"WebSite\",\"@id\":\"https:\/\/fairfaxcryobank.com\/de#website\",\"url\":\"https:\/\/fairfaxcryobank.com\/de\",\"name\":\"Fairfax Cryobank - Find a Sperm Donor\",\"description\":\"Top-Tier Sperm Bank\",\"publisher\":{\"@id\":\"https:\/\/fairfaxcryobank.com\/de#organization\"},\"potentialAction\":[{\"@type\":\"SearchAction\",\"target\":{\"@type\":\"EntryPoint\",\"urlTemplate\":\"https:\/\/fairfaxcryobank.com\/de?s={search_term_string}\"},\"query-input\":{\"@type\":\"PropertyValueSpecification\",\"valueRequired\":true,\"valueName\":\"search_term_string\"}}],\"inLanguage\":\"de\"},{\"@type\":\"Organization\",\"@id\":\"https:\/\/fairfaxcryobank.com\/de#organization\",\"name\":\"Fairfax Cryobank\",\"url\":\"https:\/\/fairfaxcryobank.com\/de\",\"logo\":{\"@type\":\"ImageObject\",\"inLanguage\":\"de\",\"@id\":\"https:\/\/fairfaxcryobank.com\/de#\/schema\/logo\/image\/\",\"url\":\"https:\/\/fairfaxcryobank.com\/wp-content\/uploads\/logo.webp\",\"contentUrl\":\"https:\/\/fairfaxcryobank.com\/wp-content\/uploads\/logo.webp\",\"width\":1,\"height\":1,\"caption\":\"Fairfax Cryobank\"},\"image\":{\"@id\":\"https:\/\/fairfaxcryobank.com\/de#\/schema\/logo\/image\/\"},\"sameAs\":[\"https:\/\/www.facebook.com\/fairfax.cryobank\",\"https:\/\/x.com\/FairfaxCryobank\",\"https:\/\/www.instagram.com\/fairfaxcryobank\/\",\"https:\/\/www.pinterest.com\/fairfaxcryo\/\"]}]}<\/script>\n<!-- \/ Yoast SEO plugin. -->","yoast_head_json":{"title":"Spermabank & Spendersamen: Kosten & Preise | Fairfax Cryobank","description":"Erfahren Sie mehr \u00fcber Kosten und Preise von Spendersamen und Samenbank Dienstleistungen und Services. Spenderkosten und Spermabank Preise bei Fairfax Cryobank.","robots":{"index":"index","follow":"follow","max-snippet":"max-snippet:-1","max-image-preview":"max-image-preview:large","max-video-preview":"max-video-preview:-1"},"canonical":"https:\/\/fairfaxcryobank.com\/de\/kosten","og_locale":"de_DE","og_type":"article","og_title":"Spermabank & Spendersamen: Kosten & Preise | Fairfax Cryobank","og_description":"Erfahren Sie mehr \u00fcber Kosten und Preise von Spendersamen und Samenbank Dienstleistungen und Services. Spenderkosten und Spermabank Preise bei Fairfax Cryobank.","og_url":"https:\/\/fairfaxcryobank.com\/de\/kosten","og_site_name":"Fairfax Cryobank - Find a Sperm Donor","article_publisher":"https:\/\/www.facebook.com\/fairfax.cryobank","article_modified_time":"2026-03-11T12:27:23+00:00","twitter_card":"summary_large_image","twitter_site":"@FairfaxCryobank","twitter_misc":{"Gesch\u00e4tzte Lesezeit":"3\u00a0Minuten"},"schema":{"@context":"https:\/\/schema.org","@graph":[{"@type":"WebPage","@id":"https:\/\/fairfaxcryobank.com\/de\/kosten","url":"https:\/\/fairfaxcryobank.com\/de\/kosten","name":"Spermabank & Spendersamen: Kosten & Preise | Fairfax Cryobank","isPartOf":{"@id":"https:\/\/fairfaxcryobank.com\/de#website"},"datePublished":"2019-12-18T15:52:21+00:00","dateModified":"2026-03-11T12:27:23+00:00","description":"Erfahren Sie mehr \u00fcber Kosten und Preise von Spendersamen und Samenbank Dienstleistungen und Services. Spenderkosten und Spermabank Preise bei Fairfax Cryobank.","breadcrumb":{"@id":"https:\/\/fairfaxcryobank.com\/de\/kosten#breadcrumb"},"inLanguage":"de","potentialAction":[{"@type":"ReadAction","target":["https:\/\/fairfaxcryobank.com\/de\/kosten"]}]},{"@type":"BreadcrumbList","@id":"https:\/\/fairfaxcryobank.com\/de\/kosten#breadcrumb","itemListElement":[{"@type":"ListItem","position":1,"name":"Home","item":"https:\/\/fairfaxcryobank.com\/de"},{"@type":"ListItem","position":2,"name":"Kosten"}]},{"@type":"WebSite","@id":"https:\/\/fairfaxcryobank.com\/de#website","url":"https:\/\/fairfaxcryobank.com\/de","name":"Fairfax Cryobank - Find a Sperm Donor","description":"Top-Tier Sperm Bank","publisher":{"@id":"https:\/\/fairfaxcryobank.com\/de#organization"},"potentialAction":[{"@type":"SearchAction","target":{"@type":"EntryPoint","urlTemplate":"https:\/\/fairfaxcryobank.com\/de?s={search_term_string}"},"query-input":{"@type":"PropertyValueSpecification","valueRequired":true,"valueName":"search_term_string"}}],"inLanguage":"de"},{"@type":"Organization","@id":"https:\/\/fairfaxcryobank.com\/de#organization","name":"Fairfax Cryobank","url":"https:\/\/fairfaxcryobank.com\/de","logo":{"@type":"ImageObject","inLanguage":"de","@id":"https:\/\/fairfaxcryobank.com\/de#\/schema\/logo\/image\/","url":"https:\/\/fairfaxcryobank.com\/wp-content\/uploads\/logo.webp","contentUrl":"https:\/\/fairfaxcryobank.com\/wp-content\/uploads\/logo.webp","width":1,"height":1,"caption":"Fairfax Cryobank"},"image":{"@id":"https:\/\/fairfaxcryobank.com\/de#\/schema\/logo\/image\/"},"sameAs":["https:\/\/www.facebook.com\/fairfax.cryobank","https:\/\/x.com\/FairfaxCryobank","https:\/\/www.instagram.com\/fairfaxcryobank\/","https:\/\/www.pinterest.com\/fairfaxcryo\/"]}]}},"post_mailing_queue_ids":[],"_links":{"self":[{"href":"https:\/\/fairfaxcryobank.com\/de\/wp-json\/wp\/v2\/pages\/4926","targetHints":{"allow":["GET"]}}],"collection":[{"href":"https:\/\/fairfaxcryobank.com\/de\/wp-json\/wp\/v2\/pages"}],"about":[{"href":"https:\/\/fairfaxcryobank.com\/de\/wp-json\/wp\/v2\/types\/page"}],"author":[{"embeddable":true,"href":"https:\/\/fairfaxcryobank.com\/de\/wp-json\/wp\/v2\/users\/1"}],"replies":[{"embeddable":true,"href":"https:\/\/fairfaxcryobank.com\/de\/wp-json\/wp\/v2\/comments?post=4926"}],"version-history":[{"count":8,"href":"https:\/\/fairfaxcryobank.com\/de\/wp-json\/wp\/v2\/pages\/4926\/revisions"}],"predecessor-version":[{"id":38241,"href":"https:\/\/fairfaxcryobank.com\/de\/wp-json\/wp\/v2\/pages\/4926\/revisions\/38241"}],"wp:attachment":[{"href":"https:\/\/fairfaxcryobank.com\/de\/wp-json\/wp\/v2\/media?parent=4926"}],"curies":[{"name":"wp","href":"https:\/\/api.w.org\/{rel}","templated":true}]}}