{"id":4928,"date":"2019-12-18T15:52:42","date_gmt":"2019-12-18T15:52:42","guid":{"rendered":"https:\/\/fairfaxcryobank.com\/?page_id=4928"},"modified":"2023-08-28T10:43:03","modified_gmt":"2023-08-28T14:43:03","slug":"bestellung-versand","status":"publish","type":"page","link":"https:\/\/fairfaxcryobank.com\/de\/bestellung-versand","title":{"rendered":"Spendersperma online bestellen: Bestellung &#038; Versand"},"content":{"rendered":"\n<h2 class=\"wp-block-heading\">So kaufen Sie Sperma online<\/h2>\n\n\n\n<p>Sobald Sie Ihren perfekten Samenspender mit dem Fairfax Cryobank Donor Locator ausgew\u00e4hlt haben, k\u00f6nnen Sie Ihre Bestellung f\u00fcr eine Samenspende online aufgeben. Hier erfahren Sie, wie Sie das gew\u00fcnschte Sperma online kaufen und an den Ort Ihrer Wahl liefern lassen k\u00f6nnen.<\/p>\n\n\n\n<p>Spendersamen online zu bestellen ist bei Fairfax Cryobank ganz einfach. Unser freundliches Team und unser Kundenservice helfen Ihnen gerne, den Kauf von Spendersamen online so einfach wie m\u00f6glich zu gestalten.<\/p>\n\n\n\n<div class=\"wp-block-columns has-2-columns is-layout-flex wp-container-core-columns-is-layout-9d6595d7 wp-block-columns-is-layout-flex\">\n<div class=\"wp-block-column is-layout-flow wp-block-column-is-layout-flow\">\n<div class=\"wp-block-button aligncenter\"><a class=\"wp-block-button__link has-text-color has-background\" href=\"https:\/\/fairfaxcryobank.com\/de\/faqs\" style=\"background-color:#ea6950;color:#ffffff\">BESTELLUNG &amp; VERSAND H\u00c4UFIG GESTELLTE FRAGEN<\/a><\/div>\n<\/div>\n\n\n\n<div class=\"wp-block-column is-layout-flow wp-block-column-is-layout-flow\">\n<div class=\"wp-block-button aligncenter\"><a class=\"wp-block-button__link has-text-color has-background\" href=\"https:\/\/fairfaxcryobank.com\/de\/faqs\" style=\"background-color:#ea6950;color:#ffffff\">ONLINE BESTELLUNG<br> H\u00c4UFIG GESTELLTE FRAGEN <\/a><\/div>\n\n\n\n<p><\/p>\n<\/div>\n<\/div>\n\n\n\n<p>Informationen zum Umgang mit Proben nach dem Versand finden Sie auf unserer Seite \u201eInformationen zu Proben\u201c.<\/p>\n\n\n\n<h3 class=\"wp-block-heading\">Versand nach Deutschland<\/h3>\n\n\n\n<p>Wir k\u00f6nnen an jede in Deutschland registrierte Praxis liefern.<\/p>\n\n\n\n<p>Internationale Sendungen in L\u00e4nder, die nicht von Federal Express (FedEx) beliefert werden, werden mit dem g\u00fcnstigsten verf\u00fcgbaren Service bef\u00f6rdert. Haus-zu-Haus-Dienste sind m\u00f6glicherweise nicht in allen L\u00e4ndern verf\u00fcgbar. In solchen F\u00e4llen k\u00f6nnen Sendungen nur &#8222;von Haus zu Haus&#8220; versandt werden, so dass der Arzt oder die \u00c4rztin, oder der\/die Patient\/in Vorkehrungen f\u00fcr den endg\u00fcltigen Transport zur Arztpraxis treffen muss. In einigen F\u00e4llen kann eine Kaution in H\u00f6he von 975 USD f\u00fcr jeden Stickstofftank verlangt werden, der international versandt wird. Die Kaution wird Ihnen zur\u00fcckerstattet, wenn Sie den Versandbeh\u00e4lter in gutem Zustand an Fairfax Cryobank zur\u00fccksenden. Die Geb\u00fchren und Vorkehrungen im Zusammenhang mit der R\u00fccksendung des Versandbeh\u00e4lters an Fairfax Cryobank liegen in der Verantwortung der Person, die die Sendung entgegennimmt. Alle Kosten, einschlie\u00dflich der Kaution f\u00fcr den Versandbeh\u00e4lter (falls zutreffend), m\u00fcssen vor dem Versand bezahlt werden.<\/p>\n\n\n\n<p><\/p>\n\n\n\n<p class=\"has-background has-cyan-bluish-gray-background-color\"><strong>Internationaler Expressversand: EUR 325<\/strong><\/p>\n","protected":false},"excerpt":{"rendered":"<p>So kaufen Sie Sperma online Sobald Sie Ihren perfekten Samenspender mit dem Fairfax Cryobank Donor Locator ausgew\u00e4hlt haben, k\u00f6nnen Sie Ihre Bestellung f\u00fcr eine Samenspende online aufgeben. Hier erfahren Sie, wie Sie das gew\u00fcnschte Sperma online kaufen und an den Ort Ihrer Wahl liefern lassen k\u00f6nnen. Spendersamen online zu bestellen &#8230;<\/p>\n","protected":false},"author":1,"featured_media":0,"parent":0,"menu_order":0,"comment_status":"closed","ping_status":"closed","template":"","meta":{"footnotes":""},"class_list":["post-4928","page","type-page","status-publish","hentry"],"yoast_head":"<!-- This site is optimized with the Yoast SEO plugin v27.1.1 - https:\/\/yoast.com\/product\/yoast-seo-wordpress\/ -->\n<title>Sperma online kaufen: Bestellung &amp; Versand | Fairfax Cryobank<\/title>\n<meta name=\"description\" content=\"Kaufen Sie Spendersperma online! Sperma online kaufen und bestellen. Samenproben online bestellen. Online Samen von Samenspendern kaufen mit Fairfax Cryobank.\" \/>\n<meta name=\"robots\" content=\"index, follow, max-snippet:-1, max-image-preview:large, max-video-preview:-1\" \/>\n<link rel=\"canonical\" href=\"https:\/\/fairfaxcryobank.com\/de\/bestellung-versand\" \/>\n<meta property=\"og:locale\" content=\"de_DE\" \/>\n<meta property=\"og:type\" content=\"article\" \/>\n<meta property=\"og:title\" content=\"Sperma online kaufen: Bestellung &amp; Versand | Fairfax Cryobank\" \/>\n<meta property=\"og:description\" content=\"Kaufen Sie Spendersperma online! Sperma online kaufen und bestellen. Samenproben online bestellen. Online Samen von Samenspendern kaufen mit Fairfax Cryobank.\" \/>\n<meta property=\"og:url\" content=\"https:\/\/fairfaxcryobank.com\/de\/bestellung-versand\" \/>\n<meta property=\"og:site_name\" content=\"Fairfax Cryobank - Find a Sperm Donor\" \/>\n<meta property=\"article:publisher\" content=\"https:\/\/www.facebook.com\/fairfax.cryobank\" \/>\n<meta property=\"article:modified_time\" content=\"2023-08-28T14:43:03+00:00\" \/>\n<meta name=\"twitter:card\" content=\"summary_large_image\" \/>\n<meta name=\"twitter:site\" content=\"@FairfaxCryobank\" \/>\n<meta name=\"twitter:label1\" content=\"Gesch\u00e4tzte Lesezeit\" \/>\n\t<meta name=\"twitter:data1\" content=\"1\u00a0Minute\" \/>\n<script type=\"application\/ld+json\" class=\"yoast-schema-graph\">{\"@context\":\"https:\/\/schema.org\",\"@graph\":[{\"@type\":\"WebPage\",\"@id\":\"https:\/\/fairfaxcryobank.com\/de\/bestellung-versand\",\"url\":\"https:\/\/fairfaxcryobank.com\/de\/bestellung-versand\",\"name\":\"Sperma online kaufen: Bestellung & Versand | Fairfax Cryobank\",\"isPartOf\":{\"@id\":\"https:\/\/fairfaxcryobank.com\/de#website\"},\"datePublished\":\"2019-12-18T15:52:42+00:00\",\"dateModified\":\"2023-08-28T14:43:03+00:00\",\"description\":\"Kaufen Sie Spendersperma online! Sperma online kaufen und bestellen. Samenproben online bestellen. Online Samen von Samenspendern kaufen mit Fairfax Cryobank.\",\"breadcrumb\":{\"@id\":\"https:\/\/fairfaxcryobank.com\/de\/bestellung-versand#breadcrumb\"},\"inLanguage\":\"de\",\"potentialAction\":[{\"@type\":\"ReadAction\",\"target\":[\"https:\/\/fairfaxcryobank.com\/de\/bestellung-versand\"]}]},{\"@type\":\"BreadcrumbList\",\"@id\":\"https:\/\/fairfaxcryobank.com\/de\/bestellung-versand#breadcrumb\",\"itemListElement\":[{\"@type\":\"ListItem\",\"position\":1,\"name\":\"Home\",\"item\":\"https:\/\/fairfaxcryobank.com\/de\"},{\"@type\":\"ListItem\",\"position\":2,\"name\":\"Spendersperma online bestellen: Bestellung &#038; Versand\"}]},{\"@type\":\"WebSite\",\"@id\":\"https:\/\/fairfaxcryobank.com\/de#website\",\"url\":\"https:\/\/fairfaxcryobank.com\/de\",\"name\":\"Fairfax Cryobank - Find a Sperm Donor\",\"description\":\"Top-Tier Sperm Bank\",\"publisher\":{\"@id\":\"https:\/\/fairfaxcryobank.com\/de#organization\"},\"potentialAction\":[{\"@type\":\"SearchAction\",\"target\":{\"@type\":\"EntryPoint\",\"urlTemplate\":\"https:\/\/fairfaxcryobank.com\/de?s={search_term_string}\"},\"query-input\":{\"@type\":\"PropertyValueSpecification\",\"valueRequired\":true,\"valueName\":\"search_term_string\"}}],\"inLanguage\":\"de\"},{\"@type\":\"Organization\",\"@id\":\"https:\/\/fairfaxcryobank.com\/de#organization\",\"name\":\"Fairfax Cryobank\",\"url\":\"https:\/\/fairfaxcryobank.com\/de\",\"logo\":{\"@type\":\"ImageObject\",\"inLanguage\":\"de\",\"@id\":\"https:\/\/fairfaxcryobank.com\/de#\/schema\/logo\/image\/\",\"url\":\"https:\/\/fairfaxcryobank.com\/wp-content\/uploads\/logo.webp\",\"contentUrl\":\"https:\/\/fairfaxcryobank.com\/wp-content\/uploads\/logo.webp\",\"width\":1,\"height\":1,\"caption\":\"Fairfax Cryobank\"},\"image\":{\"@id\":\"https:\/\/fairfaxcryobank.com\/de#\/schema\/logo\/image\/\"},\"sameAs\":[\"https:\/\/www.facebook.com\/fairfax.cryobank\",\"https:\/\/x.com\/FairfaxCryobank\",\"https:\/\/www.instagram.com\/fairfaxcryobank\/\",\"https:\/\/www.pinterest.com\/fairfaxcryo\/\"]}]}<\/script>\n<!-- \/ Yoast SEO plugin. -->","yoast_head_json":{"title":"Sperma online kaufen: Bestellung & Versand | Fairfax Cryobank","description":"Kaufen Sie Spendersperma online! Sperma online kaufen und bestellen. Samenproben online bestellen. Online Samen von Samenspendern kaufen mit Fairfax Cryobank.","robots":{"index":"index","follow":"follow","max-snippet":"max-snippet:-1","max-image-preview":"max-image-preview:large","max-video-preview":"max-video-preview:-1"},"canonical":"https:\/\/fairfaxcryobank.com\/de\/bestellung-versand","og_locale":"de_DE","og_type":"article","og_title":"Sperma online kaufen: Bestellung & Versand | Fairfax Cryobank","og_description":"Kaufen Sie Spendersperma online! Sperma online kaufen und bestellen. Samenproben online bestellen. Online Samen von Samenspendern kaufen mit Fairfax Cryobank.","og_url":"https:\/\/fairfaxcryobank.com\/de\/bestellung-versand","og_site_name":"Fairfax Cryobank - Find a Sperm Donor","article_publisher":"https:\/\/www.facebook.com\/fairfax.cryobank","article_modified_time":"2023-08-28T14:43:03+00:00","twitter_card":"summary_large_image","twitter_site":"@FairfaxCryobank","twitter_misc":{"Gesch\u00e4tzte Lesezeit":"1\u00a0Minute"},"schema":{"@context":"https:\/\/schema.org","@graph":[{"@type":"WebPage","@id":"https:\/\/fairfaxcryobank.com\/de\/bestellung-versand","url":"https:\/\/fairfaxcryobank.com\/de\/bestellung-versand","name":"Sperma online kaufen: Bestellung & Versand | Fairfax Cryobank","isPartOf":{"@id":"https:\/\/fairfaxcryobank.com\/de#website"},"datePublished":"2019-12-18T15:52:42+00:00","dateModified":"2023-08-28T14:43:03+00:00","description":"Kaufen Sie Spendersperma online! Sperma online kaufen und bestellen. Samenproben online bestellen. Online Samen von Samenspendern kaufen mit Fairfax Cryobank.","breadcrumb":{"@id":"https:\/\/fairfaxcryobank.com\/de\/bestellung-versand#breadcrumb"},"inLanguage":"de","potentialAction":[{"@type":"ReadAction","target":["https:\/\/fairfaxcryobank.com\/de\/bestellung-versand"]}]},{"@type":"BreadcrumbList","@id":"https:\/\/fairfaxcryobank.com\/de\/bestellung-versand#breadcrumb","itemListElement":[{"@type":"ListItem","position":1,"name":"Home","item":"https:\/\/fairfaxcryobank.com\/de"},{"@type":"ListItem","position":2,"name":"Spendersperma online bestellen: Bestellung &#038; Versand"}]},{"@type":"WebSite","@id":"https:\/\/fairfaxcryobank.com\/de#website","url":"https:\/\/fairfaxcryobank.com\/de","name":"Fairfax Cryobank - Find a Sperm Donor","description":"Top-Tier Sperm Bank","publisher":{"@id":"https:\/\/fairfaxcryobank.com\/de#organization"},"potentialAction":[{"@type":"SearchAction","target":{"@type":"EntryPoint","urlTemplate":"https:\/\/fairfaxcryobank.com\/de?s={search_term_string}"},"query-input":{"@type":"PropertyValueSpecification","valueRequired":true,"valueName":"search_term_string"}}],"inLanguage":"de"},{"@type":"Organization","@id":"https:\/\/fairfaxcryobank.com\/de#organization","name":"Fairfax Cryobank","url":"https:\/\/fairfaxcryobank.com\/de","logo":{"@type":"ImageObject","inLanguage":"de","@id":"https:\/\/fairfaxcryobank.com\/de#\/schema\/logo\/image\/","url":"https:\/\/fairfaxcryobank.com\/wp-content\/uploads\/logo.webp","contentUrl":"https:\/\/fairfaxcryobank.com\/wp-content\/uploads\/logo.webp","width":1,"height":1,"caption":"Fairfax Cryobank"},"image":{"@id":"https:\/\/fairfaxcryobank.com\/de#\/schema\/logo\/image\/"},"sameAs":["https:\/\/www.facebook.com\/fairfax.cryobank","https:\/\/x.com\/FairfaxCryobank","https:\/\/www.instagram.com\/fairfaxcryobank\/","https:\/\/www.pinterest.com\/fairfaxcryo\/"]}]}},"post_mailing_queue_ids":[],"_links":{"self":[{"href":"https:\/\/fairfaxcryobank.com\/de\/wp-json\/wp\/v2\/pages\/4928","targetHints":{"allow":["GET"]}}],"collection":[{"href":"https:\/\/fairfaxcryobank.com\/de\/wp-json\/wp\/v2\/pages"}],"about":[{"href":"https:\/\/fairfaxcryobank.com\/de\/wp-json\/wp\/v2\/types\/page"}],"author":[{"embeddable":true,"href":"https:\/\/fairfaxcryobank.com\/de\/wp-json\/wp\/v2\/users\/1"}],"replies":[{"embeddable":true,"href":"https:\/\/fairfaxcryobank.com\/de\/wp-json\/wp\/v2\/comments?post=4928"}],"version-history":[{"count":4,"href":"https:\/\/fairfaxcryobank.com\/de\/wp-json\/wp\/v2\/pages\/4928\/revisions"}],"predecessor-version":[{"id":26232,"href":"https:\/\/fairfaxcryobank.com\/de\/wp-json\/wp\/v2\/pages\/4928\/revisions\/26232"}],"wp:attachment":[{"href":"https:\/\/fairfaxcryobank.com\/de\/wp-json\/wp\/v2\/media?parent=4928"}],"curies":[{"name":"wp","href":"https:\/\/api.w.org\/{rel}","templated":true}]}}