{"id":4930,"date":"2019-12-18T15:53:12","date_gmt":"2019-12-18T15:53:12","guid":{"rendered":"https:\/\/fairfaxcryobank.com\/?page_id=4930"},"modified":"2020-03-04T22:41:01","modified_gmt":"2020-03-04T22:41:01","slug":"ampullen-rueckkauf","status":"publish","type":"page","link":"https:\/\/fairfaxcryobank.com\/de\/ampullen-rueckkauf","title":{"rendered":"Ampullen-R\u00fcckkauf"},"content":{"rendered":"\n<h2 class=\"wp-block-heading\"><strong>Heute ausw\u00e4hlen, sp\u00e4ter verwenden!<\/strong><\/h2>\n\n\n\n<p> Wenn Sie den perfekten Spender f\u00fcr das Wachstum Ihrer Familie finden, m\u00f6chten Sie deren Verf\u00fcgbarkeit f\u00fcr die zuk\u00fcnftige Verwendung sicherstellen. Das exklusive \u201cVial-Buy-Back\u201c-Programm von Fairfax Cryobank garantiert die Verf\u00fcgbarkeit Ihres idealen Spenders. Wir h\u00f6ren oft von Familien, die in die folgenden zwei Szenarien fallen: <\/p>\n\n\n\n<div class=\"wp-block-columns has-2-columns is-layout-flex wp-container-core-columns-is-layout-9d6595d7 wp-block-columns-is-layout-flex\">\n<div class=\"wp-block-column is-layout-flow wp-block-column-is-layout-flow\">\n<figure class=\"wp-block-pullquote has-background has-very-light-gray-background-color is-style-default\" style=\"border-color:#eeeeee\"><blockquote><p><em>&#8222;Ich habe den perfekten Spender gefunden, bin mir aber nicht sicher, ob er noch verf\u00fcgbar sein wird, wenn ich bereit bin, den n\u00e4chsten Schritt zu machen.&#8220;<\/em><\/p><p><\/p><\/blockquote><\/figure>\n<\/div>\n\n\n\n<div class=\"wp-block-column is-layout-flow wp-block-column-is-layout-flow\">\n<figure class=\"wp-block-pullquote has-background has-very-light-gray-background-color is-style-default\" style=\"border-color:#eeeeee\"><blockquote><p><em>&#8222;Dank eines Fairfax-Spenders habe ich schon ein Kind \u2013 aber ich mache mir Sorgen, dass der Spender in Zukunft nicht mehr verf\u00fcgbar ist, wenn ich bereit bin, ein zweites Kind zu bekommen.&#8220;<\/em><\/p><\/blockquote><\/figure>\n<\/div>\n<\/div>\n\n\n\n<p>   Um die Verf\u00fcgbarkeit Ihres bevorzugten Spenders   sicherzustellen, hat Fairfax Cryobank zwei Programme erstellt: Das \u201cVial-Buy   &amp; Store\u201c und das \u201eVial-Buy-Back\u201c-Programm. <\/p>\n\n\n\n<h3 class=\"wp-block-heading\"><strong>Vial Buy &amp; Store: Ampullen kaufen und lagern<\/strong><\/h3>\n\n\n\n<p>Da die Verf\u00fcgbarkeit von Spendern nicht immer gleich ist und schwanken kann, empfiehlt Fairfax Cryobank, vorausschauend zu planen und Ampullen Ihrer Spender zu sichern, wenn die Verf\u00fcgbarkeit garantiert ist. Mit dem Vial Buy &amp; Store-Programm k\u00f6nnen Sie zus\u00e4tzliche Spenderfl\u00e4schchen vorab kaufen und dann bei Fairfax Cryobank lagern, bis Sie bereit sind, den n\u00e4chsten Schritt zu machen. <\/p>\n\n\n\n<p>Alle Samenproben werden in Fl\u00fcssigstickstofftanks gelagert, die mit automatischen F\u00fcllvorrichtungen und Alarmsystemen ausgestattet sind. Fairfax Cryobank bietet verschiedene Abrechnungsoptionen, einschlie\u00dflich monatlicher und wirtschaftlicherer langfristiger Lagerungsvertr\u00e4ge. Patienten zahlen eine Geb\u00fchr (siehe unten), unabh\u00e4ngig davon, wie viele Proben sie aufbewahren m\u00f6chten. Die eingelagerten Proben k\u00f6nnen zu den jeweils geltenden Bearbeitungs- und Versandkosten an einen Gesundheitsdienstleister oder Arztpraxis Ihrer Wahl versandt werden. Sie k\u00f6nnen auch zu Ihnen nach Hause geschickt werden, wenn die entsprechenden Einverst\u00e4ndniserkl\u00e4rungen ausgef\u00fcllt wurden. <\/p>\n\n\n\n<h4 class=\"wp-block-heading\"><strong>Lagerungskosten<\/strong>   <\/h4>\n\n\n\n<figure class=\"wp-block-table\"><table class=\"\"><tbody><tr><td><strong>Lagerungsdienste<\/strong><\/td><td><strong>Kosten<\/strong><\/td><\/tr><tr><td>Kaufen Sie 6 Einheiten &#8211; 1 Jahr Lagerung kostenlos<\/td><td>KOSTENLOS<\/td><\/tr><tr><td>Kaufen Sie 8+ Einheiten &#8211; 2 Jahre Lagerung frei<\/td><td>KOSTENLOS<\/td><\/tr><tr><td>Samenproben \/ Patient &#8211; monatlich<\/td><td>$40<\/td><\/tr><tr><td>Samenproben \/ Patient &#8211; 6 Monate im Voraus bezahlt<\/td><td>$200<\/td><\/tr><tr><td>Samenproben \/ Patient &#8211; 1 Jahr im Voraus bezahlt<\/td><td>$395<\/td><\/tr><tr><td>Samenproben \/ Patient \u2013 2 Jahre im Voraus bezahlt<\/td><td>$670<\/td><\/tr><tr><td>Samenproben \/ Patient &#8211; 3 Jahre im Voraus bezahlt<\/td><td>$985<\/td><\/tr><tr><td>Samenproben \/ Patient \u2013 5 Jahre im Voraus bezahlt<\/td><td>$1340<\/td><\/tr><tr><td>Samenproben \/ Patient &#8211; 10 Jahre im Voraus bezahlt<\/td><td>$2400<\/td><\/tr><\/tbody><\/table><\/figure>\n\n\n\n<h3 class=\"wp-block-heading\">Vial-Buy-Back: Ampullen-R\u00fcckkauf<\/h3>\n\n\n\n<p>Mit Fairfax Cryobank k\u00f6nnen Sie seit 1990\nnicht verwendete Exemplare, die zum regul\u00e4ren Preis gekauft wurden und die\nAnlage von Fairfax Cryobank noch nie verlassen haben, zur\u00fcckgeben, um die\nH\u00e4lfte des urspr\u00fcnglichen Kaufpreises zu erhalten.<\/p>\n\n\n\n<p>Dies gilt auch f\u00fcr Proben, egal wann diese gekauft wurden. Es gibt auch keine Begrenzung f\u00fcr die Anzahl der Fl\u00e4schchen, die Sie f\u00fcr diese teilweise R\u00fcckerstattung zur\u00fcckgeben k\u00f6nnen. Es gibt keine Einschr\u00e4nkungen hinsichtlich des Status eines Kundenkontos. Das \u201eVial-Buy-Back\u201c-Programm f\u00fcr Ampullen-R\u00fcckkauf wird nicht f\u00fcr Proben angeboten, die vom urspr\u00fcnglichen Eigent\u00fcmer \u00fcbertragen wurden. <\/p>\n\n\n\n<p>Fairfax Cryobank kauft die Fl\u00e4schchen zu 50% ihres urspr\u00fcnglichen Verkaufspreises zur\u00fcck. Es gibt keine Bedingungen, au\u00dfer dass die Ampullen unser Werk nicht verlassen haben k\u00f6nnen. <\/p>\n\n\n\n<h3 class=\"wp-block-heading\">Vial-Austauschprogramm<\/h3>\n\n\n\n<p>Fairfax Cryobank sch\u00e4tzt das Gesch\u00e4ft unserer Kunden, die bei uns lagern, und m\u00f6chte, wenn m\u00f6glich, auf deren W\u00fcnsche eingehen. Der Austausch alter Dosierungen gegen die gleiche Anzahl von Dosierungen eines anderen Spenders und \/ oder Pr\u00e4parats ist nur innerhalb von 36 Monaten nach Einlagerung der Originaldosierungen bei Fairfax Cryobank zul\u00e4ssig. <\/p>\n\n\n\n<p>Speicherkunden haben Anspruch auf einen Umtausch der Ampullen pro Kalenderjahr. Dosierungen, die die Fairfax Cryobank verlassen haben, k\u00f6nnen nicht umgetauscht oder erstattet werden. Bitte wenden Sie sich an den Kundendienst, wenn Sie einen Austausch der Fl\u00e4schchen erm\u00f6glichen m\u00f6chten, damit diese die erforderlichen Unterlagen versenden k\u00f6nnen. Der Austausch der Ampullen dauert mindestens 3-5 Werktage. <\/p>\n","protected":false},"excerpt":{"rendered":"<p>Heute ausw\u00e4hlen, sp\u00e4ter verwenden! Wenn Sie den perfekten Spender f\u00fcr das Wachstum Ihrer Familie finden, m\u00f6chten Sie deren Verf\u00fcgbarkeit f\u00fcr die zuk\u00fcnftige Verwendung sicherstellen. Das exklusive \u201cVial-Buy-Back\u201c-Programm von Fairfax Cryobank garantiert die Verf\u00fcgbarkeit Ihres idealen Spenders. Wir h\u00f6ren oft von Familien, die in die folgenden zwei Szenarien fallen: &#8222;Ich habe &#8230;<\/p>\n","protected":false},"author":1,"featured_media":0,"parent":0,"menu_order":0,"comment_status":"closed","ping_status":"closed","template":"","meta":{"footnotes":""},"class_list":["post-4930","page","type-page","status-publish","hentry"],"yoast_head":"<!-- This site is optimized with the Yoast SEO plugin v27.1.1 - https:\/\/yoast.com\/product\/yoast-seo-wordpress\/ -->\n<title>Ampullen-R\u00fcckkauf | Fairfax Cryobank<\/title>\n<meta name=\"description\" content=\"Vial-Buy-Back: Ampullen-R\u00fcckkauf\" \/>\n<meta name=\"robots\" content=\"index, follow, max-snippet:-1, max-image-preview:large, max-video-preview:-1\" \/>\n<link rel=\"canonical\" href=\"https:\/\/fairfaxcryobank.com\/de\/ampullen-rueckkauf\" \/>\n<meta property=\"og:locale\" content=\"de_DE\" \/>\n<meta property=\"og:type\" content=\"article\" \/>\n<meta property=\"og:title\" content=\"Ampullen-R\u00fcckkauf | Fairfax Cryobank\" \/>\n<meta property=\"og:description\" content=\"Vial-Buy-Back: Ampullen-R\u00fcckkauf\" \/>\n<meta property=\"og:url\" content=\"https:\/\/fairfaxcryobank.com\/de\/ampullen-rueckkauf\" \/>\n<meta property=\"og:site_name\" content=\"Fairfax Cryobank - Find a Sperm Donor\" \/>\n<meta property=\"article:publisher\" content=\"https:\/\/www.facebook.com\/fairfax.cryobank\" \/>\n<meta property=\"article:modified_time\" content=\"2020-03-04T22:41:01+00:00\" \/>\n<meta name=\"twitter:card\" content=\"summary_large_image\" \/>\n<meta name=\"twitter:site\" content=\"@FairfaxCryobank\" \/>\n<meta name=\"twitter:label1\" content=\"Gesch\u00e4tzte Lesezeit\" \/>\n\t<meta name=\"twitter:data1\" content=\"3\u00a0Minuten\" \/>\n<script type=\"application\/ld+json\" class=\"yoast-schema-graph\">{\"@context\":\"https:\/\/schema.org\",\"@graph\":[{\"@type\":\"WebPage\",\"@id\":\"https:\/\/fairfaxcryobank.com\/de\/ampullen-rueckkauf\",\"url\":\"https:\/\/fairfaxcryobank.com\/de\/ampullen-rueckkauf\",\"name\":\"Ampullen-R\u00fcckkauf | Fairfax Cryobank\",\"isPartOf\":{\"@id\":\"https:\/\/fairfaxcryobank.com\/de#website\"},\"datePublished\":\"2019-12-18T15:53:12+00:00\",\"dateModified\":\"2020-03-04T22:41:01+00:00\",\"description\":\"Vial-Buy-Back: Ampullen-R\u00fcckkauf\",\"breadcrumb\":{\"@id\":\"https:\/\/fairfaxcryobank.com\/de\/ampullen-rueckkauf#breadcrumb\"},\"inLanguage\":\"de\",\"potentialAction\":[{\"@type\":\"ReadAction\",\"target\":[\"https:\/\/fairfaxcryobank.com\/de\/ampullen-rueckkauf\"]}]},{\"@type\":\"BreadcrumbList\",\"@id\":\"https:\/\/fairfaxcryobank.com\/de\/ampullen-rueckkauf#breadcrumb\",\"itemListElement\":[{\"@type\":\"ListItem\",\"position\":1,\"name\":\"Home\",\"item\":\"https:\/\/fairfaxcryobank.com\/de\"},{\"@type\":\"ListItem\",\"position\":2,\"name\":\"Ampullen-R\u00fcckkauf\"}]},{\"@type\":\"WebSite\",\"@id\":\"https:\/\/fairfaxcryobank.com\/de#website\",\"url\":\"https:\/\/fairfaxcryobank.com\/de\",\"name\":\"Fairfax Cryobank - Find a Sperm Donor\",\"description\":\"Top-Tier Sperm Bank\",\"publisher\":{\"@id\":\"https:\/\/fairfaxcryobank.com\/de#organization\"},\"potentialAction\":[{\"@type\":\"SearchAction\",\"target\":{\"@type\":\"EntryPoint\",\"urlTemplate\":\"https:\/\/fairfaxcryobank.com\/de?s={search_term_string}\"},\"query-input\":{\"@type\":\"PropertyValueSpecification\",\"valueRequired\":true,\"valueName\":\"search_term_string\"}}],\"inLanguage\":\"de\"},{\"@type\":\"Organization\",\"@id\":\"https:\/\/fairfaxcryobank.com\/de#organization\",\"name\":\"Fairfax Cryobank\",\"url\":\"https:\/\/fairfaxcryobank.com\/de\",\"logo\":{\"@type\":\"ImageObject\",\"inLanguage\":\"de\",\"@id\":\"https:\/\/fairfaxcryobank.com\/de#\/schema\/logo\/image\/\",\"url\":\"https:\/\/fairfaxcryobank.com\/wp-content\/uploads\/logo.webp\",\"contentUrl\":\"https:\/\/fairfaxcryobank.com\/wp-content\/uploads\/logo.webp\",\"width\":1,\"height\":1,\"caption\":\"Fairfax Cryobank\"},\"image\":{\"@id\":\"https:\/\/fairfaxcryobank.com\/de#\/schema\/logo\/image\/\"},\"sameAs\":[\"https:\/\/www.facebook.com\/fairfax.cryobank\",\"https:\/\/x.com\/FairfaxCryobank\",\"https:\/\/www.instagram.com\/fairfaxcryobank\/\",\"https:\/\/www.pinterest.com\/fairfaxcryo\/\"]}]}<\/script>\n<!-- \/ Yoast SEO plugin. -->","yoast_head_json":{"title":"Ampullen-R\u00fcckkauf | Fairfax Cryobank","description":"Vial-Buy-Back: Ampullen-R\u00fcckkauf","robots":{"index":"index","follow":"follow","max-snippet":"max-snippet:-1","max-image-preview":"max-image-preview:large","max-video-preview":"max-video-preview:-1"},"canonical":"https:\/\/fairfaxcryobank.com\/de\/ampullen-rueckkauf","og_locale":"de_DE","og_type":"article","og_title":"Ampullen-R\u00fcckkauf | Fairfax Cryobank","og_description":"Vial-Buy-Back: Ampullen-R\u00fcckkauf","og_url":"https:\/\/fairfaxcryobank.com\/de\/ampullen-rueckkauf","og_site_name":"Fairfax Cryobank - Find a Sperm Donor","article_publisher":"https:\/\/www.facebook.com\/fairfax.cryobank","article_modified_time":"2020-03-04T22:41:01+00:00","twitter_card":"summary_large_image","twitter_site":"@FairfaxCryobank","twitter_misc":{"Gesch\u00e4tzte Lesezeit":"3\u00a0Minuten"},"schema":{"@context":"https:\/\/schema.org","@graph":[{"@type":"WebPage","@id":"https:\/\/fairfaxcryobank.com\/de\/ampullen-rueckkauf","url":"https:\/\/fairfaxcryobank.com\/de\/ampullen-rueckkauf","name":"Ampullen-R\u00fcckkauf | Fairfax Cryobank","isPartOf":{"@id":"https:\/\/fairfaxcryobank.com\/de#website"},"datePublished":"2019-12-18T15:53:12+00:00","dateModified":"2020-03-04T22:41:01+00:00","description":"Vial-Buy-Back: Ampullen-R\u00fcckkauf","breadcrumb":{"@id":"https:\/\/fairfaxcryobank.com\/de\/ampullen-rueckkauf#breadcrumb"},"inLanguage":"de","potentialAction":[{"@type":"ReadAction","target":["https:\/\/fairfaxcryobank.com\/de\/ampullen-rueckkauf"]}]},{"@type":"BreadcrumbList","@id":"https:\/\/fairfaxcryobank.com\/de\/ampullen-rueckkauf#breadcrumb","itemListElement":[{"@type":"ListItem","position":1,"name":"Home","item":"https:\/\/fairfaxcryobank.com\/de"},{"@type":"ListItem","position":2,"name":"Ampullen-R\u00fcckkauf"}]},{"@type":"WebSite","@id":"https:\/\/fairfaxcryobank.com\/de#website","url":"https:\/\/fairfaxcryobank.com\/de","name":"Fairfax Cryobank - Find a Sperm Donor","description":"Top-Tier Sperm Bank","publisher":{"@id":"https:\/\/fairfaxcryobank.com\/de#organization"},"potentialAction":[{"@type":"SearchAction","target":{"@type":"EntryPoint","urlTemplate":"https:\/\/fairfaxcryobank.com\/de?s={search_term_string}"},"query-input":{"@type":"PropertyValueSpecification","valueRequired":true,"valueName":"search_term_string"}}],"inLanguage":"de"},{"@type":"Organization","@id":"https:\/\/fairfaxcryobank.com\/de#organization","name":"Fairfax Cryobank","url":"https:\/\/fairfaxcryobank.com\/de","logo":{"@type":"ImageObject","inLanguage":"de","@id":"https:\/\/fairfaxcryobank.com\/de#\/schema\/logo\/image\/","url":"https:\/\/fairfaxcryobank.com\/wp-content\/uploads\/logo.webp","contentUrl":"https:\/\/fairfaxcryobank.com\/wp-content\/uploads\/logo.webp","width":1,"height":1,"caption":"Fairfax Cryobank"},"image":{"@id":"https:\/\/fairfaxcryobank.com\/de#\/schema\/logo\/image\/"},"sameAs":["https:\/\/www.facebook.com\/fairfax.cryobank","https:\/\/x.com\/FairfaxCryobank","https:\/\/www.instagram.com\/fairfaxcryobank\/","https:\/\/www.pinterest.com\/fairfaxcryo\/"]}]}},"post_mailing_queue_ids":[],"_links":{"self":[{"href":"https:\/\/fairfaxcryobank.com\/de\/wp-json\/wp\/v2\/pages\/4930","targetHints":{"allow":["GET"]}}],"collection":[{"href":"https:\/\/fairfaxcryobank.com\/de\/wp-json\/wp\/v2\/pages"}],"about":[{"href":"https:\/\/fairfaxcryobank.com\/de\/wp-json\/wp\/v2\/types\/page"}],"author":[{"embeddable":true,"href":"https:\/\/fairfaxcryobank.com\/de\/wp-json\/wp\/v2\/users\/1"}],"replies":[{"embeddable":true,"href":"https:\/\/fairfaxcryobank.com\/de\/wp-json\/wp\/v2\/comments?post=4930"}],"version-history":[{"count":0,"href":"https:\/\/fairfaxcryobank.com\/de\/wp-json\/wp\/v2\/pages\/4930\/revisions"}],"wp:attachment":[{"href":"https:\/\/fairfaxcryobank.com\/de\/wp-json\/wp\/v2\/media?parent=4930"}],"curies":[{"name":"wp","href":"https:\/\/api.w.org\/{rel}","templated":true}]}}