{"id":4932,"date":"2019-12-18T15:53:35","date_gmt":"2019-12-18T15:53:35","guid":{"rendered":"https:\/\/fairfaxcryobank.com\/?page_id=4932"},"modified":"2020-03-04T22:48:13","modified_gmt":"2020-03-04T22:48:13","slug":"datenschutz-bestimmungen","status":"publish","type":"page","link":"https:\/\/fairfaxcryobank.com\/de\/datenschutz-bestimmungen","title":{"rendered":"Datenschutz-Bestimmungen"},"content":{"rendered":"\n<h3 class=\"wp-block-heading\"><strong>Datenschutzerkl\u00e4rung unserer Spermabank<\/strong><\/h3>\n\n\n\n<p>Fairfax Cryobank verpflichtet sich dazu, die Identit\u00e4t unserer Kunden und Spender zu sch\u00fctzen. Wir haben und werden weiterhin die Vertr\u00e4ge einhalten, die wir mit unseren Spendern vereinbart haben. F\u00fcr Non-ID Spender behalten wir die Identit\u00e4t dieser Spender f\u00fcr alle Parteien, die Zugang zu diesen Informationen w\u00fcnschen, geheim. Unsere ID Spender haben einer eingeschr\u00e4nkten Weitergabe von Informationen zugestimmt, die erst erfolgt, wenn sich ein Kind bei uns als Nachkomme anmeldet und das 18. Lebensjahr vollendet hat.<\/p>\n\n\n\n<p>Spender mit Non-ID  <\/p>\n\n\n\n<p><strong>Hinweis<\/strong>: Ab dem Jahr 2020 nimmt die Fairfax Cryobank nur noch Spender mit ID in unser Programm auf. <\/p>\n\n\n\n<p>Non-ID Spender bleiben immer Non-ID Spender, also Spender ohne ID. Sie werden niemals Spender von ID (siehe unten).<\/p>\n\n\n\n<p>Non-ID-Spender sind Spender, die sich zum Zeitpunkt der Spende daf\u00fcr entschieden haben, keine identifizierenden Informationen an ihre Nachkommen weiterzugeben. In der Vergangenheit blieben Non-ID-Spender immer anonym, aber im Jahr 2019 begann die Fairfax Cryobank, Non-ID-Spendern auf Anfrage von Nachkommen im Alter von 18 Jahren oder \u00e4lter (siehe unten) die Freigabe begrenzter Identifikationsinformationen gem\u00e4\u00df kalifornischem Recht zu gestatten. Wenn ein Non-ID-Spender beschlie\u00dft, die Freigabe seiner Identifikationsdaten auf Anfrage der Nachkommen zuzulassen, werden wir diese \u00c4nderung zulassen und das Profil des Spenders entsprechend aktualisieren.<\/p>\n\n\n\n<p>Die Datenschutzrichtlinie von Fairfax Cryobank sch\u00fctzt die Privatsph\u00e4re und Vertraulichkeit aller beteiligten Parteien. Alle Spender- und Empf\u00e4ngerdatens\u00e4tze werden auf unbestimmte Zeit aufbewahrt, und die Anonymit\u00e4t zwischen einem Non-ID-Spender und dem Empf\u00e4nger wird nicht gef\u00e4hrdet. Unter bestimmten medizinisch notwendigen Umst\u00e4nden werden wir auf Ersuchen des Arztes versuchen, spezifische zus\u00e4tzliche medizinische oder genetische Informationen und Tests f\u00fcr den Spender zu erhalten. Die Spenderidentit\u00e4t bleibt unter diesen Umst\u00e4nden anonym. Wir erm\u00f6glichen keinen Kontakt zwischen Non-ID-Spendern und deren Nachkommen.<\/p>\n\n\n\n<p><strong>ID-Spender: Spender mit Identit\u00e4t (ID)<\/strong><\/p>\n\n\n\n<p>Bestimmte Spender haben zugestimmt, ID-Spender zu sein. Diese Spender stimmen einer begrenzten Freigabe von Identifizierungsinformationen zu, wenn registrierte Nachkommen ihres gespendeten Spermas das 18. Lebensjahr erreichen. Kinder m\u00fcssen von ihren Eltern als Nachkommen eines ID-Spenders bei Fairfax Cryobank registriert werden, um diese Informationen ab dem 18. Lebensjahr erhalten zu k\u00f6nnen. Eltern k\u00f6nnen sich auch daf\u00fcr entscheiden, sich nicht bei der Geburt zu registrieren und ihre pers\u00f6nliche famili\u00e4re Situation abzuwarten. ID-Spender k\u00f6nnen daher als Non-ID-Spender verwendet werden, wenn der Elternteil sein Kind nicht f\u00fcr das ID-Programm registriert. Unabh\u00e4ngig davon, ob ein Elternteil beabsichtigt, sein Kind f\u00fcr das ID-Programm zu registrieren, m\u00fcssen in unseren Nutzungsbedingungen Informationen zu diesem Programm unterschrieben und zur\u00fcckgesandt werden, bevor Einheiten von ID-Spendern an Kunden freigegeben werden.<\/p>\n\n\n\n<p>ID-Spender d\u00fcrfen nicht in Non-ID-Spendern umgewandelt werden, sobald sie sich in unserem Spenderprogramm befinden. Ab dem Jahr 2020 sind alle neuen Fairfax Cryobank-Spender gleichzeitig ID-Spender.<\/p>\n\n\n\n<p><strong>Kontakt mit unseren Spendern<\/strong><\/p>\n\n\n\n<p>Wir sind uns der Bedeutung und Wichtigkeit unserer Beziehungen zu unseren Spendern bewusst. Eine der Aufgaben der Fairfax Cryobank besteht darin, alle Anrufe und E-Mails von Spendern zu beantworten. Wenn ein Spender eine Kontaktaufnahme initiiert und keinen R\u00fcckruf oder keine E-Mail erh\u00e4lt, sollte er direkt mit unserem Kundenservice sprechen, der ihn dann an die richtige Person weiterleitet.<\/p>\n\n\n\n<p>Wir ermutigen alle ehemaligen Spender, sich mit uns in Verbindung zu setzen und ihre medizinischen und pers\u00f6nlichen Daten zu aktualisieren. Auf diese Weise k\u00f6nnen wir auch ihre Identit\u00e4t best\u00e4tigen, \u00fcberpr\u00fcfen, ob ihre Kontaktinformationen aktuell sind, und alle medizinischen Probleme \u00fcber unseren medizinischen Direktor (einen vom Vorstand zertifizierten klinischen Genetiker) kl\u00e4ren. Updates von Spendern werden dann gegebenenfalls an die Kunden weitergegeben.<\/p>\n\n\n\n<p><strong>Spenderinformation: Medizinische und pers\u00f6nliche Profile<\/strong><\/p>\n\n\n\n<p>Die F\u00fclle an Informationen, die mittlerweile \u00fcber alle Spender verf\u00fcgbar sind, war in der Vergangenheit nicht verf\u00fcgbar. Heutzutage gibt es Unmengen von nicht identifizierbaren Informationen zu allen Spendern, einschlie\u00dflich Spendern mit Identit\u00e4tsoptionen (ID). In der Tat verf\u00fcgen Non-ID und ID-Spender \u00fcber dieselben medizinischen und pers\u00f6nlichen Informationen. Der einzige Unterschied besteht darin, dass die Nachkommen bei Verwendung eines ID Spenders die M\u00f6glichkeit haben, den Spender zu kontaktieren, wenn sie das 18. Lebensjahr erreichen. <\/p>\n\n\n\n<p><strong>J\u00e4hrliche Updates von Spendern<\/strong><\/p>\n\n\n\n<p>Wir haben ein Programm, das sich an ehemalige Spender wendet, in welchem die Spender ihre vertraulichen medizinischen und pers\u00f6nlichen Informationen zu aktualisieren. Spender, die ihre Informationen aktualisieren m\u00f6chten, sollten sich mit uns in Verbindung setzen. Wir leiten sie an unser Update-Portal weiter. Wir ver\u00f6ffentlichen relevante aktualisierte Informationen im Spenderprofil.<\/p>\n\n\n\n<p><strong>\u00dcberpr\u00fcfung des gesundheitlichen Status des Spenders<\/strong><\/p>\n\n\n\n<p>Wir glauben, dass der beste Weg f\u00fcr Kunden, medizinische und pers\u00f6nliche Informationen \u00fcber ihre Spender zu sammeln, an der Quelle der Cryobank selbst liegt. Kunden k\u00f6nnen den gesundheitlichen Status eines Spenders \u00fcberpr\u00fcfen, um zu sehen, ob es medizinischen \u00c4nderungen des Spenders gibt, die zu einem erh\u00f6hten Risiko f\u00fcr sie oder ihre Nachkommen f\u00fchren k\u00f6nnten. Dies erm\u00f6glicht es uns, Kunden zeitnah zu benachrichtigen falls ein medizinisches Problem auftreten sollte.<\/p>\n\n\n\n<p><strong>Fairfax Cryobank Familienforen<\/strong><\/p>\n\n\n\n<p>Die Fairfax Family Forums haben ein \u00f6ffentliches Forum und individuelle private Spenderforen. Diese Foren sind eine beliebte M\u00f6glichkeit f\u00fcr Kunden, sich untereinander zu vernetzen und ihre Erfahrungen auszutauschen. Die Cryobank hat die Website eingerichtet und ist bem\u00fcht, aktuelle Informationen bereitzustellen. Wir sind daher der Meinung, dass dies eine ausgezeichnete Quelle f\u00fcr Kunden ist, um sich untereinander auszutauschen. <\/p>\n\n\n\n<p><strong>Spenderzahlen<\/strong><\/p>\n\n\n\n<p>Ab dem 1. Januar 2012 haben neue Spender die M\u00f6glichkeit, ihre Spenderzahlen zu erfahren.<\/p>\n\n\n\n<p><strong>Antrag auf Freigabe von pers\u00f6nlichen Daten<\/strong><\/p>\n\n\n\n<p>Wir verstehen und respektieren den Wunsch vieler Einzelpersonen, Paare und von Spendern  gezeugte Nachkommen, mehr \u00fcber ihre Spender zu erfahren. Wir respektieren auch, dass viele Einzelpersonen, Paare und Nachkommen keine Informationen \u00fcber ihre Spender m\u00f6chten. Um die Vereinbarungen, die wir mit allen Beteiligten getroffen haben, einzuhalten, geben wir keine identifizierenden Informationen \u00fcber unsere Spender an andere Personen als die registrierten Nachkommen von ID-Spendern ab 18 Jahren weiter.<\/p>\n\n\n\n<p>Wir glauben, dass wir die Verantwortung haben, weiterhin nicht-identifizierbare medizinische und pers\u00f6nliche Informationen von unseren Spendern zu sammeln und diese Informationen an unsere Kunden weiterzugeben. Wir verpflichten uns, diese Informationen so weiterzugeben, dass unsere Spender nicht identifiziert werden.<\/p>\n\n\n\n<p>Wenn Sie weitere Fragen zum Datenschutz haben, wenden Sie sich bitte an unseren <a href=\"\/de\/kontakt\">Kundenservice<\/a>.<\/p>\n\n\n\n<p><a href=\"\/gdpr-privacy-notice\">Datenschutz-Grundverordnung (DSGVO)<\/a><\/p>\n","protected":false},"excerpt":{"rendered":"<p>Datenschutzerkl\u00e4rung unserer Spermabank Fairfax Cryobank verpflichtet sich dazu, die Identit\u00e4t unserer Kunden und Spender zu sch\u00fctzen. Wir haben und werden weiterhin die Vertr\u00e4ge einhalten, die wir mit unseren Spendern vereinbart haben. F\u00fcr Non-ID Spender behalten wir die Identit\u00e4t dieser Spender f\u00fcr alle Parteien, die Zugang zu diesen Informationen w\u00fcnschen, geheim. &#8230;<\/p>\n","protected":false},"author":1,"featured_media":0,"parent":0,"menu_order":0,"comment_status":"closed","ping_status":"closed","template":"","meta":{"footnotes":""},"class_list":["post-4932","page","type-page","status-publish","hentry"],"yoast_head":"<!-- This site is optimized with the Yoast SEO plugin v27.1.1 - https:\/\/yoast.com\/product\/yoast-seo-wordpress\/ -->\n<title>Datenschutz-Bestimmungen | Fairfax Cryobank<\/title>\n<meta name=\"description\" content=\"Datenschutzerkl\u00e4rung unserer Spermabank\" \/>\n<meta name=\"robots\" content=\"index, follow, max-snippet:-1, max-image-preview:large, max-video-preview:-1\" \/>\n<link rel=\"canonical\" href=\"https:\/\/fairfaxcryobank.com\/de\/datenschutz-bestimmungen\" \/>\n<meta property=\"og:locale\" content=\"de_DE\" \/>\n<meta property=\"og:type\" content=\"article\" \/>\n<meta property=\"og:title\" content=\"Datenschutz-Bestimmungen | Fairfax Cryobank\" \/>\n<meta property=\"og:description\" content=\"Datenschutzerkl\u00e4rung unserer Spermabank\" \/>\n<meta property=\"og:url\" content=\"https:\/\/fairfaxcryobank.com\/de\/datenschutz-bestimmungen\" \/>\n<meta property=\"og:site_name\" content=\"Fairfax Cryobank - Find a Sperm Donor\" \/>\n<meta property=\"article:publisher\" content=\"https:\/\/www.facebook.com\/fairfax.cryobank\" \/>\n<meta property=\"article:modified_time\" content=\"2020-03-04T22:48:13+00:00\" \/>\n<meta name=\"twitter:card\" content=\"summary_large_image\" \/>\n<meta name=\"twitter:site\" content=\"@FairfaxCryobank\" \/>\n<meta name=\"twitter:label1\" content=\"Gesch\u00e4tzte Lesezeit\" \/>\n\t<meta name=\"twitter:data1\" content=\"5\u00a0Minuten\" \/>\n<script type=\"application\/ld+json\" class=\"yoast-schema-graph\">{\"@context\":\"https:\/\/schema.org\",\"@graph\":[{\"@type\":\"WebPage\",\"@id\":\"https:\/\/fairfaxcryobank.com\/de\/datenschutz-bestimmungen\",\"url\":\"https:\/\/fairfaxcryobank.com\/de\/datenschutz-bestimmungen\",\"name\":\"Datenschutz-Bestimmungen | Fairfax Cryobank\",\"isPartOf\":{\"@id\":\"https:\/\/fairfaxcryobank.com\/de#website\"},\"datePublished\":\"2019-12-18T15:53:35+00:00\",\"dateModified\":\"2020-03-04T22:48:13+00:00\",\"description\":\"Datenschutzerkl\u00e4rung unserer Spermabank\",\"breadcrumb\":{\"@id\":\"https:\/\/fairfaxcryobank.com\/de\/datenschutz-bestimmungen#breadcrumb\"},\"inLanguage\":\"de\",\"potentialAction\":[{\"@type\":\"ReadAction\",\"target\":[\"https:\/\/fairfaxcryobank.com\/de\/datenschutz-bestimmungen\"]}]},{\"@type\":\"BreadcrumbList\",\"@id\":\"https:\/\/fairfaxcryobank.com\/de\/datenschutz-bestimmungen#breadcrumb\",\"itemListElement\":[{\"@type\":\"ListItem\",\"position\":1,\"name\":\"Home\",\"item\":\"https:\/\/fairfaxcryobank.com\/de\"},{\"@type\":\"ListItem\",\"position\":2,\"name\":\"Datenschutz-Bestimmungen\"}]},{\"@type\":\"WebSite\",\"@id\":\"https:\/\/fairfaxcryobank.com\/de#website\",\"url\":\"https:\/\/fairfaxcryobank.com\/de\",\"name\":\"Fairfax Cryobank - Find a Sperm Donor\",\"description\":\"Top-Tier Sperm Bank\",\"publisher\":{\"@id\":\"https:\/\/fairfaxcryobank.com\/de#organization\"},\"potentialAction\":[{\"@type\":\"SearchAction\",\"target\":{\"@type\":\"EntryPoint\",\"urlTemplate\":\"https:\/\/fairfaxcryobank.com\/de?s={search_term_string}\"},\"query-input\":{\"@type\":\"PropertyValueSpecification\",\"valueRequired\":true,\"valueName\":\"search_term_string\"}}],\"inLanguage\":\"de\"},{\"@type\":\"Organization\",\"@id\":\"https:\/\/fairfaxcryobank.com\/de#organization\",\"name\":\"Fairfax Cryobank\",\"url\":\"https:\/\/fairfaxcryobank.com\/de\",\"logo\":{\"@type\":\"ImageObject\",\"inLanguage\":\"de\",\"@id\":\"https:\/\/fairfaxcryobank.com\/de#\/schema\/logo\/image\/\",\"url\":\"https:\/\/fairfaxcryobank.com\/wp-content\/uploads\/logo.webp\",\"contentUrl\":\"https:\/\/fairfaxcryobank.com\/wp-content\/uploads\/logo.webp\",\"width\":1,\"height\":1,\"caption\":\"Fairfax Cryobank\"},\"image\":{\"@id\":\"https:\/\/fairfaxcryobank.com\/de#\/schema\/logo\/image\/\"},\"sameAs\":[\"https:\/\/www.facebook.com\/fairfax.cryobank\",\"https:\/\/x.com\/FairfaxCryobank\",\"https:\/\/www.instagram.com\/fairfaxcryobank\/\",\"https:\/\/www.pinterest.com\/fairfaxcryo\/\"]}]}<\/script>\n<!-- \/ Yoast SEO plugin. -->","yoast_head_json":{"title":"Datenschutz-Bestimmungen | Fairfax Cryobank","description":"Datenschutzerkl\u00e4rung unserer Spermabank","robots":{"index":"index","follow":"follow","max-snippet":"max-snippet:-1","max-image-preview":"max-image-preview:large","max-video-preview":"max-video-preview:-1"},"canonical":"https:\/\/fairfaxcryobank.com\/de\/datenschutz-bestimmungen","og_locale":"de_DE","og_type":"article","og_title":"Datenschutz-Bestimmungen | Fairfax Cryobank","og_description":"Datenschutzerkl\u00e4rung unserer Spermabank","og_url":"https:\/\/fairfaxcryobank.com\/de\/datenschutz-bestimmungen","og_site_name":"Fairfax Cryobank - Find a Sperm Donor","article_publisher":"https:\/\/www.facebook.com\/fairfax.cryobank","article_modified_time":"2020-03-04T22:48:13+00:00","twitter_card":"summary_large_image","twitter_site":"@FairfaxCryobank","twitter_misc":{"Gesch\u00e4tzte Lesezeit":"5\u00a0Minuten"},"schema":{"@context":"https:\/\/schema.org","@graph":[{"@type":"WebPage","@id":"https:\/\/fairfaxcryobank.com\/de\/datenschutz-bestimmungen","url":"https:\/\/fairfaxcryobank.com\/de\/datenschutz-bestimmungen","name":"Datenschutz-Bestimmungen | Fairfax Cryobank","isPartOf":{"@id":"https:\/\/fairfaxcryobank.com\/de#website"},"datePublished":"2019-12-18T15:53:35+00:00","dateModified":"2020-03-04T22:48:13+00:00","description":"Datenschutzerkl\u00e4rung unserer Spermabank","breadcrumb":{"@id":"https:\/\/fairfaxcryobank.com\/de\/datenschutz-bestimmungen#breadcrumb"},"inLanguage":"de","potentialAction":[{"@type":"ReadAction","target":["https:\/\/fairfaxcryobank.com\/de\/datenschutz-bestimmungen"]}]},{"@type":"BreadcrumbList","@id":"https:\/\/fairfaxcryobank.com\/de\/datenschutz-bestimmungen#breadcrumb","itemListElement":[{"@type":"ListItem","position":1,"name":"Home","item":"https:\/\/fairfaxcryobank.com\/de"},{"@type":"ListItem","position":2,"name":"Datenschutz-Bestimmungen"}]},{"@type":"WebSite","@id":"https:\/\/fairfaxcryobank.com\/de#website","url":"https:\/\/fairfaxcryobank.com\/de","name":"Fairfax Cryobank - Find a Sperm Donor","description":"Top-Tier Sperm Bank","publisher":{"@id":"https:\/\/fairfaxcryobank.com\/de#organization"},"potentialAction":[{"@type":"SearchAction","target":{"@type":"EntryPoint","urlTemplate":"https:\/\/fairfaxcryobank.com\/de?s={search_term_string}"},"query-input":{"@type":"PropertyValueSpecification","valueRequired":true,"valueName":"search_term_string"}}],"inLanguage":"de"},{"@type":"Organization","@id":"https:\/\/fairfaxcryobank.com\/de#organization","name":"Fairfax Cryobank","url":"https:\/\/fairfaxcryobank.com\/de","logo":{"@type":"ImageObject","inLanguage":"de","@id":"https:\/\/fairfaxcryobank.com\/de#\/schema\/logo\/image\/","url":"https:\/\/fairfaxcryobank.com\/wp-content\/uploads\/logo.webp","contentUrl":"https:\/\/fairfaxcryobank.com\/wp-content\/uploads\/logo.webp","width":1,"height":1,"caption":"Fairfax Cryobank"},"image":{"@id":"https:\/\/fairfaxcryobank.com\/de#\/schema\/logo\/image\/"},"sameAs":["https:\/\/www.facebook.com\/fairfax.cryobank","https:\/\/x.com\/FairfaxCryobank","https:\/\/www.instagram.com\/fairfaxcryobank\/","https:\/\/www.pinterest.com\/fairfaxcryo\/"]}]}},"post_mailing_queue_ids":[],"_links":{"self":[{"href":"https:\/\/fairfaxcryobank.com\/de\/wp-json\/wp\/v2\/pages\/4932","targetHints":{"allow":["GET"]}}],"collection":[{"href":"https:\/\/fairfaxcryobank.com\/de\/wp-json\/wp\/v2\/pages"}],"about":[{"href":"https:\/\/fairfaxcryobank.com\/de\/wp-json\/wp\/v2\/types\/page"}],"author":[{"embeddable":true,"href":"https:\/\/fairfaxcryobank.com\/de\/wp-json\/wp\/v2\/users\/1"}],"replies":[{"embeddable":true,"href":"https:\/\/fairfaxcryobank.com\/de\/wp-json\/wp\/v2\/comments?post=4932"}],"version-history":[{"count":0,"href":"https:\/\/fairfaxcryobank.com\/de\/wp-json\/wp\/v2\/pages\/4932\/revisions"}],"wp:attachment":[{"href":"https:\/\/fairfaxcryobank.com\/de\/wp-json\/wp\/v2\/media?parent=4932"}],"curies":[{"name":"wp","href":"https:\/\/api.w.org\/{rel}","templated":true}]}}