{"id":4946,"date":"2019-12-18T16:05:06","date_gmt":"2019-12-18T16:05:06","guid":{"rendered":"https:\/\/fairfaxcryobank.com\/?page_id=4946"},"modified":"2021-07-29T10:18:21","modified_gmt":"2021-07-29T14:18:21","slug":"zukuenftige-eltern","status":"publish","type":"page","link":"https:\/\/fairfaxcryobank.com\/de\/zukuenftige-eltern","title":{"rendered":"Zuk\u00fcnftige Eltern"},"content":{"rendered":"\n<h2 class=\"wp-block-heading\">Machen Sie den ersten Schritt Richtung Familie und \u2013 mit Fairfax Cryobank<\/h2>\n\n\n\n<p>Unabh\u00e4ngig von Ihrer pers\u00f6nlichen Situation unterst\u00fctzt die Fairfax Cryobank Ihre Familientr\u00e4ume. Mit Fairfax Cryobank k\u00f6nnen Sie sich Ihren Kinderwunsch erf\u00fcllen, und das ganz unabh\u00e4ngig von Ihrem Familienstand, Geschlechtsidentit\u00e4t oder sexueller Orientierung: Wir unterst\u00fctzen Ihren Traum nach Familie und machen es zur Aufgabe unseres Unternehmens, Ihnen mit Rat und Tat zur Seite zu stehen!<\/p>\n\n\n\n<p>Schon seit 1986 ist Fairfax Cryobank Ihr vertrauensw\u00fcrdiger Partner f\u00fcr Spendersamen, und Branchenf\u00fchrer mit Samenspendern und Spermien h\u00f6chster Qualit\u00e4t. Warten Sie nicht l\u00e4nger und machen Sie den ersten Schritt Richtung Familie. In unserer Datenbank finden Sie zahlreiche Samenspender aus verschiedensten Hintergr\u00fcnden, mit diversen Charaktereigenschaften und Pers\u00f6nlichkeiten. Wenn Sie Ihren perfekten Samenspender ausgew\u00e4hlt haben und bereit sind, den n\u00e4chsten Schritt zu machen, steht Ihnen unser f\u00fcrsorgliches Team von Kundendienstmitarbeitern der Fairfax Cryobank bei der Platzierung des Spenders zur Verf\u00fcgung. Wenn Sie Spendersperma bestellen m\u00f6chten, rufen Sie einfach das Team direkt unter +1 800 333 4211 an.<\/p>\n\n\n\n<h3 class=\"wp-block-heading\">Wenn Sie sich Ihren Kinderwunsch mit der Fairfax Cryobank erf\u00fcllen m\u00f6chten k\u00f6nnen Sie gerne folgende Seiten rund um Spendersamen, Fertilit\u00e4tsst\u00f6rungen, Samenspender, alleinerziehende M\u00fctter usw. besuchen, um mehr \u00fcber unsere Services hier bei der Fairfax Cryobank zu erfahren. Worauf warten Sie also noch? Erf\u00fcllen Sie sich Ihren Traum nach Familie mit Spendersamen!<\/h3>\n\n\n\n<ul class=\"wp-block-list\"><li><a href=\"https:\/\/fairfaxcryobank.com\/de\/paare-mit-fertilitaetsstoerungen\">Paare mit Fertilit\u00e4tsst\u00f6rungen<\/a><\/li><li><a href=\"https:\/\/fairfaxcryobank.com\/de\/alleinerziehende-muetter-aus-eigener-entscheidung\">Alleinerziehende M\u00fctter aus eigener Entscheidung<\/a><\/li><li><a href=\"https:\/\/fairfaxcryobank.com\/de\/lgbtq-freundlich\">LGBTQ-Familien<\/a><\/li><li><a href=\"https:\/\/fairfaxcryobank.com\/de\/kinder-durch-spenderbesamung\">Kinder durch Spenderbesamung<\/a><\/li><\/ul>\n","protected":false},"excerpt":{"rendered":"<p>Machen Sie den ersten Schritt Richtung Familie und \u2013 mit Fairfax Cryobank Unabh\u00e4ngig von Ihrer pers\u00f6nlichen Situation unterst\u00fctzt die Fairfax Cryobank Ihre Familientr\u00e4ume. Mit Fairfax Cryobank k\u00f6nnen Sie sich Ihren Kinderwunsch erf\u00fcllen, und das ganz unabh\u00e4ngig von Ihrem Familienstand, Geschlechtsidentit\u00e4t oder sexueller Orientierung: Wir unterst\u00fctzen Ihren Traum nach Familie und &#8230;<\/p>\n","protected":false},"author":1,"featured_media":4956,"parent":0,"menu_order":0,"comment_status":"closed","ping_status":"closed","template":"","meta":{"footnotes":""},"class_list":["post-4946","page","type-page","status-publish","has-post-thumbnail","hentry"],"yoast_head":"<!-- This site is optimized with the Yoast SEO plugin v27.1.1 - https:\/\/yoast.com\/product\/yoast-seo-wordpress\/ -->\n<title>Infos f\u00fcr Sie als zuk\u00fcnftige Eltern | Fairfax Cryobank<\/title>\n<meta name=\"description\" content=\"Erf\u00fcllen Sie sich Ihren Kinderwunsch und werden Sie Eltern! Machen Sie den ersten Schritt und finden Sie Ihren perfekten Samenspender mit Fairfax Cryobank.\" \/>\n<meta name=\"robots\" content=\"index, follow, max-snippet:-1, max-image-preview:large, max-video-preview:-1\" \/>\n<link rel=\"canonical\" href=\"https:\/\/fairfaxcryobank.com\/de\/zukuenftige-eltern\" \/>\n<meta property=\"og:locale\" content=\"de_DE\" \/>\n<meta property=\"og:type\" content=\"article\" \/>\n<meta property=\"og:title\" content=\"Infos f\u00fcr Sie als zuk\u00fcnftige Eltern | Fairfax Cryobank\" \/>\n<meta property=\"og:description\" content=\"Erf\u00fcllen Sie sich Ihren Kinderwunsch und werden Sie Eltern! Machen Sie den ersten Schritt und finden Sie Ihren perfekten Samenspender mit Fairfax Cryobank.\" \/>\n<meta property=\"og:url\" content=\"https:\/\/fairfaxcryobank.com\/de\/zukuenftige-eltern\" \/>\n<meta property=\"og:site_name\" content=\"Fairfax Cryobank - Find a Sperm Donor\" \/>\n<meta property=\"article:publisher\" content=\"https:\/\/www.facebook.com\/fairfax.cryobank\" \/>\n<meta property=\"article:modified_time\" content=\"2021-07-29T14:18:21+00:00\" \/>\n<meta property=\"og:image\" content=\"https:\/\/fairfaxcryobank.com\/wp-content\/uploads\/test.jpg\" \/>\n\t<meta property=\"og:image:width\" content=\"750\" \/>\n\t<meta property=\"og:image:height\" content=\"523\" \/>\n\t<meta property=\"og:image:type\" content=\"image\/jpeg\" \/>\n<meta name=\"twitter:card\" content=\"summary_large_image\" \/>\n<meta name=\"twitter:site\" content=\"@FairfaxCryobank\" \/>\n<meta name=\"twitter:label1\" content=\"Gesch\u00e4tzte Lesezeit\" \/>\n\t<meta name=\"twitter:data1\" content=\"1\u00a0Minute\" \/>\n<script type=\"application\/ld+json\" class=\"yoast-schema-graph\">{\"@context\":\"https:\/\/schema.org\",\"@graph\":[{\"@type\":\"WebPage\",\"@id\":\"https:\/\/fairfaxcryobank.com\/de\/zukuenftige-eltern\",\"url\":\"https:\/\/fairfaxcryobank.com\/de\/zukuenftige-eltern\",\"name\":\"Infos f\u00fcr Sie als zuk\u00fcnftige Eltern | Fairfax Cryobank\",\"isPartOf\":{\"@id\":\"https:\/\/fairfaxcryobank.com\/de#website\"},\"primaryImageOfPage\":{\"@id\":\"https:\/\/fairfaxcryobank.com\/de\/zukuenftige-eltern#primaryimage\"},\"image\":{\"@id\":\"https:\/\/fairfaxcryobank.com\/de\/zukuenftige-eltern#primaryimage\"},\"thumbnailUrl\":\"https:\/\/fairfaxcryobank.com\/wp-content\/uploads\/test.jpg\",\"datePublished\":\"2019-12-18T16:05:06+00:00\",\"dateModified\":\"2021-07-29T14:18:21+00:00\",\"description\":\"Erf\u00fcllen Sie sich Ihren Kinderwunsch und werden Sie Eltern! Machen Sie den ersten Schritt und finden Sie Ihren perfekten Samenspender mit Fairfax Cryobank.\",\"breadcrumb\":{\"@id\":\"https:\/\/fairfaxcryobank.com\/de\/zukuenftige-eltern#breadcrumb\"},\"inLanguage\":\"de\",\"potentialAction\":[{\"@type\":\"ReadAction\",\"target\":[\"https:\/\/fairfaxcryobank.com\/de\/zukuenftige-eltern\"]}]},{\"@type\":\"ImageObject\",\"inLanguage\":\"de\",\"@id\":\"https:\/\/fairfaxcryobank.com\/de\/zukuenftige-eltern#primaryimage\",\"url\":\"https:\/\/fairfaxcryobank.com\/wp-content\/uploads\/test.jpg\",\"contentUrl\":\"https:\/\/fairfaxcryobank.com\/wp-content\/uploads\/test.jpg\",\"width\":750,\"height\":523,\"caption\":\"Samen Spender\"},{\"@type\":\"BreadcrumbList\",\"@id\":\"https:\/\/fairfaxcryobank.com\/de\/zukuenftige-eltern#breadcrumb\",\"itemListElement\":[{\"@type\":\"ListItem\",\"position\":1,\"name\":\"Home\",\"item\":\"https:\/\/fairfaxcryobank.com\/de\"},{\"@type\":\"ListItem\",\"position\":2,\"name\":\"Zuk\u00fcnftige Eltern\"}]},{\"@type\":\"WebSite\",\"@id\":\"https:\/\/fairfaxcryobank.com\/de#website\",\"url\":\"https:\/\/fairfaxcryobank.com\/de\",\"name\":\"Fairfax Cryobank - Find a Sperm Donor\",\"description\":\"Top-Tier Sperm Bank\",\"publisher\":{\"@id\":\"https:\/\/fairfaxcryobank.com\/de#organization\"},\"potentialAction\":[{\"@type\":\"SearchAction\",\"target\":{\"@type\":\"EntryPoint\",\"urlTemplate\":\"https:\/\/fairfaxcryobank.com\/de?s={search_term_string}\"},\"query-input\":{\"@type\":\"PropertyValueSpecification\",\"valueRequired\":true,\"valueName\":\"search_term_string\"}}],\"inLanguage\":\"de\"},{\"@type\":\"Organization\",\"@id\":\"https:\/\/fairfaxcryobank.com\/de#organization\",\"name\":\"Fairfax Cryobank\",\"url\":\"https:\/\/fairfaxcryobank.com\/de\",\"logo\":{\"@type\":\"ImageObject\",\"inLanguage\":\"de\",\"@id\":\"https:\/\/fairfaxcryobank.com\/de#\/schema\/logo\/image\/\",\"url\":\"https:\/\/fairfaxcryobank.com\/wp-content\/uploads\/logo.webp\",\"contentUrl\":\"https:\/\/fairfaxcryobank.com\/wp-content\/uploads\/logo.webp\",\"width\":1,\"height\":1,\"caption\":\"Fairfax Cryobank\"},\"image\":{\"@id\":\"https:\/\/fairfaxcryobank.com\/de#\/schema\/logo\/image\/\"},\"sameAs\":[\"https:\/\/www.facebook.com\/fairfax.cryobank\",\"https:\/\/x.com\/FairfaxCryobank\",\"https:\/\/www.instagram.com\/fairfaxcryobank\/\",\"https:\/\/www.pinterest.com\/fairfaxcryo\/\"]}]}<\/script>\n<!-- \/ Yoast SEO plugin. -->","yoast_head_json":{"title":"Infos f\u00fcr Sie als zuk\u00fcnftige Eltern | Fairfax Cryobank","description":"Erf\u00fcllen Sie sich Ihren Kinderwunsch und werden Sie Eltern! Machen Sie den ersten Schritt und finden Sie Ihren perfekten Samenspender mit Fairfax Cryobank.","robots":{"index":"index","follow":"follow","max-snippet":"max-snippet:-1","max-image-preview":"max-image-preview:large","max-video-preview":"max-video-preview:-1"},"canonical":"https:\/\/fairfaxcryobank.com\/de\/zukuenftige-eltern","og_locale":"de_DE","og_type":"article","og_title":"Infos f\u00fcr Sie als zuk\u00fcnftige Eltern | Fairfax Cryobank","og_description":"Erf\u00fcllen Sie sich Ihren Kinderwunsch und werden Sie Eltern! Machen Sie den ersten Schritt und finden Sie Ihren perfekten Samenspender mit Fairfax Cryobank.","og_url":"https:\/\/fairfaxcryobank.com\/de\/zukuenftige-eltern","og_site_name":"Fairfax Cryobank - Find a Sperm Donor","article_publisher":"https:\/\/www.facebook.com\/fairfax.cryobank","article_modified_time":"2021-07-29T14:18:21+00:00","og_image":[{"width":750,"height":523,"url":"https:\/\/fairfaxcryobank.com\/wp-content\/uploads\/test.jpg","type":"image\/jpeg"}],"twitter_card":"summary_large_image","twitter_site":"@FairfaxCryobank","twitter_misc":{"Gesch\u00e4tzte Lesezeit":"1\u00a0Minute"},"schema":{"@context":"https:\/\/schema.org","@graph":[{"@type":"WebPage","@id":"https:\/\/fairfaxcryobank.com\/de\/zukuenftige-eltern","url":"https:\/\/fairfaxcryobank.com\/de\/zukuenftige-eltern","name":"Infos f\u00fcr Sie als zuk\u00fcnftige Eltern | Fairfax Cryobank","isPartOf":{"@id":"https:\/\/fairfaxcryobank.com\/de#website"},"primaryImageOfPage":{"@id":"https:\/\/fairfaxcryobank.com\/de\/zukuenftige-eltern#primaryimage"},"image":{"@id":"https:\/\/fairfaxcryobank.com\/de\/zukuenftige-eltern#primaryimage"},"thumbnailUrl":"https:\/\/fairfaxcryobank.com\/wp-content\/uploads\/test.jpg","datePublished":"2019-12-18T16:05:06+00:00","dateModified":"2021-07-29T14:18:21+00:00","description":"Erf\u00fcllen Sie sich Ihren Kinderwunsch und werden Sie Eltern! Machen Sie den ersten Schritt und finden Sie Ihren perfekten Samenspender mit Fairfax Cryobank.","breadcrumb":{"@id":"https:\/\/fairfaxcryobank.com\/de\/zukuenftige-eltern#breadcrumb"},"inLanguage":"de","potentialAction":[{"@type":"ReadAction","target":["https:\/\/fairfaxcryobank.com\/de\/zukuenftige-eltern"]}]},{"@type":"ImageObject","inLanguage":"de","@id":"https:\/\/fairfaxcryobank.com\/de\/zukuenftige-eltern#primaryimage","url":"https:\/\/fairfaxcryobank.com\/wp-content\/uploads\/test.jpg","contentUrl":"https:\/\/fairfaxcryobank.com\/wp-content\/uploads\/test.jpg","width":750,"height":523,"caption":"Samen Spender"},{"@type":"BreadcrumbList","@id":"https:\/\/fairfaxcryobank.com\/de\/zukuenftige-eltern#breadcrumb","itemListElement":[{"@type":"ListItem","position":1,"name":"Home","item":"https:\/\/fairfaxcryobank.com\/de"},{"@type":"ListItem","position":2,"name":"Zuk\u00fcnftige Eltern"}]},{"@type":"WebSite","@id":"https:\/\/fairfaxcryobank.com\/de#website","url":"https:\/\/fairfaxcryobank.com\/de","name":"Fairfax Cryobank - Find a Sperm Donor","description":"Top-Tier Sperm Bank","publisher":{"@id":"https:\/\/fairfaxcryobank.com\/de#organization"},"potentialAction":[{"@type":"SearchAction","target":{"@type":"EntryPoint","urlTemplate":"https:\/\/fairfaxcryobank.com\/de?s={search_term_string}"},"query-input":{"@type":"PropertyValueSpecification","valueRequired":true,"valueName":"search_term_string"}}],"inLanguage":"de"},{"@type":"Organization","@id":"https:\/\/fairfaxcryobank.com\/de#organization","name":"Fairfax Cryobank","url":"https:\/\/fairfaxcryobank.com\/de","logo":{"@type":"ImageObject","inLanguage":"de","@id":"https:\/\/fairfaxcryobank.com\/de#\/schema\/logo\/image\/","url":"https:\/\/fairfaxcryobank.com\/wp-content\/uploads\/logo.webp","contentUrl":"https:\/\/fairfaxcryobank.com\/wp-content\/uploads\/logo.webp","width":1,"height":1,"caption":"Fairfax Cryobank"},"image":{"@id":"https:\/\/fairfaxcryobank.com\/de#\/schema\/logo\/image\/"},"sameAs":["https:\/\/www.facebook.com\/fairfax.cryobank","https:\/\/x.com\/FairfaxCryobank","https:\/\/www.instagram.com\/fairfaxcryobank\/","https:\/\/www.pinterest.com\/fairfaxcryo\/"]}]}},"post_mailing_queue_ids":[],"_links":{"self":[{"href":"https:\/\/fairfaxcryobank.com\/de\/wp-json\/wp\/v2\/pages\/4946","targetHints":{"allow":["GET"]}}],"collection":[{"href":"https:\/\/fairfaxcryobank.com\/de\/wp-json\/wp\/v2\/pages"}],"about":[{"href":"https:\/\/fairfaxcryobank.com\/de\/wp-json\/wp\/v2\/types\/page"}],"author":[{"embeddable":true,"href":"https:\/\/fairfaxcryobank.com\/de\/wp-json\/wp\/v2\/users\/1"}],"replies":[{"embeddable":true,"href":"https:\/\/fairfaxcryobank.com\/de\/wp-json\/wp\/v2\/comments?post=4946"}],"version-history":[{"count":1,"href":"https:\/\/fairfaxcryobank.com\/de\/wp-json\/wp\/v2\/pages\/4946\/revisions"}],"predecessor-version":[{"id":17880,"href":"https:\/\/fairfaxcryobank.com\/de\/wp-json\/wp\/v2\/pages\/4946\/revisions\/17880"}],"wp:featuredmedia":[{"embeddable":true,"href":"https:\/\/fairfaxcryobank.com\/de\/wp-json\/wp\/v2\/media\/4956"}],"wp:attachment":[{"href":"https:\/\/fairfaxcryobank.com\/de\/wp-json\/wp\/v2\/media?parent=4946"}],"curies":[{"name":"wp","href":"https:\/\/api.w.org\/{rel}","templated":true}]}}