{"id":4957,"date":"2019-12-18T16:05:51","date_gmt":"2019-12-18T16:05:51","guid":{"rendered":"https:\/\/fairfaxcryobank.com\/?page_id=4957"},"modified":"2021-07-29T10:46:07","modified_gmt":"2021-07-29T14:46:07","slug":"alleinerziehende-muetter-aus-eigener-entscheidung","status":"publish","type":"page","link":"https:\/\/fairfaxcryobank.com\/de\/alleinerziehende-muetter-aus-eigener-entscheidung","title":{"rendered":"Alleinerziehende M\u00fctter aus eigener Entscheidung"},"content":{"rendered":"\n<h2 class=\"wp-block-heading\">Wir unterst\u00fctzen den Kinderwunsch alleinerziehender M\u00fctter<\/h2>\n\n\n\n<p>Sie sind ohne Partner m\u00f6chten aber sehnlichst ein Baby? Wenn Sie Single sind aber trotzdem eine Familie gr\u00fcnden m\u00f6chten, auch ohne Mann, dann sind Sie bei der Fairfax Cryobank genau richtig. Wir bei Fairfax Cryobank unterst\u00fctzen den Kinderwunsch alleinstehender Frauen!<br>Lesen Sie weiter und erfahren Sie mehr, wenn auch Sie ohne Partner Ihren Kinderwunsch erf\u00fcllen m\u00f6chten!<\/p>\n\n\n\n<p>Ein Kind als alleinstehende Mutter zu haben, ist eine gro\u00dfe Entscheidung \u2013 einerseits spannend aber auch etwas \u00fcberw\u00e4ltigend! Viele unserer Kundinnen haben sich entschieden, alleinerziehende M\u00fctter aus eigener Entscheidung zu werden. Diese Frauen haben uns gezeigt, was wir tun k\u00f6nnen, um so aufgeschlossen wie m\u00f6glich f\u00fcr die besonderen Bed\u00fcrfnisse einer alleinerziehenden Mutter zu sein.<\/p>\n\n\n\n<p>Wir empfehlen Ihnen, einige der unten aufgef\u00fchrten Bewertungen und Erfahrungsberichte zu lesen, die die Qualit\u00e4t unserer Dienstleistungen darlegen. Keine Vorurteile gegen alleinstehende M\u00fctter, wir unterst\u00fctzen Sie vollkommen! Unsere Kundenbetreuer sind r\u00fccksichtsvoll, professionell und bem\u00fchen sich, Ihre individuelle Situation zu verstehen.<\/p>\n\n\n\n<p>Worauf warten Sie noch? Wenn auch Sie ohne Partner sind, und trotzdem sich Ihren Kinderwunsch erf\u00fcllen m\u00f6chten, dann kontaktieren Sie noch heute Fairfax Cryobank und finden Sie Ihren perfekten Samenspender!<\/p>\n\n\n\n<p><\/p>\n\n\n\n<div class=\"wp-block-image\"><figure class=\"aligncenter is-resized\"><img loading=\"lazy\" decoding=\"async\" src=\"https:\/\/fairfaxcryobank.com\/wp-content\/uploads\/\/graphicstock-beautiful-young-mother-with-her-newborn-baby-son-lying-on-bed-in-her-bedroom-hugging-him-playing-with-teddy-bear_BdxvVPuIMZ_SMaller-1-1024x681.jpg\" alt=\"single mothers by choice\" class=\"wp-image-3241\" width=\"789\" height=\"524\" srcset=\"https:\/\/fairfaxcryobank.com\/wp-content\/uploads\/graphicstock-beautiful-young-mother-with-her-newborn-baby-son-lying-on-bed-in-her-bedroom-hugging-him-playing-with-teddy-bear_BdxvVPuIMZ_SMaller-1-1024x681.jpg 1024w, https:\/\/fairfaxcryobank.com\/wp-content\/uploads\/graphicstock-beautiful-young-mother-with-her-newborn-baby-son-lying-on-bed-in-her-bedroom-hugging-him-playing-with-teddy-bear_BdxvVPuIMZ_SMaller-1-300x200.jpg 300w, https:\/\/fairfaxcryobank.com\/wp-content\/uploads\/graphicstock-beautiful-young-mother-with-her-newborn-baby-son-lying-on-bed-in-her-bedroom-hugging-him-playing-with-teddy-bear_BdxvVPuIMZ_SMaller-1-768x511.jpg 768w\" sizes=\"auto, (max-width: 789px) 100vw, 789px\" \/><\/figure><\/div>\n\n\n\n<h3 class=\"wp-block-heading\">Fairfax Cryobank-Ressourcen f\u00fcr alleinerziehende M\u00fctter aus eigener Entscheidung<\/h3>\n\n\n\n<ul class=\"wp-block-list\"><li><a href=\"Fairfax-Familyforen: In den Fairfax-Familienforen k\u00f6nnen Sie sich mit anderen alleinerziehenden M\u00fcttern austauschen. Bitten Sie dann den Kundendienst, Sie zur privaten Spenderforum-Gruppe hinzuzuf\u00fcgen, sobald Sie Ihr Kind bekommen haben.\">Fairfax-Familyforen: In den Fairfax-Familienforen k\u00f6nnen Sie sich mit anderen alleinerziehenden M\u00fcttern austauschen. Bitten Sie dann den Kundendienst, Sie zur privaten Spenderforum-Gruppe hinzuzuf\u00fcgen, sobald Sie Ihr Kind bekommen haben.<\/a><\/li><li><a href=\"\/de\/spenderauswahl-service\">Beratung bei der Spenderauswahl<\/a>: Hilfreiche Einzelberatung, wenn Sie zus\u00e4tzliche Unterst\u00fctzung bei der Suche nach dem richtigen Spender ben\u00f6tigen. Dieser Service kann \u00e4u\u00dferst hilfreich sein, wenn kein Partner f\u00fcr die Er\u00f6rterung m\u00f6glicher Entscheidungen zur Verf\u00fcgung steht.<\/li><li><a href=\"\/de\/spenderauswahl-service\">Photo-Matching<\/a>: Passen Sie das Erscheinungsbild Ihres Spenders an ein Foto einer Person an, z. B. Partner, Familie, Freund, Ber\u00fchmtheit usw.<\/li><\/ul>\n\n\n\n<hr class=\"wp-block-separator\"\/>\n\n\n\n<h3 class=\"wp-block-heading\"><strong>Alleinerziehende Fairfax-M\u00fctter aus eigener Entscheidung: Erfahrungsberichte<\/strong><\/h3>\n\n\n\n<blockquote class=\"wp-block-quote is-layout-flow wp-block-quote-is-layout-flow\"><p><em>\u201eIch hatte beschlossen, dass ich, wenn ich zum Zeitpunkt meines 36. Lebensjahres alleinstehend oder unverheiratet w\u00e4re, einen Samenspender zu suchen. Es war schon immer ein Traum von mir, Mutter zu werden, mehr als alles andere auf der Welt! Ich habe einen m\u00fctterlichen, f\u00fcrsorglichen Instinkt und wollte ein Baby haben. Ich liebe Kinder! Schwanger zu werden war sehr schwer f\u00fcr mich. <\/em><\/p><p> <br><em>Nach 4 erfolglosen IUIs (intrauterine Insemination) habe ich mich f\u00fcr eine k\u00fcnstliche Befruchtung (IVF) entschieden. Meine erste IVF endete mit einer \u201eChemieschwangerschaft\u201c, die mir sehr weh tat. Es war, als w\u00fcrde mir jemand mein Gl\u00fcck nehmen. Ich habe meinen Traum jedoch niemals aufgegeben! Ich hatte eine andere IVF, und war begeistert und im siebten Himmel, als ich herausfand, dass ich schwanger war! Ich habe jetzt ein gesundes, sch\u00f6nes Baby namens Hannah Marie. Ich m\u00f6chte meinem Spender von Herzen danken!\u201c <\/em><\/p><cite>-AMH<\/cite><\/blockquote>\n\n\n\n<blockquote class=\"wp-block-quote is-layout-flow wp-block-quote-is-layout-flow\"><p><em>\u201eMein Lebenstraum war es, eines Tages ein Kind zu haben. Mit der Unterst\u00fctzung der Fairfax Cryobank konnte ich diesen Traum verwirklichen. Nach nur zwei Monaten k\u00fcnstlicher Befruchtung wurde ich schwanger. Neun Monate sp\u00e4ter hatte ich einen gl\u00fccklichen, gesunden kleinen Jungen, den ich f\u00fcr den Rest meines Lebens lieben kann!\u201c<br><\/em><br><\/p><cite>-JW<\/cite><\/blockquote>\n\n\n\n<blockquote class=\"wp-block-quote is-layout-flow wp-block-quote-is-layout-flow\"><p><em>\u201eIch m\u00f6chte der Fairfax Cryobank danken, die einen unglaublichen Unterschied in meinem Leben gemacht hat. Ich bin mit zwei Kindern gesegnet: Zwillinge! Ein Junge und ein M\u00e4dchen, und k\u00f6nnte nicht gl\u00fccklicher sein! Ich h\u00e4tte nie gedacht, dass ich heute hier als Mutter von zwei Kleinkindern sitze. Mein Leben ist perfekt. Vielen Dank!&#8220;<br><\/em><br><\/p><cite>-ALP<\/cite><\/blockquote>\n\n\n\n<blockquote class=\"wp-block-quote is-layout-flow wp-block-quote-is-layout-flow\"><p><em>\u201cIch wurde am 25.10.05 schwanger, und habe am 01.06.06 nach 34 Wochen Schwangerschaft eine Tochter geboren. Ich m\u00f6chte allen Beteiligten, insbesondere meinem Samenspender, daf\u00fcr danken, dass dies m\u00f6glich wurde. Meine Tochter ist ein absolutes Wunschkind. Sobald das Sperma meines Spenders wieder verf\u00fcgbar ist, werde ich es wahrscheinlich noch einmal versuchen!&#8220;<br><\/em><br><\/p><cite>-BC<\/cite><\/blockquote>\n\n\n\n<blockquote class=\"wp-block-quote is-layout-flow wp-block-quote-is-layout-flow\"><p><em>&#8222;Ich bin eine alleinerziehende Mutter, die mit meinem Sohn, der gerade mal drei Jahre alt ist, in Australien lebt. Die Gro\u00dfz\u00fcgigkeit des Spenders, die Unterst\u00fctzung meiner \u00c4rzte und die Professionalit\u00e4t von Fairfax haben es erm\u00f6glicht, meinen Sohn zu haben. Als ich vor vier Jahren beschloss, alleinerziehende Mutter zu werden, erforschten meine Familie, Freunde und ich viele M\u00f6glichkeiten. Letztendlich entschied ich, mein Kind durch Samenspende zu haben. <br> Bei dieser Entscheidung war es f\u00fcr mich sehr wichtig, so viel wie m\u00f6glich \u00fcber den Spender zu wissen, um mir nicht nur bei der Auswahl des \u201erichtigen\u201c Spenders zu helfen, sondern auch f\u00fcr mein Kind und die zuk\u00fcnftigen Fragen, die es m\u00f6glicherweise \u00fcber seinen leiblichen Vater hat. Die vielf\u00e4ltigen Informationen, die \u00fcber Spender verf\u00fcgbar sind, angefangen vom Kindheitsfoto unseres Spenders (h\u00e4ngt an unserem K\u00fchlschrank!) bis hin zu seiner detaillierten Familiengeschichte. Die Entscheidung, Fairfax zu verwenden, war einfach. Vielen Dank an Ihre Mitarbeiter und an den Spender, der dazu beigetragen hat, einen ganz erstaunlichen kleinen Jungen in unser Leben zu bringen. Wir k\u00f6nnen uns unser Leben ohne ihn nicht vorstellen.\u201c<br><\/em><br><\/p><cite>-TJU<\/cite><\/blockquote>\n\n\n\n<hr class=\"wp-block-separator\"\/>\n\n\n\n<h3 class=\"wp-block-heading\">Links zu Ressourcen f\u00fcr alleinerziehende M\u00fctter:<\/h3>\n\n\n\n<h4 class=\"wp-block-heading\"><strong>Websites<\/strong><\/h4>\n\n\n\n<ul class=\"wp-block-list\"><li><a href=\"https:\/\/www.singlemothersbychoice.org\">Alleinerziehende M\u00fctter nach eigener Entscheidung<\/a> &#8211; Fairfax Cryobank ist stolzer Sponsor der Gruppe Alleinerziehende M\u00fctter nach eigener Entscheidung.<\/li><li><a href=\"https:\/\/creatingafamily.org\/\">Creating A Family<\/a><\/li><\/ul>\n","protected":false},"excerpt":{"rendered":"<p>Wir unterst\u00fctzen den Kinderwunsch alleinerziehender M\u00fctter Sie sind ohne Partner m\u00f6chten aber sehnlichst ein Baby? Wenn Sie Single sind aber trotzdem eine Familie gr\u00fcnden m\u00f6chten, auch ohne Mann, dann sind Sie bei der Fairfax Cryobank genau richtig. Wir bei Fairfax Cryobank unterst\u00fctzen den Kinderwunsch alleinstehender Frauen!Lesen Sie weiter und erfahren &#8230;<\/p>\n","protected":false},"author":1,"featured_media":4849,"parent":0,"menu_order":0,"comment_status":"closed","ping_status":"closed","template":"","meta":{"footnotes":""},"class_list":["post-4957","page","type-page","status-publish","has-post-thumbnail","hentry"],"yoast_head":"<!-- This site is optimized with the Yoast SEO plugin v27.1.1 - https:\/\/yoast.com\/product\/yoast-seo-wordpress\/ -->\n<title>Alleinerziehende M\u00fctter mit Kinderwunsch | Fairfax Cryobank<\/title>\n<meta name=\"description\" content=\"Sind Sie Single, m\u00f6chten aber ein Kind haben? Fairfax Cryobank unterst\u00fctzt Alleinerziehende M\u00fctter aus eigener Entscheidung. Alleinstehende Mutter werden.\" \/>\n<meta name=\"robots\" content=\"index, follow, max-snippet:-1, max-image-preview:large, max-video-preview:-1\" \/>\n<link rel=\"canonical\" href=\"https:\/\/fairfaxcryobank.com\/de\/alleinerziehende-muetter-aus-eigener-entscheidung\" \/>\n<meta property=\"og:locale\" content=\"de_DE\" \/>\n<meta property=\"og:type\" content=\"article\" \/>\n<meta property=\"og:title\" content=\"Alleinerziehende M\u00fctter mit Kinderwunsch | Fairfax Cryobank\" \/>\n<meta property=\"og:description\" content=\"Sind Sie Single, m\u00f6chten aber ein Kind haben? Fairfax Cryobank unterst\u00fctzt Alleinerziehende M\u00fctter aus eigener Entscheidung. Alleinstehende Mutter werden.\" \/>\n<meta property=\"og:url\" content=\"https:\/\/fairfaxcryobank.com\/de\/alleinerziehende-muetter-aus-eigener-entscheidung\" \/>\n<meta property=\"og:site_name\" content=\"Fairfax Cryobank - Find a Sperm Donor\" \/>\n<meta property=\"article:publisher\" content=\"https:\/\/www.facebook.com\/fairfax.cryobank\" \/>\n<meta property=\"article:modified_time\" content=\"2021-07-29T14:46:07+00:00\" \/>\n<meta property=\"og:image\" content=\"https:\/\/fairfaxcryobank.com\/wp-content\/uploads\/graphicstock-beautiful-young-mother-with-her-newborn-baby-son-lying-on-bed-in-her-bedroom-hugging-him-playing-with-teddy-bear_BdxvVPuIMZ_SMaller.jpg\" \/>\n\t<meta property=\"og:image:width\" content=\"2451\" \/>\n\t<meta property=\"og:image:height\" content=\"1631\" \/>\n\t<meta property=\"og:image:type\" content=\"image\/jpeg\" \/>\n<meta name=\"twitter:card\" content=\"summary_large_image\" \/>\n<meta name=\"twitter:site\" content=\"@FairfaxCryobank\" \/>\n<meta name=\"twitter:label1\" content=\"Gesch\u00e4tzte Lesezeit\" \/>\n\t<meta name=\"twitter:data1\" content=\"4\u00a0Minuten\" \/>\n<script type=\"application\/ld+json\" class=\"yoast-schema-graph\">{\"@context\":\"https:\/\/schema.org\",\"@graph\":[{\"@type\":\"WebPage\",\"@id\":\"https:\/\/fairfaxcryobank.com\/de\/alleinerziehende-muetter-aus-eigener-entscheidung\",\"url\":\"https:\/\/fairfaxcryobank.com\/de\/alleinerziehende-muetter-aus-eigener-entscheidung\",\"name\":\"Alleinerziehende M\u00fctter mit Kinderwunsch | Fairfax Cryobank\",\"isPartOf\":{\"@id\":\"https:\/\/fairfaxcryobank.com\/de#website\"},\"primaryImageOfPage\":{\"@id\":\"https:\/\/fairfaxcryobank.com\/de\/alleinerziehende-muetter-aus-eigener-entscheidung#primaryimage\"},\"image\":{\"@id\":\"https:\/\/fairfaxcryobank.com\/de\/alleinerziehende-muetter-aus-eigener-entscheidung#primaryimage\"},\"thumbnailUrl\":\"https:\/\/fairfaxcryobank.com\/wp-content\/uploads\/graphicstock-beautiful-young-mother-with-her-newborn-baby-son-lying-on-bed-in-her-bedroom-hugging-him-playing-with-teddy-bear_BdxvVPuIMZ_SMaller.jpg\",\"datePublished\":\"2019-12-18T16:05:51+00:00\",\"dateModified\":\"2021-07-29T14:46:07+00:00\",\"description\":\"Sind Sie Single, m\u00f6chten aber ein Kind haben? Fairfax Cryobank unterst\u00fctzt Alleinerziehende M\u00fctter aus eigener Entscheidung. Alleinstehende Mutter werden.\",\"breadcrumb\":{\"@id\":\"https:\/\/fairfaxcryobank.com\/de\/alleinerziehende-muetter-aus-eigener-entscheidung#breadcrumb\"},\"inLanguage\":\"de\",\"potentialAction\":[{\"@type\":\"ReadAction\",\"target\":[\"https:\/\/fairfaxcryobank.com\/de\/alleinerziehende-muetter-aus-eigener-entscheidung\"]}]},{\"@type\":\"ImageObject\",\"inLanguage\":\"de\",\"@id\":\"https:\/\/fairfaxcryobank.com\/de\/alleinerziehende-muetter-aus-eigener-entscheidung#primaryimage\",\"url\":\"https:\/\/fairfaxcryobank.com\/wp-content\/uploads\/graphicstock-beautiful-young-mother-with-her-newborn-baby-son-lying-on-bed-in-her-bedroom-hugging-him-playing-with-teddy-bear_BdxvVPuIMZ_SMaller.jpg\",\"contentUrl\":\"https:\/\/fairfaxcryobank.com\/wp-content\/uploads\/graphicstock-beautiful-young-mother-with-her-newborn-baby-son-lying-on-bed-in-her-bedroom-hugging-him-playing-with-teddy-bear_BdxvVPuIMZ_SMaller.jpg\",\"width\":2451,\"height\":1631,\"caption\":\"Alleinerziehende M\u00fctter aus eigener Entscheidung\"},{\"@type\":\"BreadcrumbList\",\"@id\":\"https:\/\/fairfaxcryobank.com\/de\/alleinerziehende-muetter-aus-eigener-entscheidung#breadcrumb\",\"itemListElement\":[{\"@type\":\"ListItem\",\"position\":1,\"name\":\"Home\",\"item\":\"https:\/\/fairfaxcryobank.com\/de\"},{\"@type\":\"ListItem\",\"position\":2,\"name\":\"Alleinerziehende M\u00fctter aus eigener Entscheidung\"}]},{\"@type\":\"WebSite\",\"@id\":\"https:\/\/fairfaxcryobank.com\/de#website\",\"url\":\"https:\/\/fairfaxcryobank.com\/de\",\"name\":\"Fairfax Cryobank - Find a Sperm Donor\",\"description\":\"Top-Tier Sperm Bank\",\"publisher\":{\"@id\":\"https:\/\/fairfaxcryobank.com\/de#organization\"},\"potentialAction\":[{\"@type\":\"SearchAction\",\"target\":{\"@type\":\"EntryPoint\",\"urlTemplate\":\"https:\/\/fairfaxcryobank.com\/de?s={search_term_string}\"},\"query-input\":{\"@type\":\"PropertyValueSpecification\",\"valueRequired\":true,\"valueName\":\"search_term_string\"}}],\"inLanguage\":\"de\"},{\"@type\":\"Organization\",\"@id\":\"https:\/\/fairfaxcryobank.com\/de#organization\",\"name\":\"Fairfax Cryobank\",\"url\":\"https:\/\/fairfaxcryobank.com\/de\",\"logo\":{\"@type\":\"ImageObject\",\"inLanguage\":\"de\",\"@id\":\"https:\/\/fairfaxcryobank.com\/de#\/schema\/logo\/image\/\",\"url\":\"https:\/\/fairfaxcryobank.com\/wp-content\/uploads\/logo.webp\",\"contentUrl\":\"https:\/\/fairfaxcryobank.com\/wp-content\/uploads\/logo.webp\",\"width\":1,\"height\":1,\"caption\":\"Fairfax Cryobank\"},\"image\":{\"@id\":\"https:\/\/fairfaxcryobank.com\/de#\/schema\/logo\/image\/\"},\"sameAs\":[\"https:\/\/www.facebook.com\/fairfax.cryobank\",\"https:\/\/x.com\/FairfaxCryobank\",\"https:\/\/www.instagram.com\/fairfaxcryobank\/\",\"https:\/\/www.pinterest.com\/fairfaxcryo\/\"]}]}<\/script>\n<!-- \/ Yoast SEO plugin. -->","yoast_head_json":{"title":"Alleinerziehende M\u00fctter mit Kinderwunsch | Fairfax Cryobank","description":"Sind Sie Single, m\u00f6chten aber ein Kind haben? Fairfax Cryobank unterst\u00fctzt Alleinerziehende M\u00fctter aus eigener Entscheidung. Alleinstehende Mutter werden.","robots":{"index":"index","follow":"follow","max-snippet":"max-snippet:-1","max-image-preview":"max-image-preview:large","max-video-preview":"max-video-preview:-1"},"canonical":"https:\/\/fairfaxcryobank.com\/de\/alleinerziehende-muetter-aus-eigener-entscheidung","og_locale":"de_DE","og_type":"article","og_title":"Alleinerziehende M\u00fctter mit Kinderwunsch | Fairfax Cryobank","og_description":"Sind Sie Single, m\u00f6chten aber ein Kind haben? Fairfax Cryobank unterst\u00fctzt Alleinerziehende M\u00fctter aus eigener Entscheidung. Alleinstehende Mutter werden.","og_url":"https:\/\/fairfaxcryobank.com\/de\/alleinerziehende-muetter-aus-eigener-entscheidung","og_site_name":"Fairfax Cryobank - Find a Sperm Donor","article_publisher":"https:\/\/www.facebook.com\/fairfax.cryobank","article_modified_time":"2021-07-29T14:46:07+00:00","og_image":[{"width":2451,"height":1631,"url":"https:\/\/fairfaxcryobank.com\/wp-content\/uploads\/graphicstock-beautiful-young-mother-with-her-newborn-baby-son-lying-on-bed-in-her-bedroom-hugging-him-playing-with-teddy-bear_BdxvVPuIMZ_SMaller.jpg","type":"image\/jpeg"}],"twitter_card":"summary_large_image","twitter_site":"@FairfaxCryobank","twitter_misc":{"Gesch\u00e4tzte Lesezeit":"4\u00a0Minuten"},"schema":{"@context":"https:\/\/schema.org","@graph":[{"@type":"WebPage","@id":"https:\/\/fairfaxcryobank.com\/de\/alleinerziehende-muetter-aus-eigener-entscheidung","url":"https:\/\/fairfaxcryobank.com\/de\/alleinerziehende-muetter-aus-eigener-entscheidung","name":"Alleinerziehende M\u00fctter mit Kinderwunsch | Fairfax Cryobank","isPartOf":{"@id":"https:\/\/fairfaxcryobank.com\/de#website"},"primaryImageOfPage":{"@id":"https:\/\/fairfaxcryobank.com\/de\/alleinerziehende-muetter-aus-eigener-entscheidung#primaryimage"},"image":{"@id":"https:\/\/fairfaxcryobank.com\/de\/alleinerziehende-muetter-aus-eigener-entscheidung#primaryimage"},"thumbnailUrl":"https:\/\/fairfaxcryobank.com\/wp-content\/uploads\/graphicstock-beautiful-young-mother-with-her-newborn-baby-son-lying-on-bed-in-her-bedroom-hugging-him-playing-with-teddy-bear_BdxvVPuIMZ_SMaller.jpg","datePublished":"2019-12-18T16:05:51+00:00","dateModified":"2021-07-29T14:46:07+00:00","description":"Sind Sie Single, m\u00f6chten aber ein Kind haben? Fairfax Cryobank unterst\u00fctzt Alleinerziehende M\u00fctter aus eigener Entscheidung. Alleinstehende Mutter werden.","breadcrumb":{"@id":"https:\/\/fairfaxcryobank.com\/de\/alleinerziehende-muetter-aus-eigener-entscheidung#breadcrumb"},"inLanguage":"de","potentialAction":[{"@type":"ReadAction","target":["https:\/\/fairfaxcryobank.com\/de\/alleinerziehende-muetter-aus-eigener-entscheidung"]}]},{"@type":"ImageObject","inLanguage":"de","@id":"https:\/\/fairfaxcryobank.com\/de\/alleinerziehende-muetter-aus-eigener-entscheidung#primaryimage","url":"https:\/\/fairfaxcryobank.com\/wp-content\/uploads\/graphicstock-beautiful-young-mother-with-her-newborn-baby-son-lying-on-bed-in-her-bedroom-hugging-him-playing-with-teddy-bear_BdxvVPuIMZ_SMaller.jpg","contentUrl":"https:\/\/fairfaxcryobank.com\/wp-content\/uploads\/graphicstock-beautiful-young-mother-with-her-newborn-baby-son-lying-on-bed-in-her-bedroom-hugging-him-playing-with-teddy-bear_BdxvVPuIMZ_SMaller.jpg","width":2451,"height":1631,"caption":"Alleinerziehende M\u00fctter aus eigener Entscheidung"},{"@type":"BreadcrumbList","@id":"https:\/\/fairfaxcryobank.com\/de\/alleinerziehende-muetter-aus-eigener-entscheidung#breadcrumb","itemListElement":[{"@type":"ListItem","position":1,"name":"Home","item":"https:\/\/fairfaxcryobank.com\/de"},{"@type":"ListItem","position":2,"name":"Alleinerziehende M\u00fctter aus eigener Entscheidung"}]},{"@type":"WebSite","@id":"https:\/\/fairfaxcryobank.com\/de#website","url":"https:\/\/fairfaxcryobank.com\/de","name":"Fairfax Cryobank - Find a Sperm Donor","description":"Top-Tier Sperm Bank","publisher":{"@id":"https:\/\/fairfaxcryobank.com\/de#organization"},"potentialAction":[{"@type":"SearchAction","target":{"@type":"EntryPoint","urlTemplate":"https:\/\/fairfaxcryobank.com\/de?s={search_term_string}"},"query-input":{"@type":"PropertyValueSpecification","valueRequired":true,"valueName":"search_term_string"}}],"inLanguage":"de"},{"@type":"Organization","@id":"https:\/\/fairfaxcryobank.com\/de#organization","name":"Fairfax Cryobank","url":"https:\/\/fairfaxcryobank.com\/de","logo":{"@type":"ImageObject","inLanguage":"de","@id":"https:\/\/fairfaxcryobank.com\/de#\/schema\/logo\/image\/","url":"https:\/\/fairfaxcryobank.com\/wp-content\/uploads\/logo.webp","contentUrl":"https:\/\/fairfaxcryobank.com\/wp-content\/uploads\/logo.webp","width":1,"height":1,"caption":"Fairfax Cryobank"},"image":{"@id":"https:\/\/fairfaxcryobank.com\/de#\/schema\/logo\/image\/"},"sameAs":["https:\/\/www.facebook.com\/fairfax.cryobank","https:\/\/x.com\/FairfaxCryobank","https:\/\/www.instagram.com\/fairfaxcryobank\/","https:\/\/www.pinterest.com\/fairfaxcryo\/"]}]}},"post_mailing_queue_ids":[],"_links":{"self":[{"href":"https:\/\/fairfaxcryobank.com\/de\/wp-json\/wp\/v2\/pages\/4957","targetHints":{"allow":["GET"]}}],"collection":[{"href":"https:\/\/fairfaxcryobank.com\/de\/wp-json\/wp\/v2\/pages"}],"about":[{"href":"https:\/\/fairfaxcryobank.com\/de\/wp-json\/wp\/v2\/types\/page"}],"author":[{"embeddable":true,"href":"https:\/\/fairfaxcryobank.com\/de\/wp-json\/wp\/v2\/users\/1"}],"replies":[{"embeddable":true,"href":"https:\/\/fairfaxcryobank.com\/de\/wp-json\/wp\/v2\/comments?post=4957"}],"version-history":[{"count":1,"href":"https:\/\/fairfaxcryobank.com\/de\/wp-json\/wp\/v2\/pages\/4957\/revisions"}],"predecessor-version":[{"id":17909,"href":"https:\/\/fairfaxcryobank.com\/de\/wp-json\/wp\/v2\/pages\/4957\/revisions\/17909"}],"wp:featuredmedia":[{"embeddable":true,"href":"https:\/\/fairfaxcryobank.com\/de\/wp-json\/wp\/v2\/media\/4849"}],"wp:attachment":[{"href":"https:\/\/fairfaxcryobank.com\/de\/wp-json\/wp\/v2\/media?parent=4957"}],"curies":[{"name":"wp","href":"https:\/\/api.w.org\/{rel}","templated":true}]}}