{"id":4959,"date":"2019-12-18T16:06:14","date_gmt":"2019-12-18T16:06:14","guid":{"rendered":"https:\/\/fairfaxcryobank.com\/?page_id=4959"},"modified":"2021-07-29T11:16:05","modified_gmt":"2021-07-29T15:16:05","slug":"lgbtqx-familien","status":"publish","type":"page","link":"https:\/\/fairfaxcryobank.com\/de\/lgbtqx-familien","title":{"rendered":"LGBTQ-Familien"},"content":{"rendered":"\n<h2 class=\"wp-block-heading\">Wir unterst\u00fctzen unsere vielf\u00e4ltige Lesben und Schwulen Community f\u00fcr jede Art von Familien &#8211; erf\u00fcllen Sie sich Ihren Kinderwunsch!<\/h2>\n\n\n\n<p>Fairfax Cryobank hat eine lange Tradition und einen ausgezeichneten Ruf, Spendersamen und damit verbundene Dienstleistungen anzubieten. Ein Teil dieser Geschichte bestand darin, Menschen unabh\u00e4ngig von ihrer sexuellen Orientierung, ihrer Geschlechtsidentit\u00e4t oder ihrem Familienstand dabei zu helfen, schwanger zu werden, und somit ihren Kinderwunsch und Traum einer Familie zu verwirklichen. Wir unterst\u00fctzen unsere Lesben und Schwulen Community, ihren Kinderwunsch zu erf\u00fcllen. Wenn auch Sie eine LGBTQ Familie starten m\u00f6chten, wenden Sie sich an Fairfax Cryobank!<\/p>\n\n\n\n<p>Wir haben ein sachkundiges und einf\u00fchlsames Kundenserviceteam, das Ihre Entscheidung, Kinder zu haben, voll und ganz unterst\u00fctzt, egal ob Sie homosexuell oder hetero sind. Wir sind uns der Vielzahl von Herausforderungen bewusst, mit denen Alleinstehende und Paare konfrontiert sind, die mit Spendersamen, Eizellen und \/ oder dem Einsatz von Leihm\u00fcttern oder Schwangerschaftstr\u00e4gern Familien aufbauen m\u00f6chten. Fairfax Cryobank bietet eine unterst\u00fctzende, freundliche Umgebung. Wir begr\u00fc\u00dfen Sie auf unserer Website und hoffen, dass Sie Ihren perfekten Samenspender finden, und Sie eine gute Erfahrung mit unserem f\u00fcrsorglichen Personal haben werden, das Sie bei diesem Prozess unterst\u00fctzt. Warten Sie nicht l\u00e4nger und werden Sie Teil der Fairfax Cryobank Familie, und erf\u00fcllen Sie sich Ihren LGBT Familienwunsch!<\/p>\n\n\n\n<p>Viele Alleinstehende und Paare m\u00f6chten ihre kulturelle oder ethnische Abstammung durch die Verwendung eines Samenspenders mit einem \u00e4hnlichen Hintergrund wie ihrem eigenen erhalten. Bei Fairfax Cryobank bieten wir vielf\u00e4ltige Samenspender an, von denen einer Ihren Kinderwunsch erf\u00fcllen kann!<\/p>\n\n\n\n<p>Wir helfen Ihnen gerne, ganz ohne Vorurteile, denn wir unterst\u00fctzen unsere Schwulen und Lesben Community, damit sich auch schwule und lesbische Paare ihren Kinderwunsch erf\u00fcllen k\u00f6nnen.<\/p>\n\n\n\n<p>Ressourcen f\u00fcr Ihre LGBTQ-Familie<\/p>\n\n\n\n<p>Die Ressourcen-Links, die wir ausgew\u00e4hlt haben, sind f\u00fcr zuk\u00fcnftige LGBTQ-Familien wie Ihre, und wir glauben, dass dies f\u00fcr Ihre Erfahrung von Vorteil sein kann.<\/p>\n\n\n\n<p>Wenn Sie sich als LGBTQ-Familie Ihren Kinderwunsch erf\u00fcllen konnten, w\u00fcrden wir uns freuen, von Ihnen zu h\u00f6ren. Teilen Sie Ihre Erfahrungen mit anderen zuk\u00fcnftigen LGBTQ-Familien!<\/p>\n\n\n\n<p>Die Bewertungen und Erfahrungsberichte geben einen Einblick in die Erfahrungen, die andere mit uns gemacht haben. Wenn Sie Vorschl\u00e4ge f\u00fcr andere Ressourcen f\u00fcr homosexuelle Paare haben, senden Sie uns bitte eine E-Mail an <a href=\"mailto:global@fairfaxcryobank.com\">global@fairfaxcryobank.com<\/a><\/p>\n\n\n\n<p>Wenn Sie Ihre eigene Geschichte mit uns teilen m\u00f6chten, verwenden Sie bitte den folgenden Link, um uns zu schreiben und Fotos zu teilen. Wir w\u00fcrden uns sehr dar\u00fcber freuen, von Ihnen zu h\u00f6ren!<\/p>\n\n\n\n<p><a href=\"https:\/\/taggmagazine.com\/sperm-donor-options-for-queer-couples\/\">Family Options for Queer Couples<\/a>: Artikel von unserer Direktorin, Dr. Michelle Ottey, f\u00fcr das TAGG Magazine<\/p>\n\n\n\n<p><a href=\"https:\/\/blogandforum.fairfaxcryobank.com\/?_gl=1*pu84z0*_gcl_au*ODY2NDA4MTcyLjE3MjM0NzQyNjQ\">Fairfax Familien Forum<\/a>: Bietet ein Diskussionsforum, um Sie mit anderen gleichgeschlechtlichen Paaren zu verbinden<\/p>\n\n\n\n<p><a href=\"https:\/\/www.therainbowbabies.com\/index.html\">Rainbow Babies<\/a>: Online-Ressource, um Eltern in der Schwulen- und Lesbengemeinschaft zu werden<\/p>\n\n\n\n<p><a href=\"https:\/\/www.nglcc.org\">National Gay and Lesbian Chamber of Commerce<\/a><\/p>\n\n\n\n<p><a href=\"https:\/\/glma.org\/\">National Gay and Lesbian Medical Association<\/a><\/p>\n\n\n\n<p><a rel=\"noreferrer noopener\" href=\"\/images\/e-books\/Fertility-Preservation-For-Trans-Women---Sperm-Banking.pdf\" target=\"_blank\">Fertility Preservation for Trans Women: Sperm Banking<\/a> <\/p>\n\n\n\n<hr class=\"wp-block-separator\"\/>\n\n\n\n<h3 class=\"wp-block-heading\">LGBTQ Fairfax-Familien: <em><strong>Erfahrungsberichte<\/strong><\/em><\/h3>\n\n\n\n<blockquote class=\"wp-block-quote is-layout-flow wp-block-quote-is-layout-flow\"><p><em>\u201eIch habe die beste Erfahrung mit der Fairfax Cryobank gemacht. Maria, meine Lebensgef\u00e4hrtin, und ich beschlossen, ein Kind zu bekommen. Mit der Hilfe von Fairfax und ihrem Engagement f\u00fcr uns haben wir jetzt einen sch\u00f6nen vierj\u00e4hrigen Jungen namens Jayden. Jayden ist das Beste, das uns je passiert ist. Ich glaube, dass jeder eine tolle Erfahrung mit Fairfax haben wird, wenn man bedenkt, welche Leistung Fairfax f\u00fcr uns erbracht hat. Wir bereiten uns zur Zeit auf Kind Nr. 2 vor. Danke Fairfax, f\u00fcr Ihre Hilfe und Unterst\u00fctzung. Ohne Sie w\u00e4re Jayden nicht auf der Welt!\u201d<\/em><\/p><cite>-BM<\/cite><\/blockquote>\n\n\n\n<blockquote class=\"wp-block-quote is-layout-flow wp-block-quote-is-layout-flow\"><p><em>\u201eWir sind zwei M\u00fctter, die beschlossen haben, ein Kind zusammen auf diese Welt zu bringen. Wir haben \u00fcber die Fairfax Cryobank den perfekten Spender gefunden &#8211; er teilt unsere Werte, Hobbys, Ausbildung und sein Foto aus der Kindheit \u00e4hnelt unheimlich meinem Foto aus der Kindheit (dem Foto der nicht-biologischen Mutter). Wir wurden beim ersten Versuch schwanger, was selten vorkommt, und etwas mehr als neun Monate sp\u00e4ter wurde unser wundersch\u00f6nes Baby geboren (an meinem Geburtstag!!!). Unser Sohn ist jetzt fast 19 Monate alt. F\u00fcr diejenigen, die nicht an Schicksal glauben \u2013 denken Sie nochmal dar\u00fcber nach! Unsere Erfahrung war unglaublich und dank eines sehr selbstlosen Spenders und der Fairfax Cryobank sind wir nun eine Familie. Wir haben noch drei Fl\u00e4schchen auf Lager, in der Hoffnung, dass wir unserem Sohn ein Geschwisterchen schenken k\u00f6nnen. Vielen Dank an alle, die mitgeholfen haben, unseren Traum zu verwirklichen.\u201c<\/em><\/p><cite>-JL &amp; SL<\/cite><\/blockquote>\n\n\n\n<blockquote class=\"wp-block-quote is-layout-flow wp-block-quote-is-layout-flow\"><p>\u201eMein Partner und ich sind f\u00fcr immer dankbar f\u00fcr das Wunder, das Fairfax in unserem Leben erm\u00f6glicht hat. Wir haben einen unglaublich klugen, witzigen und gutaussehenden Sohn. Wir arbeiten an unserem 2. Kind, und Ihre Mitarbeiter sind weiterhin erstklassig! \u201c<\/p><cite>-AM<\/cite><\/blockquote>\n\n\n\n<blockquote class=\"wp-block-quote is-layout-flow wp-block-quote-is-layout-flow\"><p><em>&#8222;Danke danke danke!!! Fairfax Cryobank war absolut professionell. Unsere Geschichte begann im Juli 2005. Wir suchten nach dem bestm\u00f6glichen Spenderkandidaten. Als zwei Frauen, die ein Kind wollten, das wie wir beide aussah, wussten wir genau, wonach wir suchten. Wir trafen unsere Wahl und mussten SEHR fr\u00fch telefonieren, um herauszufinden, ob \u201eMr. Right\u201d auch verf\u00fcgbar war. Jeder Teil des Prozesses verlief reibungslos, wir mussten uns nie Sorgen machen. Nach einem spontanen Besamungsversuch waren wir schwanger. Es war offensichtlich so gemeint. Es war eine perfekte Schwangerschaft und das Ergebnis war ein perfektes kleines M\u00e4dchen. GENAU das, was wir uns schon lange gew\u00fcnscht haben! Sie ist super intelligent und noch dazu wirklich h\u00fcbsch. Fairfax ist ein erstklassiges Unternehmen mit einer exzellenten Auswahl an Samenspendern.\u201c<\/em><\/p><cite>-DJ<\/cite><\/blockquote>\n\n\n\n<blockquote class=\"wp-block-quote is-layout-flow wp-block-quote-is-layout-flow\"><p><em>\u201eIch wollte Sie nur wissen lassen, dass wir sehr froh sind, dass wir Sie gefunden haben (Fairfax Cryobank). Sie haben unsere Beziehung viel enger gemacht und wir haben das Gef\u00fchl, dass wir uns einem weiteren Baby n\u00e4hern. Ich werde Sie wissen lassen, wann unser Kinderwunsch wahr wird!\u201c<\/em><\/p><cite>-JB<\/cite><\/blockquote>\n\n\n\n<blockquote class=\"wp-block-quote is-layout-flow wp-block-quote-is-layout-flow\"><p><em>\u201eMein Name ist Christie und ich bin stolze Mutter von vier sch\u00f6nen Kindern. Ich habe eine wundervolle Beziehung zu meiner Freundin Kesha und wir freuen uns darauf, ein neues Kind in unserem Leben zu haben. Ich habe mein Sperma bei Ihrer Firma bestellt und die &#8222;kleinen Jungs&#8220; meines Spenders m\u00fcssen sehr stark gewesen sein, denn es hat funktioniert!!!! Mein Baby kommt im Januar und wir freuen uns sehr! Vielen, vielen Dank!!!&#8220;<\/em><\/p><cite>-CLJ<\/cite><\/blockquote>\n\n\n\n<div class=\"wp-block-button aligncenter\"><a class=\"wp-block-button__link has-text-color has-background\" href=\"https:\/\/fairfaxcryobank.com\/de\/teilen-sie-ihre-erfolgsgeschichte\" style=\"background-color:#ea6950;color:#ffffff\">TEILEN SIE IHRE ERFAHRUNG MIT UNS <\/a><\/div>\n\n\n\n<figure class=\"wp-block-image is-resized\"><a href=\"https:\/\/www.familyequality.org\/lgbtq-training-for-professionals\/?utm_source=opendoorprovider&amp;utm_medium=badge\" target=\"_blank\" rel=\"noreferrer noopener\"><img loading=\"lazy\" decoding=\"async\" src=\"https:\/\/www.familyequality.org\/wp-content\/uploads\/2019\/03\/Open-Door-Badges_Rainbow-Flags.png\" alt=\"Rainbow Flags\" width=\"216\" height=\"216\"\/><\/a><\/figure>\n\n\n\n<figure class=\"wp-block-image is-resized\"><a href=\"https:\/\/www.familyequality.org\/lgbtq-training-for-professionals\/?utm_source=opendoorprovider&amp;utm_medium=badge\" target=\"_blank\" rel=\"noreferrer noopener\"><img loading=\"lazy\" decoding=\"async\" src=\"https:\/\/www.familyequality.org\/wp-content\/uploads\/2019\/02\/Open-Door-Badge_Trans-Fertility-Considerations.png\" alt=\"Trans Fertility Considerations\" width=\"213\" height=\"213\"\/><\/a><\/figure>\n\n\n\n<figure class=\"wp-block-image is-resized\"><a href=\"https:\/\/www.familyequality.org\/lgbtq-training-for-professionals\/?utm_source=opendoorprovider&amp;utm_medium=badge\" target=\"_blank\" rel=\"noreferrer noopener\"><img loading=\"lazy\" decoding=\"async\" src=\"https:\/\/www.familyequality.org\/wp-content\/uploads\/2019\/02\/Open-Door-Badge_Beyond-Inclusion-LGBTQ-101.png\" alt=\"Beyond Inclusion LGBTQ 101\" width=\"219\" height=\"219\"\/><\/a><\/figure>\n","protected":false},"excerpt":{"rendered":"<p>Wir unterst\u00fctzen unsere vielf\u00e4ltige Lesben und Schwulen Community f\u00fcr jede Art von Familien &#8211; erf\u00fcllen Sie sich Ihren Kinderwunsch! Fairfax Cryobank hat eine lange Tradition und einen ausgezeichneten Ruf, Spendersamen und damit verbundene Dienstleistungen anzubieten. Ein Teil dieser Geschichte bestand darin, Menschen unabh\u00e4ngig von ihrer sexuellen Orientierung, ihrer Geschlechtsidentit\u00e4t oder &#8230;<\/p>\n","protected":false},"author":1,"featured_media":0,"parent":0,"menu_order":0,"comment_status":"closed","ping_status":"closed","template":"","meta":{"footnotes":""},"class_list":["post-4959","page","type-page","status-publish","hentry"],"yoast_head":"<!-- This site is optimized with the Yoast SEO plugin v27.1.1 - https:\/\/yoast.com\/product\/yoast-seo-wordpress\/ -->\n<title>Schwule, Lesben, LGBTQ mit Kinderwunsch | Fairfax Cryobank<\/title>\n<meta name=\"description\" content=\"Schwule und Lesben mit Kinderwunsch. LGBTQ Community mit Kinderwunsch. Homosexuell und trotzdem Familie gr\u00fcnden\" \/>\n<meta name=\"robots\" content=\"index, follow, max-snippet:-1, max-image-preview:large, max-video-preview:-1\" \/>\n<link rel=\"canonical\" href=\"https:\/\/fairfaxcryobank.com\/de\/lgbtqx-familien\" \/>\n<meta property=\"og:locale\" content=\"de_DE\" \/>\n<meta property=\"og:type\" content=\"article\" \/>\n<meta property=\"og:title\" content=\"Schwule, Lesben, LGBTQ mit Kinderwunsch | Fairfax Cryobank\" \/>\n<meta property=\"og:description\" content=\"Schwule und Lesben mit Kinderwunsch. LGBTQ Community mit Kinderwunsch. Homosexuell und trotzdem Familie gr\u00fcnden\" \/>\n<meta property=\"og:url\" content=\"https:\/\/fairfaxcryobank.com\/de\/lgbtqx-familien\" \/>\n<meta property=\"og:site_name\" content=\"Fairfax Cryobank - Find a Sperm Donor\" \/>\n<meta property=\"article:publisher\" content=\"https:\/\/www.facebook.com\/fairfax.cryobank\" \/>\n<meta property=\"article:modified_time\" content=\"2021-07-29T15:16:05+00:00\" \/>\n<meta property=\"og:image\" content=\"https:\/\/www.familyequality.org\/wp-content\/uploads\/2019\/03\/Open-Door-Badges_Rainbow-Flags.png\" \/>\n<meta name=\"twitter:card\" content=\"summary_large_image\" \/>\n<meta name=\"twitter:site\" content=\"@FairfaxCryobank\" \/>\n<meta name=\"twitter:label1\" content=\"Gesch\u00e4tzte Lesezeit\" \/>\n\t<meta name=\"twitter:data1\" content=\"5\u00a0Minuten\" \/>\n<script type=\"application\/ld+json\" class=\"yoast-schema-graph\">{\"@context\":\"https:\/\/schema.org\",\"@graph\":[{\"@type\":\"WebPage\",\"@id\":\"https:\/\/fairfaxcryobank.com\/de\/lgbtqx-familien\",\"url\":\"https:\/\/fairfaxcryobank.com\/de\/lgbtqx-familien\",\"name\":\"Schwule, Lesben, LGBTQ mit Kinderwunsch | Fairfax Cryobank\",\"isPartOf\":{\"@id\":\"https:\/\/fairfaxcryobank.com\/de#website\"},\"primaryImageOfPage\":{\"@id\":\"https:\/\/fairfaxcryobank.com\/de\/lgbtqx-familien#primaryimage\"},\"image\":{\"@id\":\"https:\/\/fairfaxcryobank.com\/de\/lgbtqx-familien#primaryimage\"},\"thumbnailUrl\":\"https:\/\/www.familyequality.org\/wp-content\/uploads\/2019\/03\/Open-Door-Badges_Rainbow-Flags.png\",\"datePublished\":\"2019-12-18T16:06:14+00:00\",\"dateModified\":\"2021-07-29T15:16:05+00:00\",\"description\":\"Schwule und Lesben mit Kinderwunsch. LGBTQ Community mit Kinderwunsch. Homosexuell und trotzdem Familie gr\u00fcnden\",\"breadcrumb\":{\"@id\":\"https:\/\/fairfaxcryobank.com\/de\/lgbtqx-familien#breadcrumb\"},\"inLanguage\":\"de\",\"potentialAction\":[{\"@type\":\"ReadAction\",\"target\":[\"https:\/\/fairfaxcryobank.com\/de\/lgbtqx-familien\"]}]},{\"@type\":\"ImageObject\",\"inLanguage\":\"de\",\"@id\":\"https:\/\/fairfaxcryobank.com\/de\/lgbtqx-familien#primaryimage\",\"url\":\"https:\/\/www.familyequality.org\/wp-content\/uploads\/2019\/03\/Open-Door-Badges_Rainbow-Flags.png\",\"contentUrl\":\"https:\/\/www.familyequality.org\/wp-content\/uploads\/2019\/03\/Open-Door-Badges_Rainbow-Flags.png\"},{\"@type\":\"BreadcrumbList\",\"@id\":\"https:\/\/fairfaxcryobank.com\/de\/lgbtqx-familien#breadcrumb\",\"itemListElement\":[{\"@type\":\"ListItem\",\"position\":1,\"name\":\"Home\",\"item\":\"https:\/\/fairfaxcryobank.com\/de\"},{\"@type\":\"ListItem\",\"position\":2,\"name\":\"LGBTQ-Familien\"}]},{\"@type\":\"WebSite\",\"@id\":\"https:\/\/fairfaxcryobank.com\/de#website\",\"url\":\"https:\/\/fairfaxcryobank.com\/de\",\"name\":\"Fairfax Cryobank - Find a Sperm Donor\",\"description\":\"Top-Tier Sperm Bank\",\"publisher\":{\"@id\":\"https:\/\/fairfaxcryobank.com\/de#organization\"},\"potentialAction\":[{\"@type\":\"SearchAction\",\"target\":{\"@type\":\"EntryPoint\",\"urlTemplate\":\"https:\/\/fairfaxcryobank.com\/de?s={search_term_string}\"},\"query-input\":{\"@type\":\"PropertyValueSpecification\",\"valueRequired\":true,\"valueName\":\"search_term_string\"}}],\"inLanguage\":\"de\"},{\"@type\":\"Organization\",\"@id\":\"https:\/\/fairfaxcryobank.com\/de#organization\",\"name\":\"Fairfax Cryobank\",\"url\":\"https:\/\/fairfaxcryobank.com\/de\",\"logo\":{\"@type\":\"ImageObject\",\"inLanguage\":\"de\",\"@id\":\"https:\/\/fairfaxcryobank.com\/de#\/schema\/logo\/image\/\",\"url\":\"https:\/\/fairfaxcryobank.com\/wp-content\/uploads\/logo.webp\",\"contentUrl\":\"https:\/\/fairfaxcryobank.com\/wp-content\/uploads\/logo.webp\",\"width\":1,\"height\":1,\"caption\":\"Fairfax Cryobank\"},\"image\":{\"@id\":\"https:\/\/fairfaxcryobank.com\/de#\/schema\/logo\/image\/\"},\"sameAs\":[\"https:\/\/www.facebook.com\/fairfax.cryobank\",\"https:\/\/x.com\/FairfaxCryobank\",\"https:\/\/www.instagram.com\/fairfaxcryobank\/\",\"https:\/\/www.pinterest.com\/fairfaxcryo\/\"]}]}<\/script>\n<!-- \/ Yoast SEO plugin. -->","yoast_head_json":{"title":"Schwule, Lesben, LGBTQ mit Kinderwunsch | Fairfax Cryobank","description":"Schwule und Lesben mit Kinderwunsch. LGBTQ Community mit Kinderwunsch. Homosexuell und trotzdem Familie gr\u00fcnden","robots":{"index":"index","follow":"follow","max-snippet":"max-snippet:-1","max-image-preview":"max-image-preview:large","max-video-preview":"max-video-preview:-1"},"canonical":"https:\/\/fairfaxcryobank.com\/de\/lgbtqx-familien","og_locale":"de_DE","og_type":"article","og_title":"Schwule, Lesben, LGBTQ mit Kinderwunsch | Fairfax Cryobank","og_description":"Schwule und Lesben mit Kinderwunsch. LGBTQ Community mit Kinderwunsch. Homosexuell und trotzdem Familie gr\u00fcnden","og_url":"https:\/\/fairfaxcryobank.com\/de\/lgbtqx-familien","og_site_name":"Fairfax Cryobank - Find a Sperm Donor","article_publisher":"https:\/\/www.facebook.com\/fairfax.cryobank","article_modified_time":"2021-07-29T15:16:05+00:00","og_image":[{"url":"https:\/\/www.familyequality.org\/wp-content\/uploads\/2019\/03\/Open-Door-Badges_Rainbow-Flags.png","type":"","width":"","height":""}],"twitter_card":"summary_large_image","twitter_site":"@FairfaxCryobank","twitter_misc":{"Gesch\u00e4tzte Lesezeit":"5\u00a0Minuten"},"schema":{"@context":"https:\/\/schema.org","@graph":[{"@type":"WebPage","@id":"https:\/\/fairfaxcryobank.com\/de\/lgbtqx-familien","url":"https:\/\/fairfaxcryobank.com\/de\/lgbtqx-familien","name":"Schwule, Lesben, LGBTQ mit Kinderwunsch | Fairfax Cryobank","isPartOf":{"@id":"https:\/\/fairfaxcryobank.com\/de#website"},"primaryImageOfPage":{"@id":"https:\/\/fairfaxcryobank.com\/de\/lgbtqx-familien#primaryimage"},"image":{"@id":"https:\/\/fairfaxcryobank.com\/de\/lgbtqx-familien#primaryimage"},"thumbnailUrl":"https:\/\/www.familyequality.org\/wp-content\/uploads\/2019\/03\/Open-Door-Badges_Rainbow-Flags.png","datePublished":"2019-12-18T16:06:14+00:00","dateModified":"2021-07-29T15:16:05+00:00","description":"Schwule und Lesben mit Kinderwunsch. LGBTQ Community mit Kinderwunsch. Homosexuell und trotzdem Familie gr\u00fcnden","breadcrumb":{"@id":"https:\/\/fairfaxcryobank.com\/de\/lgbtqx-familien#breadcrumb"},"inLanguage":"de","potentialAction":[{"@type":"ReadAction","target":["https:\/\/fairfaxcryobank.com\/de\/lgbtqx-familien"]}]},{"@type":"ImageObject","inLanguage":"de","@id":"https:\/\/fairfaxcryobank.com\/de\/lgbtqx-familien#primaryimage","url":"https:\/\/www.familyequality.org\/wp-content\/uploads\/2019\/03\/Open-Door-Badges_Rainbow-Flags.png","contentUrl":"https:\/\/www.familyequality.org\/wp-content\/uploads\/2019\/03\/Open-Door-Badges_Rainbow-Flags.png"},{"@type":"BreadcrumbList","@id":"https:\/\/fairfaxcryobank.com\/de\/lgbtqx-familien#breadcrumb","itemListElement":[{"@type":"ListItem","position":1,"name":"Home","item":"https:\/\/fairfaxcryobank.com\/de"},{"@type":"ListItem","position":2,"name":"LGBTQ-Familien"}]},{"@type":"WebSite","@id":"https:\/\/fairfaxcryobank.com\/de#website","url":"https:\/\/fairfaxcryobank.com\/de","name":"Fairfax Cryobank - Find a Sperm Donor","description":"Top-Tier Sperm Bank","publisher":{"@id":"https:\/\/fairfaxcryobank.com\/de#organization"},"potentialAction":[{"@type":"SearchAction","target":{"@type":"EntryPoint","urlTemplate":"https:\/\/fairfaxcryobank.com\/de?s={search_term_string}"},"query-input":{"@type":"PropertyValueSpecification","valueRequired":true,"valueName":"search_term_string"}}],"inLanguage":"de"},{"@type":"Organization","@id":"https:\/\/fairfaxcryobank.com\/de#organization","name":"Fairfax Cryobank","url":"https:\/\/fairfaxcryobank.com\/de","logo":{"@type":"ImageObject","inLanguage":"de","@id":"https:\/\/fairfaxcryobank.com\/de#\/schema\/logo\/image\/","url":"https:\/\/fairfaxcryobank.com\/wp-content\/uploads\/logo.webp","contentUrl":"https:\/\/fairfaxcryobank.com\/wp-content\/uploads\/logo.webp","width":1,"height":1,"caption":"Fairfax Cryobank"},"image":{"@id":"https:\/\/fairfaxcryobank.com\/de#\/schema\/logo\/image\/"},"sameAs":["https:\/\/www.facebook.com\/fairfax.cryobank","https:\/\/x.com\/FairfaxCryobank","https:\/\/www.instagram.com\/fairfaxcryobank\/","https:\/\/www.pinterest.com\/fairfaxcryo\/"]}]}},"post_mailing_queue_ids":[],"_links":{"self":[{"href":"https:\/\/fairfaxcryobank.com\/de\/wp-json\/wp\/v2\/pages\/4959","targetHints":{"allow":["GET"]}}],"collection":[{"href":"https:\/\/fairfaxcryobank.com\/de\/wp-json\/wp\/v2\/pages"}],"about":[{"href":"https:\/\/fairfaxcryobank.com\/de\/wp-json\/wp\/v2\/types\/page"}],"author":[{"embeddable":true,"href":"https:\/\/fairfaxcryobank.com\/de\/wp-json\/wp\/v2\/users\/1"}],"replies":[{"embeddable":true,"href":"https:\/\/fairfaxcryobank.com\/de\/wp-json\/wp\/v2\/comments?post=4959"}],"version-history":[{"count":1,"href":"https:\/\/fairfaxcryobank.com\/de\/wp-json\/wp\/v2\/pages\/4959\/revisions"}],"predecessor-version":[{"id":17912,"href":"https:\/\/fairfaxcryobank.com\/de\/wp-json\/wp\/v2\/pages\/4959\/revisions\/17912"}],"wp:attachment":[{"href":"https:\/\/fairfaxcryobank.com\/de\/wp-json\/wp\/v2\/media?parent=4959"}],"curies":[{"name":"wp","href":"https:\/\/api.w.org\/{rel}","templated":true}]}}