{"id":4965,"date":"2019-12-18T16:07:20","date_gmt":"2019-12-18T16:07:20","guid":{"rendered":"https:\/\/fairfaxcryobank.com\/?page_id=4965"},"modified":"2023-06-20T11:51:55","modified_gmt":"2023-06-20T15:51:55","slug":"medizinische-fachkraefte","status":"publish","type":"page","link":"https:\/\/fairfaxcryobank.com\/de\/medizinische-fachkraefte","title":{"rendered":"Medizinische Fachkr\u00e4fte"},"content":{"rendered":"\n<h2 class=\"wp-block-heading\">Fairfax Cryobank sch\u00e4tzt unsere Beziehungen zu Fertilit\u00e4tsexperten<\/h2>\n\n\n\n<h3 class=\"wp-block-heading\">Ressourcen f\u00fcr \u00c4rzte und Kliniken<\/h3>\n\n\n\n<ul class=\"wp-block-list\"><li><a href=\"https:\/\/fairfaxcryobank.com\/de\/sm-003-f-003-terms-of-use-physician_web-4\" target=\"_blank\" rel=\"noreferrer noopener\">Terms of Use &#8211; Medical<\/a><\/li><li><a href=\"https:\/\/fairfaxcryobank.com\/de\/informationen-zu-proben\">Informatien zu Proben<\/a><\/li><li><a href=\"\/de\/schwangerschaftsbericht\">Schwangerschaftsbericht<\/a><\/li><li><a href=\"\/de\/qualitaetskontrolle\">Qualit\u00e4tskontrolle<\/a><\/li><li><a href=\"https:\/\/fairfaxcryobank.com\/de\/licensure\">Lizenz und Zulassung<\/a><\/li><li><a href=\"\/de\/spender-screening\">Spender-Screening<\/a><\/li><li><a href=\"\/de\/faqs\">H\u00e4ufig gestellte Fragen <\/a><\/li><\/ul>\n\n\n\n<h3 class=\"wp-block-heading\"><strong>Formulare<\/strong><\/h3>\n\n\n\n<ul class=\"wp-block-list\"><li><a href=\"https:\/\/fairfaxcryobank.com\/de\/gq-001-f-003-specimen-complaint-form_web-2-2\" target=\"_blank\" rel=\"noreferrer noopener\">Specimen Complaint Form<\/a><\/li><\/ul>\n\n\n\n<h3 class=\"wp-block-heading\">Compliance-Informationen<\/h3>\n\n\n\n<ol class=\"wp-block-list\"><li><a href=\"\/images\/pdf-files\/GQ005F002ContractEstablishmentAgreementWEB.pdf\">Vertragsabschlussvereinbarung ausf\u00fcllen<\/a> (ausdrucken, ausf\u00fcllen und per Fax \u00fcbermitteln)<\/li><li>Vertrag an +1(703) 991-2671 faxen<\/li><li>Nach Erhalt wird der Vertrag unterschrieben und an Ihre Einrichtung zur\u00fcckgefaxt<\/li><\/ol>\n\n\n\n<ul class=\"wp-block-list\"><li>Fragen? Kontaktieren Sie den Compliance Officer unter 0800 333 4211 oder <a href=\"mailto:info@fairfaxcryobank.com\">global@fairfaxcryobank.com<\/a><\/li><li><a href=\"https:\/\/fairfaxcryobank.com\/de\/licensure\">Aktuelle Lizenzen und Zulassung<\/a><\/li><\/ul>\n\n\n\n<p><\/p>\n","protected":false},"excerpt":{"rendered":"<p>Fairfax Cryobank sch\u00e4tzt unsere Beziehungen zu Fertilit\u00e4tsexperten Ressourcen f\u00fcr \u00c4rzte und Kliniken Terms of Use &#8211; Medical Informatien zu Proben Schwangerschaftsbericht Qualit\u00e4tskontrolle Lizenz und Zulassung Spender-Screening H\u00e4ufig gestellte Fragen Formulare Specimen Complaint Form Compliance-Informationen Vertragsabschlussvereinbarung ausf\u00fcllen (ausdrucken, ausf\u00fcllen und per Fax \u00fcbermitteln) Vertrag an +1(703) 991-2671 faxen Nach Erhalt wird &#8230;<\/p>\n","protected":false},"author":1,"featured_media":0,"parent":0,"menu_order":0,"comment_status":"closed","ping_status":"closed","template":"","meta":{"footnotes":""},"class_list":["post-4965","page","type-page","status-publish","hentry"],"yoast_head":"<!-- This site is optimized with the Yoast SEO plugin v27.1.1 - https:\/\/yoast.com\/product\/yoast-seo-wordpress\/ -->\n<title>Medizinische Fachkr\u00e4fte | Fairfax Cryobank<\/title>\n<meta name=\"description\" content=\"Erf\u00fcllen Sie sich Ihren Kinderwunsch und werden Sie Eltern! Machen Sie den ersten Schritt und finden Sie Ihren perfekten Samenspender mit Fairfax Cryobank.\" \/>\n<meta name=\"robots\" content=\"index, follow, max-snippet:-1, max-image-preview:large, max-video-preview:-1\" \/>\n<link rel=\"canonical\" href=\"https:\/\/fairfaxcryobank.com\/de\/medizinische-fachkraefte\" \/>\n<meta property=\"og:locale\" content=\"de_DE\" \/>\n<meta property=\"og:type\" content=\"article\" \/>\n<meta property=\"og:title\" content=\"Medizinische Fachkr\u00e4fte | Fairfax Cryobank\" \/>\n<meta property=\"og:description\" content=\"Erf\u00fcllen Sie sich Ihren Kinderwunsch und werden Sie Eltern! Machen Sie den ersten Schritt und finden Sie Ihren perfekten Samenspender mit Fairfax Cryobank.\" \/>\n<meta property=\"og:url\" content=\"https:\/\/fairfaxcryobank.com\/de\/medizinische-fachkraefte\" \/>\n<meta property=\"og:site_name\" content=\"Fairfax Cryobank - Find a Sperm Donor\" \/>\n<meta property=\"article:publisher\" content=\"https:\/\/www.facebook.com\/fairfax.cryobank\" \/>\n<meta property=\"article:modified_time\" content=\"2023-06-20T15:51:55+00:00\" \/>\n<meta name=\"twitter:card\" content=\"summary_large_image\" \/>\n<meta name=\"twitter:site\" content=\"@FairfaxCryobank\" \/>\n<script type=\"application\/ld+json\" class=\"yoast-schema-graph\">{\"@context\":\"https:\/\/schema.org\",\"@graph\":[{\"@type\":\"WebPage\",\"@id\":\"https:\/\/fairfaxcryobank.com\/de\/medizinische-fachkraefte\",\"url\":\"https:\/\/fairfaxcryobank.com\/de\/medizinische-fachkraefte\",\"name\":\"Medizinische Fachkr\u00e4fte | Fairfax Cryobank\",\"isPartOf\":{\"@id\":\"https:\/\/fairfaxcryobank.com\/de#website\"},\"datePublished\":\"2019-12-18T16:07:20+00:00\",\"dateModified\":\"2023-06-20T15:51:55+00:00\",\"description\":\"Erf\u00fcllen Sie sich Ihren Kinderwunsch und werden Sie Eltern! Machen Sie den ersten Schritt und finden Sie Ihren perfekten Samenspender mit Fairfax Cryobank.\",\"breadcrumb\":{\"@id\":\"https:\/\/fairfaxcryobank.com\/de\/medizinische-fachkraefte#breadcrumb\"},\"inLanguage\":\"de\",\"potentialAction\":[{\"@type\":\"ReadAction\",\"target\":[\"https:\/\/fairfaxcryobank.com\/de\/medizinische-fachkraefte\"]}]},{\"@type\":\"BreadcrumbList\",\"@id\":\"https:\/\/fairfaxcryobank.com\/de\/medizinische-fachkraefte#breadcrumb\",\"itemListElement\":[{\"@type\":\"ListItem\",\"position\":1,\"name\":\"Home\",\"item\":\"https:\/\/fairfaxcryobank.com\/de\"},{\"@type\":\"ListItem\",\"position\":2,\"name\":\"Medizinische Fachkr\u00e4fte\"}]},{\"@type\":\"WebSite\",\"@id\":\"https:\/\/fairfaxcryobank.com\/de#website\",\"url\":\"https:\/\/fairfaxcryobank.com\/de\",\"name\":\"Fairfax Cryobank - Find a Sperm Donor\",\"description\":\"Top-Tier Sperm Bank\",\"publisher\":{\"@id\":\"https:\/\/fairfaxcryobank.com\/de#organization\"},\"potentialAction\":[{\"@type\":\"SearchAction\",\"target\":{\"@type\":\"EntryPoint\",\"urlTemplate\":\"https:\/\/fairfaxcryobank.com\/de?s={search_term_string}\"},\"query-input\":{\"@type\":\"PropertyValueSpecification\",\"valueRequired\":true,\"valueName\":\"search_term_string\"}}],\"inLanguage\":\"de\"},{\"@type\":\"Organization\",\"@id\":\"https:\/\/fairfaxcryobank.com\/de#organization\",\"name\":\"Fairfax Cryobank\",\"url\":\"https:\/\/fairfaxcryobank.com\/de\",\"logo\":{\"@type\":\"ImageObject\",\"inLanguage\":\"de\",\"@id\":\"https:\/\/fairfaxcryobank.com\/de#\/schema\/logo\/image\/\",\"url\":\"https:\/\/fairfaxcryobank.com\/wp-content\/uploads\/logo.webp\",\"contentUrl\":\"https:\/\/fairfaxcryobank.com\/wp-content\/uploads\/logo.webp\",\"width\":1,\"height\":1,\"caption\":\"Fairfax Cryobank\"},\"image\":{\"@id\":\"https:\/\/fairfaxcryobank.com\/de#\/schema\/logo\/image\/\"},\"sameAs\":[\"https:\/\/www.facebook.com\/fairfax.cryobank\",\"https:\/\/x.com\/FairfaxCryobank\",\"https:\/\/www.instagram.com\/fairfaxcryobank\/\",\"https:\/\/www.pinterest.com\/fairfaxcryo\/\"]}]}<\/script>\n<!-- \/ Yoast SEO plugin. -->","yoast_head_json":{"title":"Medizinische Fachkr\u00e4fte | Fairfax Cryobank","description":"Erf\u00fcllen Sie sich Ihren Kinderwunsch und werden Sie Eltern! Machen Sie den ersten Schritt und finden Sie Ihren perfekten Samenspender mit Fairfax Cryobank.","robots":{"index":"index","follow":"follow","max-snippet":"max-snippet:-1","max-image-preview":"max-image-preview:large","max-video-preview":"max-video-preview:-1"},"canonical":"https:\/\/fairfaxcryobank.com\/de\/medizinische-fachkraefte","og_locale":"de_DE","og_type":"article","og_title":"Medizinische Fachkr\u00e4fte | Fairfax Cryobank","og_description":"Erf\u00fcllen Sie sich Ihren Kinderwunsch und werden Sie Eltern! Machen Sie den ersten Schritt und finden Sie Ihren perfekten Samenspender mit Fairfax Cryobank.","og_url":"https:\/\/fairfaxcryobank.com\/de\/medizinische-fachkraefte","og_site_name":"Fairfax Cryobank - Find a Sperm Donor","article_publisher":"https:\/\/www.facebook.com\/fairfax.cryobank","article_modified_time":"2023-06-20T15:51:55+00:00","twitter_card":"summary_large_image","twitter_site":"@FairfaxCryobank","schema":{"@context":"https:\/\/schema.org","@graph":[{"@type":"WebPage","@id":"https:\/\/fairfaxcryobank.com\/de\/medizinische-fachkraefte","url":"https:\/\/fairfaxcryobank.com\/de\/medizinische-fachkraefte","name":"Medizinische Fachkr\u00e4fte | Fairfax Cryobank","isPartOf":{"@id":"https:\/\/fairfaxcryobank.com\/de#website"},"datePublished":"2019-12-18T16:07:20+00:00","dateModified":"2023-06-20T15:51:55+00:00","description":"Erf\u00fcllen Sie sich Ihren Kinderwunsch und werden Sie Eltern! Machen Sie den ersten Schritt und finden Sie Ihren perfekten Samenspender mit Fairfax Cryobank.","breadcrumb":{"@id":"https:\/\/fairfaxcryobank.com\/de\/medizinische-fachkraefte#breadcrumb"},"inLanguage":"de","potentialAction":[{"@type":"ReadAction","target":["https:\/\/fairfaxcryobank.com\/de\/medizinische-fachkraefte"]}]},{"@type":"BreadcrumbList","@id":"https:\/\/fairfaxcryobank.com\/de\/medizinische-fachkraefte#breadcrumb","itemListElement":[{"@type":"ListItem","position":1,"name":"Home","item":"https:\/\/fairfaxcryobank.com\/de"},{"@type":"ListItem","position":2,"name":"Medizinische Fachkr\u00e4fte"}]},{"@type":"WebSite","@id":"https:\/\/fairfaxcryobank.com\/de#website","url":"https:\/\/fairfaxcryobank.com\/de","name":"Fairfax Cryobank - Find a Sperm Donor","description":"Top-Tier Sperm Bank","publisher":{"@id":"https:\/\/fairfaxcryobank.com\/de#organization"},"potentialAction":[{"@type":"SearchAction","target":{"@type":"EntryPoint","urlTemplate":"https:\/\/fairfaxcryobank.com\/de?s={search_term_string}"},"query-input":{"@type":"PropertyValueSpecification","valueRequired":true,"valueName":"search_term_string"}}],"inLanguage":"de"},{"@type":"Organization","@id":"https:\/\/fairfaxcryobank.com\/de#organization","name":"Fairfax Cryobank","url":"https:\/\/fairfaxcryobank.com\/de","logo":{"@type":"ImageObject","inLanguage":"de","@id":"https:\/\/fairfaxcryobank.com\/de#\/schema\/logo\/image\/","url":"https:\/\/fairfaxcryobank.com\/wp-content\/uploads\/logo.webp","contentUrl":"https:\/\/fairfaxcryobank.com\/wp-content\/uploads\/logo.webp","width":1,"height":1,"caption":"Fairfax Cryobank"},"image":{"@id":"https:\/\/fairfaxcryobank.com\/de#\/schema\/logo\/image\/"},"sameAs":["https:\/\/www.facebook.com\/fairfax.cryobank","https:\/\/x.com\/FairfaxCryobank","https:\/\/www.instagram.com\/fairfaxcryobank\/","https:\/\/www.pinterest.com\/fairfaxcryo\/"]}]}},"post_mailing_queue_ids":[],"_links":{"self":[{"href":"https:\/\/fairfaxcryobank.com\/de\/wp-json\/wp\/v2\/pages\/4965","targetHints":{"allow":["GET"]}}],"collection":[{"href":"https:\/\/fairfaxcryobank.com\/de\/wp-json\/wp\/v2\/pages"}],"about":[{"href":"https:\/\/fairfaxcryobank.com\/de\/wp-json\/wp\/v2\/types\/page"}],"author":[{"embeddable":true,"href":"https:\/\/fairfaxcryobank.com\/de\/wp-json\/wp\/v2\/users\/1"}],"replies":[{"embeddable":true,"href":"https:\/\/fairfaxcryobank.com\/de\/wp-json\/wp\/v2\/comments?post=4965"}],"version-history":[{"count":4,"href":"https:\/\/fairfaxcryobank.com\/de\/wp-json\/wp\/v2\/pages\/4965\/revisions"}],"predecessor-version":[{"id":25298,"href":"https:\/\/fairfaxcryobank.com\/de\/wp-json\/wp\/v2\/pages\/4965\/revisions\/25298"}],"wp:attachment":[{"href":"https:\/\/fairfaxcryobank.com\/de\/wp-json\/wp\/v2\/media?parent=4965"}],"curies":[{"name":"wp","href":"https:\/\/api.w.org\/{rel}","templated":true}]}}