{"id":4968,"date":"2019-12-18T16:09:02","date_gmt":"2019-12-18T16:09:02","guid":{"rendered":"https:\/\/fairfaxcryobank.com\/?page_id=4968"},"modified":"2023-06-22T12:20:59","modified_gmt":"2023-06-22T16:20:59","slug":"samenproben-fuer-forschung","status":"publish","type":"page","link":"https:\/\/fairfaxcryobank.com\/de\/samenproben-fuer-forschung","title":{"rendered":"Samenproben f\u00fcr Forschung"},"content":{"rendered":"\n<h2 class=\"wp-block-heading\"><strong>Fairfax Cryobank bietet gespendete humanbiologische Proben<\/strong><\/h2>\n\n\n\n<p>Fairfax Cryobank liefert gespendete\nhumanbiologische Proben f\u00fcr verschiedene Forschungszwecke, einschlie\u00dflich\nDNA-Tests. Alle Spender werden vor der Herstellung der Proben auf ein Minimum\nan HIV, Hepatitis und Syphilis untersucht und als negativ befunden.<\/p>\n\n\n\n<p>Alle Spender haben der Verwendung ihres Samens f\u00fcr Forschungszwecke zugestimmt. Sie k\u00f6nnen jedoch nicht f\u00fcr folgende Forschungszwecke verwendet werden:<\/p>\n\n\n\n<ul class=\"wp-block-list\"><li>Stammzellenforschung<\/li><li>Entwicklung von Embryonen f\u00fcr Stammzellen- oder Embryo-Forschungsprojekte<\/li><li>In-vitro-Befruchtung von Eizellen<\/li><li>Besamungszwecke f\u00fcr Schwangerschaft<\/li><\/ul>\n\n\n\n<p><strong>Proben k\u00f6nnen f\u00fcr folgende Forschungszwecke verwendet werden:<\/strong><\/p>\n\n\n\n<ul class=\"wp-block-list\"><li>DNA-Quellen f\u00fcr Forschungszwecke<\/li><li>Forensische Pr\u00fcflaboratorien oder Eignungspr\u00fcfungen f\u00fcr die forensische Industrie<\/li><li>Tests in Fruchtbarkeitskliniken Wenden Sie sich direkt an uns, um zu erfahren, ob Ihre Forschungsstudie in Frage kommt. <\/li><\/ul>\n\n\n\n<h3 class=\"wp-block-heading\">Samenprobenverpackung<\/h3>\n\n\n\n<p>Vorgefrorene Proben werden in 1-ml-Kunststoffflaschen mit 0,5 ml \/ Fl\u00e4schchen und mindestens 60 Millionen Zellen verpackt. Die Fl\u00e4schchen sind mit der Spendernummer \/ dem Produktionsdatum \/ der Fl\u00e4schchen-Nr. \/ dem Code des Produktionslabors gekennzeichnet. Gefrorene Proben sind mit oder ohne Samenplasma erh\u00e4ltlich. W\u00e4hlen Sie aus den folgenden 2 Pr\u00e4parationsarten: <\/p>\n\n\n\n<ul class=\"wp-block-list\"><li>ICI prep. = enth\u00e4lt die reine Probe (Rohsperma) plus Kryoprotektivum (Glycerin)<\/li><li>IUI prep. = Samenplasma vor dem Einfrieren entfernt und Spermien in einer Pufferl\u00f6sung plus Kryoprotektivum (Glycerin) suspendiert<\/li><\/ul>\n\n\n\n<h2 class=\"wp-block-heading\">Spermafl\u00e4schchen &#8211; Bestelllogistik<\/h2>\n\n\n\n<p>Vorgefrorene\nFl\u00e4schchen sind sofort verf\u00fcgbar, unabh\u00e4ngig davon, ob die Proben von einem\noder mehreren Spendern stammen.<\/p>\n\n\n\n<p>F\u00fcr Bestellungen, bei\ndenen derselbe Spender das passende Sperma und Blut anfordert, sind Fl\u00e4schchen\nauf Anfrage erh\u00e4ltlich und m\u00fcssen vorbestellt werden. Dar\u00fcber\nhinaus muss auch gefrorenes \u201cge-pooltes\u201c Sperma (mehrere Spender) ohne\nKryoprotektionsmittel vorbestellt werden. Diese beiden Anfragetypen werden pro\nml separat berechnet.<\/p>\n\n\n\n<h3 class=\"wp-block-heading\"><strong>Pricing<\/strong><\/h3>\n\n\n\n<p>Der Preis f\u00fcr Forschungsspermafl\u00e4schchen ist\nauf Anfrage erh\u00e4ltlich. Fairfax Cryobank akzeptiert Zahlungsanweisungen,\nKreditkarten (Visa, MasterCard, American Express, Discover) und Bestellungen\nnur auf Anfrage. Fl\u00e4schchen m\u00fcssen vor dem Versand im Voraus bezahlt werden.<\/p>\n\n\n\n<h3 class=\"wp-block-heading\">Versand<\/h3>\n\n\n\n<p>Abh\u00e4ngig von Ihrem Standort ist m\u00f6glicherweise eine Abholung vor Ort verf\u00fcgbar. Alle anderen Forschungsfl\u00e4schchen werden im Fl\u00fcssigstickstoff-Dampftank oder auf Trockeneis versandt. HINWEIS: Fl\u00fcssigstickstofftanks m\u00fcssen innerhalb von 5 Tagen nach Erhalt an Fairfax Cryobank zur\u00fcckgesandt werden. <\/p>\n\n\n\n<h3 class=\"wp-block-heading\"><strong>Wenden Sie sich bei Fragen zu Samenproben f\u00fcr Forschungszwecke an die Fairfax Cryobank<\/strong><\/h3>\n\n\n\n<p> F\u00fcllen Sie das folgende Formular aus, um eine Bestellung aufzugeben oder weitere Informationen anzufordern. Oder rufen Sie unter 0800 333 4211 an oder senden Sie uns ganz einfach eine E-Mail an&nbsp;<a href=\"mailto:research@fairfaxcryobank.com\">research@fairfaxcryobank.com<\/a>.<\/p>\n\n\n\n<!--[if lte IE 8]>\n<script charset=\"utf-8\" type=\"text\/javascript\" src=\"\/\/js.hsforms.net\/forms\/v2-legacy.js\"><\/script>\n<![endif]-->\n<script charset=\"utf-8\" type=\"text\/javascript\" src=\"\/\/js.hsforms.net\/forms\/v2.js\"><\/script>\n<script>\n  hbspt.forms.create({\n\tportalId: \"245497\",\n\tformId: \"2543751a-b59e-46cf-8289-47876c9cefa0\"\n});\n<\/script>\n","protected":false},"excerpt":{"rendered":"<p>Fairfax Cryobank bietet gespendete humanbiologische Proben Fairfax Cryobank liefert gespendete humanbiologische Proben f\u00fcr verschiedene Forschungszwecke, einschlie\u00dflich DNA-Tests. Alle Spender werden vor der Herstellung der Proben auf ein Minimum an HIV, Hepatitis und Syphilis untersucht und als negativ befunden. Alle Spender haben der Verwendung ihres Samens f\u00fcr Forschungszwecke zugestimmt. Sie k\u00f6nnen &#8230;<\/p>\n","protected":false},"author":1,"featured_media":0,"parent":0,"menu_order":0,"comment_status":"closed","ping_status":"closed","template":"","meta":{"footnotes":""},"class_list":["post-4968","page","type-page","status-publish","hentry"],"yoast_head":"<!-- This site is optimized with the Yoast SEO plugin v27.1.1 - https:\/\/yoast.com\/product\/yoast-seo-wordpress\/ -->\n<title>Samenproben f\u00fcr Forschung | Fairfax Cryobank<\/title>\n<meta name=\"description\" content=\"Fairfax Cryobank bietet gespendete humanbiologische Proben\" \/>\n<meta name=\"robots\" content=\"index, follow, max-snippet:-1, max-image-preview:large, max-video-preview:-1\" \/>\n<link rel=\"canonical\" href=\"https:\/\/fairfaxcryobank.com\/de\/samenproben-fuer-forschung\" \/>\n<meta property=\"og:locale\" content=\"de_DE\" \/>\n<meta property=\"og:type\" content=\"article\" \/>\n<meta property=\"og:title\" content=\"Samenproben f\u00fcr Forschung | Fairfax Cryobank\" \/>\n<meta property=\"og:description\" content=\"Fairfax Cryobank bietet gespendete humanbiologische Proben\" \/>\n<meta property=\"og:url\" content=\"https:\/\/fairfaxcryobank.com\/de\/samenproben-fuer-forschung\" \/>\n<meta property=\"og:site_name\" content=\"Fairfax Cryobank - Find a Sperm Donor\" \/>\n<meta property=\"article:publisher\" content=\"https:\/\/www.facebook.com\/fairfax.cryobank\" \/>\n<meta property=\"article:modified_time\" content=\"2023-06-22T16:20:59+00:00\" \/>\n<meta name=\"twitter:card\" content=\"summary_large_image\" \/>\n<meta name=\"twitter:site\" content=\"@FairfaxCryobank\" \/>\n<meta name=\"twitter:label1\" content=\"Gesch\u00e4tzte Lesezeit\" \/>\n\t<meta name=\"twitter:data1\" content=\"2\u00a0Minuten\" \/>\n<script type=\"application\/ld+json\" class=\"yoast-schema-graph\">{\"@context\":\"https:\/\/schema.org\",\"@graph\":[{\"@type\":\"WebPage\",\"@id\":\"https:\/\/fairfaxcryobank.com\/de\/samenproben-fuer-forschung\",\"url\":\"https:\/\/fairfaxcryobank.com\/de\/samenproben-fuer-forschung\",\"name\":\"Samenproben f\u00fcr Forschung | Fairfax Cryobank\",\"isPartOf\":{\"@id\":\"https:\/\/fairfaxcryobank.com\/de#website\"},\"datePublished\":\"2019-12-18T16:09:02+00:00\",\"dateModified\":\"2023-06-22T16:20:59+00:00\",\"description\":\"Fairfax Cryobank bietet gespendete humanbiologische Proben\",\"breadcrumb\":{\"@id\":\"https:\/\/fairfaxcryobank.com\/de\/samenproben-fuer-forschung#breadcrumb\"},\"inLanguage\":\"de\",\"potentialAction\":[{\"@type\":\"ReadAction\",\"target\":[\"https:\/\/fairfaxcryobank.com\/de\/samenproben-fuer-forschung\"]}]},{\"@type\":\"BreadcrumbList\",\"@id\":\"https:\/\/fairfaxcryobank.com\/de\/samenproben-fuer-forschung#breadcrumb\",\"itemListElement\":[{\"@type\":\"ListItem\",\"position\":1,\"name\":\"Home\",\"item\":\"https:\/\/fairfaxcryobank.com\/de\"},{\"@type\":\"ListItem\",\"position\":2,\"name\":\"Samenproben f\u00fcr Forschung\"}]},{\"@type\":\"WebSite\",\"@id\":\"https:\/\/fairfaxcryobank.com\/de#website\",\"url\":\"https:\/\/fairfaxcryobank.com\/de\",\"name\":\"Fairfax Cryobank - Find a Sperm Donor\",\"description\":\"Top-Tier Sperm Bank\",\"publisher\":{\"@id\":\"https:\/\/fairfaxcryobank.com\/de#organization\"},\"potentialAction\":[{\"@type\":\"SearchAction\",\"target\":{\"@type\":\"EntryPoint\",\"urlTemplate\":\"https:\/\/fairfaxcryobank.com\/de?s={search_term_string}\"},\"query-input\":{\"@type\":\"PropertyValueSpecification\",\"valueRequired\":true,\"valueName\":\"search_term_string\"}}],\"inLanguage\":\"de\"},{\"@type\":\"Organization\",\"@id\":\"https:\/\/fairfaxcryobank.com\/de#organization\",\"name\":\"Fairfax Cryobank\",\"url\":\"https:\/\/fairfaxcryobank.com\/de\",\"logo\":{\"@type\":\"ImageObject\",\"inLanguage\":\"de\",\"@id\":\"https:\/\/fairfaxcryobank.com\/de#\/schema\/logo\/image\/\",\"url\":\"https:\/\/fairfaxcryobank.com\/wp-content\/uploads\/logo.webp\",\"contentUrl\":\"https:\/\/fairfaxcryobank.com\/wp-content\/uploads\/logo.webp\",\"width\":1,\"height\":1,\"caption\":\"Fairfax Cryobank\"},\"image\":{\"@id\":\"https:\/\/fairfaxcryobank.com\/de#\/schema\/logo\/image\/\"},\"sameAs\":[\"https:\/\/www.facebook.com\/fairfax.cryobank\",\"https:\/\/x.com\/FairfaxCryobank\",\"https:\/\/www.instagram.com\/fairfaxcryobank\/\",\"https:\/\/www.pinterest.com\/fairfaxcryo\/\"]}]}<\/script>\n<!-- \/ Yoast SEO plugin. -->","yoast_head_json":{"title":"Samenproben f\u00fcr Forschung | Fairfax Cryobank","description":"Fairfax Cryobank bietet gespendete humanbiologische Proben","robots":{"index":"index","follow":"follow","max-snippet":"max-snippet:-1","max-image-preview":"max-image-preview:large","max-video-preview":"max-video-preview:-1"},"canonical":"https:\/\/fairfaxcryobank.com\/de\/samenproben-fuer-forschung","og_locale":"de_DE","og_type":"article","og_title":"Samenproben f\u00fcr Forschung | Fairfax Cryobank","og_description":"Fairfax Cryobank bietet gespendete humanbiologische Proben","og_url":"https:\/\/fairfaxcryobank.com\/de\/samenproben-fuer-forschung","og_site_name":"Fairfax Cryobank - Find a Sperm Donor","article_publisher":"https:\/\/www.facebook.com\/fairfax.cryobank","article_modified_time":"2023-06-22T16:20:59+00:00","twitter_card":"summary_large_image","twitter_site":"@FairfaxCryobank","twitter_misc":{"Gesch\u00e4tzte Lesezeit":"2\u00a0Minuten"},"schema":{"@context":"https:\/\/schema.org","@graph":[{"@type":"WebPage","@id":"https:\/\/fairfaxcryobank.com\/de\/samenproben-fuer-forschung","url":"https:\/\/fairfaxcryobank.com\/de\/samenproben-fuer-forschung","name":"Samenproben f\u00fcr Forschung | Fairfax Cryobank","isPartOf":{"@id":"https:\/\/fairfaxcryobank.com\/de#website"},"datePublished":"2019-12-18T16:09:02+00:00","dateModified":"2023-06-22T16:20:59+00:00","description":"Fairfax Cryobank bietet gespendete humanbiologische Proben","breadcrumb":{"@id":"https:\/\/fairfaxcryobank.com\/de\/samenproben-fuer-forschung#breadcrumb"},"inLanguage":"de","potentialAction":[{"@type":"ReadAction","target":["https:\/\/fairfaxcryobank.com\/de\/samenproben-fuer-forschung"]}]},{"@type":"BreadcrumbList","@id":"https:\/\/fairfaxcryobank.com\/de\/samenproben-fuer-forschung#breadcrumb","itemListElement":[{"@type":"ListItem","position":1,"name":"Home","item":"https:\/\/fairfaxcryobank.com\/de"},{"@type":"ListItem","position":2,"name":"Samenproben f\u00fcr Forschung"}]},{"@type":"WebSite","@id":"https:\/\/fairfaxcryobank.com\/de#website","url":"https:\/\/fairfaxcryobank.com\/de","name":"Fairfax Cryobank - Find a Sperm Donor","description":"Top-Tier Sperm Bank","publisher":{"@id":"https:\/\/fairfaxcryobank.com\/de#organization"},"potentialAction":[{"@type":"SearchAction","target":{"@type":"EntryPoint","urlTemplate":"https:\/\/fairfaxcryobank.com\/de?s={search_term_string}"},"query-input":{"@type":"PropertyValueSpecification","valueRequired":true,"valueName":"search_term_string"}}],"inLanguage":"de"},{"@type":"Organization","@id":"https:\/\/fairfaxcryobank.com\/de#organization","name":"Fairfax Cryobank","url":"https:\/\/fairfaxcryobank.com\/de","logo":{"@type":"ImageObject","inLanguage":"de","@id":"https:\/\/fairfaxcryobank.com\/de#\/schema\/logo\/image\/","url":"https:\/\/fairfaxcryobank.com\/wp-content\/uploads\/logo.webp","contentUrl":"https:\/\/fairfaxcryobank.com\/wp-content\/uploads\/logo.webp","width":1,"height":1,"caption":"Fairfax Cryobank"},"image":{"@id":"https:\/\/fairfaxcryobank.com\/de#\/schema\/logo\/image\/"},"sameAs":["https:\/\/www.facebook.com\/fairfax.cryobank","https:\/\/x.com\/FairfaxCryobank","https:\/\/www.instagram.com\/fairfaxcryobank\/","https:\/\/www.pinterest.com\/fairfaxcryo\/"]}]}},"post_mailing_queue_ids":[],"_links":{"self":[{"href":"https:\/\/fairfaxcryobank.com\/de\/wp-json\/wp\/v2\/pages\/4968","targetHints":{"allow":["GET"]}}],"collection":[{"href":"https:\/\/fairfaxcryobank.com\/de\/wp-json\/wp\/v2\/pages"}],"about":[{"href":"https:\/\/fairfaxcryobank.com\/de\/wp-json\/wp\/v2\/types\/page"}],"author":[{"embeddable":true,"href":"https:\/\/fairfaxcryobank.com\/de\/wp-json\/wp\/v2\/users\/1"}],"replies":[{"embeddable":true,"href":"https:\/\/fairfaxcryobank.com\/de\/wp-json\/wp\/v2\/comments?post=4968"}],"version-history":[{"count":1,"href":"https:\/\/fairfaxcryobank.com\/de\/wp-json\/wp\/v2\/pages\/4968\/revisions"}],"predecessor-version":[{"id":25467,"href":"https:\/\/fairfaxcryobank.com\/de\/wp-json\/wp\/v2\/pages\/4968\/revisions\/25467"}],"wp:attachment":[{"href":"https:\/\/fairfaxcryobank.com\/de\/wp-json\/wp\/v2\/media?parent=4968"}],"curies":[{"name":"wp","href":"https:\/\/api.w.org\/{rel}","templated":true}]}}