{"id":4973,"date":"2019-12-18T16:10:31","date_gmt":"2019-12-18T16:10:31","guid":{"rendered":"https:\/\/fairfaxcryobank.com\/?page_id=4973"},"modified":"2021-03-22T09:15:18","modified_gmt":"2021-03-22T13:15:18","slug":"informationen-zu-proben","status":"publish","type":"page","link":"https:\/\/fairfaxcryobank.com\/de\/informationen-zu-proben","title":{"rendered":"Informationen zu Proben"},"content":{"rendered":"\n<h2 class=\"wp-block-heading\">Bewegliche Spermien (Total Motile Cell Standards \/ Fl\u00e4schchen)<\/h2>\n\n\n\n<p class=\"has-text-align-left\"><strong>Qualit\u00e4tsstandard:<\/strong><\/p>\n\n\n\n<figure class=\"wp-block-table is-style-stripes\"><table><tbody><tr><td><strong>Probentyp<\/strong><\/td><td><strong>Total Motile Cells \/ Milliliter (TMC)<\/strong><\/td><td><strong>Klinische Verwendung<\/strong><\/td><\/tr><tr><td>Intrauterine Insemination &#8211; IUI<\/td><td>10 Millionen \/ Fl\u00e4schchen<\/td><td>Gewaschene Fl\u00e4schchen, bereit f\u00fcr die intrauterine Insemination (IUI)<\/td><\/tr><tr><td>Intrazervikale Insemination &#8211; ICI<\/td><td>10 Millionen \/ Fl\u00e4schchen<\/td><td>Bereit f\u00fcr Intrazervikale Insemination (ICI) oder kann zur Verwendung in einer IUI oder IVF mit \/ ohne ICSI gewaschen werden<\/td><\/tr><tr><td>In-vitro-Fertilisation (IVF)<\/td><td>5 Millionen \/ Fl\u00e4schchen<\/td><td>Bereit f\u00fcr ICI oder kann f\u00fcr die Verwendung in einem IUI oder IVF mit \/ ohne ICSI gewaschen werden<\/td><\/tr><tr><td>IUI ART<\/td><td>&gt;6 Millionen \/ Fl\u00e4schchen <\/td><td>Bereit f\u00fcr IUI oder kann nach dem Auftauen verarbeitet und f\u00fcr IVF mit \/ ohne ICSI verwendet werden<\/td><\/tr><tr><td>ICI ART<\/td><td>&gt;6 Millionen \/ Fl\u00e4schchen <\/td><td>Bereit f\u00fcr ICI oder kann f\u00fcr die Verwendung in einem IUI oder IVF mit \/ ohne ICSI gewaschen werden<\/td><\/tr><\/tbody><\/table><\/figure>\n\n\n\n<p>Beachten Sie bitte, dass die Gesamtzahl der beweglichen Zellen je nach Laborpersonal und Z\u00e4hlverfahren um ca. 10 &#8211; 30 % variieren kann. Nachfolgend ein Beispiel: Wenn das Labor von Fairfax Cryobank feststellt, dass eine Probe zehn Millionen TMC enth\u00e4lt, w\u00fcrden wir erwarten, dass die Klinik des Kunden zwischen sieben und dreizehn Millionen TMC vorfindet.<\/p>\n\n\n\n<p>Fairfax Cryobank hat Spendersamenproben eingefroren, die speziell f\u00fcr drei Arten von Verfahren vorbereitet wurden: direkte intrauterine Insemination (IUI und IUI ART werden gewaschen), intrazervikale Insemination (ICI und ICI ART werden nicht gewaschen) und In-Vitro-Fertilisation nach einem Waschen aller Proben nach dem Auftauen (IVF, ICI, ICI ART, IUI, und IUI ART). Unsere Proben wurden nach Zugabe eines Gefriermediums mit einem Kryoprotektivum eingefroren, das die Zellen w\u00e4hrend des Gefrier- und Auftauprozesses sch\u00fctzt.<\/p>\n\n\n\n<p>Fairfax-Cryobank-Proben sind farblich gekennzeichnet, um den Pr\u00e4parationstyp anzugeben. IUI \/ IUI ART-Proben sind mit einer ORANGEN-Kappe farbcodiert, ICI \/ ICI ART-Proben sind mit einer ROTEN Kappe farbcodiert und IVF-Dosen sind mit einer WEISSEN Kappe farbcodiert.<\/p>\n\n\n\n<p>IUI- und IUI ART-fertiges gefrorenes Spender-Sperma wurde hergestellt, indem das frische Ejakulat gewaschen wurde, um das Samenplasma vor dem Einfrieren zu entfernen.<\/p>\n\n\n\n<p>ICI-, ICI ART- und IVF-Proben enthalten Samenplasma und erfordern eine zus\u00e4tzliche Verarbeitung, wenn sie bei anderen Verfahren als der intrazervikalen Befruchtung verwendet werden.<\/p>\n\n\n\n<hr class=\"wp-block-separator\"\/>\n\n\n\n<p><strong>IVF oder ART Fl\u00e4schchen?<\/strong><\/p>\n\n\n\n<p>Die Beliebtheit der IVF-Ampullen hat gezeigt, dass in IVF-Situationen eine kosteng\u00fcnstige Alternative zum Kauf einer vollst\u00e4ndigen Besamungsdosis erforderlich ist. Um diesen Markt besser bedienen zu k\u00f6nnen, hat Fairfax Cryobank das IVF-Vorbereitungsfl\u00e4schchen aus dem Handel genommen und durch das ART-Vorbereitungsfl\u00e4schchen ersetzt. ART-Fl\u00e4schchen k\u00f6nnen genauso verwendet werden wie die IVF-Fl\u00e4schchen, aber das ART-Fl\u00e4schchen bietet einige Vorteile gegen\u00fcber dem IVF-Fl\u00e4schchen.<\/p>\n\n\n\n<p><strong>IVF-Fl\u00e4schchen:<\/strong> Das Wort IVF bedeutet, dass das Fl\u00e4schchen f\u00fcr IVF-Verfahren (In-vitro-Fertilisation) vorgesehen ist, obwohl es f\u00fcr jedes Besamungsverfahren verwendet werden kann. Fairfax Cryobank stellte IVF-Fl\u00e4schchen als wirtschaftliche Alternative zum Kauf unserer Standard-IUI- und ICI-Fl\u00e4schchen her, die 10 Millionen bewegliche Spermien (Total Motile Cells (TMC)) pro Fl\u00e4schchen enthalten und nur Spendersamen als Ersatz f\u00fcr ein IVF-Verfahren mit oder ohne intrazytoplasmatischem Sperma ben\u00f6tigten Injektion (ICSI).<\/p>\n\n\n\n<p>Die Anzahl der Spermien, die in einem IVF-Verfahren mit \/ ohne ICSI ben\u00f6tigt werden, ist erheblich geringer als die, die normalerweise f\u00fcr ein ICI- oder IUI-Verfahren verwendet wird. Obwohl es sich bei der IVF-Ampulle um eine ICI- und IUI- Ampulle handeln kann, werden normalerweise zwei Ampullen gekauft, um ein \u201evollst\u00e4ndiges\u201c Komplement der gesamten beweglichen Zellen zu erhalten, da die IVF- Ampulle nur 5 Millionen TMC pro Ampulle enthalten.<\/p>\n\n\n\n<p><strong>ART-Fl\u00e4schchen:<\/strong> Der Name ART beschreibt die Verwendungsm\u00f6glichkeiten unserer ART-Fl\u00e4schchen besser. ART bedeutet assistierte Reproduktionstechnologie. Alle Verfahren, bei denen Besamungstechniken zum Einsatz kommen, fallen unter die Bezeichnung ART \u2013 daher der NEUE Name.<\/p>\n\n\n\n<p>NEW ART bietet zwei Vorteile. Erstens gibt es die Fairfax Cryobank ART-Fl\u00e4schchen in zwei Zubereitungsarten: ICI ART (ungewaschen) und IUI ART (vorgewaschen). Sowohl IUI ART als auch ICI ART k\u00f6nnen f\u00fcr alle Besamungstypen verwendet werden. M\u00f6glicherweise ist jedoch eine Vorbereitung nach dem Auftauen erforderlich. IVF-Verfahren erfordern m\u00f6glicherweise auch eine zus\u00e4tzliche Vorbereitung der Proben nach dem Auftauen. Zweitens enth\u00e4lt unser ART-Fl\u00e4schchen mehr bewegliche Zellen als unser IVF-Pr\u00e4parat, beginnend bei mindestens 6 Millionen TMC und bis zu&gt; 10 Millionen TMC pro Fl\u00e4schchen.<\/p>\n\n\n\n<p><strong>Verwendung der ART-Ampulle:<\/strong> Bei Verwendung in einem IUI-Verfahren muss die IUI ART nach dem Auftauen nicht weiter vorbereitet werden. Sowohl ICI ART- als auch IUI ART-Fl\u00e4schchen k\u00f6nnen in IVF mit \/ ohne ICSI-, ICI- und IUI-Verfahren verwendet werden, erfordern jedoch m\u00f6glicherweise eine Verarbeitung nach dem Auftauen. Wir gehen davon aus, dass das ART-Fl\u00e4schchen in Zukunft beliebter sein wird als das IVF-Fl\u00e4schchen. <\/p>\n\n\n\n<hr class=\"wp-block-separator\"\/>\n\n\n\n<p><strong>Verarbeitung, Verpackung und Einfrieren:<\/strong><\/p>\n\n\n\n<p>Alle Spendersamenproben werden vor Ort in der Fairfax Cryobank hergestellt und mit einem dreiteiligen R\u00fcckverfolgungsetikett zur \u00dcberpr\u00fcfung der Herkunft des Spenders verfolgt. Alle Proben werden mit Methoden verarbeitet, um die Probe w\u00e4hrend der Verarbeitung vor Kontamination zu sch\u00fctzen.<\/p>\n\n\n\n<p>Vor dem Einfrieren wird den Proben ein Gefriermedium mit einem Kryoprotektionspuffer zugesetzt, um die Spermien und Membranen w\u00e4hrend des Einfrierens, Lagerns und Auftauens zu sch\u00fctzen. Fairfax Cryobank f\u00fchrt einen Bioassay-Test f\u00fcr jede Charge von Gefriermedien durch, um deren Eignung vor der Verwendung zu bestimmen.<\/p>\n\n\n\n<p>Nach\nder Verarbeitung und Zugabe des Gefriermediums werden 0,5-ml-Aliquots der Probe\nin einzelne Fl\u00e4schchen f\u00fcr ICI- und IUI-bereite Proben verpackt. Alle Ampullen\nsind mit der eindeutigen Spendernummer, dem Einfrierdatum, der Ampullen-Nr. und\neinem Code f\u00fcr die Herkunftseinrichtung gekennzeichnet.<\/p>\n\n\n\n<p>Nach dem Einfrieren werden die Fl\u00e4schchen bei -196 \u00b0 C in Fl\u00fcssigstickstofftanks f\u00fcr 6 Monate unter Quarant\u00e4ne gestellt. Anschlie\u00dfend wird der Spender erneut auf Infektionskrankheiten getestet, bevor die Proben zur Verwendung freigegeben werden. Die Fl\u00fcssigstickstofftanks sind speziell mit Alarmsystemen f\u00fcr die Sicherheit der Proben ausgestattet.<\/p>\n\n\n\n<hr class=\"wp-block-separator\"\/>\n\n\n\n<p><strong>Manchmal ist weniger mehr!<\/strong><\/p>\n\n\n\n<p>Wir\nalle geraten oft unter den gesellschaftlichen Druck, dass mehr oder gr\u00f6\u00dfer\nbesser ist, aber das ist nicht immer der Fall. Manchmal gibt es eine optimale\nMenge, wie im Fall der Anzahl der Spermien, die erforderlich sind, um eine\nSchwangerschaft durch Befruchtung zu erreichen.<\/p>\n\n\n\n<p>Bei\nFairfax Cryobank haben wir einen\nProbenqualit\u00e4tsstandard, bei dem alle Fl\u00e4schchen (ICI und IUI) mindestens 10\nMillionen bewegliche Spermazellen (Total Motile Cells (TMC)) pro Fl\u00e4schchen\naufweisen. Nach sorgf\u00e4ltiger Pr\u00fcfung der Labordaten des Genetics &amp; IVF\nInstitute, unserer 1983 gegr\u00fcndeten Muttergesellschaft, und umfassender\nLiteraturrecherche entschieden wir uns, 10 Millionen TMC pro Durchstechflasche\nzu geben.<\/p>\n\n\n\n<p>Mehrere\nStudien belegen, dass manchmal weniger mehr ist, wenn es um\nSchwangerschaftsraten geht. Bei den Schwangerschaftsraten ist ein Plateau zu\nbeobachten, sobald die Zellkonzentration 10 Millionen erreicht. (Van Voorhis et\nal., 2001) &amp; (Cressman et al., 1996).\n\nWir haben sorgf\u00e4ltig berechnet, was wir f\u00fcr die\noptimale Konzentration von Zellen in der Probe halten, um das ultimative Ziel\nzu erreichen: Ein gl\u00fcckliches, gesundes Baby!\n\n\n\n<\/p>\n","protected":false},"excerpt":{"rendered":"<p>Bewegliche Spermien (Total Motile Cell Standards \/ Fl\u00e4schchen) Qualit\u00e4tsstandard: Probentyp Total Motile Cells \/ Milliliter (TMC) Klinische Verwendung Intrauterine Insemination &#8211; IUI 10 Millionen \/ Fl\u00e4schchen Gewaschene Fl\u00e4schchen, bereit f\u00fcr die intrauterine Insemination (IUI) Intrazervikale Insemination &#8211; ICI 10 Millionen \/ Fl\u00e4schchen Bereit f\u00fcr Intrazervikale Insemination (ICI) oder kann zur &#8230;<\/p>\n","protected":false},"author":1,"featured_media":0,"parent":0,"menu_order":0,"comment_status":"closed","ping_status":"closed","template":"","meta":{"footnotes":""},"class_list":["post-4973","page","type-page","status-publish","hentry"],"yoast_head":"<!-- This site is optimized with the Yoast SEO plugin v27.1.1 - https:\/\/yoast.com\/product\/yoast-seo-wordpress\/ -->\n<title>Informationen zu Proben | Fairfax Cryobank<\/title>\n<meta name=\"description\" content=\"Bewegliche Spermien (Total Motile Cell Standards \/ Fl\u00e4schchen)\" \/>\n<meta name=\"robots\" content=\"index, follow, max-snippet:-1, max-image-preview:large, max-video-preview:-1\" \/>\n<link rel=\"canonical\" href=\"https:\/\/fairfaxcryobank.com\/de\/informationen-zu-proben\" \/>\n<meta property=\"og:locale\" content=\"de_DE\" \/>\n<meta property=\"og:type\" content=\"article\" \/>\n<meta property=\"og:title\" content=\"Informationen zu Proben | Fairfax Cryobank\" \/>\n<meta property=\"og:description\" content=\"Bewegliche Spermien (Total Motile Cell Standards \/ Fl\u00e4schchen)\" \/>\n<meta property=\"og:url\" content=\"https:\/\/fairfaxcryobank.com\/de\/informationen-zu-proben\" \/>\n<meta property=\"og:site_name\" content=\"Fairfax Cryobank - Find a Sperm Donor\" \/>\n<meta property=\"article:publisher\" content=\"https:\/\/www.facebook.com\/fairfax.cryobank\" \/>\n<meta property=\"article:modified_time\" content=\"2021-03-22T13:15:18+00:00\" \/>\n<meta name=\"twitter:card\" content=\"summary_large_image\" \/>\n<meta name=\"twitter:site\" content=\"@FairfaxCryobank\" \/>\n<meta name=\"twitter:label1\" content=\"Gesch\u00e4tzte Lesezeit\" \/>\n\t<meta name=\"twitter:data1\" content=\"5\u00a0Minuten\" \/>\n<script type=\"application\/ld+json\" class=\"yoast-schema-graph\">{\"@context\":\"https:\/\/schema.org\",\"@graph\":[{\"@type\":\"WebPage\",\"@id\":\"https:\/\/fairfaxcryobank.com\/de\/informationen-zu-proben\",\"url\":\"https:\/\/fairfaxcryobank.com\/de\/informationen-zu-proben\",\"name\":\"Informationen zu Proben | Fairfax Cryobank\",\"isPartOf\":{\"@id\":\"https:\/\/fairfaxcryobank.com\/de#website\"},\"datePublished\":\"2019-12-18T16:10:31+00:00\",\"dateModified\":\"2021-03-22T13:15:18+00:00\",\"description\":\"Bewegliche Spermien (Total Motile Cell Standards \/ Fl\u00e4schchen)\",\"breadcrumb\":{\"@id\":\"https:\/\/fairfaxcryobank.com\/de\/informationen-zu-proben#breadcrumb\"},\"inLanguage\":\"de\",\"potentialAction\":[{\"@type\":\"ReadAction\",\"target\":[\"https:\/\/fairfaxcryobank.com\/de\/informationen-zu-proben\"]}]},{\"@type\":\"BreadcrumbList\",\"@id\":\"https:\/\/fairfaxcryobank.com\/de\/informationen-zu-proben#breadcrumb\",\"itemListElement\":[{\"@type\":\"ListItem\",\"position\":1,\"name\":\"Home\",\"item\":\"https:\/\/fairfaxcryobank.com\/de\"},{\"@type\":\"ListItem\",\"position\":2,\"name\":\"Informationen zu Proben\"}]},{\"@type\":\"WebSite\",\"@id\":\"https:\/\/fairfaxcryobank.com\/de#website\",\"url\":\"https:\/\/fairfaxcryobank.com\/de\",\"name\":\"Fairfax Cryobank - Find a Sperm Donor\",\"description\":\"Top-Tier Sperm Bank\",\"publisher\":{\"@id\":\"https:\/\/fairfaxcryobank.com\/de#organization\"},\"potentialAction\":[{\"@type\":\"SearchAction\",\"target\":{\"@type\":\"EntryPoint\",\"urlTemplate\":\"https:\/\/fairfaxcryobank.com\/de?s={search_term_string}\"},\"query-input\":{\"@type\":\"PropertyValueSpecification\",\"valueRequired\":true,\"valueName\":\"search_term_string\"}}],\"inLanguage\":\"de\"},{\"@type\":\"Organization\",\"@id\":\"https:\/\/fairfaxcryobank.com\/de#organization\",\"name\":\"Fairfax Cryobank\",\"url\":\"https:\/\/fairfaxcryobank.com\/de\",\"logo\":{\"@type\":\"ImageObject\",\"inLanguage\":\"de\",\"@id\":\"https:\/\/fairfaxcryobank.com\/de#\/schema\/logo\/image\/\",\"url\":\"https:\/\/fairfaxcryobank.com\/wp-content\/uploads\/logo.webp\",\"contentUrl\":\"https:\/\/fairfaxcryobank.com\/wp-content\/uploads\/logo.webp\",\"width\":1,\"height\":1,\"caption\":\"Fairfax Cryobank\"},\"image\":{\"@id\":\"https:\/\/fairfaxcryobank.com\/de#\/schema\/logo\/image\/\"},\"sameAs\":[\"https:\/\/www.facebook.com\/fairfax.cryobank\",\"https:\/\/x.com\/FairfaxCryobank\",\"https:\/\/www.instagram.com\/fairfaxcryobank\/\",\"https:\/\/www.pinterest.com\/fairfaxcryo\/\"]}]}<\/script>\n<!-- \/ Yoast SEO plugin. -->","yoast_head_json":{"title":"Informationen zu Proben | Fairfax Cryobank","description":"Bewegliche Spermien (Total Motile Cell Standards \/ Fl\u00e4schchen)","robots":{"index":"index","follow":"follow","max-snippet":"max-snippet:-1","max-image-preview":"max-image-preview:large","max-video-preview":"max-video-preview:-1"},"canonical":"https:\/\/fairfaxcryobank.com\/de\/informationen-zu-proben","og_locale":"de_DE","og_type":"article","og_title":"Informationen zu Proben | Fairfax Cryobank","og_description":"Bewegliche Spermien (Total Motile Cell Standards \/ Fl\u00e4schchen)","og_url":"https:\/\/fairfaxcryobank.com\/de\/informationen-zu-proben","og_site_name":"Fairfax Cryobank - Find a Sperm Donor","article_publisher":"https:\/\/www.facebook.com\/fairfax.cryobank","article_modified_time":"2021-03-22T13:15:18+00:00","twitter_card":"summary_large_image","twitter_site":"@FairfaxCryobank","twitter_misc":{"Gesch\u00e4tzte Lesezeit":"5\u00a0Minuten"},"schema":{"@context":"https:\/\/schema.org","@graph":[{"@type":"WebPage","@id":"https:\/\/fairfaxcryobank.com\/de\/informationen-zu-proben","url":"https:\/\/fairfaxcryobank.com\/de\/informationen-zu-proben","name":"Informationen zu Proben | Fairfax Cryobank","isPartOf":{"@id":"https:\/\/fairfaxcryobank.com\/de#website"},"datePublished":"2019-12-18T16:10:31+00:00","dateModified":"2021-03-22T13:15:18+00:00","description":"Bewegliche Spermien (Total Motile Cell Standards \/ Fl\u00e4schchen)","breadcrumb":{"@id":"https:\/\/fairfaxcryobank.com\/de\/informationen-zu-proben#breadcrumb"},"inLanguage":"de","potentialAction":[{"@type":"ReadAction","target":["https:\/\/fairfaxcryobank.com\/de\/informationen-zu-proben"]}]},{"@type":"BreadcrumbList","@id":"https:\/\/fairfaxcryobank.com\/de\/informationen-zu-proben#breadcrumb","itemListElement":[{"@type":"ListItem","position":1,"name":"Home","item":"https:\/\/fairfaxcryobank.com\/de"},{"@type":"ListItem","position":2,"name":"Informationen zu Proben"}]},{"@type":"WebSite","@id":"https:\/\/fairfaxcryobank.com\/de#website","url":"https:\/\/fairfaxcryobank.com\/de","name":"Fairfax Cryobank - Find a Sperm Donor","description":"Top-Tier Sperm Bank","publisher":{"@id":"https:\/\/fairfaxcryobank.com\/de#organization"},"potentialAction":[{"@type":"SearchAction","target":{"@type":"EntryPoint","urlTemplate":"https:\/\/fairfaxcryobank.com\/de?s={search_term_string}"},"query-input":{"@type":"PropertyValueSpecification","valueRequired":true,"valueName":"search_term_string"}}],"inLanguage":"de"},{"@type":"Organization","@id":"https:\/\/fairfaxcryobank.com\/de#organization","name":"Fairfax Cryobank","url":"https:\/\/fairfaxcryobank.com\/de","logo":{"@type":"ImageObject","inLanguage":"de","@id":"https:\/\/fairfaxcryobank.com\/de#\/schema\/logo\/image\/","url":"https:\/\/fairfaxcryobank.com\/wp-content\/uploads\/logo.webp","contentUrl":"https:\/\/fairfaxcryobank.com\/wp-content\/uploads\/logo.webp","width":1,"height":1,"caption":"Fairfax Cryobank"},"image":{"@id":"https:\/\/fairfaxcryobank.com\/de#\/schema\/logo\/image\/"},"sameAs":["https:\/\/www.facebook.com\/fairfax.cryobank","https:\/\/x.com\/FairfaxCryobank","https:\/\/www.instagram.com\/fairfaxcryobank\/","https:\/\/www.pinterest.com\/fairfaxcryo\/"]}]}},"post_mailing_queue_ids":[],"_links":{"self":[{"href":"https:\/\/fairfaxcryobank.com\/de\/wp-json\/wp\/v2\/pages\/4973","targetHints":{"allow":["GET"]}}],"collection":[{"href":"https:\/\/fairfaxcryobank.com\/de\/wp-json\/wp\/v2\/pages"}],"about":[{"href":"https:\/\/fairfaxcryobank.com\/de\/wp-json\/wp\/v2\/types\/page"}],"author":[{"embeddable":true,"href":"https:\/\/fairfaxcryobank.com\/de\/wp-json\/wp\/v2\/users\/1"}],"replies":[{"embeddable":true,"href":"https:\/\/fairfaxcryobank.com\/de\/wp-json\/wp\/v2\/comments?post=4973"}],"version-history":[{"count":2,"href":"https:\/\/fairfaxcryobank.com\/de\/wp-json\/wp\/v2\/pages\/4973\/revisions"}],"predecessor-version":[{"id":25382,"href":"https:\/\/fairfaxcryobank.com\/de\/wp-json\/wp\/v2\/pages\/4973\/revisions\/25382"}],"wp:attachment":[{"href":"https:\/\/fairfaxcryobank.com\/de\/wp-json\/wp\/v2\/media?parent=4973"}],"curies":[{"name":"wp","href":"https:\/\/api.w.org\/{rel}","templated":true}]}}