{"id":4984,"date":"2019-12-18T16:20:17","date_gmt":"2019-12-18T16:20:17","guid":{"rendered":"https:\/\/fairfaxcryobank.com\/?page_id=4984"},"modified":"2024-08-15T15:22:40","modified_gmt":"2024-08-15T19:22:40","slug":"kontakt","status":"publish","type":"page","link":"https:\/\/fairfaxcryobank.com\/de\/kontakt","title":{"rendered":"Kontakt"},"content":{"rendered":"\n<h2 class=\"wp-block-heading\"><strong>Kontaktinformationen der Fairfax Cryobank<\/strong><\/h2>\n\n\n\n<p>Familie steht immer im Mittelpunkt &#8211; und zwar bei allem, was wir tun. Worauf warten Sie also noch? Kontaktieren Sie Fairfax Cryobank noch heute! Denn die Fairfax Cryobank hat schon seit Jahren Familien bei der Erf\u00fcllung ihrer Kinderw\u00fcnsche unterst\u00fctzt, und zwar unabh\u00e4ngig von Ihrem Familienstand, Ihrer Geschlechtsidentit\u00e4t oder Ihrer sexuellen Ausrichtung. Der Fairfax Cryobank Kundenservice kann Ihnen dabei helfen, Ihre zuk\u00fcnftigen M\u00f6glichkeiten der Elternschaft durch branchenf\u00fchrende Dienstleistung im Bereich Samenspende, Eizellen-Aufbewahrung und vielem mehr zu gew\u00e4hrleisten.<\/p>\n\n\n\n<p>Nehmen Sie Kontakt mit unserem Team auf, um mehr zu erfahren oder legen Sie einfach los! Rufen Sie uns unter 0800 333 4211 an oder kontaktieren Sie uns per E-Mail. Wir helfen Ihnen gerne dabei, das Leben zu verwirklichen, das Sie sich schon immer gew\u00fcnscht haben \u2013 sei es in naher Zukunft oder erst in zehn Jahren!<\/p>\n\n\n\n<h3 class=\"wp-block-heading\"><strong>Fairfax Cryobank Kundenservice<\/strong><\/h3>\n\n\n\n<p>Der Fairfax Cryobank Kundenservice steht Ihnen immer zu Verf\u00fcgung &#8211; per E-Mail oder telefonisch! Wenn Sie Fragen, Bedenken oder Anregungen zu unseren Einrichtungen oder Dienstleistungen haben, z\u00f6gern Sie bitte nicht, uns zu kontaktieren. Unser freundliches und erfahrenes Fairfax Cryobank Team hilft Ihnen gerne weiter.<\/p>\n\n\n\n<p>Nachstehend finden Sie alle Kontaktinformationen zu Fairfax Cryobank, um mit dem Kundenservice von Fairfax Cryobank in Kontakt treten zu k\u00f6nnen.<\/p>\n\n\n\n<p><strong>Wir sind f\u00fcr Sie da:<\/strong><\/p>\n\n\n\n<ul class=\"wp-block-list\"><li>Montag bis Freitag 9 bis 18 Uhr Eastern Time (ET)<\/li><\/ul>\n\n\n\n<p><strong>Kontaktinformation:<\/strong><\/p>\n\n\n\n<ul class=\"wp-block-list\"><li>Tel.: <a href=\"tel:08003334211\">0800 333 4211<\/a><\/li><li>Email: <a rel=\"noreferrer noopener\" aria-label=\" (opens in a new tab)\" href=\"mailto:global@fairfaxcryobank.com\" target=\"_blank\">global@fairfaxcryobank.com<\/a><\/li><\/ul>\n\n\n\n<div class=\"wp-block-columns has-2-columns is-layout-flex wp-container-core-columns-is-layout-9d6595d7 wp-block-columns-is-layout-flex\">\n<div class=\"wp-block-column is-layout-flow wp-block-column-is-layout-flow\">\n<div class=\"wp-block-button aligncenter\"><a class=\"wp-block-button__link has-text-color has-background\" href=\"mailto:global@fairfaxcryobank.com\" style=\"background-color:#ea6950;color:#ffffff\">SCHICKEN SIE UNS EINE E-MAIL AN FAIRFAX<\/a><\/div>\n<\/div>\n\n\n\n<div class=\"wp-block-column is-layout-flow wp-block-column-is-layout-flow\">\n<div class=\"wp-block-button aligncenter\"><a class=\"wp-block-button__link has-text-color has-background\" href=\"https:\/\/fairfaxcryobank.com\/de\/mehr-infos-anfordern\" style=\"background-color:#ea6950;color:#ffffff\">MEHR INFOS ANZUFORDERN <\/a><\/div>\n\n\n\n<p><\/p>\n<\/div>\n<\/div>\n\n\n\n<p>Wir haben zudem auch Kundendienstspezialisten, die Spanisch sprechen, um Ihnen zu helfen.<\/p>\n\n\n\n<ul class=\"wp-block-list\"><li>Espa\u00f1ol: <ul><li>Los Estados Unidos: <a href=\"tel:18003388407\">1800-338-8407<\/a> presione el #1 <\/li><li>Spain: <a href=\"tel:+34931845772\">+34 931845772<\/a><\/li><li>Mexico: <a href=\"tel:+525511638948\">+52(55)1163 8948<\/a> <\/li><\/ul><\/li><li>Vereinigtes K\u00f6nigreich: geb\u00fchrenfrei <a href=\"tel:08004049186\">0800 404 9186<\/a><\/li><li>Kunden in Australien: <a href=\"tel:1800336701\">1800336701<\/a><\/li><\/ul>\n\n\n\n<p><strong>Ehemaliger Spender:<\/strong><\/p>\n\n\n\n<p>Es ist Zeit f\u00fcr die j\u00e4hrliche Aktualisierung Ihrer medizinischen Informationen bei der Fairfax Cryobank. Rufen Sie uns an: 0800 333 4211 (USA)<\/p>\n\n\n\n<hr class=\"wp-block-separator\"\/>\n\n\n\n<p><strong><a href=\"https:\/\/fairfaxcryobank.com\/newsletter-signup\">Newsletter Sign Up<\/a><\/strong><\/p>\n\n\n\n<p><strong><a href=\"\/blog\">Fairfax Cryobank Blog <\/a><\/strong><\/p>\n\n\n\n<p><strong><a href=\"https:\/\/blogandforum.fairfaxcryobank.com\/?_gl=1*pu84z0*_gcl_au*ODY2NDA4MTcyLjE3MjM0NzQyNjQ\">Fairfax Family Forum<\/a><\/strong><\/p>\n","protected":false},"excerpt":{"rendered":"<p>Kontaktinformationen der Fairfax Cryobank Familie steht immer im Mittelpunkt &#8211; und zwar bei allem, was wir tun. Worauf warten Sie also noch? Kontaktieren Sie Fairfax Cryobank noch heute! Denn die Fairfax Cryobank hat schon seit Jahren Familien bei der Erf\u00fcllung ihrer Kinderw\u00fcnsche unterst\u00fctzt, und zwar unabh\u00e4ngig von Ihrem Familienstand, Ihrer &#8230;<\/p>\n","protected":false},"author":1,"featured_media":11503,"parent":0,"menu_order":0,"comment_status":"closed","ping_status":"closed","template":"","meta":{"footnotes":""},"class_list":["post-4984","page","type-page","status-publish","has-post-thumbnail","hentry"],"yoast_head":"<!-- This site is optimized with the Yoast SEO plugin v27.1.1 - https:\/\/yoast.com\/product\/yoast-seo-wordpress\/ -->\n<title>Kontaktieren Sie Fairfax Cryobank | Fairfax Cyrobank Kontakt<\/title>\n<meta name=\"description\" content=\"Kontaktieren Sie Fairfax Cryobank und lassen Sie sich von unserem freundlichen Kundenservice beraten. Fairfax Cryobank Kontaktinfos, \u00d6ffnungszeiten und mehr.\" \/>\n<meta name=\"robots\" content=\"index, follow, max-snippet:-1, max-image-preview:large, max-video-preview:-1\" \/>\n<link rel=\"canonical\" href=\"https:\/\/fairfaxcryobank.com\/de\/kontakt\" \/>\n<meta property=\"og:locale\" content=\"de_DE\" \/>\n<meta property=\"og:type\" content=\"article\" \/>\n<meta property=\"og:title\" content=\"Kontaktieren Sie Fairfax Cryobank | Fairfax Cyrobank Kontakt\" \/>\n<meta property=\"og:description\" content=\"Kontaktieren Sie Fairfax Cryobank und lassen Sie sich von unserem freundlichen Kundenservice beraten. Fairfax Cryobank Kontaktinfos, \u00d6ffnungszeiten und mehr.\" \/>\n<meta property=\"og:url\" content=\"https:\/\/fairfaxcryobank.com\/de\/kontakt\" \/>\n<meta property=\"og:site_name\" content=\"Fairfax Cryobank - Find a Sperm Donor\" \/>\n<meta property=\"article:publisher\" content=\"https:\/\/www.facebook.com\/fairfax.cryobank\" \/>\n<meta property=\"article:modified_time\" content=\"2024-08-15T19:22:40+00:00\" \/>\n<meta property=\"og:image\" content=\"https:\/\/fairfaxcryobank.com\/wp-content\/uploads\/graphicstock-young-mother-in-home-office-with-computer-and-her-daughter_HRglJOFpbW-smaller.jpg\" \/>\n\t<meta property=\"og:image:width\" content=\"2451\" \/>\n\t<meta property=\"og:image:height\" content=\"1631\" \/>\n\t<meta property=\"og:image:type\" content=\"image\/jpeg\" \/>\n<meta name=\"twitter:card\" content=\"summary_large_image\" \/>\n<meta name=\"twitter:site\" content=\"@FairfaxCryobank\" \/>\n<meta name=\"twitter:label1\" content=\"Gesch\u00e4tzte Lesezeit\" \/>\n\t<meta name=\"twitter:data1\" content=\"2\u00a0Minuten\" \/>\n<script type=\"application\/ld+json\" class=\"yoast-schema-graph\">{\"@context\":\"https:\/\/schema.org\",\"@graph\":[{\"@type\":\"WebPage\",\"@id\":\"https:\/\/fairfaxcryobank.com\/de\/kontakt\",\"url\":\"https:\/\/fairfaxcryobank.com\/de\/kontakt\",\"name\":\"Kontaktieren Sie Fairfax Cryobank | Fairfax Cyrobank Kontakt\",\"isPartOf\":{\"@id\":\"https:\/\/fairfaxcryobank.com\/de#website\"},\"primaryImageOfPage\":{\"@id\":\"https:\/\/fairfaxcryobank.com\/de\/kontakt#primaryimage\"},\"image\":{\"@id\":\"https:\/\/fairfaxcryobank.com\/de\/kontakt#primaryimage\"},\"thumbnailUrl\":\"https:\/\/fairfaxcryobank.com\/wp-content\/uploads\/graphicstock-young-mother-in-home-office-with-computer-and-her-daughter_HRglJOFpbW-smaller.jpg\",\"datePublished\":\"2019-12-18T16:20:17+00:00\",\"dateModified\":\"2024-08-15T19:22:40+00:00\",\"description\":\"Kontaktieren Sie Fairfax Cryobank und lassen Sie sich von unserem freundlichen Kundenservice beraten. Fairfax Cryobank Kontaktinfos, \u00d6ffnungszeiten und mehr.\",\"breadcrumb\":{\"@id\":\"https:\/\/fairfaxcryobank.com\/de\/kontakt#breadcrumb\"},\"inLanguage\":\"de\",\"potentialAction\":[{\"@type\":\"ReadAction\",\"target\":[\"https:\/\/fairfaxcryobank.com\/de\/kontakt\"]}]},{\"@type\":\"ImageObject\",\"inLanguage\":\"de\",\"@id\":\"https:\/\/fairfaxcryobank.com\/de\/kontakt#primaryimage\",\"url\":\"https:\/\/fairfaxcryobank.com\/wp-content\/uploads\/graphicstock-young-mother-in-home-office-with-computer-and-her-daughter_HRglJOFpbW-smaller.jpg\",\"contentUrl\":\"https:\/\/fairfaxcryobank.com\/wp-content\/uploads\/graphicstock-young-mother-in-home-office-with-computer-and-her-daughter_HRglJOFpbW-smaller.jpg\",\"width\":2451,\"height\":1631,\"caption\":\"Fairfax Cryobank Kontakt\"},{\"@type\":\"BreadcrumbList\",\"@id\":\"https:\/\/fairfaxcryobank.com\/de\/kontakt#breadcrumb\",\"itemListElement\":[{\"@type\":\"ListItem\",\"position\":1,\"name\":\"Home\",\"item\":\"https:\/\/fairfaxcryobank.com\/de\"},{\"@type\":\"ListItem\",\"position\":2,\"name\":\"Kontakt\"}]},{\"@type\":\"WebSite\",\"@id\":\"https:\/\/fairfaxcryobank.com\/de#website\",\"url\":\"https:\/\/fairfaxcryobank.com\/de\",\"name\":\"Fairfax Cryobank - Find a Sperm Donor\",\"description\":\"Top-Tier Sperm Bank\",\"publisher\":{\"@id\":\"https:\/\/fairfaxcryobank.com\/de#organization\"},\"potentialAction\":[{\"@type\":\"SearchAction\",\"target\":{\"@type\":\"EntryPoint\",\"urlTemplate\":\"https:\/\/fairfaxcryobank.com\/de?s={search_term_string}\"},\"query-input\":{\"@type\":\"PropertyValueSpecification\",\"valueRequired\":true,\"valueName\":\"search_term_string\"}}],\"inLanguage\":\"de\"},{\"@type\":\"Organization\",\"@id\":\"https:\/\/fairfaxcryobank.com\/de#organization\",\"name\":\"Fairfax Cryobank\",\"url\":\"https:\/\/fairfaxcryobank.com\/de\",\"logo\":{\"@type\":\"ImageObject\",\"inLanguage\":\"de\",\"@id\":\"https:\/\/fairfaxcryobank.com\/de#\/schema\/logo\/image\/\",\"url\":\"https:\/\/fairfaxcryobank.com\/wp-content\/uploads\/logo.webp\",\"contentUrl\":\"https:\/\/fairfaxcryobank.com\/wp-content\/uploads\/logo.webp\",\"width\":1,\"height\":1,\"caption\":\"Fairfax Cryobank\"},\"image\":{\"@id\":\"https:\/\/fairfaxcryobank.com\/de#\/schema\/logo\/image\/\"},\"sameAs\":[\"https:\/\/www.facebook.com\/fairfax.cryobank\",\"https:\/\/x.com\/FairfaxCryobank\",\"https:\/\/www.instagram.com\/fairfaxcryobank\/\",\"https:\/\/www.pinterest.com\/fairfaxcryo\/\"]}]}<\/script>\n<!-- \/ Yoast SEO plugin. -->","yoast_head_json":{"title":"Kontaktieren Sie Fairfax Cryobank | Fairfax Cyrobank Kontakt","description":"Kontaktieren Sie Fairfax Cryobank und lassen Sie sich von unserem freundlichen Kundenservice beraten. Fairfax Cryobank Kontaktinfos, \u00d6ffnungszeiten und mehr.","robots":{"index":"index","follow":"follow","max-snippet":"max-snippet:-1","max-image-preview":"max-image-preview:large","max-video-preview":"max-video-preview:-1"},"canonical":"https:\/\/fairfaxcryobank.com\/de\/kontakt","og_locale":"de_DE","og_type":"article","og_title":"Kontaktieren Sie Fairfax Cryobank | Fairfax Cyrobank Kontakt","og_description":"Kontaktieren Sie Fairfax Cryobank und lassen Sie sich von unserem freundlichen Kundenservice beraten. Fairfax Cryobank Kontaktinfos, \u00d6ffnungszeiten und mehr.","og_url":"https:\/\/fairfaxcryobank.com\/de\/kontakt","og_site_name":"Fairfax Cryobank - Find a Sperm Donor","article_publisher":"https:\/\/www.facebook.com\/fairfax.cryobank","article_modified_time":"2024-08-15T19:22:40+00:00","og_image":[{"width":2451,"height":1631,"url":"https:\/\/fairfaxcryobank.com\/wp-content\/uploads\/graphicstock-young-mother-in-home-office-with-computer-and-her-daughter_HRglJOFpbW-smaller.jpg","type":"image\/jpeg"}],"twitter_card":"summary_large_image","twitter_site":"@FairfaxCryobank","twitter_misc":{"Gesch\u00e4tzte Lesezeit":"2\u00a0Minuten"},"schema":{"@context":"https:\/\/schema.org","@graph":[{"@type":"WebPage","@id":"https:\/\/fairfaxcryobank.com\/de\/kontakt","url":"https:\/\/fairfaxcryobank.com\/de\/kontakt","name":"Kontaktieren Sie Fairfax Cryobank | Fairfax Cyrobank Kontakt","isPartOf":{"@id":"https:\/\/fairfaxcryobank.com\/de#website"},"primaryImageOfPage":{"@id":"https:\/\/fairfaxcryobank.com\/de\/kontakt#primaryimage"},"image":{"@id":"https:\/\/fairfaxcryobank.com\/de\/kontakt#primaryimage"},"thumbnailUrl":"https:\/\/fairfaxcryobank.com\/wp-content\/uploads\/graphicstock-young-mother-in-home-office-with-computer-and-her-daughter_HRglJOFpbW-smaller.jpg","datePublished":"2019-12-18T16:20:17+00:00","dateModified":"2024-08-15T19:22:40+00:00","description":"Kontaktieren Sie Fairfax Cryobank und lassen Sie sich von unserem freundlichen Kundenservice beraten. Fairfax Cryobank Kontaktinfos, \u00d6ffnungszeiten und mehr.","breadcrumb":{"@id":"https:\/\/fairfaxcryobank.com\/de\/kontakt#breadcrumb"},"inLanguage":"de","potentialAction":[{"@type":"ReadAction","target":["https:\/\/fairfaxcryobank.com\/de\/kontakt"]}]},{"@type":"ImageObject","inLanguage":"de","@id":"https:\/\/fairfaxcryobank.com\/de\/kontakt#primaryimage","url":"https:\/\/fairfaxcryobank.com\/wp-content\/uploads\/graphicstock-young-mother-in-home-office-with-computer-and-her-daughter_HRglJOFpbW-smaller.jpg","contentUrl":"https:\/\/fairfaxcryobank.com\/wp-content\/uploads\/graphicstock-young-mother-in-home-office-with-computer-and-her-daughter_HRglJOFpbW-smaller.jpg","width":2451,"height":1631,"caption":"Fairfax Cryobank Kontakt"},{"@type":"BreadcrumbList","@id":"https:\/\/fairfaxcryobank.com\/de\/kontakt#breadcrumb","itemListElement":[{"@type":"ListItem","position":1,"name":"Home","item":"https:\/\/fairfaxcryobank.com\/de"},{"@type":"ListItem","position":2,"name":"Kontakt"}]},{"@type":"WebSite","@id":"https:\/\/fairfaxcryobank.com\/de#website","url":"https:\/\/fairfaxcryobank.com\/de","name":"Fairfax Cryobank - Find a Sperm Donor","description":"Top-Tier Sperm Bank","publisher":{"@id":"https:\/\/fairfaxcryobank.com\/de#organization"},"potentialAction":[{"@type":"SearchAction","target":{"@type":"EntryPoint","urlTemplate":"https:\/\/fairfaxcryobank.com\/de?s={search_term_string}"},"query-input":{"@type":"PropertyValueSpecification","valueRequired":true,"valueName":"search_term_string"}}],"inLanguage":"de"},{"@type":"Organization","@id":"https:\/\/fairfaxcryobank.com\/de#organization","name":"Fairfax Cryobank","url":"https:\/\/fairfaxcryobank.com\/de","logo":{"@type":"ImageObject","inLanguage":"de","@id":"https:\/\/fairfaxcryobank.com\/de#\/schema\/logo\/image\/","url":"https:\/\/fairfaxcryobank.com\/wp-content\/uploads\/logo.webp","contentUrl":"https:\/\/fairfaxcryobank.com\/wp-content\/uploads\/logo.webp","width":1,"height":1,"caption":"Fairfax Cryobank"},"image":{"@id":"https:\/\/fairfaxcryobank.com\/de#\/schema\/logo\/image\/"},"sameAs":["https:\/\/www.facebook.com\/fairfax.cryobank","https:\/\/x.com\/FairfaxCryobank","https:\/\/www.instagram.com\/fairfaxcryobank\/","https:\/\/www.pinterest.com\/fairfaxcryo\/"]}]}},"post_mailing_queue_ids":[],"_links":{"self":[{"href":"https:\/\/fairfaxcryobank.com\/de\/wp-json\/wp\/v2\/pages\/4984","targetHints":{"allow":["GET"]}}],"collection":[{"href":"https:\/\/fairfaxcryobank.com\/de\/wp-json\/wp\/v2\/pages"}],"about":[{"href":"https:\/\/fairfaxcryobank.com\/de\/wp-json\/wp\/v2\/types\/page"}],"author":[{"embeddable":true,"href":"https:\/\/fairfaxcryobank.com\/de\/wp-json\/wp\/v2\/users\/1"}],"replies":[{"embeddable":true,"href":"https:\/\/fairfaxcryobank.com\/de\/wp-json\/wp\/v2\/comments?post=4984"}],"version-history":[{"count":5,"href":"https:\/\/fairfaxcryobank.com\/de\/wp-json\/wp\/v2\/pages\/4984\/revisions"}],"predecessor-version":[{"id":30372,"href":"https:\/\/fairfaxcryobank.com\/de\/wp-json\/wp\/v2\/pages\/4984\/revisions\/30372"}],"wp:featuredmedia":[{"embeddable":true,"href":"https:\/\/fairfaxcryobank.com\/de\/wp-json\/wp\/v2\/media\/11503"}],"wp:attachment":[{"href":"https:\/\/fairfaxcryobank.com\/de\/wp-json\/wp\/v2\/media?parent=4984"}],"curies":[{"name":"wp","href":"https:\/\/api.w.org\/{rel}","templated":true}]}}