{"id":4988,"date":"2019-12-18T16:20:58","date_gmt":"2019-12-18T16:20:58","guid":{"rendered":"https:\/\/fairfaxcryobank.com\/?page_id=4988"},"modified":"2021-01-04T15:35:07","modified_gmt":"2021-01-04T20:35:07","slug":"medien","status":"publish","type":"page","link":"https:\/\/fairfaxcryobank.com\/de\/medien","title":{"rendered":"Medien"},"content":{"rendered":"\n<h2 class=\"wp-block-heading\">Fairfax Cryobank Pressemitteilungen<\/h2>\n\n\n\n<h3 class=\"wp-block-heading\">Presse Archiv<\/h3>\n\n\n\n<ul class=\"wp-block-list\"><li>September 2019 &#8211; <a href=\"https:\/\/www.curvemag.com\/business-profile\/becoming-a-fairfax-cryobank-family\/\">Becoming a Fairfax Cryobank Family<\/a><ul><li>Familiengeschichte einer gleichgeschlechtlichen Fairfax Cryobank-Familie, der Familie Mitryks, im Curve Magazine<\/li><\/ul><\/li><li>Juli 2019 &#8211; <a href=\"https:\/\/www.youtube.com\/watch?v=03ACgz_QbkU&amp;t=83s\">How Did We Get Pregnant?! | Picking Our Donor<\/a><ul><li>Die YouTube-Familie Daisy &amp; Taylor erz\u00e4hlt, wie sie dank Fairfax Cryobank ihre Familie aufbauen konnten <\/li><\/ul><\/li><li>M\u00e4rz 2018 &#8211; <a rel=\"noreferrer noopener\" href=\"\/images\/pdf-files\/Fairfax-Cryobank-Provides-Safe-and-Reliable-Storage-of-Frozen-Embryos-3.18.18.pdf\" target=\"_blank\">Fairfax Cryobank Provides Safe and Reliable Storage of Frozen Embryos<\/a><ul><li>Fairfax Cryobank bietet schon seit \u00fcber 30 Jahren die Langzeitlagerung von reproduktiven Proben an. Kliniken m\u00fcssen daher Proben nicht l\u00e4nger lagern, indem sie sichere und zuverl\u00e4ssige Langzeitlagerungsdienste anbieten.<\/li><\/ul><\/li><li>Juli 2016 &#8211; <a rel=\"noreferrer noopener\" href=\"\/fighting-zika-fairfax-cryobank-offers-new-program-for-olympic-attendees\" target=\"_blank\">Fighting Zika: Fairfax Cryobank Offers New Program for Olympic Attendees<\/a><ul><li>Ein Jahr kostenlose Spermalagerung, um die Verbreitung von Zika bei Partnern und Babys zu verhindern<\/li><\/ul><\/li><li>Februar 2016 &#8211; <a rel=\"noreferrer noopener\" href=\"https:\/\/creatingafamily.org\/infertility-category\/everything-you-want-to-know-about-sperm-donation\/\" target=\"_blank\">Everything You Want to Know About Sperm Donation<\/a><ul><li>Radiointerview von Creating a Family und unserer genetischen Beraterin, Suzanne Seitz, MS und Leiterin des Kundenservices, Cheryl Daubenberger<\/li><\/ul><\/li><li>November 2015 &#8211; <a rel=\"noreferrer noopener\" href=\"https:\/\/www.inquirer.com\/philly\/living\/20151118_The_Parent_Trip__Jadee_and_Eero_Klinger_of_West_Philadelphia.html\" target=\"_blank\">The Parent Trip: Jadee and Eero Klinger of West Philadelphia<\/a><ul><li>Ein Paar teilt seine Erfahrungen mit einem Spender der Fairfax Cryobank<\/li><\/ul><\/li><li>Dezember 2014 &#8211; <a rel=\"noreferrer noopener\" href=\"https:\/\/creatingafamily.org\/infertility-category\/preserving-fertility-diagnosed-cancer\/\" target=\"_blank\">Preserving Your Fertility When Diagnosed with Cancer<\/a><ul><li>Radiointerview von Creating a Family und unserer Betriebsleiterin Dr. Michelle Ottey<\/li><\/ul><\/li><li>Juni 2013 &#8211; <a rel=\"noreferrer noopener\" href=\"\/fairfax-cryobank-s-successful-policy-on-donor-sperm-pregnancy-limits\" target=\"_blank\">Fairfax Cryobank&#8217;s Successful Policy on Donor Sperm Pregnancy Limits<\/a><ul><li>Fairfax Cryobank hat erfolgreich eine strikte Richtlinie zur Begrenzung der Geburten durch die Verwendung von Spendersamen umgesetzt<\/li><\/ul><\/li><li>Juli 2011 &#8211; <a rel=\"noreferrer noopener\" href=\"\/fairfax-facematch-tm-exceeds-10-000-photo-uploads\" target=\"_blank\">Fairfax Cryobank Exceeds 10,000 Photo Uploads With Popular Fairfax FaceMatch\u00ae: Fairfax Cryobank launched Fairfax FaceMatch\u00ae<\/a> <ul><li>Fairfax FaceMatch\u00ae ist ein kostenloses High-Tech-Tool, mit dem Patienten ihren idealen Samenspender finden k\u00f6nnen<\/li><\/ul><\/li><li>Dezember 14, 2010 &#8211; <a rel=\"noreferrer noopener\" href=\"https:\/\/healthland.time.com\/2010\/12\/14\/sale-alert-holiday-savings-on-sperm\/\" target=\"_blank\">Sales Alert! Holiday Savings on Sperm<\/a><\/li><li>August 23, 2010 &#8211; <a rel=\"noreferrer noopener\" href=\"\/fairfax-family-forums\" target=\"_blank\">Fairfax Cryobank Opens Fairfax Family Forums<\/a><\/li><li>August 18, 2010 &#8211; <a href=\"https:\/\/fairfaxcryobank.com\/real-life-couple-parallels-the-kids-are-all-right\">Real Life Couple Parallels &#8218;The Kids are All Right&#8216;<\/a><\/li><li>Mai 5, 2010 &#8211; <a rel=\"noreferrer noopener\" href=\"\/donor-sperm-bank-offer-lifestyle-search-tool\" target=\"_blank\">Donor Sperm Bank Offers &#8218;Lifestyle&#8216; Search Tool<\/a><\/li><li>April 19, 2010 &#8211; <a rel=\"noreferrer noopener\" href=\"\/sperm-bank-offers-first-pregnancy-pledge-tm\" target=\"_blank\">Sperm Bank Offers First Pregnancy Pledge<\/a>\u00ae<\/li><\/ul>\n\n\n\n<h3 class=\"wp-block-heading\">Engagement der Fairfax Cryobank<\/h3>\n\n\n\n<p>J\u00fcngste Presseberichte befassen sich mit der Besorgnis einer Familie, wenn es um den Gesundheitszustand ihres von einem Spender gezeugten Kindes geht. Fairfax Cryobank ist nicht die in diesen Geschichten erw\u00e4hnte Samenbank.<\/p>\n\n\n\n<p>Fairfax Cryobank ist eine Spermabank, die verantwortungsbewusst im Namen von Familien und Samenspendern handelt. Sie bem\u00fcht sich, Spender zu kontaktieren und weitere Informationen zu erhalten, um Familien zu helfen, die medizinische Belange haben, und bietet genetische Beratung an. Wir verf\u00fcgen \u00fcber unser Online &#8222;<a href=\"\/de\/updates-zum-gesundheitsstatus-des-spenders\">Medizinischer Status des Spenders<\/a>\u201d Programm, das rund um die Uhr verf\u00fcgbar ist, wenn Familien Bedenken haben. Dar\u00fcber hinaus verpflichten wir uns, die Identit\u00e4t von Spendern zu sch\u00fctzen, mit denen wir einen Vertrag geschlossen haben, die Anonymit\u00e4t gew\u00e4hrleistet. Wir geben keine Geburtsdaten als Teil unserer Spenderinformationen an.<\/p>\n\n\n\n<p>Kunden unterschreiben ein Nutzungserkl\u00e4rungsschreiben, dass sie die Anonymit\u00e4t der Spender respektieren, wenn sie sich f\u00fcr die Verwendung eines unserer anonymen Spender entscheiden. Um diesen speziellen Bedenken Rechnung zu tragen, haben wir <a href=\"https:\/\/fairfaxcryobank.com\/de\/uber-unsere-spenderkategorien\">Spender ID-Optionen<\/a> ab 2005 verf\u00fcgbar gemacht. Jeden Monat f\u00fcgen wir neue Spender dieser Kategorie hinzu. Kunden, die die M\u00f6glichkeit haben m\u00f6chten, die Spenderidentit\u00e4t zu kennen, k\u00f6nnen diese Spender ausw\u00e4hlen. Die Spender dieser Kategorie haben eindeutig angegeben, dass sie mit der eventuellen Kontaktaufnahme einverstanden sind. <\/p>\n\n\n\n<h4 class=\"wp-block-heading\"><strong>Medienressourcen<\/strong><\/h4>\n\n\n\n<ul class=\"wp-block-list\"><li>American Society of Reproductive Medicine<\/li><li><a href=\"\/de\/uber-fairfax-cryobank\">\u00dcber Fairfax Cryobank<\/a><\/li><li><a href=\"\/de\/unternehmensgeschichte\">Unternehmensgeschichte<\/a><\/li><\/ul>\n\n\n\n<h4 class=\"wp-block-heading\"><strong>Kontakt f\u00fcr Medienanfragen <\/strong><\/h4>\n\n\n\n<p>Alle Presseanfragen richten Sie bitte an:<\/p>\n\n\n\n<p>Morgan Barker<br>+1 703-289-4219<br>mbarker@givf.com <\/p>\n","protected":false},"excerpt":{"rendered":"<p>Fairfax Cryobank Pressemitteilungen Presse Archiv September 2019 &#8211; Becoming a Fairfax Cryobank Family Familiengeschichte einer gleichgeschlechtlichen Fairfax Cryobank-Familie, der Familie Mitryks, im Curve Magazine Juli 2019 &#8211; How Did We Get Pregnant?! | Picking Our Donor Die YouTube-Familie Daisy &amp; Taylor erz\u00e4hlt, wie sie dank Fairfax Cryobank ihre Familie aufbauen &#8230;<\/p>\n","protected":false},"author":1,"featured_media":0,"parent":0,"menu_order":0,"comment_status":"closed","ping_status":"closed","template":"","meta":{"footnotes":""},"class_list":["post-4988","page","type-page","status-publish","hentry"],"yoast_head":"<!-- This site is optimized with the Yoast SEO plugin v27.1.1 - https:\/\/yoast.com\/product\/yoast-seo-wordpress\/ -->\n<title>Medien | Fairfax Cryobank<\/title>\n<meta name=\"description\" content=\"Fairfax Cryobank Pressemitteilungen Archiv\" \/>\n<meta name=\"robots\" content=\"index, follow, max-snippet:-1, max-image-preview:large, max-video-preview:-1\" \/>\n<link rel=\"canonical\" href=\"https:\/\/fairfaxcryobank.com\/de\/medien\" \/>\n<meta property=\"og:locale\" content=\"de_DE\" \/>\n<meta property=\"og:type\" content=\"article\" \/>\n<meta property=\"og:title\" content=\"Medien | Fairfax Cryobank\" \/>\n<meta property=\"og:description\" content=\"Fairfax Cryobank Pressemitteilungen Archiv\" \/>\n<meta property=\"og:url\" content=\"https:\/\/fairfaxcryobank.com\/de\/medien\" \/>\n<meta property=\"og:site_name\" content=\"Fairfax Cryobank - Find a Sperm Donor\" \/>\n<meta property=\"article:publisher\" content=\"https:\/\/www.facebook.com\/fairfax.cryobank\" \/>\n<meta property=\"article:modified_time\" content=\"2021-01-04T20:35:07+00:00\" \/>\n<meta name=\"twitter:card\" content=\"summary_large_image\" \/>\n<meta name=\"twitter:site\" content=\"@FairfaxCryobank\" \/>\n<meta name=\"twitter:label1\" content=\"Gesch\u00e4tzte Lesezeit\" \/>\n\t<meta name=\"twitter:data1\" content=\"3\u00a0Minuten\" \/>\n<script type=\"application\/ld+json\" class=\"yoast-schema-graph\">{\"@context\":\"https:\/\/schema.org\",\"@graph\":[{\"@type\":\"WebPage\",\"@id\":\"https:\/\/fairfaxcryobank.com\/de\/medien\",\"url\":\"https:\/\/fairfaxcryobank.com\/de\/medien\",\"name\":\"Medien | Fairfax Cryobank\",\"isPartOf\":{\"@id\":\"https:\/\/fairfaxcryobank.com\/de#website\"},\"datePublished\":\"2019-12-18T16:20:58+00:00\",\"dateModified\":\"2021-01-04T20:35:07+00:00\",\"description\":\"Fairfax Cryobank Pressemitteilungen Archiv\",\"breadcrumb\":{\"@id\":\"https:\/\/fairfaxcryobank.com\/de\/medien#breadcrumb\"},\"inLanguage\":\"de\",\"potentialAction\":[{\"@type\":\"ReadAction\",\"target\":[\"https:\/\/fairfaxcryobank.com\/de\/medien\"]}]},{\"@type\":\"BreadcrumbList\",\"@id\":\"https:\/\/fairfaxcryobank.com\/de\/medien#breadcrumb\",\"itemListElement\":[{\"@type\":\"ListItem\",\"position\":1,\"name\":\"Home\",\"item\":\"https:\/\/fairfaxcryobank.com\/de\"},{\"@type\":\"ListItem\",\"position\":2,\"name\":\"Medien\"}]},{\"@type\":\"WebSite\",\"@id\":\"https:\/\/fairfaxcryobank.com\/de#website\",\"url\":\"https:\/\/fairfaxcryobank.com\/de\",\"name\":\"Fairfax Cryobank - Find a Sperm Donor\",\"description\":\"Top-Tier Sperm Bank\",\"publisher\":{\"@id\":\"https:\/\/fairfaxcryobank.com\/de#organization\"},\"potentialAction\":[{\"@type\":\"SearchAction\",\"target\":{\"@type\":\"EntryPoint\",\"urlTemplate\":\"https:\/\/fairfaxcryobank.com\/de?s={search_term_string}\"},\"query-input\":{\"@type\":\"PropertyValueSpecification\",\"valueRequired\":true,\"valueName\":\"search_term_string\"}}],\"inLanguage\":\"de\"},{\"@type\":\"Organization\",\"@id\":\"https:\/\/fairfaxcryobank.com\/de#organization\",\"name\":\"Fairfax Cryobank\",\"url\":\"https:\/\/fairfaxcryobank.com\/de\",\"logo\":{\"@type\":\"ImageObject\",\"inLanguage\":\"de\",\"@id\":\"https:\/\/fairfaxcryobank.com\/de#\/schema\/logo\/image\/\",\"url\":\"https:\/\/fairfaxcryobank.com\/wp-content\/uploads\/logo.webp\",\"contentUrl\":\"https:\/\/fairfaxcryobank.com\/wp-content\/uploads\/logo.webp\",\"width\":1,\"height\":1,\"caption\":\"Fairfax Cryobank\"},\"image\":{\"@id\":\"https:\/\/fairfaxcryobank.com\/de#\/schema\/logo\/image\/\"},\"sameAs\":[\"https:\/\/www.facebook.com\/fairfax.cryobank\",\"https:\/\/x.com\/FairfaxCryobank\",\"https:\/\/www.instagram.com\/fairfaxcryobank\/\",\"https:\/\/www.pinterest.com\/fairfaxcryo\/\"]}]}<\/script>\n<!-- \/ Yoast SEO plugin. -->","yoast_head_json":{"title":"Medien | Fairfax Cryobank","description":"Fairfax Cryobank Pressemitteilungen Archiv","robots":{"index":"index","follow":"follow","max-snippet":"max-snippet:-1","max-image-preview":"max-image-preview:large","max-video-preview":"max-video-preview:-1"},"canonical":"https:\/\/fairfaxcryobank.com\/de\/medien","og_locale":"de_DE","og_type":"article","og_title":"Medien | Fairfax Cryobank","og_description":"Fairfax Cryobank Pressemitteilungen Archiv","og_url":"https:\/\/fairfaxcryobank.com\/de\/medien","og_site_name":"Fairfax Cryobank - Find a Sperm Donor","article_publisher":"https:\/\/www.facebook.com\/fairfax.cryobank","article_modified_time":"2021-01-04T20:35:07+00:00","twitter_card":"summary_large_image","twitter_site":"@FairfaxCryobank","twitter_misc":{"Gesch\u00e4tzte Lesezeit":"3\u00a0Minuten"},"schema":{"@context":"https:\/\/schema.org","@graph":[{"@type":"WebPage","@id":"https:\/\/fairfaxcryobank.com\/de\/medien","url":"https:\/\/fairfaxcryobank.com\/de\/medien","name":"Medien | Fairfax Cryobank","isPartOf":{"@id":"https:\/\/fairfaxcryobank.com\/de#website"},"datePublished":"2019-12-18T16:20:58+00:00","dateModified":"2021-01-04T20:35:07+00:00","description":"Fairfax Cryobank Pressemitteilungen Archiv","breadcrumb":{"@id":"https:\/\/fairfaxcryobank.com\/de\/medien#breadcrumb"},"inLanguage":"de","potentialAction":[{"@type":"ReadAction","target":["https:\/\/fairfaxcryobank.com\/de\/medien"]}]},{"@type":"BreadcrumbList","@id":"https:\/\/fairfaxcryobank.com\/de\/medien#breadcrumb","itemListElement":[{"@type":"ListItem","position":1,"name":"Home","item":"https:\/\/fairfaxcryobank.com\/de"},{"@type":"ListItem","position":2,"name":"Medien"}]},{"@type":"WebSite","@id":"https:\/\/fairfaxcryobank.com\/de#website","url":"https:\/\/fairfaxcryobank.com\/de","name":"Fairfax Cryobank - Find a Sperm Donor","description":"Top-Tier Sperm Bank","publisher":{"@id":"https:\/\/fairfaxcryobank.com\/de#organization"},"potentialAction":[{"@type":"SearchAction","target":{"@type":"EntryPoint","urlTemplate":"https:\/\/fairfaxcryobank.com\/de?s={search_term_string}"},"query-input":{"@type":"PropertyValueSpecification","valueRequired":true,"valueName":"search_term_string"}}],"inLanguage":"de"},{"@type":"Organization","@id":"https:\/\/fairfaxcryobank.com\/de#organization","name":"Fairfax Cryobank","url":"https:\/\/fairfaxcryobank.com\/de","logo":{"@type":"ImageObject","inLanguage":"de","@id":"https:\/\/fairfaxcryobank.com\/de#\/schema\/logo\/image\/","url":"https:\/\/fairfaxcryobank.com\/wp-content\/uploads\/logo.webp","contentUrl":"https:\/\/fairfaxcryobank.com\/wp-content\/uploads\/logo.webp","width":1,"height":1,"caption":"Fairfax Cryobank"},"image":{"@id":"https:\/\/fairfaxcryobank.com\/de#\/schema\/logo\/image\/"},"sameAs":["https:\/\/www.facebook.com\/fairfax.cryobank","https:\/\/x.com\/FairfaxCryobank","https:\/\/www.instagram.com\/fairfaxcryobank\/","https:\/\/www.pinterest.com\/fairfaxcryo\/"]}]}},"post_mailing_queue_ids":[],"_links":{"self":[{"href":"https:\/\/fairfaxcryobank.com\/de\/wp-json\/wp\/v2\/pages\/4988","targetHints":{"allow":["GET"]}}],"collection":[{"href":"https:\/\/fairfaxcryobank.com\/de\/wp-json\/wp\/v2\/pages"}],"about":[{"href":"https:\/\/fairfaxcryobank.com\/de\/wp-json\/wp\/v2\/types\/page"}],"author":[{"embeddable":true,"href":"https:\/\/fairfaxcryobank.com\/de\/wp-json\/wp\/v2\/users\/1"}],"replies":[{"embeddable":true,"href":"https:\/\/fairfaxcryobank.com\/de\/wp-json\/wp\/v2\/comments?post=4988"}],"version-history":[{"count":0,"href":"https:\/\/fairfaxcryobank.com\/de\/wp-json\/wp\/v2\/pages\/4988\/revisions"}],"wp:attachment":[{"href":"https:\/\/fairfaxcryobank.com\/de\/wp-json\/wp\/v2\/media?parent=4988"}],"curies":[{"name":"wp","href":"https:\/\/api.w.org\/{rel}","templated":true}]}}