{"id":4992,"date":"2019-12-18T16:21:42","date_gmt":"2019-12-18T16:21:42","guid":{"rendered":"https:\/\/fairfaxcryobank.com\/?page_id=4992"},"modified":"2021-07-29T13:18:09","modified_gmt":"2021-07-29T17:18:09","slug":"halten-sie-fairfax-cryobank-auf-dem-laufenden","status":"publish","type":"page","link":"https:\/\/fairfaxcryobank.com\/de\/halten-sie-fairfax-cryobank-auf-dem-laufenden","title":{"rendered":"Halten Sie Fairfax Cryobank auf dem Laufenden"},"content":{"rendered":"\n<h2 class=\"wp-block-heading\">Vielen Dank, dass Sie sich einen Moment Zeit nehmen, um Fairfax Cryobank immer auf dem Laufenden zu halten, damit Fairfax Cryobank immer aktuelle Infos \u00fcber Sie hat!<\/h2>\n\n\n\n<p>Unsere Schwangerschafts- und Geburtsnachweise sind nur so genau wie das, was uns gemeldet wird. Aufgrund unserer Einschr\u00e4nkungen f\u00fcr Spendergeburten von Samenspendern ist es unbedingt erforderlich, dass Kunden und \u00c4rzte Schwangerschaften und Geburten an uns melden, damit wir feststellen k\u00f6nnen, wann und ob ein Samenspender aufgrund dieser Einschr\u00e4nkungen gestoppt werden sollte. Diese Informationen helfen nicht nur Fairfax Cryobank, sondern auch andere zuk\u00fcnftige Familien und Patienten der Fairfax Cryobank. Danke, dass Sie sich Zeit nehmen, diese Informationen mit uns bei der Fairfax Cryobank zu teilen!<\/p>\n\n\n\n<p>Fairfax Cryobank m\u00f6chte Ihre Erfahrungen, die Sie mit uns gemacht haben, auch mit anderen Kunden teilen, die denselben Prozess durchlaufen &#8211; von der Suche nach dem perfekten Samenspender bis hin zur Bestellung von Spendersamen. Ihr Feedback \u00fcber einen bestimmten Samenspender oder generell mit der Fairfax Cryobank hilft daher auch anderen Kunden und Patienten.<\/p>\n\n\n\n<p>Wir bei der Fairfax Cryobank verstehen auch, wenn Sie lieber anonym bleiben m\u00f6chten. Falls Sie Ihrer pers\u00f6nlichen Geschichte mit Fairfax Cryobank keine pers\u00f6nlichen Informationen und Details hinzuf\u00fcgen m\u00f6chten, ist das kein Problem! Wir freuen uns auf alle<\/p>\n\n\n\n<h3 class=\"wp-block-heading\">Helfen Sie Kunden, Patienten und zuk\u00fcnftigen Fairfax Cryobank Familien!<\/h3>\n\n\n\n<p>Um Fairfax Cryobank zu kontaktieren, um Ihre Schwangerschaft zu melden oder Ihre Erfahrungen mit uns und anderen Kunden und Patienten der Fairfax Cryobank zu teilen, klicken Sie bitte auf die folgenden Links:<\/p>\n\n\n\n<ul class=\"wp-block-list\"><li><a href=\"\/de\/schwangerschaftsbericht\">Melden Sie Ihre Schwangerschaft<\/a><\/li><li><a href=\"\/de\/teilen-sie-ihre-erfolgsgeschichte\">Teilen Sie Ihre Geschichte<\/a><a href=\"\/share-your-story\"><\/a><\/li><\/ul>\n","protected":false},"excerpt":{"rendered":"<p>Vielen Dank, dass Sie sich einen Moment Zeit nehmen, um Fairfax Cryobank immer auf dem Laufenden zu halten, damit Fairfax Cryobank immer aktuelle Infos \u00fcber Sie hat! Unsere Schwangerschafts- und Geburtsnachweise sind nur so genau wie das, was uns gemeldet wird. Aufgrund unserer Einschr\u00e4nkungen f\u00fcr Spendergeburten von Samenspendern ist es &#8230;<\/p>\n","protected":false},"author":1,"featured_media":4995,"parent":0,"menu_order":0,"comment_status":"closed","ping_status":"closed","template":"","meta":{"footnotes":""},"class_list":["post-4992","page","type-page","status-publish","has-post-thumbnail","hentry"],"yoast_head":"<!-- This site is optimized with the Yoast SEO plugin v27.1.1 - https:\/\/yoast.com\/product\/yoast-seo-wordpress\/ -->\n<title>Halten Sie Fairfax Cryobank auf dem Laufenden | Fairfax Cryobank<\/title>\n<meta name=\"description\" content=\"Halten Sie Fairfax Cryobank auf dem Laufenden! Teilen Sie Ihre Erfahrungen, die Sie gemacht haben, auch mit anderen Kunden, die denselben Prozess durchlaufen.\" \/>\n<meta name=\"robots\" content=\"index, follow, max-snippet:-1, max-image-preview:large, max-video-preview:-1\" \/>\n<link rel=\"canonical\" href=\"https:\/\/fairfaxcryobank.com\/de\/halten-sie-fairfax-cryobank-auf-dem-laufenden\" \/>\n<meta property=\"og:locale\" content=\"de_DE\" \/>\n<meta property=\"og:type\" content=\"article\" \/>\n<meta property=\"og:title\" content=\"Halten Sie Fairfax Cryobank auf dem Laufenden | Fairfax Cryobank\" \/>\n<meta property=\"og:description\" content=\"Halten Sie Fairfax Cryobank auf dem Laufenden! Teilen Sie Ihre Erfahrungen, die Sie gemacht haben, auch mit anderen Kunden, die denselben Prozess durchlaufen.\" \/>\n<meta property=\"og:url\" content=\"https:\/\/fairfaxcryobank.com\/de\/halten-sie-fairfax-cryobank-auf-dem-laufenden\" \/>\n<meta property=\"og:site_name\" content=\"Fairfax Cryobank - Find a Sperm Donor\" \/>\n<meta property=\"article:publisher\" content=\"https:\/\/www.facebook.com\/fairfax.cryobank\" \/>\n<meta property=\"article:modified_time\" content=\"2021-07-29T17:18:09+00:00\" \/>\n<meta property=\"og:image\" content=\"https:\/\/fairfaxcryobank.com\/wp-content\/uploads\/storyblocks-young-asian-woman-talking-on-a-mobile-phone-and-working-on-laptop-while-her-little-daughter-playing-on-a-floor-at-home_B0Bxy6Tc--1024x683.jpg\" \/>\n\t<meta property=\"og:image:width\" content=\"1024\" \/>\n\t<meta property=\"og:image:height\" content=\"683\" \/>\n\t<meta property=\"og:image:type\" content=\"image\/jpeg\" \/>\n<meta name=\"twitter:card\" content=\"summary_large_image\" \/>\n<meta name=\"twitter:site\" content=\"@FairfaxCryobank\" \/>\n<meta name=\"twitter:label1\" content=\"Gesch\u00e4tzte Lesezeit\" \/>\n\t<meta name=\"twitter:data1\" content=\"1\u00a0Minute\" \/>\n<script type=\"application\/ld+json\" class=\"yoast-schema-graph\">{\"@context\":\"https:\/\/schema.org\",\"@graph\":[{\"@type\":\"WebPage\",\"@id\":\"https:\/\/fairfaxcryobank.com\/de\/halten-sie-fairfax-cryobank-auf-dem-laufenden\",\"url\":\"https:\/\/fairfaxcryobank.com\/de\/halten-sie-fairfax-cryobank-auf-dem-laufenden\",\"name\":\"Halten Sie Fairfax Cryobank auf dem Laufenden | Fairfax Cryobank\",\"isPartOf\":{\"@id\":\"https:\/\/fairfaxcryobank.com\/de#website\"},\"primaryImageOfPage\":{\"@id\":\"https:\/\/fairfaxcryobank.com\/de\/halten-sie-fairfax-cryobank-auf-dem-laufenden#primaryimage\"},\"image\":{\"@id\":\"https:\/\/fairfaxcryobank.com\/de\/halten-sie-fairfax-cryobank-auf-dem-laufenden#primaryimage\"},\"thumbnailUrl\":\"https:\/\/fairfaxcryobank.com\/wp-content\/uploads\/storyblocks-young-asian-woman-talking-on-a-mobile-phone-and-working-on-laptop-while-her-little-daughter-playing-on-a-floor-at-home_B0Bxy6Tc-.jpg\",\"datePublished\":\"2019-12-18T16:21:42+00:00\",\"dateModified\":\"2021-07-29T17:18:09+00:00\",\"description\":\"Halten Sie Fairfax Cryobank auf dem Laufenden! Teilen Sie Ihre Erfahrungen, die Sie gemacht haben, auch mit anderen Kunden, die denselben Prozess durchlaufen.\",\"breadcrumb\":{\"@id\":\"https:\/\/fairfaxcryobank.com\/de\/halten-sie-fairfax-cryobank-auf-dem-laufenden#breadcrumb\"},\"inLanguage\":\"de\",\"potentialAction\":[{\"@type\":\"ReadAction\",\"target\":[\"https:\/\/fairfaxcryobank.com\/de\/halten-sie-fairfax-cryobank-auf-dem-laufenden\"]}]},{\"@type\":\"ImageObject\",\"inLanguage\":\"de\",\"@id\":\"https:\/\/fairfaxcryobank.com\/de\/halten-sie-fairfax-cryobank-auf-dem-laufenden#primaryimage\",\"url\":\"https:\/\/fairfaxcryobank.com\/wp-content\/uploads\/storyblocks-young-asian-woman-talking-on-a-mobile-phone-and-working-on-laptop-while-her-little-daughter-playing-on-a-floor-at-home_B0Bxy6Tc-.jpg\",\"contentUrl\":\"https:\/\/fairfaxcryobank.com\/wp-content\/uploads\/storyblocks-young-asian-woman-talking-on-a-mobile-phone-and-working-on-laptop-while-her-little-daughter-playing-on-a-floor-at-home_B0Bxy6Tc-.jpg\",\"width\":5760,\"height\":3840,\"caption\":\"Halten Sie Fairfax Cryobank auf dem Laufenden\"},{\"@type\":\"BreadcrumbList\",\"@id\":\"https:\/\/fairfaxcryobank.com\/de\/halten-sie-fairfax-cryobank-auf-dem-laufenden#breadcrumb\",\"itemListElement\":[{\"@type\":\"ListItem\",\"position\":1,\"name\":\"Home\",\"item\":\"https:\/\/fairfaxcryobank.com\/de\"},{\"@type\":\"ListItem\",\"position\":2,\"name\":\"Halten Sie Fairfax Cryobank auf dem Laufenden\"}]},{\"@type\":\"WebSite\",\"@id\":\"https:\/\/fairfaxcryobank.com\/de#website\",\"url\":\"https:\/\/fairfaxcryobank.com\/de\",\"name\":\"Fairfax Cryobank - Find a Sperm Donor\",\"description\":\"Top-Tier Sperm Bank\",\"publisher\":{\"@id\":\"https:\/\/fairfaxcryobank.com\/de#organization\"},\"potentialAction\":[{\"@type\":\"SearchAction\",\"target\":{\"@type\":\"EntryPoint\",\"urlTemplate\":\"https:\/\/fairfaxcryobank.com\/de?s={search_term_string}\"},\"query-input\":{\"@type\":\"PropertyValueSpecification\",\"valueRequired\":true,\"valueName\":\"search_term_string\"}}],\"inLanguage\":\"de\"},{\"@type\":\"Organization\",\"@id\":\"https:\/\/fairfaxcryobank.com\/de#organization\",\"name\":\"Fairfax Cryobank\",\"url\":\"https:\/\/fairfaxcryobank.com\/de\",\"logo\":{\"@type\":\"ImageObject\",\"inLanguage\":\"de\",\"@id\":\"https:\/\/fairfaxcryobank.com\/de#\/schema\/logo\/image\/\",\"url\":\"https:\/\/fairfaxcryobank.com\/wp-content\/uploads\/logo.webp\",\"contentUrl\":\"https:\/\/fairfaxcryobank.com\/wp-content\/uploads\/logo.webp\",\"width\":1,\"height\":1,\"caption\":\"Fairfax Cryobank\"},\"image\":{\"@id\":\"https:\/\/fairfaxcryobank.com\/de#\/schema\/logo\/image\/\"},\"sameAs\":[\"https:\/\/www.facebook.com\/fairfax.cryobank\",\"https:\/\/x.com\/FairfaxCryobank\",\"https:\/\/www.instagram.com\/fairfaxcryobank\/\",\"https:\/\/www.pinterest.com\/fairfaxcryo\/\"]}]}<\/script>\n<!-- \/ Yoast SEO plugin. -->","yoast_head_json":{"title":"Halten Sie Fairfax Cryobank auf dem Laufenden | Fairfax Cryobank","description":"Halten Sie Fairfax Cryobank auf dem Laufenden! Teilen Sie Ihre Erfahrungen, die Sie gemacht haben, auch mit anderen Kunden, die denselben Prozess durchlaufen.","robots":{"index":"index","follow":"follow","max-snippet":"max-snippet:-1","max-image-preview":"max-image-preview:large","max-video-preview":"max-video-preview:-1"},"canonical":"https:\/\/fairfaxcryobank.com\/de\/halten-sie-fairfax-cryobank-auf-dem-laufenden","og_locale":"de_DE","og_type":"article","og_title":"Halten Sie Fairfax Cryobank auf dem Laufenden | Fairfax Cryobank","og_description":"Halten Sie Fairfax Cryobank auf dem Laufenden! Teilen Sie Ihre Erfahrungen, die Sie gemacht haben, auch mit anderen Kunden, die denselben Prozess durchlaufen.","og_url":"https:\/\/fairfaxcryobank.com\/de\/halten-sie-fairfax-cryobank-auf-dem-laufenden","og_site_name":"Fairfax Cryobank - Find a Sperm Donor","article_publisher":"https:\/\/www.facebook.com\/fairfax.cryobank","article_modified_time":"2021-07-29T17:18:09+00:00","og_image":[{"width":1024,"height":683,"url":"https:\/\/fairfaxcryobank.com\/wp-content\/uploads\/storyblocks-young-asian-woman-talking-on-a-mobile-phone-and-working-on-laptop-while-her-little-daughter-playing-on-a-floor-at-home_B0Bxy6Tc--1024x683.jpg","type":"image\/jpeg"}],"twitter_card":"summary_large_image","twitter_site":"@FairfaxCryobank","twitter_misc":{"Gesch\u00e4tzte Lesezeit":"1\u00a0Minute"},"schema":{"@context":"https:\/\/schema.org","@graph":[{"@type":"WebPage","@id":"https:\/\/fairfaxcryobank.com\/de\/halten-sie-fairfax-cryobank-auf-dem-laufenden","url":"https:\/\/fairfaxcryobank.com\/de\/halten-sie-fairfax-cryobank-auf-dem-laufenden","name":"Halten Sie Fairfax Cryobank auf dem Laufenden | Fairfax Cryobank","isPartOf":{"@id":"https:\/\/fairfaxcryobank.com\/de#website"},"primaryImageOfPage":{"@id":"https:\/\/fairfaxcryobank.com\/de\/halten-sie-fairfax-cryobank-auf-dem-laufenden#primaryimage"},"image":{"@id":"https:\/\/fairfaxcryobank.com\/de\/halten-sie-fairfax-cryobank-auf-dem-laufenden#primaryimage"},"thumbnailUrl":"https:\/\/fairfaxcryobank.com\/wp-content\/uploads\/storyblocks-young-asian-woman-talking-on-a-mobile-phone-and-working-on-laptop-while-her-little-daughter-playing-on-a-floor-at-home_B0Bxy6Tc-.jpg","datePublished":"2019-12-18T16:21:42+00:00","dateModified":"2021-07-29T17:18:09+00:00","description":"Halten Sie Fairfax Cryobank auf dem Laufenden! Teilen Sie Ihre Erfahrungen, die Sie gemacht haben, auch mit anderen Kunden, die denselben Prozess durchlaufen.","breadcrumb":{"@id":"https:\/\/fairfaxcryobank.com\/de\/halten-sie-fairfax-cryobank-auf-dem-laufenden#breadcrumb"},"inLanguage":"de","potentialAction":[{"@type":"ReadAction","target":["https:\/\/fairfaxcryobank.com\/de\/halten-sie-fairfax-cryobank-auf-dem-laufenden"]}]},{"@type":"ImageObject","inLanguage":"de","@id":"https:\/\/fairfaxcryobank.com\/de\/halten-sie-fairfax-cryobank-auf-dem-laufenden#primaryimage","url":"https:\/\/fairfaxcryobank.com\/wp-content\/uploads\/storyblocks-young-asian-woman-talking-on-a-mobile-phone-and-working-on-laptop-while-her-little-daughter-playing-on-a-floor-at-home_B0Bxy6Tc-.jpg","contentUrl":"https:\/\/fairfaxcryobank.com\/wp-content\/uploads\/storyblocks-young-asian-woman-talking-on-a-mobile-phone-and-working-on-laptop-while-her-little-daughter-playing-on-a-floor-at-home_B0Bxy6Tc-.jpg","width":5760,"height":3840,"caption":"Halten Sie Fairfax Cryobank auf dem Laufenden"},{"@type":"BreadcrumbList","@id":"https:\/\/fairfaxcryobank.com\/de\/halten-sie-fairfax-cryobank-auf-dem-laufenden#breadcrumb","itemListElement":[{"@type":"ListItem","position":1,"name":"Home","item":"https:\/\/fairfaxcryobank.com\/de"},{"@type":"ListItem","position":2,"name":"Halten Sie Fairfax Cryobank auf dem Laufenden"}]},{"@type":"WebSite","@id":"https:\/\/fairfaxcryobank.com\/de#website","url":"https:\/\/fairfaxcryobank.com\/de","name":"Fairfax Cryobank - Find a Sperm Donor","description":"Top-Tier Sperm Bank","publisher":{"@id":"https:\/\/fairfaxcryobank.com\/de#organization"},"potentialAction":[{"@type":"SearchAction","target":{"@type":"EntryPoint","urlTemplate":"https:\/\/fairfaxcryobank.com\/de?s={search_term_string}"},"query-input":{"@type":"PropertyValueSpecification","valueRequired":true,"valueName":"search_term_string"}}],"inLanguage":"de"},{"@type":"Organization","@id":"https:\/\/fairfaxcryobank.com\/de#organization","name":"Fairfax Cryobank","url":"https:\/\/fairfaxcryobank.com\/de","logo":{"@type":"ImageObject","inLanguage":"de","@id":"https:\/\/fairfaxcryobank.com\/de#\/schema\/logo\/image\/","url":"https:\/\/fairfaxcryobank.com\/wp-content\/uploads\/logo.webp","contentUrl":"https:\/\/fairfaxcryobank.com\/wp-content\/uploads\/logo.webp","width":1,"height":1,"caption":"Fairfax Cryobank"},"image":{"@id":"https:\/\/fairfaxcryobank.com\/de#\/schema\/logo\/image\/"},"sameAs":["https:\/\/www.facebook.com\/fairfax.cryobank","https:\/\/x.com\/FairfaxCryobank","https:\/\/www.instagram.com\/fairfaxcryobank\/","https:\/\/www.pinterest.com\/fairfaxcryo\/"]}]}},"post_mailing_queue_ids":[],"_links":{"self":[{"href":"https:\/\/fairfaxcryobank.com\/de\/wp-json\/wp\/v2\/pages\/4992","targetHints":{"allow":["GET"]}}],"collection":[{"href":"https:\/\/fairfaxcryobank.com\/de\/wp-json\/wp\/v2\/pages"}],"about":[{"href":"https:\/\/fairfaxcryobank.com\/de\/wp-json\/wp\/v2\/types\/page"}],"author":[{"embeddable":true,"href":"https:\/\/fairfaxcryobank.com\/de\/wp-json\/wp\/v2\/users\/1"}],"replies":[{"embeddable":true,"href":"https:\/\/fairfaxcryobank.com\/de\/wp-json\/wp\/v2\/comments?post=4992"}],"version-history":[{"count":1,"href":"https:\/\/fairfaxcryobank.com\/de\/wp-json\/wp\/v2\/pages\/4992\/revisions"}],"predecessor-version":[{"id":17923,"href":"https:\/\/fairfaxcryobank.com\/de\/wp-json\/wp\/v2\/pages\/4992\/revisions\/17923"}],"wp:featuredmedia":[{"embeddable":true,"href":"https:\/\/fairfaxcryobank.com\/de\/wp-json\/wp\/v2\/media\/4995"}],"wp:attachment":[{"href":"https:\/\/fairfaxcryobank.com\/de\/wp-json\/wp\/v2\/media?parent=4992"}],"curies":[{"name":"wp","href":"https:\/\/api.w.org\/{rel}","templated":true}]}}