{"id":4999,"date":"2019-12-18T16:22:31","date_gmt":"2019-12-18T16:22:31","guid":{"rendered":"https:\/\/fairfaxcryobank.com\/?page_id=4999"},"modified":"2020-06-26T12:02:04","modified_gmt":"2020-06-26T16:02:04","slug":"teilen-sie-ihre-erfolgsgeschichte","status":"publish","type":"page","link":"https:\/\/fairfaxcryobank.com\/de\/teilen-sie-ihre-erfolgsgeschichte","title":{"rendered":"Teilen Sie Ihre Erfolgsgeschichte"},"content":{"rendered":"\n<h2 class=\"wp-block-heading\">Helfen Sie zuk\u00fcnftigen Fairfax-Familien!<\/h2>\n\n\n\n<p>Die Mitarbeiter der Fairfax Cryobank setzen sich vollkommen daf\u00fcr ein, gesunde, gl\u00fcckliche Familien zu schaffen und w\u00fcrden gerne Ihre Geschichte und eigene Erfahrungen h\u00f6ren. Haben Sie Erfahrungen gemacht, die Sie teilen m\u00f6chten? Lassen Sie uns wissen, wie die Fairfax Cryobank Ihr Leben ver\u00e4ndert hat!<\/p>\n\n\n\n<!--[if lte IE 8]>\n<script charset=\"utf-8\" type=\"text\/javascript\" src=\"\/\/js.hsforms.net\/forms\/v2-legacy.js\"><\/script>\n<![endif]-->\n<script charset=\"utf-8\" type=\"text\/javascript\" src=\"\/\/js.hsforms.net\/forms\/v2.js\"><\/script>\n<script>\n  hbspt.forms.create({\n\tportalId: \"245497\",\n\tformId: \"8edd371d-5068-4bbf-936a-89bec4c6904c\"\n});\n<\/script>\n\n\n\n<p class=\"has-text-align-center\">Haben Sie Fragen oder Anmerkungen bez\u00fcglich Ihres eingereichten Erfahrungsberichtes?<\/p>\n\n\n\n<div class=\"wp-block-button aligncenter\"><a class=\"wp-block-button__link has-text-color has-background\" href=\"mailto:testimonials@fairfaxcryobank.com\" style=\"background-color:#ea6950;color:#ffffff\">SCHICKEN SIE EINE E-MAIL AN UNSER TEAM!<\/a><\/div>\n","protected":false},"excerpt":{"rendered":"<p>Helfen Sie zuk\u00fcnftigen Fairfax-Familien! Die Mitarbeiter der Fairfax Cryobank setzen sich vollkommen daf\u00fcr ein, gesunde, gl\u00fcckliche Familien zu schaffen und w\u00fcrden gerne Ihre Geschichte und eigene Erfahrungen h\u00f6ren. Haben Sie Erfahrungen gemacht, die Sie teilen m\u00f6chten? Lassen Sie uns wissen, wie die Fairfax Cryobank Ihr Leben ver\u00e4ndert hat! Haben Sie &#8230;<\/p>\n","protected":false},"author":1,"featured_media":0,"parent":0,"menu_order":0,"comment_status":"closed","ping_status":"closed","template":"","meta":{"footnotes":""},"class_list":["post-4999","page","type-page","status-publish","hentry"],"yoast_head":"<!-- This site is optimized with the Yoast SEO plugin v27.1.1 - https:\/\/yoast.com\/product\/yoast-seo-wordpress\/ -->\n<title>Teilen Sie Ihre Erfolgsgeschichte | Fairfax Cryobank<\/title>\n<meta name=\"description\" content=\"Helfen Sie zuk\u00fcnftigen Eltern mit Ihren eigenen Erfahrungen \u2013 ganz einfach mit einer Bewertung \u00fcber Fairfax Cryobank!\" \/>\n<meta name=\"robots\" content=\"index, follow, max-snippet:-1, max-image-preview:large, max-video-preview:-1\" \/>\n<link rel=\"canonical\" href=\"https:\/\/fairfaxcryobank.com\/de\/teilen-sie-ihre-erfolgsgeschichte\" \/>\n<meta property=\"og:locale\" content=\"de_DE\" \/>\n<meta property=\"og:type\" content=\"article\" \/>\n<meta property=\"og:title\" content=\"Teilen Sie Ihre Erfolgsgeschichte | Fairfax Cryobank\" \/>\n<meta property=\"og:description\" content=\"Helfen Sie zuk\u00fcnftigen Eltern mit Ihren eigenen Erfahrungen \u2013 ganz einfach mit einer Bewertung \u00fcber Fairfax Cryobank!\" \/>\n<meta property=\"og:url\" content=\"https:\/\/fairfaxcryobank.com\/de\/teilen-sie-ihre-erfolgsgeschichte\" \/>\n<meta property=\"og:site_name\" content=\"Fairfax Cryobank - Find a Sperm Donor\" \/>\n<meta property=\"article:publisher\" content=\"https:\/\/www.facebook.com\/fairfax.cryobank\" \/>\n<meta property=\"article:modified_time\" content=\"2020-06-26T16:02:04+00:00\" \/>\n<meta name=\"twitter:card\" content=\"summary_large_image\" \/>\n<meta name=\"twitter:site\" content=\"@FairfaxCryobank\" \/>\n<script type=\"application\/ld+json\" class=\"yoast-schema-graph\">{\"@context\":\"https:\/\/schema.org\",\"@graph\":[{\"@type\":\"WebPage\",\"@id\":\"https:\/\/fairfaxcryobank.com\/de\/teilen-sie-ihre-erfolgsgeschichte\",\"url\":\"https:\/\/fairfaxcryobank.com\/de\/teilen-sie-ihre-erfolgsgeschichte\",\"name\":\"Teilen Sie Ihre Erfolgsgeschichte | Fairfax Cryobank\",\"isPartOf\":{\"@id\":\"https:\/\/fairfaxcryobank.com\/de#website\"},\"datePublished\":\"2019-12-18T16:22:31+00:00\",\"dateModified\":\"2020-06-26T16:02:04+00:00\",\"description\":\"Helfen Sie zuk\u00fcnftigen Eltern mit Ihren eigenen Erfahrungen \u2013 ganz einfach mit einer Bewertung \u00fcber Fairfax Cryobank!\",\"breadcrumb\":{\"@id\":\"https:\/\/fairfaxcryobank.com\/de\/teilen-sie-ihre-erfolgsgeschichte#breadcrumb\"},\"inLanguage\":\"de\",\"potentialAction\":[{\"@type\":\"ReadAction\",\"target\":[\"https:\/\/fairfaxcryobank.com\/de\/teilen-sie-ihre-erfolgsgeschichte\"]}]},{\"@type\":\"BreadcrumbList\",\"@id\":\"https:\/\/fairfaxcryobank.com\/de\/teilen-sie-ihre-erfolgsgeschichte#breadcrumb\",\"itemListElement\":[{\"@type\":\"ListItem\",\"position\":1,\"name\":\"Home\",\"item\":\"https:\/\/fairfaxcryobank.com\/de\"},{\"@type\":\"ListItem\",\"position\":2,\"name\":\"Teilen Sie Ihre Erfolgsgeschichte\"}]},{\"@type\":\"WebSite\",\"@id\":\"https:\/\/fairfaxcryobank.com\/de#website\",\"url\":\"https:\/\/fairfaxcryobank.com\/de\",\"name\":\"Fairfax Cryobank - Find a Sperm Donor\",\"description\":\"Top-Tier Sperm Bank\",\"publisher\":{\"@id\":\"https:\/\/fairfaxcryobank.com\/de#organization\"},\"potentialAction\":[{\"@type\":\"SearchAction\",\"target\":{\"@type\":\"EntryPoint\",\"urlTemplate\":\"https:\/\/fairfaxcryobank.com\/de?s={search_term_string}\"},\"query-input\":{\"@type\":\"PropertyValueSpecification\",\"valueRequired\":true,\"valueName\":\"search_term_string\"}}],\"inLanguage\":\"de\"},{\"@type\":\"Organization\",\"@id\":\"https:\/\/fairfaxcryobank.com\/de#organization\",\"name\":\"Fairfax Cryobank\",\"url\":\"https:\/\/fairfaxcryobank.com\/de\",\"logo\":{\"@type\":\"ImageObject\",\"inLanguage\":\"de\",\"@id\":\"https:\/\/fairfaxcryobank.com\/de#\/schema\/logo\/image\/\",\"url\":\"https:\/\/fairfaxcryobank.com\/wp-content\/uploads\/logo.webp\",\"contentUrl\":\"https:\/\/fairfaxcryobank.com\/wp-content\/uploads\/logo.webp\",\"width\":1,\"height\":1,\"caption\":\"Fairfax Cryobank\"},\"image\":{\"@id\":\"https:\/\/fairfaxcryobank.com\/de#\/schema\/logo\/image\/\"},\"sameAs\":[\"https:\/\/www.facebook.com\/fairfax.cryobank\",\"https:\/\/x.com\/FairfaxCryobank\",\"https:\/\/www.instagram.com\/fairfaxcryobank\/\",\"https:\/\/www.pinterest.com\/fairfaxcryo\/\"]}]}<\/script>\n<!-- \/ Yoast SEO plugin. -->","yoast_head_json":{"title":"Teilen Sie Ihre Erfolgsgeschichte | Fairfax Cryobank","description":"Helfen Sie zuk\u00fcnftigen Eltern mit Ihren eigenen Erfahrungen \u2013 ganz einfach mit einer Bewertung \u00fcber Fairfax Cryobank!","robots":{"index":"index","follow":"follow","max-snippet":"max-snippet:-1","max-image-preview":"max-image-preview:large","max-video-preview":"max-video-preview:-1"},"canonical":"https:\/\/fairfaxcryobank.com\/de\/teilen-sie-ihre-erfolgsgeschichte","og_locale":"de_DE","og_type":"article","og_title":"Teilen Sie Ihre Erfolgsgeschichte | Fairfax Cryobank","og_description":"Helfen Sie zuk\u00fcnftigen Eltern mit Ihren eigenen Erfahrungen \u2013 ganz einfach mit einer Bewertung \u00fcber Fairfax Cryobank!","og_url":"https:\/\/fairfaxcryobank.com\/de\/teilen-sie-ihre-erfolgsgeschichte","og_site_name":"Fairfax Cryobank - Find a Sperm Donor","article_publisher":"https:\/\/www.facebook.com\/fairfax.cryobank","article_modified_time":"2020-06-26T16:02:04+00:00","twitter_card":"summary_large_image","twitter_site":"@FairfaxCryobank","schema":{"@context":"https:\/\/schema.org","@graph":[{"@type":"WebPage","@id":"https:\/\/fairfaxcryobank.com\/de\/teilen-sie-ihre-erfolgsgeschichte","url":"https:\/\/fairfaxcryobank.com\/de\/teilen-sie-ihre-erfolgsgeschichte","name":"Teilen Sie Ihre Erfolgsgeschichte | Fairfax Cryobank","isPartOf":{"@id":"https:\/\/fairfaxcryobank.com\/de#website"},"datePublished":"2019-12-18T16:22:31+00:00","dateModified":"2020-06-26T16:02:04+00:00","description":"Helfen Sie zuk\u00fcnftigen Eltern mit Ihren eigenen Erfahrungen \u2013 ganz einfach mit einer Bewertung \u00fcber Fairfax Cryobank!","breadcrumb":{"@id":"https:\/\/fairfaxcryobank.com\/de\/teilen-sie-ihre-erfolgsgeschichte#breadcrumb"},"inLanguage":"de","potentialAction":[{"@type":"ReadAction","target":["https:\/\/fairfaxcryobank.com\/de\/teilen-sie-ihre-erfolgsgeschichte"]}]},{"@type":"BreadcrumbList","@id":"https:\/\/fairfaxcryobank.com\/de\/teilen-sie-ihre-erfolgsgeschichte#breadcrumb","itemListElement":[{"@type":"ListItem","position":1,"name":"Home","item":"https:\/\/fairfaxcryobank.com\/de"},{"@type":"ListItem","position":2,"name":"Teilen Sie Ihre Erfolgsgeschichte"}]},{"@type":"WebSite","@id":"https:\/\/fairfaxcryobank.com\/de#website","url":"https:\/\/fairfaxcryobank.com\/de","name":"Fairfax Cryobank - Find a Sperm Donor","description":"Top-Tier Sperm Bank","publisher":{"@id":"https:\/\/fairfaxcryobank.com\/de#organization"},"potentialAction":[{"@type":"SearchAction","target":{"@type":"EntryPoint","urlTemplate":"https:\/\/fairfaxcryobank.com\/de?s={search_term_string}"},"query-input":{"@type":"PropertyValueSpecification","valueRequired":true,"valueName":"search_term_string"}}],"inLanguage":"de"},{"@type":"Organization","@id":"https:\/\/fairfaxcryobank.com\/de#organization","name":"Fairfax Cryobank","url":"https:\/\/fairfaxcryobank.com\/de","logo":{"@type":"ImageObject","inLanguage":"de","@id":"https:\/\/fairfaxcryobank.com\/de#\/schema\/logo\/image\/","url":"https:\/\/fairfaxcryobank.com\/wp-content\/uploads\/logo.webp","contentUrl":"https:\/\/fairfaxcryobank.com\/wp-content\/uploads\/logo.webp","width":1,"height":1,"caption":"Fairfax Cryobank"},"image":{"@id":"https:\/\/fairfaxcryobank.com\/de#\/schema\/logo\/image\/"},"sameAs":["https:\/\/www.facebook.com\/fairfax.cryobank","https:\/\/x.com\/FairfaxCryobank","https:\/\/www.instagram.com\/fairfaxcryobank\/","https:\/\/www.pinterest.com\/fairfaxcryo\/"]}]}},"post_mailing_queue_ids":[],"_links":{"self":[{"href":"https:\/\/fairfaxcryobank.com\/de\/wp-json\/wp\/v2\/pages\/4999","targetHints":{"allow":["GET"]}}],"collection":[{"href":"https:\/\/fairfaxcryobank.com\/de\/wp-json\/wp\/v2\/pages"}],"about":[{"href":"https:\/\/fairfaxcryobank.com\/de\/wp-json\/wp\/v2\/types\/page"}],"author":[{"embeddable":true,"href":"https:\/\/fairfaxcryobank.com\/de\/wp-json\/wp\/v2\/users\/1"}],"replies":[{"embeddable":true,"href":"https:\/\/fairfaxcryobank.com\/de\/wp-json\/wp\/v2\/comments?post=4999"}],"version-history":[{"count":0,"href":"https:\/\/fairfaxcryobank.com\/de\/wp-json\/wp\/v2\/pages\/4999\/revisions"}],"wp:attachment":[{"href":"https:\/\/fairfaxcryobank.com\/de\/wp-json\/wp\/v2\/media?parent=4999"}],"curies":[{"name":"wp","href":"https:\/\/api.w.org\/{rel}","templated":true}]}}