{"id":6079,"date":"2015-05-18T13:56:57","date_gmt":"2015-05-18T13:56:57","guid":{"rendered":"https:\/\/fairfaxcryobank.com\/waitlist-faqs\/"},"modified":"2020-03-05T17:02:26","modified_gmt":"2020-03-05T17:02:26","slug":"warteliste","status":"publish","type":"page","link":"https:\/\/fairfaxcryobank.com\/de\/warteliste","title":{"rendered":"H\u00e4ufig gestellte Fragen zur Warteliste"},"content":{"rendered":"\t<ul class=\"faqs\" >\n\t\t\t<li class=\"faq\" id=\"faq-block_5d0d21842ae3c\">\n\t\t\t<div class=\"-question\">Was ist eine Warteliste?<\/div>\n\t\t\t<div class=\"-answer\"><p>Wartelisten werden erstellt, wenn ein bestimmter Spender derzeit in keiner Zubereitungskategorie eine Dosis zur Verf\u00fcgung hat. Wenn der Spender mehr Einheiten aus der Quarant\u00e4ne enthebt, wenden wir uns an so viele Patienten, wie die Entbindung zu diesem Zeitpunkt zul\u00e4sst. Wir stellen unseren Patienten Wartelisten zur Verf\u00fcgung, damit sie uns nicht st\u00e4ndig anrufen m\u00fcssen, um die Verf\u00fcgbarkeit eines bestimmten Spenders zu \u00fcberpr\u00fcfen.<\/p>\n<\/div>\n\t\t<\/li>\n\t\t\t<li class=\"faq\" id=\"faq-block_5d0d21842ae3c\">\n\t\t\t<div class=\"-question\">Was bedeutet der Begriff &#8222;Quarant\u00e4ne&#8220;?<\/div>\n\t\t\t<div class=\"-answer\"><p>Im Rahmen des Screenings testen wir jeden Spender auf infekti\u00f6se und genetisch bedingte Krankheiten. Der Spender wird nur dann in unser Programm aufgenommen, wenn alle erforderlichen Tests auf Infektions- und Erbkrankheiten zu negativen Ergebnissen f\u00fchren. Nach sechs Monaten entnehmen wir dem Spender das Blut, um den Spender erneut auf Infektionskrankheiten zu untersuchen. Zu diesem Zeitpunkt geben wir alle Proben frei, die sechs Monate vor der Blutentnahme in unserer Einrichtung zur\u00fcckgeblieben sind. Die Spender m\u00fcssen die Tests auf HIV-1, HIV-2, HTLV-I und II, Hepatitis B-Oberfl\u00e4chenantigen, Hepatitis C, Syphilis, CMV, Neisseria Gonorrhea und Chlamydia Trachomati bestehen.<\/p>\n<\/div>\n\t\t<\/li>\n\t\t\t<li class=\"faq\" id=\"faq-block_5d0d21842ae3c\">\n\t\t\t<div class=\"-question\">Wie kann ich meinen Namen auf eine Warteliste setzen lassen?<\/div>\n\t\t\t<div class=\"-answer\"><p>Rufen Sie bitte unsere <a href=\"https:\/\/https:\/\/fairfaxcryobank.com\/de\/kontakt\">Kundendienstabteilung<\/a> an (0800 333 4211), damit Ihre Namen zu einer Warteliste hinzugef\u00fcgt werden. Wir erlauben bis zu 10 Namen pro Spenderwarteliste. Der Kundenservice bittet Sie, uns Ihren Namen und die beste Telefonnummer zur Verf\u00fcgung zu stellen, um Sie zu erreichen, zusammen mit der Art der Pr\u00e4paration (IUI vorgewaschen, ICI ungewaschen oder IVF), die Sie bevorzugen.<\/p>\n<\/div>\n\t\t<\/li>\n\t\t\t<li class=\"faq\" id=\"faq-block_5d0d21842ae3c\">\n\t\t\t<div class=\"-question\">Wann bekomme ich die ersten Einheiten ab dem Zeitpunkt zu dem ich auf die Warteliste komme? <\/div>\n\t\t\t<div class=\"-answer\"><p>Sobald das Labor negative Testergebnisse beim Spender erh\u00e4lt, wird der Kundendienst \u00fcber die Freigabe informiert, und verteilt dann die Einheiten an die Patienten, die sich auf der Warteliste befinden.<\/p>\n<\/div>\n\t\t<\/li>\n\t\t\t<li class=\"faq\" id=\"faq-block_5d0d21842ae3c\">\n\t\t\t<div class=\"-question\">Wie viele Einheiten kann ich von der Warteliste kaufen?<\/div>\n\t\t\t<div class=\"-answer\"><p>Die Anzahl der Einheiten, die jedem Patienten angeboten werden, h\u00e4ngt von der Gesamtzahl der von diesem Spender freigegebenen Einheiten ab. Es gibt keine \u201enormale\u201c Menge an Einheiten, die aus der Quarant\u00e4ne freigesetzt werden. Die Anzahl der zugeteilten Einheiten wird daher von Freisetzung zu Freisetzung und sicherlich auch von Spender zu Spender stark variieren. Unser Kundendienst nimmt Wartelisten sehr ernst. Wir tun unser Bestes, um all unseren Patienten gerecht zu werden, denn Fairness ist uns wichtig.<\/p>\n<\/div>\n\t\t<\/li>\n\t\t\t<li class=\"faq\" id=\"faq-block_5d0d21842ae3c\">\n\t\t\t<div class=\"-question\">Bekomme ich auch garantiert Einheiten, wenn ich auf der Warteliste bin?<\/div>\n\t\t\t<div class=\"-answer\"><p>Wenn Sie auf der Warteliste f\u00fcr einen Spender stehen, der derzeit in unserem Programm &#8222;aktiv&#8220; ist, ist es wahrscheinlich, dass er wieder freigelassen wird. Ein Spender kann unser Programm jedoch jederzeit verlassen, nachdem er die sechsmonatige Mindestverpflichtung erf\u00fcllt hat. Wenn ein Spender jedoch nur 6 Dosierungen abgibt, haben wir m\u00f6glicherweise nicht gen\u00fcgend Einheiten, um jeder Person auf der Warteliste etwas zuzuteilen.<\/p>\n<\/div>\n\t\t<\/li>\n\t\t\t<li class=\"faq\" id=\"faq-block_5d0d21842ae3c\">\n\t\t\t<div class=\"-question\">Ist es wichtig, welche Nummer ich auf der Liste bin?<\/div>\n\t\t\t<div class=\"-answer\"><p>Unser Kundenservice nummeriert keine Patienten auf unseren Wartelisten. Wir sind so fair wie m\u00f6glich und bieten jedem auf der Liste eine gleiche Menge, wie nur m\u00f6glich. Wir bevorzugen keine Patienten oder Patienten in bestimmten Umst\u00e4nden. Jeder auf der Liste wird gleich behandelt.<\/p>\n<\/div>\n\t\t<\/li>\n\t\t\t<li class=\"faq\" id=\"faq-block_5d0d21842ae3c\">\n\t\t\t<div class=\"-question\">Gibt es f\u00fcr meinen Spender immer eine Warteliste?<\/div>\n\t\t\t<div class=\"-answer\"><p>Nicht unbedingt. Eine Warteliste gibt es nur f\u00fcr die Zubereitungsarten, f\u00fcr die ein Spender ausverkauft ist. Wenn zum Beispiel ein Spender vorgewaschene IUI-Einheiten zum Verkauf hat, aber keine ungewaschenen ICI-Einheiten zum Verkauf, dann w\u00fcrden wir nur Patienten auf die Warteliste f\u00fcr ungewaschene ICI-Einheiten setzen.<\/p>\n<\/div>\n\t\t<\/li>\n\t\t\t<li class=\"faq\" id=\"faq-block_5d0d21842ae3c\">\n\t\t\t<div class=\"-question\">Wenn die Warteliste f\u00fcr den von mir ausgew\u00e4hlten Spender voll ist, kann ich mich dann auf eine andere Liste setzen?<\/div>\n\t\t\t<div class=\"-answer\"><p>Leider bieten wir keine Warteliste f\u00fcr die Warteliste an.<\/p>\n<\/div>\n\t\t<\/li>\n\t\t\t<li class=\"faq\" id=\"faq-block_5d0d21842ae3c\">\n\t\t\t<div class=\"-question\">Wie l\u00e4uft der Bestellvorgang ab, sobald mir Dosierungen angeboten werden?<\/div>\n\t\t\t<div class=\"-answer\"><p>Der Kundenservice von Fairfax benachrichtigt Wartelistenpatienten, sobald Dosierungen f\u00fcr diesen Patienten zum Kauf verf\u00fcgbar sind. Jeder Patient hat dann zwei Werktage Zeit, um auf das Angebot zu antworten. Wenn wir Sie nicht pers\u00f6nlich erreichen, hinterlassen wir eine diskrete Nachricht auf Ihrem Anrufbeantworter (Beispiel: \u201eHallo, hier spricht Mary, die von Fairfax wegen der Katalognummer 0876 anruft, die jetzt verf\u00fcgbar ist. Rufen Sie uns bitte bis 17:00 Uhr EST am Freitag, den 12. August an, um dieses Angebot anzunehmen. Unsere Nummer lautet 0800 333 4211an.\u201d<br \/>\nPatienten bleiben automatisch auf der Warteliste, wenn sie innerhalb der ihnen zugewiesenen zwei Werktage zur\u00fcckrufen und alle angebotenen Einheiten kaufen. Falls niemand auf unseren Anruf reagiert, oder nicht alle angebotenen Einheiten kauft, dann entfernen wir diese Person von der Warteliste. Wenn jemand von einer Warteliste entfernt wird, erlauben wir dieser Person, sich nach 72 Gesch\u00e4ftsstunden wieder auf die Liste setzen zu lassen. Auf diese Weise k\u00f6nnen neue Patienten zur Warteliste hinzugef\u00fcgt werden. Aus R\u00fccksicht f\u00fcr die anderen, die auf der Liste warten, ist es uns nicht gestattet, Bestellungen auf Wartelisten-Spendern zur\u00fcckzuhalten.<\/p>\n<\/div>\n\t\t<\/li>\n\t\t\t<li class=\"faq\" id=\"faq-block_5d0d21842ae3c\">\n\t\t\t<div class=\"-question\">Wie lange muss ich warten, bis ich meinen Namen wieder in die Liste aufnehmen lassen kann, sobald er von der Liste gestrichen ist?<\/div>\n\t\t\t<div class=\"-answer\"><p>Ihr Name kann 72 Stunden nach dem Entfernen wieder in die Liste aufgenommen werden, sofern Sie dies beantragen.<\/p>\n<\/div>\n\t\t<\/li>\n\t\t\t<li class=\"faq\" id=\"faq-block_5d0d21842ae3c\">\n\t\t\t<div class=\"-question\">Wie oft sollte ich anrufen, um meinen Wartelistenstatus zu \u00fcberpr\u00fcfen?<\/div>\n\t\t\t<div class=\"-answer\"><p>Sobald Ihr Name auf der Warteliste steht, m\u00fcssen Sie nicht mehr zur\u00fcckrufen und nach Ihrem Status fragen. Wir werden Sie kontaktieren, sobald wir Ihnen Einheiten anbieten k\u00f6nnen.<\/p>\n<\/div>\n\t\t<\/li>\n\t\t<\/ul>\n<script>\nvar faqs = document.querySelectorAll('li.faq');\nfor (var i=0; i<faqs.length; i++) {\n\tfaqs[i].addEventListener('click', function(event) {\n\t\tthis.classList.toggle('-expanded');\n\t});\n}\n<\/script>\n<style>\nul.faqs {\n\tmargin: 0 0 25px; padding: 0;\n}\nul.faqs > li.faq {\n\tmargin: 0 0 10px; padding: 0;\n\tlist-style: none;\n\tbackground: none;\n}\nul.faqs > li.faq.-expanded {\n\tborder: 1px solid #e8e8e8;\n\tbox-shadow: 0 2px 10px rgba(0,0,0,0.1)\n}\nul.faqs > li.faq .-question {\n\tposition: relative;\n\tpadding: 19px 19px 19px 78px;\n\tcolor: #565456;\n\tfont-size: 20px; line-height: 1.2;\n\tbackground: #f1f1f1;\n\tcursor: pointer;\n\ttransition: .3s\n}\nul.faqs > li.faq .-question:hover { color: #1f1f1f; background: #f6f6f6; }\nul.faqs > li.faq .-question:before {\n\tcontent: \"\";\n\tposition: absolute;\n\ttop: 0; bottom: 0; left: 0;\n\twidth:62px;\n\tbackground: linear-gradient(#898989,#898989), linear-gradient(#898989,#898989), #eaeaea;\n\tbackground-position:center;\n\tbackground-size: 20px 2px,2px 20px;\n\tbackground-repeat:no-repeat;\n}\nul.faqs > li.faq .-question:hover:before {\n\tbackground: linear-gradient(#ea6950,#ea6950), linear-gradient(#ea6950,#ea6950), #eaeaea;\n\tbackground-position:center;\n\tbackground-size: 20px 2px,2px 20px;\n\tbackground-repeat:no-repeat;\n}\nul.faqs > li.faq.-expanded .-question,\nul.faqs > li.faq.-expanded .-question:hover { color: #ea6950; background: #f9f9f9; }\nul.faqs > li.faq.-expanded .-question:before,\nul.faqs > li.faq.-expanded .-question:hover:before {\n\tcontent: \"\";\n\tposition: absolute;\n\ttop: 0; bottom: 0; left: 0;\n\twidth:62px;\n\tbackground: linear-gradient(#ffffff,#ffffff), #ea6950;\n\tbackground-position:center;\n\tbackground-size: 20px 2px;\n\tbackground-repeat:no-repeat;\n}\n\nul.faqs > li.faq .-answer {\n\toverflow: hidden;\n\tpadding: 0 0 0 78px;\n\tmax-height: 0;\n\ttransition: 0.2s;\n}\nul.faqs > li.faq .-answer > * { overflow: hidden; max-height: 0; }\nul.faqs > li.faq.-expanded .-answer {\n\tbox-sizing: border-box;\n\tpadding: 19px 19px 19px 78px;\n\tmax-height: 9999px;\n\tcolor: #585858;\n\tfont-size: 16px; line-height: 23px;\n\tbackground: #fff;\n\ttransition: 0.4s;\n}\nul.faqs > li.faq.-expanded .-answer > * { max-height: 9999px;}\n<\/style>","protected":false},"excerpt":{"rendered":"","protected":false},"author":1,"featured_media":0,"parent":0,"menu_order":0,"comment_status":"closed","ping_status":"closed","template":"","meta":{"footnotes":""},"class_list":["post-6079","page","type-page","status-publish","hentry"],"yoast_head":"<!-- This site is optimized with the Yoast SEO plugin v27.1.1 - https:\/\/yoast.com\/product\/yoast-seo-wordpress\/ -->\n<title>H\u00e4ufig gestellte Fragen zur Warteliste | Fairfax Cryobank<\/title>\n<meta name=\"description\" content=\"H\u00e4ufig gestellte Fragen zur Warteliste\" \/>\n<meta name=\"robots\" content=\"index, follow, max-snippet:-1, max-image-preview:large, max-video-preview:-1\" \/>\n<link rel=\"canonical\" href=\"https:\/\/fairfaxcryobank.com\/de\/warteliste\" \/>\n<meta property=\"og:locale\" content=\"de_DE\" \/>\n<meta property=\"og:type\" content=\"article\" \/>\n<meta property=\"og:title\" content=\"H\u00e4ufig gestellte Fragen zur Warteliste | Fairfax Cryobank\" \/>\n<meta property=\"og:description\" content=\"H\u00e4ufig gestellte Fragen zur Warteliste\" \/>\n<meta property=\"og:url\" content=\"https:\/\/fairfaxcryobank.com\/de\/warteliste\" \/>\n<meta property=\"og:site_name\" content=\"Fairfax Cryobank - Find a Sperm Donor\" \/>\n<meta property=\"article:publisher\" content=\"https:\/\/www.facebook.com\/fairfax.cryobank\" \/>\n<meta property=\"article:modified_time\" content=\"2020-03-05T17:02:26+00:00\" \/>\n<meta name=\"twitter:card\" content=\"summary_large_image\" \/>\n<meta name=\"twitter:site\" content=\"@FairfaxCryobank\" \/>\n<script type=\"application\/ld+json\" class=\"yoast-schema-graph\">{\"@context\":\"https:\/\/schema.org\",\"@graph\":[{\"@type\":\"WebPage\",\"@id\":\"https:\/\/fairfaxcryobank.com\/de\/warteliste\",\"url\":\"https:\/\/fairfaxcryobank.com\/de\/warteliste\",\"name\":\"H\u00e4ufig gestellte Fragen zur Warteliste | Fairfax Cryobank\",\"isPartOf\":{\"@id\":\"https:\/\/fairfaxcryobank.com\/de#website\"},\"datePublished\":\"2015-05-18T13:56:57+00:00\",\"dateModified\":\"2020-03-05T17:02:26+00:00\",\"description\":\"H\u00e4ufig gestellte Fragen zur Warteliste\",\"breadcrumb\":{\"@id\":\"https:\/\/fairfaxcryobank.com\/de\/warteliste#breadcrumb\"},\"inLanguage\":\"de\",\"potentialAction\":[{\"@type\":\"ReadAction\",\"target\":[\"https:\/\/fairfaxcryobank.com\/de\/warteliste\"]}]},{\"@type\":\"BreadcrumbList\",\"@id\":\"https:\/\/fairfaxcryobank.com\/de\/warteliste#breadcrumb\",\"itemListElement\":[{\"@type\":\"ListItem\",\"position\":1,\"name\":\"Home\",\"item\":\"https:\/\/fairfaxcryobank.com\/de\"},{\"@type\":\"ListItem\",\"position\":2,\"name\":\"H\u00e4ufig gestellte Fragen zur Warteliste\"}]},{\"@type\":\"WebSite\",\"@id\":\"https:\/\/fairfaxcryobank.com\/de#website\",\"url\":\"https:\/\/fairfaxcryobank.com\/de\",\"name\":\"Fairfax Cryobank - Find a Sperm Donor\",\"description\":\"Top-Tier Sperm Bank\",\"publisher\":{\"@id\":\"https:\/\/fairfaxcryobank.com\/de#organization\"},\"potentialAction\":[{\"@type\":\"SearchAction\",\"target\":{\"@type\":\"EntryPoint\",\"urlTemplate\":\"https:\/\/fairfaxcryobank.com\/de?s={search_term_string}\"},\"query-input\":{\"@type\":\"PropertyValueSpecification\",\"valueRequired\":true,\"valueName\":\"search_term_string\"}}],\"inLanguage\":\"de\"},{\"@type\":\"Organization\",\"@id\":\"https:\/\/fairfaxcryobank.com\/de#organization\",\"name\":\"Fairfax Cryobank\",\"url\":\"https:\/\/fairfaxcryobank.com\/de\",\"logo\":{\"@type\":\"ImageObject\",\"inLanguage\":\"de\",\"@id\":\"https:\/\/fairfaxcryobank.com\/de#\/schema\/logo\/image\/\",\"url\":\"https:\/\/fairfaxcryobank.com\/wp-content\/uploads\/logo.webp\",\"contentUrl\":\"https:\/\/fairfaxcryobank.com\/wp-content\/uploads\/logo.webp\",\"width\":1,\"height\":1,\"caption\":\"Fairfax Cryobank\"},\"image\":{\"@id\":\"https:\/\/fairfaxcryobank.com\/de#\/schema\/logo\/image\/\"},\"sameAs\":[\"https:\/\/www.facebook.com\/fairfax.cryobank\",\"https:\/\/x.com\/FairfaxCryobank\",\"https:\/\/www.instagram.com\/fairfaxcryobank\/\",\"https:\/\/www.pinterest.com\/fairfaxcryo\/\"]}]}<\/script>\n<!-- \/ Yoast SEO plugin. -->","yoast_head_json":{"title":"H\u00e4ufig gestellte Fragen zur Warteliste | Fairfax Cryobank","description":"H\u00e4ufig gestellte Fragen zur Warteliste","robots":{"index":"index","follow":"follow","max-snippet":"max-snippet:-1","max-image-preview":"max-image-preview:large","max-video-preview":"max-video-preview:-1"},"canonical":"https:\/\/fairfaxcryobank.com\/de\/warteliste","og_locale":"de_DE","og_type":"article","og_title":"H\u00e4ufig gestellte Fragen zur Warteliste | Fairfax Cryobank","og_description":"H\u00e4ufig gestellte Fragen zur Warteliste","og_url":"https:\/\/fairfaxcryobank.com\/de\/warteliste","og_site_name":"Fairfax Cryobank - Find a Sperm Donor","article_publisher":"https:\/\/www.facebook.com\/fairfax.cryobank","article_modified_time":"2020-03-05T17:02:26+00:00","twitter_card":"summary_large_image","twitter_site":"@FairfaxCryobank","schema":{"@context":"https:\/\/schema.org","@graph":[{"@type":"WebPage","@id":"https:\/\/fairfaxcryobank.com\/de\/warteliste","url":"https:\/\/fairfaxcryobank.com\/de\/warteliste","name":"H\u00e4ufig gestellte Fragen zur Warteliste | Fairfax Cryobank","isPartOf":{"@id":"https:\/\/fairfaxcryobank.com\/de#website"},"datePublished":"2015-05-18T13:56:57+00:00","dateModified":"2020-03-05T17:02:26+00:00","description":"H\u00e4ufig gestellte Fragen zur Warteliste","breadcrumb":{"@id":"https:\/\/fairfaxcryobank.com\/de\/warteliste#breadcrumb"},"inLanguage":"de","potentialAction":[{"@type":"ReadAction","target":["https:\/\/fairfaxcryobank.com\/de\/warteliste"]}]},{"@type":"BreadcrumbList","@id":"https:\/\/fairfaxcryobank.com\/de\/warteliste#breadcrumb","itemListElement":[{"@type":"ListItem","position":1,"name":"Home","item":"https:\/\/fairfaxcryobank.com\/de"},{"@type":"ListItem","position":2,"name":"H\u00e4ufig gestellte Fragen zur Warteliste"}]},{"@type":"WebSite","@id":"https:\/\/fairfaxcryobank.com\/de#website","url":"https:\/\/fairfaxcryobank.com\/de","name":"Fairfax Cryobank - Find a Sperm Donor","description":"Top-Tier Sperm Bank","publisher":{"@id":"https:\/\/fairfaxcryobank.com\/de#organization"},"potentialAction":[{"@type":"SearchAction","target":{"@type":"EntryPoint","urlTemplate":"https:\/\/fairfaxcryobank.com\/de?s={search_term_string}"},"query-input":{"@type":"PropertyValueSpecification","valueRequired":true,"valueName":"search_term_string"}}],"inLanguage":"de"},{"@type":"Organization","@id":"https:\/\/fairfaxcryobank.com\/de#organization","name":"Fairfax Cryobank","url":"https:\/\/fairfaxcryobank.com\/de","logo":{"@type":"ImageObject","inLanguage":"de","@id":"https:\/\/fairfaxcryobank.com\/de#\/schema\/logo\/image\/","url":"https:\/\/fairfaxcryobank.com\/wp-content\/uploads\/logo.webp","contentUrl":"https:\/\/fairfaxcryobank.com\/wp-content\/uploads\/logo.webp","width":1,"height":1,"caption":"Fairfax Cryobank"},"image":{"@id":"https:\/\/fairfaxcryobank.com\/de#\/schema\/logo\/image\/"},"sameAs":["https:\/\/www.facebook.com\/fairfax.cryobank","https:\/\/x.com\/FairfaxCryobank","https:\/\/www.instagram.com\/fairfaxcryobank\/","https:\/\/www.pinterest.com\/fairfaxcryo\/"]}]}},"post_mailing_queue_ids":[],"_links":{"self":[{"href":"https:\/\/fairfaxcryobank.com\/de\/wp-json\/wp\/v2\/pages\/6079","targetHints":{"allow":["GET"]}}],"collection":[{"href":"https:\/\/fairfaxcryobank.com\/de\/wp-json\/wp\/v2\/pages"}],"about":[{"href":"https:\/\/fairfaxcryobank.com\/de\/wp-json\/wp\/v2\/types\/page"}],"author":[{"embeddable":true,"href":"https:\/\/fairfaxcryobank.com\/de\/wp-json\/wp\/v2\/users\/1"}],"replies":[{"embeddable":true,"href":"https:\/\/fairfaxcryobank.com\/de\/wp-json\/wp\/v2\/comments?post=6079"}],"version-history":[{"count":0,"href":"https:\/\/fairfaxcryobank.com\/de\/wp-json\/wp\/v2\/pages\/6079\/revisions"}],"wp:attachment":[{"href":"https:\/\/fairfaxcryobank.com\/de\/wp-json\/wp\/v2\/media?parent=6079"}],"curies":[{"name":"wp","href":"https:\/\/api.w.org\/{rel}","templated":true}]}}