{"id":6084,"date":"2015-05-15T07:04:30","date_gmt":"2015-05-15T07:04:30","guid":{"rendered":"https:\/\/fairfaxcryobank.com\/ordering-shipping-faqs\/"},"modified":"2020-03-05T17:05:04","modified_gmt":"2020-03-05T17:05:04","slug":"bestellung-und-versand","status":"publish","type":"page","link":"https:\/\/fairfaxcryobank.com\/de\/bestellung-und-versand","title":{"rendered":"Bestellungen und Versand H\u00e4ufig gestellte Fragen"},"content":{"rendered":"\n<p>Lesen und verstehen Sie unbedingt unsere <a href=\"https:\/\/fairfaxcryobank.com\/de\/formulare-broschueren\">Nutzungsbedingungen<\/a>, in denen erl\u00e4utert wird, was Sie von unserem Spenderprogramm   erwarten k\u00f6nnen, und was wir von Ihnen beim Kauf unseres Samens und anderer   Dienstleistungen erwarten. Das Nutzungsbedingungsschreiben muss vor dem   Versand von Spenderproben unterschrieben an uns zur\u00fcckgesandt werden. Das Formular kann per Fax, Post oder Scan in eine E-Mail zur\u00fcckgesandt werden.   <\/p>\n\n\n\n<p>Sie k\u00f6nnen sich an den Kundendienst wenden, um Unterst\u00fctzung zu erhalten.   <\/p>\n\n\n\t<ul class=\"faqs\" >\n\t\t\t<li class=\"faq\" id=\"faq-block_5d10ee40f5323\">\n\t\t\t<div class=\"-question\">Ich muss eine Bestellung f\u00fcr Spendersamen aufgeben &#8211; gebe ich die Bestellung bei Ihnen auf oder kontaktiere ich meinen Arzt?<\/div>\n\t\t\t<div class=\"-answer\"><p>Ihr zugelassener Arzt bzw. medizinische Fachkraft hat sein Konto bei Fairfax Cryobank mit der Vorabzahlung des Patienten oder der Arztrechnung f\u00fcr die Auftragsabrechnung eingerichtet. Die meisten unserer Konten sind so eingerichtet, dass Patienten uns ihre Zahlungsinformationen mitteilen k\u00f6nnen. Ihr Arzt sollte Ihnen mitteilen, wie Sie Ihre Bestellung aufgeben k\u00f6nnen. Wenn Sie f\u00fcr die Bestellung bezahlen, kontaktieren Sie uns bitte direkt, indem Sie den Kundenservice anrufen oder online bestellen. Wenn dies Ihre erste Bestellung ist, empfehlen wir Ihnen, Ihre Bestellung telefonisch aufzugeben, damit Sie sich mit dem Bestellvorgang vertraut machen k\u00f6nnen. Wenn Ihr Arzt die Bestellung in seiner Praxis abrechnet, gibt jemand aus seiner Praxis die Bestellung f\u00fcr Sie auf.<\/p>\n<\/div>\n\t\t<\/li>\n\t\t\t<li class=\"faq\" id=\"faq-block_5d10ee40f5323\">\n\t\t\t<div class=\"-question\">Wann sollte ich meine Bestellung aufgeben?<\/div>\n\t\t\t<div class=\"-answer\"><p>Wir empfehlen, Ihre Bestellung aufzugeben, sobald Sie das Datum kennen, an dem Ihr Arzt die Lieferung der Einheiten w\u00fcnscht, um die Verf\u00fcgbarkeit des Spenders sicherzustellen, idealerweise eine Woche vor dem geplanten Eingriff. Sie k\u00f6nnen Ihre Bestellung aufgeben und einen Versandtermin bis zu 30 Tage im Voraus festlegen. Wenn Ihr Eingriff erst in 30 Tagen oder sp\u00e4ter ist, k\u00f6nnen Sie auch eine Einlagerungsbestellung aufgeben.<\/p>\n<\/div>\n\t\t<\/li>\n\t\t\t<li class=\"faq\" id=\"faq-block_5d10ee40f5323\">\n\t\t\t<div class=\"-question\">Welche Art von Spermapr\u00e4parat ben\u00f6tige ich?<\/div>\n\t\t\t<div class=\"-answer\"><p>Dies h\u00e4ngt von der Art des Eingriffs ab, den Sie durchf\u00fchren (k\u00fcnstliche Befruchtung, In-vitro-Fertilisation (IVF) mit oder ohne intrazytoplasmatische Spermieninjektion (ICSI)), und von den Pr\u00e4ferenzen Ihres medizinischen Fachpersonals. Unsere mit IUI (gewaschen) und ICI (Standard) vorbereiteten Proben k\u00f6nnen zur k\u00fcnstlichen Befruchtung verwendet werden. Unsere IUI-Proben wurden gewaschen, um das Samenplasma zu entfernen, und sind bereit f\u00fcr eine intrauterine Insemination. Unsere ICI-Proben k\u00f6nnen f\u00fcr eine intrazervikale Befruchtung verwendet oder bei Ihrem Arzt f\u00fcr eine intrauterine Befruchtung vorbereitet werden. Sowohl die IVF als auch die ICI k\u00f6nnen f\u00fcr die In-vitro-Fertilisation und die intrazytoplasmatische Spermieninjektion verwendet werden. Beide Pr\u00e4parate m\u00fcssen in der Praxis Ihres Arztes weiterverarbeitet werden. Bevor Sie eine Bestellung aufgeben, konsultieren Sie am besten Ihren Arzt bez\u00fcglich der zu bestellenden Spermapr\u00e4paration.<\/p>\n<\/div>\n\t\t<\/li>\n\t\t\t<li class=\"faq\" id=\"faq-block_5d10ee40f5323\">\n\t\t\t<div class=\"-question\">Wie viele Spermienampullen sollte ich bestellen?<\/div>\n\t\t\t<div class=\"-answer\"><p>Typischerweise werden 1-2 Ampullen pro Eingriff oder Zyklus verwendet. Wenden Sie sich jedoch am besten an Ihren Arzt, da die Anzahl, die Sie ben\u00f6tigen, variieren kann. M\u00f6glicherweise m\u00f6chten Sie mehrere Einheiten f\u00fcr zuk\u00fcnftige Zyklen oder eine k\u00fcnftige Familie erwerben und bei Fairfax Cryobank einlagern.Typischerweise werden 1-2 Ampullen pro Eingriff oder Zyklus verwendet. Wenden Sie sich jedoch am besten an Ihren Arzt, da die Anzahl, die Sie ben\u00f6tigen, variieren kann. M\u00f6glicherweise m\u00f6chten Sie mehrere Einheiten f\u00fcr zuk\u00fcnftige Zyklen oder eine k\u00fcnftige Familie erwerben und bei Fairfax Cryobank einlagern.<\/p>\n<\/div>\n\t\t<\/li>\n\t\t\t<li class=\"faq\" id=\"faq-block_5d10ee40f5323\">\n\t\t\t<div class=\"-question\">Welche Informationen ben\u00f6tige ich, um eine Bestellung aufzugeben?<\/div>\n\t\t\t<div class=\"-answer\"><p>\u2022 Name, Adresse und Telefonnummer des Leistungserbringers<br \/>\n\u2022 Lieferadresse (falls abweichend von der Adresse des Anbieters)<br \/>\n\u2022 Name, Adresse und Telefonnummer des Patienten (oder Ihre Kundennummer, wenn Sie andere Bestellungen aufgegeben haben)<br \/>\n\u2022 Spendernummer (n) in der Reihenfolge ihrer Pr\u00e4ferenz<br \/>\n\u2022 Anzahl der Fl\u00e4schchen und Art der Zubereitung (ICI, IUI oder IVF)<br \/>\n\u2022 Datum, an dem die Ger\u00e4te im B\u00fcro des Anbieters eintreffen m\u00fcssen<br \/>\n\u2022 Versandart (FedEx 2 Tage, FedEx Priority Overnight, lokaler Kurierdienst, Patientenabholung)<br \/>\n\u2022 Zahlungsinformationen<br \/>\n\u2022 Unterzeichnete und zur\u00fcckgesandte Nutzungsbedingungen<\/p>\n<\/div>\n\t\t<\/li>\n\t\t\t<li class=\"faq\" id=\"faq-block_5d10ee40f5323\">\n\t\t\t<div class=\"-question\">Was soll ich tun, wenn ich meine Bestellung aufgegeben habe?<\/div>\n\t\t\t<div class=\"-answer\"><p>Fairfax Cryobank empfiehlt, Ihren Arzt anzurufen, sobald Sie die Bestellung mit den Lieferinformationen aufgegeben haben. Sie ben\u00f6tigen Ihre Auftragsnummer, Spendernummer und Art der Pr\u00e4paration, um unser <a href=\"https:\/\/https:\/\/fairfaxcryobank.com\/de\/schwangerschaftsbericht\"><u>Online-Schwangerschaftsberichtformular<\/u><\/a> ausf\u00fcllen zu k\u00f6nnen.<\/p>\n<\/div>\n\t\t<\/li>\n\t\t\t<li class=\"faq\" id=\"faq-block_5d10ee40f5323\">\n\t\t\t<div class=\"-question\">Ich muss die Bestellung in ein anderes Land versenden. Wie geht das?<\/div>\n\t\t\t<div class=\"-answer\"><p>Internationale Sendungen in L\u00e4nder, die nicht von Federal Express bedient werden, werden mit dem geeignetsten verf\u00fcgbaren Service bef\u00f6rdert. T\u00fcr-zu-T\u00fcr-Dienste sind m\u00f6glicherweise nicht in allen L\u00e4ndern verf\u00fcgbar. In solchen F\u00e4llen k\u00f6nnen Sendungen nur von \u201cT\u00fcr-zu-Flughafen\u201c erfolgen, so dass der Arzt oder Patient Vorkehrungen f\u00fcr den endg\u00fcltigen Transport zur Arztpraxis treffen muss. In einigen Situationen ist m\u00f6glicherweise eine Kaution in H\u00f6he von 975 USD (US-Dollar) f\u00fcr jeden international versandten Stickstoffbeh\u00e4lter erforderlich. Die Kaution wird erstattet, wenn Sie den Versandbeh\u00e4lter in gutem Zustand an Fairfax Cryobank zur\u00fccksenden. Die mit der R\u00fccksendung des Versandbeh\u00e4lters an Fairfax Cryobank verbundenen Geb\u00fchren und Vereinbarungen sind von der Person zu tragen, die die Sendung erh\u00e4lt. Alle Geb\u00fchren einschlie\u00dflich der Kaution f\u00fcr den Versandbeh\u00e4lter (falls zutreffend) m\u00fcssen vor dem Versand bezahlt werden.<\/p>\n<\/div>\n\t\t<\/li>\n\t\t\t<li class=\"faq\" id=\"faq-block_5d10ee40f5323\">\n\t\t\t<div class=\"-question\">Muss ich ein Konto er\u00f6ffnen?<\/div>\n\t\t\t<div class=\"-answer\"><p>Fairfax Cryobank verlangt, dass alle Kunden von einem medizinischen Fachpersonal betreut werden und dass das medizinische Fachpersonal ein Konto bei uns einrichtet. Patienten m\u00fcssen kein Konto bei uns er\u00f6ffnen, um Spenderinformationen oder Spendersamen zu erwerben. Ihr Arzt kann sich an den Kundendienst wenden und die Formulare per Post oder Fax senden lassen. Wenn Sie bei Fairfax Cryobank bestellen, und Spendersamen einlagern m\u00f6chten, er\u00f6ffnen Sie einfach ein Lagerungskonto.<\/p>\n<\/div>\n\t\t<\/li>\n\t\t\t<li class=\"faq\" id=\"faq-block_5d10ee40f5323\">\n\t\t\t<div class=\"-question\">Ich bin nicht sicher, ob mein Arzt ein Konto bei Ihnen eingerichtet hat. Was soll ich tun?<\/div>\n\t\t\t<div class=\"-answer\"><p>Sie k\u00f6nnen sich an unsere Kundendienstabteilung wenden und sie bitten, in der Datenbank nach Ihrem medizinischen Fachpersonal zu suchen oder sich an Ihren Arzt zu wenden. Wenn Ihr Arzt kein Konto hat, das er einrichten kann, k\u00f6nnen wir die Formulare per Fax oder Post an Ihren Arzt senden.<\/p>\n<\/div>\n\t\t<\/li>\n\t\t\t<li class=\"faq\" id=\"faq-block_5d10ee40f5323\">\n\t\t\t<div class=\"-question\">Kann ich den Eingriff zu Hause durchf\u00fchren?<\/div>\n\t\t\t<div class=\"-answer\"><p>Sobald Ihre \u00c4rztin\/Ihr Arzt ein Konto bei Fairfax Cryobank eingerichtet hat, k\u00f6nnen wir den Versand von Spendersamen an jeden Ort veranlassen. Sie ben\u00f6tigen jedoch eine Genehmigung Ihres Arztes, wenn die Spende zu Ihnen nach Hause gesendet wird. Bitten Sie Ihren Arzt, sich an den Kundendienst zu wenden, und wir faxen Ihnen das Einverst\u00e4ndnisformular f\u00fcr die Lieferung nach Hause. Das Formular muss von Ihrem Arzt ausgef\u00fcllt und an den Kundendienst gefaxt werden, bevor eine Bestellung aufgegeben wird. Anweisungen zur Durchf\u00fchrung des Verfahrens und der Ausr\u00fcstung erhalten Sie von Ihrem Arzt.<\/p>\n<\/div>\n\t\t<\/li>\n\t\t\t<li class=\"faq\" id=\"faq-block_5d10ee40f5323\">\n\t\t\t<div class=\"-question\">Gibt es bei der Fairfax Cryobank ein R\u00fcckgaberecht?<\/div>\n\t\t\t<div class=\"-answer\"><p>Sobald die Ampullen mit Spendersamen versandt wurden, kann die Fairfax Cryobank sie nicht mehr als Gutschrift zur\u00fccknehmen. Sie k\u00f6nnen diese jedoch zur\u00fcckgeben, um sie auf ein Lagerkonto zu \u00fcbertragen. Sie k\u00f6nnen unbenutzte Exemplare, die zu regul\u00e4ren Preisen gekauft wurden und die Fairfax Cryobank noch nie verlassen haben, zur\u00fcckgeben, um die H\u00e4lfte des urspr\u00fcnglichen Kaufpreises zu erhalten. Bitte beachten Sie, dass unser \u201eVial Buy Back\u201c-Programm f\u00fcr den Ampullenr\u00fcckkauf nicht f\u00fcr Proben angeboten wird, die vom urspr\u00fcnglichen Eigent\u00fcmer \u00fcbertragen wurden.<\/p>\n<\/div>\n\t\t<\/li>\n\t\t\t<li class=\"faq\" id=\"faq-block_5d10ee40f5323\">\n\t\t\t<div class=\"-question\">Ich habe einen Spender ausgew\u00e4hlt, bin aber noch nicht bereit, meine Bestellung aufzugeben. K\u00f6nnen Sie Einheiten halten?<\/div>\n\t\t\t<div class=\"-answer\"><p>Die Fairfax Cryobank h\u00e4lt Einheiten 7 Tage lang kostenlos. Dieser Service ist nur f\u00fcr Spender mit mehr als 20 verf\u00fcgbaren Ampullen verf\u00fcgbar. Bitte wenden Sie sich an unseren Kundendienst und fordern Sie eine &#8222;7 day hold order&#8220; an, mit welcher unser Kundendienst Ihren Auftrag 7 Tage lang zur\u00fccklegt. Sie m\u00fcssen sich bis zum 7. Tag mit dem Versanddatum oder den Anweisungen an den Kundendienst wenden, um die Ampulle(n) einzulagern. Wenn wir bis 20.00 Uhr EST am 7. Tag keine Nachricht von Ihnen erhalten, wird die Bestellung automatisch storniert.<\/p>\n<\/div>\n\t\t<\/li>\n\t\t\t<li class=\"faq\" id=\"faq-block_5d10ee40f5323\">\n\t\t\t<div class=\"-question\">Wie werden die Spermaproben verschickt?<\/div>\n\t\t\t<div class=\"-answer\"><p>Alle unsere Proben werden in Fl\u00fcssigstickstoff-Dampftanks \u00fcber FedEx, einen \u00f6rtlichen Kurierdienst oder eine \u00f6rtliche Patientenabholung versandt. Der Fl\u00fcssigstickstoff-Dampftank befindet sich in einer harten H\u00fclle f\u00fcr FedEx-Bestellungen und in einem Karton f\u00fcr lokale Bestellungen. Der Innenbeh\u00e4lter (Dampftank) ist mit einem Kabelbinder gegen Manipulationen gesichert. Die Versandpapiere befinden sich im Umkarton, der einen Packzettel mit folgenden Angaben zu Ihrer Bestellung enth\u00e4lt: Name und Anschrift Ihres Gesundheitsdienstleisters, Name und Anschrift, Spendernummer und Probenpr\u00e4paration, Anzahl der Ampullen sowie Anzahl nach dem Auftauen und Motilit\u00e4t f\u00fcr jede Einheit. Ebenfalls enthalten sind eine Zusammenfassung der Aufzeichnungen \u00fcber die Spendertests und eine Erkl\u00e4rung \u00fcber die Spenderberechtigung, Anweisungen zum Auftauen von Proben, Anweisungen zur R\u00fccksendung und vorausbezahlte R\u00fccksendeetiketten.<\/p>\n<\/div>\n\t\t<\/li>\n\t\t\t<li class=\"faq\" id=\"faq-block_5d10ee40f5323\">\n\t\t\t<div class=\"-question\">Versenden Sie Spermien auf Trockeneis?<\/div>\n\t\t\t<div class=\"-answer\"><p>Nein, Fairfax Cryobank lagert alle Proben in fl\u00fcssigem Stickstoff mit einer Temperatur von -196 Grad Celsius. Trockeneis hat eine Temperatur von -78,5 Grad Celsius, die weit \u00fcber der Temperatur liegt, bei der wir die Proben lagern. Dies kann zu einem partiellen Auftauprozess f\u00fchren, der sich nachteilig auf die Qualit\u00e4t der Proben auswirkt. Aus diesem Grund versendet die Fairfax Cryobank keine Proben auf Trockeneis.<\/p>\n<\/div>\n\t\t<\/li>\n\t\t\t<li class=\"faq\" id=\"faq-block_5d10ee40f5323\">\n\t\t\t<div class=\"-question\">Wie lange werden die Proben in den Versandbeh\u00e4ltern gefroren aufbewahrt?<\/div>\n\t\t\t<div class=\"-answer\"><p>Unsere Standardversandbeh\u00e4lter haben eine Garantie von 7 Tagen. Auf Anfrage und gegen eine zus\u00e4tzliche Geb\u00fchr k\u00f6nnen wir Ihre Proben in einem 2-w\u00f6chigen Tank versenden, in dem die Ampullen 14 Tage lang garantiert gefroren sind.<\/p>\n<\/div>\n\t\t<\/li>\n\t\t\t<li class=\"faq\" id=\"faq-block_5d10ee40f5323\">\n\t\t\t<div class=\"-question\">Ich bin mir nicht sicher, wann mein Eingriff geplant ist, m\u00f6chte aber trotzdem schon Spendersamen bestellen. Welche M\u00f6glichkeiten stehen mir zur Verf\u00fcgung?<\/div>\n\t\t\t<div class=\"-answer\"><p>Informieren Sie sich bei Ihrem Arzt \u00fcber die von ihm angebotenen Lagerungsm\u00f6glichkeiten. Wenn die Aufbewahrung der Proben in der Arztpraxis eine M\u00f6glichkeit ist, k\u00f6nnen Sie Ihre Bestellung aufgeben und sie bis zu ihrem Bedarf in der Arztpraxis aufbewahren lassen. Wenn Ihr Arzt keine Aufbewahrung anbietet, k\u00f6nnen Sie die Proben bei uns einlagern lassen und versenden lassen, wenn Sie wissen, wann Sie sie ben\u00f6tigen werden. Dar\u00fcber hinaus k\u00f6nnen Sie eine Bestellung 7 Werktage lang kostenlos zur\u00fcckstellen und m\u00fcssen sich bis zum 7. Tag mit dem Versanddatum oder den Anweisungen an den Kundendienst wenden, um die Probe(n) einzulagern.<\/p>\n<\/div>\n\t\t<\/li>\n\t\t\t<li class=\"faq\" id=\"faq-block_5d10ee40f5323\">\n\t\t\t<div class=\"-question\">Kann die Fairfax Cryobank die Zahlung von Spendersamen mit meiner Versicherung arrangieren?<\/div>\n\t\t\t<div class=\"-answer\"><p>Fairfax Cryobank verf\u00fcgt nicht \u00fcber die M\u00f6glichkeit, Versicherungsunternehmen die Erstattung direkt in Rechnung zu stellen. Fairfax Cryobank kann Ihnen Kopien der bezahlten Rechnungen zur Verf\u00fcgung stellen, die Sie auf Anfrage bei Versicherungsunternehmen einreichen k\u00f6nnen.<\/p>\n<\/div>\n\t\t<\/li>\n\t\t\t<li class=\"faq\" id=\"faq-block_5d10ee40f5323\">\n\t\t\t<div class=\"-question\">Welche Zahlungsmethoden akzeptiert die Fairfax Cryobank?<\/div>\n\t\t\t<div class=\"-answer\"><p>Wir akzeptieren alle g\u00e4ngigen Kreditkarten wie Visa, Mastercard, American Express und Discover. Alle Optionen zum Einrichten der Finanzierung finden Sie hier: Finanzierungsoptionen. Wir akzeptieren auch Zahlungsanweisungen und Bankschecks. Bargeld wird nur f\u00fcr lokale Abholungen akzeptiert. Fairfax Cryobank muss die Zahlung erhalten, bevor eine Bestellung unser Werk verl\u00e4sst.<\/p>\n<\/div>\n\t\t<\/li>\n\t\t<\/ul>\n<script>\nvar faqs = document.querySelectorAll('li.faq');\nfor (var i=0; i<faqs.length; i++) {\n\tfaqs[i].addEventListener('click', function(event) {\n\t\tthis.classList.toggle('-expanded');\n\t});\n}\n<\/script>\n<style>\nul.faqs {\n\tmargin: 0 0 25px; padding: 0;\n}\nul.faqs > li.faq {\n\tmargin: 0 0 10px; padding: 0;\n\tlist-style: none;\n\tbackground: none;\n}\nul.faqs > li.faq.-expanded {\n\tborder: 1px solid #e8e8e8;\n\tbox-shadow: 0 2px 10px rgba(0,0,0,0.1)\n}\nul.faqs > li.faq .-question {\n\tposition: relative;\n\tpadding: 19px 19px 19px 78px;\n\tcolor: #565456;\n\tfont-size: 20px; line-height: 1.2;\n\tbackground: #f1f1f1;\n\tcursor: pointer;\n\ttransition: .3s\n}\nul.faqs > li.faq .-question:hover { color: #1f1f1f; background: #f6f6f6; }\nul.faqs > li.faq .-question:before {\n\tcontent: \"\";\n\tposition: absolute;\n\ttop: 0; bottom: 0; left: 0;\n\twidth:62px;\n\tbackground: linear-gradient(#898989,#898989), linear-gradient(#898989,#898989), #eaeaea;\n\tbackground-position:center;\n\tbackground-size: 20px 2px,2px 20px;\n\tbackground-repeat:no-repeat;\n}\nul.faqs > li.faq .-question:hover:before {\n\tbackground: linear-gradient(#ea6950,#ea6950), linear-gradient(#ea6950,#ea6950), #eaeaea;\n\tbackground-position:center;\n\tbackground-size: 20px 2px,2px 20px;\n\tbackground-repeat:no-repeat;\n}\nul.faqs > li.faq.-expanded .-question,\nul.faqs > li.faq.-expanded .-question:hover { color: #ea6950; background: #f9f9f9; }\nul.faqs > li.faq.-expanded .-question:before,\nul.faqs > li.faq.-expanded .-question:hover:before {\n\tcontent: \"\";\n\tposition: absolute;\n\ttop: 0; bottom: 0; left: 0;\n\twidth:62px;\n\tbackground: linear-gradient(#ffffff,#ffffff), #ea6950;\n\tbackground-position:center;\n\tbackground-size: 20px 2px;\n\tbackground-repeat:no-repeat;\n}\n\nul.faqs > li.faq .-answer {\n\toverflow: hidden;\n\tpadding: 0 0 0 78px;\n\tmax-height: 0;\n\ttransition: 0.2s;\n}\nul.faqs > li.faq .-answer > * { overflow: hidden; max-height: 0; }\nul.faqs > li.faq.-expanded .-answer {\n\tbox-sizing: border-box;\n\tpadding: 19px 19px 19px 78px;\n\tmax-height: 9999px;\n\tcolor: #585858;\n\tfont-size: 16px; line-height: 23px;\n\tbackground: #fff;\n\ttransition: 0.4s;\n}\nul.faqs > li.faq.-expanded .-answer > * { max-height: 9999px;}\n<\/style>","protected":false},"excerpt":{"rendered":"<p>Lesen und verstehen Sie unbedingt unsere Nutzungsbedingungen, in denen erl\u00e4utert wird, was Sie von unserem Spenderprogramm erwarten k\u00f6nnen, und was wir von Ihnen beim Kauf unseres Samens und anderer Dienstleistungen erwarten. Das Nutzungsbedingungsschreiben muss vor dem Versand von Spenderproben unterschrieben an uns zur\u00fcckgesandt werden. Das Formular kann per Fax, Post &#8230;<\/p>\n","protected":false},"author":1,"featured_media":0,"parent":0,"menu_order":0,"comment_status":"closed","ping_status":"closed","template":"","meta":{"footnotes":""},"class_list":["post-6084","page","type-page","status-publish","hentry"],"yoast_head":"<!-- This site is optimized with the Yoast SEO plugin v27.1.1 - https:\/\/yoast.com\/product\/yoast-seo-wordpress\/ -->\n<title>Bestellungen und Versand H\u00e4ufig gestellte Fragen | Fairfax Cryobank<\/title>\n<meta name=\"description\" content=\"Bestellungen und VersandH\u00e4ufig gestellte Fragen\" \/>\n<meta name=\"robots\" content=\"index, follow, max-snippet:-1, max-image-preview:large, max-video-preview:-1\" \/>\n<link rel=\"canonical\" href=\"https:\/\/fairfaxcryobank.com\/de\/bestellung-und-versand\" \/>\n<meta property=\"og:locale\" content=\"de_DE\" \/>\n<meta property=\"og:type\" content=\"article\" \/>\n<meta property=\"og:title\" content=\"Bestellungen und Versand H\u00e4ufig gestellte Fragen | Fairfax Cryobank\" \/>\n<meta property=\"og:description\" content=\"Bestellungen und VersandH\u00e4ufig gestellte Fragen\" \/>\n<meta property=\"og:url\" content=\"https:\/\/fairfaxcryobank.com\/de\/bestellung-und-versand\" \/>\n<meta property=\"og:site_name\" content=\"Fairfax Cryobank - Find a Sperm Donor\" \/>\n<meta property=\"article:publisher\" content=\"https:\/\/www.facebook.com\/fairfax.cryobank\" \/>\n<meta property=\"article:modified_time\" content=\"2020-03-05T17:05:04+00:00\" \/>\n<meta name=\"twitter:card\" content=\"summary_large_image\" \/>\n<meta name=\"twitter:site\" content=\"@FairfaxCryobank\" \/>\n<script type=\"application\/ld+json\" class=\"yoast-schema-graph\">{\"@context\":\"https:\/\/schema.org\",\"@graph\":[{\"@type\":\"WebPage\",\"@id\":\"https:\/\/fairfaxcryobank.com\/de\/bestellung-und-versand\",\"url\":\"https:\/\/fairfaxcryobank.com\/de\/bestellung-und-versand\",\"name\":\"Bestellungen und Versand H\u00e4ufig gestellte Fragen | Fairfax Cryobank\",\"isPartOf\":{\"@id\":\"https:\/\/fairfaxcryobank.com\/de#website\"},\"datePublished\":\"2015-05-15T07:04:30+00:00\",\"dateModified\":\"2020-03-05T17:05:04+00:00\",\"description\":\"Bestellungen und VersandH\u00e4ufig gestellte Fragen\",\"breadcrumb\":{\"@id\":\"https:\/\/fairfaxcryobank.com\/de\/bestellung-und-versand#breadcrumb\"},\"inLanguage\":\"de\",\"potentialAction\":[{\"@type\":\"ReadAction\",\"target\":[\"https:\/\/fairfaxcryobank.com\/de\/bestellung-und-versand\"]}]},{\"@type\":\"BreadcrumbList\",\"@id\":\"https:\/\/fairfaxcryobank.com\/de\/bestellung-und-versand#breadcrumb\",\"itemListElement\":[{\"@type\":\"ListItem\",\"position\":1,\"name\":\"Home\",\"item\":\"https:\/\/fairfaxcryobank.com\/de\"},{\"@type\":\"ListItem\",\"position\":2,\"name\":\"Bestellungen und Versand H\u00e4ufig gestellte Fragen\"}]},{\"@type\":\"WebSite\",\"@id\":\"https:\/\/fairfaxcryobank.com\/de#website\",\"url\":\"https:\/\/fairfaxcryobank.com\/de\",\"name\":\"Fairfax Cryobank - Find a Sperm Donor\",\"description\":\"Top-Tier Sperm Bank\",\"publisher\":{\"@id\":\"https:\/\/fairfaxcryobank.com\/de#organization\"},\"potentialAction\":[{\"@type\":\"SearchAction\",\"target\":{\"@type\":\"EntryPoint\",\"urlTemplate\":\"https:\/\/fairfaxcryobank.com\/de?s={search_term_string}\"},\"query-input\":{\"@type\":\"PropertyValueSpecification\",\"valueRequired\":true,\"valueName\":\"search_term_string\"}}],\"inLanguage\":\"de\"},{\"@type\":\"Organization\",\"@id\":\"https:\/\/fairfaxcryobank.com\/de#organization\",\"name\":\"Fairfax Cryobank\",\"url\":\"https:\/\/fairfaxcryobank.com\/de\",\"logo\":{\"@type\":\"ImageObject\",\"inLanguage\":\"de\",\"@id\":\"https:\/\/fairfaxcryobank.com\/de#\/schema\/logo\/image\/\",\"url\":\"https:\/\/fairfaxcryobank.com\/wp-content\/uploads\/logo.webp\",\"contentUrl\":\"https:\/\/fairfaxcryobank.com\/wp-content\/uploads\/logo.webp\",\"width\":1,\"height\":1,\"caption\":\"Fairfax Cryobank\"},\"image\":{\"@id\":\"https:\/\/fairfaxcryobank.com\/de#\/schema\/logo\/image\/\"},\"sameAs\":[\"https:\/\/www.facebook.com\/fairfax.cryobank\",\"https:\/\/x.com\/FairfaxCryobank\",\"https:\/\/www.instagram.com\/fairfaxcryobank\/\",\"https:\/\/www.pinterest.com\/fairfaxcryo\/\"]}]}<\/script>\n<!-- \/ Yoast SEO plugin. -->","yoast_head_json":{"title":"Bestellungen und Versand H\u00e4ufig gestellte Fragen | Fairfax Cryobank","description":"Bestellungen und VersandH\u00e4ufig gestellte Fragen","robots":{"index":"index","follow":"follow","max-snippet":"max-snippet:-1","max-image-preview":"max-image-preview:large","max-video-preview":"max-video-preview:-1"},"canonical":"https:\/\/fairfaxcryobank.com\/de\/bestellung-und-versand","og_locale":"de_DE","og_type":"article","og_title":"Bestellungen und Versand H\u00e4ufig gestellte Fragen | Fairfax Cryobank","og_description":"Bestellungen und VersandH\u00e4ufig gestellte Fragen","og_url":"https:\/\/fairfaxcryobank.com\/de\/bestellung-und-versand","og_site_name":"Fairfax Cryobank - Find a Sperm Donor","article_publisher":"https:\/\/www.facebook.com\/fairfax.cryobank","article_modified_time":"2020-03-05T17:05:04+00:00","twitter_card":"summary_large_image","twitter_site":"@FairfaxCryobank","schema":{"@context":"https:\/\/schema.org","@graph":[{"@type":"WebPage","@id":"https:\/\/fairfaxcryobank.com\/de\/bestellung-und-versand","url":"https:\/\/fairfaxcryobank.com\/de\/bestellung-und-versand","name":"Bestellungen und Versand H\u00e4ufig gestellte Fragen | Fairfax Cryobank","isPartOf":{"@id":"https:\/\/fairfaxcryobank.com\/de#website"},"datePublished":"2015-05-15T07:04:30+00:00","dateModified":"2020-03-05T17:05:04+00:00","description":"Bestellungen und VersandH\u00e4ufig gestellte Fragen","breadcrumb":{"@id":"https:\/\/fairfaxcryobank.com\/de\/bestellung-und-versand#breadcrumb"},"inLanguage":"de","potentialAction":[{"@type":"ReadAction","target":["https:\/\/fairfaxcryobank.com\/de\/bestellung-und-versand"]}]},{"@type":"BreadcrumbList","@id":"https:\/\/fairfaxcryobank.com\/de\/bestellung-und-versand#breadcrumb","itemListElement":[{"@type":"ListItem","position":1,"name":"Home","item":"https:\/\/fairfaxcryobank.com\/de"},{"@type":"ListItem","position":2,"name":"Bestellungen und Versand H\u00e4ufig gestellte Fragen"}]},{"@type":"WebSite","@id":"https:\/\/fairfaxcryobank.com\/de#website","url":"https:\/\/fairfaxcryobank.com\/de","name":"Fairfax Cryobank - Find a Sperm Donor","description":"Top-Tier Sperm Bank","publisher":{"@id":"https:\/\/fairfaxcryobank.com\/de#organization"},"potentialAction":[{"@type":"SearchAction","target":{"@type":"EntryPoint","urlTemplate":"https:\/\/fairfaxcryobank.com\/de?s={search_term_string}"},"query-input":{"@type":"PropertyValueSpecification","valueRequired":true,"valueName":"search_term_string"}}],"inLanguage":"de"},{"@type":"Organization","@id":"https:\/\/fairfaxcryobank.com\/de#organization","name":"Fairfax Cryobank","url":"https:\/\/fairfaxcryobank.com\/de","logo":{"@type":"ImageObject","inLanguage":"de","@id":"https:\/\/fairfaxcryobank.com\/de#\/schema\/logo\/image\/","url":"https:\/\/fairfaxcryobank.com\/wp-content\/uploads\/logo.webp","contentUrl":"https:\/\/fairfaxcryobank.com\/wp-content\/uploads\/logo.webp","width":1,"height":1,"caption":"Fairfax Cryobank"},"image":{"@id":"https:\/\/fairfaxcryobank.com\/de#\/schema\/logo\/image\/"},"sameAs":["https:\/\/www.facebook.com\/fairfax.cryobank","https:\/\/x.com\/FairfaxCryobank","https:\/\/www.instagram.com\/fairfaxcryobank\/","https:\/\/www.pinterest.com\/fairfaxcryo\/"]}]}},"post_mailing_queue_ids":[],"_links":{"self":[{"href":"https:\/\/fairfaxcryobank.com\/de\/wp-json\/wp\/v2\/pages\/6084","targetHints":{"allow":["GET"]}}],"collection":[{"href":"https:\/\/fairfaxcryobank.com\/de\/wp-json\/wp\/v2\/pages"}],"about":[{"href":"https:\/\/fairfaxcryobank.com\/de\/wp-json\/wp\/v2\/types\/page"}],"author":[{"embeddable":true,"href":"https:\/\/fairfaxcryobank.com\/de\/wp-json\/wp\/v2\/users\/1"}],"replies":[{"embeddable":true,"href":"https:\/\/fairfaxcryobank.com\/de\/wp-json\/wp\/v2\/comments?post=6084"}],"version-history":[{"count":0,"href":"https:\/\/fairfaxcryobank.com\/de\/wp-json\/wp\/v2\/pages\/6084\/revisions"}],"wp:attachment":[{"href":"https:\/\/fairfaxcryobank.com\/de\/wp-json\/wp\/v2\/media?parent=6084"}],"curies":[{"name":"wp","href":"https:\/\/api.w.org\/{rel}","templated":true}]}}