{"id":6087,"date":"2015-05-18T12:20:36","date_gmt":"2015-05-18T12:20:36","guid":{"rendered":"https:\/\/fairfaxcryobank.com\/online-ordering-faqs\/"},"modified":"2020-03-05T17:12:05","modified_gmt":"2020-03-05T17:12:05","slug":"online-bestellungen","status":"publish","type":"page","link":"https:\/\/fairfaxcryobank.com\/de\/online-bestellungen","title":{"rendered":"Online-Bestellung H\u00e4ufig gestellte Fragen"},"content":{"rendered":"<p>Wenn dies Ihre erste Bestellung f\u00fcr Spenderproben ist, empfehlen wir Ihnen, Ihre Bestellung telefonisch (0800 333 4211) aufzugeben, damit Sie w\u00e4hrend des Vorgangs Fragen stellen und sich mit dem Bestellvorgang vertraut machen k\u00f6nnen.<\/p>\n\n\t<ul class=\"faqs\" >\n\t\t\t<li class=\"faq\" id=\"faq-block_5d111873822d4\">\n\t\t\t<div class=\"-question\">Ich m\u00f6chte eine Bestellung aufgeben. Welche Schritte muss ich ausf\u00fchren, bevor ich online einkaufen kann?<\/div>\n\t\t\t<div class=\"-answer\"><p>Bevor Sie eine Bestellung aufgeben, muss Ihr zugelassener Arzt bzw. medizinisches Fachpersonal ein Konto bei uns eingerichtet haben. Konten werden entweder als Vorauszahlung auf Rechnung des Arztes oder des Patienten eingerichtet.<\/p>\n<p>F\u00fcr Arztrechnungskonten gibt die Arztpraxis die Bestellung auf. Bei Prepaid-Konten f\u00fcr Patienten t\u00e4tigen und bezahlen die Patienten Bestellungen entweder telefonisch oder online. Bitte wenden Sie sich an Ihre Arztpraxis, um zu best\u00e4tigen, wie die Bestellungen f\u00fcr ihre Patienten ausgef\u00fchrt werden sollen.<\/p>\n<p>Wir m\u00fcssen auch ein unterschriebenes Nutzungsbedingungsschreiben von Ihnen haben, bevor eine Samenbestellung aufgegeben werden kann. Sie k\u00f6nnen dies online w\u00e4hrend des Zahlungsvorgangs tun. Bitte lesen Sie das Dokument sorgf\u00e4ltig durch, bevor Sie auf &#8222;Senden&#8220; klicken. In unseren Nutzungsbedingungen erfahren Sie, was Sie von unserem Spenderprogramm erwarten und was wir von Ihnen beim Kauf unseres Samens und anderer Dienstleistungen erwarten. Wenn Sie es vorziehen, k\u00f6nnen Sie das Formular herunterladen und eine signierte Kopie per Fax, Post oder gescanntem Bild mindestens einen Tag vor Ihrer Samenbestellung an eine E-Mail senden. Sie k\u00f6nnen sich an unseren Kundendienst wenden, um Unterst\u00fctzung zu erhalten.<\/p>\n<\/div>\n\t\t<\/li>\n\t\t\t<li class=\"faq\" id=\"faq-block_5d111873822d4\">\n\t\t\t<div class=\"-question\">Wann muss ich meine Bestellung aufgeben?<\/div>\n\t\t\t<div class=\"-answer\"><p>Fairfax Cryobank empfiehlt, Ihre Bestellung ein bis zwei Wochen vor der geplanten Prozedur aufzugeben, um die Verf\u00fcgbarkeit der Spender sicherzustellen. Sie k\u00f6nnen Ihre Bestellung aufgeben und einen Versandtermin bis zu 30 Tage im Voraus festlegen. Wenn Ihr Eingriff 30 Tage oder sp\u00e4ter ist, k\u00f6nnen Sie auch eine Bestellung bei der Fairfax Cryobank aufgeben, um sie einzulagern.<\/p>\n<\/div>\n\t\t<\/li>\n\t\t\t<li class=\"faq\" id=\"faq-block_5d111873822d4\">\n\t\t\t<div class=\"-question\">Wie kaufe ich Spenderinformationen online?<\/div>\n\t\t\t<div class=\"-answer\"><ol>\n<li>Besuchen Sie unsere Homepage unter <a href=\"https:\/\/https:\/\/fairfaxcryobank.com\/de\/\">www.https:\/\/fairfaxcryobank.com\/de\/<\/a><\/li>\n<li>Klicken Sie auf der Startseite auf &#8222;<a href=\"https:\/\/https:\/\/fairfaxcryobank.com\/search\/de\/\"><u>Spendersuche<\/u><\/a>&#8222;.<\/li>\n<li>Schlie\u00dfen Sie Ihre Suche gem\u00e4\u00df Ihrer pers\u00f6nlichen Pr\u00e4ferenzen ab. Um die gesamte Liste anzuzeigen, w\u00e4hlen Sie keine Optionen aus.<\/li>\n<li>Klicken Sie auf &#8222;Jetzt suchen&#8220;.<\/li>\n<li>Klicken Sie auf den blauen Hyperlink f\u00fcr den Spender, von dem Sie kaufen m\u00f6chten.<\/li>\n<li>Auf der rechten Seite sehen Sie Informationen zum Spender und zu den zum Kauf angebotenen Produkten.<\/li>\n<li>Betrachten Sie eines der <a href=\"https:\/\/https:\/\/fairfaxcryobank.com\/de\/pakete-fuer-die-spendersuche\"><u>Spender Unlimited Access-Pakete<\/u><\/a>, die f\u00fcr eine Geb\u00fchr sofortigen Zugriff bieten.<\/li>\n<li>F\u00fcgen Sie Produkte zu Ihrem Warenkorb hinzu, indem Sie auf In den Warenkorb klicken.<\/li>\n<li>Wenn Sie Produkte von einem anderen Spender kaufen m\u00f6chten, klicken Sie oben auf der Seite auf \u201eVorheriger Spender\u201c, \u201eN\u00e4chster Spender\u201c oder \u201eSuchergebnisse\u201c.<\/li>\n<li>Wenn Sie mit der Bestellung fertig sind, klicken Sie auf &#8222;Warenkorb anzeigen&#8220;, um Ihre Bestellung anzuzeigen. Korrigieren, falls notwendig.<\/li>\n<li>Wenn Sie zur Zahlung bereit sind, klicken Sie auf &#8222;Bezahlen&#8220;.<\/li>\n<li>Geben Sie die allgemeinen Zahlungsinformationen ein und klicken Sie auf Weiter zu Zahlungsinformationen.<\/li>\n<li>Befolgen Sie die Anweisungen, nachdem Sie die Zahlungsinformationen \u00fcbermittelt haben.<\/li>\n<li>Sie k\u00f6nnen auf fr\u00fchere Bestellungen zugreifen, indem Sie sich \u00fcber die Anmeldeoption oben rechts in Ihrem Konto anmelden.<\/li>\n<\/ol>\n<\/div>\n\t\t<\/li>\n\t\t\t<li class=\"faq\" id=\"faq-block_5d111873822d4\">\n\t\t\t<div class=\"-question\">Wie kaufe ich Spendersamen online?<\/div>\n\t\t\t<div class=\"-answer\"><ol>\n<li>Befolgen Sie die Schritte 1 bis 5 der obigen Antwort<\/li>\n<li>Rechts unten sehen Sie &#8222;Spermabestellung&#8220;.<\/li>\n<li>Klicken Sie auf den Pr\u00e4parationstyp (IUI, ICI oder IVF).<\/li>\n<li>W\u00e4hlen Sie die Anzahl der ben\u00f6tigten Fl\u00e4schchen.<\/li>\n<li>Nachdem Sie die Artikel f\u00fcr Ihren Warenkorb ausgew\u00e4hlt (gekauft) haben, klicken Sie auf &#8222;Warenkorb anzeigen&#8220;, um Ihre Bestellung zu best\u00e4tigen.<\/li>\n<li>Bezahlen Sie, indem Sie auf &#8222;Bezahlen&#8220; gehen. F\u00fcllen Sie die allgemeinen Rechnungsinformationen vollst\u00e4ndig aus (achten Sie genau auf Versandmethode und Adresse).<\/li>\n<li>Klicken Sie auf \u201cWeiter zu Zahlungsinformationen\u201c. Befolgen Sie die Anweisungen, nachdem Sie die Zahlungsinformationen \u00fcbermittelt haben.<\/li>\n<\/ol>\n<\/div>\n\t\t<\/li>\n\t\t\t<li class=\"faq\" id=\"faq-block_5d111873822d4\">\n\t\t\t<div class=\"-question\">Ben\u00f6tige ich ein bestimmtes Programm, um die auf der Website erworbenen Spenderinformationen anzeigen zu k\u00f6nnen?<\/div>\n\t\t\t<div class=\"-answer\"><p>Alle unsere schriftlichen Spenderinformationen liegen im HTML-Format vor. Sie ben\u00f6tigen daher nur einen Webbrowser, um Informationen anzuzeigen. Zum Anh\u00f6ren von Audio-Interviews ben\u00f6tigen Sie einen Audio-Player wie Windows Media Player, Real Player oder QuickTime. Sie werden in Ihrem Konto gespeichert und k\u00f6nnen \u00fcber Ihr Login (Ihre E-Mail-Adresse) und Ihr Passwort, das Sie bei Ihrem ersten Einkauf erstellt haben, erneut abgerufen werden.<\/p>\n<\/div>\n\t\t<\/li>\n\t\t\t<li class=\"faq\" id=\"faq-block_5d111873822d4\">\n\t\t\t<div class=\"-question\">Wie kann ich die von mir erworbenen Spenderinformationen anzeigen?<\/div>\n\t\t\t<div class=\"-answer\"><p>Nachdem Sie die oben genannten erforderlichen Schritte zum Kauf ausgef\u00fchrt haben, werden Sie zu einem Bildschirm weitergeleitet, in dem Ihre Rechnungs- und Zahlungsinformationen \u00fcberpr\u00fcft werden. Sie sehen eine Schaltfl\u00e4che mit der Aufschrift \u201eBest\u00e4tigen\u201d and \u201eBestellung aufgeben\u201c. Klicken Sie auf diese Schaltfl\u00e4che, und Sie sehen Hyperlinks, die Sie zu den von Ihnen gekauften Artikeln f\u00fchren.<\/p>\n<\/div>\n\t\t<\/li>\n\t\t\t<li class=\"faq\" id=\"faq-block_5d111873822d4\">\n\t\t\t<div class=\"-question\">Was bedeutet es, wenn &#8222;CALL&#8220; (Anruf) angezeigt wird, wenn eine Spermaprobe verf\u00fcgbar ist?<\/div>\n\t\t\t<div class=\"-answer\"><p>Wenn Sie \u201eBitte anrufen\u201c sehen, wenn Sie versuchen, Spendersamen zu kaufen, bedeutet dies, dass weniger als zehn Ampullen verf\u00fcgbar sind (von uns als begrenzt angesehen), und Sie sollten uns anrufen, um die aktuelle Verf\u00fcgbarkeit des Spenders zu erfahren.<\/p>\n<\/div>\n\t\t<\/li>\n\t\t\t<li class=\"faq\" id=\"faq-block_5d111873822d4\">\n\t\t\t<div class=\"-question\">Erhalte ich eine Auftragsbest\u00e4tigung?<\/div>\n\t\t\t<div class=\"-answer\"><p>Sie haben die Wahl zwischen einer E-Mail oder einer telefonischen Best\u00e4tigung f\u00fcr Bestellungen von Spendersamen.<\/p>\n<\/div>\n\t\t<\/li>\n\t\t\t<li class=\"faq\" id=\"faq-block_5d111873822d4\">\n\t\t\t<div class=\"-question\">Wie lange habe ich Zeit, um meine Spermabestellung zu stornieren?<\/div>\n\t\t\t<div class=\"-answer\"><p>Sie m\u00fcssen Ihre Bestellung 24 Stunden vor dem geplanten Versanddatum stornieren. Ansonsten wird eine Wiederauff\u00fcllungsgeb\u00fchr von 100 USD f\u00e4llig.<\/p>\n<\/div>\n\t\t<\/li>\n\t\t\t<li class=\"faq\" id=\"faq-block_5d111873822d4\">\n\t\t\t<div class=\"-question\">Was passiert, wenn ich versehentlich eine doppelte Bestellung aufgebe?<\/div>\n\t\t\t<div class=\"-answer\"><p>Wenden Sie sich unverz\u00fcglich an Fairfax Cryobank, wenn Sie festgestellt haben, dass Sie eine doppelte Bestellung aufgegeben haben. Die Fairfax Cryobank kann dann einen der Auftr\u00e4ge stornieren.<\/p>\n<\/div>\n\t\t<\/li>\n\t\t\t<li class=\"faq\" id=\"faq-block_5d111873822d4\">\n\t\t\t<div class=\"-question\">Wie entferne ich einen Artikel aus meinem Warenkorb?<\/div>\n\t\t\t<div class=\"-answer\"><p>Wenn Sie sich daf\u00fcr entschieden haben, einen Artikel aus Ihrem Warenkorb zu entfernen und den Rest zu belassen, \u00e4ndern Sie unter &#8222;Menge&#8220; die Zahl auf &#8222;0&#8220; und klicken Sie auf &#8222;Gesamtsumme aktualisieren&#8220;. Sobald Sie auf &#8222;Gesamtsumme aktualisieren&#8220; klicken, wird der Artikel automatisch von Ihrem Warenkorb entfernt.<\/p>\n<\/div>\n\t\t<\/li>\n\t\t\t<li class=\"faq\" id=\"faq-block_5d111873822d4\">\n\t\t\t<div class=\"-question\">Wie \u00fcberpr\u00fcfe ich alte Eink\u00e4ufe von Spenderinformationen?<\/div>\n\t\t\t<div class=\"-answer\"><p>W\u00e4hrend des Bestellvorgangs f\u00fcr Ihre erste Bestellung erstellen Sie ein Login und ein Passwort. Ihr Login ist Ihre E-Mail-Adresse. Mit diesem Login und Passwort k\u00f6nnen Sie Ihre Bestellungen einsehen. Um Ihren Bestellverlauf anzuzeigen, rufen Sie die Spendersuche auf und klicken Sie auf die Schaltfl\u00e4che Anmelden. Nach der Anmeldung sehen Sie in der rechten oberen Ecke den Verlauf Ihrer Bestellungen.<\/p>\n<\/div>\n\t\t<\/li>\n\t\t\t<li class=\"faq\" id=\"faq-block_5d111873822d4\">\n\t\t\t<div class=\"-question\">Ich habe mein Passwort vergessen \u2013 was nun?<\/div>\n\t\t\t<div class=\"-answer\"><p>Klicken Sie auf die Schaltfl\u00e4che \u201cAnmelden\u201c. Klicken Sie auf die Schaltfl\u00e4che, \u201ePasswort vergessen\u201c. Ihr Passwort wird Ihnen dann per E-Mail zugeschickt.<\/p>\n<\/div>\n\t\t<\/li>\n\t\t\t<li class=\"faq\" id=\"faq-block_5d111873822d4\">\n\t\t\t<div class=\"-question\">Ich habe Probleme bei der Online-Bestellung. Was soll ich tun?<\/div>\n\t\t\t<div class=\"-answer\"><p>Der Kundendienst von Fairfax Cryobank unter der Rufnummer 0800 333 4211 kann Ihnen bei Ihrer Bestellung behilflich sein. Sie k\u00f6nnen auch unsere neue Click-to-Chat-Funktion auf unserer Homepage und die Spendersuche verwenden.<\/p>\n<\/div>\n\t\t<\/li>\n\t\t\t<li class=\"faq\" id=\"faq-block_5d111873822d4\">\n\t\t\t<div class=\"-question\">Wie lange dauert das Herunterladen einer Audiodatei?<\/div>\n\t\t\t<div class=\"-answer\"><p>Dies h\u00e4ngt von der Geschwindigkeit und Art der Verbindung Ihres Computers mit dem Internet ab. Einwahldienst dauert viel l\u00e4nger als DSL- oder Kabelverbindungen. H\u00e4ufig wird zu Beginn des Downloads die Zeit f\u00fcr den Download auf Ihrem Computerbildschirm gesch\u00e4tzt. Bei der schnelleren Verbindung dauert der Download einige Momente, bei der langsameren Verbindung kann es bis zu einer halben Stunde dauern.<\/p>\n<\/div>\n\t\t<\/li>\n\t\t\t<li class=\"faq\" id=\"faq-block_5d111873822d4\">\n\t\t\t<div class=\"-question\">Was sind die Versandarten f\u00fcr Sperma?<\/div>\n\t\t\t<div class=\"-answer\"><p>Wenn Sie nicht in der N\u00e4he wohnen, wird Ihr Exemplar mit FedEx versendet. (Geb\u00fchren sehen Sie hier) Wenn Sie sich f\u00fcr eine Zustellung \u00fcber Nacht entscheiden, kommt Ihre Probe zwischen 8.00 Uhr und 12.30 Uhr in Ihrer Arztpraxis an. Wenn Sie sich f\u00fcr eine Lieferung innerhalb von zwei Tagen entschieden haben, kommt Ihre Probe zwischen 8.00 und 17.00 Uhr in Ihrer Arztpraxis an.<\/p>\n<\/div>\n\t\t<\/li>\n\t\t\t<li class=\"faq\" id=\"faq-block_5d111873822d4\">\n\t\t\t<div class=\"-question\">Welche Versandmethoden gelten f\u00fcr Papierprodukte (Spenderinformationen)?<\/div>\n\t\t\t<div class=\"-answer\"><p>Spenderinformationen f\u00fcr alle Online-Bestellungen sind nur online verf\u00fcgbar. Wenn Sie sich Spenderinformationen zusenden lassen m\u00f6chten, wenden Sie sich bitte an unsere Kundendienstabteilung und geben Sie Ihre Bestellung telefonisch unter der Nummer 0800 333 4211 auf.<\/p>\n<\/div>\n\t\t<\/li>\n\t\t\t<li class=\"faq\" id=\"faq-block_5d111873822d4\">\n\t\t\t<div class=\"-question\">Sind Online-Bestellungen sicher?<\/div>\n\t\t\t<div class=\"-answer\"><p>Fairfax Cryobank verwendet den Internet Information Server von Microsoft, mit dem Daten von Ihrem Browser auf unseren Server verschl\u00fcsselt werden. Wenn Sie einen Browser verwenden, der die \u00dcbertragung verschl\u00fcsselter Informationen \u00fcber das Internet unterst\u00fctzt, k\u00f6nnen Sie unsere sicheren Bestellformulare verwenden. Dies bedeutet, dass alle pers\u00f6nlichen Daten, die \u00fcber unsere sicheren Formulare \u00fcbermittelt werden, von niemandem gelesen werden k\u00f6nnen, der versucht, die \u00dcbertragung abzufangen. Somit werden Ihre Sicherheit und Privatsph\u00e4re gew\u00e4hrleistet.<\/p>\n<p><strong>Unser Protokoll garantiert<\/strong><\/p>\n<ol>\n<li>Die Informationen sind vor Angriffen gesch\u00fctzt. Es wird w\u00e4hrend der \u00dcbertragung verschl\u00fcsselt, so dass niemand au\u00dfer uns diese Infos lesen kann.<\/li>\n<li>Die Informationen sind gegen Korruption gesch\u00fctzt. Wir k\u00f6nnen feststellen, ob die Informationen w\u00e4hrend des Transports ge\u00e4ndert wurden. In diesem Fall werden sie automatisch erneut \u00fcbertragen.<\/li>\n<li>Sie k\u00f6nnen sicher sein, dass Sie es mit uns zu tun haben. Ihr Browser kann Ihnen mitteilen, wem die Site geh\u00f6rt, mit der Sie verbunden sind. Diese Website wird von HLP Associates in Falls Church, Virginia, gehostet. Der Name unseres sicheren Servers kann nicht gef\u00e4lscht werden.<\/li>\n<\/ol>\n<\/div>\n\t\t<\/li>\n\t\t\t<li class=\"faq\" id=\"faq-block_5d111873822d4\">\n\t\t\t<div class=\"-question\">Was passiert mit meiner Kreditkartennummer?<\/div>\n\t\t\t<div class=\"-answer\"><p>Wenn Sie Ihre Kreditkartennummer in unser sicheres Bestellformular eingeben, k\u00f6nnen Sie sicher sein, dass es sicher ist. Ihre Informationen werden in einem Datenbanksystem abgelegt. Nachdem wir die Bestellung bearbeitet haben, werden Ihre Kreditkarteninformationen automatisch von unserem Webserver gel\u00f6scht. Wir speichern Ihre Kreditkarteninformationen nicht auf unserem Webserver.<\/p>\n<\/div>\n\t\t<\/li>\n\t\t\t<li class=\"faq\" id=\"faq-block_5d111873822d4\">\n\t\t\t<div class=\"-question\">Was passiert mit meinen pers\u00f6nlichen Daten?<\/div>\n\t\t\t<div class=\"-answer\"><p>Wir verwenden Ihre Daten nur zur Abwicklung Ihrer Bestellung. Ihr Name, Kreditkartentyp und -nummer sowie Ihre Rechnungsadresse sind hierf\u00fcr erforderlich. Die Kreditkartenunternehmen m\u00f6chten sicherstellen, dass nur der Inhaber die Karte verwendet. Daher genehmigen sie m\u00f6glicherweise keine K\u00e4ufe, bei denen die Informationen nicht \u00fcbereinstimmen.<\/p>\n<\/div>\n\t\t<\/li>\n\t\t\t<li class=\"faq\" id=\"faq-block_5d111873822d4\">\n\t\t\t<div class=\"-question\">Wird mein Name verkauft?<\/div>\n\t\t\t<div class=\"-answer\"><p>Wir werden Ihren Namen an niemanden verkaufen oder verleihen. Fairfax Cryobank ist sehr um Ihre Privatsph\u00e4re bem\u00fcht.<\/p>\n<\/div>\n\t\t<\/li>\n\t\t<\/ul>\n<script>\nvar faqs = document.querySelectorAll('li.faq');\nfor (var i=0; i<faqs.length; i++) {\n\tfaqs[i].addEventListener('click', function(event) {\n\t\tthis.classList.toggle('-expanded');\n\t});\n}\n<\/script>\n<style>\nul.faqs {\n\tmargin: 0 0 25px; padding: 0;\n}\nul.faqs > li.faq {\n\tmargin: 0 0 10px; padding: 0;\n\tlist-style: none;\n\tbackground: none;\n}\nul.faqs > li.faq.-expanded {\n\tborder: 1px solid #e8e8e8;\n\tbox-shadow: 0 2px 10px rgba(0,0,0,0.1)\n}\nul.faqs > li.faq .-question {\n\tposition: relative;\n\tpadding: 19px 19px 19px 78px;\n\tcolor: #565456;\n\tfont-size: 20px; line-height: 1.2;\n\tbackground: #f1f1f1;\n\tcursor: pointer;\n\ttransition: .3s\n}\nul.faqs > li.faq .-question:hover { color: #1f1f1f; background: #f6f6f6; }\nul.faqs > li.faq .-question:before {\n\tcontent: \"\";\n\tposition: absolute;\n\ttop: 0; bottom: 0; left: 0;\n\twidth:62px;\n\tbackground: linear-gradient(#898989,#898989), linear-gradient(#898989,#898989), #eaeaea;\n\tbackground-position:center;\n\tbackground-size: 20px 2px,2px 20px;\n\tbackground-repeat:no-repeat;\n}\nul.faqs > li.faq .-question:hover:before {\n\tbackground: linear-gradient(#ea6950,#ea6950), linear-gradient(#ea6950,#ea6950), #eaeaea;\n\tbackground-position:center;\n\tbackground-size: 20px 2px,2px 20px;\n\tbackground-repeat:no-repeat;\n}\nul.faqs > li.faq.-expanded .-question,\nul.faqs > li.faq.-expanded .-question:hover { color: #ea6950; background: #f9f9f9; }\nul.faqs > li.faq.-expanded .-question:before,\nul.faqs > li.faq.-expanded .-question:hover:before {\n\tcontent: \"\";\n\tposition: absolute;\n\ttop: 0; bottom: 0; left: 0;\n\twidth:62px;\n\tbackground: linear-gradient(#ffffff,#ffffff), #ea6950;\n\tbackground-position:center;\n\tbackground-size: 20px 2px;\n\tbackground-repeat:no-repeat;\n}\n\nul.faqs > li.faq .-answer {\n\toverflow: hidden;\n\tpadding: 0 0 0 78px;\n\tmax-height: 0;\n\ttransition: 0.2s;\n}\nul.faqs > li.faq .-answer > * { overflow: hidden; max-height: 0; }\nul.faqs > li.faq.-expanded .-answer {\n\tbox-sizing: border-box;\n\tpadding: 19px 19px 19px 78px;\n\tmax-height: 9999px;\n\tcolor: #585858;\n\tfont-size: 16px; line-height: 23px;\n\tbackground: #fff;\n\ttransition: 0.4s;\n}\nul.faqs > li.faq.-expanded .-answer > * { max-height: 9999px;}\n<\/style>","protected":false},"excerpt":{"rendered":"<p>Wenn dies Ihre erste Bestellung f\u00fcr Spenderproben ist, empfehlen wir Ihnen, Ihre Bestellung telefonisch (0800 333 4211) aufzugeben, damit Sie w\u00e4hrend des Vorgangs Fragen stellen und sich mit dem Bestellvorgang vertraut machen k\u00f6nnen.<\/p>\n","protected":false},"author":1,"featured_media":0,"parent":0,"menu_order":0,"comment_status":"closed","ping_status":"closed","template":"","meta":{"footnotes":""},"class_list":["post-6087","page","type-page","status-publish","hentry"],"yoast_head":"<!-- This site is optimized with the Yoast SEO plugin v27.1.1 - https:\/\/yoast.com\/product\/yoast-seo-wordpress\/ -->\n<title>Online-Bestellung H\u00e4ufig gestellte Fragen | Fairfax Cryobank<\/title>\n<meta name=\"description\" content=\"Online-BestellungH\u00e4ufig gestellte Fragen\" \/>\n<meta name=\"robots\" content=\"index, follow, max-snippet:-1, max-image-preview:large, max-video-preview:-1\" \/>\n<link rel=\"canonical\" href=\"https:\/\/fairfaxcryobank.com\/de\/online-bestellungen\" \/>\n<meta property=\"og:locale\" content=\"de_DE\" \/>\n<meta property=\"og:type\" content=\"article\" \/>\n<meta property=\"og:title\" content=\"Online-Bestellung H\u00e4ufig gestellte Fragen | Fairfax Cryobank\" \/>\n<meta property=\"og:description\" content=\"Online-BestellungH\u00e4ufig gestellte Fragen\" \/>\n<meta property=\"og:url\" content=\"https:\/\/fairfaxcryobank.com\/de\/online-bestellungen\" \/>\n<meta property=\"og:site_name\" content=\"Fairfax Cryobank - Find a Sperm Donor\" \/>\n<meta property=\"article:publisher\" content=\"https:\/\/www.facebook.com\/fairfax.cryobank\" \/>\n<meta property=\"article:modified_time\" content=\"2020-03-05T17:12:05+00:00\" \/>\n<meta name=\"twitter:card\" content=\"summary_large_image\" \/>\n<meta name=\"twitter:site\" content=\"@FairfaxCryobank\" \/>\n<script type=\"application\/ld+json\" class=\"yoast-schema-graph\">{\"@context\":\"https:\/\/schema.org\",\"@graph\":[{\"@type\":\"WebPage\",\"@id\":\"https:\/\/fairfaxcryobank.com\/de\/online-bestellungen\",\"url\":\"https:\/\/fairfaxcryobank.com\/de\/online-bestellungen\",\"name\":\"Online-Bestellung H\u00e4ufig gestellte Fragen | Fairfax Cryobank\",\"isPartOf\":{\"@id\":\"https:\/\/fairfaxcryobank.com\/de#website\"},\"datePublished\":\"2015-05-18T12:20:36+00:00\",\"dateModified\":\"2020-03-05T17:12:05+00:00\",\"description\":\"Online-BestellungH\u00e4ufig gestellte Fragen\",\"breadcrumb\":{\"@id\":\"https:\/\/fairfaxcryobank.com\/de\/online-bestellungen#breadcrumb\"},\"inLanguage\":\"de\",\"potentialAction\":[{\"@type\":\"ReadAction\",\"target\":[\"https:\/\/fairfaxcryobank.com\/de\/online-bestellungen\"]}]},{\"@type\":\"BreadcrumbList\",\"@id\":\"https:\/\/fairfaxcryobank.com\/de\/online-bestellungen#breadcrumb\",\"itemListElement\":[{\"@type\":\"ListItem\",\"position\":1,\"name\":\"Home\",\"item\":\"https:\/\/fairfaxcryobank.com\/de\"},{\"@type\":\"ListItem\",\"position\":2,\"name\":\"Online-Bestellung H\u00e4ufig gestellte Fragen\"}]},{\"@type\":\"WebSite\",\"@id\":\"https:\/\/fairfaxcryobank.com\/de#website\",\"url\":\"https:\/\/fairfaxcryobank.com\/de\",\"name\":\"Fairfax Cryobank - Find a Sperm Donor\",\"description\":\"Top-Tier Sperm Bank\",\"publisher\":{\"@id\":\"https:\/\/fairfaxcryobank.com\/de#organization\"},\"potentialAction\":[{\"@type\":\"SearchAction\",\"target\":{\"@type\":\"EntryPoint\",\"urlTemplate\":\"https:\/\/fairfaxcryobank.com\/de?s={search_term_string}\"},\"query-input\":{\"@type\":\"PropertyValueSpecification\",\"valueRequired\":true,\"valueName\":\"search_term_string\"}}],\"inLanguage\":\"de\"},{\"@type\":\"Organization\",\"@id\":\"https:\/\/fairfaxcryobank.com\/de#organization\",\"name\":\"Fairfax Cryobank\",\"url\":\"https:\/\/fairfaxcryobank.com\/de\",\"logo\":{\"@type\":\"ImageObject\",\"inLanguage\":\"de\",\"@id\":\"https:\/\/fairfaxcryobank.com\/de#\/schema\/logo\/image\/\",\"url\":\"https:\/\/fairfaxcryobank.com\/wp-content\/uploads\/logo.webp\",\"contentUrl\":\"https:\/\/fairfaxcryobank.com\/wp-content\/uploads\/logo.webp\",\"width\":1,\"height\":1,\"caption\":\"Fairfax Cryobank\"},\"image\":{\"@id\":\"https:\/\/fairfaxcryobank.com\/de#\/schema\/logo\/image\/\"},\"sameAs\":[\"https:\/\/www.facebook.com\/fairfax.cryobank\",\"https:\/\/x.com\/FairfaxCryobank\",\"https:\/\/www.instagram.com\/fairfaxcryobank\/\",\"https:\/\/www.pinterest.com\/fairfaxcryo\/\"]}]}<\/script>\n<!-- \/ Yoast SEO plugin. -->","yoast_head_json":{"title":"Online-Bestellung H\u00e4ufig gestellte Fragen | Fairfax Cryobank","description":"Online-BestellungH\u00e4ufig gestellte Fragen","robots":{"index":"index","follow":"follow","max-snippet":"max-snippet:-1","max-image-preview":"max-image-preview:large","max-video-preview":"max-video-preview:-1"},"canonical":"https:\/\/fairfaxcryobank.com\/de\/online-bestellungen","og_locale":"de_DE","og_type":"article","og_title":"Online-Bestellung H\u00e4ufig gestellte Fragen | Fairfax Cryobank","og_description":"Online-BestellungH\u00e4ufig gestellte Fragen","og_url":"https:\/\/fairfaxcryobank.com\/de\/online-bestellungen","og_site_name":"Fairfax Cryobank - Find a Sperm Donor","article_publisher":"https:\/\/www.facebook.com\/fairfax.cryobank","article_modified_time":"2020-03-05T17:12:05+00:00","twitter_card":"summary_large_image","twitter_site":"@FairfaxCryobank","schema":{"@context":"https:\/\/schema.org","@graph":[{"@type":"WebPage","@id":"https:\/\/fairfaxcryobank.com\/de\/online-bestellungen","url":"https:\/\/fairfaxcryobank.com\/de\/online-bestellungen","name":"Online-Bestellung H\u00e4ufig gestellte Fragen | Fairfax Cryobank","isPartOf":{"@id":"https:\/\/fairfaxcryobank.com\/de#website"},"datePublished":"2015-05-18T12:20:36+00:00","dateModified":"2020-03-05T17:12:05+00:00","description":"Online-BestellungH\u00e4ufig gestellte Fragen","breadcrumb":{"@id":"https:\/\/fairfaxcryobank.com\/de\/online-bestellungen#breadcrumb"},"inLanguage":"de","potentialAction":[{"@type":"ReadAction","target":["https:\/\/fairfaxcryobank.com\/de\/online-bestellungen"]}]},{"@type":"BreadcrumbList","@id":"https:\/\/fairfaxcryobank.com\/de\/online-bestellungen#breadcrumb","itemListElement":[{"@type":"ListItem","position":1,"name":"Home","item":"https:\/\/fairfaxcryobank.com\/de"},{"@type":"ListItem","position":2,"name":"Online-Bestellung H\u00e4ufig gestellte Fragen"}]},{"@type":"WebSite","@id":"https:\/\/fairfaxcryobank.com\/de#website","url":"https:\/\/fairfaxcryobank.com\/de","name":"Fairfax Cryobank - Find a Sperm Donor","description":"Top-Tier Sperm Bank","publisher":{"@id":"https:\/\/fairfaxcryobank.com\/de#organization"},"potentialAction":[{"@type":"SearchAction","target":{"@type":"EntryPoint","urlTemplate":"https:\/\/fairfaxcryobank.com\/de?s={search_term_string}"},"query-input":{"@type":"PropertyValueSpecification","valueRequired":true,"valueName":"search_term_string"}}],"inLanguage":"de"},{"@type":"Organization","@id":"https:\/\/fairfaxcryobank.com\/de#organization","name":"Fairfax Cryobank","url":"https:\/\/fairfaxcryobank.com\/de","logo":{"@type":"ImageObject","inLanguage":"de","@id":"https:\/\/fairfaxcryobank.com\/de#\/schema\/logo\/image\/","url":"https:\/\/fairfaxcryobank.com\/wp-content\/uploads\/logo.webp","contentUrl":"https:\/\/fairfaxcryobank.com\/wp-content\/uploads\/logo.webp","width":1,"height":1,"caption":"Fairfax Cryobank"},"image":{"@id":"https:\/\/fairfaxcryobank.com\/de#\/schema\/logo\/image\/"},"sameAs":["https:\/\/www.facebook.com\/fairfax.cryobank","https:\/\/x.com\/FairfaxCryobank","https:\/\/www.instagram.com\/fairfaxcryobank\/","https:\/\/www.pinterest.com\/fairfaxcryo\/"]}]}},"post_mailing_queue_ids":[],"_links":{"self":[{"href":"https:\/\/fairfaxcryobank.com\/de\/wp-json\/wp\/v2\/pages\/6087","targetHints":{"allow":["GET"]}}],"collection":[{"href":"https:\/\/fairfaxcryobank.com\/de\/wp-json\/wp\/v2\/pages"}],"about":[{"href":"https:\/\/fairfaxcryobank.com\/de\/wp-json\/wp\/v2\/types\/page"}],"author":[{"embeddable":true,"href":"https:\/\/fairfaxcryobank.com\/de\/wp-json\/wp\/v2\/users\/1"}],"replies":[{"embeddable":true,"href":"https:\/\/fairfaxcryobank.com\/de\/wp-json\/wp\/v2\/comments?post=6087"}],"version-history":[{"count":0,"href":"https:\/\/fairfaxcryobank.com\/de\/wp-json\/wp\/v2\/pages\/6087\/revisions"}],"wp:attachment":[{"href":"https:\/\/fairfaxcryobank.com\/de\/wp-json\/wp\/v2\/media?parent=6087"}],"curies":[{"name":"wp","href":"https:\/\/api.w.org\/{rel}","templated":true}]}}