{"id":6089,"date":"2015-05-18T13:52:18","date_gmt":"2015-05-18T13:52:18","guid":{"rendered":"https:\/\/fairfaxcryobank.com\/transfer-of-ownership\/"},"modified":"2020-08-31T11:08:19","modified_gmt":"2020-08-31T15:08:19","slug":"eigentumsubertragung-von-ampullen","status":"publish","type":"page","link":"https:\/\/fairfaxcryobank.com\/de\/eigentumsubertragung-von-ampullen","title":{"rendered":"Eigentums\u00fcbertragung von Ampullen"},"content":{"rendered":"\t<ul class=\"faqs\" >\n\t\t\t<li class=\"faq\" id=\"faq-block_5d1123ca8ae79\">\n\t\t\t<div class=\"-question\">Was ist eine Eigentums\u00fcbertragung (\u201cTransfer of Ownership\u201d)?<\/div>\n\t\t\t<div class=\"-answer\"><p>Patienten, die Fairfax Cryobank-Samenproben vor Ort bei Fairfax Cryobank aufbewahren lassen, k\u00f6nnen ihre Proben zur Verwendung auf den Namen einer anderen Person \u00fcbertragen, indem sie an einer so genannten Eigentums\u00fcbertragung (\u201eTransfer of Ownership\u201c) teilnehmen. Auf diese Weise kann die Fairfax Cryobank die Besitzer unserer Samenproben ordnungsgem\u00e4\u00df verfolgen, um sicherzustellen, dass wir die Anzahl der Familieneinheiten f\u00fcr jeden Spender genau \u00fcberwachen k\u00f6nnen. Dies erm\u00f6glicht es uns auch, einen Brief f\u00fcr eine Adoption eines zweiten Elternteils f\u00fcr unsere Patienten zu erstellen, wie dies \u00fcblicherweise gew\u00fcnscht wird. Dar\u00fcber hinaus erhalten neue Besitzer von Ampullen medizinische Updates, da ihre Kontaktinformationen jetzt in unserem System gespeichert sind.<\/p>\n<p>Bitte beachten Sie, dass der Empf\u00e4nger der Ampullen eine Geburtsmeldung vorweisen muss, damit eine Eigentums\u00fcbertragung f\u00fcr einen ausschlie\u00dflich geschwisterlichen Spender durchgef\u00fchrt werden kann. Wenn Sie Phiolen von einem Identit\u00e4ts (ID) Spender \u00fcbertragen, muss der Empf\u00e4nger das Identit\u00e4ts- (ID)-Formular ausf\u00fcllen, sofern dies noch nicht geschehen ist.<\/p>\n<\/div>\n\t\t<\/li>\n\t\t\t<li class=\"faq\" id=\"faq-block_5d1123ca8ae79\">\n\t\t\t<div class=\"-question\">Wie funktioniert eine Eigentums\u00fcbertragung f\u00fcr bei Fairfax Cryobank gelagerte Fl\u00e4schchen?<\/div>\n\t\t\t<div class=\"-answer\"><ul>\n<li>Der derzeitige Eigent\u00fcmer f\u00fcllt das Formular zur \u00dcbertragung des Eigentums aus<\/li>\n<li>Das Eigentums\u00fcbertragungsformular muss notariell beglaubigt werden<\/li>\n<li>Neuer Eigent\u00fcmer f\u00fcllt das Formular zur Annahme des Eigentums aus<\/li>\n<li>Zahlung einer \u00dcberweisungsgeb\u00fchr von 300 USD sowie der anfallenden Versandkosten<\/li>\n<li>Der neue Eigent\u00fcmer schlie\u00dft die Abrechnungsvereinbarung und die \u201eDonor Semen Storage Client\u201c-Vereinbarung ab<\/li>\n<li>Alle Dokumente und Zahlungen werden in einem Paket an die Cryobank zur\u00fcckgesandt<\/li>\n<li>Nach Erhalt der Dokumente beginnen wir mit der \u00dcbertragung des Eigentums und senden Aktualisierungsspeicherbriefe, um den Abschluss Ihrer \u00dcbertragung zu best\u00e4tigen.<\/li>\n<li>Der neue Eigent\u00fcmer richtet dann ein Speicherkonto f\u00fcr die neuen Fl\u00e4schchen ein.<br \/>\nDie Fl\u00e4schchen sind dann auf Anfrage versandbereit.<\/li>\n<\/ul>\n<\/div>\n\t\t<\/li>\n\t\t\t<li class=\"faq\" id=\"faq-block_5d1123ca8ae79\">\n\t\t\t<div class=\"-question\">Wie funktioniert eine Eigentums\u00fcbertragung, wenn meine Ampullen in meiner Klinik aufbewahrt werden (sogenannte \u201eSoft Transfer of Ownership\u201c)?<\/div>\n\t\t\t<div class=\"-answer\"><p>\u2022 Der aktuelle Eigent\u00fcmer f\u00fcllt das Formular zur \u00dcbertragung des Eigentums aus<br \/>\n\u2022 Das Eigentums\u00fcbertragungsformular muss notariell beglaubigt und eine unterschriebene Nutzungsbedingungen muss unterschrieben sein<br \/>\n\u2022 Neuer Eigent\u00fcmer f\u00fcllt das Formular zur Annahme des Eigentums aus<br \/>\n\u2022 Zahlung einer \u00dcberweisungsgeb\u00fchr von 100 USD<br \/>\n\u2022 Alle Dokumente und Zahlungen werden in einem Paket an die Cryobank zur\u00fcckgesandt<br \/>\n\u2022 Nach Erhalt der Dokumente beginnen wir mit der \u00dcbertragung des Eigentums und senden eine Best\u00e4tigung \u00fcber den Abschluss Ihrer \u00dcbertragung.<br \/>\n\u2022 Wenn der Kunde Fairfax ben\u00f6tigt, um den Versand der Fl\u00e4schchen von Klinik A zu Klinik B zu unterst\u00fctzen, handelt es sich nicht um eine weiche \u00dcbertragung des Eigentums, sondern um eine regelm\u00e4\u00dfige \u00dcbertragung des Eigentums.<\/p>\n<\/div>\n\t\t<\/li>\n\t\t<\/ul>\n<script>\nvar faqs = document.querySelectorAll('li.faq');\nfor (var i=0; i<faqs.length; i++) {\n\tfaqs[i].addEventListener('click', function(event) {\n\t\tthis.classList.toggle('-expanded');\n\t});\n}\n<\/script>\n<style>\nul.faqs {\n\tmargin: 0 0 25px; padding: 0;\n}\nul.faqs > li.faq {\n\tmargin: 0 0 10px; padding: 0;\n\tlist-style: none;\n\tbackground: none;\n}\nul.faqs > li.faq.-expanded {\n\tborder: 1px solid #e8e8e8;\n\tbox-shadow: 0 2px 10px rgba(0,0,0,0.1)\n}\nul.faqs > li.faq .-question {\n\tposition: relative;\n\tpadding: 19px 19px 19px 78px;\n\tcolor: #565456;\n\tfont-size: 20px; line-height: 1.2;\n\tbackground: #f1f1f1;\n\tcursor: pointer;\n\ttransition: .3s\n}\nul.faqs > li.faq .-question:hover { color: #1f1f1f; background: #f6f6f6; }\nul.faqs > li.faq .-question:before {\n\tcontent: \"\";\n\tposition: absolute;\n\ttop: 0; bottom: 0; left: 0;\n\twidth:62px;\n\tbackground: linear-gradient(#898989,#898989), linear-gradient(#898989,#898989), #eaeaea;\n\tbackground-position:center;\n\tbackground-size: 20px 2px,2px 20px;\n\tbackground-repeat:no-repeat;\n}\nul.faqs > li.faq .-question:hover:before {\n\tbackground: linear-gradient(#ea6950,#ea6950), linear-gradient(#ea6950,#ea6950), #eaeaea;\n\tbackground-position:center;\n\tbackground-size: 20px 2px,2px 20px;\n\tbackground-repeat:no-repeat;\n}\nul.faqs > li.faq.-expanded .-question,\nul.faqs > li.faq.-expanded .-question:hover { color: #ea6950; background: #f9f9f9; }\nul.faqs > li.faq.-expanded .-question:before,\nul.faqs > li.faq.-expanded .-question:hover:before {\n\tcontent: \"\";\n\tposition: absolute;\n\ttop: 0; bottom: 0; left: 0;\n\twidth:62px;\n\tbackground: linear-gradient(#ffffff,#ffffff), #ea6950;\n\tbackground-position:center;\n\tbackground-size: 20px 2px;\n\tbackground-repeat:no-repeat;\n}\n\nul.faqs > li.faq .-answer {\n\toverflow: hidden;\n\tpadding: 0 0 0 78px;\n\tmax-height: 0;\n\ttransition: 0.2s;\n}\nul.faqs > li.faq .-answer > * { overflow: hidden; max-height: 0; }\nul.faqs > li.faq.-expanded .-answer {\n\tbox-sizing: border-box;\n\tpadding: 19px 19px 19px 78px;\n\tmax-height: 9999px;\n\tcolor: #585858;\n\tfont-size: 16px; line-height: 23px;\n\tbackground: #fff;\n\ttransition: 0.4s;\n}\nul.faqs > li.faq.-expanded .-answer > * { max-height: 9999px;}\n<\/style>","protected":false},"excerpt":{"rendered":"","protected":false},"author":1,"featured_media":0,"parent":0,"menu_order":0,"comment_status":"closed","ping_status":"closed","template":"","meta":{"footnotes":""},"class_list":["post-6089","page","type-page","status-publish","hentry"],"yoast_head":"<!-- This site is optimized with the Yoast SEO plugin v27.1.1 - https:\/\/yoast.com\/product\/yoast-seo-wordpress\/ -->\n<title>Eigentums\u00fcbertragung von Ampullen | Fairfax Cryobank<\/title>\n<meta name=\"description\" content=\"Nach Erhalt der Dokumente beginnen wir mit der \u00dcbertragung des Eigentums und senden eine Best\u00e4tigung \u00fcber den Abschluss Ihrer \u00dcbertragung.\" \/>\n<meta name=\"robots\" content=\"index, follow, max-snippet:-1, max-image-preview:large, max-video-preview:-1\" \/>\n<link rel=\"canonical\" href=\"https:\/\/fairfaxcryobank.com\/de\/eigentumsubertragung-von-ampullen\" \/>\n<meta property=\"og:locale\" content=\"de_DE\" \/>\n<meta property=\"og:type\" content=\"article\" \/>\n<meta property=\"og:title\" content=\"Eigentums\u00fcbertragung von Ampullen | Fairfax Cryobank\" \/>\n<meta property=\"og:description\" content=\"Nach Erhalt der Dokumente beginnen wir mit der \u00dcbertragung des Eigentums und senden eine Best\u00e4tigung \u00fcber den Abschluss Ihrer \u00dcbertragung.\" \/>\n<meta property=\"og:url\" content=\"https:\/\/fairfaxcryobank.com\/de\/eigentumsubertragung-von-ampullen\" \/>\n<meta property=\"og:site_name\" content=\"Fairfax Cryobank - Find a Sperm Donor\" \/>\n<meta property=\"article:publisher\" content=\"https:\/\/www.facebook.com\/fairfax.cryobank\" \/>\n<meta property=\"article:modified_time\" content=\"2020-08-31T15:08:19+00:00\" \/>\n<meta name=\"twitter:card\" content=\"summary_large_image\" \/>\n<meta name=\"twitter:site\" content=\"@FairfaxCryobank\" \/>\n<script type=\"application\/ld+json\" class=\"yoast-schema-graph\">{\"@context\":\"https:\/\/schema.org\",\"@graph\":[{\"@type\":\"WebPage\",\"@id\":\"https:\/\/fairfaxcryobank.com\/de\/eigentumsubertragung-von-ampullen\",\"url\":\"https:\/\/fairfaxcryobank.com\/de\/eigentumsubertragung-von-ampullen\",\"name\":\"Eigentums\u00fcbertragung von Ampullen | Fairfax Cryobank\",\"isPartOf\":{\"@id\":\"https:\/\/fairfaxcryobank.com\/de#website\"},\"datePublished\":\"2015-05-18T13:52:18+00:00\",\"dateModified\":\"2020-08-31T15:08:19+00:00\",\"description\":\"Nach Erhalt der Dokumente beginnen wir mit der \u00dcbertragung des Eigentums und senden eine Best\u00e4tigung \u00fcber den Abschluss Ihrer \u00dcbertragung.\",\"breadcrumb\":{\"@id\":\"https:\/\/fairfaxcryobank.com\/de\/eigentumsubertragung-von-ampullen#breadcrumb\"},\"inLanguage\":\"de\",\"potentialAction\":[{\"@type\":\"ReadAction\",\"target\":[\"https:\/\/fairfaxcryobank.com\/de\/eigentumsubertragung-von-ampullen\"]}]},{\"@type\":\"BreadcrumbList\",\"@id\":\"https:\/\/fairfaxcryobank.com\/de\/eigentumsubertragung-von-ampullen#breadcrumb\",\"itemListElement\":[{\"@type\":\"ListItem\",\"position\":1,\"name\":\"Home\",\"item\":\"https:\/\/fairfaxcryobank.com\/de\"},{\"@type\":\"ListItem\",\"position\":2,\"name\":\"Eigentums\u00fcbertragung von Ampullen\"}]},{\"@type\":\"WebSite\",\"@id\":\"https:\/\/fairfaxcryobank.com\/de#website\",\"url\":\"https:\/\/fairfaxcryobank.com\/de\",\"name\":\"Fairfax Cryobank - Find a Sperm Donor\",\"description\":\"Top-Tier Sperm Bank\",\"publisher\":{\"@id\":\"https:\/\/fairfaxcryobank.com\/de#organization\"},\"potentialAction\":[{\"@type\":\"SearchAction\",\"target\":{\"@type\":\"EntryPoint\",\"urlTemplate\":\"https:\/\/fairfaxcryobank.com\/de?s={search_term_string}\"},\"query-input\":{\"@type\":\"PropertyValueSpecification\",\"valueRequired\":true,\"valueName\":\"search_term_string\"}}],\"inLanguage\":\"de\"},{\"@type\":\"Organization\",\"@id\":\"https:\/\/fairfaxcryobank.com\/de#organization\",\"name\":\"Fairfax Cryobank\",\"url\":\"https:\/\/fairfaxcryobank.com\/de\",\"logo\":{\"@type\":\"ImageObject\",\"inLanguage\":\"de\",\"@id\":\"https:\/\/fairfaxcryobank.com\/de#\/schema\/logo\/image\/\",\"url\":\"https:\/\/fairfaxcryobank.com\/wp-content\/uploads\/logo.webp\",\"contentUrl\":\"https:\/\/fairfaxcryobank.com\/wp-content\/uploads\/logo.webp\",\"width\":1,\"height\":1,\"caption\":\"Fairfax Cryobank\"},\"image\":{\"@id\":\"https:\/\/fairfaxcryobank.com\/de#\/schema\/logo\/image\/\"},\"sameAs\":[\"https:\/\/www.facebook.com\/fairfax.cryobank\",\"https:\/\/x.com\/FairfaxCryobank\",\"https:\/\/www.instagram.com\/fairfaxcryobank\/\",\"https:\/\/www.pinterest.com\/fairfaxcryo\/\"]}]}<\/script>\n<!-- \/ Yoast SEO plugin. -->","yoast_head_json":{"title":"Eigentums\u00fcbertragung von Ampullen | Fairfax Cryobank","description":"Nach Erhalt der Dokumente beginnen wir mit der \u00dcbertragung des Eigentums und senden eine Best\u00e4tigung \u00fcber den Abschluss Ihrer \u00dcbertragung.","robots":{"index":"index","follow":"follow","max-snippet":"max-snippet:-1","max-image-preview":"max-image-preview:large","max-video-preview":"max-video-preview:-1"},"canonical":"https:\/\/fairfaxcryobank.com\/de\/eigentumsubertragung-von-ampullen","og_locale":"de_DE","og_type":"article","og_title":"Eigentums\u00fcbertragung von Ampullen | Fairfax Cryobank","og_description":"Nach Erhalt der Dokumente beginnen wir mit der \u00dcbertragung des Eigentums und senden eine Best\u00e4tigung \u00fcber den Abschluss Ihrer \u00dcbertragung.","og_url":"https:\/\/fairfaxcryobank.com\/de\/eigentumsubertragung-von-ampullen","og_site_name":"Fairfax Cryobank - Find a Sperm Donor","article_publisher":"https:\/\/www.facebook.com\/fairfax.cryobank","article_modified_time":"2020-08-31T15:08:19+00:00","twitter_card":"summary_large_image","twitter_site":"@FairfaxCryobank","schema":{"@context":"https:\/\/schema.org","@graph":[{"@type":"WebPage","@id":"https:\/\/fairfaxcryobank.com\/de\/eigentumsubertragung-von-ampullen","url":"https:\/\/fairfaxcryobank.com\/de\/eigentumsubertragung-von-ampullen","name":"Eigentums\u00fcbertragung von Ampullen | Fairfax Cryobank","isPartOf":{"@id":"https:\/\/fairfaxcryobank.com\/de#website"},"datePublished":"2015-05-18T13:52:18+00:00","dateModified":"2020-08-31T15:08:19+00:00","description":"Nach Erhalt der Dokumente beginnen wir mit der \u00dcbertragung des Eigentums und senden eine Best\u00e4tigung \u00fcber den Abschluss Ihrer \u00dcbertragung.","breadcrumb":{"@id":"https:\/\/fairfaxcryobank.com\/de\/eigentumsubertragung-von-ampullen#breadcrumb"},"inLanguage":"de","potentialAction":[{"@type":"ReadAction","target":["https:\/\/fairfaxcryobank.com\/de\/eigentumsubertragung-von-ampullen"]}]},{"@type":"BreadcrumbList","@id":"https:\/\/fairfaxcryobank.com\/de\/eigentumsubertragung-von-ampullen#breadcrumb","itemListElement":[{"@type":"ListItem","position":1,"name":"Home","item":"https:\/\/fairfaxcryobank.com\/de"},{"@type":"ListItem","position":2,"name":"Eigentums\u00fcbertragung von Ampullen"}]},{"@type":"WebSite","@id":"https:\/\/fairfaxcryobank.com\/de#website","url":"https:\/\/fairfaxcryobank.com\/de","name":"Fairfax Cryobank - Find a Sperm Donor","description":"Top-Tier Sperm Bank","publisher":{"@id":"https:\/\/fairfaxcryobank.com\/de#organization"},"potentialAction":[{"@type":"SearchAction","target":{"@type":"EntryPoint","urlTemplate":"https:\/\/fairfaxcryobank.com\/de?s={search_term_string}"},"query-input":{"@type":"PropertyValueSpecification","valueRequired":true,"valueName":"search_term_string"}}],"inLanguage":"de"},{"@type":"Organization","@id":"https:\/\/fairfaxcryobank.com\/de#organization","name":"Fairfax Cryobank","url":"https:\/\/fairfaxcryobank.com\/de","logo":{"@type":"ImageObject","inLanguage":"de","@id":"https:\/\/fairfaxcryobank.com\/de#\/schema\/logo\/image\/","url":"https:\/\/fairfaxcryobank.com\/wp-content\/uploads\/logo.webp","contentUrl":"https:\/\/fairfaxcryobank.com\/wp-content\/uploads\/logo.webp","width":1,"height":1,"caption":"Fairfax Cryobank"},"image":{"@id":"https:\/\/fairfaxcryobank.com\/de#\/schema\/logo\/image\/"},"sameAs":["https:\/\/www.facebook.com\/fairfax.cryobank","https:\/\/x.com\/FairfaxCryobank","https:\/\/www.instagram.com\/fairfaxcryobank\/","https:\/\/www.pinterest.com\/fairfaxcryo\/"]}]}},"post_mailing_queue_ids":[],"_links":{"self":[{"href":"https:\/\/fairfaxcryobank.com\/de\/wp-json\/wp\/v2\/pages\/6089","targetHints":{"allow":["GET"]}}],"collection":[{"href":"https:\/\/fairfaxcryobank.com\/de\/wp-json\/wp\/v2\/pages"}],"about":[{"href":"https:\/\/fairfaxcryobank.com\/de\/wp-json\/wp\/v2\/types\/page"}],"author":[{"embeddable":true,"href":"https:\/\/fairfaxcryobank.com\/de\/wp-json\/wp\/v2\/users\/1"}],"replies":[{"embeddable":true,"href":"https:\/\/fairfaxcryobank.com\/de\/wp-json\/wp\/v2\/comments?post=6089"}],"version-history":[{"count":0,"href":"https:\/\/fairfaxcryobank.com\/de\/wp-json\/wp\/v2\/pages\/6089\/revisions"}],"wp:attachment":[{"href":"https:\/\/fairfaxcryobank.com\/de\/wp-json\/wp\/v2\/media?parent=6089"}],"curies":[{"name":"wp","href":"https:\/\/api.w.org\/{rel}","templated":true}]}}