{"id":6091,"date":"2019-10-24T15:25:11","date_gmt":"2019-10-24T15:25:11","guid":{"rendered":"https:\/\/fairfaxcryobank.com\/genetic-testing-faqs\/"},"modified":"2020-03-05T20:00:51","modified_gmt":"2020-03-05T20:00:51","slug":"genetische-tests","status":"publish","type":"page","link":"https:\/\/fairfaxcryobank.com\/de\/genetische-tests","title":{"rendered":"Gentests H\u00e4ufig gestellte Fragen"},"content":{"rendered":"<script>\nvar faqs = document.querySelectorAll('li.faq');\nfor (var i=0; i<faqs.length; i++) {\n\tfaqs[i].addEventListener('click', function(event) {\n\t\tthis.classList.toggle('-expanded');\n\t});\n}\n<\/script>\n<style>\nul.faqs {\n\tmargin: 0 0 25px; padding: 0;\n}\nul.faqs > li.faq {\n\tmargin: 0 0 10px; padding: 0;\n\tlist-style: none;\n\tbackground: none;\n}\nul.faqs > li.faq.-expanded {\n\tborder: 1px solid #e8e8e8;\n\tbox-shadow: 0 2px 10px rgba(0,0,0,0.1)\n}\nul.faqs > li.faq .-question {\n\tposition: relative;\n\tpadding: 19px 19px 19px 78px;\n\tcolor: #565456;\n\tfont-size: 20px; line-height: 1.2;\n\tbackground: #f1f1f1;\n\tcursor: pointer;\n\ttransition: .3s\n}\nul.faqs > li.faq .-question:hover { color: #1f1f1f; background: #f6f6f6; }\nul.faqs > li.faq .-question:before {\n\tcontent: \"\";\n\tposition: absolute;\n\ttop: 0; bottom: 0; left: 0;\n\twidth:62px;\n\tbackground: linear-gradient(#898989,#898989), linear-gradient(#898989,#898989), #eaeaea;\n\tbackground-position:center;\n\tbackground-size: 20px 2px,2px 20px;\n\tbackground-repeat:no-repeat;\n}\nul.faqs > li.faq .-question:hover:before {\n\tbackground: linear-gradient(#ea6950,#ea6950), linear-gradient(#ea6950,#ea6950), #eaeaea;\n\tbackground-position:center;\n\tbackground-size: 20px 2px,2px 20px;\n\tbackground-repeat:no-repeat;\n}\nul.faqs > li.faq.-expanded .-question,\nul.faqs > li.faq.-expanded .-question:hover { color: #ea6950; background: #f9f9f9; }\nul.faqs > li.faq.-expanded .-question:before,\nul.faqs > li.faq.-expanded .-question:hover:before {\n\tcontent: \"\";\n\tposition: absolute;\n\ttop: 0; bottom: 0; left: 0;\n\twidth:62px;\n\tbackground: linear-gradient(#ffffff,#ffffff), #ea6950;\n\tbackground-position:center;\n\tbackground-size: 20px 2px;\n\tbackground-repeat:no-repeat;\n}\n\nul.faqs > li.faq .-answer {\n\toverflow: hidden;\n\tpadding: 0 0 0 78px;\n\tmax-height: 0;\n\ttransition: 0.2s;\n}\nul.faqs > li.faq .-answer > * { overflow: hidden; max-height: 0; }\nul.faqs > li.faq.-expanded .-answer {\n\tbox-sizing: border-box;\n\tpadding: 19px 19px 19px 78px;\n\tmax-height: 9999px;\n\tcolor: #585858;\n\tfont-size: 16px; line-height: 23px;\n\tbackground: #fff;\n\ttransition: 0.4s;\n}\nul.faqs > li.faq.-expanded .-answer > * { max-height: 9999px;}\n<\/style>\n\n\t<ul class=\"faqs\" >\n\t\t\t<li class=\"faq\" id=\"faq-block_5d0acf4c3a35e\">\n\t\t\t<div class=\"-question\">Warum unterscheiden sich die Spender-Gentests zwischen den Spendern?<\/div>\n\t\t\t<div class=\"-answer\"><p>Genetische Tr\u00e4gertests wurden schnell weiterentwickelt und bieten nun routinem\u00e4\u00dfig Informationen zu Hunderten von Krankheiten. Ab Januar 2018 werden alle neuen Spender auf eine erweiterte Reihe f\u00fcr genetische Krankheiten getestet, das mehr als 280 Krankheiten umfasst. Spender vor dieser Zeit hatten zwar Gentests absolviert, aber heute werden mehrere Konditionen getestet. Der Test des Spenders wird zu dem Zeitpunkt festgelegt, zu dem er an dem Programm teilnimmt. Dies sind die Ergebnisse, die Sie auf seiner Spenderseite unter Gentests sehen.<\/p>\n<\/div>\n\t\t<\/li>\n\t\t\t<li class=\"faq\" id=\"faq-block_5d0acf4c3a35e\">\n\t\t\t<div class=\"-question\">Wie erkenne ich, welche Gentests der Spender durchgef\u00fchrt hat?<\/div>\n\t\t\t<div class=\"-answer\"><p>Die vollst\u00e4ndigen Ergebnisse sind in der Zusammenfassung der Gentests des Spenders verf\u00fcgbar. Sie finden diese auf den einzelnen Spenderseiten als herunterladbare PDF unter dem Link Gentests. Es listet alle genetisch bedingten Krankheiten auf, auf die der Spender getestet wurde, sowie die Ergebnisse. Dies kann ein hilfreiches Dokument sein, das Sie mit Ihrem Arzt besprechen k\u00f6nnen, bevor Sie eine endg\u00fcltige Auswahl treffen.<\/p>\n<\/div>\n\t\t<\/li>\n\t\t\t<li class=\"faq\" id=\"faq-block_5d0acf4c3a35e\">\n\t\t\t<div class=\"-question\">Wie finde ich die Spender mit dem erweiterten Gentest?<\/div>\n\t\t\t<div class=\"-answer\"><p>Um die Spender mit erweiterten Tests auf genetische Krankheiten zu finden, k\u00f6nnen Sie sie in der Spendersuche sortieren, indem Sie auf den Tab &#8222;Erweiterte Suche&#8220; klicken. Auf dieser Registerkarte befindet sich der Abschnitt &#8222;Gentests&#8220;, in dem Sie die Option \u2018Expanded Genetic Disease Panel tested donors\u2019, also Spender mit erweiterten Tests auf genetische Krankheiten, ausw\u00e4hlen k\u00f6nnen.<\/p>\n<\/div>\n\t\t<\/li>\n\t\t\t<li class=\"faq\" id=\"faq-block_5d0acf4c3a35e\">\n\t\t\t<div class=\"-question\">Was bedeutet es, Tr\u00e4ger einer genetischen Krankheit zu sein?<\/div>\n\t\t\t<div class=\"-answer\"><p>Wir alle sind Tr\u00e4ger verschiedener genetischer Krankheitsmutationen, von denen nur einige mit der heutigen Technologie getestet werden k\u00f6nnen. Von uns als Tr\u00e4gern wird erwartet, dass wir gesund bleiben. Wenn eine Person als Tr\u00e4ger einer rezessiven Erbkrankheit bekannt ist, m\u00f6chten wir vor der Geburt eines Kindes im Idealfall den Tr\u00e4gerstatus des Partners f\u00fcr dasselbe Krankheitsgen kennen. Zwei Personen, die beide Tr\u00e4ger derselben rezessiven Erbkrankheit sind, haben eine 25-prozentige Wahrscheinlichkeit, dass ein Kind betroffen ist. Wenn beide Elternteile auf dasselbe Gen negativ getestet werden oder wenn nur einer Tr\u00e4ger ist, nachdem beide getestet wurden, wird davon ausgegangen, dass sie ein geringes Risiko haben.<\/p>\n<\/div>\n\t\t<\/li>\n\t\t\t<li class=\"faq\" id=\"faq-block_5d0acf4c3a35e\">\n\t\t\t<div class=\"-question\">Ich habe bereits ein eigenes Tr\u00e4ger-Screening durchf\u00fchren lassen und wei\u00df jetzt, dass ich ein Tr\u00e4ger f\u00fcr eine genetische Erkrankung bin. Wie finde ich einen Spender, der f\u00fcr mich geeignet ist?<\/div>\n\t\t\t<div class=\"-answer\"><p>Viele Frauen haben bereits im Rahmen ihrer Voruntersuchung eine erweiterte Reihe genetischer Erkrankungen testen lassen. Rund 70% sind Tr\u00e4ger einer oder mehrerer genetischer Erkrankungen. F\u00fcr Kunden, die Tr\u00e4ger einer genetischen Erkrankung sind, bedeutet diese zus\u00e4tzliche Untersuchung bei unseren Spendern, dass es wahrscheinlich eine passende \u00dcbereinstimmung gibt, die sie sofort ausw\u00e4hlen k\u00f6nnen.<\/p>\n<p>Beginnen Sie mit der Suche nach einem Spender aus der Liste des Erweiterten Genetischen Panels (\u201cExpanded Genetic Panel\u201c). Gehen Sie dazu zur Spendersuche und dann zur Registerkarte \u201eErweiterte Suche\u201c und w\u00e4hlen Sie diese unter Gentests aus. Diese Spender verf\u00fcgen \u00fcber die meisten verf\u00fcgbaren Tests, und einer wird wahrscheinlich f\u00fcr denselben Zustand negativ getestet, f\u00fcr den Sie ein Tr\u00e4ger sind, und ist daher f\u00fcr Sie geeignet. Es ist wichtig, dies vor dem Kauf einer Ampulle zu \u00fcberpr\u00fcfen. Verschiedene genetische Testlabors bieten auf ihren Panels leicht unterschiedliche Listen mit medizinischen Erkrankungen an.<\/p>\n<\/div>\n\t\t<\/li>\n\t\t\t<li class=\"faq\" id=\"faq-block_5d0acf4c3a35e\">\n\t\t\t<div class=\"-question\">Ich bin ein Tr\u00e4ger einer genetischen Erkrankung und m\u00f6chte einen Spender verwenden, der noch nicht auf diese Erkrankung getestet wurde. Welche M\u00f6glichkeiten habe ich?<\/div>\n\t\t\t<div class=\"-answer\"><p>Wir k\u00f6nnen wahrscheinlich spezielle Tests f\u00fcr die Risikobedingung (en) Ihres ausgew\u00e4hlten Spenders anbieten. Denken Sie daran, dass m\u00f6glicherweise Spender auf unserer Liste sind, die f\u00fcr diese Krankheit (en) bereits negativ getestet wurden. Die Spender mit erweiterten Panel-Gentests (siehe oben) bieten Ihnen m\u00f6glicherweise andere Optionen.<\/p>\n<p>Wenn Sie spezielle Tests bestellen, dauern die Ergebnisse in der Regel mindestens 3 Wochen und es wird eine zus\u00e4tzliche Geb\u00fchr erhoben. Wir m\u00f6chten, dass Sie in der Lage sind, den Spender zu verwenden, sobald die Ergebnisse negativ sind. Daher muss zu diesem Zeitpunkt eine Ampulle gekauft werden, da Sperma von diesem Spender m\u00f6glicherweise ausverkauft ist, w\u00e4hrend wir warten. Wenn die Spenderergebnisse belegen, dass Sie und der Spender f\u00fcr denselben Zustand positiv sind, wird eine vollst\u00e4ndige R\u00fcckerstattung f\u00fcr die von Ihnen gekauften Ampullen angeboten.<\/p>\n<p>Unser genetischer Berater hilft Ihnen bei der Koordinierung der Tests, der \u00dcberpr\u00fcfung der Risikobedingungen und der Auswahl eines geeigneten Spenders. Wenn Sie uns eine Kopie Ihrer Testergebnisse zukommen lassen ist dies \u00e4u\u00dferst hilfreich, um sicherzustellen, dass wir den Spender auf die richtigen Bedingungen testen.<\/p>\n<\/div>\n\t\t<\/li>\n\t\t\t<li class=\"faq\" id=\"faq-block_5d0acf4c3a35e\">\n\t\t\t<div class=\"-question\">Woher wei\u00df ich, ob ein Spender Tr\u00e4ger einer genetischen Erkrankung ist?<\/div>\n\t\t\t<div class=\"-answer\"><p>Auf der Webseite des Spenders befindet sich ein Formular zur Best\u00e4tigung des genetischen Risikos, in dem Einzelheiten zu den Ergebnissen seiner Tr\u00e4gerergebnissen angegeben sind. Spender mit erweiterten Gentests (\u2018Acknowledgement of Genetic Risk\u2019), f\u00fcr die keine Best\u00e4tigung des genetischen Risikos vorliegt, waren f\u00fcr keine der getesteten genetischen Krankheiten positiv. Seine genetischen Tests, ein PDF-Download auf der Webseite des Spenders, enthalten auch ausf\u00fchrliche Informationen zu seinen genetischen Testergebnissen.<\/p>\n<\/div>\n\t\t<\/li>\n\t\t\t<li class=\"faq\" id=\"faq-block_5d0acf4c3a35e\">\n\t\t\t<div class=\"-question\">Ich nehme einen Spender in Betracht, der Tr\u00e4ger einer genetischen Erkrankung ist. Wie wirkt sich das auf mich aus?<\/div>\n\t\t\t<div class=\"-answer\"><p>Ein Spender, der Tr\u00e4ger einer genetisch bedingten Krankheit ist, kann erfolgreich eingesetzt werden, um ein gesundes Kind zu bekommen. Wenn Sie getestet wurden und Ihre Ergebnisse zeigen, dass Sie ein reduziertes (negatives) Risiko f\u00fcr dieselbe Krankheit haben, f\u00fcr die der Spender ein Tr\u00e4ger ist, k\u00f6nnen Sie erw\u00e4gen, diesen Spender auszuw\u00e4hlen. Wenn Sie den Test noch nicht abgeschlossen haben, empfehlen wir Ihnen, dies vor der Verwendung dieses Spenders zu tun. Ihr Arzt oder genetischer Berater ist eine gute Hilfe, um die empfohlenen Tests abzuschlie\u00dfen und Ihre Fragen zu beantworten.<\/p>\n<p>&nbsp;<\/p>\n<p>Was muss ich tun, wenn ich einen Spender, der ein Tr\u00e4ger einer genetischen Krankheit ist, einsetzen m\u00f6chte?<\/p>\n<ol>\n<li>Lesen Sie das Formular zur Best\u00e4tigung des genetischen Risikos f\u00fcr den Spender, den Sie verwenden m\u00f6chten. Das Formular zur Best\u00e4tigung des genetischen Risikos steht auf der Spender-Webseite in der Spendersuche als PDF zum Herunterladen zur Verf\u00fcgung. Es ist auch als DocuSign erh\u00e4ltlich, und kann mit digitaler Unterschrift unterschrieben werden.<\/li>\n<li>Wenn angezeigt, sollten Sie Gentests an sich selbst in Betracht ziehen, bei denen ein negatives Ergebnis f\u00fcr dasselbe Krankheitsgen das Risiko verringert.<\/li>\n<li>Unterzeichnen Sie das Formular zur Best\u00e4tigung des genetischen Risikos f\u00fcr Ihren ausgew\u00e4hlten Spender und senden Sie es zur\u00fcck, wenn Sie bereit sind, fortzufahren. Dies muss abgeschlossen sein, bevor die Ampullen an Ihre Klinik geschickt werden.<\/li>\n<li>Ihre Klinik erh\u00e4lt eine Kopie Ihres unterschriebenen Formulars zur Best\u00e4tigung des genetischen Risikos und eine Kopie der Zusammenfassung der Gentests des Spenders mit Ihrer Ampullen-Lieferung.<\/li>\n<li>Bitte rufen Sie den Kundendienst unter 0800 333 4211 an, um Unterst\u00fctzung zu erhalten.<\/li>\n<\/ol>\n<\/div>\n\t\t<\/li>\n\t\t<\/ul>\n<script>\nvar faqs = document.querySelectorAll('li.faq');\nfor (var i=0; i<faqs.length; i++) {\n\tfaqs[i].addEventListener('click', function(event) {\n\t\tthis.classList.toggle('-expanded');\n\t});\n}\n<\/script>\n<style>\nul.faqs {\n\tmargin: 0 0 25px; padding: 0;\n}\nul.faqs > li.faq {\n\tmargin: 0 0 10px; padding: 0;\n\tlist-style: none;\n\tbackground: none;\n}\nul.faqs > li.faq.-expanded {\n\tborder: 1px solid #e8e8e8;\n\tbox-shadow: 0 2px 10px rgba(0,0,0,0.1)\n}\nul.faqs > li.faq .-question {\n\tposition: relative;\n\tpadding: 19px 19px 19px 78px;\n\tcolor: #565456;\n\tfont-size: 20px; line-height: 1.2;\n\tbackground: #f1f1f1;\n\tcursor: pointer;\n\ttransition: .3s\n}\nul.faqs > li.faq .-question:hover { color: #1f1f1f; background: #f6f6f6; }\nul.faqs > li.faq .-question:before {\n\tcontent: \"\";\n\tposition: absolute;\n\ttop: 0; bottom: 0; left: 0;\n\twidth:62px;\n\tbackground: linear-gradient(#898989,#898989), linear-gradient(#898989,#898989), #eaeaea;\n\tbackground-position:center;\n\tbackground-size: 20px 2px,2px 20px;\n\tbackground-repeat:no-repeat;\n}\nul.faqs > li.faq .-question:hover:before {\n\tbackground: linear-gradient(#ea6950,#ea6950), linear-gradient(#ea6950,#ea6950), #eaeaea;\n\tbackground-position:center;\n\tbackground-size: 20px 2px,2px 20px;\n\tbackground-repeat:no-repeat;\n}\nul.faqs > li.faq.-expanded .-question,\nul.faqs > li.faq.-expanded .-question:hover { color: #ea6950; background: #f9f9f9; }\nul.faqs > li.faq.-expanded .-question:before,\nul.faqs > li.faq.-expanded .-question:hover:before {\n\tcontent: \"\";\n\tposition: absolute;\n\ttop: 0; bottom: 0; left: 0;\n\twidth:62px;\n\tbackground: linear-gradient(#ffffff,#ffffff), #ea6950;\n\tbackground-position:center;\n\tbackground-size: 20px 2px;\n\tbackground-repeat:no-repeat;\n}\n\nul.faqs > li.faq .-answer {\n\toverflow: hidden;\n\tpadding: 0 0 0 78px;\n\tmax-height: 0;\n\ttransition: 0.2s;\n}\nul.faqs > li.faq .-answer > * { overflow: hidden; max-height: 0; }\nul.faqs > li.faq.-expanded .-answer {\n\tbox-sizing: border-box;\n\tpadding: 19px 19px 19px 78px;\n\tmax-height: 9999px;\n\tcolor: #585858;\n\tfont-size: 16px; line-height: 23px;\n\tbackground: #fff;\n\ttransition: 0.4s;\n}\nul.faqs > li.faq.-expanded .-answer > * { max-height: 9999px;}\n<\/style>","protected":false},"excerpt":{"rendered":"","protected":false},"author":1,"featured_media":0,"parent":0,"menu_order":0,"comment_status":"closed","ping_status":"closed","template":"","meta":{"footnotes":""},"class_list":["post-6091","page","type-page","status-publish","hentry"],"yoast_head":"<!-- This site is optimized with the Yoast SEO plugin v27.1.1 - https:\/\/yoast.com\/product\/yoast-seo-wordpress\/ -->\n<title>Gentests H\u00e4ufig gestellte Fragen | Fairfax Cryobank<\/title>\n<meta name=\"description\" content=\"Genetische Tr\u00e4gertests wurden schnell weiterentwickelt und bieten nun routinem\u00e4\u00dfig Informationen zu Hunderten von Krankheiten.\" \/>\n<meta name=\"robots\" content=\"index, follow, max-snippet:-1, max-image-preview:large, max-video-preview:-1\" \/>\n<link rel=\"canonical\" href=\"https:\/\/fairfaxcryobank.com\/de\/genetische-tests\" \/>\n<meta property=\"og:locale\" content=\"de_DE\" \/>\n<meta property=\"og:type\" content=\"article\" \/>\n<meta property=\"og:title\" content=\"Gentests H\u00e4ufig gestellte Fragen | Fairfax Cryobank\" \/>\n<meta property=\"og:description\" content=\"Genetische Tr\u00e4gertests wurden schnell weiterentwickelt und bieten nun routinem\u00e4\u00dfig Informationen zu Hunderten von Krankheiten.\" \/>\n<meta property=\"og:url\" content=\"https:\/\/fairfaxcryobank.com\/de\/genetische-tests\" \/>\n<meta property=\"og:site_name\" content=\"Fairfax Cryobank - Find a Sperm Donor\" \/>\n<meta property=\"article:publisher\" content=\"https:\/\/www.facebook.com\/fairfax.cryobank\" \/>\n<meta property=\"article:modified_time\" content=\"2020-03-05T20:00:51+00:00\" \/>\n<meta name=\"twitter:card\" content=\"summary_large_image\" \/>\n<meta name=\"twitter:site\" content=\"@FairfaxCryobank\" \/>\n<script type=\"application\/ld+json\" class=\"yoast-schema-graph\">{\"@context\":\"https:\/\/schema.org\",\"@graph\":[{\"@type\":\"WebPage\",\"@id\":\"https:\/\/fairfaxcryobank.com\/de\/genetische-tests\",\"url\":\"https:\/\/fairfaxcryobank.com\/de\/genetische-tests\",\"name\":\"Gentests H\u00e4ufig gestellte Fragen | Fairfax Cryobank\",\"isPartOf\":{\"@id\":\"https:\/\/fairfaxcryobank.com\/de#website\"},\"datePublished\":\"2019-10-24T15:25:11+00:00\",\"dateModified\":\"2020-03-05T20:00:51+00:00\",\"description\":\"Genetische Tr\u00e4gertests wurden schnell weiterentwickelt und bieten nun routinem\u00e4\u00dfig Informationen zu Hunderten von Krankheiten.\",\"breadcrumb\":{\"@id\":\"https:\/\/fairfaxcryobank.com\/de\/genetische-tests#breadcrumb\"},\"inLanguage\":\"de\",\"potentialAction\":[{\"@type\":\"ReadAction\",\"target\":[\"https:\/\/fairfaxcryobank.com\/de\/genetische-tests\"]}]},{\"@type\":\"BreadcrumbList\",\"@id\":\"https:\/\/fairfaxcryobank.com\/de\/genetische-tests#breadcrumb\",\"itemListElement\":[{\"@type\":\"ListItem\",\"position\":1,\"name\":\"Home\",\"item\":\"https:\/\/fairfaxcryobank.com\/de\"},{\"@type\":\"ListItem\",\"position\":2,\"name\":\"Gentests H\u00e4ufig gestellte Fragen\"}]},{\"@type\":\"WebSite\",\"@id\":\"https:\/\/fairfaxcryobank.com\/de#website\",\"url\":\"https:\/\/fairfaxcryobank.com\/de\",\"name\":\"Fairfax Cryobank - Find a Sperm Donor\",\"description\":\"Top-Tier Sperm Bank\",\"publisher\":{\"@id\":\"https:\/\/fairfaxcryobank.com\/de#organization\"},\"potentialAction\":[{\"@type\":\"SearchAction\",\"target\":{\"@type\":\"EntryPoint\",\"urlTemplate\":\"https:\/\/fairfaxcryobank.com\/de?s={search_term_string}\"},\"query-input\":{\"@type\":\"PropertyValueSpecification\",\"valueRequired\":true,\"valueName\":\"search_term_string\"}}],\"inLanguage\":\"de\"},{\"@type\":\"Organization\",\"@id\":\"https:\/\/fairfaxcryobank.com\/de#organization\",\"name\":\"Fairfax Cryobank\",\"url\":\"https:\/\/fairfaxcryobank.com\/de\",\"logo\":{\"@type\":\"ImageObject\",\"inLanguage\":\"de\",\"@id\":\"https:\/\/fairfaxcryobank.com\/de#\/schema\/logo\/image\/\",\"url\":\"https:\/\/fairfaxcryobank.com\/wp-content\/uploads\/logo.webp\",\"contentUrl\":\"https:\/\/fairfaxcryobank.com\/wp-content\/uploads\/logo.webp\",\"width\":1,\"height\":1,\"caption\":\"Fairfax Cryobank\"},\"image\":{\"@id\":\"https:\/\/fairfaxcryobank.com\/de#\/schema\/logo\/image\/\"},\"sameAs\":[\"https:\/\/www.facebook.com\/fairfax.cryobank\",\"https:\/\/x.com\/FairfaxCryobank\",\"https:\/\/www.instagram.com\/fairfaxcryobank\/\",\"https:\/\/www.pinterest.com\/fairfaxcryo\/\"]}]}<\/script>\n<!-- \/ Yoast SEO plugin. -->","yoast_head_json":{"title":"Gentests H\u00e4ufig gestellte Fragen | Fairfax Cryobank","description":"Genetische Tr\u00e4gertests wurden schnell weiterentwickelt und bieten nun routinem\u00e4\u00dfig Informationen zu Hunderten von Krankheiten.","robots":{"index":"index","follow":"follow","max-snippet":"max-snippet:-1","max-image-preview":"max-image-preview:large","max-video-preview":"max-video-preview:-1"},"canonical":"https:\/\/fairfaxcryobank.com\/de\/genetische-tests","og_locale":"de_DE","og_type":"article","og_title":"Gentests H\u00e4ufig gestellte Fragen | Fairfax Cryobank","og_description":"Genetische Tr\u00e4gertests wurden schnell weiterentwickelt und bieten nun routinem\u00e4\u00dfig Informationen zu Hunderten von Krankheiten.","og_url":"https:\/\/fairfaxcryobank.com\/de\/genetische-tests","og_site_name":"Fairfax Cryobank - Find a Sperm Donor","article_publisher":"https:\/\/www.facebook.com\/fairfax.cryobank","article_modified_time":"2020-03-05T20:00:51+00:00","twitter_card":"summary_large_image","twitter_site":"@FairfaxCryobank","schema":{"@context":"https:\/\/schema.org","@graph":[{"@type":"WebPage","@id":"https:\/\/fairfaxcryobank.com\/de\/genetische-tests","url":"https:\/\/fairfaxcryobank.com\/de\/genetische-tests","name":"Gentests H\u00e4ufig gestellte Fragen | Fairfax Cryobank","isPartOf":{"@id":"https:\/\/fairfaxcryobank.com\/de#website"},"datePublished":"2019-10-24T15:25:11+00:00","dateModified":"2020-03-05T20:00:51+00:00","description":"Genetische Tr\u00e4gertests wurden schnell weiterentwickelt und bieten nun routinem\u00e4\u00dfig Informationen zu Hunderten von Krankheiten.","breadcrumb":{"@id":"https:\/\/fairfaxcryobank.com\/de\/genetische-tests#breadcrumb"},"inLanguage":"de","potentialAction":[{"@type":"ReadAction","target":["https:\/\/fairfaxcryobank.com\/de\/genetische-tests"]}]},{"@type":"BreadcrumbList","@id":"https:\/\/fairfaxcryobank.com\/de\/genetische-tests#breadcrumb","itemListElement":[{"@type":"ListItem","position":1,"name":"Home","item":"https:\/\/fairfaxcryobank.com\/de"},{"@type":"ListItem","position":2,"name":"Gentests H\u00e4ufig gestellte Fragen"}]},{"@type":"WebSite","@id":"https:\/\/fairfaxcryobank.com\/de#website","url":"https:\/\/fairfaxcryobank.com\/de","name":"Fairfax Cryobank - Find a Sperm Donor","description":"Top-Tier Sperm Bank","publisher":{"@id":"https:\/\/fairfaxcryobank.com\/de#organization"},"potentialAction":[{"@type":"SearchAction","target":{"@type":"EntryPoint","urlTemplate":"https:\/\/fairfaxcryobank.com\/de?s={search_term_string}"},"query-input":{"@type":"PropertyValueSpecification","valueRequired":true,"valueName":"search_term_string"}}],"inLanguage":"de"},{"@type":"Organization","@id":"https:\/\/fairfaxcryobank.com\/de#organization","name":"Fairfax Cryobank","url":"https:\/\/fairfaxcryobank.com\/de","logo":{"@type":"ImageObject","inLanguage":"de","@id":"https:\/\/fairfaxcryobank.com\/de#\/schema\/logo\/image\/","url":"https:\/\/fairfaxcryobank.com\/wp-content\/uploads\/logo.webp","contentUrl":"https:\/\/fairfaxcryobank.com\/wp-content\/uploads\/logo.webp","width":1,"height":1,"caption":"Fairfax Cryobank"},"image":{"@id":"https:\/\/fairfaxcryobank.com\/de#\/schema\/logo\/image\/"},"sameAs":["https:\/\/www.facebook.com\/fairfax.cryobank","https:\/\/x.com\/FairfaxCryobank","https:\/\/www.instagram.com\/fairfaxcryobank\/","https:\/\/www.pinterest.com\/fairfaxcryo\/"]}]}},"post_mailing_queue_ids":[],"_links":{"self":[{"href":"https:\/\/fairfaxcryobank.com\/de\/wp-json\/wp\/v2\/pages\/6091","targetHints":{"allow":["GET"]}}],"collection":[{"href":"https:\/\/fairfaxcryobank.com\/de\/wp-json\/wp\/v2\/pages"}],"about":[{"href":"https:\/\/fairfaxcryobank.com\/de\/wp-json\/wp\/v2\/types\/page"}],"author":[{"embeddable":true,"href":"https:\/\/fairfaxcryobank.com\/de\/wp-json\/wp\/v2\/users\/1"}],"replies":[{"embeddable":true,"href":"https:\/\/fairfaxcryobank.com\/de\/wp-json\/wp\/v2\/comments?post=6091"}],"version-history":[{"count":0,"href":"https:\/\/fairfaxcryobank.com\/de\/wp-json\/wp\/v2\/pages\/6091\/revisions"}],"wp:attachment":[{"href":"https:\/\/fairfaxcryobank.com\/de\/wp-json\/wp\/v2\/media?parent=6091"}],"curies":[{"name":"wp","href":"https:\/\/api.w.org\/{rel}","templated":true}]}}