{"id":6093,"date":"2015-05-18T11:59:55","date_gmt":"2015-05-18T11:59:55","guid":{"rendered":"https:\/\/fairfaxcryobank.com\/genetic-faqs\/"},"modified":"2020-03-05T17:16:06","modified_gmt":"2020-03-05T17:16:06","slug":"genetische-probleme","status":"publish","type":"page","link":"https:\/\/fairfaxcryobank.com\/de\/genetische-probleme","title":{"rendered":"Genetik H\u00e4ufig gestellte Fragen"},"content":{"rendered":"<p>Sie sollten unbedingt unsere <a href=\"https:\/\/fairfaxcryobank.com\/de\/formulare-broschueren\">Nutzungsbedingungen<\/a> lesen und verstehen, in denen erl\u00e4utert wird, was Sie von unserem Spenderprogramm erwarten und was wir von Ihnen beim Kauf unseres Samens und anderer Dienstleistungen erwarten.<\/p>\n\n\t<ul class=\"faqs\" >\n\t\t\t<li class=\"faq\" id=\"faq-block_5d112614eb2fd\">\n\t\t\t<div class=\"-question\">Welche genetischen Probleme werden in der Krankengeschichte des Spenders untersucht?<\/div>\n\t\t\t<div class=\"-answer\"><p>Alle Spender haben eine drei Generationen lange Familiengeschichte, die von einem Genetiker \u00fcberpr\u00fcft wird. Die Familienanamnese enth\u00e4lt Informationen zu Krankheiten und Geburtsfehlern, die in den einzelnen Familienmitgliedern festgestellt wurden, sowie Todesursachen, Fehlgeburten oder Fortpflanzungsst\u00f6rungen, und zu bekannten Erbkrankheiten. Jeder Spender, dessen Risiko f\u00fcr eine genetische oder erbliche St\u00f6rung h\u00f6her ist als in der Allgemeinbev\u00f6lkerung erwartet, wird ausgeschlossen. Beispiele f\u00fcr St\u00f6rungen, die einen Spender ausschlie\u00dfen w\u00fcrden, sind z. B. Alkoholismus in einem Verwandten ersten Grades, Geschwister mit Spina bifida, ein Spender mit einem medizinischen Zustand wie einem Herzfehler oder Diabetes und eine Geisteskrankheit oder eine geistige Behinderung in einem Verwandten ersten Grades.<\/p>\n<\/div>\n\t\t<\/li>\n\t\t\t<li class=\"faq\" id=\"faq-block_5d112614eb2fd\">\n\t\t\t<div class=\"-question\">Beweist die normale Chromosomenanalyse des Spenders, dass er keine genetischen Probleme hat?<\/div>\n\t\t\t<div class=\"-answer\"><p>Eine Chromosomenstudie untersucht die gesamte Struktur des Chromosoms und erkennt Ver\u00e4nderungen in der Chromosomenstruktur. Dabei geht es nicht um die Ebene der Gene, aus denen die Chromosomen wie Perlen an einer Schnur bestehen. Tausende Gene bilden jedes Chromosom. Eine normale Chromosomenanalyse zeigt uns, dass keine offensichtlichen Chromosomendefekte gefunden wurden, sagt uns jedoch nicht, dass die Gene, aus denen diese Chromosomen bestehen, tats\u00e4chlich normal sind. Personen mit abnormaler Chromosomenstruktur (Chromosomenumlagerungen) haben ein erh\u00f6htes Risiko f\u00fcr ein Reproduktionsversagen und haben Kinder mit signifikanten Geburtsfehlern. Diese w\u00fcrden aus dem Spenderregister ausgeschlossen werden.<\/p>\n<\/div>\n\t\t<\/li>\n\t\t\t<li class=\"faq\" id=\"faq-block_5d112614eb2fd\">\n\t\t\t<div class=\"-question\">Untersuchen Sie die Gene des Spenders auf Anomalien?<\/div>\n\t\t\t<div class=\"-answer\"><p>Ja, f\u00fcr eine begrenzte Anzahl von Erkrankungen. Wir f\u00fchren allerdings keinen allgemeinen Test durch, der alle Gene untersucht. Sehen Sie sich hierzu die Liste der getesteten genetischen Krankheiten an. Es werden nicht alle bekannten genetischen Krankheiten getestet, sondern diejenigen, die h\u00e4ufig genug sind, um Anlass zur Besorgnis zu geben, eine schwerwiegende Erkrankung aufweisen und \u00fcber einen leicht verf\u00fcgbaren Gentest verf\u00fcgen. Sie k\u00f6nnen von unserem medizinischen Direktor in Absprache mit unserem medizinischen Beirat f\u00fcr die Pr\u00fcfung ausgew\u00e4hlt werden. Im Laufe der Genforschung werten wir diese Testliste f\u00fcr unsere Spender st\u00e4ndig aus.<\/p>\n<\/div>\n\t\t<\/li>\n\t\t\t<li class=\"faq\" id=\"faq-block_5d112614eb2fd\">\n\t\t\t<div class=\"-question\">Wenn meine Familienanamnese normal ist und ich gesund bin, wie gro\u00df ist dann die Wahrscheinlichkeit, ein Kind mit einem Geburtsfehler zu bekommen, wenn ich einen Fairfax Cryobank-Spender verwende?<\/div>\n\t\t\t<div class=\"-answer\"><p>Wir k\u00f6nnen nicht garantieren, dass das Risiko null ist. Wir wissen, dass jedes gesunde Paar, das eine Schwangerschaft erwartet, eine Wahrscheinlichkeit von 3-4% hat, ein Kind mit einem Geburtsfehler zu bekommen. Familienanamnese, gute Gesundheit vor der Geburt, Fols\u00e4uresupplementierung vor und w\u00e4hrend der Schwangerschaft (Verringerung des Risikos von Neuralrohrdefekten) und das Alter der Mutter sind alles Faktoren, die das Risiko von Geburtsfehlern beeinflussen. Durch Vorsorgeuntersuchungen w\u00e4hrend der Schwangerschaft erhalten Sie m\u00f6glicherweise wichtige Informationen \u00fcber die Gesundheit Ihres ungeborenen Kindes. Bei Fragen sollten Sie Ihren Arzt konsultieren.<\/p>\n<\/div>\n\t\t<\/li>\n\t\t\t<li class=\"faq\" id=\"faq-block_5d112614eb2fd\">\n\t\t\t<div class=\"-question\">Ich bin Tr\u00e4ger einer genetisch bedingten Krankheit und m\u00f6chte einen Spender darauf untersuchen lassen, bevor ich ihn verwende. Bieten Sie diesen Service an?<\/div>\n\t\t\t<div class=\"-answer\"><p>Ja, unter bestimmten Umst\u00e4nden. Wir helfen Ihnen gerne dabei, einen Spender zu finden, der f\u00fcr die betreffende Krankheit negativ ist, damit Sie Ihre Chance auf ein gesundes Kind erh\u00f6hen k\u00f6nnen. Bitte setzen Sie sich mit uns in Verbindung und bitten Sie um ein Gespr\u00e4ch mit dem genetischen Berater, der mit Ihnen dann zusammenarbeiten wird. In der Regel bitten wir Sie, mehrere Spender aus unserer Liste auszuw\u00e4hlen, damit wir sehen k\u00f6nnen, welche f\u00fcr Tests verf\u00fcgbar sind. Sobald die Kosten f\u00fcr diese Untersuchungen vom Kunden bezahlt wurden, werden wir die erforderlichen Schritte koordinieren.<\/p>\n<\/div>\n\t\t<\/li>\n\t\t\t<li class=\"faq\" id=\"faq-block_5d112614eb2fd\">\n\t\t\t<div class=\"-question\">Ist Autismus genetisch bedingt?<\/div>\n\t\t\t<div class=\"-answer\"><p>Autismus ist eine verhaltensbedingte, allgegenw\u00e4rtige Entwicklungsst\u00f6rung, die sich auf die Funktionsweise eines Kindes in verschiedenen Bereichen auswirkt, einschlie\u00dflich Sprache, soziale F\u00e4higkeiten und Verhalten. Kinder, die in diesen Bereichen Probleme haben, leiden gelegentlich unter einer autistischen Spektrumst\u00f6rung (ASD), da die Schwere der Symptome sehr unterschiedlich ist.<\/p>\n<p>In den USA ist etwa 1 von 88 Kindern von Autismus betroffen. Inzwischen wird Autismus bei mehr Kindern als je zuvor diagnostiziert. Die ASD-Diagnoseraten sind ca. zehnmal h\u00f6her als in den 80er Jahren, obwohl ein Gro\u00dfteil oder der gesamte Anstieg auf ein verbessertes Bewusstsein und Ver\u00e4nderungen bei der Diagnose von Autismus zur\u00fcckzuf\u00fchren sein kann.<\/p>\n<p>ASD stellt eine Reihe verschiedener Erkrankungen dar, deren Merkmale sich teilweise \u00fcberschneiden. Genetische Vererbung wurde durch Studien an Zwillingen und Familien mit mehreren betroffenen Kindern stark nahegelegt. Allgemein wird angenommen, dass es viele Gene gibt, die an ASD beteiligt sind, zusammen mit m\u00f6glichen umweltbedingten oder immunologischen Ausl\u00f6sern. Das fortgeschrittene Alter des Vaters (\u00fcber 45 Jahre) wurde ebenfalls in Mitleidenschaft gezogen. Es wurde eine Reihe von Studien durchgef\u00fchrt, um das Wiederholungsrisiko bei Familien zu sch\u00e4tzen, die bereits ein Kind mit ASD haben. \u00c4ltere Studien zeigten, dass das Wiederauftreten bei einem Kind in der Familie mit Autismus-Spektrum-St\u00f6rung in Abh\u00e4ngigkeit von der Anzahl der betroffenen Geschwister und dem Geschlecht des derzeitigen F\u00f6tus viel h\u00f6her sein kann. Insgesamt wurde ein Wiederholungsrisiko von 18,7% f\u00fcr Vollgeschwister eines betroffenen Kindes gemeldet. F\u00fcr Halbgeschwister kann das Risiko nur gesch\u00e4tzt werden und kann in der Gr\u00f6\u00dfenordnung von 4-8% liegen. Derzeit gibt es keine vorgeburtlichen Tests, um Kinder zu erkennen, die von ASD betroffen sind.<\/p>\n<\/div>\n\t\t<\/li>\n\t\t\t<li class=\"faq\" id=\"faq-block_5d112614eb2fd\">\n\t\t\t<div class=\"-question\">Wenn ich einen Spender mit einer bestimmten physischen Eigenschaft ausw\u00e4hle, wie gro\u00df ist die Chance, dass sein Nachwuchs diese erbt?<\/div>\n\t\t\t<div class=\"-answer\"><p>Die Antwort ist nicht eindeutig. Das Aussehen eines Kindes \u00e4hnelt h\u00e4ufig einigen Merkmalen beider Elternteile, es ist allerdings nicht vorhersehbar, welche Merkmale dies sein werden.<\/p>\n<\/div>\n\t\t<\/li>\n\t\t\t<li class=\"faq\" id=\"faq-block_5d112614eb2fd\">\n\t\t\t<div class=\"-question\">Ich m\u00f6chte, dass mein Baby eine bestimmte Augenfarbe hat. Kann ich einen Spender ausw\u00e4hlen, der dies wahrscheinlicher macht?<\/div>\n\t\t\t<div class=\"-answer\"><p>Ja, Sie k\u00f6nnen einen Spender ausw\u00e4hlen, um die Wahrscheinlichkeit zu steigern, aber auch dies ist nicht garantiert. Die Augenfarbe folgt keinem strengen Vererbungsmuster. Eine allgemeine Regel ist, dass die Farbe Braun dominiert, w\u00e4hrend die Farbe Blau rezessiv ist. Es scheint, dass zwei Gene die Augenfarbe bestimmen. Ein Gen kommt von jedem Elternteil. Ein Elternteil kann braune Augen und ein braunes und ein blaues Gen (braun ist dominant und \u201emaskiert\u201c das blaue Gen) oder zwei braune Gene haben. Eine Person mit blauen Augen hat oft zwei blaue Gene. Wir wissen nicht immer, was die Gene sind, nur indem wir die Augenfarbe eines Individuums betrachten. Eine Person mit haselnussbraunen oder gr\u00fcnen Augen kann eine beliebige Kombination aus braunen und blauen Genen sein. Die Augenfarbe kann sich auch \u00e4ndern, wenn ein Kind \u00e4lter wird, da einige helle Farben mit zunehmendem Alter dunkler werden. Es ist nicht ungew\u00f6hnlich, ein blau\u00e4ugiges Kind zu sehen, wenn beide Eltern braune Augen haben. Es ist seltener, ein Kind mit dunklen Augen von Eltern zu sehen, die beide blaue Augen haben, aber auch dies ist m\u00f6glich.<\/p>\n<\/div>\n\t\t<\/li>\n\t\t<\/ul>\n<script>\nvar faqs = document.querySelectorAll('li.faq');\nfor (var i=0; i<faqs.length; i++) {\n\tfaqs[i].addEventListener('click', function(event) {\n\t\tthis.classList.toggle('-expanded');\n\t});\n}\n<\/script>\n<style>\nul.faqs {\n\tmargin: 0 0 25px; padding: 0;\n}\nul.faqs > li.faq {\n\tmargin: 0 0 10px; padding: 0;\n\tlist-style: none;\n\tbackground: none;\n}\nul.faqs > li.faq.-expanded {\n\tborder: 1px solid #e8e8e8;\n\tbox-shadow: 0 2px 10px rgba(0,0,0,0.1)\n}\nul.faqs > li.faq .-question {\n\tposition: relative;\n\tpadding: 19px 19px 19px 78px;\n\tcolor: #565456;\n\tfont-size: 20px; line-height: 1.2;\n\tbackground: #f1f1f1;\n\tcursor: pointer;\n\ttransition: .3s\n}\nul.faqs > li.faq .-question:hover { color: #1f1f1f; background: #f6f6f6; }\nul.faqs > li.faq .-question:before {\n\tcontent: \"\";\n\tposition: absolute;\n\ttop: 0; bottom: 0; left: 0;\n\twidth:62px;\n\tbackground: linear-gradient(#898989,#898989), linear-gradient(#898989,#898989), #eaeaea;\n\tbackground-position:center;\n\tbackground-size: 20px 2px,2px 20px;\n\tbackground-repeat:no-repeat;\n}\nul.faqs > li.faq .-question:hover:before {\n\tbackground: linear-gradient(#ea6950,#ea6950), linear-gradient(#ea6950,#ea6950), #eaeaea;\n\tbackground-position:center;\n\tbackground-size: 20px 2px,2px 20px;\n\tbackground-repeat:no-repeat;\n}\nul.faqs > li.faq.-expanded .-question,\nul.faqs > li.faq.-expanded .-question:hover { color: #ea6950; background: #f9f9f9; }\nul.faqs > li.faq.-expanded .-question:before,\nul.faqs > li.faq.-expanded .-question:hover:before {\n\tcontent: \"\";\n\tposition: absolute;\n\ttop: 0; bottom: 0; left: 0;\n\twidth:62px;\n\tbackground: linear-gradient(#ffffff,#ffffff), #ea6950;\n\tbackground-position:center;\n\tbackground-size: 20px 2px;\n\tbackground-repeat:no-repeat;\n}\n\nul.faqs > li.faq .-answer {\n\toverflow: hidden;\n\tpadding: 0 0 0 78px;\n\tmax-height: 0;\n\ttransition: 0.2s;\n}\nul.faqs > li.faq .-answer > * { overflow: hidden; max-height: 0; }\nul.faqs > li.faq.-expanded .-answer {\n\tbox-sizing: border-box;\n\tpadding: 19px 19px 19px 78px;\n\tmax-height: 9999px;\n\tcolor: #585858;\n\tfont-size: 16px; line-height: 23px;\n\tbackground: #fff;\n\ttransition: 0.4s;\n}\nul.faqs > li.faq.-expanded .-answer > * { max-height: 9999px;}\n<\/style>","protected":false},"excerpt":{"rendered":"<p>Sie sollten unbedingt unsere Nutzungsbedingungen lesen und verstehen, in denen erl\u00e4utert wird, was Sie von unserem Spenderprogramm erwarten und was wir von Ihnen beim Kauf unseres Samens und anderer Dienstleistungen erwarten.<\/p>\n","protected":false},"author":1,"featured_media":0,"parent":0,"menu_order":0,"comment_status":"closed","ping_status":"closed","template":"","meta":{"footnotes":""},"class_list":["post-6093","page","type-page","status-publish","hentry"],"yoast_head":"<!-- This site is optimized with the Yoast SEO plugin v27.1.1 - https:\/\/yoast.com\/product\/yoast-seo-wordpress\/ -->\n<title>Genetik H\u00e4ufig gestellte Fragen | Fairfax Cryobank<\/title>\n<meta name=\"description\" content=\"Welche genetischen Krankheitstests werden an den Spendern durchgef\u00fchrt?\" \/>\n<meta name=\"robots\" content=\"index, follow, max-snippet:-1, max-image-preview:large, max-video-preview:-1\" \/>\n<link rel=\"canonical\" href=\"https:\/\/fairfaxcryobank.com\/de\/genetische-probleme\" \/>\n<meta property=\"og:locale\" content=\"de_DE\" \/>\n<meta property=\"og:type\" content=\"article\" \/>\n<meta property=\"og:title\" content=\"Genetik H\u00e4ufig gestellte Fragen | Fairfax Cryobank\" \/>\n<meta property=\"og:description\" content=\"Welche genetischen Krankheitstests werden an den Spendern durchgef\u00fchrt?\" \/>\n<meta property=\"og:url\" content=\"https:\/\/fairfaxcryobank.com\/de\/genetische-probleme\" \/>\n<meta property=\"og:site_name\" content=\"Fairfax Cryobank - Find a Sperm Donor\" \/>\n<meta property=\"article:publisher\" content=\"https:\/\/www.facebook.com\/fairfax.cryobank\" \/>\n<meta property=\"article:modified_time\" content=\"2020-03-05T17:16:06+00:00\" \/>\n<meta name=\"twitter:card\" content=\"summary_large_image\" \/>\n<meta name=\"twitter:site\" content=\"@FairfaxCryobank\" \/>\n<script type=\"application\/ld+json\" class=\"yoast-schema-graph\">{\"@context\":\"https:\/\/schema.org\",\"@graph\":[{\"@type\":\"WebPage\",\"@id\":\"https:\/\/fairfaxcryobank.com\/de\/genetische-probleme\",\"url\":\"https:\/\/fairfaxcryobank.com\/de\/genetische-probleme\",\"name\":\"Genetik H\u00e4ufig gestellte Fragen | Fairfax Cryobank\",\"isPartOf\":{\"@id\":\"https:\/\/fairfaxcryobank.com\/de#website\"},\"datePublished\":\"2015-05-18T11:59:55+00:00\",\"dateModified\":\"2020-03-05T17:16:06+00:00\",\"description\":\"Welche genetischen Krankheitstests werden an den Spendern durchgef\u00fchrt?\",\"breadcrumb\":{\"@id\":\"https:\/\/fairfaxcryobank.com\/de\/genetische-probleme#breadcrumb\"},\"inLanguage\":\"de\",\"potentialAction\":[{\"@type\":\"ReadAction\",\"target\":[\"https:\/\/fairfaxcryobank.com\/de\/genetische-probleme\"]}]},{\"@type\":\"BreadcrumbList\",\"@id\":\"https:\/\/fairfaxcryobank.com\/de\/genetische-probleme#breadcrumb\",\"itemListElement\":[{\"@type\":\"ListItem\",\"position\":1,\"name\":\"Home\",\"item\":\"https:\/\/fairfaxcryobank.com\/de\"},{\"@type\":\"ListItem\",\"position\":2,\"name\":\"Genetik H\u00e4ufig gestellte Fragen\"}]},{\"@type\":\"WebSite\",\"@id\":\"https:\/\/fairfaxcryobank.com\/de#website\",\"url\":\"https:\/\/fairfaxcryobank.com\/de\",\"name\":\"Fairfax Cryobank - Find a Sperm Donor\",\"description\":\"Top-Tier Sperm Bank\",\"publisher\":{\"@id\":\"https:\/\/fairfaxcryobank.com\/de#organization\"},\"potentialAction\":[{\"@type\":\"SearchAction\",\"target\":{\"@type\":\"EntryPoint\",\"urlTemplate\":\"https:\/\/fairfaxcryobank.com\/de?s={search_term_string}\"},\"query-input\":{\"@type\":\"PropertyValueSpecification\",\"valueRequired\":true,\"valueName\":\"search_term_string\"}}],\"inLanguage\":\"de\"},{\"@type\":\"Organization\",\"@id\":\"https:\/\/fairfaxcryobank.com\/de#organization\",\"name\":\"Fairfax Cryobank\",\"url\":\"https:\/\/fairfaxcryobank.com\/de\",\"logo\":{\"@type\":\"ImageObject\",\"inLanguage\":\"de\",\"@id\":\"https:\/\/fairfaxcryobank.com\/de#\/schema\/logo\/image\/\",\"url\":\"https:\/\/fairfaxcryobank.com\/wp-content\/uploads\/logo.webp\",\"contentUrl\":\"https:\/\/fairfaxcryobank.com\/wp-content\/uploads\/logo.webp\",\"width\":1,\"height\":1,\"caption\":\"Fairfax Cryobank\"},\"image\":{\"@id\":\"https:\/\/fairfaxcryobank.com\/de#\/schema\/logo\/image\/\"},\"sameAs\":[\"https:\/\/www.facebook.com\/fairfax.cryobank\",\"https:\/\/x.com\/FairfaxCryobank\",\"https:\/\/www.instagram.com\/fairfaxcryobank\/\",\"https:\/\/www.pinterest.com\/fairfaxcryo\/\"]}]}<\/script>\n<!-- \/ Yoast SEO plugin. -->","yoast_head_json":{"title":"Genetik H\u00e4ufig gestellte Fragen | Fairfax Cryobank","description":"Welche genetischen Krankheitstests werden an den Spendern durchgef\u00fchrt?","robots":{"index":"index","follow":"follow","max-snippet":"max-snippet:-1","max-image-preview":"max-image-preview:large","max-video-preview":"max-video-preview:-1"},"canonical":"https:\/\/fairfaxcryobank.com\/de\/genetische-probleme","og_locale":"de_DE","og_type":"article","og_title":"Genetik H\u00e4ufig gestellte Fragen | Fairfax Cryobank","og_description":"Welche genetischen Krankheitstests werden an den Spendern durchgef\u00fchrt?","og_url":"https:\/\/fairfaxcryobank.com\/de\/genetische-probleme","og_site_name":"Fairfax Cryobank - Find a Sperm Donor","article_publisher":"https:\/\/www.facebook.com\/fairfax.cryobank","article_modified_time":"2020-03-05T17:16:06+00:00","twitter_card":"summary_large_image","twitter_site":"@FairfaxCryobank","schema":{"@context":"https:\/\/schema.org","@graph":[{"@type":"WebPage","@id":"https:\/\/fairfaxcryobank.com\/de\/genetische-probleme","url":"https:\/\/fairfaxcryobank.com\/de\/genetische-probleme","name":"Genetik H\u00e4ufig gestellte Fragen | Fairfax Cryobank","isPartOf":{"@id":"https:\/\/fairfaxcryobank.com\/de#website"},"datePublished":"2015-05-18T11:59:55+00:00","dateModified":"2020-03-05T17:16:06+00:00","description":"Welche genetischen Krankheitstests werden an den Spendern durchgef\u00fchrt?","breadcrumb":{"@id":"https:\/\/fairfaxcryobank.com\/de\/genetische-probleme#breadcrumb"},"inLanguage":"de","potentialAction":[{"@type":"ReadAction","target":["https:\/\/fairfaxcryobank.com\/de\/genetische-probleme"]}]},{"@type":"BreadcrumbList","@id":"https:\/\/fairfaxcryobank.com\/de\/genetische-probleme#breadcrumb","itemListElement":[{"@type":"ListItem","position":1,"name":"Home","item":"https:\/\/fairfaxcryobank.com\/de"},{"@type":"ListItem","position":2,"name":"Genetik H\u00e4ufig gestellte Fragen"}]},{"@type":"WebSite","@id":"https:\/\/fairfaxcryobank.com\/de#website","url":"https:\/\/fairfaxcryobank.com\/de","name":"Fairfax Cryobank - Find a Sperm Donor","description":"Top-Tier Sperm Bank","publisher":{"@id":"https:\/\/fairfaxcryobank.com\/de#organization"},"potentialAction":[{"@type":"SearchAction","target":{"@type":"EntryPoint","urlTemplate":"https:\/\/fairfaxcryobank.com\/de?s={search_term_string}"},"query-input":{"@type":"PropertyValueSpecification","valueRequired":true,"valueName":"search_term_string"}}],"inLanguage":"de"},{"@type":"Organization","@id":"https:\/\/fairfaxcryobank.com\/de#organization","name":"Fairfax Cryobank","url":"https:\/\/fairfaxcryobank.com\/de","logo":{"@type":"ImageObject","inLanguage":"de","@id":"https:\/\/fairfaxcryobank.com\/de#\/schema\/logo\/image\/","url":"https:\/\/fairfaxcryobank.com\/wp-content\/uploads\/logo.webp","contentUrl":"https:\/\/fairfaxcryobank.com\/wp-content\/uploads\/logo.webp","width":1,"height":1,"caption":"Fairfax Cryobank"},"image":{"@id":"https:\/\/fairfaxcryobank.com\/de#\/schema\/logo\/image\/"},"sameAs":["https:\/\/www.facebook.com\/fairfax.cryobank","https:\/\/x.com\/FairfaxCryobank","https:\/\/www.instagram.com\/fairfaxcryobank\/","https:\/\/www.pinterest.com\/fairfaxcryo\/"]}]}},"post_mailing_queue_ids":[],"_links":{"self":[{"href":"https:\/\/fairfaxcryobank.com\/de\/wp-json\/wp\/v2\/pages\/6093","targetHints":{"allow":["GET"]}}],"collection":[{"href":"https:\/\/fairfaxcryobank.com\/de\/wp-json\/wp\/v2\/pages"}],"about":[{"href":"https:\/\/fairfaxcryobank.com\/de\/wp-json\/wp\/v2\/types\/page"}],"author":[{"embeddable":true,"href":"https:\/\/fairfaxcryobank.com\/de\/wp-json\/wp\/v2\/users\/1"}],"replies":[{"embeddable":true,"href":"https:\/\/fairfaxcryobank.com\/de\/wp-json\/wp\/v2\/comments?post=6093"}],"version-history":[{"count":0,"href":"https:\/\/fairfaxcryobank.com\/de\/wp-json\/wp\/v2\/pages\/6093\/revisions"}],"wp:attachment":[{"href":"https:\/\/fairfaxcryobank.com\/de\/wp-json\/wp\/v2\/media?parent=6093"}],"curies":[{"name":"wp","href":"https:\/\/api.w.org\/{rel}","templated":true}]}}