{"id":6095,"date":"2015-10-23T13:14:57","date_gmt":"2015-10-23T13:14:57","guid":{"rendered":"https:\/\/fairfaxcryobank.com\/hpv-faqs\/"},"modified":"2020-03-05T17:16:51","modified_gmt":"2020-03-05T17:16:51","slug":"hpv-tests","status":"publish","type":"page","link":"https:\/\/fairfaxcryobank.com\/de\/hpv-tests","title":{"rendered":"HPV Tests"},"content":{"rendered":"\t<ul class=\"faqs\" >\n\t\t\t<li class=\"faq\" id=\"faq-block_5d13d515524bb\">\n\t\t\t<div class=\"-question\">Was ben\u00f6tigt die FDA f\u00fcr die HPV-Erkennung?<\/div>\n\t\t\t<div class=\"-answer\"><p>Die FDA schreibt vor, dass Spender durch k\u00f6rperliche Untersuchung und Anamnese auf HPV untersucht werden m\u00fcssen. HPV-DNA-basierte Tests von Samenspendern sind jedoch nicht erforderlich.<\/p>\n<\/div>\n\t\t<\/li>\n\t\t\t<li class=\"faq\" id=\"faq-block_5d13d515524bb\">\n\t\t\t<div class=\"-question\">Was macht die Fairfax Cryobank im Hinblick auf HPV-Erkennung?<\/div>\n\t\t\t<div class=\"-answer\"><p>Fairfax Cryobank \u00fcberpr\u00fcft Spender nach Anamnese und k\u00f6rperlicher Untersuchung auf HPV und erf\u00fcllt dabei den FDA-Standard. Dar\u00fcber hinaus \u00fcbertreffen wir den Standard, da wir 2001 DNA-basierte Tests f\u00fcr Spendersamen hinzugef\u00fcgt haben. Wir suchen nach den beiden HPV-St\u00e4mmen, die am h\u00e4ufigsten mit Geb\u00e4rmutterhalskrebs in Verbindung gebracht werden.<\/p>\n<\/div>\n\t\t<\/li>\n\t\t\t<li class=\"faq\" id=\"faq-block_5d13d515524bb\">\n\t\t\t<div class=\"-question\">Welche medizinischen Beweise st\u00fctzen diese zus\u00e4tzlichen Tests und Untersuchungen?<\/div>\n\t\t\t<div class=\"-answer\"><p>Wir zitieren eine Studie (Nachweis von humaner Papillomavirus-DNA in Spermien mittels Polymerasekettenreaktion, Obstet Gynecol 2001; 97: 357-60), die zu folgendem Ergebnis f\u00fchrte: \u201eHPV ist in Spermien von infizierten und anscheinend gesunden Personen vorhanden, und das Waschen der Spermien beseitigt nicht die Risiko der \u00dcbertragung von HPV an Empf\u00e4nger. Wir empfehlen, HPV-DNA-Tests am Samen potenzieller Spender durchzuf\u00fchren und solche mit positiven Tests von der Spende auszuschlie\u00dfen.\u201c<\/p>\n<\/div>\n\t\t<\/li>\n\t\t\t<li class=\"faq\" id=\"faq-block_5d13d515524bb\">\n\t\t\t<div class=\"-question\">Warum tut Fairfax mehr als von der FDA gefordert?<\/div>\n\t\t\t<div class=\"-answer\"><p>Wir sind der Ansicht, dass selbst gemeldete Krankengeschichten und k\u00f6rperliche Untersuchungen nicht ausreichen, um auf HPV zu testen, und dass ein DNA-basierter Test unserem Spendersperma ein zus\u00e4tzliches Sicherheitsniveau verleiht. Wir bei Fairfax Cryobank sind der Ansicht, dass alle Spendersamen sowohl auf HPV untersucht als auch auf die h\u00e4ufigsten HPV-St\u00e4mme getestet werden sollten, die Geb\u00e4rmutterhalskrebs verursachen. Die medizinische Literatur unterst\u00fctzt unsere Meinung.<\/p>\n<\/div>\n\t\t<\/li>\n\t\t\t<li class=\"faq\" id=\"faq-block_5d13d515524bb\">\n\t\t\t<div class=\"-question\">Wie wird der HPV-Test bei den Spendern durchgef\u00fchrt?<\/div>\n\t\t\t<div class=\"-answer\"><p>Wir testen den Samen unserer Spender auf HPV, wenn sie auf ihre urspr\u00fcngliche Spenderberechtigung \u00fcberpr\u00fcft werden, und danach alle drei Monate, w\u00e4hrend sie spenden. Da wir Samenproben in Abst\u00e4nden von 3 Monaten testen, erh\u00f6hen wir die Wahrscheinlichkeit, das Vorhandensein von HPV fr\u00fcher zu erkennen als durch die visuellen Nachweismethoden, die normalerweise w\u00e4hrend einer routinem\u00e4\u00dfigen k\u00f6rperlichen Untersuchung durchgef\u00fchrt werden, die in den meisten Gewebebankoperationen in Abst\u00e4nden von 6 Monaten durchgef\u00fchrt wird.<\/p>\n<\/div>\n\t\t<\/li>\n\t\t\t<li class=\"faq\" id=\"faq-block_5d13d515524bb\">\n\t\t\t<div class=\"-question\">F\u00fchrt das Labor den HPV-DNA-Test mit dieser Art von Tests durch?<\/div>\n\t\t\t<div class=\"-answer\"><p>Das Protokoll und die Validierung unserer HPV-Tests wurden im Labor f\u00fcr molekulare Infektionskrankheiten (MIDL) des Genetics &amp; IVF Institute entwickelt. MIDL wurde 1998 gegr\u00fcndet und ist eine hochmoderne CLIA-zertifizierte Einrichtung, die sich der Diagnostik von Infektionskrankheiten mit ausschlie\u00dflich hochempfindlichen PCR-Amplifikationsmethoden (DNA) widmet. Alle derzeit verwendeten internen Protokolle m\u00fcssen einen mehrteiligen Validierungsprozess bestehen. Vor dem Anbieten des HPV-Tests im Jahr 2001 wurden ca. 10.000 Tests durchgef\u00fchrt.<\/p>\n<p>&nbsp;<\/p>\n<p>Neben der Unterst\u00fctzung der T\u00e4tigkeiten verschiedener GIVF-Abteilungen, zu denen auch die Fairfax Cryobank geh\u00f6rt, bietet MIDL Tests und Untersuchungen mit hoher Priorit\u00e4t f\u00fcr die pr\u00e4natale und neonatale Stationen in Krankenh\u00e4usern der Washington D.C. Metro an. Das MIDL wird von Brian D. Mariani, Ph.D., geleitet, der mehr als 25 Jahre Erfahrung in den Bereichen Molekulargenetik, Mikrobiologie und Biotechnologie verf\u00fcgt. Dr. Mariani, der an den Universit\u00e4ten Stanford und Harvard ausgebildet wurde, hat sein Fachwissen bei MIDL in die Entwicklung molekulargenetischer Nachweisuntersuchungen f\u00fcr eine Vielzahl von infekti\u00f6sen Mikroorganismen aus verschiedenen klinischen Probentypen eingebracht.<\/p>\n<\/div>\n\t\t<\/li>\n\t\t\t<li class=\"faq\" id=\"faq-block_5d13d515524bb\">\n\t\t\t<div class=\"-question\">Wurde die Testgenauigkeit von externen Stellen best\u00e4tigt?<\/div>\n\t\t\t<div class=\"-answer\"><p>Das Labor f\u00fcr molekulare Infektionskrankheiten (MIDL) des Genetics &amp; IVF Institute f\u00fchrt intern gepr\u00fcfte Assays unter der CLIA-Zertifizierung (Nr. 49D0952503) gem\u00e4\u00df allen festgelegten Richtlinien durch. Der Laborleiter ist f\u00fcr die Molekulare Virologie gem\u00e4\u00df den Richtlinien der staatlichen Gesundheitsbeh\u00f6rde von New York qualifiziert. Das Labor nimmt am Umfrageprogramm zur Nukleins\u00e4ureamplifikation des College of American Pathology (einschlie\u00dflich HPV-Nachweis) teil und f\u00fchrt eine 100% ige Genauigkeitsbewertung durch.<\/p>\n<\/div>\n\t\t<\/li>\n\t\t\t<li class=\"faq\" id=\"faq-block_5d13d515524bb\">\n\t\t\t<div class=\"-question\">Warum bieten nicht alle Samenbanken diese Tests an?<\/div>\n\t\t\t<div class=\"-answer\"><p>Ganz einfach: Diese Tests sind teuer und erfordern die Zusammenarbeit mit einem hoch entwickelten Labor f\u00fcr Infektionskrankheiten, welches auch Erfahrung mit Spermatests hat. Fairfax Cryobank hat enorm von unserer Beziehung zum Genetics &amp; IVF Institute, unserer Muttergesellschaft, profitiert. Seit unserer Gr\u00fcndung als Spermienbank haben wir bei der genetischen Untersuchung unserer Spender stets eine Vorreiterrolle gespielt.<\/p>\n<\/div>\n\t\t<\/li>\n\t\t<\/ul>\n<script>\nvar faqs = document.querySelectorAll('li.faq');\nfor (var i=0; i<faqs.length; i++) {\n\tfaqs[i].addEventListener('click', function(event) {\n\t\tthis.classList.toggle('-expanded');\n\t});\n}\n<\/script>\n<style>\nul.faqs {\n\tmargin: 0 0 25px; padding: 0;\n}\nul.faqs > li.faq {\n\tmargin: 0 0 10px; padding: 0;\n\tlist-style: none;\n\tbackground: none;\n}\nul.faqs > li.faq.-expanded {\n\tborder: 1px solid #e8e8e8;\n\tbox-shadow: 0 2px 10px rgba(0,0,0,0.1)\n}\nul.faqs > li.faq .-question {\n\tposition: relative;\n\tpadding: 19px 19px 19px 78px;\n\tcolor: #565456;\n\tfont-size: 20px; line-height: 1.2;\n\tbackground: #f1f1f1;\n\tcursor: pointer;\n\ttransition: .3s\n}\nul.faqs > li.faq .-question:hover { color: #1f1f1f; background: #f6f6f6; }\nul.faqs > li.faq .-question:before {\n\tcontent: \"\";\n\tposition: absolute;\n\ttop: 0; bottom: 0; left: 0;\n\twidth:62px;\n\tbackground: linear-gradient(#898989,#898989), linear-gradient(#898989,#898989), #eaeaea;\n\tbackground-position:center;\n\tbackground-size: 20px 2px,2px 20px;\n\tbackground-repeat:no-repeat;\n}\nul.faqs > li.faq .-question:hover:before {\n\tbackground: linear-gradient(#ea6950,#ea6950), linear-gradient(#ea6950,#ea6950), #eaeaea;\n\tbackground-position:center;\n\tbackground-size: 20px 2px,2px 20px;\n\tbackground-repeat:no-repeat;\n}\nul.faqs > li.faq.-expanded .-question,\nul.faqs > li.faq.-expanded .-question:hover { color: #ea6950; background: #f9f9f9; }\nul.faqs > li.faq.-expanded .-question:before,\nul.faqs > li.faq.-expanded .-question:hover:before {\n\tcontent: \"\";\n\tposition: absolute;\n\ttop: 0; bottom: 0; left: 0;\n\twidth:62px;\n\tbackground: linear-gradient(#ffffff,#ffffff), #ea6950;\n\tbackground-position:center;\n\tbackground-size: 20px 2px;\n\tbackground-repeat:no-repeat;\n}\n\nul.faqs > li.faq .-answer {\n\toverflow: hidden;\n\tpadding: 0 0 0 78px;\n\tmax-height: 0;\n\ttransition: 0.2s;\n}\nul.faqs > li.faq .-answer > * { overflow: hidden; max-height: 0; }\nul.faqs > li.faq.-expanded .-answer {\n\tbox-sizing: border-box;\n\tpadding: 19px 19px 19px 78px;\n\tmax-height: 9999px;\n\tcolor: #585858;\n\tfont-size: 16px; line-height: 23px;\n\tbackground: #fff;\n\ttransition: 0.4s;\n}\nul.faqs > li.faq.-expanded .-answer > * { max-height: 9999px;}\n<\/style>","protected":false},"excerpt":{"rendered":"","protected":false},"author":1,"featured_media":0,"parent":0,"menu_order":0,"comment_status":"closed","ping_status":"closed","template":"","meta":{"footnotes":""},"class_list":["post-6095","page","type-page","status-publish","hentry"],"yoast_head":"<!-- This site is optimized with the Yoast SEO plugin v27.1.1 - https:\/\/yoast.com\/product\/yoast-seo-wordpress\/ -->\n<title>HPV Tests | Fairfax Cryobank<\/title>\n<meta name=\"description\" content=\"Fairfax Cryobank \u00fcberpr\u00fcft Spender nach Anamnese und k\u00f6rperlicher Untersuchung auf HPV und erf\u00fcllt dabei den FDA-Standard.\" \/>\n<meta name=\"robots\" content=\"index, follow, max-snippet:-1, max-image-preview:large, max-video-preview:-1\" \/>\n<link rel=\"canonical\" href=\"https:\/\/fairfaxcryobank.com\/de\/hpv-tests\" \/>\n<meta property=\"og:locale\" content=\"de_DE\" \/>\n<meta property=\"og:type\" content=\"article\" \/>\n<meta property=\"og:title\" content=\"HPV Tests | Fairfax Cryobank\" \/>\n<meta property=\"og:description\" content=\"Fairfax Cryobank \u00fcberpr\u00fcft Spender nach Anamnese und k\u00f6rperlicher Untersuchung auf HPV und erf\u00fcllt dabei den FDA-Standard.\" \/>\n<meta property=\"og:url\" content=\"https:\/\/fairfaxcryobank.com\/de\/hpv-tests\" \/>\n<meta property=\"og:site_name\" content=\"Fairfax Cryobank - Find a Sperm Donor\" \/>\n<meta property=\"article:publisher\" content=\"https:\/\/www.facebook.com\/fairfax.cryobank\" \/>\n<meta property=\"article:modified_time\" content=\"2020-03-05T17:16:51+00:00\" \/>\n<meta name=\"twitter:card\" content=\"summary_large_image\" \/>\n<meta name=\"twitter:site\" content=\"@FairfaxCryobank\" \/>\n<script type=\"application\/ld+json\" class=\"yoast-schema-graph\">{\"@context\":\"https:\/\/schema.org\",\"@graph\":[{\"@type\":\"WebPage\",\"@id\":\"https:\/\/fairfaxcryobank.com\/de\/hpv-tests\",\"url\":\"https:\/\/fairfaxcryobank.com\/de\/hpv-tests\",\"name\":\"HPV Tests | Fairfax Cryobank\",\"isPartOf\":{\"@id\":\"https:\/\/fairfaxcryobank.com\/de#website\"},\"datePublished\":\"2015-10-23T13:14:57+00:00\",\"dateModified\":\"2020-03-05T17:16:51+00:00\",\"description\":\"Fairfax Cryobank \u00fcberpr\u00fcft Spender nach Anamnese und k\u00f6rperlicher Untersuchung auf HPV und erf\u00fcllt dabei den FDA-Standard.\",\"breadcrumb\":{\"@id\":\"https:\/\/fairfaxcryobank.com\/de\/hpv-tests#breadcrumb\"},\"inLanguage\":\"de\",\"potentialAction\":[{\"@type\":\"ReadAction\",\"target\":[\"https:\/\/fairfaxcryobank.com\/de\/hpv-tests\"]}]},{\"@type\":\"BreadcrumbList\",\"@id\":\"https:\/\/fairfaxcryobank.com\/de\/hpv-tests#breadcrumb\",\"itemListElement\":[{\"@type\":\"ListItem\",\"position\":1,\"name\":\"Home\",\"item\":\"https:\/\/fairfaxcryobank.com\/de\"},{\"@type\":\"ListItem\",\"position\":2,\"name\":\"HPV Tests\"}]},{\"@type\":\"WebSite\",\"@id\":\"https:\/\/fairfaxcryobank.com\/de#website\",\"url\":\"https:\/\/fairfaxcryobank.com\/de\",\"name\":\"Fairfax Cryobank - Find a Sperm Donor\",\"description\":\"Top-Tier Sperm Bank\",\"publisher\":{\"@id\":\"https:\/\/fairfaxcryobank.com\/de#organization\"},\"potentialAction\":[{\"@type\":\"SearchAction\",\"target\":{\"@type\":\"EntryPoint\",\"urlTemplate\":\"https:\/\/fairfaxcryobank.com\/de?s={search_term_string}\"},\"query-input\":{\"@type\":\"PropertyValueSpecification\",\"valueRequired\":true,\"valueName\":\"search_term_string\"}}],\"inLanguage\":\"de\"},{\"@type\":\"Organization\",\"@id\":\"https:\/\/fairfaxcryobank.com\/de#organization\",\"name\":\"Fairfax Cryobank\",\"url\":\"https:\/\/fairfaxcryobank.com\/de\",\"logo\":{\"@type\":\"ImageObject\",\"inLanguage\":\"de\",\"@id\":\"https:\/\/fairfaxcryobank.com\/de#\/schema\/logo\/image\/\",\"url\":\"https:\/\/fairfaxcryobank.com\/wp-content\/uploads\/logo.webp\",\"contentUrl\":\"https:\/\/fairfaxcryobank.com\/wp-content\/uploads\/logo.webp\",\"width\":1,\"height\":1,\"caption\":\"Fairfax Cryobank\"},\"image\":{\"@id\":\"https:\/\/fairfaxcryobank.com\/de#\/schema\/logo\/image\/\"},\"sameAs\":[\"https:\/\/www.facebook.com\/fairfax.cryobank\",\"https:\/\/x.com\/FairfaxCryobank\",\"https:\/\/www.instagram.com\/fairfaxcryobank\/\",\"https:\/\/www.pinterest.com\/fairfaxcryo\/\"]}]}<\/script>\n<!-- \/ Yoast SEO plugin. -->","yoast_head_json":{"title":"HPV Tests | Fairfax Cryobank","description":"Fairfax Cryobank \u00fcberpr\u00fcft Spender nach Anamnese und k\u00f6rperlicher Untersuchung auf HPV und erf\u00fcllt dabei den FDA-Standard.","robots":{"index":"index","follow":"follow","max-snippet":"max-snippet:-1","max-image-preview":"max-image-preview:large","max-video-preview":"max-video-preview:-1"},"canonical":"https:\/\/fairfaxcryobank.com\/de\/hpv-tests","og_locale":"de_DE","og_type":"article","og_title":"HPV Tests | Fairfax Cryobank","og_description":"Fairfax Cryobank \u00fcberpr\u00fcft Spender nach Anamnese und k\u00f6rperlicher Untersuchung auf HPV und erf\u00fcllt dabei den FDA-Standard.","og_url":"https:\/\/fairfaxcryobank.com\/de\/hpv-tests","og_site_name":"Fairfax Cryobank - Find a Sperm Donor","article_publisher":"https:\/\/www.facebook.com\/fairfax.cryobank","article_modified_time":"2020-03-05T17:16:51+00:00","twitter_card":"summary_large_image","twitter_site":"@FairfaxCryobank","schema":{"@context":"https:\/\/schema.org","@graph":[{"@type":"WebPage","@id":"https:\/\/fairfaxcryobank.com\/de\/hpv-tests","url":"https:\/\/fairfaxcryobank.com\/de\/hpv-tests","name":"HPV Tests | Fairfax Cryobank","isPartOf":{"@id":"https:\/\/fairfaxcryobank.com\/de#website"},"datePublished":"2015-10-23T13:14:57+00:00","dateModified":"2020-03-05T17:16:51+00:00","description":"Fairfax Cryobank \u00fcberpr\u00fcft Spender nach Anamnese und k\u00f6rperlicher Untersuchung auf HPV und erf\u00fcllt dabei den FDA-Standard.","breadcrumb":{"@id":"https:\/\/fairfaxcryobank.com\/de\/hpv-tests#breadcrumb"},"inLanguage":"de","potentialAction":[{"@type":"ReadAction","target":["https:\/\/fairfaxcryobank.com\/de\/hpv-tests"]}]},{"@type":"BreadcrumbList","@id":"https:\/\/fairfaxcryobank.com\/de\/hpv-tests#breadcrumb","itemListElement":[{"@type":"ListItem","position":1,"name":"Home","item":"https:\/\/fairfaxcryobank.com\/de"},{"@type":"ListItem","position":2,"name":"HPV Tests"}]},{"@type":"WebSite","@id":"https:\/\/fairfaxcryobank.com\/de#website","url":"https:\/\/fairfaxcryobank.com\/de","name":"Fairfax Cryobank - Find a Sperm Donor","description":"Top-Tier Sperm Bank","publisher":{"@id":"https:\/\/fairfaxcryobank.com\/de#organization"},"potentialAction":[{"@type":"SearchAction","target":{"@type":"EntryPoint","urlTemplate":"https:\/\/fairfaxcryobank.com\/de?s={search_term_string}"},"query-input":{"@type":"PropertyValueSpecification","valueRequired":true,"valueName":"search_term_string"}}],"inLanguage":"de"},{"@type":"Organization","@id":"https:\/\/fairfaxcryobank.com\/de#organization","name":"Fairfax Cryobank","url":"https:\/\/fairfaxcryobank.com\/de","logo":{"@type":"ImageObject","inLanguage":"de","@id":"https:\/\/fairfaxcryobank.com\/de#\/schema\/logo\/image\/","url":"https:\/\/fairfaxcryobank.com\/wp-content\/uploads\/logo.webp","contentUrl":"https:\/\/fairfaxcryobank.com\/wp-content\/uploads\/logo.webp","width":1,"height":1,"caption":"Fairfax Cryobank"},"image":{"@id":"https:\/\/fairfaxcryobank.com\/de#\/schema\/logo\/image\/"},"sameAs":["https:\/\/www.facebook.com\/fairfax.cryobank","https:\/\/x.com\/FairfaxCryobank","https:\/\/www.instagram.com\/fairfaxcryobank\/","https:\/\/www.pinterest.com\/fairfaxcryo\/"]}]}},"post_mailing_queue_ids":[],"_links":{"self":[{"href":"https:\/\/fairfaxcryobank.com\/de\/wp-json\/wp\/v2\/pages\/6095","targetHints":{"allow":["GET"]}}],"collection":[{"href":"https:\/\/fairfaxcryobank.com\/de\/wp-json\/wp\/v2\/pages"}],"about":[{"href":"https:\/\/fairfaxcryobank.com\/de\/wp-json\/wp\/v2\/types\/page"}],"author":[{"embeddable":true,"href":"https:\/\/fairfaxcryobank.com\/de\/wp-json\/wp\/v2\/users\/1"}],"replies":[{"embeddable":true,"href":"https:\/\/fairfaxcryobank.com\/de\/wp-json\/wp\/v2\/comments?post=6095"}],"version-history":[{"count":0,"href":"https:\/\/fairfaxcryobank.com\/de\/wp-json\/wp\/v2\/pages\/6095\/revisions"}],"wp:attachment":[{"href":"https:\/\/fairfaxcryobank.com\/de\/wp-json\/wp\/v2\/media?parent=6095"}],"curies":[{"name":"wp","href":"https:\/\/api.w.org\/{rel}","templated":true}]}}