{"id":6097,"date":"2015-05-18T08:56:09","date_gmt":"2015-05-18T08:56:09","guid":{"rendered":"https:\/\/fairfaxcryobank.com\/cmv\/"},"modified":"2021-01-21T12:09:59","modified_gmt":"2021-01-21T17:09:59","slug":"cmv-status","status":"publish","type":"page","link":"https:\/\/fairfaxcryobank.com\/de\/cmv-status","title":{"rendered":"CMV Status"},"content":{"rendered":"\n<h2 class=\"wp-block-heading\" id=\"mce_19\">H\u00e4ufig gestellte Fragen zu CMV <\/h2>\n\n\n\n<h3 class=\"wp-block-heading\"><strong>CMV und Schwangerschaft<\/strong><\/h3>\n\n\n<p>Die Sicherheit von Ihnen und Ihrem Kind ist von gr\u00f6\u00dfter Bedeutung. Aus diesem Grund ist es wichtig, sich die Zeit zu nehmen, um den Zusammenhang zwischen CMV und Ihrer Schwangerschaft zu verstehen &#8211; insbesondere, wenn Sie CMV-negativ sind.<\/p>\n<p>Im Folgenden haben wir einige der am h\u00e4ufigsten gestellten Fragen zu CMV zusammengestellt. Lesen Sie die Informationen durch und wenden Sie sich bitte an Ihren Arzt, wenn Sie weitere Fragen haben.<\/p>\n\n\n<h3 class=\"wp-block-heading\">H\u00e4ufig gestellte Fragen zu CMV<\/h3>\n\n\n\t<ul class=\"faqs\" >\n\t\t\t<li class=\"faq\" id=\"faq-block_5d11274016437\">\n\t\t\t<div class=\"-question\">Was ist CMV?<\/div>\n\t\t\t<div class=\"-answer\"><p>Cytomegalovirus, oft nur als CMV bezeichnet, ist ein verbreitetes Virus in der gleichen Familie wie Windpocken und Fieberbl\u00e4schen. Wenn die Person infiziert ist, leidet sie ein bis zwei Wochen lang an milden Erk\u00e4ltungs- oder grippe\u00e4hnlichen Symptomen. Einige infizierte Personen haben keine nachweisbaren Symptome. Nach der Infektion erhalten die meisten Personen eine Immunit\u00e4t gegen das Virus.<\/p>\n<p>&nbsp;<\/p>\n<p>Zwischen 50 und 85 Prozent der amerikanischen Erwachsenen sind CMV ausgesetzt, wobei die meisten F\u00e4lle im Kindesalter auftreten &#8211; diese Personen testen positiv auf CMV. Wenn Sie CMV-negativ sind, m\u00fcssen Sie unbedingt CMV-negative Samenspender ausw\u00e4hlen, da CMV \u00fcber K\u00f6rperfl\u00fcssigkeiten wie auch Sperma \u00fcbertragen werden kann.<\/p>\n<p>&nbsp;<\/p>\n<p>Wenn eine schwangere Person an CMV erkrankt, besteht f\u00fcr das ungeborene Kind das Risiko schwerwiegender medizinischer Probleme, einschlie\u00dflich geistiger Behinderung, Taubheit und Krampfanf\u00e4llen.<\/p>\n<p>Derzeit gibt es keine Impfung gegen CMV.<\/p>\n<\/div>\n\t\t<\/li>\n\t\t\t<li class=\"faq\" id=\"faq-block_5d11274016437\">\n\t\t\t<div class=\"-question\">Wie wird CMV \u00fcbertragen?<\/div>\n\t\t\t<div class=\"-answer\"><p>CMV \u00fcbertr\u00e4gt sich durch K\u00f6rperfl\u00fcssigkeiten, wie z. B.:<\/p>\n<ul>\n<li>Urin<\/li>\n<li>Speichel<\/li>\n<li>Schleim<\/li>\n<li>Zervikale Sekrete<\/li>\n<li>Blut<\/li>\n<li>Sperma<\/li>\n<li>Muttermilch<\/li>\n<\/ul>\n<p>Kindertagesst\u00e4tten sind eine der h\u00e4ufigsten Expositionseinstellungen f\u00fcr Kinder. Bei Erwachsenen ist ungesch\u00fctzter Sex eine typische Infektionsursache. Eine infizierte Mutter kann CMV w\u00e4hrend der Geburt \u00fcber die Plazenta oder die Sekrete des Geb\u00e4rmutterhalses auf ihren F\u00f6tus \u00fcbertragen.<\/p>\n<\/div>\n\t\t<\/li>\n\t\t\t<li class=\"faq\" id=\"faq-block_5d11274016437\">\n\t\t\t<div class=\"-question\">Was sind die Symptome von CMV?<\/div>\n\t\t\t<div class=\"-answer\"><p><!-- wp:paragraph --><\/p>\n<p>CMV-Symptome sind in der Regel mild, unspezifisch und schwer zu erkennen. Viele Erwachsene merken nicht einmal, dass sie eine Infektion haben. Zu den erkennbaren Symptomen geh\u00f6ren:<\/p>\n<p>&nbsp;<\/p>\n<ul>\n<li>Geschwollene Lymphknoten<\/li>\n<li>M\u00fcdigkeit<\/li>\n<li>Schnupfen<\/li>\n<li>Andere grippe\u00e4hnliche Symptome<\/li>\n<\/ul>\n<p>&nbsp;<\/p>\n<p>Menschen mit geschw\u00e4chten Immunsymptomen leiden m\u00f6glicherweise unter schwereren Symptomen, wenn sie mit CMV infiziert werden.<\/p>\n<p><!-- \/wp:paragraph --><\/p>\n<\/div>\n\t\t<\/li>\n\t\t\t<li class=\"faq\" id=\"faq-block_5d11274016437\">\n\t\t\t<div class=\"-question\">Was sind die Symptome einer angeborenen CMV-Infektion?<\/div>\n\t\t\t<div class=\"-answer\"><p>Wenn sich eine CMV-negative Frau w\u00e4hrend der Schwangerschaft ansteckt, kann sich auch der F\u00f6tus anstecken. Dies ist als angeborene Infektion bekannt und tritt in etwa einem Drittel der F\u00e4lle auf.<\/p>\n<p>Bei rund zwanzig Prozent der mit einer CMV-Infektion geborenen Babys kann es in den ersten Lebensjahren zu Komplikationen kommen, wie z. B.:<\/p>\n<p>&nbsp;<\/p>\n<ul>\n<li>Niedriges Geburtsgewicht<\/li>\n<li>Taubheit<\/li>\n<li>Blindheit<\/li>\n<li>Geistige Behinderung<\/li>\n<li>Kleiner Kopf<\/li>\n<li>Anf\u00e4lle<\/li>\n<li>Gelbsucht<\/li>\n<li>Br\u00fcchige Z\u00e4hne<\/li>\n<li>Leber- oder Milzsch\u00e4den<\/li>\n<\/ul>\n<p>&nbsp;<\/p>\n<p>Kein Baby entwickelt alle oben aufgef\u00fchrten Symptome, und die Mehrheit weist keinerlei Symptome auf.<\/p>\n<\/div>\n\t\t<\/li>\n\t\t\t<li class=\"faq\" id=\"faq-block_5d11274016437\">\n\t\t\t<div class=\"-question\">Wie finde ich CMV-negative Samenspender?<\/div>\n\t\t\t<div class=\"-answer\"><p>Wenn Sie CMV-negativ testen, kann die Auswahl von CMV-negativen Samenspendern das Risiko einer angeborenen CMV-Infektion verringern.<\/p>\n<p>&nbsp;<\/p>\n<p>Hier bei Fairfax Cryobank \u00fcberpr\u00fcfen wir alle drei Monate alle Spender auf CMV-Antik\u00f6rper. Wenn der Spender einen positiven Antik\u00f6rpertest durchf\u00fchrt, f\u00fchren wir weitere Tests durch, um festzustellen, ob die Ergebnisse eine k\u00fcrzliche oder \u00e4ltere Infektion darstellen. Wenn eine k\u00fcrzlich aufgetretene Infektion nicht ausgeschlossen werden kann, werden alle Samenfl\u00e4schchen entsorgt.<\/p>\n<\/div>\n\t\t<\/li>\n\t\t\t<li class=\"faq\" id=\"faq-block_5d11274016437\">\n\t\t\t<div class=\"-question\">Ist es ungef\u00e4hrlich, einen CMV-positiven Samenspender zu verwenden?<\/div>\n\t\t\t<div class=\"-answer\"><p>Ihr Arzt kann Ihnen bei der Entscheidung helfen, ob es f\u00fcr Sie sicher ist, einen CMV-positiven Samenspender zu verwenden.<\/p>\n<p>Davon abgesehen k\u00f6nnen Sie sich darauf verlassen, dass alle Spender der Fairfax Cryobank als nicht infekti\u00f6s gelten. Dar\u00fcber hinaus stellt unsere sechsmonatige Quarant\u00e4nerichtlinie sicher, dass alle Proben eines Spenders, der auf eine aktuelle oder k\u00fcrzlich aufgetretene Infektion hin positiv getestet wurde, zerst\u00f6rt werden.<\/p>\n<\/div>\n\t\t<\/li>\n\t\t\t<li class=\"faq\" id=\"faq-block_5d11274016437\">\n\t\t\t<div class=\"-question\">Welchen Spender sollte ich verwenden, wenn ich CMV-negativ bin?<\/div>\n\t\t\t<div class=\"-answer\"><p>Wenn Sie CMV-negativ testen, empfehlen wir die Verwendung eines CMV-negativen Samenspenders.<\/p>\n<p>Sie k\u00f6nnen nat\u00fcrlich einen CMV-positiven Samenspender verwenden, wenn Sie dies w\u00fcnschen. Die Wahrscheinlichkeit einer \u00dcbertragung des angeborenen CMV vom Samen auf einen F\u00f6tus ist \u00e4u\u00dferst gering, jedoch nicht null. Sie sollten dies mit Ihrem Arzt besprechen, bevor Sie eine Entscheidung treffen.<\/p>\n<\/div>\n\t\t<\/li>\n\t\t\t<li class=\"faq\" id=\"faq-block_5d11274016437\">\n\t\t\t<div class=\"-question\">Was ist der Unterschied zwischen CMV-IgG- und IgM-Tests?<\/div>\n\t\t\t<div class=\"-answer\"><p><!-- wp:paragraph --><\/p>\n<p>Beim Screening auf CMV gibt es zwei Testtypen:<\/p>\n<ul>\n<li>Der CMV-IgG-Test zeigt eine fr\u00fchere CMV-Exposition an<\/li>\n<li>Der CMV-IgM-Test zeigt eine k\u00fcrzliche oder aktuelle CMV-Infektion an<\/li>\n<\/ul>\n<p>Wenn das CMV-IgM positiv ist, werden alle Samenfl\u00e4schchen zerst\u00f6rt.<\/p>\n<p><!-- \/wp:paragraph --><\/p>\n<\/div>\n\t\t<\/li>\n\t\t\t<li class=\"faq\" id=\"faq-block_5d11274016437\">\n\t\t\t<div class=\"-question\">Wo kann ich mehr \u00fcber CMV und Schwangerschaft erfahren?<\/div>\n\t\t\t<div class=\"-answer\"><p>Wenn Sie CMV und Schwangerschaft sowie die mit der Verwendung von Spendern mit CMV-negativen Spermien verbundenen Risiken weiter erforschen m\u00f6chten, lesen Sie hier das <u>Datenblatt <\/u>der CDC-Website.<\/p>\n<\/div>\n\t\t<\/li>\n\t\t<\/ul>\n<script>\nvar faqs = document.querySelectorAll('li.faq');\nfor (var i=0; i<faqs.length; i++) {\n\tfaqs[i].addEventListener('click', function(event) {\n\t\tthis.classList.toggle('-expanded');\n\t});\n}\n<\/script>\n<style>\nul.faqs {\n\tmargin: 0 0 25px; padding: 0;\n}\nul.faqs > li.faq {\n\tmargin: 0 0 10px; padding: 0;\n\tlist-style: none;\n\tbackground: none;\n}\nul.faqs > li.faq.-expanded {\n\tborder: 1px solid #e8e8e8;\n\tbox-shadow: 0 2px 10px rgba(0,0,0,0.1)\n}\nul.faqs > li.faq .-question {\n\tposition: relative;\n\tpadding: 19px 19px 19px 78px;\n\tcolor: #565456;\n\tfont-size: 20px; line-height: 1.2;\n\tbackground: #f1f1f1;\n\tcursor: pointer;\n\ttransition: .3s\n}\nul.faqs > li.faq .-question:hover { color: #1f1f1f; background: #f6f6f6; }\nul.faqs > li.faq .-question:before {\n\tcontent: \"\";\n\tposition: absolute;\n\ttop: 0; bottom: 0; left: 0;\n\twidth:62px;\n\tbackground: linear-gradient(#898989,#898989), linear-gradient(#898989,#898989), #eaeaea;\n\tbackground-position:center;\n\tbackground-size: 20px 2px,2px 20px;\n\tbackground-repeat:no-repeat;\n}\nul.faqs > li.faq .-question:hover:before {\n\tbackground: linear-gradient(#ea6950,#ea6950), linear-gradient(#ea6950,#ea6950), #eaeaea;\n\tbackground-position:center;\n\tbackground-size: 20px 2px,2px 20px;\n\tbackground-repeat:no-repeat;\n}\nul.faqs > li.faq.-expanded .-question,\nul.faqs > li.faq.-expanded .-question:hover { color: #ea6950; background: #f9f9f9; }\nul.faqs > li.faq.-expanded .-question:before,\nul.faqs > li.faq.-expanded .-question:hover:before {\n\tcontent: \"\";\n\tposition: absolute;\n\ttop: 0; bottom: 0; left: 0;\n\twidth:62px;\n\tbackground: linear-gradient(#ffffff,#ffffff), #ea6950;\n\tbackground-position:center;\n\tbackground-size: 20px 2px;\n\tbackground-repeat:no-repeat;\n}\n\nul.faqs > li.faq .-answer {\n\toverflow: hidden;\n\tpadding: 0 0 0 78px;\n\tmax-height: 0;\n\ttransition: 0.2s;\n}\nul.faqs > li.faq .-answer > * { overflow: hidden; max-height: 0; }\nul.faqs > li.faq.-expanded .-answer {\n\tbox-sizing: border-box;\n\tpadding: 19px 19px 19px 78px;\n\tmax-height: 9999px;\n\tcolor: #585858;\n\tfont-size: 16px; line-height: 23px;\n\tbackground: #fff;\n\ttransition: 0.4s;\n}\nul.faqs > li.faq.-expanded .-answer > * { max-height: 9999px;}\n<\/style>\n\n\n<div style=\"height:20px\" aria-hidden=\"true\" class=\"wp-block-spacer\"><\/div>\n\n\n\n<h3 class=\"wp-block-heading\">What is CMV? Infographic<\/h3>\n\n\n\n<div class=\"wp-block-image\"><figure class=\"aligncenter size-large is-resized\"><img loading=\"lazy\" decoding=\"async\" src=\"https:\/\/fairfaxcryobank.com\/wp-content\/uploads\/\/What-is-CMV--410x1024.png\" alt=\"cmv and pregnancy\" class=\"wp-image-15407\" width=\"495\" height=\"1237\" srcset=\"https:\/\/fairfaxcryobank.com\/wp-content\/uploads\/What-is-CMV--410x1024.png 410w, https:\/\/fairfaxcryobank.com\/wp-content\/uploads\/What-is-CMV--120x300.png 120w, https:\/\/fairfaxcryobank.com\/wp-content\/uploads\/What-is-CMV--768x1920.png 768w, https:\/\/fairfaxcryobank.com\/wp-content\/uploads\/What-is-CMV--614x1536.png 614w, https:\/\/fairfaxcryobank.com\/wp-content\/uploads\/What-is-CMV--819x2048.png 819w\" sizes=\"auto, (max-width: 495px) 100vw, 495px\" \/><\/figure><\/div>\n\n\n\n<hr class=\"wp-block-separator\"\/>\n\n\n\n<h4 class=\"wp-block-heading\">Die Fairfax Cryobank gibt Ihnen Sicherheit<\/h4>\n\n\n\n<p>In den letzten drei Jahrzehnten haben wir\nTausenden von Menschen dabei geholfen, wichtige Schritte zur Erreichung ihrer\nFamilienziele zu unternehmen.<\/p>\n\n\n\n<p>Als Innovatoren und Branchenf\u00fchrer versorgen wir unsere gesch\u00e4tzten Kunden mit dem strengsten Sperma-Screening in den Vereinigten Staaten. Nach einer Reihe von medizinischen Untersuchungen und anderen Tests werden nur 1 Prozent der Spender in unser Programm aufgenommen.<\/p>\n\n\n\n<p>Wenn Sie einen Spender aus unserer umfangreichen Sammlung ausw\u00e4hlen, k\u00f6nnen Sie v\u00f6llig beruhigt sein - hier geht es schlie\u00dflich um Ihre zuk\u00fcnftige Familie!<\/p>\n\n\n\n<p>Erfahren Sie mehr <a href=\"\/de\/uber-fairfax-cryobank\">\u00fc<\/a><a href=\"https:\/\/fairfaxcryobank.com\/de\/uber-fairfax-cryobank\">b<\/a><a href=\"\/de\/uber-fairfax-cryobank\">er uns<\/a> und unsere Testverfahren. Oder setzen Sie sich einfach mit <a href=\"https:\/\/fairfaxcryobank.com\/de\/kontakt\">unserem Team<\/a> unter der Nummer 0800 333 4211 in Verbindung. Wir helfen Ihnen gerne weiter! <\/p>\n","protected":false},"excerpt":{"rendered":"<p>H\u00e4ufig gestellte Fragen zu CMV CMV und Schwangerschaft Die Sicherheit von Ihnen und Ihrem Kind ist von gr\u00f6\u00dfter Bedeutung. Aus diesem Grund ist es wichtig, sich die Zeit zu nehmen, um den Zusammenhang zwischen CMV und Ihrer Schwangerschaft zu verstehen &#8211; insbesondere, wenn Sie CMV-negativ sind. Im Folgenden haben wir &#8230;<\/p>\n","protected":false},"author":1,"featured_media":15407,"parent":0,"menu_order":0,"comment_status":"closed","ping_status":"closed","template":"","meta":{"footnotes":""},"class_list":["post-6097","page","type-page","status-publish","has-post-thumbnail","hentry"],"yoast_head":"<!-- This site is optimized with the Yoast SEO plugin v27.1.1 - https:\/\/yoast.com\/product\/yoast-seo-wordpress\/ -->\n<title>CMV Status | Fairfax Cryobank<\/title>\n<meta name=\"description\" content=\"Die Sicherheit von Ihnen und Ihrem Kind ist von gr\u00f6\u00dfter Bedeutung. Aus diesem Grund ist es wichtig, sich die Zeit zu nehmen, um den Zusammenhang zwischen CMV und Ihrer Schwangerschaft zu verstehen.\" \/>\n<meta name=\"robots\" content=\"index, follow, max-snippet:-1, max-image-preview:large, max-video-preview:-1\" \/>\n<link rel=\"canonical\" href=\"https:\/\/fairfaxcryobank.com\/de\/cmv-status\" \/>\n<meta property=\"og:locale\" content=\"de_DE\" \/>\n<meta property=\"og:type\" content=\"article\" \/>\n<meta property=\"og:title\" content=\"CMV Status | Fairfax Cryobank\" \/>\n<meta property=\"og:description\" content=\"Die Sicherheit von Ihnen und Ihrem Kind ist von gr\u00f6\u00dfter Bedeutung. Aus diesem Grund ist es wichtig, sich die Zeit zu nehmen, um den Zusammenhang zwischen CMV und Ihrer Schwangerschaft zu verstehen.\" \/>\n<meta property=\"og:url\" content=\"https:\/\/fairfaxcryobank.com\/de\/cmv-status\" \/>\n<meta property=\"og:site_name\" content=\"Fairfax Cryobank - Find a Sperm Donor\" \/>\n<meta property=\"article:publisher\" content=\"https:\/\/www.facebook.com\/fairfax.cryobank\" \/>\n<meta property=\"article:modified_time\" content=\"2021-01-21T17:09:59+00:00\" \/>\n<meta property=\"og:image\" content=\"https:\/\/fairfaxcryobank.com\/wp-content\/uploads\/What-is-CMV-.png\" \/>\n\t<meta property=\"og:image:width\" content=\"2400\" \/>\n\t<meta property=\"og:image:height\" content=\"6000\" \/>\n\t<meta property=\"og:image:type\" content=\"image\/png\" \/>\n<meta name=\"twitter:card\" content=\"summary_large_image\" \/>\n<meta name=\"twitter:site\" content=\"@FairfaxCryobank\" \/>\n<meta name=\"twitter:label1\" content=\"Gesch\u00e4tzte Lesezeit\" \/>\n\t<meta name=\"twitter:data1\" content=\"1\u00a0Minute\" \/>\n<script type=\"application\/ld+json\" class=\"yoast-schema-graph\">{\"@context\":\"https:\/\/schema.org\",\"@graph\":[{\"@type\":\"WebPage\",\"@id\":\"https:\/\/fairfaxcryobank.com\/de\/cmv-status\",\"url\":\"https:\/\/fairfaxcryobank.com\/de\/cmv-status\",\"name\":\"CMV Status | Fairfax Cryobank\",\"isPartOf\":{\"@id\":\"https:\/\/fairfaxcryobank.com\/de#website\"},\"primaryImageOfPage\":{\"@id\":\"https:\/\/fairfaxcryobank.com\/de\/cmv-status#primaryimage\"},\"image\":{\"@id\":\"https:\/\/fairfaxcryobank.com\/de\/cmv-status#primaryimage\"},\"thumbnailUrl\":\"https:\/\/fairfaxcryobank.com\/wp-content\/uploads\/What-is-CMV-.png\",\"datePublished\":\"2015-05-18T08:56:09+00:00\",\"dateModified\":\"2021-01-21T17:09:59+00:00\",\"description\":\"Die Sicherheit von Ihnen und Ihrem Kind ist von gr\u00f6\u00dfter Bedeutung. Aus diesem Grund ist es wichtig, sich die Zeit zu nehmen, um den Zusammenhang zwischen CMV und Ihrer Schwangerschaft zu verstehen.\",\"breadcrumb\":{\"@id\":\"https:\/\/fairfaxcryobank.com\/de\/cmv-status#breadcrumb\"},\"inLanguage\":\"de\",\"potentialAction\":[{\"@type\":\"ReadAction\",\"target\":[\"https:\/\/fairfaxcryobank.com\/de\/cmv-status\"]}]},{\"@type\":\"ImageObject\",\"inLanguage\":\"de\",\"@id\":\"https:\/\/fairfaxcryobank.com\/de\/cmv-status#primaryimage\",\"url\":\"https:\/\/fairfaxcryobank.com\/wp-content\/uploads\/What-is-CMV-.png\",\"contentUrl\":\"https:\/\/fairfaxcryobank.com\/wp-content\/uploads\/What-is-CMV-.png\",\"width\":2400,\"height\":6000,\"caption\":\"cmv and pregnancy\"},{\"@type\":\"BreadcrumbList\",\"@id\":\"https:\/\/fairfaxcryobank.com\/de\/cmv-status#breadcrumb\",\"itemListElement\":[{\"@type\":\"ListItem\",\"position\":1,\"name\":\"Home\",\"item\":\"https:\/\/fairfaxcryobank.com\/de\"},{\"@type\":\"ListItem\",\"position\":2,\"name\":\"CMV Status\"}]},{\"@type\":\"WebSite\",\"@id\":\"https:\/\/fairfaxcryobank.com\/de#website\",\"url\":\"https:\/\/fairfaxcryobank.com\/de\",\"name\":\"Fairfax Cryobank - Find a Sperm Donor\",\"description\":\"Top-Tier Sperm Bank\",\"publisher\":{\"@id\":\"https:\/\/fairfaxcryobank.com\/de#organization\"},\"potentialAction\":[{\"@type\":\"SearchAction\",\"target\":{\"@type\":\"EntryPoint\",\"urlTemplate\":\"https:\/\/fairfaxcryobank.com\/de?s={search_term_string}\"},\"query-input\":{\"@type\":\"PropertyValueSpecification\",\"valueRequired\":true,\"valueName\":\"search_term_string\"}}],\"inLanguage\":\"de\"},{\"@type\":\"Organization\",\"@id\":\"https:\/\/fairfaxcryobank.com\/de#organization\",\"name\":\"Fairfax Cryobank\",\"url\":\"https:\/\/fairfaxcryobank.com\/de\",\"logo\":{\"@type\":\"ImageObject\",\"inLanguage\":\"de\",\"@id\":\"https:\/\/fairfaxcryobank.com\/de#\/schema\/logo\/image\/\",\"url\":\"https:\/\/fairfaxcryobank.com\/wp-content\/uploads\/logo.webp\",\"contentUrl\":\"https:\/\/fairfaxcryobank.com\/wp-content\/uploads\/logo.webp\",\"width\":1,\"height\":1,\"caption\":\"Fairfax Cryobank\"},\"image\":{\"@id\":\"https:\/\/fairfaxcryobank.com\/de#\/schema\/logo\/image\/\"},\"sameAs\":[\"https:\/\/www.facebook.com\/fairfax.cryobank\",\"https:\/\/x.com\/FairfaxCryobank\",\"https:\/\/www.instagram.com\/fairfaxcryobank\/\",\"https:\/\/www.pinterest.com\/fairfaxcryo\/\"]}]}<\/script>\n<!-- \/ Yoast SEO plugin. -->","yoast_head_json":{"title":"CMV Status | Fairfax Cryobank","description":"Die Sicherheit von Ihnen und Ihrem Kind ist von gr\u00f6\u00dfter Bedeutung. Aus diesem Grund ist es wichtig, sich die Zeit zu nehmen, um den Zusammenhang zwischen CMV und Ihrer Schwangerschaft zu verstehen.","robots":{"index":"index","follow":"follow","max-snippet":"max-snippet:-1","max-image-preview":"max-image-preview:large","max-video-preview":"max-video-preview:-1"},"canonical":"https:\/\/fairfaxcryobank.com\/de\/cmv-status","og_locale":"de_DE","og_type":"article","og_title":"CMV Status | Fairfax Cryobank","og_description":"Die Sicherheit von Ihnen und Ihrem Kind ist von gr\u00f6\u00dfter Bedeutung. Aus diesem Grund ist es wichtig, sich die Zeit zu nehmen, um den Zusammenhang zwischen CMV und Ihrer Schwangerschaft zu verstehen.","og_url":"https:\/\/fairfaxcryobank.com\/de\/cmv-status","og_site_name":"Fairfax Cryobank - Find a Sperm Donor","article_publisher":"https:\/\/www.facebook.com\/fairfax.cryobank","article_modified_time":"2021-01-21T17:09:59+00:00","og_image":[{"width":2400,"height":6000,"url":"https:\/\/fairfaxcryobank.com\/wp-content\/uploads\/What-is-CMV-.png","type":"image\/png"}],"twitter_card":"summary_large_image","twitter_site":"@FairfaxCryobank","twitter_misc":{"Gesch\u00e4tzte Lesezeit":"1\u00a0Minute"},"schema":{"@context":"https:\/\/schema.org","@graph":[{"@type":"WebPage","@id":"https:\/\/fairfaxcryobank.com\/de\/cmv-status","url":"https:\/\/fairfaxcryobank.com\/de\/cmv-status","name":"CMV Status | Fairfax Cryobank","isPartOf":{"@id":"https:\/\/fairfaxcryobank.com\/de#website"},"primaryImageOfPage":{"@id":"https:\/\/fairfaxcryobank.com\/de\/cmv-status#primaryimage"},"image":{"@id":"https:\/\/fairfaxcryobank.com\/de\/cmv-status#primaryimage"},"thumbnailUrl":"https:\/\/fairfaxcryobank.com\/wp-content\/uploads\/What-is-CMV-.png","datePublished":"2015-05-18T08:56:09+00:00","dateModified":"2021-01-21T17:09:59+00:00","description":"Die Sicherheit von Ihnen und Ihrem Kind ist von gr\u00f6\u00dfter Bedeutung. Aus diesem Grund ist es wichtig, sich die Zeit zu nehmen, um den Zusammenhang zwischen CMV und Ihrer Schwangerschaft zu verstehen.","breadcrumb":{"@id":"https:\/\/fairfaxcryobank.com\/de\/cmv-status#breadcrumb"},"inLanguage":"de","potentialAction":[{"@type":"ReadAction","target":["https:\/\/fairfaxcryobank.com\/de\/cmv-status"]}]},{"@type":"ImageObject","inLanguage":"de","@id":"https:\/\/fairfaxcryobank.com\/de\/cmv-status#primaryimage","url":"https:\/\/fairfaxcryobank.com\/wp-content\/uploads\/What-is-CMV-.png","contentUrl":"https:\/\/fairfaxcryobank.com\/wp-content\/uploads\/What-is-CMV-.png","width":2400,"height":6000,"caption":"cmv and pregnancy"},{"@type":"BreadcrumbList","@id":"https:\/\/fairfaxcryobank.com\/de\/cmv-status#breadcrumb","itemListElement":[{"@type":"ListItem","position":1,"name":"Home","item":"https:\/\/fairfaxcryobank.com\/de"},{"@type":"ListItem","position":2,"name":"CMV Status"}]},{"@type":"WebSite","@id":"https:\/\/fairfaxcryobank.com\/de#website","url":"https:\/\/fairfaxcryobank.com\/de","name":"Fairfax Cryobank - Find a Sperm Donor","description":"Top-Tier Sperm Bank","publisher":{"@id":"https:\/\/fairfaxcryobank.com\/de#organization"},"potentialAction":[{"@type":"SearchAction","target":{"@type":"EntryPoint","urlTemplate":"https:\/\/fairfaxcryobank.com\/de?s={search_term_string}"},"query-input":{"@type":"PropertyValueSpecification","valueRequired":true,"valueName":"search_term_string"}}],"inLanguage":"de"},{"@type":"Organization","@id":"https:\/\/fairfaxcryobank.com\/de#organization","name":"Fairfax Cryobank","url":"https:\/\/fairfaxcryobank.com\/de","logo":{"@type":"ImageObject","inLanguage":"de","@id":"https:\/\/fairfaxcryobank.com\/de#\/schema\/logo\/image\/","url":"https:\/\/fairfaxcryobank.com\/wp-content\/uploads\/logo.webp","contentUrl":"https:\/\/fairfaxcryobank.com\/wp-content\/uploads\/logo.webp","width":1,"height":1,"caption":"Fairfax Cryobank"},"image":{"@id":"https:\/\/fairfaxcryobank.com\/de#\/schema\/logo\/image\/"},"sameAs":["https:\/\/www.facebook.com\/fairfax.cryobank","https:\/\/x.com\/FairfaxCryobank","https:\/\/www.instagram.com\/fairfaxcryobank\/","https:\/\/www.pinterest.com\/fairfaxcryo\/"]}]}},"post_mailing_queue_ids":[],"_links":{"self":[{"href":"https:\/\/fairfaxcryobank.com\/de\/wp-json\/wp\/v2\/pages\/6097","targetHints":{"allow":["GET"]}}],"collection":[{"href":"https:\/\/fairfaxcryobank.com\/de\/wp-json\/wp\/v2\/pages"}],"about":[{"href":"https:\/\/fairfaxcryobank.com\/de\/wp-json\/wp\/v2\/types\/page"}],"author":[{"embeddable":true,"href":"https:\/\/fairfaxcryobank.com\/de\/wp-json\/wp\/v2\/users\/1"}],"replies":[{"embeddable":true,"href":"https:\/\/fairfaxcryobank.com\/de\/wp-json\/wp\/v2\/comments?post=6097"}],"version-history":[{"count":0,"href":"https:\/\/fairfaxcryobank.com\/de\/wp-json\/wp\/v2\/pages\/6097\/revisions"}],"wp:featuredmedia":[{"embeddable":true,"href":"https:\/\/fairfaxcryobank.com\/de\/wp-json\/wp\/v2\/media\/15407"}],"wp:attachment":[{"href":"https:\/\/fairfaxcryobank.com\/de\/wp-json\/wp\/v2\/media?parent=6097"}],"curies":[{"name":"wp","href":"https:\/\/api.w.org\/{rel}","templated":true}]}}