{"id":2406,"date":"2019-09-23T11:03:02","date_gmt":"2019-09-23T11:03:02","guid":{"rendered":"https:\/\/fairfaxcryobank.com\/?page_id=2406"},"modified":"2020-03-11T16:28:35","modified_gmt":"2020-03-11T16:28:35","slug":"productos-de-donantes","status":"publish","type":"page","link":"https:\/\/fairfaxcryobank.com\/es\/productos-de-donantes","title":{"rendered":"Productos de Donantes"},"content":{"rendered":"\n<p>La familia lo significa todo. Y a medida que ponga un pie en el camino hacia lograr la vida que siempre ha querido, s\u00f3lo lo mejor lo har\u00e1 posible.<\/p>\n\n\n\n<p>Es por eso que ofrecemos amplia informaci\u00f3n sobre nuestros donantes rigurosamente evaluados. Los productos informativos del donante le ayudan a mostrarle los aspectos m\u00e1s importantes de los donantes de esperma a trav\u00e9s del proceso de selecci\u00f3n, desde fotos de adultos hasta entrevistas auditivas y tipos de personalidad.<\/p>\n\n\n\n<p>Acceda a informaci\u00f3n ilimitada de <a href=\"\/donor-unlimited-access-packages\">donantes<\/a> y\naseg\u00farese de que usted y su familia tomen la mejor decisi\u00f3n\nposible. Hacer una una decisi\u00f3n instruida nunca ha sido tan importante. .<\/p>\n\n\n\n<p><strong>Fotos Infantiles del Donante.<\/strong><strong>:<\/strong><\/p>\n\n\n\n<p>Las fotos de infancia de los donantes est\u00e1n disponibles en el 99% de nuestros donantes. Las fotos del donante tienen entre 6 meses y 6 a\u00f1os de edad. Tenga en cuenta que la calidad de las fotos del beb\u00e9 var\u00eda dependiendo de la foto original que el donante nos haya proporcionado. Algunas fotos est\u00e1n en color, mientras que otras est\u00e1n en blanco y negro. Haga clic aqu\u00ed para ver un ejemplo de <a rel=\"noreferrer noopener\" href=\"\/images\/pdf-files\/4576ChildhoodPhoto.pdf\" target=\"_blank\">foto de infancia.<\/a><\/p>\n\n\n\n<p><strong>Lifetime\nPhotos:<\/strong><\/p>\n\n\n\n<p>Las fotos de vida incluyen fotos de la edad adulta: varios de\nnuestros donantes de esperma con im\u00e1genes ofrecen este tipo de fotos. Hay dos\npaquetes de fotos distintos:<\/p>\n\n\n\n<ul class=\"wp-block-list\"><li>Conjunto de fotos de adultos y ni\u00f1os \u2013 esto incluye una foto de infancia y una foto de adulto<\/li><li>Conjunto de fotos de vida \u2013 esto incluye una serie de im\u00e1genes de la infancia y la edad adulta<\/li><\/ul>\n\n\n\n<p>Los donantes que ofrecen fotos de vida se indican con un icono de c\u00e1mara\nen los resultados de b\u00fasqueda.<\/p>\n\n\n\n<p><strong>Siluetas de donantes<\/strong><strong>:<\/strong><\/p>\n\n\n\n<p>Las siluetas de los donantes son una manera eficaz de medir la\ncaracter\u00edstica f\u00edsica de un donante mientras protege su anonimato. Obtenga m\u00e1s\ninformaci\u00f3n y vea ejemplos de siluetas de donantes <a href=\"\/donor-silhouettes\">aqu\u00ed.<\/a><\/p>\n\n\n\n<p><strong>Entrevistas auditivas del Donante <\/strong><strong>:<\/strong><\/p>\n\n\n\n<p>Las entrevistas auditivas est\u00e1n disponibles en la mayor\u00eda de nuestros\ndonantes. Las entrevistas proporcionan informaci\u00f3n perspicaz\/detallada sobre la infancia, las\naspiraciones, los logros, los valores, la vida familiar y los intereses\npersonales del donante en sus propias palabras. Las entrevistas auditivas\nvar\u00edan en duraci\u00f3n de 7-25 minutos, promediando 12 minutos de duraci\u00f3n y los\nclips de audio m\u00e1s cortos de 10-20 segundos se descargan de forma gratuita.\nEscuche un clip de audio gratuito del donante yendo a la B\u00fasqueda de Donadores y\nseleccionando un solo donante. Las descargas de audio est\u00e1n en el lado derecho\nde la p\u00e1gina.<\/p>\n\n\n\n<p>La mayor\u00eda de los donantes ofrecen entrevistas auditivas en las que\ndiscuten su infancia, logros, aspiraciones, valores, intereses personales, vida\nfamiliar y m\u00e1s. Las entrevistas var\u00edan en longitud de 7 a 25 minutos, siendo el\npromedio de unos 12 minutos. Estas entrevistas ofrecen una incre\u00edble visi\u00f3n de\nla personalidad y el car\u00e1cter del donante.<\/p>\n\n\n\n<p>Puede escuchar clips de audio cortos de 10 a 20 segundos de forma gratuita a trav\u00e9s del perfil de un donante.<\/p>\n\n\n\n<p><strong>Resumen de Perfil:<\/strong><\/p>\n\n\n\n<p>Los perfiles son resumidos en aproximadamente dos p\u00e1ginas sobe la historia\nm\u00e9dica y gen\u00e9tica significativa del donante y su familia. Por supuesto,\ncualquier posible donante que tuviera antecedentes m\u00e9dicos o familiares que\npusiera a su descendencia en riesgo de problemas significativos es rechazado\ndurante el proceso de detecci\u00f3n.&nbsp; Cualquier actualizaci\u00f3n m\u00e9dica o\npersonal que recibamos del donante se coloca en el perfil de resumen. Los\nperfiles de resumen se pueden ver de forma gratuita. Haga clic aqu\u00ed para ver un ejemplo.<\/p>\n\n\n\n<p>Los perfiles de resumen est\u00e1n disponibles de forma gratuita. Vea un\nejemplo <a href=\"\/images\/pdf-files\/4576SummaryProfile.pdf\">aqu\u00ed<\/a>.<\/p>\n\n\n\n<p><strong>Perfiles de Historia M\u00e9dica del Donante:<\/strong><\/p>\n\n\n\n<p>Los perfiles m\u00e9dicos proporcionan 9-12 p\u00e1ginas de informaci\u00f3n detallada\nsobre el donante y sus familiares, incluyendo:<\/p>\n\n\n\n<ul class=\"wp-block-list\"><li>Hermanos(as)<\/li><li>Padres<\/li><li>T\u00edas<\/li><li>T\u00edos<\/li><li>Abuelos<\/li><\/ul>\n\n\n\n<p>Los perfiles m\u00e9dicos tambi\u00e9n incluyen evaluaciones espec\u00edficaa de\nenfermedades gen\u00e9ticas a la que se someti\u00f3 el donante durante el proceso de\ndetecci\u00f3n. Vea un ejemplo <a href=\"\/images\/pdf-files\/4576MedicalProfile.pdf\">aqu\u00ed<\/a>.<\/p>\n\n\n\n<p><strong>Perfiles personales de donantes<\/strong><strong>:<\/strong><\/p>\n\n\n\n<p>Los perfiles personales proporcionan 15 o m\u00e1s p\u00e1ginas de informaci\u00f3n detallada sobre el donante y su familia. Esto incluye sus intereses y metas, resultados acad\u00e9micos, registros militares, rasgos faciales y m\u00e1s. Vea un ejemplo <a href=\"\/images\/pdf-files\/4576PersonalProfile.pdf\">aqu\u00ed<\/a>.<\/p>\n\n\n\n<p><strong>Evaluaciones de Personalidad:<\/strong><\/p>\n\n\n\n<p>La mayor\u00eda de nuestros donantes han realizado una prueba de personalidad. Para obtener m\u00e1s informaci\u00f3n sobre la prueba y lo que significan los resultados, visite nuestra p\u00e1gina en los <a href=\"\/the-16-personality-types\">16 tipos<\/a> de personalidad.<\/p>\n\n\n\n<p><strong>Ensayos de Donantes:<\/strong><\/p>\n\n\n\n<p>La mayor\u00eda de nuestros donantes han escrito varios ensayos en forma de\npreguntas y respuestas. Cada ensayo tiene como objetivo capturar el car\u00e1cter y\nla personalidad del donante.<\/p>\n\n\n\n<p>Tenga en cuenta que estos ensayos var\u00edan de donante a donante\u2013 algunos\nson hombres de pocas palabras, y otros les encanta hablar. Vea un ejemplo de\nensayo <a href=\"\/images\/pdf-files\/4576Essay.pdf\">aqu\u00ed<\/a>.<\/p>\n\n\n\n<p><strong>Impresiones del personal de Donantes <\/strong><strong>:<\/strong><\/p>\n\n\n\n<p>Los informes de impresi\u00f3n del personal se desarrollaron despu\u00e9s de\ninnumerables solicitudes de nuestros pacientes: muchos preguntaron a nuestro\namable equipo: \u00abEntonces, \u00bfqu\u00e9 te pareci\u00f3 este donante?\u00bb<\/p>\n\n\n\n<p>La mayor\u00eda de informes de impresiones est\u00e1n escritos, pero algunos son clips de audio. Vea un ejemplo de la impresi\u00f3n del personal <a href=\"\/images\/pdf-files\/4576StaffImpressions.pdf\">aqu\u00ed<\/a>.<\/p>\n\n\n\n<hr class=\"wp-block-separator is-style-wide\"\/>\n\n\n\n<h3 class=\"wp-block-heading\"><strong>Acceso al material informativo del donante<\/strong><\/h3>\n\n\n\n<p>Se puede acceder al material informativo de tres maneras.<\/p>\n\n\n\n<p><strong>Material gratuito<\/strong><\/p>\n\n\n\n<p>Puede acceder a una cantidad limitada de material informativo de forma\ngratuita. Esto incluye perfiles de resumen de donantes.<\/p>\n\n\n\n<p><strong>Paquetes a perfiles de donantes<\/strong><\/p>\n\n\n\n<p>Puede comprar un paquete completo o parcial de material informativo\nrelacionado con un donante espec\u00edfico.<\/p>\n\n\n\n<ul class=\"wp-block-list\"><li>El paquete completo incluye perfiles m\u00e9dicos y personales, entrevista de audio, silueta y foto de la infancia<\/li><li>El conjunto parcial incluye perfiles m\u00e9dicos y personales, al mismo tiempo incluye entrevistas de audio<\/li><\/ul>\n\n\n\n<p><strong><a href=\"https:\/\/fairfaxcryobank.com\/es\/paquetes-de-acceso-ilimitado-de-donantes\">Planes de acceso ilimitado<\/a><\/strong><\/p>\n\n\n\n<p>La mayor\u00eda de nuestros clientes consideran que nuestro Plan de Acceso Ilimitado\nes la forma m\u00e1s completa y accesible de descubrir toda la informaci\u00f3n necesaria\npara tomar una decisi\u00f3n informada para su familia.<\/p>\n\n\n\n<p>El Plan de Acceso Ilimitado le da acceso completo a tanto material informativo como necesite. Compare un n\u00famero ilimitado de donantes durante un per\u00edodo de tres meses y descanse tranquilo(a) sabiendo que est\u00e1 tomando la decisi\u00f3n correcta.<\/p>\n\n\n\n<p>Obtenga m\u00e1s informaci\u00f3n sobre nuestro <a href=\"https:\/\/fairfaxcryobank.com\/es\/paquetes-de-acceso-ilimitado-de-donantes\">Plan de Acceso Ilimitado<\/a> \u00a0hoy mismo.<\/p>\n\n\n\n<div class=\"wp-block-button aligncenter\"><a class=\"wp-block-button__link has-text-color has-background\" href=\"https:\/\/fairfaxcryobank.com\/es\/paquetes-de-acceso-ilimitado-de-donantes\" style=\"background-color:#ea6950;color:#ffffff\">LOS PLANES DE ACCESO ILIMITADO DE DONANTES <\/a><\/div>\n\n\n\n<hr class=\"wp-block-separator is-style-wide\"\/>\n\n\n\n<h4 class=\"wp-block-heading\"><strong>\u00bfTiene preguntas sobre la informaci\u00f3n de los donantes?<\/strong><\/h4>\n\n\n\n<p>No se preocupe. Por favor, no dude en ponerse en contacto con nuestro\namable equipo. Estaremos encantados de ayudarle a obtener acceso a la\ninformaci\u00f3n que necesita para seleccionar el donante perfecto.<\/p>\n\n\n\n<p>No se preocupe. Por favor, no dude en ponerse en contacto con nuestro amable equipo. Estaremos encantados de ayudarle a obtener acceso a la informaci\u00f3n que necesita para seleccionar el donante perfecto.<\/p>\n\n\n\n<p>Simplemente ll\u00e1menos al 800-338-8407 o dir\u00edjase a nuestra p\u00e1gina de <a href=\"https:\/\/fairfaxcryobank.com\/es\/contactanos\">contacto,<\/a> \u00a0y le contactaremos lo antes posible.<\/p>\n\n\n\n<hr class=\"wp-block-separator is-style-wide\"\/>\n\n\n\n<h4 class=\"has-text-align-center wp-block-heading\"><strong>Comencemos<\/strong><\/h4>\n\n\n\n<div class=\"wp-block-button aligncenter\"><a class=\"wp-block-button__link has-text-color has-background\" href=\"https:\/\/fairfaxcryobank.com\/search\/\" style=\"background-color:#ea6950;color:#ffffff\">Inicie su busqueda de donantes&nbsp;<\/a><\/div>\n","protected":false},"excerpt":{"rendered":"<p>La familia lo significa todo. Y a medida que ponga un pie en el camino hacia lograr la vida que siempre ha querido, s\u00f3lo lo mejor lo har\u00e1 posible. Es por eso que ofrecemos amplia informaci\u00f3n sobre nuestros donantes rigurosamente evaluados. Los productos informativos del donante le ayudan a mostrarle &#8230;<\/p>\n","protected":false},"author":1,"featured_media":3868,"parent":0,"menu_order":0,"comment_status":"closed","ping_status":"closed","template":"","meta":{"footnotes":""},"class_list":["post-2406","page","type-page","status-publish","has-post-thumbnail","hentry"],"yoast_head":"<!-- This site is optimized with the Yoast SEO plugin v27.1.1 - https:\/\/yoast.com\/product\/yoast-seo-wordpress\/ -->\n<title>Productos de Donantes | Fairfax Cryobank<\/title>\n<meta name=\"description\" content=\"Fairfax Cryobank ofrecemos amplia informaci\u00f3n y productos sobre nuestros donantes de esperma, por ejemplo imagenes y entrevistas auditivas.\" \/>\n<meta name=\"robots\" content=\"index, follow, max-snippet:-1, max-image-preview:large, max-video-preview:-1\" \/>\n<link rel=\"canonical\" href=\"https:\/\/fairfaxcryobank.com\/es\/productos-de-donantes\" \/>\n<meta property=\"og:locale\" content=\"es_ES\" \/>\n<meta property=\"og:type\" content=\"article\" \/>\n<meta property=\"og:title\" content=\"Productos de Donantes | Fairfax Cryobank\" \/>\n<meta property=\"og:description\" content=\"Fairfax Cryobank ofrecemos amplia informaci\u00f3n y productos sobre nuestros donantes de esperma, por ejemplo imagenes y entrevistas auditivas.\" \/>\n<meta property=\"og:url\" content=\"https:\/\/fairfaxcryobank.com\/es\/productos-de-donantes\" \/>\n<meta property=\"og:site_name\" content=\"Fairfax Cryobank - Find a Sperm Donor\" \/>\n<meta property=\"article:publisher\" content=\"https:\/\/www.facebook.com\/fairfax.cryobank\" \/>\n<meta property=\"article:modified_time\" content=\"2020-03-11T16:28:35+00:00\" \/>\n<meta property=\"og:image\" content=\"https:\/\/fairfaxcryobank.com\/wp-content\/uploads\/graphicstock-fathers-day-composition-various-black-and-white-family-pictures-studio-shot-on-wooden-background_H_eiS_8BGZ-smaller.jpg\" \/>\n\t<meta property=\"og:image:width\" content=\"1731\" \/>\n\t<meta property=\"og:image:height\" content=\"1155\" \/>\n\t<meta property=\"og:image:type\" content=\"image\/jpeg\" \/>\n<meta name=\"twitter:card\" content=\"summary_large_image\" \/>\n<meta name=\"twitter:site\" content=\"@FairfaxCryobank\" \/>\n<meta name=\"twitter:label1\" content=\"Tiempo de lectura\" \/>\n\t<meta name=\"twitter:data1\" content=\"6 minutos\" \/>\n<script type=\"application\/ld+json\" class=\"yoast-schema-graph\">{\"@context\":\"https:\/\/schema.org\",\"@graph\":[{\"@type\":\"WebPage\",\"@id\":\"https:\/\/fairfaxcryobank.com\/es\/productos-de-donantes\",\"url\":\"https:\/\/fairfaxcryobank.com\/es\/productos-de-donantes\",\"name\":\"Productos de Donantes | Fairfax Cryobank\",\"isPartOf\":{\"@id\":\"https:\/\/fairfaxcryobank.com\/es#website\"},\"primaryImageOfPage\":{\"@id\":\"https:\/\/fairfaxcryobank.com\/es\/productos-de-donantes#primaryimage\"},\"image\":{\"@id\":\"https:\/\/fairfaxcryobank.com\/es\/productos-de-donantes#primaryimage\"},\"thumbnailUrl\":\"https:\/\/fairfaxcryobank.com\/wp-content\/uploads\/graphicstock-fathers-day-composition-various-black-and-white-family-pictures-studio-shot-on-wooden-background_H_eiS_8BGZ-smaller.jpg\",\"datePublished\":\"2019-09-23T11:03:02+00:00\",\"dateModified\":\"2020-03-11T16:28:35+00:00\",\"description\":\"Fairfax Cryobank ofrecemos amplia informaci\u00f3n y productos sobre nuestros donantes de esperma, por ejemplo imagenes y entrevistas auditivas.\",\"breadcrumb\":{\"@id\":\"https:\/\/fairfaxcryobank.com\/es\/productos-de-donantes#breadcrumb\"},\"inLanguage\":\"es\",\"potentialAction\":[{\"@type\":\"ReadAction\",\"target\":[\"https:\/\/fairfaxcryobank.com\/es\/productos-de-donantes\"]}]},{\"@type\":\"ImageObject\",\"inLanguage\":\"es\",\"@id\":\"https:\/\/fairfaxcryobank.com\/es\/productos-de-donantes#primaryimage\",\"url\":\"https:\/\/fairfaxcryobank.com\/wp-content\/uploads\/graphicstock-fathers-day-composition-various-black-and-white-family-pictures-studio-shot-on-wooden-background_H_eiS_8BGZ-smaller.jpg\",\"contentUrl\":\"https:\/\/fairfaxcryobank.com\/wp-content\/uploads\/graphicstock-fathers-day-composition-various-black-and-white-family-pictures-studio-shot-on-wooden-background_H_eiS_8BGZ-smaller.jpg\",\"width\":1731,\"height\":1155,\"caption\":\"Donantes de esperma con im\u00e1genes\"},{\"@type\":\"BreadcrumbList\",\"@id\":\"https:\/\/fairfaxcryobank.com\/es\/productos-de-donantes#breadcrumb\",\"itemListElement\":[{\"@type\":\"ListItem\",\"position\":1,\"name\":\"Home\",\"item\":\"https:\/\/fairfaxcryobank.com\/es\"},{\"@type\":\"ListItem\",\"position\":2,\"name\":\"Productos de Donantes\"}]},{\"@type\":\"WebSite\",\"@id\":\"https:\/\/fairfaxcryobank.com\/es#website\",\"url\":\"https:\/\/fairfaxcryobank.com\/es\",\"name\":\"Fairfax Cryobank - Find a Sperm Donor\",\"description\":\"Top-Tier Sperm Bank\",\"publisher\":{\"@id\":\"https:\/\/fairfaxcryobank.com\/es#organization\"},\"potentialAction\":[{\"@type\":\"SearchAction\",\"target\":{\"@type\":\"EntryPoint\",\"urlTemplate\":\"https:\/\/fairfaxcryobank.com\/es?s={search_term_string}\"},\"query-input\":{\"@type\":\"PropertyValueSpecification\",\"valueRequired\":true,\"valueName\":\"search_term_string\"}}],\"inLanguage\":\"es\"},{\"@type\":\"Organization\",\"@id\":\"https:\/\/fairfaxcryobank.com\/es#organization\",\"name\":\"Fairfax Cryobank\",\"url\":\"https:\/\/fairfaxcryobank.com\/es\",\"logo\":{\"@type\":\"ImageObject\",\"inLanguage\":\"es\",\"@id\":\"https:\/\/fairfaxcryobank.com\/es#\/schema\/logo\/image\/\",\"url\":\"https:\/\/fairfaxcryobank.com\/wp-content\/uploads\/logo.webp\",\"contentUrl\":\"https:\/\/fairfaxcryobank.com\/wp-content\/uploads\/logo.webp\",\"width\":1,\"height\":1,\"caption\":\"Fairfax Cryobank\"},\"image\":{\"@id\":\"https:\/\/fairfaxcryobank.com\/es#\/schema\/logo\/image\/\"},\"sameAs\":[\"https:\/\/www.facebook.com\/fairfax.cryobank\",\"https:\/\/x.com\/FairfaxCryobank\",\"https:\/\/www.instagram.com\/fairfaxcryobank\/\",\"https:\/\/www.pinterest.com\/fairfaxcryo\/\"]}]}<\/script>\n<!-- \/ Yoast SEO plugin. -->","yoast_head_json":{"title":"Productos de Donantes | Fairfax Cryobank","description":"Fairfax Cryobank ofrecemos amplia informaci\u00f3n y productos sobre nuestros donantes de esperma, por ejemplo imagenes y entrevistas auditivas.","robots":{"index":"index","follow":"follow","max-snippet":"max-snippet:-1","max-image-preview":"max-image-preview:large","max-video-preview":"max-video-preview:-1"},"canonical":"https:\/\/fairfaxcryobank.com\/es\/productos-de-donantes","og_locale":"es_ES","og_type":"article","og_title":"Productos de Donantes | Fairfax Cryobank","og_description":"Fairfax Cryobank ofrecemos amplia informaci\u00f3n y productos sobre nuestros donantes de esperma, por ejemplo imagenes y entrevistas auditivas.","og_url":"https:\/\/fairfaxcryobank.com\/es\/productos-de-donantes","og_site_name":"Fairfax Cryobank - Find a Sperm Donor","article_publisher":"https:\/\/www.facebook.com\/fairfax.cryobank","article_modified_time":"2020-03-11T16:28:35+00:00","og_image":[{"width":1731,"height":1155,"url":"https:\/\/fairfaxcryobank.com\/wp-content\/uploads\/graphicstock-fathers-day-composition-various-black-and-white-family-pictures-studio-shot-on-wooden-background_H_eiS_8BGZ-smaller.jpg","type":"image\/jpeg"}],"twitter_card":"summary_large_image","twitter_site":"@FairfaxCryobank","twitter_misc":{"Tiempo de lectura":"6 minutos"},"schema":{"@context":"https:\/\/schema.org","@graph":[{"@type":"WebPage","@id":"https:\/\/fairfaxcryobank.com\/es\/productos-de-donantes","url":"https:\/\/fairfaxcryobank.com\/es\/productos-de-donantes","name":"Productos de Donantes | Fairfax Cryobank","isPartOf":{"@id":"https:\/\/fairfaxcryobank.com\/es#website"},"primaryImageOfPage":{"@id":"https:\/\/fairfaxcryobank.com\/es\/productos-de-donantes#primaryimage"},"image":{"@id":"https:\/\/fairfaxcryobank.com\/es\/productos-de-donantes#primaryimage"},"thumbnailUrl":"https:\/\/fairfaxcryobank.com\/wp-content\/uploads\/graphicstock-fathers-day-composition-various-black-and-white-family-pictures-studio-shot-on-wooden-background_H_eiS_8BGZ-smaller.jpg","datePublished":"2019-09-23T11:03:02+00:00","dateModified":"2020-03-11T16:28:35+00:00","description":"Fairfax Cryobank ofrecemos amplia informaci\u00f3n y productos sobre nuestros donantes de esperma, por ejemplo imagenes y entrevistas auditivas.","breadcrumb":{"@id":"https:\/\/fairfaxcryobank.com\/es\/productos-de-donantes#breadcrumb"},"inLanguage":"es","potentialAction":[{"@type":"ReadAction","target":["https:\/\/fairfaxcryobank.com\/es\/productos-de-donantes"]}]},{"@type":"ImageObject","inLanguage":"es","@id":"https:\/\/fairfaxcryobank.com\/es\/productos-de-donantes#primaryimage","url":"https:\/\/fairfaxcryobank.com\/wp-content\/uploads\/graphicstock-fathers-day-composition-various-black-and-white-family-pictures-studio-shot-on-wooden-background_H_eiS_8BGZ-smaller.jpg","contentUrl":"https:\/\/fairfaxcryobank.com\/wp-content\/uploads\/graphicstock-fathers-day-composition-various-black-and-white-family-pictures-studio-shot-on-wooden-background_H_eiS_8BGZ-smaller.jpg","width":1731,"height":1155,"caption":"Donantes de esperma con im\u00e1genes"},{"@type":"BreadcrumbList","@id":"https:\/\/fairfaxcryobank.com\/es\/productos-de-donantes#breadcrumb","itemListElement":[{"@type":"ListItem","position":1,"name":"Home","item":"https:\/\/fairfaxcryobank.com\/es"},{"@type":"ListItem","position":2,"name":"Productos de Donantes"}]},{"@type":"WebSite","@id":"https:\/\/fairfaxcryobank.com\/es#website","url":"https:\/\/fairfaxcryobank.com\/es","name":"Fairfax Cryobank - Find a Sperm Donor","description":"Top-Tier Sperm Bank","publisher":{"@id":"https:\/\/fairfaxcryobank.com\/es#organization"},"potentialAction":[{"@type":"SearchAction","target":{"@type":"EntryPoint","urlTemplate":"https:\/\/fairfaxcryobank.com\/es?s={search_term_string}"},"query-input":{"@type":"PropertyValueSpecification","valueRequired":true,"valueName":"search_term_string"}}],"inLanguage":"es"},{"@type":"Organization","@id":"https:\/\/fairfaxcryobank.com\/es#organization","name":"Fairfax Cryobank","url":"https:\/\/fairfaxcryobank.com\/es","logo":{"@type":"ImageObject","inLanguage":"es","@id":"https:\/\/fairfaxcryobank.com\/es#\/schema\/logo\/image\/","url":"https:\/\/fairfaxcryobank.com\/wp-content\/uploads\/logo.webp","contentUrl":"https:\/\/fairfaxcryobank.com\/wp-content\/uploads\/logo.webp","width":1,"height":1,"caption":"Fairfax Cryobank"},"image":{"@id":"https:\/\/fairfaxcryobank.com\/es#\/schema\/logo\/image\/"},"sameAs":["https:\/\/www.facebook.com\/fairfax.cryobank","https:\/\/x.com\/FairfaxCryobank","https:\/\/www.instagram.com\/fairfaxcryobank\/","https:\/\/www.pinterest.com\/fairfaxcryo\/"]}]}},"post_mailing_queue_ids":[],"_links":{"self":[{"href":"https:\/\/fairfaxcryobank.com\/es\/wp-json\/wp\/v2\/pages\/2406","targetHints":{"allow":["GET"]}}],"collection":[{"href":"https:\/\/fairfaxcryobank.com\/es\/wp-json\/wp\/v2\/pages"}],"about":[{"href":"https:\/\/fairfaxcryobank.com\/es\/wp-json\/wp\/v2\/types\/page"}],"author":[{"embeddable":true,"href":"https:\/\/fairfaxcryobank.com\/es\/wp-json\/wp\/v2\/users\/1"}],"replies":[{"embeddable":true,"href":"https:\/\/fairfaxcryobank.com\/es\/wp-json\/wp\/v2\/comments?post=2406"}],"version-history":[{"count":0,"href":"https:\/\/fairfaxcryobank.com\/es\/wp-json\/wp\/v2\/pages\/2406\/revisions"}],"wp:featuredmedia":[{"embeddable":true,"href":"https:\/\/fairfaxcryobank.com\/es\/wp-json\/wp\/v2\/media\/3868"}],"wp:attachment":[{"href":"https:\/\/fairfaxcryobank.com\/es\/wp-json\/wp\/v2\/media?parent=2406"}],"curies":[{"name":"wp","href":"https:\/\/api.w.org\/{rel}","templated":true}]}}