{"id":2408,"date":"2019-09-23T11:03:39","date_gmt":"2019-09-23T11:03:39","guid":{"rendered":"https:\/\/fairfaxcryobank.com\/?page_id=2408"},"modified":"2023-06-21T10:04:46","modified_gmt":"2023-06-21T14:04:46","slug":"como-comenzar","status":"publish","type":"page","link":"https:\/\/fairfaxcryobank.com\/es\/como-comenzar","title":{"rendered":"Como Comenzar"},"content":{"rendered":"\n<h2 class=\"wp-block-heading\"><strong>C\u00f3mo encontrar un donador de esperma en Fairfax Cryobank<\/strong><\/h2>\n\n\n\n<p>Encontrar un donante de esperma puede ser un proceso abrumador\u2013 entendemos. Esta es una gran decisi\u00f3n, y le gustar\u00eda estar seguro(a) de que est\u00e1 haciendo lo correcto para usted y su familia. .<\/p>\n\n\n\n<p>Desde 1986, hemos conectado a miles de personas de todos los \u00e1mbitos de vida con un donante de esperma adecuado. Aprenda c\u00f3mo encontrar un donante de esperma en Fairfax Cryobank, paso a paso, en esta gu\u00eda f\u00e1cil de seguir. Empecemos de inmediato:<\/p>\n\n\n\n<h3 class=\"wp-block-heading\"><strong>3 Pasos P\u00e1ciles para Encontrar a su Donador Ideal de Esperma<\/strong><\/h3>\n\n\n\n<h4 class=\"wp-block-heading\"><strong>1) &nbsp;Encuentra un donador ideal<\/strong><\/h4>\n\n\n\n<p>El primer paso es seleccionar uno o m\u00e1s donantes apropiados.<\/p>\n\n\n\n<p>Para ello, dir\u00edjase a nuestra plataforma interactiva de b\u00fasqueda de donantes. A partir de ah\u00ed, puede filtrar los resultados del donante seleccionando los criterios que m\u00e1s le importan. Actualizamos nuestra selecci\u00f3n de donantes todos los d\u00edas, as\u00ed que si no puede encontrar un donante de inmediato, por favor vuelva ma\u00f1ana.<\/p>\n\n\n\n<p><strong>Viendo perfiles de donantes<\/strong><\/p>\n\n\n\n<p>Encontrarle un donador de alta calidad es nuestra m\u00e1xima prioridad.Puede\nver varios detalles cr\u00edticos y materiales de apoyo en cada perfil de donante de\nforma gratuita.\nEsto incluye lo siguiente:<\/p>\n\n\n\n<ul class=\"wp-block-list\"><li>Clips de audio<\/li><li>Perfiles m\u00e9dicos<\/li><li>Resumen de Perfiles<\/li><li>Impresiones del personal<\/li><li>Ensayos<\/li><\/ul>\n\n\n\n<p>Si desea comprar informaci\u00f3n adicional, simplemente haga una cuenta con\nnosotros introduciendo su direcci\u00f3n de correo electr\u00f3nico y seleccionando una\ncontrase\u00f1a. Desde all\u00ed, puede ver lo siguiente:<\/p>\n\n\n\n<ul class=\"wp-block-list\"><li>Fotos de infancia<\/li><li>Fotos de vida, incluyendo fotos de adultos<\/li><li>Siluetas<\/li><li>Pruebas de personalidad<\/li><li>Entrevistas auditivas<\/li><li>Perfiles personales<\/li><\/ul>\n\n\n\n<p>Estos art\u00edculos se pueden ver en l\u00ednea o enviadas por correo\ndirectamente.<\/p>\n\n\n\n<p>Alternativamente, puedes comprar un <a href=\"https:\/\/fairfaxcryobank.com\/es\/paquetes-de-acceso-ilimitado-de-donantes\">Paquete Ilimitado de Acceso a Donantes<\/a>. Este pase de acceso completo le permite ver tantos perfiles de donantes completos como desee por una tarifa \u00fanica. Los Paquetes de Acceso Ilimitado tienen una validez de tres meses.<\/p>\n\n\n\n<p><strong>Descubra nuestro servicio FaceMatch&#x2122;<\/strong><\/p>\n\n\n\n<p>Comprometidos con ofrecer una experiencia de vanguardia a nuestros\nvaliosos clientes, nuestro equipo siempre est\u00e1 trabajando para incorporar las\n\u00faltimas innovaciones en nuestro servicio l\u00edder en la industria.&nbsp;<a href=\"\/fairfax-facematch\" target=\"_blank\" rel=\"noreferrer noopener\">FairfaxFaceMatch&#x2122;<\/a> es una\nde esas caracter\u00edsticas que puede ayudarle a descubrir un donante que coincida\ncon sus preferencias f\u00edsicas.<\/p>\n\n\n\n<p>Nuestro personal tambi\u00e9n est\u00e1 m\u00e1s que dispuesto de <a href=\"\/donor-selection-services\">ayudar a asemejar sus criterios.<\/a><\/p>\n\n\n\n<p><strong>Notas finales sobre c\u00f3mo encontrar un donante de esperma<\/strong><\/p>\n\n\n\n<p>Tenga en cuenta lo siguiente .<\/p>\n\n\n\n<p>Debido a la alta demanda de ciertos donantes, aseg\u00farese de elegir varios donantes antes de realizar su pedido.Sugerimos seleccionar tres o m\u00e1s. Tambi\u00e9n puede decidir sobre un donante con mucha anticipaci\u00f3n, comprar espec\u00edmenes hoy y almacenarlos hasta la fecha del procedimiento.Leer m\u00e1s sobre nuestros programas <a href=\"https:\/\/fairfaxcryobank.com\/vial-buy-back\">Vial Buy &amp; Store &nbsp;y Vial Buy Back<\/a>.<\/p>\n\n\n\n<h4 class=\"wp-block-heading\"><strong>2) Crea tu cuenta<\/strong><\/h4>\n\n\n\n<p>\u00a1Ha seleccionado a sus donantes principales!Felicidades! &nbsp;\u2013 la parte dif\u00edcil ha terminado.Ahora, es\nhora de configurar su cuenta.<\/p>\n\n\n\n<p><strong>Creando tu cuenta personal<\/strong><strong><\/strong><\/p>\n\n\n\n<p>Si no ha utilizado nuestros servicios antes, lea <a href=\"https:\/\/fairfaxcryobank.com\/es\/centro-de-recursos\">nuestros T\u00e9rminos de Uso<\/a> . Firme el documento electr\u00f3nicamente o imprimi\u00e9ndolo, complete la p\u00e1gina final y devu\u00e9lvalo por lo menos un d\u00eda h\u00e1bil antes de enviar los viales.<\/p>\n\n\n\n<p>Si tiene alguna pregunta sobre este documento, env\u00ede un correo electr\u00f3nico a <a href=\"https:\/\/fairfaxcryobank.com\/es\/contactanos\">servicios al cliente<\/a> o llame al 800-338-8407.<\/p>\n\n\n\n<p><strong>Cuenta de su m\u00e9dico<\/strong><strong><\/strong><\/p>\n\n\n\n<p>Valoramos la integridad. Es por eso que todas las personas que ordenan\nen &nbsp;Fairfax Cryobank deben trabajar con\nun m\u00e9dico o profesional m\u00e9dico con licencia valida.<\/p>\n\n\n\n<p>P\u00f3ngase en contacto con nuestro equipo de servicios al cliente para\nverificar si su m\u00e9dico tiene una cuenta con nosotros. Si no es as\u00ed,\npodemos enviar por fax un formulario de configuraci\u00f3n directamente a su m\u00e9dico.<\/p>\n\n\n\n<p>Si actualmente no tiene un m\u00e9dico con licencia, h\u00e1ganoslo saber. Podemos proporcionar una lista de profesionales m\u00e9dicos en su \u00e1rea que se especializan en salud reproductiva.<\/p>\n\n\n\n<h4 class=\"wp-block-heading\"><strong>3) Haga su pedido<\/strong><\/h4>\n\n\n\n<p>Es hora de hacer su pedido. . Esto puede ser completado por\nusted o su proveedor de atenci\u00f3n m\u00e9dica.<\/p>\n\n\n\n<p>Si este es su primer pedido, le sugerimos hacer su pedido por tel\u00e9fono.Nuestro\namable equipo puede guiarle paso a paso, d\u00e1ndole toda la informaci\u00f3n que necesita\npara recibir su esp\u00e9cimen con \u00e9xito.<\/p>\n\n\n\n<p>Aceptamos pedidos telef\u00f3nicos de 7:00 AM a 8:00 PM EST de lunes a\nviernes, y de 11:30 AM a 3:30 PM EST los s\u00e1bados.<\/p>\n\n\n\n<p>Al realizar su pedido, tenga lista la siguiente informaci\u00f3n:<\/p>\n\n\n\n<ul class=\"wp-block-list\"><li>Detalles del paciente, incluyendo nombre, direcci\u00f3n y n\u00famero de tel\u00e9fono<\/li><li>Detalles del profesional m\u00e9dico, incluyendo nombre y direcci\u00f3n de env\u00edo<\/li><li>N\u00famero de donante<\/li><li>N\u00famero de unidades<\/li><li><a href=\"https:\/\/fairfaxcryobank.com\/specimen-information\">Tipo de preparaci\u00f3n<\/a>: IUI Premium, ICI Premium, IUI ART, ICI ART, ICSI Washed, ICSI<\/li><li>Fecha de env\u00edo deseada<\/li><li><a href=\"https:\/\/fairfaxcryobank.com\/es\/precios\">Informaci\u00f3n de pago<\/a>: Aceptamos todas las principales tarjetas de cr\u00e9dito, giros postales y cheques de cajero.<\/li><\/ul>\n\n\n\n<p>Despu\u00e9s de haber realizado su pedido, le sugerimos llamar a su proveedor de atenci\u00f3n m\u00e9dica y compartir la informaci\u00f3n de entrega.<\/p>\n\n\n\n<p><strong>Hora L\u00edmite para enviar el mismo d\u00eda <\/strong>Tenga en cuenta: la hora l\u00edmite para el pedido de FedEx en el mismo d\u00eda es de lunes a viernes a las 4 p. m. ET. Para los mensajeros locales del mismo d\u00eda, la hora l\u00edmite es de 11 am ET de lunes a viernes.<\/p>\n\n\n\n<hr class=\"wp-block-separator is-style-wide\"\/>\n\n\n\n<h2 class=\"has-text-align-center wp-block-heading\"><strong>\u00a1Comience hoy mismo!<\/strong><\/h2>\n\n\n\n<p class=\"has-text-align-center\">Ahora sabe c\u00f3mo encontrar un donante de esperma.<br> Comience hoy mismo y perm\u00edtanos ayudarle a construir la familia que siempre ha querido.<\/p>\n\n\n\n<div class=\"wp-block-button aligncenter\"><a class=\"wp-block-button__link has-text-color has-background\" href=\"\/search\/\" style=\"background-color:#ea6950;color:#ffffff\">Busque su donante de esperma<\/a><\/div>\n","protected":false},"excerpt":{"rendered":"<p>C\u00f3mo encontrar un donador de esperma en Fairfax Cryobank Encontrar un donante de esperma puede ser un proceso abrumador\u2013 entendemos. Esta es una gran decisi\u00f3n, y le gustar\u00eda estar seguro(a) de que est\u00e1 haciendo lo correcto para usted y su familia. . Desde 1986, hemos conectado a miles de personas &#8230;<\/p>\n","protected":false},"author":1,"featured_media":0,"parent":0,"menu_order":0,"comment_status":"closed","ping_status":"closed","template":"","meta":{"footnotes":""},"class_list":["post-2408","page","type-page","status-publish","hentry"],"yoast_head":"<!-- This site is optimized with the Yoast SEO plugin v27.1.1 - https:\/\/yoast.com\/product\/yoast-seo-wordpress\/ -->\n<title>Como Comenzar | Fairfax Cryobank<\/title>\n<meta name=\"description\" content=\"C\u00f3mo encontrar un donador de esperma en Fairfax Cryobank con 3 pasos paciles. Comience hoy mismo y perm\u00edtanos ayudarle a construir la familia que siempre ha querido.\" \/>\n<meta name=\"robots\" content=\"index, follow, max-snippet:-1, max-image-preview:large, max-video-preview:-1\" \/>\n<link rel=\"canonical\" href=\"https:\/\/fairfaxcryobank.com\/es\/como-comenzar\" \/>\n<meta property=\"og:locale\" content=\"es_ES\" \/>\n<meta property=\"og:type\" content=\"article\" \/>\n<meta property=\"og:title\" content=\"Como Comenzar | Fairfax Cryobank\" \/>\n<meta property=\"og:description\" content=\"C\u00f3mo encontrar un donador de esperma en Fairfax Cryobank con 3 pasos paciles. Comience hoy mismo y perm\u00edtanos ayudarle a construir la familia que siempre ha querido.\" \/>\n<meta property=\"og:url\" content=\"https:\/\/fairfaxcryobank.com\/es\/como-comenzar\" \/>\n<meta property=\"og:site_name\" content=\"Fairfax Cryobank - Find a Sperm Donor\" \/>\n<meta property=\"article:publisher\" content=\"https:\/\/www.facebook.com\/fairfax.cryobank\" \/>\n<meta property=\"article:modified_time\" content=\"2023-06-21T14:04:46+00:00\" \/>\n<meta name=\"twitter:card\" content=\"summary_large_image\" \/>\n<meta name=\"twitter:site\" content=\"@FairfaxCryobank\" \/>\n<meta name=\"twitter:label1\" content=\"Tiempo de lectura\" \/>\n\t<meta name=\"twitter:data1\" content=\"5 minutos\" \/>\n<script type=\"application\/ld+json\" class=\"yoast-schema-graph\">{\"@context\":\"https:\/\/schema.org\",\"@graph\":[{\"@type\":\"WebPage\",\"@id\":\"https:\/\/fairfaxcryobank.com\/es\/como-comenzar\",\"url\":\"https:\/\/fairfaxcryobank.com\/es\/como-comenzar\",\"name\":\"Como Comenzar | Fairfax Cryobank\",\"isPartOf\":{\"@id\":\"https:\/\/fairfaxcryobank.com\/es#website\"},\"datePublished\":\"2019-09-23T11:03:39+00:00\",\"dateModified\":\"2023-06-21T14:04:46+00:00\",\"description\":\"C\u00f3mo encontrar un donador de esperma en Fairfax Cryobank con 3 pasos paciles. Comience hoy mismo y perm\u00edtanos ayudarle a construir la familia que siempre ha querido.\",\"breadcrumb\":{\"@id\":\"https:\/\/fairfaxcryobank.com\/es\/como-comenzar#breadcrumb\"},\"inLanguage\":\"es\",\"potentialAction\":[{\"@type\":\"ReadAction\",\"target\":[\"https:\/\/fairfaxcryobank.com\/es\/como-comenzar\"]}]},{\"@type\":\"BreadcrumbList\",\"@id\":\"https:\/\/fairfaxcryobank.com\/es\/como-comenzar#breadcrumb\",\"itemListElement\":[{\"@type\":\"ListItem\",\"position\":1,\"name\":\"Home\",\"item\":\"https:\/\/fairfaxcryobank.com\/es\"},{\"@type\":\"ListItem\",\"position\":2,\"name\":\"Como Comenzar\"}]},{\"@type\":\"WebSite\",\"@id\":\"https:\/\/fairfaxcryobank.com\/es#website\",\"url\":\"https:\/\/fairfaxcryobank.com\/es\",\"name\":\"Fairfax Cryobank - Find a Sperm Donor\",\"description\":\"Top-Tier Sperm Bank\",\"publisher\":{\"@id\":\"https:\/\/fairfaxcryobank.com\/es#organization\"},\"potentialAction\":[{\"@type\":\"SearchAction\",\"target\":{\"@type\":\"EntryPoint\",\"urlTemplate\":\"https:\/\/fairfaxcryobank.com\/es?s={search_term_string}\"},\"query-input\":{\"@type\":\"PropertyValueSpecification\",\"valueRequired\":true,\"valueName\":\"search_term_string\"}}],\"inLanguage\":\"es\"},{\"@type\":\"Organization\",\"@id\":\"https:\/\/fairfaxcryobank.com\/es#organization\",\"name\":\"Fairfax Cryobank\",\"url\":\"https:\/\/fairfaxcryobank.com\/es\",\"logo\":{\"@type\":\"ImageObject\",\"inLanguage\":\"es\",\"@id\":\"https:\/\/fairfaxcryobank.com\/es#\/schema\/logo\/image\/\",\"url\":\"https:\/\/fairfaxcryobank.com\/wp-content\/uploads\/logo.webp\",\"contentUrl\":\"https:\/\/fairfaxcryobank.com\/wp-content\/uploads\/logo.webp\",\"width\":1,\"height\":1,\"caption\":\"Fairfax Cryobank\"},\"image\":{\"@id\":\"https:\/\/fairfaxcryobank.com\/es#\/schema\/logo\/image\/\"},\"sameAs\":[\"https:\/\/www.facebook.com\/fairfax.cryobank\",\"https:\/\/x.com\/FairfaxCryobank\",\"https:\/\/www.instagram.com\/fairfaxcryobank\/\",\"https:\/\/www.pinterest.com\/fairfaxcryo\/\"]}]}<\/script>\n<!-- \/ Yoast SEO plugin. -->","yoast_head_json":{"title":"Como Comenzar | Fairfax Cryobank","description":"C\u00f3mo encontrar un donador de esperma en Fairfax Cryobank con 3 pasos paciles. Comience hoy mismo y perm\u00edtanos ayudarle a construir la familia que siempre ha querido.","robots":{"index":"index","follow":"follow","max-snippet":"max-snippet:-1","max-image-preview":"max-image-preview:large","max-video-preview":"max-video-preview:-1"},"canonical":"https:\/\/fairfaxcryobank.com\/es\/como-comenzar","og_locale":"es_ES","og_type":"article","og_title":"Como Comenzar | Fairfax Cryobank","og_description":"C\u00f3mo encontrar un donador de esperma en Fairfax Cryobank con 3 pasos paciles. Comience hoy mismo y perm\u00edtanos ayudarle a construir la familia que siempre ha querido.","og_url":"https:\/\/fairfaxcryobank.com\/es\/como-comenzar","og_site_name":"Fairfax Cryobank - Find a Sperm Donor","article_publisher":"https:\/\/www.facebook.com\/fairfax.cryobank","article_modified_time":"2023-06-21T14:04:46+00:00","twitter_card":"summary_large_image","twitter_site":"@FairfaxCryobank","twitter_misc":{"Tiempo de lectura":"5 minutos"},"schema":{"@context":"https:\/\/schema.org","@graph":[{"@type":"WebPage","@id":"https:\/\/fairfaxcryobank.com\/es\/como-comenzar","url":"https:\/\/fairfaxcryobank.com\/es\/como-comenzar","name":"Como Comenzar | Fairfax Cryobank","isPartOf":{"@id":"https:\/\/fairfaxcryobank.com\/es#website"},"datePublished":"2019-09-23T11:03:39+00:00","dateModified":"2023-06-21T14:04:46+00:00","description":"C\u00f3mo encontrar un donador de esperma en Fairfax Cryobank con 3 pasos paciles. Comience hoy mismo y perm\u00edtanos ayudarle a construir la familia que siempre ha querido.","breadcrumb":{"@id":"https:\/\/fairfaxcryobank.com\/es\/como-comenzar#breadcrumb"},"inLanguage":"es","potentialAction":[{"@type":"ReadAction","target":["https:\/\/fairfaxcryobank.com\/es\/como-comenzar"]}]},{"@type":"BreadcrumbList","@id":"https:\/\/fairfaxcryobank.com\/es\/como-comenzar#breadcrumb","itemListElement":[{"@type":"ListItem","position":1,"name":"Home","item":"https:\/\/fairfaxcryobank.com\/es"},{"@type":"ListItem","position":2,"name":"Como Comenzar"}]},{"@type":"WebSite","@id":"https:\/\/fairfaxcryobank.com\/es#website","url":"https:\/\/fairfaxcryobank.com\/es","name":"Fairfax Cryobank - Find a Sperm Donor","description":"Top-Tier Sperm Bank","publisher":{"@id":"https:\/\/fairfaxcryobank.com\/es#organization"},"potentialAction":[{"@type":"SearchAction","target":{"@type":"EntryPoint","urlTemplate":"https:\/\/fairfaxcryobank.com\/es?s={search_term_string}"},"query-input":{"@type":"PropertyValueSpecification","valueRequired":true,"valueName":"search_term_string"}}],"inLanguage":"es"},{"@type":"Organization","@id":"https:\/\/fairfaxcryobank.com\/es#organization","name":"Fairfax Cryobank","url":"https:\/\/fairfaxcryobank.com\/es","logo":{"@type":"ImageObject","inLanguage":"es","@id":"https:\/\/fairfaxcryobank.com\/es#\/schema\/logo\/image\/","url":"https:\/\/fairfaxcryobank.com\/wp-content\/uploads\/logo.webp","contentUrl":"https:\/\/fairfaxcryobank.com\/wp-content\/uploads\/logo.webp","width":1,"height":1,"caption":"Fairfax Cryobank"},"image":{"@id":"https:\/\/fairfaxcryobank.com\/es#\/schema\/logo\/image\/"},"sameAs":["https:\/\/www.facebook.com\/fairfax.cryobank","https:\/\/x.com\/FairfaxCryobank","https:\/\/www.instagram.com\/fairfaxcryobank\/","https:\/\/www.pinterest.com\/fairfaxcryo\/"]}]}},"post_mailing_queue_ids":[],"_links":{"self":[{"href":"https:\/\/fairfaxcryobank.com\/es\/wp-json\/wp\/v2\/pages\/2408","targetHints":{"allow":["GET"]}}],"collection":[{"href":"https:\/\/fairfaxcryobank.com\/es\/wp-json\/wp\/v2\/pages"}],"about":[{"href":"https:\/\/fairfaxcryobank.com\/es\/wp-json\/wp\/v2\/types\/page"}],"author":[{"embeddable":true,"href":"https:\/\/fairfaxcryobank.com\/es\/wp-json\/wp\/v2\/users\/1"}],"replies":[{"embeddable":true,"href":"https:\/\/fairfaxcryobank.com\/es\/wp-json\/wp\/v2\/comments?post=2408"}],"version-history":[{"count":2,"href":"https:\/\/fairfaxcryobank.com\/es\/wp-json\/wp\/v2\/pages\/2408\/revisions"}],"predecessor-version":[{"id":25356,"href":"https:\/\/fairfaxcryobank.com\/es\/wp-json\/wp\/v2\/pages\/2408\/revisions\/25356"}],"wp:attachment":[{"href":"https:\/\/fairfaxcryobank.com\/es\/wp-json\/wp\/v2\/media?parent=2408"}],"curies":[{"name":"wp","href":"https:\/\/api.w.org\/{rel}","templated":true}]}}