{"id":2417,"date":"2019-09-23T11:25:28","date_gmt":"2019-09-23T11:25:28","guid":{"rendered":"https:\/\/fairfaxcryobank.com\/?page_id=2417"},"modified":"2020-08-28T10:21:52","modified_gmt":"2020-08-28T14:21:52","slug":"acerca-de-fairfax-cryobank","status":"publish","type":"page","link":"https:\/\/fairfaxcryobank.com\/es\/acerca-de-fairfax-cryobank","title":{"rendered":"Acerca de Fairfax Cryobank"},"content":{"rendered":"\n<h2 class=\"wp-block-heading\"><strong><em>Juntos hacemos una familia<\/em><\/strong><\/h2>\n\n\n\n<h3 class=\"wp-block-heading\"><strong>Conozca m\u00e1s sobre la pasi\u00f3n que tiene Fairfax Cryobank con apoyar a las familias.<\/strong><\/h3>\n\n\n\n<p>El equipo\ndedicado de Fairfax Cryobank est\u00e1 aqu\u00ed para ayudarle a alcanzar sus metas\nfamiliares. Independientemente de su identidad de g\u00e9nero, orientaci\u00f3n sexual o\nestado civil, ofrecemos una selecci\u00f3n l\u00edder en la industria de donantes de\nesperma de alta calidad.<\/p>\n\n\n\n<p>La vida que desea est\u00e1 al alcance de la mano. Con nuestro apoyo, puede tomar medidas significativas para convertir sus sue\u00f1os en una realidad.<\/p>\n\n\n\n<div class=\"wp-block-image\"><figure class=\"aligncenter is-resized\"><img loading=\"lazy\" decoding=\"async\" src=\"https:\/\/fairfaxcryobank.com\/wp-content\/uploads\/\/graphicstock-cute-newborn-baby-girl-sleeping-in-bed-at-home_r0r4TUhW--e1565812271387-1024x882.jpg\" alt=\"banco de esperma de Fairfax\" class=\"wp-image-2424\" width=\"533\" height=\"458\" srcset=\"https:\/\/fairfaxcryobank.com\/wp-content\/uploads\/graphicstock-cute-newborn-baby-girl-sleeping-in-bed-at-home_r0r4TUhW--e1565812271387-1024x882.jpg 1024w, https:\/\/fairfaxcryobank.com\/wp-content\/uploads\/graphicstock-cute-newborn-baby-girl-sleeping-in-bed-at-home_r0r4TUhW--e1565812271387-300x258.jpg 300w, https:\/\/fairfaxcryobank.com\/wp-content\/uploads\/graphicstock-cute-newborn-baby-girl-sleeping-in-bed-at-home_r0r4TUhW--e1565812271387-768x661.jpg 768w\" sizes=\"auto, (max-width: 533px) 100vw, 533px\" \/><figcaption> <strong><em>Fairfax Cryobank ha ayudado a miles de familias en todo el mundo desde 1986.<\/em><\/strong> <\/figcaption><\/figure><\/div>\n\n\n\n<h4 class=\"wp-block-heading\"><strong>Nuestro equipo del crio banco que realmente se\npreocupa<\/strong><strong><\/strong><\/h4>\n\n\n\n<p>Desde 1986, hemos conectado a miles de familias de todo el mundo con m\u00e1s\nde 450 donantes de esperma. Esas familias eligieron confiar en nosotros, Fairfax\nCryobank. \u00bfpor qu\u00e9? Debido a que ning\u00fan otro banco de espermatozoides se somete\na pruebas tan exhaustivas.<\/p>\n\n\n\n<p>Fairfax Cryobank acepta solo 1 de cada 200 solicitantes, y los criterios de elegibilidad de nuestro programa superan los requisitos por la FDA. Sabemos que no quiere arriesgarse cuando se trata de algo tan valioso como la familia, por lo cual nuestro equipo va la \u201cmilla extra\u201d.<\/p>\n\n\n\n<h4 class=\"wp-block-heading\"><strong>Un compromiso con la calidad desde el primer d\u00eda<\/strong><\/h4>\n\n\n\n<p>Fairfax Cryobank abri\u00f3 sus puertas en 1986, pero nuestra historia\ncomenz\u00f3 unos a\u00f1os antes.<\/p>\n\n\n\n<p>En 1984, el Instituto de Genetics &amp; IVF fue fundado por el Dr.\nJoseph D. Schulman. Fue el primero de su tipo, ofreciendo servicios\nambulatorios totalmente integrados en las \u00e1reas de gen\u00e9tica humana e infertilidad.\nFairfax Cryobank se organiz\u00f3 para proporcionar a los pacientes de este\nrevolucionario instituto esperma de donantes de alta calidad.<\/p>\n\n\n\n<p>Este compromiso con la innovaci\u00f3n y el liderazgo de la industria contin\u00faa hoy en d\u00eda. Estamos totalmente autorizados por la FDA; estado inspeccionado y con licencia en Nueva York, Maryland y California; y acreditado por El Better Business Bureau (BBB). Estas acreditaciones ofrecen la tranquilidad que necesita para dar el siguiente paso.<\/p>\n\n\n\n<h4 class=\"wp-block-heading\"><strong>Donde la ciencia tiene un toque humano<\/strong><\/h4>\n\n\n\n<p>La construcci\u00f3n familiar puede ser un viaje emocional, incluso\nextenuante. Y mientras que el acceso a la tecnolog\u00eda de vanguardia, las pruebas\nexhaustivas de espec\u00edmenes y el liderazgo de pensamiento cient\u00edfico son\ncr\u00edticos, un toque humano es invaluable.<\/p>\n\n\n\n<p>Aqu\u00ed, en nuestro banco de esperma Fairfax, no perdemos de vista tu\nobjetivo final: la familia. Sin juicio ni discriminaci\u00f3n, le damos las\nherramientas y el apoyo que necesita para que ese objetivo sea una realidad.<\/p>\n\n\n\n<p>Nuestro experto y sensible equipo de servicio al cliente est\u00e1 aqu\u00ed para usted, sea quien sea. Si tiene alguna pregunta o inquietud, no dude en <a href=\"\/es\/contactanos\">ponerse<\/a> en contacto con nosotros al 800-338-8407. Estamos m\u00e1s que felices de ayudar!<\/p>\n\n\n\n<h4 class=\"wp-block-heading\"><strong>Si desea obtener m\u00e1s informaci\u00f3n sobre nosotros y nuestro equipo, visite los siguientes enlaces:<\/strong><\/h4>\n\n\n\n<div class=\"wp-block-button aligncenter\"><a class=\"wp-block-button__link has-text-color has-background\" href=\"https:\/\/fairfaxcryobank.com\/es\/porque-fairfax-cryobank\" style=\"background-color:#ea6950;color:#ffffff\">Por Que Eligir Fairfax Cryobank para Sperma de Donante?<\/a><\/div>\n","protected":false},"excerpt":{"rendered":"<p>Juntos hacemos una familia Conozca m\u00e1s sobre la pasi\u00f3n que tiene Fairfax Cryobank con apoyar a las familias. El equipo dedicado de Fairfax Cryobank est\u00e1 aqu\u00ed para ayudarle a alcanzar sus metas familiares. Independientemente de su identidad de g\u00e9nero, orientaci\u00f3n sexual o estado civil, ofrecemos una selecci\u00f3n l\u00edder en la &#8230;<\/p>\n","protected":false},"author":1,"featured_media":2424,"parent":0,"menu_order":0,"comment_status":"closed","ping_status":"closed","template":"","meta":{"footnotes":""},"class_list":["post-2417","page","type-page","status-publish","has-post-thumbnail","hentry"],"yoast_head":"<!-- This site is optimized with the Yoast SEO plugin v27.1.1 - https:\/\/yoast.com\/product\/yoast-seo-wordpress\/ -->\n<title>Acerca de Fairfax Cryobank | Fairfax Cryobank<\/title>\n<meta name=\"description\" content=\"Fairfax Cryobank ha ayudado a miles de familias en todo el mundo desde 1986. Leer mas sobre Fairfax Cryobank, un banco de esperma in los Estados Unidos.\" \/>\n<meta name=\"robots\" content=\"index, follow, max-snippet:-1, max-image-preview:large, max-video-preview:-1\" \/>\n<link rel=\"canonical\" href=\"https:\/\/fairfaxcryobank.com\/es\/acerca-de-fairfax-cryobank\" \/>\n<meta property=\"og:locale\" content=\"es_ES\" \/>\n<meta property=\"og:type\" content=\"article\" \/>\n<meta property=\"og:title\" content=\"Acerca de Fairfax Cryobank | Fairfax Cryobank\" \/>\n<meta property=\"og:description\" content=\"Fairfax Cryobank ha ayudado a miles de familias en todo el mundo desde 1986. Leer mas sobre Fairfax Cryobank, un banco de esperma in los Estados Unidos.\" \/>\n<meta property=\"og:url\" content=\"https:\/\/fairfaxcryobank.com\/es\/acerca-de-fairfax-cryobank\" \/>\n<meta property=\"og:site_name\" content=\"Fairfax Cryobank - Find a Sperm Donor\" \/>\n<meta property=\"article:publisher\" content=\"https:\/\/www.facebook.com\/fairfax.cryobank\" \/>\n<meta property=\"article:modified_time\" content=\"2020-08-28T14:21:52+00:00\" \/>\n<meta property=\"og:image\" content=\"https:\/\/fairfaxcryobank.com\/wp-content\/uploads\/graphicstock-cute-newborn-baby-girl-sleeping-in-bed-at-home_r0r4TUhW--e1565812271387.jpg\" \/>\n\t<meta property=\"og:image:width\" content=\"3073\" \/>\n\t<meta property=\"og:image:height\" content=\"2646\" \/>\n\t<meta property=\"og:image:type\" content=\"image\/jpeg\" \/>\n<meta name=\"twitter:card\" content=\"summary_large_image\" \/>\n<meta name=\"twitter:site\" content=\"@FairfaxCryobank\" \/>\n<meta name=\"twitter:label1\" content=\"Tiempo de lectura\" \/>\n\t<meta name=\"twitter:data1\" content=\"2 minutos\" \/>\n<script type=\"application\/ld+json\" class=\"yoast-schema-graph\">{\"@context\":\"https:\/\/schema.org\",\"@graph\":[{\"@type\":\"WebPage\",\"@id\":\"https:\/\/fairfaxcryobank.com\/es\/acerca-de-fairfax-cryobank\",\"url\":\"https:\/\/fairfaxcryobank.com\/es\/acerca-de-fairfax-cryobank\",\"name\":\"Acerca de Fairfax Cryobank | Fairfax Cryobank\",\"isPartOf\":{\"@id\":\"https:\/\/fairfaxcryobank.com\/es#website\"},\"primaryImageOfPage\":{\"@id\":\"https:\/\/fairfaxcryobank.com\/es\/acerca-de-fairfax-cryobank#primaryimage\"},\"image\":{\"@id\":\"https:\/\/fairfaxcryobank.com\/es\/acerca-de-fairfax-cryobank#primaryimage\"},\"thumbnailUrl\":\"https:\/\/fairfaxcryobank.com\/wp-content\/uploads\/graphicstock-cute-newborn-baby-girl-sleeping-in-bed-at-home_r0r4TUhW--e1565812271387.jpg\",\"datePublished\":\"2019-09-23T11:25:28+00:00\",\"dateModified\":\"2020-08-28T14:21:52+00:00\",\"description\":\"Fairfax Cryobank ha ayudado a miles de familias en todo el mundo desde 1986. Leer mas sobre Fairfax Cryobank, un banco de esperma in los Estados Unidos.\",\"breadcrumb\":{\"@id\":\"https:\/\/fairfaxcryobank.com\/es\/acerca-de-fairfax-cryobank#breadcrumb\"},\"inLanguage\":\"es\",\"potentialAction\":[{\"@type\":\"ReadAction\",\"target\":[\"https:\/\/fairfaxcryobank.com\/es\/acerca-de-fairfax-cryobank\"]}]},{\"@type\":\"ImageObject\",\"inLanguage\":\"es\",\"@id\":\"https:\/\/fairfaxcryobank.com\/es\/acerca-de-fairfax-cryobank#primaryimage\",\"url\":\"https:\/\/fairfaxcryobank.com\/wp-content\/uploads\/graphicstock-cute-newborn-baby-girl-sleeping-in-bed-at-home_r0r4TUhW--e1565812271387.jpg\",\"contentUrl\":\"https:\/\/fairfaxcryobank.com\/wp-content\/uploads\/graphicstock-cute-newborn-baby-girl-sleeping-in-bed-at-home_r0r4TUhW--e1565812271387.jpg\",\"width\":3073,\"height\":2646,\"caption\":\"banco de esperma de Fairfax\"},{\"@type\":\"BreadcrumbList\",\"@id\":\"https:\/\/fairfaxcryobank.com\/es\/acerca-de-fairfax-cryobank#breadcrumb\",\"itemListElement\":[{\"@type\":\"ListItem\",\"position\":1,\"name\":\"Home\",\"item\":\"https:\/\/fairfaxcryobank.com\/es\"},{\"@type\":\"ListItem\",\"position\":2,\"name\":\"Acerca de Fairfax Cryobank\"}]},{\"@type\":\"WebSite\",\"@id\":\"https:\/\/fairfaxcryobank.com\/es#website\",\"url\":\"https:\/\/fairfaxcryobank.com\/es\",\"name\":\"Fairfax Cryobank - Find a Sperm Donor\",\"description\":\"Top-Tier Sperm Bank\",\"publisher\":{\"@id\":\"https:\/\/fairfaxcryobank.com\/es#organization\"},\"potentialAction\":[{\"@type\":\"SearchAction\",\"target\":{\"@type\":\"EntryPoint\",\"urlTemplate\":\"https:\/\/fairfaxcryobank.com\/es?s={search_term_string}\"},\"query-input\":{\"@type\":\"PropertyValueSpecification\",\"valueRequired\":true,\"valueName\":\"search_term_string\"}}],\"inLanguage\":\"es\"},{\"@type\":\"Organization\",\"@id\":\"https:\/\/fairfaxcryobank.com\/es#organization\",\"name\":\"Fairfax Cryobank\",\"url\":\"https:\/\/fairfaxcryobank.com\/es\",\"logo\":{\"@type\":\"ImageObject\",\"inLanguage\":\"es\",\"@id\":\"https:\/\/fairfaxcryobank.com\/es#\/schema\/logo\/image\/\",\"url\":\"https:\/\/fairfaxcryobank.com\/wp-content\/uploads\/logo.webp\",\"contentUrl\":\"https:\/\/fairfaxcryobank.com\/wp-content\/uploads\/logo.webp\",\"width\":1,\"height\":1,\"caption\":\"Fairfax Cryobank\"},\"image\":{\"@id\":\"https:\/\/fairfaxcryobank.com\/es#\/schema\/logo\/image\/\"},\"sameAs\":[\"https:\/\/www.facebook.com\/fairfax.cryobank\",\"https:\/\/x.com\/FairfaxCryobank\",\"https:\/\/www.instagram.com\/fairfaxcryobank\/\",\"https:\/\/www.pinterest.com\/fairfaxcryo\/\"]}]}<\/script>\n<!-- \/ Yoast SEO plugin. -->","yoast_head_json":{"title":"Acerca de Fairfax Cryobank | Fairfax Cryobank","description":"Fairfax Cryobank ha ayudado a miles de familias en todo el mundo desde 1986. Leer mas sobre Fairfax Cryobank, un banco de esperma in los Estados Unidos.","robots":{"index":"index","follow":"follow","max-snippet":"max-snippet:-1","max-image-preview":"max-image-preview:large","max-video-preview":"max-video-preview:-1"},"canonical":"https:\/\/fairfaxcryobank.com\/es\/acerca-de-fairfax-cryobank","og_locale":"es_ES","og_type":"article","og_title":"Acerca de Fairfax Cryobank | Fairfax Cryobank","og_description":"Fairfax Cryobank ha ayudado a miles de familias en todo el mundo desde 1986. Leer mas sobre Fairfax Cryobank, un banco de esperma in los Estados Unidos.","og_url":"https:\/\/fairfaxcryobank.com\/es\/acerca-de-fairfax-cryobank","og_site_name":"Fairfax Cryobank - Find a Sperm Donor","article_publisher":"https:\/\/www.facebook.com\/fairfax.cryobank","article_modified_time":"2020-08-28T14:21:52+00:00","og_image":[{"width":3073,"height":2646,"url":"https:\/\/fairfaxcryobank.com\/wp-content\/uploads\/graphicstock-cute-newborn-baby-girl-sleeping-in-bed-at-home_r0r4TUhW--e1565812271387.jpg","type":"image\/jpeg"}],"twitter_card":"summary_large_image","twitter_site":"@FairfaxCryobank","twitter_misc":{"Tiempo de lectura":"2 minutos"},"schema":{"@context":"https:\/\/schema.org","@graph":[{"@type":"WebPage","@id":"https:\/\/fairfaxcryobank.com\/es\/acerca-de-fairfax-cryobank","url":"https:\/\/fairfaxcryobank.com\/es\/acerca-de-fairfax-cryobank","name":"Acerca de Fairfax Cryobank | Fairfax Cryobank","isPartOf":{"@id":"https:\/\/fairfaxcryobank.com\/es#website"},"primaryImageOfPage":{"@id":"https:\/\/fairfaxcryobank.com\/es\/acerca-de-fairfax-cryobank#primaryimage"},"image":{"@id":"https:\/\/fairfaxcryobank.com\/es\/acerca-de-fairfax-cryobank#primaryimage"},"thumbnailUrl":"https:\/\/fairfaxcryobank.com\/wp-content\/uploads\/graphicstock-cute-newborn-baby-girl-sleeping-in-bed-at-home_r0r4TUhW--e1565812271387.jpg","datePublished":"2019-09-23T11:25:28+00:00","dateModified":"2020-08-28T14:21:52+00:00","description":"Fairfax Cryobank ha ayudado a miles de familias en todo el mundo desde 1986. Leer mas sobre Fairfax Cryobank, un banco de esperma in los Estados Unidos.","breadcrumb":{"@id":"https:\/\/fairfaxcryobank.com\/es\/acerca-de-fairfax-cryobank#breadcrumb"},"inLanguage":"es","potentialAction":[{"@type":"ReadAction","target":["https:\/\/fairfaxcryobank.com\/es\/acerca-de-fairfax-cryobank"]}]},{"@type":"ImageObject","inLanguage":"es","@id":"https:\/\/fairfaxcryobank.com\/es\/acerca-de-fairfax-cryobank#primaryimage","url":"https:\/\/fairfaxcryobank.com\/wp-content\/uploads\/graphicstock-cute-newborn-baby-girl-sleeping-in-bed-at-home_r0r4TUhW--e1565812271387.jpg","contentUrl":"https:\/\/fairfaxcryobank.com\/wp-content\/uploads\/graphicstock-cute-newborn-baby-girl-sleeping-in-bed-at-home_r0r4TUhW--e1565812271387.jpg","width":3073,"height":2646,"caption":"banco de esperma de Fairfax"},{"@type":"BreadcrumbList","@id":"https:\/\/fairfaxcryobank.com\/es\/acerca-de-fairfax-cryobank#breadcrumb","itemListElement":[{"@type":"ListItem","position":1,"name":"Home","item":"https:\/\/fairfaxcryobank.com\/es"},{"@type":"ListItem","position":2,"name":"Acerca de Fairfax Cryobank"}]},{"@type":"WebSite","@id":"https:\/\/fairfaxcryobank.com\/es#website","url":"https:\/\/fairfaxcryobank.com\/es","name":"Fairfax Cryobank - Find a Sperm Donor","description":"Top-Tier Sperm Bank","publisher":{"@id":"https:\/\/fairfaxcryobank.com\/es#organization"},"potentialAction":[{"@type":"SearchAction","target":{"@type":"EntryPoint","urlTemplate":"https:\/\/fairfaxcryobank.com\/es?s={search_term_string}"},"query-input":{"@type":"PropertyValueSpecification","valueRequired":true,"valueName":"search_term_string"}}],"inLanguage":"es"},{"@type":"Organization","@id":"https:\/\/fairfaxcryobank.com\/es#organization","name":"Fairfax Cryobank","url":"https:\/\/fairfaxcryobank.com\/es","logo":{"@type":"ImageObject","inLanguage":"es","@id":"https:\/\/fairfaxcryobank.com\/es#\/schema\/logo\/image\/","url":"https:\/\/fairfaxcryobank.com\/wp-content\/uploads\/logo.webp","contentUrl":"https:\/\/fairfaxcryobank.com\/wp-content\/uploads\/logo.webp","width":1,"height":1,"caption":"Fairfax Cryobank"},"image":{"@id":"https:\/\/fairfaxcryobank.com\/es#\/schema\/logo\/image\/"},"sameAs":["https:\/\/www.facebook.com\/fairfax.cryobank","https:\/\/x.com\/FairfaxCryobank","https:\/\/www.instagram.com\/fairfaxcryobank\/","https:\/\/www.pinterest.com\/fairfaxcryo\/"]}]}},"post_mailing_queue_ids":[],"_links":{"self":[{"href":"https:\/\/fairfaxcryobank.com\/es\/wp-json\/wp\/v2\/pages\/2417","targetHints":{"allow":["GET"]}}],"collection":[{"href":"https:\/\/fairfaxcryobank.com\/es\/wp-json\/wp\/v2\/pages"}],"about":[{"href":"https:\/\/fairfaxcryobank.com\/es\/wp-json\/wp\/v2\/types\/page"}],"author":[{"embeddable":true,"href":"https:\/\/fairfaxcryobank.com\/es\/wp-json\/wp\/v2\/users\/1"}],"replies":[{"embeddable":true,"href":"https:\/\/fairfaxcryobank.com\/es\/wp-json\/wp\/v2\/comments?post=2417"}],"version-history":[{"count":0,"href":"https:\/\/fairfaxcryobank.com\/es\/wp-json\/wp\/v2\/pages\/2417\/revisions"}],"wp:featuredmedia":[{"embeddable":true,"href":"https:\/\/fairfaxcryobank.com\/es\/wp-json\/wp\/v2\/media\/2424"}],"wp:attachment":[{"href":"https:\/\/fairfaxcryobank.com\/es\/wp-json\/wp\/v2\/media?parent=2417"}],"curies":[{"name":"wp","href":"https:\/\/api.w.org\/{rel}","templated":true}]}}