{"id":2425,"date":"2019-09-23T11:26:05","date_gmt":"2019-09-23T11:26:05","guid":{"rendered":"https:\/\/fairfaxcryobank.com\/?page_id=2425"},"modified":"2020-03-11T16:36:52","modified_gmt":"2020-03-11T16:36:52","slug":"porque-fairfax-cryobank","status":"publish","type":"page","link":"https:\/\/fairfaxcryobank.com\/es\/porque-fairfax-cryobank","title":{"rendered":"\u00bfPor qu\u00e9 elegir Fairfax Cryobank para tu esperma de donante?"},"content":{"rendered":"\n<h2 class=\"wp-block-heading\"><strong>Familia \u2013 El coraz\u00f3n de los mejores bancos de esperma en los EE.UU.<\/strong><\/h2>\n\n\n\n<p>Desde 1986, nuestro dedicado equipo ha trabajado para hacer de Fairfax\nCryobank el mejor banco de esperma del pa\u00eds. Hoy en d\u00eda, podemos informar con\norgullo que miles de familias han elegido a nuestros donantes de esperma\nrigurosamente probados de alta calidad para convertir sus sue\u00f1os en una\nrealidad.<\/p>\n\n\n\n<p>Desde 1986, nuestro dedicado equipo ha trabajado para hacer de Fairfax\nCryobank el mejor banco de esperma del pa\u00eds. Hoy en d\u00eda, podemos informar con\norgullo que miles de familias han elegido a nuestros donantes de esperma de\nalta calidad y rigurosamente examinados para convertir sus sue\u00f1os realidad.<\/p>\n\n\n\n<p>Sea quien sea, independientemente de su orientaci\u00f3n sexual, estado civil\no identidad de g\u00e9nero, nuestro amable y experimentado equipo est\u00e1 aqu\u00ed para\nayudarle a tomar medidas significativas para lograr la vida que desea. .<\/p>\n\n\n\n<hr class=\"wp-block-separator\"\/>\n\n\n\n<p>He aqu\u00ed por qu\u00e9 deber\u00edas elegirnos.<\/p>\n\n\n\n<h3 class=\"wp-block-heading\"><strong>Compromiso de calidad<\/strong><\/h3>\n\n\n\n<p>Al igual que usted, cuando se trata de familia, s\u00f3lo queremos lo mejor.\nEs por eso que nos hemos comprometido a someter a nuestros donantes a evaluaciones\nm\u00e1s exhaustivas que cualquier otro banco de esperma en los Estados Unidos.\nNuestros criterios de elegibilidad exceden eso como lo describe la FDA, y\naceptamos solo 1 de cada 200 solicitantes.<\/p>\n\n\n\n<p>No se arriesgue. Nuestro atento equipo hace un esfuerzo adicional para garantizar que tenga tranquilidad.<\/p>\n\n\n\n<hr class=\"wp-block-separator\"\/>\n\n\n\n<h3 class=\"wp-block-heading\"><strong>Una historia de innovaci\u00f3n<\/strong><\/h3>\n\n\n\n<p>En las \u00faltimas tres d\u00e9cadas, hemos desarrollado una reputaci\u00f3n de largo\nalcance como uno de los mejores bancos de esperma en los Estados Unidos.\nNuestra dedicaci\u00f3n a la innovaci\u00f3n, el pensamiento &nbsp;de liderazgo y la excelencia contin\u00faa hoy..<\/p>\n\n\n\n<p>Tenemos las siguientes <a href=\"https:\/\/fairfaxcryobank.com\/es\/licenciatura\">licencias<\/a>:<\/p>\n\n\n\n<ul class=\"wp-block-list\"><li>Totalmente licenciado con la FDA<\/li><li>Inspeccionado por el estado y con licencia en Nueva York, Maryland y California<\/li><li>Acreditado por Better Business Bureau (BBB)<\/li><\/ul>\n\n\n\n<hr class=\"wp-block-separator\"\/>\n\n\n\n<h3 class=\"wp-block-heading\"><strong>Un equipo de banco criog\u00e9nico que se preocupa<\/strong><\/h3>\n\n\n\n<p>La ciencia de vanguardia no significa nada sin un toque humano. Estamos\naqu\u00ed para apoyarle en este camino \u00fanico sin juicio ni discriminaci\u00f3n..<\/p>\n\n\n\n<p>Nuestro equipo est\u00e1 listo y dispuesto a hacer un esfuerzo adicional para\nayudarle a lograr su objetivo. Puede confiar en nosotros en cada paso del\ncamino.<\/p>\n\n\n\n<p>Si tiene alguna pregunta o inquietud, no dude en contactarnos.\nComun\u00edquese con nosotros al 800-338-8407. Estaremos encantados de ayudar.<\/p>\n","protected":false},"excerpt":{"rendered":"<p>Familia \u2013 El coraz\u00f3n de los mejores bancos de esperma en los EE.UU. Desde 1986, nuestro dedicado equipo ha trabajado para hacer de Fairfax Cryobank el mejor banco de esperma del pa\u00eds. Hoy en d\u00eda, podemos informar con orgullo que miles de familias han elegido a nuestros donantes de esperma &#8230;<\/p>\n","protected":false},"author":1,"featured_media":2770,"parent":0,"menu_order":0,"comment_status":"closed","ping_status":"closed","template":"","meta":{"footnotes":""},"class_list":["post-2425","page","type-page","status-publish","has-post-thumbnail","hentry"],"yoast_head":"<!-- This site is optimized with the Yoast SEO plugin v27.1.1 - https:\/\/yoast.com\/product\/yoast-seo-wordpress\/ -->\n<title>\u00bfPor qu\u00e9 elegir Fairfax Cryobank? | Fairfax Cryobank<\/title>\n<meta name=\"description\" content=\"Familia \u2013 El coraz\u00f3n de el mejor banco de esperma en los EE.UU., Fairfax Cryobank\" \/>\n<meta name=\"robots\" content=\"index, follow, max-snippet:-1, max-image-preview:large, max-video-preview:-1\" \/>\n<link rel=\"canonical\" href=\"https:\/\/fairfaxcryobank.com\/es\/porque-fairfax-cryobank\" \/>\n<meta property=\"og:locale\" content=\"es_ES\" \/>\n<meta property=\"og:type\" content=\"article\" \/>\n<meta property=\"og:title\" content=\"\u00bfPor qu\u00e9 elegir Fairfax Cryobank? | Fairfax Cryobank\" \/>\n<meta property=\"og:description\" content=\"Familia \u2013 El coraz\u00f3n de el mejor banco de esperma en los EE.UU., Fairfax Cryobank\" \/>\n<meta property=\"og:url\" content=\"https:\/\/fairfaxcryobank.com\/es\/porque-fairfax-cryobank\" \/>\n<meta property=\"og:site_name\" content=\"Fairfax Cryobank - Find a Sperm Donor\" \/>\n<meta property=\"article:publisher\" content=\"https:\/\/www.facebook.com\/fairfax.cryobank\" \/>\n<meta property=\"article:modified_time\" content=\"2020-03-11T16:36:52+00:00\" \/>\n<meta property=\"og:image\" content=\"https:\/\/fairfaxcryobank.com\/wp-content\/uploads\/iStock-1051600056-smaller.jpg\" \/>\n\t<meta property=\"og:image:width\" content=\"1732\" \/>\n\t<meta property=\"og:image:height\" content=\"1154\" \/>\n\t<meta property=\"og:image:type\" content=\"image\/jpeg\" \/>\n<meta name=\"twitter:card\" content=\"summary_large_image\" \/>\n<meta name=\"twitter:site\" content=\"@FairfaxCryobank\" \/>\n<meta name=\"twitter:label1\" content=\"Tiempo de lectura\" \/>\n\t<meta name=\"twitter:data1\" content=\"2 minutos\" \/>\n<script type=\"application\/ld+json\" class=\"yoast-schema-graph\">{\"@context\":\"https:\/\/schema.org\",\"@graph\":[{\"@type\":\"WebPage\",\"@id\":\"https:\/\/fairfaxcryobank.com\/es\/porque-fairfax-cryobank\",\"url\":\"https:\/\/fairfaxcryobank.com\/es\/porque-fairfax-cryobank\",\"name\":\"\u00bfPor qu\u00e9 elegir Fairfax Cryobank? | Fairfax Cryobank\",\"isPartOf\":{\"@id\":\"https:\/\/fairfaxcryobank.com\/es#website\"},\"primaryImageOfPage\":{\"@id\":\"https:\/\/fairfaxcryobank.com\/es\/porque-fairfax-cryobank#primaryimage\"},\"image\":{\"@id\":\"https:\/\/fairfaxcryobank.com\/es\/porque-fairfax-cryobank#primaryimage\"},\"thumbnailUrl\":\"https:\/\/fairfaxcryobank.com\/wp-content\/uploads\/iStock-1051600056-smaller.jpg\",\"datePublished\":\"2019-09-23T11:26:05+00:00\",\"dateModified\":\"2020-03-11T16:36:52+00:00\",\"description\":\"Familia \u2013 El coraz\u00f3n de el mejor banco de esperma en los EE.UU., Fairfax Cryobank\",\"breadcrumb\":{\"@id\":\"https:\/\/fairfaxcryobank.com\/es\/porque-fairfax-cryobank#breadcrumb\"},\"inLanguage\":\"es\",\"potentialAction\":[{\"@type\":\"ReadAction\",\"target\":[\"https:\/\/fairfaxcryobank.com\/es\/porque-fairfax-cryobank\"]}]},{\"@type\":\"ImageObject\",\"inLanguage\":\"es\",\"@id\":\"https:\/\/fairfaxcryobank.com\/es\/porque-fairfax-cryobank#primaryimage\",\"url\":\"https:\/\/fairfaxcryobank.com\/wp-content\/uploads\/iStock-1051600056-smaller.jpg\",\"contentUrl\":\"https:\/\/fairfaxcryobank.com\/wp-content\/uploads\/iStock-1051600056-smaller.jpg\",\"width\":1732,\"height\":1154,\"caption\":\"el mejor banco de esperma\"},{\"@type\":\"BreadcrumbList\",\"@id\":\"https:\/\/fairfaxcryobank.com\/es\/porque-fairfax-cryobank#breadcrumb\",\"itemListElement\":[{\"@type\":\"ListItem\",\"position\":1,\"name\":\"Home\",\"item\":\"https:\/\/fairfaxcryobank.com\/es\"},{\"@type\":\"ListItem\",\"position\":2,\"name\":\"\u00bfPor qu\u00e9 elegir Fairfax Cryobank para tu esperma de donante?\"}]},{\"@type\":\"WebSite\",\"@id\":\"https:\/\/fairfaxcryobank.com\/es#website\",\"url\":\"https:\/\/fairfaxcryobank.com\/es\",\"name\":\"Fairfax Cryobank - Find a Sperm Donor\",\"description\":\"Top-Tier Sperm Bank\",\"publisher\":{\"@id\":\"https:\/\/fairfaxcryobank.com\/es#organization\"},\"potentialAction\":[{\"@type\":\"SearchAction\",\"target\":{\"@type\":\"EntryPoint\",\"urlTemplate\":\"https:\/\/fairfaxcryobank.com\/es?s={search_term_string}\"},\"query-input\":{\"@type\":\"PropertyValueSpecification\",\"valueRequired\":true,\"valueName\":\"search_term_string\"}}],\"inLanguage\":\"es\"},{\"@type\":\"Organization\",\"@id\":\"https:\/\/fairfaxcryobank.com\/es#organization\",\"name\":\"Fairfax Cryobank\",\"url\":\"https:\/\/fairfaxcryobank.com\/es\",\"logo\":{\"@type\":\"ImageObject\",\"inLanguage\":\"es\",\"@id\":\"https:\/\/fairfaxcryobank.com\/es#\/schema\/logo\/image\/\",\"url\":\"https:\/\/fairfaxcryobank.com\/wp-content\/uploads\/logo.webp\",\"contentUrl\":\"https:\/\/fairfaxcryobank.com\/wp-content\/uploads\/logo.webp\",\"width\":1,\"height\":1,\"caption\":\"Fairfax Cryobank\"},\"image\":{\"@id\":\"https:\/\/fairfaxcryobank.com\/es#\/schema\/logo\/image\/\"},\"sameAs\":[\"https:\/\/www.facebook.com\/fairfax.cryobank\",\"https:\/\/x.com\/FairfaxCryobank\",\"https:\/\/www.instagram.com\/fairfaxcryobank\/\",\"https:\/\/www.pinterest.com\/fairfaxcryo\/\"]}]}<\/script>\n<!-- \/ Yoast SEO plugin. -->","yoast_head_json":{"title":"\u00bfPor qu\u00e9 elegir Fairfax Cryobank? | Fairfax Cryobank","description":"Familia \u2013 El coraz\u00f3n de el mejor banco de esperma en los EE.UU., Fairfax Cryobank","robots":{"index":"index","follow":"follow","max-snippet":"max-snippet:-1","max-image-preview":"max-image-preview:large","max-video-preview":"max-video-preview:-1"},"canonical":"https:\/\/fairfaxcryobank.com\/es\/porque-fairfax-cryobank","og_locale":"es_ES","og_type":"article","og_title":"\u00bfPor qu\u00e9 elegir Fairfax Cryobank? | Fairfax Cryobank","og_description":"Familia \u2013 El coraz\u00f3n de el mejor banco de esperma en los EE.UU., Fairfax Cryobank","og_url":"https:\/\/fairfaxcryobank.com\/es\/porque-fairfax-cryobank","og_site_name":"Fairfax Cryobank - Find a Sperm Donor","article_publisher":"https:\/\/www.facebook.com\/fairfax.cryobank","article_modified_time":"2020-03-11T16:36:52+00:00","og_image":[{"width":1732,"height":1154,"url":"https:\/\/fairfaxcryobank.com\/wp-content\/uploads\/iStock-1051600056-smaller.jpg","type":"image\/jpeg"}],"twitter_card":"summary_large_image","twitter_site":"@FairfaxCryobank","twitter_misc":{"Tiempo de lectura":"2 minutos"},"schema":{"@context":"https:\/\/schema.org","@graph":[{"@type":"WebPage","@id":"https:\/\/fairfaxcryobank.com\/es\/porque-fairfax-cryobank","url":"https:\/\/fairfaxcryobank.com\/es\/porque-fairfax-cryobank","name":"\u00bfPor qu\u00e9 elegir Fairfax Cryobank? | Fairfax Cryobank","isPartOf":{"@id":"https:\/\/fairfaxcryobank.com\/es#website"},"primaryImageOfPage":{"@id":"https:\/\/fairfaxcryobank.com\/es\/porque-fairfax-cryobank#primaryimage"},"image":{"@id":"https:\/\/fairfaxcryobank.com\/es\/porque-fairfax-cryobank#primaryimage"},"thumbnailUrl":"https:\/\/fairfaxcryobank.com\/wp-content\/uploads\/iStock-1051600056-smaller.jpg","datePublished":"2019-09-23T11:26:05+00:00","dateModified":"2020-03-11T16:36:52+00:00","description":"Familia \u2013 El coraz\u00f3n de el mejor banco de esperma en los EE.UU., Fairfax Cryobank","breadcrumb":{"@id":"https:\/\/fairfaxcryobank.com\/es\/porque-fairfax-cryobank#breadcrumb"},"inLanguage":"es","potentialAction":[{"@type":"ReadAction","target":["https:\/\/fairfaxcryobank.com\/es\/porque-fairfax-cryobank"]}]},{"@type":"ImageObject","inLanguage":"es","@id":"https:\/\/fairfaxcryobank.com\/es\/porque-fairfax-cryobank#primaryimage","url":"https:\/\/fairfaxcryobank.com\/wp-content\/uploads\/iStock-1051600056-smaller.jpg","contentUrl":"https:\/\/fairfaxcryobank.com\/wp-content\/uploads\/iStock-1051600056-smaller.jpg","width":1732,"height":1154,"caption":"el mejor banco de esperma"},{"@type":"BreadcrumbList","@id":"https:\/\/fairfaxcryobank.com\/es\/porque-fairfax-cryobank#breadcrumb","itemListElement":[{"@type":"ListItem","position":1,"name":"Home","item":"https:\/\/fairfaxcryobank.com\/es"},{"@type":"ListItem","position":2,"name":"\u00bfPor qu\u00e9 elegir Fairfax Cryobank para tu esperma de donante?"}]},{"@type":"WebSite","@id":"https:\/\/fairfaxcryobank.com\/es#website","url":"https:\/\/fairfaxcryobank.com\/es","name":"Fairfax Cryobank - Find a Sperm Donor","description":"Top-Tier Sperm Bank","publisher":{"@id":"https:\/\/fairfaxcryobank.com\/es#organization"},"potentialAction":[{"@type":"SearchAction","target":{"@type":"EntryPoint","urlTemplate":"https:\/\/fairfaxcryobank.com\/es?s={search_term_string}"},"query-input":{"@type":"PropertyValueSpecification","valueRequired":true,"valueName":"search_term_string"}}],"inLanguage":"es"},{"@type":"Organization","@id":"https:\/\/fairfaxcryobank.com\/es#organization","name":"Fairfax Cryobank","url":"https:\/\/fairfaxcryobank.com\/es","logo":{"@type":"ImageObject","inLanguage":"es","@id":"https:\/\/fairfaxcryobank.com\/es#\/schema\/logo\/image\/","url":"https:\/\/fairfaxcryobank.com\/wp-content\/uploads\/logo.webp","contentUrl":"https:\/\/fairfaxcryobank.com\/wp-content\/uploads\/logo.webp","width":1,"height":1,"caption":"Fairfax Cryobank"},"image":{"@id":"https:\/\/fairfaxcryobank.com\/es#\/schema\/logo\/image\/"},"sameAs":["https:\/\/www.facebook.com\/fairfax.cryobank","https:\/\/x.com\/FairfaxCryobank","https:\/\/www.instagram.com\/fairfaxcryobank\/","https:\/\/www.pinterest.com\/fairfaxcryo\/"]}]}},"post_mailing_queue_ids":[],"_links":{"self":[{"href":"https:\/\/fairfaxcryobank.com\/es\/wp-json\/wp\/v2\/pages\/2425","targetHints":{"allow":["GET"]}}],"collection":[{"href":"https:\/\/fairfaxcryobank.com\/es\/wp-json\/wp\/v2\/pages"}],"about":[{"href":"https:\/\/fairfaxcryobank.com\/es\/wp-json\/wp\/v2\/types\/page"}],"author":[{"embeddable":true,"href":"https:\/\/fairfaxcryobank.com\/es\/wp-json\/wp\/v2\/users\/1"}],"replies":[{"embeddable":true,"href":"https:\/\/fairfaxcryobank.com\/es\/wp-json\/wp\/v2\/comments?post=2425"}],"version-history":[{"count":0,"href":"https:\/\/fairfaxcryobank.com\/es\/wp-json\/wp\/v2\/pages\/2425\/revisions"}],"wp:featuredmedia":[{"embeddable":true,"href":"https:\/\/fairfaxcryobank.com\/es\/wp-json\/wp\/v2\/media\/2770"}],"wp:attachment":[{"href":"https:\/\/fairfaxcryobank.com\/es\/wp-json\/wp\/v2\/media?parent=2425"}],"curies":[{"name":"wp","href":"https:\/\/api.w.org\/{rel}","templated":true}]}}