{"id":2429,"date":"2019-09-23T11:27:19","date_gmt":"2019-09-23T11:27:19","guid":{"rendered":"https:\/\/fairfaxcryobank.com\/?page_id=2429"},"modified":"2025-08-28T14:56:02","modified_gmt":"2025-08-28T18:56:02","slug":"servicios","status":"publish","type":"page","link":"https:\/\/fairfaxcryobank.com\/es\/servicios","title":{"rendered":"Servicios"},"content":{"rendered":"\n<h2 class=\"wp-block-heading\"><strong>Preservaci\u00f3n de la Fertilidad y Servicios Gen\u00e9ticos<\/strong><\/h2>\n\n\n\n<p>Mientras que Fairfax Cryobank ha sido conocida como la fuente m\u00e1s confiable de esperma de donantes desde 1986, nuestro equipo de expertos tambi\u00e9n proporciona servicios adicionales. Vea las siguientes p\u00e1ginas para obtener m\u00e1s informaci\u00f3n sobre nuestros servicios de preservaci\u00f3n de fertilidad y evaluaci\u00f3n gen\u00e9tica.<\/p>\n\n\n\n<h4 class=\"wp-block-heading\"><strong>Preservaci\u00f3n de la Fertilidad<\/strong> (en Ingles)<\/h4>\n\n\n\n<ul class=\"wp-block-list\"><li><a href=\"\/hrt-fertility-preservation\">Terapia hormonal (HRT) Preservaci\u00f3n de la fertilidad del cliente<\/a><\/li><li><a href=\"https:\/\/fairfaxcryobank.com\/banking-storage\">Acumulo y Almacenamiento<\/a><\/li><li><a href=\"https:\/\/fairfaxcryobank.com\/sperm-storage\">Almacenamiento de esperma<\/a><\/li><li><a href=\"https:\/\/fairfaxcryobank.com\/embryo-storage\">Almacenamiento de embriones<\/a><\/li><li><a href=\"\/sperm-banking-kit-priority-male\">Kit de almacenamiento de Esperma: Masculino Prioritario<\/a><\/li><li><a href=\"https:\/\/fairfaxcryobank.com\/directed-donor-known-donor\">Depositantes dirigidos\/conocidos<\/a><\/li><\/ul>\n\n\n\n<h4 class=\"wp-block-heading\"> <strong>Servicios Gen\u00e9ticos<\/strong> <\/h4>\n\n\n\n<ul class=\"wp-block-list\"><li><a href=\"https:\/\/fairfaxcryobank.com\/es\/servicios-geneticos\">Servicios Gen\u00e9ticos<\/a><\/li><li><a href=\"https:\/\/fairfaxcryobank.com\/es\/pruebas-de-geneticas-extendidas\">Pruebas de Enfermedades Gen\u00e9ticas Expandidas<\/a><\/li><li><a href=\"https:\/\/fairfaxcryobank.com\/donor-and-offspring-evaluation\">Evaluaci\u00f3n de donantes y descendencia<\/a><\/li><li><a href=\"https:\/\/fairfaxcryobank.com\/es\/cmv\">CMV<\/a><\/li><li><a href=\"https:\/\/fairfaxcryobank.com\/blood-type-predictor\">Predictor de tipo de sangre<\/a><\/li><\/ul>\n","protected":false},"excerpt":{"rendered":"<p>Preservaci\u00f3n de la Fertilidad y Servicios Gen\u00e9ticos Mientras que Fairfax Cryobank ha sido conocida como la fuente m\u00e1s confiable de esperma de donantes desde 1986, nuestro equipo de expertos tambi\u00e9n proporciona servicios adicionales. Vea las siguientes p\u00e1ginas para obtener m\u00e1s informaci\u00f3n sobre nuestros servicios de preservaci\u00f3n de fertilidad y evaluaci\u00f3n &#8230;<\/p>\n","protected":false},"author":1,"featured_media":2979,"parent":0,"menu_order":0,"comment_status":"closed","ping_status":"closed","template":"","meta":{"footnotes":""},"class_list":["post-2429","page","type-page","status-publish","has-post-thumbnail","hentry"],"yoast_head":"<!-- This site is optimized with the Yoast SEO plugin v27.1.1 - https:\/\/yoast.com\/product\/yoast-seo-wordpress\/ -->\n<title>Servicios | Fairfax Cryobank<\/title>\n<meta name=\"description\" content=\"Vea las siguientes p\u00e1ginas para obtener m\u00e1s informaci\u00f3n sobre nuestros servicios de preservaci\u00f3n de fertilidad y evaluaci\u00f3n gen\u00e9tica.\" \/>\n<meta name=\"robots\" content=\"index, follow, max-snippet:-1, max-image-preview:large, max-video-preview:-1\" \/>\n<link rel=\"canonical\" href=\"https:\/\/fairfaxcryobank.com\/es\/servicios\" \/>\n<meta property=\"og:locale\" content=\"es_ES\" \/>\n<meta property=\"og:type\" content=\"article\" \/>\n<meta property=\"og:title\" content=\"Servicios | Fairfax Cryobank\" \/>\n<meta property=\"og:description\" content=\"Vea las siguientes p\u00e1ginas para obtener m\u00e1s informaci\u00f3n sobre nuestros servicios de preservaci\u00f3n de fertilidad y evaluaci\u00f3n gen\u00e9tica.\" \/>\n<meta property=\"og:url\" content=\"https:\/\/fairfaxcryobank.com\/es\/servicios\" \/>\n<meta property=\"og:site_name\" content=\"Fairfax Cryobank - Find a Sperm Donor\" \/>\n<meta property=\"article:publisher\" content=\"https:\/\/www.facebook.com\/fairfax.cryobank\" \/>\n<meta property=\"article:modified_time\" content=\"2025-08-28T18:56:02+00:00\" \/>\n<meta property=\"og:image\" content=\"https:\/\/fairfaxcryobank.com\/wp-content\/uploads\/storyblocks-mid-section-of-pregnant-woman-standing-outdoor-holding-hands-on-belly_r4agttiqV-smaller.jpg\" \/>\n\t<meta property=\"og:image:width\" content=\"2449\" \/>\n\t<meta property=\"og:image:height\" content=\"1632\" \/>\n\t<meta property=\"og:image:type\" content=\"image\/jpeg\" \/>\n<meta name=\"twitter:card\" content=\"summary_large_image\" \/>\n<meta name=\"twitter:site\" content=\"@FairfaxCryobank\" \/>\n<meta name=\"twitter:label1\" content=\"Tiempo de lectura\" \/>\n\t<meta name=\"twitter:data1\" content=\"1 minuto\" \/>\n<script type=\"application\/ld+json\" class=\"yoast-schema-graph\">{\"@context\":\"https:\/\/schema.org\",\"@graph\":[{\"@type\":\"WebPage\",\"@id\":\"https:\/\/fairfaxcryobank.com\/es\/servicios\",\"url\":\"https:\/\/fairfaxcryobank.com\/es\/servicios\",\"name\":\"Servicios | Fairfax Cryobank\",\"isPartOf\":{\"@id\":\"https:\/\/fairfaxcryobank.com\/es#website\"},\"primaryImageOfPage\":{\"@id\":\"https:\/\/fairfaxcryobank.com\/es\/servicios#primaryimage\"},\"image\":{\"@id\":\"https:\/\/fairfaxcryobank.com\/es\/servicios#primaryimage\"},\"thumbnailUrl\":\"https:\/\/fairfaxcryobank.com\/wp-content\/uploads\/storyblocks-mid-section-of-pregnant-woman-standing-outdoor-holding-hands-on-belly_r4agttiqV-smaller.jpg\",\"datePublished\":\"2019-09-23T11:27:19+00:00\",\"dateModified\":\"2025-08-28T18:56:02+00:00\",\"description\":\"Vea las siguientes p\u00e1ginas para obtener m\u00e1s informaci\u00f3n sobre nuestros servicios de preservaci\u00f3n de fertilidad y evaluaci\u00f3n gen\u00e9tica.\",\"breadcrumb\":{\"@id\":\"https:\/\/fairfaxcryobank.com\/es\/servicios#breadcrumb\"},\"inLanguage\":\"es\",\"potentialAction\":[{\"@type\":\"ReadAction\",\"target\":[\"https:\/\/fairfaxcryobank.com\/es\/servicios\"]}]},{\"@type\":\"ImageObject\",\"inLanguage\":\"es\",\"@id\":\"https:\/\/fairfaxcryobank.com\/es\/servicios#primaryimage\",\"url\":\"https:\/\/fairfaxcryobank.com\/wp-content\/uploads\/storyblocks-mid-section-of-pregnant-woman-standing-outdoor-holding-hands-on-belly_r4agttiqV-smaller.jpg\",\"contentUrl\":\"https:\/\/fairfaxcryobank.com\/wp-content\/uploads\/storyblocks-mid-section-of-pregnant-woman-standing-outdoor-holding-hands-on-belly_r4agttiqV-smaller.jpg\",\"width\":2449,\"height\":1632,\"caption\":\"Preservaci\u00f3n de la Fertilidad\"},{\"@type\":\"BreadcrumbList\",\"@id\":\"https:\/\/fairfaxcryobank.com\/es\/servicios#breadcrumb\",\"itemListElement\":[{\"@type\":\"ListItem\",\"position\":1,\"name\":\"Home\",\"item\":\"https:\/\/fairfaxcryobank.com\/es\"},{\"@type\":\"ListItem\",\"position\":2,\"name\":\"Servicios\"}]},{\"@type\":\"WebSite\",\"@id\":\"https:\/\/fairfaxcryobank.com\/es#website\",\"url\":\"https:\/\/fairfaxcryobank.com\/es\",\"name\":\"Fairfax Cryobank - Find a Sperm Donor\",\"description\":\"Top-Tier Sperm Bank\",\"publisher\":{\"@id\":\"https:\/\/fairfaxcryobank.com\/es#organization\"},\"potentialAction\":[{\"@type\":\"SearchAction\",\"target\":{\"@type\":\"EntryPoint\",\"urlTemplate\":\"https:\/\/fairfaxcryobank.com\/es?s={search_term_string}\"},\"query-input\":{\"@type\":\"PropertyValueSpecification\",\"valueRequired\":true,\"valueName\":\"search_term_string\"}}],\"inLanguage\":\"es\"},{\"@type\":\"Organization\",\"@id\":\"https:\/\/fairfaxcryobank.com\/es#organization\",\"name\":\"Fairfax Cryobank\",\"url\":\"https:\/\/fairfaxcryobank.com\/es\",\"logo\":{\"@type\":\"ImageObject\",\"inLanguage\":\"es\",\"@id\":\"https:\/\/fairfaxcryobank.com\/es#\/schema\/logo\/image\/\",\"url\":\"https:\/\/fairfaxcryobank.com\/wp-content\/uploads\/logo.webp\",\"contentUrl\":\"https:\/\/fairfaxcryobank.com\/wp-content\/uploads\/logo.webp\",\"width\":1,\"height\":1,\"caption\":\"Fairfax Cryobank\"},\"image\":{\"@id\":\"https:\/\/fairfaxcryobank.com\/es#\/schema\/logo\/image\/\"},\"sameAs\":[\"https:\/\/www.facebook.com\/fairfax.cryobank\",\"https:\/\/x.com\/FairfaxCryobank\",\"https:\/\/www.instagram.com\/fairfaxcryobank\/\",\"https:\/\/www.pinterest.com\/fairfaxcryo\/\"]}]}<\/script>\n<!-- \/ Yoast SEO plugin. -->","yoast_head_json":{"title":"Servicios | Fairfax Cryobank","description":"Vea las siguientes p\u00e1ginas para obtener m\u00e1s informaci\u00f3n sobre nuestros servicios de preservaci\u00f3n de fertilidad y evaluaci\u00f3n gen\u00e9tica.","robots":{"index":"index","follow":"follow","max-snippet":"max-snippet:-1","max-image-preview":"max-image-preview:large","max-video-preview":"max-video-preview:-1"},"canonical":"https:\/\/fairfaxcryobank.com\/es\/servicios","og_locale":"es_ES","og_type":"article","og_title":"Servicios | Fairfax Cryobank","og_description":"Vea las siguientes p\u00e1ginas para obtener m\u00e1s informaci\u00f3n sobre nuestros servicios de preservaci\u00f3n de fertilidad y evaluaci\u00f3n gen\u00e9tica.","og_url":"https:\/\/fairfaxcryobank.com\/es\/servicios","og_site_name":"Fairfax Cryobank - Find a Sperm Donor","article_publisher":"https:\/\/www.facebook.com\/fairfax.cryobank","article_modified_time":"2025-08-28T18:56:02+00:00","og_image":[{"width":2449,"height":1632,"url":"https:\/\/fairfaxcryobank.com\/wp-content\/uploads\/storyblocks-mid-section-of-pregnant-woman-standing-outdoor-holding-hands-on-belly_r4agttiqV-smaller.jpg","type":"image\/jpeg"}],"twitter_card":"summary_large_image","twitter_site":"@FairfaxCryobank","twitter_misc":{"Tiempo de lectura":"1 minuto"},"schema":{"@context":"https:\/\/schema.org","@graph":[{"@type":"WebPage","@id":"https:\/\/fairfaxcryobank.com\/es\/servicios","url":"https:\/\/fairfaxcryobank.com\/es\/servicios","name":"Servicios | Fairfax Cryobank","isPartOf":{"@id":"https:\/\/fairfaxcryobank.com\/es#website"},"primaryImageOfPage":{"@id":"https:\/\/fairfaxcryobank.com\/es\/servicios#primaryimage"},"image":{"@id":"https:\/\/fairfaxcryobank.com\/es\/servicios#primaryimage"},"thumbnailUrl":"https:\/\/fairfaxcryobank.com\/wp-content\/uploads\/storyblocks-mid-section-of-pregnant-woman-standing-outdoor-holding-hands-on-belly_r4agttiqV-smaller.jpg","datePublished":"2019-09-23T11:27:19+00:00","dateModified":"2025-08-28T18:56:02+00:00","description":"Vea las siguientes p\u00e1ginas para obtener m\u00e1s informaci\u00f3n sobre nuestros servicios de preservaci\u00f3n de fertilidad y evaluaci\u00f3n gen\u00e9tica.","breadcrumb":{"@id":"https:\/\/fairfaxcryobank.com\/es\/servicios#breadcrumb"},"inLanguage":"es","potentialAction":[{"@type":"ReadAction","target":["https:\/\/fairfaxcryobank.com\/es\/servicios"]}]},{"@type":"ImageObject","inLanguage":"es","@id":"https:\/\/fairfaxcryobank.com\/es\/servicios#primaryimage","url":"https:\/\/fairfaxcryobank.com\/wp-content\/uploads\/storyblocks-mid-section-of-pregnant-woman-standing-outdoor-holding-hands-on-belly_r4agttiqV-smaller.jpg","contentUrl":"https:\/\/fairfaxcryobank.com\/wp-content\/uploads\/storyblocks-mid-section-of-pregnant-woman-standing-outdoor-holding-hands-on-belly_r4agttiqV-smaller.jpg","width":2449,"height":1632,"caption":"Preservaci\u00f3n de la Fertilidad"},{"@type":"BreadcrumbList","@id":"https:\/\/fairfaxcryobank.com\/es\/servicios#breadcrumb","itemListElement":[{"@type":"ListItem","position":1,"name":"Home","item":"https:\/\/fairfaxcryobank.com\/es"},{"@type":"ListItem","position":2,"name":"Servicios"}]},{"@type":"WebSite","@id":"https:\/\/fairfaxcryobank.com\/es#website","url":"https:\/\/fairfaxcryobank.com\/es","name":"Fairfax Cryobank - Find a Sperm Donor","description":"Top-Tier Sperm Bank","publisher":{"@id":"https:\/\/fairfaxcryobank.com\/es#organization"},"potentialAction":[{"@type":"SearchAction","target":{"@type":"EntryPoint","urlTemplate":"https:\/\/fairfaxcryobank.com\/es?s={search_term_string}"},"query-input":{"@type":"PropertyValueSpecification","valueRequired":true,"valueName":"search_term_string"}}],"inLanguage":"es"},{"@type":"Organization","@id":"https:\/\/fairfaxcryobank.com\/es#organization","name":"Fairfax Cryobank","url":"https:\/\/fairfaxcryobank.com\/es","logo":{"@type":"ImageObject","inLanguage":"es","@id":"https:\/\/fairfaxcryobank.com\/es#\/schema\/logo\/image\/","url":"https:\/\/fairfaxcryobank.com\/wp-content\/uploads\/logo.webp","contentUrl":"https:\/\/fairfaxcryobank.com\/wp-content\/uploads\/logo.webp","width":1,"height":1,"caption":"Fairfax Cryobank"},"image":{"@id":"https:\/\/fairfaxcryobank.com\/es#\/schema\/logo\/image\/"},"sameAs":["https:\/\/www.facebook.com\/fairfax.cryobank","https:\/\/x.com\/FairfaxCryobank","https:\/\/www.instagram.com\/fairfaxcryobank\/","https:\/\/www.pinterest.com\/fairfaxcryo\/"]}]}},"post_mailing_queue_ids":[],"_links":{"self":[{"href":"https:\/\/fairfaxcryobank.com\/es\/wp-json\/wp\/v2\/pages\/2429","targetHints":{"allow":["GET"]}}],"collection":[{"href":"https:\/\/fairfaxcryobank.com\/es\/wp-json\/wp\/v2\/pages"}],"about":[{"href":"https:\/\/fairfaxcryobank.com\/es\/wp-json\/wp\/v2\/types\/page"}],"author":[{"embeddable":true,"href":"https:\/\/fairfaxcryobank.com\/es\/wp-json\/wp\/v2\/users\/1"}],"replies":[{"embeddable":true,"href":"https:\/\/fairfaxcryobank.com\/es\/wp-json\/wp\/v2\/comments?post=2429"}],"version-history":[{"count":2,"href":"https:\/\/fairfaxcryobank.com\/es\/wp-json\/wp\/v2\/pages\/2429\/revisions"}],"predecessor-version":[{"id":35868,"href":"https:\/\/fairfaxcryobank.com\/es\/wp-json\/wp\/v2\/pages\/2429\/revisions\/35868"}],"wp:featuredmedia":[{"embeddable":true,"href":"https:\/\/fairfaxcryobank.com\/es\/wp-json\/wp\/v2\/media\/2979"}],"wp:attachment":[{"href":"https:\/\/fairfaxcryobank.com\/es\/wp-json\/wp\/v2\/media?parent=2429"}],"curies":[{"name":"wp","href":"https:\/\/api.w.org\/{rel}","templated":true}]}}